{"id":530,"date":"2018-07-03T13:02:27","date_gmt":"2018-07-03T11:02:27","guid":{"rendered":"https:\/\/www.tenutasantome.com\/it\/?page_id=530"},"modified":"2020-10-26T12:12:18","modified_gmt":"2020-10-26T11:12:18","slug":"la-cantina","status":"publish","type":"page","link":"https:\/\/www.tenutasantome.com\/it\/la-cantina\/","title":{"rendered":"La Cantina"},"content":{"rendered":"<div class=\"wpb-content-wrapper\"><p>[vc_row el_id=&#8221;row-overlay&#8221;][vc_column width=&#8221;1\/2&#8243;][vc_custom_heading text=&#8221;LA CANTINA&#8221; use_theme_fonts=&#8221;yes&#8221;][vc_column_text]<strong>Passione e professionalit\u00e0<\/strong> sono le linee guida di una famiglia amante della vite e del territorio. Il cliente pu\u00f2 toccare con mano e scoprire ogni aspetto della cantina.[\/vc_column_text][\/vc_column][vc_column width=&#8221;1\/2&#8243;][\/vc_column][\/vc_row][vc_row css_animation=&#8221;fadeInUp&#8221;][vc_column][vc_column_text]La tenuta infatti <strong>raccoglie in s\u00e9 l\u2019intera filiera di produzione<\/strong>, dai vigneti che circondano la cantina, al reparto di pigiatura e pressatura, dalla vinificazione alla spumantizzazione, all\u2019affinamento in legno e al moderno imbottigliamento fino al punto vendita e sala degustazione.<\/p>\n<p>In tutti i reparti si respira <strong>igiene, pulizia, ordine e professionalit\u00e0<\/strong>, punti di forza della Santom\u00e8.[\/vc_column_text][vc_empty_space height=&#8221;40px&#8221;][vc_separator][\/vc_column][\/vc_row][vc_row css_animation=&#8221;fadeInUp&#8221;][vc_column width=&#8221;1\/2&#8243;][vc_custom_heading text=&#8221;Vinificazione&#8221; use_theme_fonts=&#8221;yes&#8221;][vc_column_text]La Cantina ha una <strong>capacit\u00e0 di 13.000 ettolitri in serbatoi di acciaio inox<\/strong>, tutti termo condizionati, per una gestione ottimale della vinificazione e conservazione dei vini. Serbatoi di varie capacit\u00e0 permettono <strong>un\u2019agile gestione della produzione<\/strong> con vinificazioni separate e differenti, anche delle stesse uve, in base ai tempi di raccolta e agli obiettivi enologici.[\/vc_column_text][\/vc_column][vc_column width=&#8221;1\/2&#8243;][vc_single_image image=&#8221;1412&#8243; img_size=&#8221;full&#8221; onclick=&#8221;link_image&#8221;][\/vc_column][vc_column][vc_media_grid element_width=&#8221;3&#8243; grid_id=&#8221;vc_gid:1545213172848-549e0f2f-fb9b-7&#8243; include=&#8221;1414,1413,1416,1415&#8243;][\/vc_column][\/vc_row][vc_row][vc_column][vc_separator][\/vc_column][\/vc_row][vc_row css_animation=&#8221;fadeInUp&#8221;][vc_column width=&#8221;1\/2&#8243;][vc_custom_heading text=&#8221;Spumantizzazione&#8221; use_theme_fonts=&#8221;yes&#8221;][vc_column_text]Nel reparto prettamente tecnico troviamo le <strong>ermetiche Autoclavi atte alla spumantizzazione con il metodo Martinotti o Charmat.<\/strong> Questa metodologia prevede una seconda fermentazione del vino in serbatoi di acciaio inox pressurizzati, chiamati appunto autoclavi, che favoriscono la cosiddetta <strong>\u201cpresa di spuma\u201d<\/strong>: <strong>la formazione delle famose bollicine<\/strong>. Con questo metodo si produce il famoso <strong>Prosecco<\/strong> in quanto permette di mantenere ed esaltare le caratteristiche note fruttate tipiche di questo spumante famoso in tutto il mondo.[\/vc_column_text][\/vc_column][vc_column width=&#8221;1\/2&#8243;][vc_single_image image=&#8221;1420&#8243; img_size=&#8221;full&#8221; onclick=&#8221;link_image&#8221;][\/vc_column][vc_column][vc_media_grid element_width=&#8221;3&#8243; grid_id=&#8221;vc_gid:1545213172851-0e819924-9824-10&#8243; include=&#8221;1421,1418,1417,1419&#8243;][\/vc_column][\/vc_row][vc_row][vc_column][vc_separator][\/vc_column][\/vc_row][vc_row css_animation=&#8221;fadeInUp&#8221;][vc_column width=&#8221;1\/2&#8243;][vc_custom_heading text=&#8221;Bottaia&#8221; use_theme_fonts=&#8221;yes&#8221;][vc_column_text]In questa zona il vino si fa poesia, <strong>700 m\u00b2 sotterranei<\/strong> sono dedicati all\u2019affinamento dei ns migliori vini. Qui si possono ammirare le numerose botti di legno di rovere e castagno da 25 ettolitri e le Tonneau di rovere francese da 500 litri. <strong>La temperatura e l\u2019umidit\u00e0 sono ottimali alla giusta maturazione dei vini che necessitano di lungo riposo prima di sprigionare maggiori e complessi aromi.<\/strong>[\/vc_column_text][\/vc_column][vc_column width=&#8221;1\/2&#8243;][vc_single_image image=&#8221;1231&#8243; img_size=&#8221;full&#8221; onclick=&#8221;link_image&#8221;][\/vc_column][vc_column][vc_media_grid element_width=&#8221;3&#8243; grid_id=&#8221;vc_gid:1545213172853-3ccb1be5-8fd1-2&#8243; include=&#8221;1235,1236,1237,1234&#8243;][\/vc_column][\/vc_row][vc_row][vc_column][vc_separator][\/vc_column][\/vc_row][vc_row css_animation=&#8221;fadeInUp&#8221;][vc_column width=&#8221;1\/2&#8243;][vc_custom_heading text=&#8221;Imbottigliamento&#8221; use_theme_fonts=&#8221;yes&#8221;][vc_column_text]A completare il processo, <strong>una moderna linea di imbottigliamento<\/strong> sia per i vini fermi che per i vini spumanti. L\u2019imbottigliamento permette all\u2019azienda di essere flessibile, poter conservare i vini in modo idoneo ed imbottigliarli nel corso dell\u2019anno, programmare al meglio le spedizioni e poter immettere nel mercato prodotti sempre freschi, caratteristiche fondamentali soprattutto per i Prosecchi e per gli spumanti in genere.[\/vc_column_text][\/vc_column][vc_column width=&#8221;1\/2&#8243;][vc_single_image image=&#8221;1241&#8243; img_size=&#8221;full&#8221; onclick=&#8221;link_image&#8221;][\/vc_column][vc_column][vc_media_grid element_width=&#8221;3&#8243; grid_id=&#8221;vc_gid:1545213172856-8c29e61c-14ac-7&#8243; include=&#8221;1424,1423,1426,1425&#8243;][\/vc_column][\/vc_row][vc_row][vc_column][vc_separator][\/vc_column][\/vc_row][vc_row css_animation=&#8221;fadeInUp&#8221;][vc_column width=&#8221;1\/2&#8243;][vc_custom_heading text=&#8221;Magazzino refrigerato&#8221; use_theme_fonts=&#8221;yes&#8221;][vc_column_text]Segnale di massima professionalit\u00e0 e rispetto del prodotto finito, lo stoccaggio di tutte le bottiglie \u00e8 situato nel <strong>magazzino interrato e termo condizionato<\/strong>, atto a conservare al meglio tutti i vini prima di essere immessi alla vendita. \u00c8 un bel biglietto da visita molto apprezzato da tutti i nostri collaboratori e partner commerciali.[\/vc_column_text][\/vc_column][vc_column width=&#8221;1\/2&#8243;][vc_single_image image=&#8221;1232&#8243; img_size=&#8221;full&#8221; onclick=&#8221;link_image&#8221;][\/vc_column][\/vc_row]<\/p>\n<\/div>","protected":false},"excerpt":{"rendered":"[vc_row el_id=&#8221;row-overlay&#8221;][vc_column width=&#8221;1\/2&#8243;][vc_custom_heading text=&#8221;LA CANTINA&#8221; use_theme_fonts=&#8221;yes&#8221;][vc_column_text]Passione e professionalit\u00e0 sono le linee guida di una famiglia amante della vite e del territorio. Il cliente pu\u00f2 toccare con mano e scoprire ogni aspetto della cantina.[\/vc_column_text][\/vc_column][vc_column width=&#8221;1\/2&#8243;][\/vc_column][\/vc_row][vc_row css_animation=&#8221;fadeInUp&#8221;][vc_column][vc_column_text]La tenuta infatti raccoglie in s\u00e9 l\u2019intera filiera di produzione, dai vigneti che circondano la cantina, al reparto di pigiatura e [&hellip;]","protected":false},"author":2,"featured_media":3850,"parent":0,"menu_order":0,"comment_status":"closed","ping_status":"closed","template":"","meta":{"_acf_changed":false,"footnotes":""},"class_list":["post-530","page","type-page","status-publish","hentry"],"acf":[],"yoast_head":"<!-- This site is optimized with the Yoast SEO plugin v25.3.1 - https:\/\/yoast.com\/wordpress\/plugins\/seo\/ -->\n<title>La Cantina | Tenuta Santom\u00e8 - Vini, meeting e resortLa Cantina | Tenuta Santom\u00e8 - Wines, meetings and resortLa Cantina | Tenuta Santom\u00e8 - Weine, meetings und resort<\/title>\n<meta name=\"description\" content=\"La Tenuta Santom\u00e8 raccoglie in s\u00e9 l\u2019intera filiera di produzione, dai vigneti al reparto di pigiatura e pressatura, dalla vinificazione alla spumantizzazione, all\u2019affinamento e al moderno imbottigliamento.\" \/>\n<meta name=\"robots\" content=\"index, follow, max-snippet:-1, max-image-preview:large, max-video-preview:-1\" \/>\n<link rel=\"canonical\" href=\"https:\/\/www.tenutasantome.com\/it\/la-cantina\/\" \/>\n<meta property=\"og:locale\" content=\"it_IT\" \/>\n<meta property=\"og:type\" content=\"article\" \/>\n<meta property=\"og:title\" content=\"La Cantina | Tenuta Santom\u00e8 - Vini, meeting e resortLa Cantina | Tenuta Santom\u00e8 - Wines, meetings and resortLa Cantina | Tenuta Santom\u00e8 - Weine, meetings und resort\" \/>\n<meta property=\"og:description\" content=\"La Tenuta Santom\u00e8 raccoglie in s\u00e9 l\u2019intera filiera di produzione, dai vigneti al reparto di pigiatura e pressatura, dalla vinificazione alla spumantizzazione, all\u2019affinamento e al moderno imbottigliamento.\" \/>\n<meta property=\"og:url\" content=\"https:\/\/www.tenutasantome.com\/it\/la-cantina\/\" \/>\n<meta property=\"og:site_name\" content=\"Tenuta Santom\u00e8\" \/>\n<meta property=\"article:modified_time\" content=\"2020-10-26T11:12:18+00:00\" \/>\n<meta property=\"og:image\" content=\"https:\/\/www.tenutasantome.com\/wp-content\/uploads\/2020\/10\/Santom\u00e8-Aprile-2019-1-e1603710659228.jpg\" \/>\n\t<meta property=\"og:image:width\" content=\"2049\" \/>\n\t<meta property=\"og:image:height\" content=\"1024\" \/>\n\t<meta property=\"og:image:type\" content=\"image\/jpeg\" \/>\n<meta name=\"twitter:card\" content=\"summary_large_image\" \/>\n<meta name=\"twitter:label1\" content=\"Tempo di lettura stimato\" \/>\n\t<meta name=\"twitter:data1\" content=\"12 minuti\" \/>\n<script type=\"application\/ld+json\" class=\"yoast-schema-graph\">{\"@context\":\"https:\/\/schema.org\",\"@graph\":[{\"@type\":\"WebPage\",\"@id\":\"https:\/\/www.tenutasantome.com\/it\/la-cantina\/\",\"url\":\"https:\/\/www.tenutasantome.com\/it\/la-cantina\/\",\"name\":\"La Cantina | Tenuta Santom\u00e8 - Vini, meeting e resortLa Cantina | Tenuta Santom\u00e8 - Wines, meetings and resortLa Cantina | Tenuta Santom\u00e8 - Weine, meetings und resort\",\"isPartOf\":{\"@id\":\"https:\/\/www.tenutasantome.com\/it\/#website\"},\"primaryImageOfPage\":{\"@id\":\"https:\/\/www.tenutasantome.com\/it\/la-cantina\/#primaryimage\"},\"image\":{\"@id\":\"https:\/\/www.tenutasantome.com\/la-cantina\/#primaryimage\"},\"thumbnailUrl\":\"https:\/\/www.tenutasantome.com\/wp-content\/uploads\/2020\/10\/Santom\u00e8-Aprile-2019-1-e1603710659228.jpg\",\"datePublished\":\"2018-07-03T11:02:27+00:00\",\"dateModified\":\"2020-10-26T11:12:18+00:00\",\"description\":\"La Tenuta Santom\u00e8 raccoglie in s\u00e9 l\u2019intera filiera di produzione, dai vigneti al reparto di pigiatura e pressatura, dalla vinificazione alla spumantizzazione, all\u2019affinamento e al moderno imbottigliamento.\",\"breadcrumb\":{\"@id\":\"https:\/\/www.tenutasantome.com\/it\/la-cantina\/#breadcrumb\"},\"inLanguage\":\"it-IT\",\"potentialAction\":[{\"@type\":\"ReadAction\",\"target\":[[\"https:\/\/www.tenutasantome.com\/it\/la-cantina\/\"]]}]},{\"@type\":\"ImageObject\",\"inLanguage\":\"it-IT\",\"@id\":\"https:\/\/www.tenutasantome.com\/it\/la-cantina\/#primaryimage\",\"url\":\"https:\/\/www.tenutasantome.com\/wp-content\/uploads\/2020\/10\/Santom\u00e8-Aprile-2019-1-e1603710659228.jpg\",\"contentUrl\":\"https:\/\/www.tenutasantome.com\/wp-content\/uploads\/2020\/10\/Santom\u00e8-Aprile-2019-1-e1603710659228.jpg\",\"width\":2049,\"height\":1024,\"caption\":\"created by dji camera\"},{\"@type\":\"BreadcrumbList\",\"@id\":\"https:\/\/www.tenutasantome.com\/it\/la-cantina\/#breadcrumb\",\"itemListElement\":[{\"@type\":\"ListItem\",\"position\":1,\"name\":\"Home\",\"item\":\"https:\/\/www.tenutasantome.com\/it\/\"},{\"@type\":\"ListItem\",\"position\":2,\"name\":\"La Cantina\"}]},{\"@type\":\"WebSite\",\"@id\":\"https:\/\/www.tenutasantome.com\/it\/#website\",\"url\":\"https:\/\/www.tenutasantome.com\/it\/\",\"name\":\"Tenuta Santom\u00e8\",\"description\":\"Vini, meeting e resort\",\"potentialAction\":[{\"@type\":\"SearchAction\",\"target\":{\"@type\":\"EntryPoint\",\"urlTemplate\":\"https:\/\/www.tenutasantome.com\/it\/?s={search_term_string}\"},\"query-input\":{\"@type\":\"PropertyValueSpecification\",\"valueRequired\":true,\"valueName\":\"search_term_string\"}}],\"inLanguage\":\"it-IT\"}]}<\/script>\n<!-- \/ Yoast SEO plugin. -->","yoast_head_json":{"title":"La Cantina | Tenuta Santom\u00e8 - Vini, meeting e resortLa Cantina | Tenuta Santom\u00e8 - Wines, meetings and resortLa Cantina | Tenuta Santom\u00e8 - Weine, meetings und resort","description":"La Tenuta Santom\u00e8 raccoglie in s\u00e9 l\u2019intera filiera di produzione, dai vigneti al reparto di pigiatura e pressatura, dalla vinificazione alla spumantizzazione, all\u2019affinamento e al moderno imbottigliamento.","robots":{"index":"index","follow":"follow","max-snippet":"max-snippet:-1","max-image-preview":"max-image-preview:large","max-video-preview":"max-video-preview:-1"},"canonical":"https:\/\/www.tenutasantome.com\/it\/la-cantina\/","og_locale":"it_IT","og_type":"article","og_title":"La Cantina | Tenuta Santom\u00e8 - Vini, meeting e resortLa Cantina | Tenuta Santom\u00e8 - Wines, meetings and resortLa Cantina | Tenuta Santom\u00e8 - Weine, meetings und resort","og_description":"La Tenuta Santom\u00e8 raccoglie in s\u00e9 l\u2019intera filiera di produzione, dai vigneti al reparto di pigiatura e pressatura, dalla vinificazione alla spumantizzazione, all\u2019affinamento e al moderno imbottigliamento.","og_url":"https:\/\/www.tenutasantome.com\/it\/la-cantina\/","og_site_name":"Tenuta Santom\u00e8","article_modified_time":"2020-10-26T11:12:18+00:00","og_image":[{"width":2049,"height":1024,"url":"https:\/\/www.tenutasantome.com\/wp-content\/uploads\/2020\/10\/Santom\u00e8-Aprile-2019-1-e1603710659228.jpg","type":"image\/jpeg"}],"twitter_card":"summary_large_image","twitter_misc":{"Tempo di lettura stimato":"12 minuti"},"schema":{"@context":"https:\/\/schema.org","@graph":[{"@type":"WebPage","@id":"https:\/\/www.tenutasantome.com\/it\/la-cantina\/","url":"https:\/\/www.tenutasantome.com\/it\/la-cantina\/","name":"La Cantina | Tenuta Santom\u00e8 - Vini, meeting e resortLa Cantina | Tenuta Santom\u00e8 - Wines, meetings and resortLa Cantina | Tenuta Santom\u00e8 - Weine, meetings und resort","isPartOf":{"@id":"https:\/\/www.tenutasantome.com\/it\/#website"},"primaryImageOfPage":{"@id":"https:\/\/www.tenutasantome.com\/it\/la-cantina\/#primaryimage"},"image":{"@id":"https:\/\/www.tenutasantome.com\/la-cantina\/#primaryimage"},"thumbnailUrl":"https:\/\/www.tenutasantome.com\/wp-content\/uploads\/2020\/10\/Santom\u00e8-Aprile-2019-1-e1603710659228.jpg","datePublished":"2018-07-03T11:02:27+00:00","dateModified":"2020-10-26T11:12:18+00:00","description":"La Tenuta Santom\u00e8 raccoglie in s\u00e9 l\u2019intera filiera di produzione, dai vigneti al reparto di pigiatura e pressatura, dalla vinificazione alla spumantizzazione, all\u2019affinamento e al moderno imbottigliamento.","breadcrumb":{"@id":"https:\/\/www.tenutasantome.com\/it\/la-cantina\/#breadcrumb"},"inLanguage":"it-IT","potentialAction":[{"@type":"ReadAction","target":[["https:\/\/www.tenutasantome.com\/it\/la-cantina\/"]]}]},{"@type":"ImageObject","inLanguage":"it-IT","@id":"https:\/\/www.tenutasantome.com\/it\/la-cantina\/#primaryimage","url":"https:\/\/www.tenutasantome.com\/wp-content\/uploads\/2020\/10\/Santom\u00e8-Aprile-2019-1-e1603710659228.jpg","contentUrl":"https:\/\/www.tenutasantome.com\/wp-content\/uploads\/2020\/10\/Santom\u00e8-Aprile-2019-1-e1603710659228.jpg","width":2049,"height":1024,"caption":"created by dji camera"},{"@type":"BreadcrumbList","@id":"https:\/\/www.tenutasantome.com\/it\/la-cantina\/#breadcrumb","itemListElement":[{"@type":"ListItem","position":1,"name":"Home","item":"https:\/\/www.tenutasantome.com\/it\/"},{"@type":"ListItem","position":2,"name":"La Cantina"}]},{"@type":"WebSite","@id":"https:\/\/www.tenutasantome.com\/it\/#website","url":"https:\/\/www.tenutasantome.com\/it\/","name":"Tenuta Santom\u00e8","description":"Vini, meeting e resort","potentialAction":[{"@type":"SearchAction","target":{"@type":"EntryPoint","urlTemplate":"https:\/\/www.tenutasantome.com\/it\/?s={search_term_string}"},"query-input":{"@type":"PropertyValueSpecification","valueRequired":true,"valueName":"search_term_string"}}],"inLanguage":"it-IT"}]}},"_links":{"self":[{"href":"https:\/\/www.tenutasantome.com\/it\/wp-json\/wp\/v2\/pages\/530","targetHints":{"allow":["GET"]}}],"collection":[{"href":"https:\/\/www.tenutasantome.com\/it\/wp-json\/wp\/v2\/pages"}],"about":[{"href":"https:\/\/www.tenutasantome.com\/it\/wp-json\/wp\/v2\/types\/page"}],"author":[{"embeddable":true,"href":"https:\/\/www.tenutasantome.com\/it\/wp-json\/wp\/v2\/users\/2"}],"replies":[{"embeddable":true,"href":"https:\/\/www.tenutasantome.com\/it\/wp-json\/wp\/v2\/comments?post=530"}],"version-history":[{"count":0,"href":"https:\/\/www.tenutasantome.com\/it\/wp-json\/wp\/v2\/pages\/530\/revisions"}],"wp:featuredmedia":[{"embeddable":true,"href":"https:\/\/www.tenutasantome.com\/it\/wp-json\/wp\/v2\/media\/3850"}],"wp:attachment":[{"href":"https:\/\/www.tenutasantome.com\/it\/wp-json\/wp\/v2\/media?parent=530"}],"curies":[{"name":"wp","href":"https:\/\/api.w.org\/{rel}","templated":true}]}}