{"id":504,"date":"2018-07-03T12:30:05","date_gmt":"2018-07-03T10:30:05","guid":{"rendered":"https:\/\/www.tenutasantome.com\/it\/?page_id=504"},"modified":"2025-08-08T15:00:43","modified_gmt":"2025-08-08T13:00:43","slug":"galleria-fotografica","status":"publish","type":"page","link":"https:\/\/www.tenutasantome.com\/it\/galleria-fotografica\/","title":{"rendered":"Galleria fotografica"},"content":{"rendered":"<div class=\"wpb-content-wrapper\"><p><\/p>\n<p>[vc_row el_id=&#8221;row-overlay&#8221;][vc_column width=&#8221;1\/2&#8243;][vc_custom_heading text=&#8221;GALLERIA FOTOGRAFICA&#8221; use_theme_fonts=&#8221;yes&#8221;][vc_empty_space height=&#8221;50px&#8221;][\/vc_column][vc_column width=&#8221;1\/2&#8243;][\/vc_column][\/vc_row][vc_row][vc_column][vc_raw_html]JTNDZGl2JTIwY2xhc3MlM0QlMjdzay13dy1nb29nbGUtYnVzaW5lc3MtcGhvdG8lMjclMjBkYXRhLWVtYmVkLWlkJTNEJTI3MTcxMjkxJTI3JTNFJTNDJTJGZGl2JTNFJTNDc2NyaXB0JTIwc3JjJTNEJTI3aHR0cHMlM0ElMkYlMkZ3aWRnZXRzLnNvY2lhYmxla2l0LmNvbSUyRmdvb2dsZS1idXNpbmVzcy1waG90b3MlMkZ3aWRnZXQuanMlMjclMjBhc3luYyUyMGRlZmVyJTNFJTNDJTJGc2NyaXB0JTNF[\/vc_raw_html][\/vc_column][\/vc_row][vc_row full_width=&#8221;stretch_row_content_no_spaces&#8221; equal_height=&#8221;yes&#8221; css_animation=&#8221;fadeInUp&#8221; css=&#8221;.vc_custom_1754571602885{margin-bottom: 0px !important;}&#8221; el_class=&#8221;row-metaslider row-metaslider-controls-right&#8221;][vc_column el_class=&#8221;left-column&#8221;][vc_column_text css=&#8221;&#8221;][\/vc_column_text][\/vc_column][\/vc_row]<\/p>\n<p><\/p>\n<\/div>","protected":false},"excerpt":{"rendered":"[vc_row el_id=&#8221;row-overlay&#8221;][vc_column width=&#8221;1\/2&#8243;][vc_custom_heading text=&#8221;GALLERIA FOTOGRAFICA&#8221; use_theme_fonts=&#8221;yes&#8221;][vc_empty_space height=&#8221;50px&#8221;][\/vc_column][vc_column width=&#8221;1\/2&#8243;][\/vc_column][\/vc_row][vc_row][vc_column][vc_raw_html]JTNDZGl2JTIwY2xhc3MlM0QlMjdzay13dy1nb29nbGUtYnVzaW5lc3MtcGhvdG8lMjclMjBkYXRhLWVtYmVkLWlkJTNEJTI3MTcxMjkxJTI3JTNFJTNDJTJGZGl2JTNFJTNDc2NyaXB0JTIwc3JjJTNEJTI3aHR0cHMlM0ElMkYlMkZ3aWRnZXRzLnNvY2lhYmxla2l0LmNvbSUyRmdvb2dsZS1idXNpbmVzcy1waG90b3MlMkZ3aWRnZXQuanMlMjclMjBhc3luYyUyMGRlZmVyJTNFJTNDJTJGc2NyaXB0JTNF[\/vc_raw_html][\/vc_column][\/vc_row][vc_row full_width=&#8221;stretch_row_content_no_spaces&#8221; equal_height=&#8221;yes&#8221; css_animation=&#8221;fadeInUp&#8221; css=&#8221;.vc_custom_1754571602885{margin-bottom: 0px !important;}&#8221; el_class=&#8221;row-metaslider row-metaslider-controls-right&#8221;][vc_column el_class=&#8221;left-column&#8221;][vc_column_text css=&#8221;&#8221;][\/vc_column_text][\/vc_column][\/vc_row]","protected":false},"author":2,"featured_media":2392,"parent":0,"menu_order":0,"comment_status":"closed","ping_status":"closed","template":"","meta":{"_acf_changed":false,"footnotes":""},"class_list":["post-504","page","type-page","status-publish","hentry"],"acf":[],"yoast_head":"<!-- This site is optimized with the Yoast SEO plugin v25.3.1 - https:\/\/yoast.com\/wordpress\/plugins\/seo\/ -->\n<title>Galleria fotografica | Tenuta Santom\u00e8 - Vini, meeting e resortGalleria fotografica | Tenuta Santom\u00e8 - Wines, meetings and resortGalleria fotografica | Tenuta Santom\u00e8 - Weine, meetings und resort<\/title>\n<meta name=\"description\" content=\"Sfoglia le foto della Tenuta Santom\u00e8 a Roncade\" \/>\n<meta name=\"robots\" content=\"index, follow, max-snippet:-1, max-image-preview:large, max-video-preview:-1\" \/>\n<link rel=\"canonical\" href=\"https:\/\/www.tenutasantome.com\/it\/galleria-fotografica\/\" \/>\n<meta property=\"og:locale\" content=\"it_IT\" \/>\n<meta property=\"og:type\" content=\"article\" \/>\n<meta property=\"og:title\" content=\"Galleria fotografica | Tenuta Santom\u00e8 - Vini, meeting e resortGalleria fotografica | Tenuta Santom\u00e8 - Wines, meetings and resortGalleria fotografica | Tenuta Santom\u00e8 - Weine, meetings und resort\" \/>\n<meta property=\"og:description\" content=\"Sfoglia le foto della Tenuta Santom\u00e8 a Roncade\" \/>\n<meta property=\"og:url\" content=\"https:\/\/www.tenutasantome.com\/it\/galleria-fotografica\/\" \/>\n<meta property=\"og:site_name\" content=\"Tenuta Santom\u00e8\" \/>\n<meta property=\"article:modified_time\" content=\"2025-08-08T13:00:43+00:00\" \/>\n<meta property=\"og:image\" content=\"https:\/\/www.tenutasantome.com\/wp-content\/uploads\/2018\/12\/gallery-santome.jpg\" \/>\n\t<meta property=\"og:image:width\" content=\"2500\" \/>\n\t<meta property=\"og:image:height\" content=\"1230\" \/>\n\t<meta property=\"og:image:type\" content=\"image\/jpeg\" \/>\n<meta name=\"twitter:card\" content=\"summary_large_image\" \/>\n<meta name=\"twitter:label1\" content=\"Tempo di lettura stimato\" \/>\n\t<meta name=\"twitter:data1\" content=\"1 minuto\" \/>\n<script type=\"application\/ld+json\" class=\"yoast-schema-graph\">{\"@context\":\"https:\/\/schema.org\",\"@graph\":[{\"@type\":\"WebPage\",\"@id\":\"https:\/\/www.tenutasantome.com\/it\/galleria-fotografica\/\",\"url\":\"https:\/\/www.tenutasantome.com\/it\/galleria-fotografica\/\",\"name\":\"Galleria fotografica | Tenuta Santom\u00e8 - Vini, meeting e resortGalleria fotografica | Tenuta Santom\u00e8 - Wines, meetings and resortGalleria fotografica | Tenuta Santom\u00e8 - Weine, meetings und resort\",\"isPartOf\":{\"@id\":\"https:\/\/www.tenutasantome.com\/it\/#website\"},\"primaryImageOfPage\":{\"@id\":\"https:\/\/www.tenutasantome.com\/it\/galleria-fotografica\/#primaryimage\"},\"image\":{\"@id\":\"https:\/\/www.tenutasantome.com\/it\/galleria-fotografica\/#primaryimage\"},\"thumbnailUrl\":\"https:\/\/www.tenutasantome.com\/wp-content\/uploads\/2018\/12\/gallery-santome.jpg\",\"datePublished\":\"2018-07-03T10:30:05+00:00\",\"dateModified\":\"2025-08-08T13:00:43+00:00\",\"description\":\"Sfoglia le foto della Tenuta Santom\u00e8 a Roncade\",\"breadcrumb\":{\"@id\":\"https:\/\/www.tenutasantome.com\/it\/galleria-fotografica\/#breadcrumb\"},\"inLanguage\":\"it-IT\",\"potentialAction\":[{\"@type\":\"ReadAction\",\"target\":[[\"https:\/\/www.tenutasantome.com\/it\/galleria-fotografica\/\"]]}]},{\"@type\":\"ImageObject\",\"inLanguage\":\"it-IT\",\"@id\":\"https:\/\/www.tenutasantome.com\/it\/galleria-fotografica\/#primaryimage\",\"url\":\"https:\/\/www.tenutasantome.com\/wp-content\/uploads\/2018\/12\/gallery-santome.jpg\",\"contentUrl\":\"https:\/\/www.tenutasantome.com\/wp-content\/uploads\/2018\/12\/gallery-santome.jpg\",\"width\":2500,\"height\":1230},{\"@type\":\"BreadcrumbList\",\"@id\":\"https:\/\/www.tenutasantome.com\/it\/galleria-fotografica\/#breadcrumb\",\"itemListElement\":[{\"@type\":\"ListItem\",\"position\":1,\"name\":\"Home\",\"item\":\"https:\/\/www.tenutasantome.com\/it\/\"},{\"@type\":\"ListItem\",\"position\":2,\"name\":\"Galleria fotografica\"}]},{\"@type\":\"WebSite\",\"@id\":\"https:\/\/www.tenutasantome.com\/it\/#website\",\"url\":\"https:\/\/www.tenutasantome.com\/it\/\",\"name\":\"Tenuta Santom\u00e8\",\"description\":\"Vini, meeting e resort\",\"potentialAction\":[{\"@type\":\"SearchAction\",\"target\":{\"@type\":\"EntryPoint\",\"urlTemplate\":\"https:\/\/www.tenutasantome.com\/it\/?s={search_term_string}\"},\"query-input\":{\"@type\":\"PropertyValueSpecification\",\"valueRequired\":true,\"valueName\":\"search_term_string\"}}],\"inLanguage\":\"it-IT\"}]}<\/script>\n<!-- \/ Yoast SEO plugin. -->","yoast_head_json":{"title":"Galleria fotografica | Tenuta Santom\u00e8 - Vini, meeting e resortGalleria fotografica | Tenuta Santom\u00e8 - Wines, meetings and resortGalleria fotografica | Tenuta Santom\u00e8 - Weine, meetings und resort","description":"Sfoglia le foto della Tenuta Santom\u00e8 a Roncade","robots":{"index":"index","follow":"follow","max-snippet":"max-snippet:-1","max-image-preview":"max-image-preview:large","max-video-preview":"max-video-preview:-1"},"canonical":"https:\/\/www.tenutasantome.com\/it\/galleria-fotografica\/","og_locale":"it_IT","og_type":"article","og_title":"Galleria fotografica | Tenuta Santom\u00e8 - Vini, meeting e resortGalleria fotografica | Tenuta Santom\u00e8 - Wines, meetings and resortGalleria fotografica | Tenuta Santom\u00e8 - Weine, meetings und resort","og_description":"Sfoglia le foto della Tenuta Santom\u00e8 a Roncade","og_url":"https:\/\/www.tenutasantome.com\/it\/galleria-fotografica\/","og_site_name":"Tenuta Santom\u00e8","article_modified_time":"2025-08-08T13:00:43+00:00","og_image":[{"width":2500,"height":1230,"url":"https:\/\/www.tenutasantome.com\/wp-content\/uploads\/2018\/12\/gallery-santome.jpg","type":"image\/jpeg"}],"twitter_card":"summary_large_image","twitter_misc":{"Tempo di lettura stimato":"1 minuto"},"schema":{"@context":"https:\/\/schema.org","@graph":[{"@type":"WebPage","@id":"https:\/\/www.tenutasantome.com\/it\/galleria-fotografica\/","url":"https:\/\/www.tenutasantome.com\/it\/galleria-fotografica\/","name":"Galleria fotografica | Tenuta Santom\u00e8 - Vini, meeting e resortGalleria fotografica | Tenuta Santom\u00e8 - Wines, meetings and resortGalleria fotografica | Tenuta Santom\u00e8 - Weine, meetings und resort","isPartOf":{"@id":"https:\/\/www.tenutasantome.com\/it\/#website"},"primaryImageOfPage":{"@id":"https:\/\/www.tenutasantome.com\/it\/galleria-fotografica\/#primaryimage"},"image":{"@id":"https:\/\/www.tenutasantome.com\/it\/galleria-fotografica\/#primaryimage"},"thumbnailUrl":"https:\/\/www.tenutasantome.com\/wp-content\/uploads\/2018\/12\/gallery-santome.jpg","datePublished":"2018-07-03T10:30:05+00:00","dateModified":"2025-08-08T13:00:43+00:00","description":"Sfoglia le foto della Tenuta Santom\u00e8 a Roncade","breadcrumb":{"@id":"https:\/\/www.tenutasantome.com\/it\/galleria-fotografica\/#breadcrumb"},"inLanguage":"it-IT","potentialAction":[{"@type":"ReadAction","target":[["https:\/\/www.tenutasantome.com\/it\/galleria-fotografica\/"]]}]},{"@type":"ImageObject","inLanguage":"it-IT","@id":"https:\/\/www.tenutasantome.com\/it\/galleria-fotografica\/#primaryimage","url":"https:\/\/www.tenutasantome.com\/wp-content\/uploads\/2018\/12\/gallery-santome.jpg","contentUrl":"https:\/\/www.tenutasantome.com\/wp-content\/uploads\/2018\/12\/gallery-santome.jpg","width":2500,"height":1230},{"@type":"BreadcrumbList","@id":"https:\/\/www.tenutasantome.com\/it\/galleria-fotografica\/#breadcrumb","itemListElement":[{"@type":"ListItem","position":1,"name":"Home","item":"https:\/\/www.tenutasantome.com\/it\/"},{"@type":"ListItem","position":2,"name":"Galleria fotografica"}]},{"@type":"WebSite","@id":"https:\/\/www.tenutasantome.com\/it\/#website","url":"https:\/\/www.tenutasantome.com\/it\/","name":"Tenuta Santom\u00e8","description":"Vini, meeting e resort","potentialAction":[{"@type":"SearchAction","target":{"@type":"EntryPoint","urlTemplate":"https:\/\/www.tenutasantome.com\/it\/?s={search_term_string}"},"query-input":{"@type":"PropertyValueSpecification","valueRequired":true,"valueName":"search_term_string"}}],"inLanguage":"it-IT"}]}},"_links":{"self":[{"href":"https:\/\/www.tenutasantome.com\/it\/wp-json\/wp\/v2\/pages\/504","targetHints":{"allow":["GET"]}}],"collection":[{"href":"https:\/\/www.tenutasantome.com\/it\/wp-json\/wp\/v2\/pages"}],"about":[{"href":"https:\/\/www.tenutasantome.com\/it\/wp-json\/wp\/v2\/types\/page"}],"author":[{"embeddable":true,"href":"https:\/\/www.tenutasantome.com\/it\/wp-json\/wp\/v2\/users\/2"}],"replies":[{"embeddable":true,"href":"https:\/\/www.tenutasantome.com\/it\/wp-json\/wp\/v2\/comments?post=504"}],"version-history":[{"count":7,"href":"https:\/\/www.tenutasantome.com\/it\/wp-json\/wp\/v2\/pages\/504\/revisions"}],"predecessor-version":[{"id":5429,"href":"https:\/\/www.tenutasantome.com\/it\/wp-json\/wp\/v2\/pages\/504\/revisions\/5429"}],"wp:featuredmedia":[{"embeddable":true,"href":"https:\/\/www.tenutasantome.com\/it\/wp-json\/wp\/v2\/media\/2392"}],"wp:attachment":[{"href":"https:\/\/www.tenutasantome.com\/it\/wp-json\/wp\/v2\/media?parent=504"}],"curies":[{"name":"wp","href":"https:\/\/api.w.org\/{rel}","templated":true}]}}