{"id":4047,"date":"2021-06-07T12:45:30","date_gmt":"2021-06-07T10:45:30","guid":{"rendered":"https:\/\/www.tenutasantome.com\/it\/?page_id=4047"},"modified":"2022-10-31T16:10:56","modified_gmt":"2022-10-31T15:10:56","slug":"spedizioni","status":"publish","type":"page","link":"https:\/\/www.tenutasantome.com\/it\/spedizioni\/","title":{"rendered":"Spedizioni"},"content":{"rendered":"<div class=\"wpb-content-wrapper\"><p>[vc_row el_id=&#8221;row-overlay&#8221;][vc_column width=&#8221;1\/2&#8243;][vc_custom_heading text=&#8221;IL VERO ACQUISTO DIRETTAMENTE DAL PRODUTTORE CON SANTOM\u00c8 WINE CLUB.&#8221; use_theme_fonts=&#8221;yes&#8221;][vc_column_text]<\/p>\n<p class=\"p1\">Oltre all\u2019acquisto presso la nostra Tenuta a Roncade (TV), <a href=\"https:\/\/www.tenutasantome.com\/it\/punto-vendita\/\">punto vendita<\/a> aperto dal luned\u00ec al sabato, \u00e8 possibile ricevere i vini comodamente a casa con spedizioni da noi gestite.<\/p>\n<p class=\"p1\">Iscrivendovi al nostro esclusivo <strong>SANTOM\u00c8 WINE CLUB<\/strong>, oltre ad usufruire di numerosi vantaggi, avrete la possibilit\u00e0 di accedere al nostro \u201c<em>shop on line<\/em>\u201d <strong>dove poter acquistare i nostri vini a prezzi di spaccio aziendale<\/strong> e<strong> riceverli comodamente a casa.<\/strong><\/p>\n<p class=\"p1\">Il nostro \u201c<em>shop on line<\/em>\u201d \u00e8 di facile utilizzo, molto pratico e intuitivo. L\u2019<strong>iscrizione \u00e8 semplice e gratuita<\/strong>. Non si tratta del classico e-commerce: durante il processo di acquisto continueremo a seguirvi passo dopo passo, fino al ricevimento del vino.<\/p>\n<p class=\"p1\">Saremo dunque sempre con Voi per poter garantire un servizio al top e rispondere a qualsiasi vostra richiesta.<\/p>\n<p>Per qualsiasi informazione compila il seguente modulo:[\/vc_column_text][vc_row_inner][vc_column_inner]\n<div class=\"wpcf7 no-js\" id=\"wpcf7-f3836-o1\" lang=\"it-IT\" dir=\"ltr\" data-wpcf7-id=\"3836\">\n<div class=\"screen-reader-response\"><p role=\"status\" aria-live=\"polite\" aria-atomic=\"true\"><\/p> <ul><\/ul><\/div>\n<form action=\"\/it\/wp-json\/wp\/v2\/pages\/4047#wpcf7-f3836-o1\" method=\"post\" class=\"wpcf7-form init\" aria-label=\"Modulo di contatto\" novalidate=\"novalidate\" data-status=\"init\">\n<fieldset class=\"hidden-fields-container\"><input type=\"hidden\" name=\"_wpcf7\" value=\"3836\" \/><input type=\"hidden\" name=\"_wpcf7_version\" value=\"6.1\" \/><input type=\"hidden\" name=\"_wpcf7_locale\" value=\"it_IT\" \/><input type=\"hidden\" name=\"_wpcf7_unit_tag\" value=\"wpcf7-f3836-o1\" \/><input type=\"hidden\" name=\"_wpcf7_container_post\" value=\"0\" \/><input type=\"hidden\" name=\"_wpcf7_posted_data_hash\" value=\"\" \/><input type=\"hidden\" name=\"_wpcf7_recaptcha_response\" value=\"\" \/>\n<\/fieldset>\n<div class=\"contact-form\">\n\t<div class=\"row\">\n\t\t<div class=\"col-sm-6 col-xs-12 no-padd\">\n\t\t\t<p><span class=\"wpcf7-form-control-wrap\" data-name=\"your-name\"><input size=\"40\" maxlength=\"400\" class=\"wpcf7-form-control wpcf7-text wpcf7-validates-as-required field-text\" id=\"rf-name\" aria-required=\"true\" aria-invalid=\"false\" placeholder=\"Nome *\" value=\"\" type=\"text\" name=\"your-name\" \/><\/span>\n\t\t\t<\/p>\n\t\t<\/div>\n\t\t<div class=\"col-sm-6 col-xs-12 no-padd\">\n\t\t\t<p><span class=\"wpcf7-form-control-wrap\" data-name=\"your-surname\"><input size=\"40\" maxlength=\"400\" class=\"wpcf7-form-control wpcf7-text wpcf7-validates-as-required field-text\" id=\"rf-surname\" aria-required=\"true\" aria-invalid=\"false\" placeholder=\"Cognome *\" value=\"\" type=\"text\" name=\"your-surname\" \/><\/span>\n\t\t\t<\/p>\n\t\t<\/div>\n\t<\/div>\n\t<div class=\"row\">\n\t\t<div class=\"col-sm-6 col-xs-12 no-padd\">\n\t\t\t<p><span class=\"wpcf7-form-control-wrap\" data-name=\"your-email\"><input size=\"40\" maxlength=\"400\" class=\"wpcf7-form-control wpcf7-email wpcf7-validates-as-required wpcf7-text wpcf7-validates-as-email field-text\" id=\"rf-email-address\" aria-required=\"true\" aria-invalid=\"false\" placeholder=\"Email *\" value=\"\" type=\"email\" name=\"your-email\" \/><\/span>\n\t\t\t<\/p>\n\t\t<\/div>\n\t\t<div class=\"col-sm-6 col-xs-12 no-padd\">\n\t\t\t<p><span class=\"wpcf7-form-control-wrap\" data-name=\"tel-235\"><input size=\"40\" maxlength=\"400\" class=\"wpcf7-form-control wpcf7-tel wpcf7-text wpcf7-validates-as-tel\" aria-invalid=\"false\" placeholder=\"Telefono\" value=\"\" type=\"tel\" name=\"tel-235\" \/><\/span>\n\t\t\t<\/p>\n\t\t<\/div>\n\t<\/div>\n\t<div class=\"row\">\n\t\t<div class=\"col-sm-6 col-xs-12 no-padd\">\n\t\t\t<p><span class=\"wpcf7-form-control-wrap\" data-name=\"text-695\"><input size=\"40\" maxlength=\"400\" class=\"wpcf7-form-control wpcf7-text wpcf7-validates-as-required\" aria-required=\"true\" aria-invalid=\"false\" placeholder=\"La tua citt\u00e0\/provincia *\" value=\"\" type=\"text\" name=\"text-695\" \/><\/span>\n\t\t\t<\/p>\n\t\t<\/div>\n\t<\/div>\n\t<div class=\"row\">\n\t\t<div class=\"col-sm-12\">\n\t\t\t<p><span class=\"wpcf7-form-control-wrap\" data-name=\"message\"><textarea cols=\"40\" rows=\"10\" maxlength=\"2000\" class=\"wpcf7-form-control wpcf7-textarea wpcf7-validates-as-required field-textarea\" id=\"rf-message\" aria-required=\"true\" aria-invalid=\"false\" placeholder=\"Messaggio *\" name=\"message\"><\/textarea><\/span>\n\t\t\t<\/p>\n\t\t<\/div>\n\t<\/div>\n\t<div class=\"row\">\n\t\t<div class=\"col-sm-12\">\n\t\t\t<p><span class=\"captcha\">This site is protected by reCAPTCHA and the Google <a href=\"\">Privacy Policy<\/a> and <a href=\"\">Terms of Service<\/a> apply.<\/span>\n\t\t\t<\/p>\n\t\t<\/div>\n\t<\/div>\n\t<div class=\"row\">\n\t\t<div class=\"col-sm-12\">\n\t\t\t<p><span class=\"wpcf7-form-control-wrap\" data-name=\"checkbox-terms\"><span class=\"wpcf7-form-control wpcf7-checkbox wpcf7-validates-as-required wpcf7-exclusive-checkbox\" id=\"psinformativa2\"><span class=\"wpcf7-list-item first last\"><input type=\"checkbox\" name=\"checkbox-terms\" value=\"*\" \/><span class=\"wpcf7-list-item-label\">*<\/span><\/span><\/span><\/span>\n\t\t\t<\/p>\n\t\t<\/div>\n\t<\/div>\n\t<div class=\"row\">\n\t\t<div class=\"col-sm-12\">\n\t\t\t<p><input class=\"wpcf7-form-control wpcf7-submit has-spinner ev-cont-it btn-red\" type=\"submit\" value=\"PROCEDI E ISCRIVITI\" \/>\n\t\t\t<\/p>\n\t\t<\/div>\n\t\t<div class=\"col-sm-12\">\n\t\t<div class=\"wpcf7-response-output\" aria-hidden=\"true\"><\/div>\n\t\t<\/div>\n\t<\/div>\n<\/div>\n<\/form>\n<\/div>\n[\/vc_column_inner][\/vc_row_inner][\/vc_column][vc_column width=&#8221;1\/2&#8243;][vc_empty_space height=&#8221;290px&#8221;][vc_column_text]<\/p>\n<h4 class=\"p1\">Entra a far parte del <strong><em>Santom\u00e8 Wine Club!<\/em><\/strong><\/h4>\n<p>[\/vc_column_text][vc_btn title=&#8221;Clicca qui per unirti al club&#8221; color=&#8221;warning&#8221; size=&#8221;lg&#8221; align=&#8221;center&#8221; button_block=&#8221;true&#8221; el_class=&#8221;entra-nel-club&#8221; link=&#8221;url:https%3A%2F%2Fwineclub.tenutasantome.com%2F|||&#8221;][\/vc_column][\/vc_row]<\/p>\n<\/div>","protected":false},"excerpt":{"rendered":"[vc_row el_id=&#8221;row-overlay&#8221;][vc_column width=&#8221;1\/2&#8243;][vc_custom_heading text=&#8221;IL VERO ACQUISTO DIRETTAMENTE DAL PRODUTTORE CON SANTOM\u00c8 WINE CLUB.&#8221; use_theme_fonts=&#8221;yes&#8221;][vc_column_text] Oltre all\u2019acquisto presso la nostra Tenuta a Roncade (TV), punto vendita aperto dal luned\u00ec al sabato, \u00e8 possibile ricevere i vini comodamente a casa con spedizioni da noi gestite. Iscrivendovi al nostro esclusivo SANTOM\u00c8 WINE CLUB, oltre ad usufruire di numerosi [&hellip;]","protected":false},"author":2,"featured_media":2394,"parent":0,"menu_order":0,"comment_status":"closed","ping_status":"closed","template":"","meta":{"_acf_changed":false,"footnotes":""},"class_list":["post-4047","page","type-page","status-publish","hentry"],"acf":[],"yoast_head":"<!-- This site is optimized with the Yoast SEO plugin v25.3.1 - https:\/\/yoast.com\/wordpress\/plugins\/seo\/ -->\n<title>Spedizioni | Tenuta Santom\u00e8 - Vini, meeting e resortSpedizioni | Tenuta Santom\u00e8 - Wines, meetings and resortSpedizioni | Tenuta Santom\u00e8 - Weine, meetings und resort<\/title>\n<meta name=\"description\" content=\"La Tenuta Santom\u00e8 ha al suo interno un punto vendita, aperto dal luned\u00ec al sabato.\" \/>\n<meta name=\"robots\" content=\"index, follow, max-snippet:-1, max-image-preview:large, max-video-preview:-1\" \/>\n<link rel=\"canonical\" href=\"https:\/\/www.tenutasantome.com\/it\/spedizioni\/\" \/>\n<meta property=\"og:locale\" content=\"it_IT\" \/>\n<meta property=\"og:type\" content=\"article\" \/>\n<meta property=\"og:title\" content=\"Spedizioni | Tenuta Santom\u00e8 - Vini, meeting e resortSpedizioni | Tenuta Santom\u00e8 - Wines, meetings and resortSpedizioni | Tenuta Santom\u00e8 - Weine, meetings und resort\" \/>\n<meta property=\"og:description\" content=\"La Tenuta Santom\u00e8 ha al suo interno un punto vendita, aperto dal luned\u00ec al sabato.\" \/>\n<meta property=\"og:url\" content=\"https:\/\/www.tenutasantome.com\/it\/spedizioni\/\" \/>\n<meta property=\"og:site_name\" content=\"Tenuta Santom\u00e8\" \/>\n<meta property=\"article:modified_time\" content=\"2022-10-31T15:10:56+00:00\" \/>\n<meta property=\"og:image\" content=\"https:\/\/www.tenutasantome.com\/wp-content\/uploads\/2018\/12\/punto-vendita-santome.jpg\" \/>\n\t<meta property=\"og:image:width\" content=\"2000\" \/>\n\t<meta property=\"og:image:height\" content=\"1228\" \/>\n\t<meta property=\"og:image:type\" content=\"image\/jpeg\" \/>\n<meta name=\"twitter:card\" content=\"summary_large_image\" \/>\n<meta name=\"twitter:label1\" content=\"Tempo di lettura stimato\" \/>\n\t<meta name=\"twitter:data1\" content=\"2 minuti\" \/>\n<script type=\"application\/ld+json\" class=\"yoast-schema-graph\">{\"@context\":\"https:\/\/schema.org\",\"@graph\":[{\"@type\":\"WebPage\",\"@id\":\"https:\/\/www.tenutasantome.com\/it\/spedizioni\/\",\"url\":\"https:\/\/www.tenutasantome.com\/it\/spedizioni\/\",\"name\":\"Spedizioni | Tenuta Santom\u00e8 - Vini, meeting e resortSpedizioni | Tenuta Santom\u00e8 - Wines, meetings and resortSpedizioni | Tenuta Santom\u00e8 - Weine, meetings und resort\",\"isPartOf\":{\"@id\":\"https:\/\/www.tenutasantome.com\/it\/#website\"},\"primaryImageOfPage\":{\"@id\":\"https:\/\/www.tenutasantome.com\/it\/spedizioni\/#primaryimage\"},\"image\":{\"@id\":\"https:\/\/www.tenutasantome.com\/spedizioni\/#primaryimage\"},\"thumbnailUrl\":\"https:\/\/www.tenutasantome.com\/wp-content\/uploads\/2018\/12\/punto-vendita-santome.jpg\",\"datePublished\":\"2021-06-07T10:45:30+00:00\",\"dateModified\":\"2022-10-31T15:10:56+00:00\",\"description\":\"La Tenuta Santom\u00e8 ha al suo interno un punto vendita, aperto dal luned\u00ec al sabato.\",\"breadcrumb\":{\"@id\":\"https:\/\/www.tenutasantome.com\/it\/spedizioni\/#breadcrumb\"},\"inLanguage\":\"it-IT\",\"potentialAction\":[{\"@type\":\"ReadAction\",\"target\":[[\"https:\/\/www.tenutasantome.com\/it\/spedizioni\/\"]]}]},{\"@type\":\"ImageObject\",\"inLanguage\":\"it-IT\",\"@id\":\"https:\/\/www.tenutasantome.com\/it\/spedizioni\/#primaryimage\",\"url\":\"https:\/\/www.tenutasantome.com\/wp-content\/uploads\/2018\/12\/punto-vendita-santome.jpg\",\"contentUrl\":\"https:\/\/www.tenutasantome.com\/wp-content\/uploads\/2018\/12\/punto-vendita-santome.jpg\",\"width\":2000,\"height\":1228},{\"@type\":\"BreadcrumbList\",\"@id\":\"https:\/\/www.tenutasantome.com\/it\/spedizioni\/#breadcrumb\",\"itemListElement\":[{\"@type\":\"ListItem\",\"position\":1,\"name\":\"Home\",\"item\":\"https:\/\/www.tenutasantome.com\/it\/\"},{\"@type\":\"ListItem\",\"position\":2,\"name\":\"Spedizioni\"}]},{\"@type\":\"WebSite\",\"@id\":\"https:\/\/www.tenutasantome.com\/it\/#website\",\"url\":\"https:\/\/www.tenutasantome.com\/it\/\",\"name\":\"Tenuta Santom\u00e8\",\"description\":\"Vini, meeting e resort\",\"potentialAction\":[{\"@type\":\"SearchAction\",\"target\":{\"@type\":\"EntryPoint\",\"urlTemplate\":\"https:\/\/www.tenutasantome.com\/it\/?s={search_term_string}\"},\"query-input\":{\"@type\":\"PropertyValueSpecification\",\"valueRequired\":true,\"valueName\":\"search_term_string\"}}],\"inLanguage\":\"it-IT\"}]}<\/script>\n<!-- \/ Yoast SEO plugin. -->","yoast_head_json":{"title":"Spedizioni | Tenuta Santom\u00e8 - Vini, meeting e resortSpedizioni | Tenuta Santom\u00e8 - Wines, meetings and resortSpedizioni | Tenuta Santom\u00e8 - Weine, meetings und resort","description":"La Tenuta Santom\u00e8 ha al suo interno un punto vendita, aperto dal luned\u00ec al sabato.","robots":{"index":"index","follow":"follow","max-snippet":"max-snippet:-1","max-image-preview":"max-image-preview:large","max-video-preview":"max-video-preview:-1"},"canonical":"https:\/\/www.tenutasantome.com\/it\/spedizioni\/","og_locale":"it_IT","og_type":"article","og_title":"Spedizioni | Tenuta Santom\u00e8 - Vini, meeting e resortSpedizioni | Tenuta Santom\u00e8 - Wines, meetings and resortSpedizioni | Tenuta Santom\u00e8 - Weine, meetings und resort","og_description":"La Tenuta Santom\u00e8 ha al suo interno un punto vendita, aperto dal luned\u00ec al sabato.","og_url":"https:\/\/www.tenutasantome.com\/it\/spedizioni\/","og_site_name":"Tenuta Santom\u00e8","article_modified_time":"2022-10-31T15:10:56+00:00","og_image":[{"width":2000,"height":1228,"url":"https:\/\/www.tenutasantome.com\/wp-content\/uploads\/2018\/12\/punto-vendita-santome.jpg","type":"image\/jpeg"}],"twitter_card":"summary_large_image","twitter_misc":{"Tempo di lettura stimato":"2 minuti"},"schema":{"@context":"https:\/\/schema.org","@graph":[{"@type":"WebPage","@id":"https:\/\/www.tenutasantome.com\/it\/spedizioni\/","url":"https:\/\/www.tenutasantome.com\/it\/spedizioni\/","name":"Spedizioni | Tenuta Santom\u00e8 - Vini, meeting e resortSpedizioni | Tenuta Santom\u00e8 - Wines, meetings and resortSpedizioni | Tenuta Santom\u00e8 - Weine, meetings und resort","isPartOf":{"@id":"https:\/\/www.tenutasantome.com\/it\/#website"},"primaryImageOfPage":{"@id":"https:\/\/www.tenutasantome.com\/it\/spedizioni\/#primaryimage"},"image":{"@id":"https:\/\/www.tenutasantome.com\/spedizioni\/#primaryimage"},"thumbnailUrl":"https:\/\/www.tenutasantome.com\/wp-content\/uploads\/2018\/12\/punto-vendita-santome.jpg","datePublished":"2021-06-07T10:45:30+00:00","dateModified":"2022-10-31T15:10:56+00:00","description":"La Tenuta Santom\u00e8 ha al suo interno un punto vendita, aperto dal luned\u00ec al sabato.","breadcrumb":{"@id":"https:\/\/www.tenutasantome.com\/it\/spedizioni\/#breadcrumb"},"inLanguage":"it-IT","potentialAction":[{"@type":"ReadAction","target":[["https:\/\/www.tenutasantome.com\/it\/spedizioni\/"]]}]},{"@type":"ImageObject","inLanguage":"it-IT","@id":"https:\/\/www.tenutasantome.com\/it\/spedizioni\/#primaryimage","url":"https:\/\/www.tenutasantome.com\/wp-content\/uploads\/2018\/12\/punto-vendita-santome.jpg","contentUrl":"https:\/\/www.tenutasantome.com\/wp-content\/uploads\/2018\/12\/punto-vendita-santome.jpg","width":2000,"height":1228},{"@type":"BreadcrumbList","@id":"https:\/\/www.tenutasantome.com\/it\/spedizioni\/#breadcrumb","itemListElement":[{"@type":"ListItem","position":1,"name":"Home","item":"https:\/\/www.tenutasantome.com\/it\/"},{"@type":"ListItem","position":2,"name":"Spedizioni"}]},{"@type":"WebSite","@id":"https:\/\/www.tenutasantome.com\/it\/#website","url":"https:\/\/www.tenutasantome.com\/it\/","name":"Tenuta Santom\u00e8","description":"Vini, meeting e resort","potentialAction":[{"@type":"SearchAction","target":{"@type":"EntryPoint","urlTemplate":"https:\/\/www.tenutasantome.com\/it\/?s={search_term_string}"},"query-input":{"@type":"PropertyValueSpecification","valueRequired":true,"valueName":"search_term_string"}}],"inLanguage":"it-IT"}]}},"_links":{"self":[{"href":"https:\/\/www.tenutasantome.com\/it\/wp-json\/wp\/v2\/pages\/4047","targetHints":{"allow":["GET"]}}],"collection":[{"href":"https:\/\/www.tenutasantome.com\/it\/wp-json\/wp\/v2\/pages"}],"about":[{"href":"https:\/\/www.tenutasantome.com\/it\/wp-json\/wp\/v2\/types\/page"}],"author":[{"embeddable":true,"href":"https:\/\/www.tenutasantome.com\/it\/wp-json\/wp\/v2\/users\/2"}],"replies":[{"embeddable":true,"href":"https:\/\/www.tenutasantome.com\/it\/wp-json\/wp\/v2\/comments?post=4047"}],"version-history":[{"count":0,"href":"https:\/\/www.tenutasantome.com\/it\/wp-json\/wp\/v2\/pages\/4047\/revisions"}],"wp:featuredmedia":[{"embeddable":true,"href":"https:\/\/www.tenutasantome.com\/it\/wp-json\/wp\/v2\/media\/2394"}],"wp:attachment":[{"href":"https:\/\/www.tenutasantome.com\/it\/wp-json\/wp\/v2\/media?parent=4047"}],"curies":[{"name":"wp","href":"https:\/\/api.w.org\/{rel}","templated":true}]}}