{"id":3727,"date":"2020-07-17T16:51:33","date_gmt":"2020-07-17T14:51:33","guid":{"rendered":"https:\/\/www.tenutasantome.com\/it\/?page_id=3727"},"modified":"2025-06-09T15:50:13","modified_gmt":"2025-06-09T13:50:13","slug":"vini-esclusivi","status":"publish","type":"page","link":"https:\/\/www.tenutasantome.com\/it\/vini-esclusivi\/","title":{"rendered":"Vini esclusivi"},"content":{"rendered":"<div class=\"wpb-content-wrapper\"><p>[vc_row el_id=&#8221;row-overlay&#8221;][vc_column width=&#8221;1\/2&#8243;][vc_custom_heading text=&#8221;VINI ESCLUSIVI ED ESPRESSIONE DEL TERRITORIO&#8221; use_theme_fonts=&#8221;yes&#8221;][vc_column_text css=&#8221;&#8221;]<\/p>\n<p class=\"p1\"><span class=\"s1\">La Santom\u00e8 dedica i propri sforzi alla produzione di tre vitigni storicamente diffusi nella provincia di Treviso. Il Tai Bianco (Tocai), il Pinot Nero e il Merlot. <\/span><\/p>\n<p>[\/vc_column_text][\/vc_column][vc_column width=&#8221;1\/2&#8243;][\/vc_column][\/vc_row][vc_row css_animation=&#8221;fadeInUp&#8221;][vc_column][vc_column_text css=&#8221;&#8221;]<\/p>\n<p class=\"p1\"><span class=\"s1\">I 3 vini vengono prodotti solo ed esclusivamente nelle <strong>migliori annate<\/strong> e le loro <strong>uve provengono da un preciso mappale dove il terreno \u00e8 particolarmente adatto per esaltare l\u2019unicit\u00e0 e l\u2019esclusivit\u00e0<\/strong>. Sono il classico esempio di come il \u201cterroir\u201d e le competenze di vinificazione unite alla passione per il proprio lavoro contribuiscano ad esprimere al meglio il territorio e l\u2019immagine della Santom\u00e8. <\/span><\/p>\n<p class=\"p1\"><span class=\"s1\">Il Tai viene coltivato nel mappale #368 e il Merlot nel mappale #80. Entrambi situati nei vigneti della Tenuta &#8211; zona \u201cCarboncine\u201d a Roncade. Il Pinot Nero viene coltivato nei nostri vigneti a Ca&#8217; Morelli a Roncade.\u00a0<\/span><\/p>\n<p>[\/vc_column_text][\/vc_column][\/vc_row][vc_row][vc_column][vc_empty_space][\/vc_column][\/vc_row][vc_row css_animation=&#8221;fadeInUp&#8221;][vc_column][vc_column_text]<\/p>\n<h4 style=\"text-align: center;\">I NOSTRI VINI ESCLUSIVI<\/h4>\n<p>[\/vc_column_text][\/vc_column][\/vc_row][vc_row content_placement=&#8221;middle&#8221; css_animation=&#8221;fadeInUp&#8221; el_class=&#8221;row-vitigni-autoctoni&#8221;][vc_column]\n<div class=\"wines-row-container\">\n\t\t\t\t\t\t\t\n\t\t\t\t\n\t\t\t\t\t\t\t<div class=\"row row-wines\">\n\t\t\t\t\t\t\t\n\t\t\t\t\t\t\t\t\n\t\t\t\t\t\n\t\t\t\t<div class=\"col-md-3 col-sm-6 col-xs-12 col-single-wine-container wpb_content_element wpb_animate_when_almost_visible wpb_fadeInUp fadeInUp animated wpb_start_animation\">\n\t\t\t\t\t<div class=\"col-single-wine\">\n\t\t\t\t\t\t<div class=\"wine-image text-center\">\n\t\t\t\t\t\t\t<a href=\"https:\/\/www.tenutasantome.com\/it\/wines\/tai-biancoparcel-368\/\">\n\t\t\t\t\t\t\t\t\t\t\t\t\t\t\t\t\t<img loading=\"lazy\" decoding=\"async\" width=\"133\" height=\"300\" src=\"https:\/\/www.tenutasantome.com\/wp-content\/uploads\/2018\/07\/11-Tai-Bianco-Parcel-368-133x300.png\" class=\"img-responsive wp-post-image\" alt=\"\" srcset=\"https:\/\/www.tenutasantome.com\/wp-content\/uploads\/2018\/07\/11-Tai-Bianco-Parcel-368-133x300.png 133w, https:\/\/www.tenutasantome.com\/wp-content\/uploads\/2018\/07\/11-Tai-Bianco-Parcel-368.png 444w\" sizes=\"auto, (max-width: 133px) 100vw, 133px\" \/>\t\t\t\t\t\t\t\t\t\t\t\t\t\t\t<\/a>\n\t\t\t\t\t\t<\/div>\n\t\t\t\t\t\t<div class=\"wine-title text-center\">\n\t\t\t\t\t\t\t<a href=\"https:\/\/www.tenutasantome.com\/it\/wines\/tai-biancoparcel-368\/\">Tai Bianco<br>Parcel #368<\/a>\n\t\t\t\t\t\t<\/div>\n\t\t\t\t\t\t<div class=\"wine-denomination text-center\">\n\t\t\t\t\t\t\tIgt Marca Trevigiana\t\t\t\t\t\t<\/div>\n\t\t\t\t\t\t<div class=\"wine-divider\"><\/div>\n\t\t\t\t\t\t<div class=\"wine-alcol text-center\">\n\t\t\t\t\t\t\t13,50% vol. Alc.\n\t\t\t\t\t\t<\/div>\n\t\t\t\t\t\t<div class=\"wine-link text-center\">\n\t\t\t\t\t\t\t<a href=\"https:\/\/www.tenutasantome.com\/it\/wines\/tai-biancoparcel-368\/\">\n\t\t\t\t\t\t\t\tScopri <i class=\"fa fa-chevron-right\" aria-hidden=\"true\"><\/i>\n\t\t\t\t\t\t\t<\/a>\n\t\t\t\t\t\t<\/div>\n\t\t\t\t\t<\/div>\n\t\t\t\t<\/div>\n\t\t\t\n\t\t\t\t\n\t\t\t\t\t\n\t\t\t\t\n\t\t\t\n\t\t\t\t\t\t\t\t\n\t\t\t\t\t\n\t\t\t\t<div class=\"col-md-3 col-sm-6 col-xs-12 col-single-wine-container wpb_content_element wpb_animate_when_almost_visible wpb_fadeInUp fadeInUp animated wpb_start_animation\">\n\t\t\t\t\t<div class=\"col-single-wine\">\n\t\t\t\t\t\t<div class=\"wine-image text-center\">\n\t\t\t\t\t\t\t<a href=\"https:\/\/www.tenutasantome.com\/it\/wines\/merlotparcel-80\/\">\n\t\t\t\t\t\t\t\t\t\t\t\t\t\t\t\t\t<img loading=\"lazy\" decoding=\"async\" width=\"133\" height=\"300\" src=\"https:\/\/www.tenutasantome.com\/wp-content\/uploads\/2018\/07\/15-Merlot-Parcel-80-133x300.png\" class=\"img-responsive wp-post-image\" alt=\"\" srcset=\"https:\/\/www.tenutasantome.com\/wp-content\/uploads\/2018\/07\/15-Merlot-Parcel-80-133x300.png 133w, https:\/\/www.tenutasantome.com\/wp-content\/uploads\/2018\/07\/15-Merlot-Parcel-80.png 444w\" sizes=\"auto, (max-width: 133px) 100vw, 133px\" \/>\t\t\t\t\t\t\t\t\t\t\t\t\t\t\t<\/a>\n\t\t\t\t\t\t<\/div>\n\t\t\t\t\t\t<div class=\"wine-title text-center\">\n\t\t\t\t\t\t\t<a href=\"https:\/\/www.tenutasantome.com\/it\/wines\/merlotparcel-80\/\">Merlot<br>Parcel #80<\/a>\n\t\t\t\t\t\t<\/div>\n\t\t\t\t\t\t<div class=\"wine-denomination text-center\">\n\t\t\t\t\t\t\tIgt Marca Trevigiana\t\t\t\t\t\t<\/div>\n\t\t\t\t\t\t<div class=\"wine-divider\"><\/div>\n\t\t\t\t\t\t<div class=\"wine-alcol text-center\">\n\t\t\t\t\t\t\t14,50% vol. Alc.\n\t\t\t\t\t\t<\/div>\n\t\t\t\t\t\t<div class=\"wine-link text-center\">\n\t\t\t\t\t\t\t<a href=\"https:\/\/www.tenutasantome.com\/it\/wines\/merlotparcel-80\/\">\n\t\t\t\t\t\t\t\tScopri <i class=\"fa fa-chevron-right\" aria-hidden=\"true\"><\/i>\n\t\t\t\t\t\t\t<\/a>\n\t\t\t\t\t\t<\/div>\n\t\t\t\t\t<\/div>\n\t\t\t\t<\/div>\n\t\t\t\n\t\t\t\t\n\t\t\t\t\t\n\t\t\t\t\n\t\t\t\n\t\t\t\t\t\t\t\t\n\t\t\t\t\t\n\t\t\t\t<div class=\"col-md-3 col-sm-6 col-xs-12 col-single-wine-container wpb_content_element wpb_animate_when_almost_visible wpb_fadeInUp fadeInUp animated wpb_start_animation\">\n\t\t\t\t\t<div class=\"col-single-wine\">\n\t\t\t\t\t\t<div class=\"wine-image text-center\">\n\t\t\t\t\t\t\t<a href=\"https:\/\/www.tenutasantome.com\/it\/wines\/pinot-nero\/\">\n\t\t\t\t\t\t\t\t\t\t\t\t\t\t\t\t\t<img loading=\"lazy\" decoding=\"async\" width=\"110\" height=\"300\" src=\"https:\/\/www.tenutasantome.com\/wp-content\/uploads\/2025\/03\/Pinot-Nero-110x300.png\" class=\"img-responsive wp-post-image\" alt=\"\" srcset=\"https:\/\/www.tenutasantome.com\/wp-content\/uploads\/2025\/03\/Pinot-Nero-110x300.png 110w, https:\/\/www.tenutasantome.com\/wp-content\/uploads\/2025\/03\/Pinot-Nero.png 270w\" sizes=\"auto, (max-width: 110px) 100vw, 110px\" \/>\t\t\t\t\t\t\t\t\t\t\t\t\t\t\t<\/a>\n\t\t\t\t\t\t<\/div>\n\t\t\t\t\t\t<div class=\"wine-title text-center\">\n\t\t\t\t\t\t\t<a href=\"https:\/\/www.tenutasantome.com\/it\/wines\/pinot-nero\/\">Pinot Nero<\/a>\n\t\t\t\t\t\t<\/div>\n\t\t\t\t\t\t<div class=\"wine-denomination text-center\">\n\t\t\t\t\t\t\tIgt Marca Trevigiana\t\t\t\t\t\t<\/div>\n\t\t\t\t\t\t<div class=\"wine-divider\"><\/div>\n\t\t\t\t\t\t<div class=\"wine-alcol text-center\">\n\t\t\t\t\t\t\t13% vol. Alc.\n\t\t\t\t\t\t<\/div>\n\t\t\t\t\t\t<div class=\"wine-link text-center\">\n\t\t\t\t\t\t\t<a href=\"https:\/\/www.tenutasantome.com\/it\/wines\/pinot-nero\/\">\n\t\t\t\t\t\t\t\tScopri <i class=\"fa fa-chevron-right\" aria-hidden=\"true\"><\/i>\n\t\t\t\t\t\t\t<\/a>\n\t\t\t\t\t\t<\/div>\n\t\t\t\t\t<\/div>\n\t\t\t\t<\/div>\n\t\t\t\n\t\t\t\t\n\t\t\t\n\t\t<\/div>\t\t\n\t\t\t<\/div>[\/vc_column][\/vc_row][vc_row][vc_column][vc_column_text]<br \/>\n[\/vc_column_text][\/vc_column][\/vc_row][vc_row css_animation=&#8221;fadeInUp&#8221; disable_element=&#8221;yes&#8221;][vc_column width=&#8221;1\/6&#8243;][vc_column_text css=&#8221;.vc_custom_1531217924672{padding-top: 10px !important;}&#8221;]<\/p>\n<p style=\"text-align: center;\"><strong>I VINI:<\/strong><\/p>\n<p>[\/vc_column_text][\/vc_column][vc_column width=&#8221;5\/6&#8243;]<div class=\"row row-wines-rectangles-blocks\"><div class=\"col-wine-block\"><a href=\"\/it\/pinot-grigio\/\"><div class=\"wine-name\">Pinot Grigio<\/div><\/a><\/div><div class=\"col-wine-block\"><a href=\"\/it\/prosecco\/\"><div class=\"wine-name\">Prosecchi<\/div><\/a><\/div><div class=\"col-wine-block\"><a href=\"\/it\/vini-autoctoni\/\"><div class=\"active wine-name\">Autoctoni<\/div><\/a><\/div><div class=\"col-wine-block\"><a href=\"\/it\/blend-unici\/\"><div class=\"wine-name\">Blend unici<\/div><\/a><\/div><div class=\"col-wine-block\"><a href=\"\/it\/vitigni-internazionali\/\"><div class=\"wine-name\">Internazionali<\/div><\/a><\/div><\/div>[\/vc_column][\/vc_row]<\/p>\n<\/div>","protected":false},"excerpt":{"rendered":"[vc_row el_id=&#8221;row-overlay&#8221;][vc_column width=&#8221;1\/2&#8243;][vc_custom_heading text=&#8221;VINI ESCLUSIVI ED ESPRESSIONE DEL TERRITORIO&#8221; use_theme_fonts=&#8221;yes&#8221;][vc_column_text css=&#8221;&#8221;] La Santom\u00e8 dedica i propri sforzi alla produzione di tre vitigni storicamente diffusi nella provincia di Treviso. Il Tai Bianco (Tocai), il Pinot Nero e il Merlot. [\/vc_column_text][\/vc_column][vc_column width=&#8221;1\/2&#8243;][\/vc_column][\/vc_row][vc_row css_animation=&#8221;fadeInUp&#8221;][vc_column][vc_column_text css=&#8221;&#8221;] I 3 vini vengono prodotti solo ed esclusivamente nelle migliori annate e le [&hellip;]","protected":false},"author":2,"featured_media":3758,"parent":0,"menu_order":0,"comment_status":"closed","ping_status":"closed","template":"","meta":{"_acf_changed":false,"footnotes":""},"class_list":["post-3727","page","type-page","status-publish","hentry"],"acf":[],"yoast_head":"<!-- This site is optimized with the Yoast SEO plugin v25.3.1 - https:\/\/yoast.com\/wordpress\/plugins\/seo\/ -->\n<title>Vini esclusivi | Tenuta Santom\u00e8 - Vini, meeting e resortVini esclusivi | Tenuta Santom\u00e8 - Wines, meetings and resortVini esclusivi | Tenuta Santom\u00e8 - Weine, meetings und resort<\/title>\n<meta name=\"description\" content=\"La Santom\u00e8 produce solo nelle migliori annate due vini storicamente famosi per la provincia di Treviso: il Tai Bianco (Tocai) e il Raboso Piave.\" \/>\n<meta name=\"robots\" content=\"index, follow, max-snippet:-1, max-image-preview:large, max-video-preview:-1\" \/>\n<link rel=\"canonical\" href=\"https:\/\/www.tenutasantome.com\/it\/vini-esclusivi\/\" \/>\n<meta property=\"og:locale\" content=\"it_IT\" \/>\n<meta property=\"og:type\" content=\"article\" \/>\n<meta property=\"og:title\" content=\"Vini esclusivi | Tenuta Santom\u00e8 - Vini, meeting e resortVini esclusivi | Tenuta Santom\u00e8 - Wines, meetings and resortVini esclusivi | Tenuta Santom\u00e8 - Weine, meetings und resort\" \/>\n<meta property=\"og:description\" content=\"La Santom\u00e8 produce solo nelle migliori annate due vini storicamente famosi per la provincia di Treviso: il Tai Bianco (Tocai) e il Raboso Piave.\" \/>\n<meta property=\"og:url\" content=\"https:\/\/www.tenutasantome.com\/it\/vini-esclusivi\/\" \/>\n<meta property=\"og:site_name\" content=\"Tenuta Santom\u00e8\" \/>\n<meta property=\"article:modified_time\" content=\"2025-06-09T13:50:13+00:00\" \/>\n<meta property=\"og:image\" content=\"https:\/\/www.tenutasantome.com\/wp-content\/uploads\/2020\/07\/Vini_Esclusivi.jpg\" \/>\n\t<meta property=\"og:image:width\" content=\"1920\" \/>\n\t<meta property=\"og:image:height\" content=\"550\" \/>\n\t<meta property=\"og:image:type\" content=\"image\/jpeg\" \/>\n<meta name=\"twitter:card\" content=\"summary_large_image\" \/>\n<meta name=\"twitter:label1\" content=\"Tempo di lettura stimato\" \/>\n\t<meta name=\"twitter:data1\" content=\"1 minuto\" \/>\n<script type=\"application\/ld+json\" class=\"yoast-schema-graph\">{\"@context\":\"https:\/\/schema.org\",\"@graph\":[{\"@type\":\"WebPage\",\"@id\":\"https:\/\/www.tenutasantome.com\/it\/vini-esclusivi\/\",\"url\":\"https:\/\/www.tenutasantome.com\/it\/vini-esclusivi\/\",\"name\":\"Vini esclusivi | Tenuta Santom\u00e8 - Vini, meeting e resortVini esclusivi | Tenuta Santom\u00e8 - Wines, meetings and resortVini esclusivi | Tenuta Santom\u00e8 - Weine, meetings und resort\",\"isPartOf\":{\"@id\":\"https:\/\/www.tenutasantome.com\/it\/#website\"},\"primaryImageOfPage\":{\"@id\":\"https:\/\/www.tenutasantome.com\/it\/vini-esclusivi\/#primaryimage\"},\"image\":{\"@id\":\"https:\/\/www.tenutasantome.com\/it\/vini-esclusivi\/#primaryimage\"},\"thumbnailUrl\":\"https:\/\/www.tenutasantome.com\/wp-content\/uploads\/2020\/07\/Vini_Esclusivi.jpg\",\"datePublished\":\"2020-07-17T14:51:33+00:00\",\"dateModified\":\"2025-06-09T13:50:13+00:00\",\"description\":\"La Santom\u00e8 produce solo nelle migliori annate due vini storicamente famosi per la provincia di Treviso: il Tai Bianco (Tocai) e il Raboso Piave.\",\"breadcrumb\":{\"@id\":\"https:\/\/www.tenutasantome.com\/it\/vini-esclusivi\/#breadcrumb\"},\"inLanguage\":\"it-IT\",\"potentialAction\":[{\"@type\":\"ReadAction\",\"target\":[[\"https:\/\/www.tenutasantome.com\/it\/vini-esclusivi\/\"]]}]},{\"@type\":\"ImageObject\",\"inLanguage\":\"it-IT\",\"@id\":\"https:\/\/www.tenutasantome.com\/it\/vini-esclusivi\/#primaryimage\",\"url\":\"https:\/\/www.tenutasantome.com\/wp-content\/uploads\/2020\/07\/Vini_Esclusivi.jpg\",\"contentUrl\":\"https:\/\/www.tenutasantome.com\/wp-content\/uploads\/2020\/07\/Vini_Esclusivi.jpg\",\"width\":1920,\"height\":550},{\"@type\":\"BreadcrumbList\",\"@id\":\"https:\/\/www.tenutasantome.com\/it\/vini-esclusivi\/#breadcrumb\",\"itemListElement\":[{\"@type\":\"ListItem\",\"position\":1,\"name\":\"Home\",\"item\":\"https:\/\/www.tenutasantome.com\/it\/\"},{\"@type\":\"ListItem\",\"position\":2,\"name\":\"Vini esclusivi\"}]},{\"@type\":\"WebSite\",\"@id\":\"https:\/\/www.tenutasantome.com\/it\/#website\",\"url\":\"https:\/\/www.tenutasantome.com\/it\/\",\"name\":\"Tenuta Santom\u00e8\",\"description\":\"Vini, meeting e resort\",\"potentialAction\":[{\"@type\":\"SearchAction\",\"target\":{\"@type\":\"EntryPoint\",\"urlTemplate\":\"https:\/\/www.tenutasantome.com\/it\/?s={search_term_string}\"},\"query-input\":{\"@type\":\"PropertyValueSpecification\",\"valueRequired\":true,\"valueName\":\"search_term_string\"}}],\"inLanguage\":\"it-IT\"}]}<\/script>\n<!-- \/ Yoast SEO plugin. -->","yoast_head_json":{"title":"Vini esclusivi | Tenuta Santom\u00e8 - Vini, meeting e resortVini esclusivi | Tenuta Santom\u00e8 - Wines, meetings and resortVini esclusivi | Tenuta Santom\u00e8 - Weine, meetings und resort","description":"La Santom\u00e8 produce solo nelle migliori annate due vini storicamente famosi per la provincia di Treviso: il Tai Bianco (Tocai) e il Raboso Piave.","robots":{"index":"index","follow":"follow","max-snippet":"max-snippet:-1","max-image-preview":"max-image-preview:large","max-video-preview":"max-video-preview:-1"},"canonical":"https:\/\/www.tenutasantome.com\/it\/vini-esclusivi\/","og_locale":"it_IT","og_type":"article","og_title":"Vini esclusivi | Tenuta Santom\u00e8 - Vini, meeting e resortVini esclusivi | Tenuta Santom\u00e8 - Wines, meetings and resortVini esclusivi | Tenuta Santom\u00e8 - Weine, meetings und resort","og_description":"La Santom\u00e8 produce solo nelle migliori annate due vini storicamente famosi per la provincia di Treviso: il Tai Bianco (Tocai) e il Raboso Piave.","og_url":"https:\/\/www.tenutasantome.com\/it\/vini-esclusivi\/","og_site_name":"Tenuta Santom\u00e8","article_modified_time":"2025-06-09T13:50:13+00:00","og_image":[{"width":1920,"height":550,"url":"https:\/\/www.tenutasantome.com\/wp-content\/uploads\/2020\/07\/Vini_Esclusivi.jpg","type":"image\/jpeg"}],"twitter_card":"summary_large_image","twitter_misc":{"Tempo di lettura stimato":"1 minuto"},"schema":{"@context":"https:\/\/schema.org","@graph":[{"@type":"WebPage","@id":"https:\/\/www.tenutasantome.com\/it\/vini-esclusivi\/","url":"https:\/\/www.tenutasantome.com\/it\/vini-esclusivi\/","name":"Vini esclusivi | Tenuta Santom\u00e8 - Vini, meeting e resortVini esclusivi | Tenuta Santom\u00e8 - Wines, meetings and resortVini esclusivi | Tenuta Santom\u00e8 - Weine, meetings und resort","isPartOf":{"@id":"https:\/\/www.tenutasantome.com\/it\/#website"},"primaryImageOfPage":{"@id":"https:\/\/www.tenutasantome.com\/it\/vini-esclusivi\/#primaryimage"},"image":{"@id":"https:\/\/www.tenutasantome.com\/it\/vini-esclusivi\/#primaryimage"},"thumbnailUrl":"https:\/\/www.tenutasantome.com\/wp-content\/uploads\/2020\/07\/Vini_Esclusivi.jpg","datePublished":"2020-07-17T14:51:33+00:00","dateModified":"2025-06-09T13:50:13+00:00","description":"La Santom\u00e8 produce solo nelle migliori annate due vini storicamente famosi per la provincia di Treviso: il Tai Bianco (Tocai) e il Raboso Piave.","breadcrumb":{"@id":"https:\/\/www.tenutasantome.com\/it\/vini-esclusivi\/#breadcrumb"},"inLanguage":"it-IT","potentialAction":[{"@type":"ReadAction","target":[["https:\/\/www.tenutasantome.com\/it\/vini-esclusivi\/"]]}]},{"@type":"ImageObject","inLanguage":"it-IT","@id":"https:\/\/www.tenutasantome.com\/it\/vini-esclusivi\/#primaryimage","url":"https:\/\/www.tenutasantome.com\/wp-content\/uploads\/2020\/07\/Vini_Esclusivi.jpg","contentUrl":"https:\/\/www.tenutasantome.com\/wp-content\/uploads\/2020\/07\/Vini_Esclusivi.jpg","width":1920,"height":550},{"@type":"BreadcrumbList","@id":"https:\/\/www.tenutasantome.com\/it\/vini-esclusivi\/#breadcrumb","itemListElement":[{"@type":"ListItem","position":1,"name":"Home","item":"https:\/\/www.tenutasantome.com\/it\/"},{"@type":"ListItem","position":2,"name":"Vini esclusivi"}]},{"@type":"WebSite","@id":"https:\/\/www.tenutasantome.com\/it\/#website","url":"https:\/\/www.tenutasantome.com\/it\/","name":"Tenuta Santom\u00e8","description":"Vini, meeting e resort","potentialAction":[{"@type":"SearchAction","target":{"@type":"EntryPoint","urlTemplate":"https:\/\/www.tenutasantome.com\/it\/?s={search_term_string}"},"query-input":{"@type":"PropertyValueSpecification","valueRequired":true,"valueName":"search_term_string"}}],"inLanguage":"it-IT"}]}},"_links":{"self":[{"href":"https:\/\/www.tenutasantome.com\/it\/wp-json\/wp\/v2\/pages\/3727","targetHints":{"allow":["GET"]}}],"collection":[{"href":"https:\/\/www.tenutasantome.com\/it\/wp-json\/wp\/v2\/pages"}],"about":[{"href":"https:\/\/www.tenutasantome.com\/it\/wp-json\/wp\/v2\/types\/page"}],"author":[{"embeddable":true,"href":"https:\/\/www.tenutasantome.com\/it\/wp-json\/wp\/v2\/users\/2"}],"replies":[{"embeddable":true,"href":"https:\/\/www.tenutasantome.com\/it\/wp-json\/wp\/v2\/comments?post=3727"}],"version-history":[{"count":3,"href":"https:\/\/www.tenutasantome.com\/it\/wp-json\/wp\/v2\/pages\/3727\/revisions"}],"predecessor-version":[{"id":5206,"href":"https:\/\/www.tenutasantome.com\/it\/wp-json\/wp\/v2\/pages\/3727\/revisions\/5206"}],"wp:featuredmedia":[{"embeddable":true,"href":"https:\/\/www.tenutasantome.com\/it\/wp-json\/wp\/v2\/media\/3758"}],"wp:attachment":[{"href":"https:\/\/www.tenutasantome.com\/it\/wp-json\/wp\/v2\/media?parent=3727"}],"curies":[{"name":"wp","href":"https:\/\/api.w.org\/{rel}","templated":true}]}}