{"id":29,"date":"2018-06-19T20:14:21","date_gmt":"2018-06-19T18:14:21","guid":{"rendered":"https:\/\/www.tenutasantome.com\/it\/?page_id=29"},"modified":"2025-08-27T13:43:17","modified_gmt":"2025-08-27T11:43:17","slug":"dove-siamo","status":"publish","type":"page","link":"https:\/\/www.tenutasantome.com\/it\/dove-siamo\/","title":{"rendered":"Dove siamo"},"content":{"rendered":"<div class=\"wpb-content-wrapper\"><p>[vc_row el_id=&#8221;row-overlay&#8221;][vc_column width=&#8221;1\/2&#8243;][vc_custom_heading text=&#8221;DOVE SIAMO&#8221; use_theme_fonts=&#8221;yes&#8221;][vc_column_text]La tenuta si trova a <strong>Biancade<\/strong>, nel comune di <strong>Roncade<\/strong>. \u00c8 di facile raggiungimento e gode della vicinanza di due importanti centri storico &#8211; artistici come Treviso e Venezia.[\/vc_column_text][\/vc_column][vc_column width=&#8221;1\/2&#8243;][\/vc_column][\/vc_row][vc_row css_animation=&#8221;fadeInUp&#8221; css=&#8221;.vc_custom_1754056757253{margin-top: 30px !important;}&#8221;][vc_column][vc_custom_heading text=&#8221;Nel cuore del Veneto&#8221; font_container=&#8221;tag:h3|text_align:left&#8221; use_theme_fonts=&#8221;yes&#8221; css=&#8221;&#8221;][vc_column_text css=&#8221;&#8221;]Raggiungere <strong>Tenuta Santom\u00e8<\/strong> \u00e8 semplice e comodo, grazie alla sua posizione strategica nel cuore del Veneto, a pochi minuti da Treviso e ben collegata con le principali strade e autostrade della regione. Per garantire la massima comodit\u00e0 ai nostri ospiti, mettiamo a disposizione un ampio <strong>parcheggio gratuito<\/strong> all\u2019interno della struttura. Inoltre, chi viaggia in modo sostenibile potr\u00e0 usufruire del nostro servizio di <strong>ricarica per auto elettriche<\/strong>. Scegli Tenuta Santom\u00e8 e goditi un\u2019accoglienza moderna, attenta all\u2019ambiente e alle tue esigenze di mobilit\u00e0.[\/vc_column_text][vc_column_text css=&#8221;&#8221;]<a class=\"btn-yellow\" href=\"\/it\/nei-dintorni\/\">Scopri i dintorni <i class=\"fa fa-chevron-right\" aria-hidden=\"true\"><\/i><\/a>[\/vc_column_text][vc_gmaps link=&#8221;#E-8_JTNDaWZyYW1lJTIwc3JjJTNEJTIyaHR0cHMlM0ElMkYlMkZ3d3cuZ29vZ2xlLmNvbSUyRm1hcHMlMkZlbWJlZCUzRnBiJTNEJTIxMW0xOCUyMTFtMTIlMjExbTMlMjExZDM1Njg2Ny45OTcxNDExMTkxNSUyMTJkMTIuMzQwNzY0NTU4NDc3NzMzJTIxM2Q0NS42NzAyNzM0MTEyODEwOSUyMTJtMyUyMTFmMCUyMTJmMCUyMTNmMCUyMTNtMiUyMTFpMTAyNCUyMTJpNzY4JTIxNGYxMy4xJTIxM20zJTIxMW0yJTIxMXMweDQ3Nzk0ZWZkNjBjOTllODklMjUzQTB4YWM2ZTRhMzRjOWJmYzgwYSUyMTJzVGVudXRhJTJCU2FudG9tJTI1QzMlMjVBOCUyMTVlMCUyMTNtMiUyMTFzaXQlMjEyc2l0JTIxNHYxNTQxNDMwMjYwNjE2JTIyJTIwd2lkdGglM0QlMjI2MDAlMjIlMjBoZWlnaHQlM0QlMjI0NTAlMjIlMjBmcmFtZWJvcmRlciUzRCUyMjAlMjIlMjBzdHlsZSUzRCUyMmJvcmRlciUzQTAlMjIlMjBhbGxvd2Z1bGxzY3JlZW4lM0UlM0MlMkZpZnJhbWUlM0U=&#8221;][\/vc_column][\/vc_row][vc_row css_animation=&#8221;fadeInUp&#8221;][vc_column width=&#8221;1\/3&#8243;][vc_custom_heading text=&#8221;INDIRIZZO&#8221; font_container=&#8221;tag:h4|text_align:left&#8221; use_theme_fonts=&#8221;yes&#8221;][vc_column_text css=&#8221;&#8221;]<strong>Tenuta Santom\u00e8<\/strong><\/p>\n<p>Via Carboncine, 71<br \/>\n31056 loc. Biancade-Roncade (TV)[\/vc_column_text][\/vc_column][vc_column width=&#8221;1\/3&#8243;][vc_custom_heading text=&#8221;CONTATTI&#8221; font_container=&#8221;tag:h4|text_align:left&#8221; use_theme_fonts=&#8221;yes&#8221;][vc_column_text]Tel <a href=\"tel:+390422848189\">+39 0422 848189<\/a><\/p>\n<p>Whatsapp <a href=\"https:\/\/api.whatsapp.com\/send?phone=393440805905\">+39 344 0805905<\/a><\/p>\n<p>Email <a href=\"mailto:info@tenutasantome.com\">info@tenutasantome.com<\/a>[\/vc_column_text][\/vc_column][vc_column width=&#8221;1\/3&#8243;][vc_column_text]Sono gradite <strong>visite guidate e degustazioni <\/strong>dei nostri prodotti.<br \/>\nPrevia prenotazione a <a href=\"mailto:info@tenutasantome.com\">info@tenutasantome.com<\/a>[\/vc_column_text][vc_column_text]<a class=\"btn-yellow\" href=\"\/it\/tour-e-degustazioni\/\">Degustazioni Santom\u00e8 <i class=\"fa fa-chevron-right\" aria-hidden=\"true\"><\/i><\/a>[\/vc_column_text][\/vc_column][\/vc_row][vc_row css_animation=&#8221;fadeInUp&#8221;][vc_column][vc_separator][\/vc_column][\/vc_row][vc_row full_width=&#8221;stretch_row&#8221; css_animation=&#8221;fadeInUp&#8221;][vc_column width=&#8221;1\/2&#8243;][vc_column_text]<\/p>\n<h4>Principali collegamenti viari<\/h4>\n<p>[\/vc_column_text][vc_column_text]<\/p>\n<ul>\n<li><strong>AEROPORTI PI\u00d9 VICINI<\/strong>\n<ul>\n<li>Aeroporto \u00abMarco Polo\u00bb di Venezia \u2013 30 minuti in macchina<\/li>\n<li>Aeroporto \u00abCanova\u00bb di Treviso \u2013 20 minuti in macchina<\/li>\n<\/ul>\n<\/li>\n<\/ul>\n<p>[\/vc_column_text][vc_column_text]<\/p>\n<ul>\n<li><strong>USCITE AUTOSTRADALI PI\u00d9 VICINE<\/strong>\n<ul>\n<li>Treviso Sud (A27 Venezia \u2013 Belluno) &#8211; 10 minuti in macchina<\/li>\n<li>Meolo-Roncade (A4 Trieste-Venezia) &#8211; 10 minuti in macchina<\/li>\n<\/ul>\n<\/li>\n<\/ul>\n<p>[\/vc_column_text][vc_column_text]<\/p>\n<ul>\n<li><strong>STAZIONI DEI TRENI PI\u00d9 VICINE<\/strong>\n<ul>\n<li>Treviso \u2013 20 minuti in macchina<\/li>\n<li>Quarto d\u2019Altino \u2013 15 minuti in macchina<\/li>\n<li>Mestre \u2013 30 minuti in macchina<\/li>\n<\/ul>\n<\/li>\n<\/ul>\n<p>[\/vc_column_text][vc_column_text]<\/p>\n<ul>\n<li><strong>CITT\u00c0 PI\u00d9 VICINE<\/strong>\n<ul>\n<li>Treviso Centro \u2013 20 minuti in macchina<\/li>\n<li>Venezia P.le Roma\/Marittima \u2013 30 minuti in macchina<\/li>\n<\/ul>\n<\/li>\n<\/ul>\n<p>[\/vc_column_text][\/vc_column][vc_column width=&#8221;1\/2&#8243;][vc_single_image image=&#8221;3964&#8243; img_size=&#8221;full&#8221; css=&#8221;&#8221; el_class=&#8221;immagine-dove-siamo&#8221;][\/vc_column][\/vc_row]<\/p>\n<\/div>","protected":false},"excerpt":{"rendered":"[vc_row el_id=&#8221;row-overlay&#8221;][vc_column width=&#8221;1\/2&#8243;][vc_custom_heading text=&#8221;DOVE SIAMO&#8221; use_theme_fonts=&#8221;yes&#8221;][vc_column_text]La tenuta si trova a Biancade, nel comune di Roncade. \u00c8 di facile raggiungimento e gode della vicinanza di due importanti centri storico &#8211; artistici come Treviso e Venezia.[\/vc_column_text][\/vc_column][vc_column width=&#8221;1\/2&#8243;][\/vc_column][\/vc_row][vc_row css_animation=&#8221;fadeInUp&#8221; css=&#8221;.vc_custom_1754056757253{margin-top: 30px !important;}&#8221;][vc_column][vc_custom_heading text=&#8221;Nel cuore del Veneto&#8221; font_container=&#8221;tag:h3|text_align:left&#8221; use_theme_fonts=&#8221;yes&#8221; css=&#8221;&#8221;][vc_column_text css=&#8221;&#8221;]Raggiungere Tenuta Santom\u00e8 \u00e8 semplice e comodo, grazie alla [&hellip;]","protected":false},"author":2,"featured_media":1773,"parent":0,"menu_order":0,"comment_status":"closed","ping_status":"closed","template":"","meta":{"_acf_changed":false,"footnotes":""},"class_list":["post-29","page","type-page","status-publish","hentry"],"acf":[],"yoast_head":"<!-- This site is optimized with the Yoast SEO plugin v25.3.1 - https:\/\/yoast.com\/wordpress\/plugins\/seo\/ -->\n<title>Dove siamo | Tenuta Santom\u00e8 - Vini, meeting e resortDove siamo | Tenuta Santom\u00e8 - Wines, meetings and resortDove siamo | Tenuta Santom\u00e8 - Weine, meetings und resort<\/title>\n<meta name=\"description\" content=\"La Tenuta Santom\u00e8 si trova a Biancade, nel comune di Roncade. \u00c8 di facile raggiungimento e gode della vicinanza di Treviso e Venezia.\" \/>\n<meta name=\"robots\" content=\"index, follow, max-snippet:-1, max-image-preview:large, max-video-preview:-1\" \/>\n<link rel=\"canonical\" href=\"https:\/\/www.tenutasantome.com\/it\/dove-siamo\/\" \/>\n<meta property=\"og:locale\" content=\"it_IT\" \/>\n<meta property=\"og:type\" content=\"article\" \/>\n<meta property=\"og:title\" content=\"Dove siamo | Tenuta Santom\u00e8 - Vini, meeting e resortDove siamo | Tenuta Santom\u00e8 - Wines, meetings and resortDove siamo | Tenuta Santom\u00e8 - Weine, meetings und resort\" \/>\n<meta property=\"og:description\" content=\"La Tenuta Santom\u00e8 si trova a Biancade, nel comune di Roncade. \u00c8 di facile raggiungimento e gode della vicinanza di Treviso e Venezia.\" \/>\n<meta property=\"og:url\" content=\"https:\/\/www.tenutasantome.com\/it\/dove-siamo\/\" \/>\n<meta property=\"og:site_name\" content=\"Tenuta Santom\u00e8\" \/>\n<meta property=\"article:modified_time\" content=\"2025-08-27T11:43:17+00:00\" \/>\n<meta property=\"og:image\" content=\"https:\/\/www.tenutasantome.com\/wp-content\/uploads\/2018\/10\/santome-dove-siamo.jpg\" \/>\n\t<meta property=\"og:image:width\" content=\"1920\" \/>\n\t<meta property=\"og:image:height\" content=\"1040\" \/>\n\t<meta property=\"og:image:type\" content=\"image\/jpeg\" \/>\n<meta name=\"twitter:card\" content=\"summary_large_image\" \/>\n<meta name=\"twitter:label1\" content=\"Tempo di lettura stimato\" \/>\n\t<meta name=\"twitter:data1\" content=\"2 minuti\" \/>\n<script type=\"application\/ld+json\" class=\"yoast-schema-graph\">{\"@context\":\"https:\/\/schema.org\",\"@graph\":[{\"@type\":\"WebPage\",\"@id\":\"https:\/\/www.tenutasantome.com\/it\/dove-siamo\/\",\"url\":\"https:\/\/www.tenutasantome.com\/it\/dove-siamo\/\",\"name\":\"Dove siamo | Tenuta Santom\u00e8 - Vini, meeting e resortDove siamo | Tenuta Santom\u00e8 - Wines, meetings and resortDove siamo | Tenuta Santom\u00e8 - Weine, meetings und resort\",\"isPartOf\":{\"@id\":\"https:\/\/www.tenutasantome.com\/it\/#website\"},\"primaryImageOfPage\":{\"@id\":\"https:\/\/www.tenutasantome.com\/it\/dove-siamo\/#primaryimage\"},\"image\":{\"@id\":\"https:\/\/www.tenutasantome.com\/it\/dove-siamo\/#primaryimage\"},\"thumbnailUrl\":\"https:\/\/www.tenutasantome.com\/wp-content\/uploads\/2018\/10\/santome-dove-siamo.jpg\",\"datePublished\":\"2018-06-19T18:14:21+00:00\",\"dateModified\":\"2025-08-27T11:43:17+00:00\",\"description\":\"La Tenuta Santom\u00e8 si trova a Biancade, nel comune di Roncade. \u00c8 di facile raggiungimento e gode della vicinanza di Treviso e Venezia.\",\"breadcrumb\":{\"@id\":\"https:\/\/www.tenutasantome.com\/it\/dove-siamo\/#breadcrumb\"},\"inLanguage\":\"it-IT\",\"potentialAction\":[{\"@type\":\"ReadAction\",\"target\":[[\"https:\/\/www.tenutasantome.com\/it\/dove-siamo\/\"]]}]},{\"@type\":\"ImageObject\",\"inLanguage\":\"it-IT\",\"@id\":\"https:\/\/www.tenutasantome.com\/it\/dove-siamo\/#primaryimage\",\"url\":\"https:\/\/www.tenutasantome.com\/wp-content\/uploads\/2018\/10\/santome-dove-siamo.jpg\",\"contentUrl\":\"https:\/\/www.tenutasantome.com\/wp-content\/uploads\/2018\/10\/santome-dove-siamo.jpg\",\"width\":1920,\"height\":1040},{\"@type\":\"BreadcrumbList\",\"@id\":\"https:\/\/www.tenutasantome.com\/it\/dove-siamo\/#breadcrumb\",\"itemListElement\":[{\"@type\":\"ListItem\",\"position\":1,\"name\":\"Home\",\"item\":\"https:\/\/www.tenutasantome.com\/it\/\"},{\"@type\":\"ListItem\",\"position\":2,\"name\":\"Dove siamo\"}]},{\"@type\":\"WebSite\",\"@id\":\"https:\/\/www.tenutasantome.com\/it\/#website\",\"url\":\"https:\/\/www.tenutasantome.com\/it\/\",\"name\":\"Tenuta Santom\u00e8\",\"description\":\"Vini, meeting e resort\",\"potentialAction\":[{\"@type\":\"SearchAction\",\"target\":{\"@type\":\"EntryPoint\",\"urlTemplate\":\"https:\/\/www.tenutasantome.com\/it\/?s={search_term_string}\"},\"query-input\":{\"@type\":\"PropertyValueSpecification\",\"valueRequired\":true,\"valueName\":\"search_term_string\"}}],\"inLanguage\":\"it-IT\"}]}<\/script>\n<!-- \/ Yoast SEO plugin. -->","yoast_head_json":{"title":"Dove siamo | Tenuta Santom\u00e8 - Vini, meeting e resortDove siamo | Tenuta Santom\u00e8 - Wines, meetings and resortDove siamo | Tenuta Santom\u00e8 - Weine, meetings und resort","description":"La Tenuta Santom\u00e8 si trova a Biancade, nel comune di Roncade. \u00c8 di facile raggiungimento e gode della vicinanza di Treviso e Venezia.","robots":{"index":"index","follow":"follow","max-snippet":"max-snippet:-1","max-image-preview":"max-image-preview:large","max-video-preview":"max-video-preview:-1"},"canonical":"https:\/\/www.tenutasantome.com\/it\/dove-siamo\/","og_locale":"it_IT","og_type":"article","og_title":"Dove siamo | Tenuta Santom\u00e8 - Vini, meeting e resortDove siamo | Tenuta Santom\u00e8 - Wines, meetings and resortDove siamo | Tenuta Santom\u00e8 - Weine, meetings und resort","og_description":"La Tenuta Santom\u00e8 si trova a Biancade, nel comune di Roncade. \u00c8 di facile raggiungimento e gode della vicinanza di Treviso e Venezia.","og_url":"https:\/\/www.tenutasantome.com\/it\/dove-siamo\/","og_site_name":"Tenuta Santom\u00e8","article_modified_time":"2025-08-27T11:43:17+00:00","og_image":[{"width":1920,"height":1040,"url":"https:\/\/www.tenutasantome.com\/wp-content\/uploads\/2018\/10\/santome-dove-siamo.jpg","type":"image\/jpeg"}],"twitter_card":"summary_large_image","twitter_misc":{"Tempo di lettura stimato":"2 minuti"},"schema":{"@context":"https:\/\/schema.org","@graph":[{"@type":"WebPage","@id":"https:\/\/www.tenutasantome.com\/it\/dove-siamo\/","url":"https:\/\/www.tenutasantome.com\/it\/dove-siamo\/","name":"Dove siamo | Tenuta Santom\u00e8 - Vini, meeting e resortDove siamo | Tenuta Santom\u00e8 - Wines, meetings and resortDove siamo | Tenuta Santom\u00e8 - Weine, meetings und resort","isPartOf":{"@id":"https:\/\/www.tenutasantome.com\/it\/#website"},"primaryImageOfPage":{"@id":"https:\/\/www.tenutasantome.com\/it\/dove-siamo\/#primaryimage"},"image":{"@id":"https:\/\/www.tenutasantome.com\/it\/dove-siamo\/#primaryimage"},"thumbnailUrl":"https:\/\/www.tenutasantome.com\/wp-content\/uploads\/2018\/10\/santome-dove-siamo.jpg","datePublished":"2018-06-19T18:14:21+00:00","dateModified":"2025-08-27T11:43:17+00:00","description":"La Tenuta Santom\u00e8 si trova a Biancade, nel comune di Roncade. \u00c8 di facile raggiungimento e gode della vicinanza di Treviso e Venezia.","breadcrumb":{"@id":"https:\/\/www.tenutasantome.com\/it\/dove-siamo\/#breadcrumb"},"inLanguage":"it-IT","potentialAction":[{"@type":"ReadAction","target":[["https:\/\/www.tenutasantome.com\/it\/dove-siamo\/"]]}]},{"@type":"ImageObject","inLanguage":"it-IT","@id":"https:\/\/www.tenutasantome.com\/it\/dove-siamo\/#primaryimage","url":"https:\/\/www.tenutasantome.com\/wp-content\/uploads\/2018\/10\/santome-dove-siamo.jpg","contentUrl":"https:\/\/www.tenutasantome.com\/wp-content\/uploads\/2018\/10\/santome-dove-siamo.jpg","width":1920,"height":1040},{"@type":"BreadcrumbList","@id":"https:\/\/www.tenutasantome.com\/it\/dove-siamo\/#breadcrumb","itemListElement":[{"@type":"ListItem","position":1,"name":"Home","item":"https:\/\/www.tenutasantome.com\/it\/"},{"@type":"ListItem","position":2,"name":"Dove siamo"}]},{"@type":"WebSite","@id":"https:\/\/www.tenutasantome.com\/it\/#website","url":"https:\/\/www.tenutasantome.com\/it\/","name":"Tenuta Santom\u00e8","description":"Vini, meeting e resort","potentialAction":[{"@type":"SearchAction","target":{"@type":"EntryPoint","urlTemplate":"https:\/\/www.tenutasantome.com\/it\/?s={search_term_string}"},"query-input":{"@type":"PropertyValueSpecification","valueRequired":true,"valueName":"search_term_string"}}],"inLanguage":"it-IT"}]}},"_links":{"self":[{"href":"https:\/\/www.tenutasantome.com\/it\/wp-json\/wp\/v2\/pages\/29","targetHints":{"allow":["GET"]}}],"collection":[{"href":"https:\/\/www.tenutasantome.com\/it\/wp-json\/wp\/v2\/pages"}],"about":[{"href":"https:\/\/www.tenutasantome.com\/it\/wp-json\/wp\/v2\/types\/page"}],"author":[{"embeddable":true,"href":"https:\/\/www.tenutasantome.com\/it\/wp-json\/wp\/v2\/users\/2"}],"replies":[{"embeddable":true,"href":"https:\/\/www.tenutasantome.com\/it\/wp-json\/wp\/v2\/comments?post=29"}],"version-history":[{"count":8,"href":"https:\/\/www.tenutasantome.com\/it\/wp-json\/wp\/v2\/pages\/29\/revisions"}],"predecessor-version":[{"id":5492,"href":"https:\/\/www.tenutasantome.com\/it\/wp-json\/wp\/v2\/pages\/29\/revisions\/5492"}],"wp:featuredmedia":[{"embeddable":true,"href":"https:\/\/www.tenutasantome.com\/it\/wp-json\/wp\/v2\/media\/1773"}],"wp:attachment":[{"href":"https:\/\/www.tenutasantome.com\/it\/wp-json\/wp\/v2\/media?parent=29"}],"curies":[{"name":"wp","href":"https:\/\/api.w.org\/{rel}","templated":true}]}}