{"id":267,"date":"2018-06-29T15:47:46","date_gmt":"2018-06-29T13:47:46","guid":{"rendered":"https:\/\/www.tenutasantome.com\/it\/?page_id=267"},"modified":"2019-01-17T12:35:41","modified_gmt":"2019-01-17T11:35:41","slug":"vini-autoctoni","status":"publish","type":"page","link":"https:\/\/www.tenutasantome.com\/it\/vini-autoctoni\/","title":{"rendered":"Vitigni autoctoni"},"content":{"rendered":"<div class=\"wpb-content-wrapper\"><p><\/p>\n<p>[vc_row el_id=&#8221;row-overlay&#8221;][vc_column width=&#8221;1\/2&#8243;][vc_custom_heading text=&#8221;VITIGNI AUTOCTONI&#8221; use_theme_fonts=&#8221;yes&#8221;][vc_column_text]I vitigni autoctoni sono <strong>coltivati e diffusi solo nella loro zona di origine<\/strong>. La tipicit\u00e0 dei vini prodotti deriva quindi dalla tipologia del terreno e dalle condizioni climatiche caratteristiche del luogo dove sono nati.[\/vc_column_text][\/vc_column][vc_column width=&#8221;1\/2&#8243;][\/vc_column][\/vc_row][vc_row css_animation=&#8221;fadeInUp&#8221;][vc_column][vc_column_text]Questi fattori conferiscono le specifiche caratteristiche organolettiche che rendono i <strong>vini autoctoni unici e inconfondibili<\/strong>. Sono pertanto dei vini legati a precisi territori la cui estensione non \u00e8 mai molto ampia.<\/p>\n<p>L\u2019Italia vanta oltre 600 vitigni autoctoni, di cui pi\u00f9 di 50 presenti in Veneto, che si dividono tra i pi\u00f9 conosciuti come il <strong>Glera<\/strong> (da cui si ottiene il Prosecco), la <strong>Corvina Veronese<\/strong> e la <strong>Rondinella<\/strong> (dai quali nasce l\u2019Amarone), a quelli pi\u00f9 di \u201cnicchia\u201d, come il <strong>Raboso<\/strong>, il <strong>Tai Bianco<\/strong>, l\u2019<strong>Incrocio Manzoni<\/strong>, il <strong>Verduzzo<\/strong>.[\/vc_column_text][\/vc_column][\/vc_row][vc_row css_animation=&#8221;fadeInUp&#8221;][vc_column][vc_column_text]<\/p>\n<h4 style=\"text-align: center;\">I NOSTRI VINI AUTOCTONI<\/h4>\n<p>[\/vc_column_text][vc_column_text]<\/p>\n<p style=\"text-align: center;\">La Santom\u00e8 dedica i propri sforzi alla produzione dei due vini storicamente pi\u00f9 famosi per la provincia di Treviso: il <strong>Tai Bianco<\/strong> (Tocai) e il <strong>Raboso Piave<\/strong>. Per la particolarit\u00e0 delle maturazioni delle uve e tecniche di vinificazione, i due vini vengono prodotti solo ed esclusivamente nelle migliori annate.<\/p>\n<p>[\/vc_column_text][\/vc_column][\/vc_row][vc_row content_placement=&#8221;middle&#8221; css_animation=&#8221;fadeInUp&#8221; el_class=&#8221;row-vitigni-autoctoni&#8221;][vc_column]\n<div class=\"wines-row-container\">\n\t\t\t\t\t\t\t\n\t\t\t\t\n\t\t\t\t\t\t\t<div class=\"row row-wines\">\n\t\t\t\t\t\t\t\n\t\t\t\t\t\t\t\t\n\t\t\t\t\t\n\t\t\t\t<div class=\"col-md-3 col-sm-6 col-xs-12 col-single-wine-container wpb_content_element wpb_animate_when_almost_visible wpb_fadeInUp fadeInUp animated wpb_start_animation\">\n\t\t\t\t\t<div class=\"col-single-wine\">\n\t\t\t\t\t\t<div class=\"wine-image text-center\">\n\t\t\t\t\t\t\t<a href=\"https:\/\/www.tenutasantome.com\/it\/wines\/tai-biancoparcel-368\/\">\n\t\t\t\t\t\t\t\t\t\t\t\t\t\t\t\t\t<img loading=\"lazy\" decoding=\"async\" width=\"133\" height=\"300\" src=\"https:\/\/www.tenutasantome.com\/wp-content\/uploads\/2018\/07\/11-Tai-Bianco-Parcel-368-133x300.png\" class=\"img-responsive wp-post-image\" alt=\"\" srcset=\"https:\/\/www.tenutasantome.com\/wp-content\/uploads\/2018\/07\/11-Tai-Bianco-Parcel-368-133x300.png 133w, https:\/\/www.tenutasantome.com\/wp-content\/uploads\/2018\/07\/11-Tai-Bianco-Parcel-368.png 444w\" sizes=\"auto, (max-width: 133px) 100vw, 133px\" \/>\t\t\t\t\t\t\t\t\t\t\t\t\t\t\t<\/a>\n\t\t\t\t\t\t<\/div>\n\t\t\t\t\t\t<div class=\"wine-title text-center\">\n\t\t\t\t\t\t\t<a href=\"https:\/\/www.tenutasantome.com\/it\/wines\/tai-biancoparcel-368\/\">Tai Bianco<br>Parcel #368<\/a>\n\t\t\t\t\t\t<\/div>\n\t\t\t\t\t\t<div class=\"wine-denomination text-center\">\n\t\t\t\t\t\t\tIgt Marca Trevigiana\t\t\t\t\t\t<\/div>\n\t\t\t\t\t\t<div class=\"wine-divider\"><\/div>\n\t\t\t\t\t\t<div class=\"wine-alcol text-center\">\n\t\t\t\t\t\t\t13,50% vol. Alc.\n\t\t\t\t\t\t<\/div>\n\t\t\t\t\t\t<div class=\"wine-link text-center\">\n\t\t\t\t\t\t\t<a href=\"https:\/\/www.tenutasantome.com\/it\/wines\/tai-biancoparcel-368\/\">\n\t\t\t\t\t\t\t\tScopri <i class=\"fa fa-chevron-right\" aria-hidden=\"true\"><\/i>\n\t\t\t\t\t\t\t<\/a>\n\t\t\t\t\t\t<\/div>\n\t\t\t\t\t<\/div>\n\t\t\t\t<\/div>\n\t\t\t\n\t\t\t\t\n\t\t\t\t\t\n\t\t\t\t\n\t\t\t\n\t\t\t\t\t\t\t\t\n\t\t\t\t\t\n\t\t\t\t<div class=\"col-md-3 col-sm-6 col-xs-12 col-single-wine-container wpb_content_element wpb_animate_when_almost_visible wpb_fadeInUp fadeInUp animated wpb_start_animation\">\n\t\t\t\t\t<div class=\"col-single-wine\">\n\t\t\t\t\t\t<div class=\"wine-image text-center\">\n\t\t\t\t\t\t\t<a href=\"https:\/\/www.tenutasantome.com\/it\/wines\/raboso-parcel-912\/\">\n\t\t\t\t\t\t\t\t\t\t\t\t\t\t\t\t\t<img loading=\"lazy\" decoding=\"async\" width=\"133\" height=\"300\" src=\"https:\/\/www.tenutasantome.com\/wp-content\/uploads\/2018\/07\/16-Raboso-Parcel-912-133x300.png\" class=\"img-responsive wp-post-image\" alt=\"\" srcset=\"https:\/\/www.tenutasantome.com\/wp-content\/uploads\/2018\/07\/16-Raboso-Parcel-912-133x300.png 133w, https:\/\/www.tenutasantome.com\/wp-content\/uploads\/2018\/07\/16-Raboso-Parcel-912.png 444w\" sizes=\"auto, (max-width: 133px) 100vw, 133px\" \/>\t\t\t\t\t\t\t\t\t\t\t\t\t\t\t<\/a>\n\t\t\t\t\t\t<\/div>\n\t\t\t\t\t\t<div class=\"wine-title text-center\">\n\t\t\t\t\t\t\t<a href=\"https:\/\/www.tenutasantome.com\/it\/wines\/raboso-parcel-912\/\">Raboso <br>Parcel #912<\/a>\n\t\t\t\t\t\t<\/div>\n\t\t\t\t\t\t<div class=\"wine-denomination text-center\">\n\t\t\t\t\t\t\tDoc Piave\t\t\t\t\t\t<\/div>\n\t\t\t\t\t\t<div class=\"wine-divider\"><\/div>\n\t\t\t\t\t\t<div class=\"wine-alcol text-center\">\n\t\t\t\t\t\t\t14,50% vol. Alc.\n\t\t\t\t\t\t<\/div>\n\t\t\t\t\t\t<div class=\"wine-link text-center\">\n\t\t\t\t\t\t\t<a href=\"https:\/\/www.tenutasantome.com\/it\/wines\/raboso-parcel-912\/\">\n\t\t\t\t\t\t\t\tScopri <i class=\"fa fa-chevron-right\" aria-hidden=\"true\"><\/i>\n\t\t\t\t\t\t\t<\/a>\n\t\t\t\t\t\t<\/div>\n\t\t\t\t\t<\/div>\n\t\t\t\t<\/div>\n\t\t\t\n\t\t\t\t\n\t\t\t\n\t\t<\/div>\t\t\n\t\t\t<\/div>[\/vc_column][\/vc_row][vc_row][vc_column][vc_column_text]<br \/>\n[\/vc_column_text][\/vc_column][\/vc_row][vc_row css_animation=&#8221;fadeInUp&#8221; disable_element=&#8221;yes&#8221;][vc_column width=&#8221;1\/6&#8243;][vc_column_text css=&#8221;.vc_custom_1531217924672{padding-top: 10px !important;}&#8221;]<\/p>\n<p style=\"text-align: center;\"><strong>I VINI:<\/strong><\/p>\n<p>[\/vc_column_text][\/vc_column][vc_column width=&#8221;5\/6&#8243;]<div class=\"row row-wines-rectangles-blocks\"><div class=\"col-wine-block\"><a href=\"\/it\/pinot-grigio\/\"><div class=\"wine-name\">Pinot Grigio<\/div><\/a><\/div><div class=\"col-wine-block\"><a href=\"\/it\/prosecco\/\"><div class=\"wine-name\">Prosecchi<\/div><\/a><\/div><div class=\"col-wine-block\"><a href=\"\/it\/vini-autoctoni\/\"><div class=\"active wine-name\">Autoctoni<\/div><\/a><\/div><div class=\"col-wine-block\"><a href=\"\/it\/blend-unici\/\"><div class=\"wine-name\">Blend unici<\/div><\/a><\/div><div class=\"col-wine-block\"><a href=\"\/it\/vitigni-internazionali\/\"><div class=\"wine-name\">Internazionali<\/div><\/a><\/div><\/div>[\/vc_column][\/vc_row][vc_row][vc_column][vc_empty_space height=&#8221;50px&#8221;][\/vc_column][\/vc_row]<\/p>\n<p><\/p>\n<\/div>","protected":false},"excerpt":{"rendered":"[vc_row el_id=&#8221;row-overlay&#8221;][vc_column width=&#8221;1\/2&#8243;][vc_custom_heading text=&#8221;VITIGNI AUTOCTONI&#8221; use_theme_fonts=&#8221;yes&#8221;][vc_column_text]I vitigni autoctoni sono coltivati e diffusi solo nella loro zona di origine. La tipicit\u00e0 dei vini prodotti deriva quindi dalla tipologia del terreno e dalle condizioni climatiche caratteristiche del luogo dove sono nati.[\/vc_column_text][\/vc_column][vc_column width=&#8221;1\/2&#8243;][\/vc_column][\/vc_row][vc_row css_animation=&#8221;fadeInUp&#8221;][vc_column][vc_column_text]Questi fattori conferiscono le specifiche caratteristiche organolettiche che rendono i vini autoctoni unici e inconfondibili. [&hellip;]","protected":false},"author":2,"featured_media":1628,"parent":0,"menu_order":0,"comment_status":"closed","ping_status":"closed","template":"","meta":{"_acf_changed":false,"footnotes":""},"class_list":["post-267","page","type-page","status-publish","hentry"],"acf":[],"yoast_head":"<!-- This site is optimized with the Yoast SEO plugin v25.3.1 - https:\/\/yoast.com\/wordpress\/plugins\/seo\/ -->\n<title>Vitigni autoctoni | Tenuta Santom\u00e8 - Vini, meeting e resortVitigni autoctoni | Tenuta Santom\u00e8 - Wines, meetings and resortVitigni autoctoni | Tenuta Santom\u00e8 - Weine, meetings und resort<\/title>\n<meta name=\"description\" content=\"La Santom\u00e8 produce solo nelle migliori annate due vini storicamente famosi per la provincia di Treviso: il Tai Bianco (Tocai) e il Raboso Piave.\" \/>\n<meta name=\"robots\" content=\"index, follow, max-snippet:-1, max-image-preview:large, max-video-preview:-1\" \/>\n<link rel=\"canonical\" href=\"https:\/\/www.tenutasantome.com\/it\/vini-autoctoni\/\" \/>\n<meta property=\"og:locale\" content=\"it_IT\" \/>\n<meta property=\"og:type\" content=\"article\" \/>\n<meta property=\"og:title\" content=\"Vitigni autoctoni | Tenuta Santom\u00e8 - Vini, meeting e resortVitigni autoctoni | Tenuta Santom\u00e8 - Wines, meetings and resortVitigni autoctoni | Tenuta Santom\u00e8 - Weine, meetings und resort\" \/>\n<meta property=\"og:description\" content=\"La Santom\u00e8 produce solo nelle migliori annate due vini storicamente famosi per la provincia di Treviso: il Tai Bianco (Tocai) e il Raboso Piave.\" \/>\n<meta property=\"og:url\" content=\"https:\/\/www.tenutasantome.com\/it\/vini-autoctoni\/\" \/>\n<meta property=\"og:site_name\" content=\"Tenuta Santom\u00e8\" \/>\n<meta property=\"article:modified_time\" content=\"2019-01-17T11:35:41+00:00\" \/>\n<meta property=\"og:image\" content=\"https:\/\/www.tenutasantome.com\/wp-content\/uploads\/2018\/10\/banner-principale-autoctoni.jpg\" \/>\n\t<meta property=\"og:image:width\" content=\"1920\" \/>\n\t<meta property=\"og:image:height\" content=\"1046\" \/>\n\t<meta property=\"og:image:type\" content=\"image\/jpeg\" \/>\n<meta name=\"twitter:card\" content=\"summary_large_image\" \/>\n<meta name=\"twitter:label1\" content=\"Tempo di lettura stimato\" \/>\n\t<meta name=\"twitter:data1\" content=\"6 minuti\" \/>\n<script type=\"application\/ld+json\" class=\"yoast-schema-graph\">{\"@context\":\"https:\/\/schema.org\",\"@graph\":[{\"@type\":\"WebPage\",\"@id\":\"https:\/\/www.tenutasantome.com\/it\/vini-autoctoni\/\",\"url\":\"https:\/\/www.tenutasantome.com\/it\/vini-autoctoni\/\",\"name\":\"Vitigni autoctoni | Tenuta Santom\u00e8 - Vini, meeting e resortVitigni autoctoni | Tenuta Santom\u00e8 - Wines, meetings and resortVitigni autoctoni | Tenuta Santom\u00e8 - Weine, meetings und resort\",\"isPartOf\":{\"@id\":\"https:\/\/www.tenutasantome.com\/it\/#website\"},\"primaryImageOfPage\":{\"@id\":\"https:\/\/www.tenutasantome.com\/it\/vini-autoctoni\/#primaryimage\"},\"image\":{\"@id\":\"https:\/\/www.tenutasantome.com\/vini-autoctoni\/#primaryimage\"},\"thumbnailUrl\":\"https:\/\/www.tenutasantome.com\/wp-content\/uploads\/2018\/10\/banner-principale-autoctoni.jpg\",\"datePublished\":\"2018-06-29T13:47:46+00:00\",\"dateModified\":\"2019-01-17T11:35:41+00:00\",\"description\":\"La Santom\u00e8 produce solo nelle migliori annate due vini storicamente famosi per la provincia di Treviso: il Tai Bianco (Tocai) e il Raboso Piave.\",\"breadcrumb\":{\"@id\":\"https:\/\/www.tenutasantome.com\/it\/vini-autoctoni\/#breadcrumb\"},\"inLanguage\":\"it-IT\",\"potentialAction\":[{\"@type\":\"ReadAction\",\"target\":[[\"https:\/\/www.tenutasantome.com\/it\/vini-autoctoni\/\"]]}]},{\"@type\":\"ImageObject\",\"inLanguage\":\"it-IT\",\"@id\":\"https:\/\/www.tenutasantome.com\/it\/vini-autoctoni\/#primaryimage\",\"url\":\"https:\/\/www.tenutasantome.com\/wp-content\/uploads\/2018\/10\/banner-principale-autoctoni.jpg\",\"contentUrl\":\"https:\/\/www.tenutasantome.com\/wp-content\/uploads\/2018\/10\/banner-principale-autoctoni.jpg\",\"width\":1920,\"height\":1046},{\"@type\":\"BreadcrumbList\",\"@id\":\"https:\/\/www.tenutasantome.com\/it\/vini-autoctoni\/#breadcrumb\",\"itemListElement\":[{\"@type\":\"ListItem\",\"position\":1,\"name\":\"Home\",\"item\":\"https:\/\/www.tenutasantome.com\/it\/\"},{\"@type\":\"ListItem\",\"position\":2,\"name\":\"Vitigni autoctoni\"}]},{\"@type\":\"WebSite\",\"@id\":\"https:\/\/www.tenutasantome.com\/it\/#website\",\"url\":\"https:\/\/www.tenutasantome.com\/it\/\",\"name\":\"Tenuta Santom\u00e8\",\"description\":\"Vini, meeting e resort\",\"potentialAction\":[{\"@type\":\"SearchAction\",\"target\":{\"@type\":\"EntryPoint\",\"urlTemplate\":\"https:\/\/www.tenutasantome.com\/it\/?s={search_term_string}\"},\"query-input\":{\"@type\":\"PropertyValueSpecification\",\"valueRequired\":true,\"valueName\":\"search_term_string\"}}],\"inLanguage\":\"it-IT\"}]}<\/script>\n<!-- \/ Yoast SEO plugin. -->","yoast_head_json":{"title":"Vitigni autoctoni | Tenuta Santom\u00e8 - Vini, meeting e resortVitigni autoctoni | Tenuta Santom\u00e8 - Wines, meetings and resortVitigni autoctoni | Tenuta Santom\u00e8 - Weine, meetings und resort","description":"La Santom\u00e8 produce solo nelle migliori annate due vini storicamente famosi per la provincia di Treviso: il Tai Bianco (Tocai) e il Raboso Piave.","robots":{"index":"index","follow":"follow","max-snippet":"max-snippet:-1","max-image-preview":"max-image-preview:large","max-video-preview":"max-video-preview:-1"},"canonical":"https:\/\/www.tenutasantome.com\/it\/vini-autoctoni\/","og_locale":"it_IT","og_type":"article","og_title":"Vitigni autoctoni | Tenuta Santom\u00e8 - Vini, meeting e resortVitigni autoctoni | Tenuta Santom\u00e8 - Wines, meetings and resortVitigni autoctoni | Tenuta Santom\u00e8 - Weine, meetings und resort","og_description":"La Santom\u00e8 produce solo nelle migliori annate due vini storicamente famosi per la provincia di Treviso: il Tai Bianco (Tocai) e il Raboso Piave.","og_url":"https:\/\/www.tenutasantome.com\/it\/vini-autoctoni\/","og_site_name":"Tenuta Santom\u00e8","article_modified_time":"2019-01-17T11:35:41+00:00","og_image":[{"width":1920,"height":1046,"url":"https:\/\/www.tenutasantome.com\/wp-content\/uploads\/2018\/10\/banner-principale-autoctoni.jpg","type":"image\/jpeg"}],"twitter_card":"summary_large_image","twitter_misc":{"Tempo di lettura stimato":"6 minuti"},"schema":{"@context":"https:\/\/schema.org","@graph":[{"@type":"WebPage","@id":"https:\/\/www.tenutasantome.com\/it\/vini-autoctoni\/","url":"https:\/\/www.tenutasantome.com\/it\/vini-autoctoni\/","name":"Vitigni autoctoni | Tenuta Santom\u00e8 - Vini, meeting e resortVitigni autoctoni | Tenuta Santom\u00e8 - Wines, meetings and resortVitigni autoctoni | Tenuta Santom\u00e8 - Weine, meetings und resort","isPartOf":{"@id":"https:\/\/www.tenutasantome.com\/it\/#website"},"primaryImageOfPage":{"@id":"https:\/\/www.tenutasantome.com\/it\/vini-autoctoni\/#primaryimage"},"image":{"@id":"https:\/\/www.tenutasantome.com\/vini-autoctoni\/#primaryimage"},"thumbnailUrl":"https:\/\/www.tenutasantome.com\/wp-content\/uploads\/2018\/10\/banner-principale-autoctoni.jpg","datePublished":"2018-06-29T13:47:46+00:00","dateModified":"2019-01-17T11:35:41+00:00","description":"La Santom\u00e8 produce solo nelle migliori annate due vini storicamente famosi per la provincia di Treviso: il Tai Bianco (Tocai) e il Raboso Piave.","breadcrumb":{"@id":"https:\/\/www.tenutasantome.com\/it\/vini-autoctoni\/#breadcrumb"},"inLanguage":"it-IT","potentialAction":[{"@type":"ReadAction","target":[["https:\/\/www.tenutasantome.com\/it\/vini-autoctoni\/"]]}]},{"@type":"ImageObject","inLanguage":"it-IT","@id":"https:\/\/www.tenutasantome.com\/it\/vini-autoctoni\/#primaryimage","url":"https:\/\/www.tenutasantome.com\/wp-content\/uploads\/2018\/10\/banner-principale-autoctoni.jpg","contentUrl":"https:\/\/www.tenutasantome.com\/wp-content\/uploads\/2018\/10\/banner-principale-autoctoni.jpg","width":1920,"height":1046},{"@type":"BreadcrumbList","@id":"https:\/\/www.tenutasantome.com\/it\/vini-autoctoni\/#breadcrumb","itemListElement":[{"@type":"ListItem","position":1,"name":"Home","item":"https:\/\/www.tenutasantome.com\/it\/"},{"@type":"ListItem","position":2,"name":"Vitigni autoctoni"}]},{"@type":"WebSite","@id":"https:\/\/www.tenutasantome.com\/it\/#website","url":"https:\/\/www.tenutasantome.com\/it\/","name":"Tenuta Santom\u00e8","description":"Vini, meeting e resort","potentialAction":[{"@type":"SearchAction","target":{"@type":"EntryPoint","urlTemplate":"https:\/\/www.tenutasantome.com\/it\/?s={search_term_string}"},"query-input":{"@type":"PropertyValueSpecification","valueRequired":true,"valueName":"search_term_string"}}],"inLanguage":"it-IT"}]}},"_links":{"self":[{"href":"https:\/\/www.tenutasantome.com\/it\/wp-json\/wp\/v2\/pages\/267","targetHints":{"allow":["GET"]}}],"collection":[{"href":"https:\/\/www.tenutasantome.com\/it\/wp-json\/wp\/v2\/pages"}],"about":[{"href":"https:\/\/www.tenutasantome.com\/it\/wp-json\/wp\/v2\/types\/page"}],"author":[{"embeddable":true,"href":"https:\/\/www.tenutasantome.com\/it\/wp-json\/wp\/v2\/users\/2"}],"replies":[{"embeddable":true,"href":"https:\/\/www.tenutasantome.com\/it\/wp-json\/wp\/v2\/comments?post=267"}],"version-history":[{"count":0,"href":"https:\/\/www.tenutasantome.com\/it\/wp-json\/wp\/v2\/pages\/267\/revisions"}],"wp:featuredmedia":[{"embeddable":true,"href":"https:\/\/www.tenutasantome.com\/it\/wp-json\/wp\/v2\/media\/1628"}],"wp:attachment":[{"href":"https:\/\/www.tenutasantome.com\/it\/wp-json\/wp\/v2\/media?parent=267"}],"curies":[{"name":"wp","href":"https:\/\/api.w.org\/{rel}","templated":true}]}}