{"id":139,"date":"2018-06-28T16:35:52","date_gmt":"2018-06-28T14:35:52","guid":{"rendered":"https:\/\/www.tenutasantome.com\/it\/?page_id=139"},"modified":"2025-09-17T14:17:43","modified_gmt":"2025-09-17T12:17:43","slug":"i-vigneti","status":"publish","type":"page","link":"https:\/\/www.tenutasantome.com\/it\/i-vigneti-old\/","title":{"rendered":"I vigneti &#8211; old"},"content":{"rendered":"<div class=\"wpb-content-wrapper\"><p>[vc_row el_id=&#8221;row-overlay&#8221;][vc_column width=&#8221;1\/2&#8243;][vc_custom_heading text=&#8221;I VIGNETI&#8221; use_theme_fonts=&#8221;yes&#8221;][vc_column_text]La Tenuta Santom\u00e8 ha la priorit\u00e0 di produrre i propri vini <strong>solo con uve provenienti dai 75 ettari di propriet\u00e0<\/strong> tutte in provincia di Treviso ma <strong>in 4 zone con terreni differenti<\/strong> dove sono state selezionate le perfette tipologie di uve per poter esaltare al massimo le caratteristiche di ogni teritorio.[\/vc_column_text][\/vc_column][vc_column width=&#8221;1\/2&#8243;][\/vc_column][\/vc_row][vc_row css_animation=&#8221;fadeInUp&#8221;][vc_column width=&#8221;1\/4&#8243; css=&#8221;.vc_custom_1534145666424{padding-left: 20px !important;}&#8221;][vc_single_image image=&#8221;1388&#8243; img_size=&#8221;70&#215;70&#8243; alignment=&#8221;center&#8221;][vc_column_text]<\/p>\n<p style=\"text-align: center;\">4 ettari nello storico vigneto <strong>&#8220;Nonno Toni&#8221;<\/strong> a Tezze di Vazzola<\/p>\n<p>[\/vc_column_text][vc_column_text]<\/p>\n<p style=\"text-align: center;\"><a href=\"#nonnotoni\">Scopri di pi\u00f9 &gt;<\/a><\/p>\n<p>[\/vc_column_text][\/vc_column][vc_column width=&#8221;1\/4&#8243;][vc_single_image image=&#8221;1389&#8243; img_size=&#8221;70&#215;70&#8243; alignment=&#8221;center&#8221;][vc_column_text]<\/p>\n<p style=\"text-align: center;\">28 ettari nel vigneto <strong>&#8220;Le Calandrine&#8221;<\/strong> nelle Grave di Papadopoli, isola nel fiume Piave (750 ettari di oasi protetta dal FAI)<\/p>\n<p>[\/vc_column_text][vc_column_text]<\/p>\n<p style=\"text-align: center;\"><a href=\"#calandrine\">Scopri di pi\u00f9 &gt;<\/a><\/p>\n<p>[\/vc_column_text][\/vc_column][vc_column width=&#8221;1\/4&#8243;][vc_single_image image=&#8221;1390&#8243; img_size=&#8221;70&#215;70&#8243; alignment=&#8221;center&#8221;][vc_column_text css=&#8221;&#8221;]<\/p>\n<p style=\"text-align: center;\">40 ettari nel centro aziendale di Roncade, nel vigneto <strong>&#8220;Carboncine&#8221; <\/strong>e<strong>&#8220;Ca&#8217; Morelli&#8221;<\/strong><\/p>\n<p>[\/vc_column_text][vc_column_text]<\/p>\n<p style=\"text-align: center;\"><a href=\"#carboncine\">Scopri di pi\u00f9 &gt;<\/a><\/p>\n<p>[\/vc_column_text][\/vc_column][vc_column width=&#8221;1\/4&#8243;][vc_single_image image=&#8221;1391&#8243; img_size=&#8221;70&#215;70&#8243; alignment=&#8221;center&#8221;][vc_column_text]<\/p>\n<p style=\"text-align: center;\">3 ettari in Collalto, collina chiamata <strong>\u201cBosco Coste\u201d<\/strong> a Susegana, nella zona del Prosecco Superiore Docg Valdobbiadene-Conegliano<\/p>\n<p>[\/vc_column_text][vc_column_text]<\/p>\n<p style=\"text-align: center;\"><a href=\"#boscocoste\">Scopri di pi\u00f9 &gt;<\/a><\/p>\n<p>[\/vc_column_text][\/vc_column][\/vc_row][vc_row css_animation=&#8221;fadeInUp&#8221;][vc_column][vc_single_image image=&#8221;1393&#8243; img_size=&#8221;full&#8221;][\/vc_column][\/vc_row][vc_row css_animation=&#8221;fadeInUp&#8221; el_id=&#8221;nonnotoni&#8221;][vc_column width=&#8221;1\/2&#8243;][vc_column_text]<\/p>\n<h1 style=\"text-align: left;\">Vigneto Nonno Toni<\/h1>\n<p>[\/vc_column_text][vc_column_text]Qui \u00e8 dove tutto ebbe inizio, a partire dal nonno Antonio detto \u201cToni\u201d esperto viticoltore che dopo un passato di mezzadro acquist\u00f2, nel 1971, 4 ettari di terra a Tezze di Vazzola, conferendone l\u2019uva alla Cantina Sociale di Valdobbiadene.<\/p>\n<p>Il vigneto si trova <strong>lungo la sponda sinistra del fiume Piave<\/strong>, col suolo misto di limo e argilla, ricco di sali minerali, particolarmente <strong>adatto alla coltivazione del Prosecco<\/strong> conferendo al vino delle note aromatiche uniche.<\/p>\n<p><strong>Qui viene prodotta la denominazione Prosecco Doc Treviso.<\/strong>[\/vc_column_text][vc_single_image image=&#8221;1211&#8243; img_size=&#8221;full&#8221; onclick=&#8221;link_image&#8221;][\/vc_column][vc_column width=&#8221;1\/2&#8243;][vc_single_image image=&#8221;1200&#8243; img_size=&#8221;full&#8221; onclick=&#8221;link_image&#8221;][vc_media_grid element_width=&#8221;6&#8243; grid_id=&#8221;vc_gid:1756292577804-c3fdc749-473f-7&#8243; include=&#8221;1397,1040,1039,1038&#8243;][\/vc_column][\/vc_row][vc_row css_animation=&#8221;fadeInUp&#8221;][vc_column][vc_separator][\/vc_column][\/vc_row][vc_row css_animation=&#8221;fadeInUp&#8221; el_id=&#8221;calandrine&#8221;][vc_column width=&#8221;1\/2&#8243;][vc_column_text]<\/p>\n<h1 style=\"text-align: left;\">Vigneto le Calandrine<\/h1>\n<p>[\/vc_column_text][vc_column_text]28 ettari prevalentemente a Glera \u2013 Prosecco \u2013 si estendono nella pregiata e incontaminata <strong>Isola di Papadopoli<\/strong>, ricca di limo e sabbia: un\u2019oasi del fiume Piave di 750 ettari protetta dal FAI (Fondo Ambiente Italiano). Quest\u2019isola, sacra alla Patria, \u00e8 famosa per la <strong>presenza di numerosi vigneti coltivati fin dall\u2019epoca romana<\/strong>.<\/p>\n<p>Il terreno \u00e8 ideale per la produzione di vini leggeri e fruttati <strong>condizioni ottimali per il vino Prosecco<\/strong>. Grazie alle peculiarit\u00e0 del terreno questi 28 ettari sono dedicati quasi esclusivamente alla <strong>produzione del Prosecco Doc Treviso.<\/strong>[\/vc_column_text][vc_single_image image=&#8221;1215&#8243; img_size=&#8221;full&#8221; onclick=&#8221;link_image&#8221;][\/vc_column][vc_column width=&#8221;1\/2&#8243;][vc_single_image image=&#8221;1398&#8243; img_size=&#8221;full&#8221; onclick=&#8221;link_image&#8221;][vc_media_grid element_width=&#8221;6&#8243; grid_id=&#8221;vc_gid:1756292577805-2ff5a88a-4061-5&#8243; include=&#8221;2499,1573,1399,148&#8243;][\/vc_column][\/vc_row][vc_row css_animation=&#8221;fadeInUp&#8221;][vc_column][vc_separator][\/vc_column][\/vc_row][vc_row css_animation=&#8221;fadeInUp&#8221; el_id=&#8221;carboncine&#8221;][vc_column width=&#8221;1\/2&#8243;][vc_column_text]<\/p>\n<h1 style=\"text-align: left;\">Vigneto Carboncine<\/h1>\n<p>[\/vc_column_text][vc_column_text]40 ettari si trovano nella sede aziendale di Roncade, nella zona delle \u201cCarboncine\u201d <strong>storicamente famosa per la fertilit\u00e0 del terreno<\/strong>, ricco di argilla e di caranto (conglomerato sabbioso-argilloso marino misto a cemento calcareo delle Dolomiti). <strong>Terreno ideale per vini strutturati e corposi.<\/strong><\/p>\n<p>Qui oltre al <strong>Pinot Grigio<\/strong> vengono prodotti tutti i <strong>vini fermi<\/strong> della Santom\u00e8 compresi i top di gamma e le riserve, tra le quali spiccano i vini autoctoni <strong>Raboso Piave<\/strong> e <strong>Tai Bianco<\/strong> e il <strong>Merlot Parcel #80<\/strong>.[\/vc_column_text][vc_single_image image=&#8221;1219&#8243; img_size=&#8221;full&#8221; onclick=&#8221;link_image&#8221;][\/vc_column][vc_column width=&#8221;1\/2&#8243;][vc_single_image image=&#8221;1572&#8243; img_size=&#8221;full&#8221; onclick=&#8221;link_image&#8221;][vc_media_grid element_width=&#8221;6&#8243; grid_id=&#8221;vc_gid:1756292577805-72b41590-adb6-1&#8243; include=&#8221;1401,1404,1402,967&#8243;][\/vc_column][\/vc_row][vc_row css_animation=&#8221;fadeInUp&#8221;][vc_column][vc_separator][\/vc_column][\/vc_row][vc_row css_animation=&#8221;fadeInUp&#8221; el_id=&#8221;boscocoste&#8221;][vc_column width=&#8221;1\/2&#8243;][vc_column_text]<\/p>\n<h1 style=\"text-align: left;\">Vigneto Bosco Coste<\/h1>\n<p>[\/vc_column_text][vc_column_text]3 ettari sono in collina nel cuore del Prosecco Superiore Docg Conegliano Valdobbiadene in localit\u00e0 Collalto di Susegana. Un pendio soleggiato chiamato &#8220;Bosco Coste&#8221; con terreno prevalentemente di leggera argilla, che contribuisce ad esaltare le note floreali e fruttate essenziali per la produzione del Prosecco Superiore Docg.<\/p>\n<p>In questo terreno viene prodotto il <strong>Prosecco Millesimato Superiore Docg Valdobbiadene Conegliano <\/strong>nella versione Brut e Extra Dry.[\/vc_column_text][vc_single_image image=&#8221;1217&#8243; img_size=&#8221;full&#8221; onclick=&#8221;link_image&#8221;][\/vc_column][vc_column width=&#8221;1\/2&#8243;][vc_single_image image=&#8221;163&#8243; img_size=&#8221;full&#8221; onclick=&#8221;link_image&#8221;][vc_media_grid element_width=&#8221;6&#8243; grid_id=&#8221;vc_gid:1756292577805-ff3276fc-e5d9-2&#8243; include=&#8221;164,1405,1407,1406&#8243;][\/vc_column][\/vc_row]<\/p>\n<\/div>","protected":false},"excerpt":{"rendered":"[vc_row el_id=&#8221;row-overlay&#8221;][vc_column width=&#8221;1\/2&#8243;][vc_custom_heading text=&#8221;I VIGNETI&#8221; use_theme_fonts=&#8221;yes&#8221;][vc_column_text]La Tenuta Santom\u00e8 ha la priorit\u00e0 di produrre i propri vini solo con uve provenienti dai 75 ettari di propriet\u00e0 tutte in provincia di Treviso ma in 4 zone con terreni differenti dove sono state selezionate le perfette tipologie di uve per poter esaltare al massimo le caratteristiche di ogni [&hellip;]","protected":false},"author":2,"featured_media":1382,"parent":0,"menu_order":0,"comment_status":"closed","ping_status":"closed","template":"","meta":{"_acf_changed":false,"footnotes":""},"class_list":["post-139","page","type-page","status-publish","hentry"],"acf":[],"yoast_head":"<!-- This site is optimized with the Yoast SEO plugin v25.3.1 - https:\/\/yoast.com\/wordpress\/plugins\/seo\/ -->\n<title>I vigneti - old | Tenuta Santom\u00e8 - Vini, meeting e resortI vigneti - old | Tenuta Santom\u00e8 - Wines, meetings and resortI vigneti - old | Tenuta Santom\u00e8 - Weine, meetings und resort<\/title>\n<meta name=\"description\" content=\"La Tenuta Santom\u00e8 produce i propri vini solo con uve provenienti dai 75 ettari di propriet\u00e0 in provincia di Treviso ma in 4 zone con terreni differenti\" \/>\n<meta name=\"robots\" content=\"index, follow, max-snippet:-1, max-image-preview:large, max-video-preview:-1\" \/>\n<link rel=\"canonical\" href=\"https:\/\/www.tenutasantome.com\/it\/i-vigneti-old\/\" \/>\n<meta property=\"og:locale\" content=\"it_IT\" \/>\n<meta property=\"og:type\" content=\"article\" \/>\n<meta property=\"og:title\" content=\"I vigneti - old | Tenuta Santom\u00e8 - Vini, meeting e resortI vigneti - old | Tenuta Santom\u00e8 - Wines, meetings and resortI vigneti - old | Tenuta Santom\u00e8 - Weine, meetings und resort\" \/>\n<meta property=\"og:description\" content=\"La Tenuta Santom\u00e8 produce i propri vini solo con uve provenienti dai 75 ettari di propriet\u00e0 in provincia di Treviso ma in 4 zone con terreni differenti\" \/>\n<meta property=\"og:url\" content=\"https:\/\/www.tenutasantome.com\/it\/i-vigneti-old\/\" \/>\n<meta property=\"og:site_name\" content=\"Tenuta Santom\u00e8\" \/>\n<meta property=\"article:modified_time\" content=\"2025-09-17T12:17:43+00:00\" \/>\n<meta property=\"og:image\" content=\"https:\/\/www.tenutasantome.com\/wp-content\/uploads\/2018\/10\/i-vigneti-banner.jpg\" \/>\n\t<meta property=\"og:image:width\" content=\"1900\" \/>\n\t<meta property=\"og:image:height\" content=\"720\" \/>\n\t<meta property=\"og:image:type\" content=\"image\/jpeg\" \/>\n<meta name=\"twitter:card\" content=\"summary_large_image\" \/>\n<meta name=\"twitter:label1\" content=\"Tempo di lettura stimato\" \/>\n\t<meta name=\"twitter:data1\" content=\"4 minuti\" \/>\n<script type=\"application\/ld+json\" class=\"yoast-schema-graph\">{\"@context\":\"https:\/\/schema.org\",\"@graph\":[{\"@type\":\"WebPage\",\"@id\":\"https:\/\/www.tenutasantome.com\/it\/i-vigneti-old\/\",\"url\":\"https:\/\/www.tenutasantome.com\/it\/i-vigneti-old\/\",\"name\":\"I vigneti - old | Tenuta Santom\u00e8 - Vini, meeting e resortI vigneti - old | Tenuta Santom\u00e8 - Wines, meetings and resortI vigneti - old | Tenuta Santom\u00e8 - Weine, meetings und resort\",\"isPartOf\":{\"@id\":\"https:\/\/www.tenutasantome.com\/it\/#website\"},\"primaryImageOfPage\":{\"@id\":\"https:\/\/www.tenutasantome.com\/it\/i-vigneti-old\/#primaryimage\"},\"image\":{\"@id\":\"https:\/\/www.tenutasantome.com\/it\/i-vigneti-old\/#primaryimage\"},\"thumbnailUrl\":\"https:\/\/www.tenutasantome.com\/wp-content\/uploads\/2018\/10\/i-vigneti-banner.jpg\",\"datePublished\":\"2018-06-28T14:35:52+00:00\",\"dateModified\":\"2025-09-17T12:17:43+00:00\",\"description\":\"La Tenuta Santom\u00e8 produce i propri vini solo con uve provenienti dai 75 ettari di propriet\u00e0 in provincia di Treviso ma in 4 zone con terreni differenti\",\"breadcrumb\":{\"@id\":\"https:\/\/www.tenutasantome.com\/it\/i-vigneti-old\/#breadcrumb\"},\"inLanguage\":\"it-IT\",\"potentialAction\":[{\"@type\":\"ReadAction\",\"target\":[[\"https:\/\/www.tenutasantome.com\/it\/i-vigneti-old\/\"]]}]},{\"@type\":\"ImageObject\",\"inLanguage\":\"it-IT\",\"@id\":\"https:\/\/www.tenutasantome.com\/it\/i-vigneti-old\/#primaryimage\",\"url\":\"https:\/\/www.tenutasantome.com\/wp-content\/uploads\/2018\/10\/i-vigneti-banner.jpg\",\"contentUrl\":\"https:\/\/www.tenutasantome.com\/wp-content\/uploads\/2018\/10\/i-vigneti-banner.jpg\",\"width\":1900,\"height\":720},{\"@type\":\"BreadcrumbList\",\"@id\":\"https:\/\/www.tenutasantome.com\/it\/i-vigneti-old\/#breadcrumb\",\"itemListElement\":[{\"@type\":\"ListItem\",\"position\":1,\"name\":\"Home\",\"item\":\"https:\/\/www.tenutasantome.com\/it\/\"},{\"@type\":\"ListItem\",\"position\":2,\"name\":\"I vigneti &#8211; old\"}]},{\"@type\":\"WebSite\",\"@id\":\"https:\/\/www.tenutasantome.com\/it\/#website\",\"url\":\"https:\/\/www.tenutasantome.com\/it\/\",\"name\":\"Tenuta Santom\u00e8\",\"description\":\"Vini, meeting e resort\",\"potentialAction\":[{\"@type\":\"SearchAction\",\"target\":{\"@type\":\"EntryPoint\",\"urlTemplate\":\"https:\/\/www.tenutasantome.com\/it\/?s={search_term_string}\"},\"query-input\":{\"@type\":\"PropertyValueSpecification\",\"valueRequired\":true,\"valueName\":\"search_term_string\"}}],\"inLanguage\":\"it-IT\"}]}<\/script>\n<!-- \/ Yoast SEO plugin. -->","yoast_head_json":{"title":"I vigneti - old | Tenuta Santom\u00e8 - Vini, meeting e resortI vigneti - old | Tenuta Santom\u00e8 - Wines, meetings and resortI vigneti - old | Tenuta Santom\u00e8 - Weine, meetings und resort","description":"La Tenuta Santom\u00e8 produce i propri vini solo con uve provenienti dai 75 ettari di propriet\u00e0 in provincia di Treviso ma in 4 zone con terreni differenti","robots":{"index":"index","follow":"follow","max-snippet":"max-snippet:-1","max-image-preview":"max-image-preview:large","max-video-preview":"max-video-preview:-1"},"canonical":"https:\/\/www.tenutasantome.com\/it\/i-vigneti-old\/","og_locale":"it_IT","og_type":"article","og_title":"I vigneti - old | Tenuta Santom\u00e8 - Vini, meeting e resortI vigneti - old | Tenuta Santom\u00e8 - Wines, meetings and resortI vigneti - old | Tenuta Santom\u00e8 - Weine, meetings und resort","og_description":"La Tenuta Santom\u00e8 produce i propri vini solo con uve provenienti dai 75 ettari di propriet\u00e0 in provincia di Treviso ma in 4 zone con terreni differenti","og_url":"https:\/\/www.tenutasantome.com\/it\/i-vigneti-old\/","og_site_name":"Tenuta Santom\u00e8","article_modified_time":"2025-09-17T12:17:43+00:00","og_image":[{"width":1900,"height":720,"url":"https:\/\/www.tenutasantome.com\/wp-content\/uploads\/2018\/10\/i-vigneti-banner.jpg","type":"image\/jpeg"}],"twitter_card":"summary_large_image","twitter_misc":{"Tempo di lettura stimato":"4 minuti"},"schema":{"@context":"https:\/\/schema.org","@graph":[{"@type":"WebPage","@id":"https:\/\/www.tenutasantome.com\/it\/i-vigneti-old\/","url":"https:\/\/www.tenutasantome.com\/it\/i-vigneti-old\/","name":"I vigneti - old | Tenuta Santom\u00e8 - Vini, meeting e resortI vigneti - old | Tenuta Santom\u00e8 - Wines, meetings and resortI vigneti - old | Tenuta Santom\u00e8 - Weine, meetings und resort","isPartOf":{"@id":"https:\/\/www.tenutasantome.com\/it\/#website"},"primaryImageOfPage":{"@id":"https:\/\/www.tenutasantome.com\/it\/i-vigneti-old\/#primaryimage"},"image":{"@id":"https:\/\/www.tenutasantome.com\/it\/i-vigneti-old\/#primaryimage"},"thumbnailUrl":"https:\/\/www.tenutasantome.com\/wp-content\/uploads\/2018\/10\/i-vigneti-banner.jpg","datePublished":"2018-06-28T14:35:52+00:00","dateModified":"2025-09-17T12:17:43+00:00","description":"La Tenuta Santom\u00e8 produce i propri vini solo con uve provenienti dai 75 ettari di propriet\u00e0 in provincia di Treviso ma in 4 zone con terreni differenti","breadcrumb":{"@id":"https:\/\/www.tenutasantome.com\/it\/i-vigneti-old\/#breadcrumb"},"inLanguage":"it-IT","potentialAction":[{"@type":"ReadAction","target":[["https:\/\/www.tenutasantome.com\/it\/i-vigneti-old\/"]]}]},{"@type":"ImageObject","inLanguage":"it-IT","@id":"https:\/\/www.tenutasantome.com\/it\/i-vigneti-old\/#primaryimage","url":"https:\/\/www.tenutasantome.com\/wp-content\/uploads\/2018\/10\/i-vigneti-banner.jpg","contentUrl":"https:\/\/www.tenutasantome.com\/wp-content\/uploads\/2018\/10\/i-vigneti-banner.jpg","width":1900,"height":720},{"@type":"BreadcrumbList","@id":"https:\/\/www.tenutasantome.com\/it\/i-vigneti-old\/#breadcrumb","itemListElement":[{"@type":"ListItem","position":1,"name":"Home","item":"https:\/\/www.tenutasantome.com\/it\/"},{"@type":"ListItem","position":2,"name":"I vigneti &#8211; old"}]},{"@type":"WebSite","@id":"https:\/\/www.tenutasantome.com\/it\/#website","url":"https:\/\/www.tenutasantome.com\/it\/","name":"Tenuta Santom\u00e8","description":"Vini, meeting e resort","potentialAction":[{"@type":"SearchAction","target":{"@type":"EntryPoint","urlTemplate":"https:\/\/www.tenutasantome.com\/it\/?s={search_term_string}"},"query-input":{"@type":"PropertyValueSpecification","valueRequired":true,"valueName":"search_term_string"}}],"inLanguage":"it-IT"}]}},"_links":{"self":[{"href":"https:\/\/www.tenutasantome.com\/it\/wp-json\/wp\/v2\/pages\/139","targetHints":{"allow":["GET"]}}],"collection":[{"href":"https:\/\/www.tenutasantome.com\/it\/wp-json\/wp\/v2\/pages"}],"about":[{"href":"https:\/\/www.tenutasantome.com\/it\/wp-json\/wp\/v2\/types\/page"}],"author":[{"embeddable":true,"href":"https:\/\/www.tenutasantome.com\/it\/wp-json\/wp\/v2\/users\/2"}],"replies":[{"embeddable":true,"href":"https:\/\/www.tenutasantome.com\/it\/wp-json\/wp\/v2\/comments?post=139"}],"version-history":[{"count":3,"href":"https:\/\/www.tenutasantome.com\/it\/wp-json\/wp\/v2\/pages\/139\/revisions"}],"predecessor-version":[{"id":5558,"href":"https:\/\/www.tenutasantome.com\/it\/wp-json\/wp\/v2\/pages\/139\/revisions\/5558"}],"wp:featuredmedia":[{"embeddable":true,"href":"https:\/\/www.tenutasantome.com\/it\/wp-json\/wp\/v2\/media\/1382"}],"wp:attachment":[{"href":"https:\/\/www.tenutasantome.com\/it\/wp-json\/wp\/v2\/media?parent=139"}],"curies":[{"name":"wp","href":"https:\/\/api.w.org\/{rel}","templated":true}]}}