{"id":1331,"date":"2018-09-26T12:52:24","date_gmt":"2018-09-26T10:52:24","guid":{"rendered":"https:\/\/www.tenutasantome.com\/it\/?page_id=1331"},"modified":"2025-11-25T16:29:35","modified_gmt":"2025-11-25T15:29:35","slug":"staff","status":"publish","type":"page","link":"https:\/\/www.tenutasantome.com\/it\/staff\/","title":{"rendered":"Staff"},"content":{"rendered":"<div class=\"wpb-content-wrapper\"><p>[vc_row el_id=&#8221;row-overlay&#8221;][vc_column width=&#8221;1\/2&#8243;][vc_custom_heading text=&#8221;IL NOSTRO STAFF&#8221; use_theme_fonts=&#8221;yes&#8221;][vc_column_text]<span style=\"font-weight: 400;\">Il successo di ogni azienda \u00e8 dato dall\u2019apporto importante e fondamentale dei propri \u00a0collaboratori.<\/span><\/p>\n<p><span style=\"font-weight: 400;\">I nostri \u201cragazzi\u201d sono la colonna importante della Santom\u00e8 e un grazie particolare va rivolto proprio a loro per la preziosa disponibilit\u00e0 e competenza sorrette dall\u2019amore per il proprio lavoro.<\/span>[\/vc_column_text][\/vc_column][vc_column width=&#8221;1\/2&#8243;][\/vc_column][\/vc_row][vc_row][vc_column][vc_empty_space height=&#8221;50px&#8221;][\/vc_column][\/vc_row][vc_row css_animation=&#8221;fadeInUp&#8221;][vc_column width=&#8221;1\/4&#8243;][vc_single_image image=&#8221;1367&#8243; img_size=&#8221;full&#8221; alignment=&#8221;center&#8221;][vc_custom_heading text=&#8221;Silvia&#8221; font_container=&#8221;tag:h4|text_align:center&#8221; use_theme_fonts=&#8221;yes&#8221;][vc_column_text css=&#8221;.vc_custom_1569245400175{margin-top: 0px !important;}&#8221;]<\/p>\n<p style=\"text-align: center;\">Responsabile amministrazione<\/p>\n<p>[\/vc_column_text][\/vc_column][vc_column width=&#8221;1\/4&#8243;][vc_single_image image=&#8221;1360&#8243; img_size=&#8221;full&#8221; alignment=&#8221;center&#8221;][vc_custom_heading text=&#8221;Jlenia&#8221; font_container=&#8221;tag:h4|text_align:center&#8221; use_theme_fonts=&#8221;yes&#8221;][vc_column_text css=&#8221;.vc_custom_1536146498588{margin-top: 0px !important;}&#8221;]<\/p>\n<p style=\"text-align: center;\">Responsabile spedizioni e commercio estero<\/p>\n<p>[\/vc_column_text][\/vc_column][vc_column width=&#8221;1\/4&#8243;][vc_single_image image=&#8221;3290&#8243; img_size=&#8221;full&#8221; alignment=&#8221;center&#8221;][vc_custom_heading text=&#8221;Ni&#8221; font_container=&#8221;tag:h4|text_align:center&#8221; use_theme_fonts=&#8221;yes&#8221; css=&#8221;&#8221;][vc_column_text css=&#8221;.vc_custom_1569245379546{margin-top: 0px !important;}&#8221;]<\/p>\n<p style=\"text-align: center;\">Responsabile B&amp;B ed accoglienza<\/p>\n<p>[\/vc_column_text][\/vc_column][vc_column width=&#8221;1\/4&#8243;][vc_single_image image=&#8221;3799&#8243; img_size=&#8221;full&#8221; alignment=&#8221;center&#8221;][vc_custom_heading text=&#8221;Ornella&#8221; font_container=&#8221;tag:h4|text_align:center&#8221; use_theme_fonts=&#8221;yes&#8221;][vc_column_text css=&#8221;.vc_custom_1598259537553{margin-top: 0px !important;}&#8221;]<\/p>\n<p style=\"text-align: center;\">Responsabile colazione e pulizia ambienti<\/p>\n<p>[\/vc_column_text][\/vc_column][\/vc_row][vc_row css_animation=&#8221;fadeInUp&#8221;][vc_column width=&#8221;1\/4&#8243;][vc_single_image image=&#8221;1357&#8243; img_size=&#8221;full&#8221; alignment=&#8221;center&#8221;][vc_custom_heading text=&#8221;Ezio&#8221; font_container=&#8221;tag:h4|text_align:center&#8221; use_theme_fonts=&#8221;yes&#8221;][vc_column_text css=&#8221;.vc_custom_1537961499356{margin-top: 0px !important;}&#8221;]<\/p>\n<p style=\"text-align: center;\">Responsabile imbottigliamento, spedizioni e manutenzioni varie<\/p>\n<p>[\/vc_column_text][\/vc_column][vc_column width=&#8221;1\/4&#8243;][vc_single_image image=&#8221;1362&#8243; img_size=&#8221;full&#8221; alignment=&#8221;center&#8221;][vc_custom_heading text=&#8221;Marco&#8221; font_container=&#8221;tag:h4|text_align:center&#8221; use_theme_fonts=&#8221;yes&#8221;][vc_column_text css=&#8221;.vc_custom_1588231066475{margin-top: 0px !important;}&#8221;]<\/p>\n<p style=\"text-align: center;\">Enotecnico e Responsabile Cantina<\/p>\n<p>[\/vc_column_text][\/vc_column][vc_column width=&#8221;1\/4&#8243;][vc_single_image image=&#8221;1364&#8243; img_size=&#8221;full&#8221; alignment=&#8221;center&#8221;][vc_custom_heading text=&#8221;Massimo&#8221; font_container=&#8221;tag:h4|text_align:center&#8221; use_theme_fonts=&#8221;yes&#8221;][vc_column_text css=&#8221;.vc_custom_1536146598742{margin-top: 0px !important;}&#8221;]<\/p>\n<p style=\"text-align: center;\">Responsabile vigneti Calandrine, Bosco Coste e Nonno Toni<\/p>\n<p>[\/vc_column_text][\/vc_column][vc_column width=&#8221;1\/4&#8243;][vc_single_image image=&#8221;1356&#8243; img_size=&#8221;full&#8221; alignment=&#8221;center&#8221;][vc_custom_heading text=&#8221;Amandeep&#8221; font_container=&#8221;tag:h4|text_align:center&#8221; use_theme_fonts=&#8221;yes&#8221;][vc_column_text css=&#8221;.vc_custom_1642496144790{margin-top: 0px !important;}&#8221;]Collaboratore reparto imbottigliamento e cantina[\/vc_column_text][\/vc_column][\/vc_row][vc_row css_animation=&#8221;fadeInUp&#8221;][vc_column width=&#8221;1\/4&#8243;][vc_single_image image=&#8221;1358&#8243; img_size=&#8221;full&#8221; alignment=&#8221;center&#8221;][vc_custom_heading text=&#8221;Giacomo&#8221; font_container=&#8221;tag:h4|text_align:center&#8221; use_theme_fonts=&#8221;yes&#8221;][vc_column_text css=&#8221;.vc_custom_1536146613646{margin-top: 0px !important;}&#8221;]<\/p>\n<p style=\"text-align: center;\">Responsabile vigneti Carboncine<\/p>\n<p>[\/vc_column_text][\/vc_column][vc_column width=&#8221;1\/4&#8243;][vc_single_image image=&#8221;1359&#8243; img_size=&#8221;full&#8221; alignment=&#8221;center&#8221;][vc_custom_heading text=&#8221;Harpreet &#8211; &#8220;Happy&#8220;&#8221; font_container=&#8221;tag:h4|text_align:center&#8221; use_theme_fonts=&#8221;yes&#8221;][vc_column_text css=&#8221;.vc_custom_1642496161700{margin-top: 0px !important;}&#8221;]Responsabile lavorazioni meccaniche nei vigneti[\/vc_column_text][\/vc_column][vc_column width=&#8221;1\/4&#8243;][vc_single_image image=&#8221;1361&#8243; img_size=&#8221;full&#8221; alignment=&#8221;center&#8221;][vc_custom_heading text=&#8221;Vinod &#8211; &#8220;Johnny&#8220;&#8221; font_container=&#8221;tag:h4|text_align:center&#8221; use_theme_fonts=&#8221;yes&#8221;][vc_column_text css=&#8221;.vc_custom_1642496178743{margin-top: 0px !important;}&#8221;]Collaboratore lavorazione vigneti e cantina[\/vc_column_text][\/vc_column][\/vc_row][vc_row css_animation=&#8221;fadeInUp&#8221;][vc_column width=&#8221;1\/4&#8243;][vc_single_image image=&#8221;1525&#8243; img_size=&#8221;full&#8221; alignment=&#8221;center&#8221;][vc_custom_heading text=&#8221;Marzio Pol&#8221; font_container=&#8221;tag:h4|text_align:center&#8221; use_theme_fonts=&#8221;yes&#8221;][vc_column_text css=&#8221;.vc_custom_1536146656654{margin-top: 0px !important;}&#8221;]<\/p>\n<p style=\"text-align: center;\">Consulente enologo<\/p>\n<p>[\/vc_column_text][\/vc_column][vc_column width=&#8221;1\/4&#8243;][vc_single_image image=&#8221;1529&#8243; img_size=&#8221;full&#8221; alignment=&#8221;center&#8221;][vc_custom_heading text=&#8221;Flores Modolo&#8221; font_container=&#8221;tag:h4|text_align:center&#8221; use_theme_fonts=&#8221;yes&#8221;][vc_column_text css=&#8221;.vc_custom_1536146696389{margin-top: 0px !important;}&#8221;]<\/p>\n<p style=\"text-align: center;\">Consulente agronomo<\/p>\n<p>[\/vc_column_text][\/vc_column][\/vc_row]<\/p>\n<\/div>","protected":false},"excerpt":{"rendered":"[vc_row el_id=&#8221;row-overlay&#8221;][vc_column width=&#8221;1\/2&#8243;][vc_custom_heading text=&#8221;IL NOSTRO STAFF&#8221; use_theme_fonts=&#8221;yes&#8221;][vc_column_text]Il successo di ogni azienda \u00e8 dato dall\u2019apporto importante e fondamentale dei propri \u00a0collaboratori. I nostri \u201cragazzi\u201d sono la colonna importante della Santom\u00e8 e un grazie particolare va rivolto proprio a loro per la preziosa disponibilit\u00e0 e competenza sorrette dall\u2019amore per il proprio lavoro.[\/vc_column_text][\/vc_column][vc_column width=&#8221;1\/2&#8243;][\/vc_column][\/vc_row][vc_row][vc_column][vc_empty_space height=&#8221;50px&#8221;][\/vc_column][\/vc_row][vc_row css_animation=&#8221;fadeInUp&#8221;][vc_column width=&#8221;1\/4&#8243;][vc_single_image image=&#8221;1367&#8243; [&hellip;]","protected":false},"author":2,"featured_media":1355,"parent":0,"menu_order":0,"comment_status":"closed","ping_status":"closed","template":"","meta":{"_acf_changed":false,"footnotes":""},"class_list":["post-1331","page","type-page","status-publish","hentry"],"acf":[],"yoast_head":"<!-- This site is optimized with the Yoast SEO plugin v25.3.1 - https:\/\/yoast.com\/wordpress\/plugins\/seo\/ -->\n<title>Staff | Tenuta Santom\u00e8 - Vini, meeting e resortStaff | Tenuta Santom\u00e8 - Wines, meetings and resortStaff | Tenuta Santom\u00e8 - Weine, meetings und resort<\/title>\n<meta name=\"description\" content=\"Lo staff della Tenuta Santom\u00e8, perch\u00e8 il successo di ogni azienda \u00e8 dato dall\u2019apporto fondamentale dei propri\u00a0collaboratori.\" \/>\n<meta name=\"robots\" content=\"index, follow, max-snippet:-1, max-image-preview:large, max-video-preview:-1\" \/>\n<link rel=\"canonical\" href=\"https:\/\/www.tenutasantome.com\/it\/staff\/\" \/>\n<meta property=\"og:locale\" content=\"it_IT\" \/>\n<meta property=\"og:type\" content=\"article\" \/>\n<meta property=\"og:title\" content=\"Staff | Tenuta Santom\u00e8 - Vini, meeting e resortStaff | Tenuta Santom\u00e8 - Wines, meetings and resortStaff | Tenuta Santom\u00e8 - Weine, meetings und resort\" \/>\n<meta property=\"og:description\" content=\"Lo staff della Tenuta Santom\u00e8, perch\u00e8 il successo di ogni azienda \u00e8 dato dall\u2019apporto fondamentale dei propri\u00a0collaboratori.\" \/>\n<meta property=\"og:url\" content=\"https:\/\/www.tenutasantome.com\/it\/staff\/\" \/>\n<meta property=\"og:site_name\" content=\"Tenuta Santom\u00e8\" \/>\n<meta property=\"article:modified_time\" content=\"2025-11-25T15:29:35+00:00\" \/>\n<meta property=\"og:image\" content=\"https:\/\/www.tenutasantome.com\/wp-content\/uploads\/2018\/09\/staff-santome-banner.jpg\" \/>\n\t<meta property=\"og:image:width\" content=\"1920\" \/>\n\t<meta property=\"og:image:height\" content=\"550\" \/>\n\t<meta property=\"og:image:type\" content=\"image\/jpeg\" \/>\n<meta name=\"twitter:card\" content=\"summary_large_image\" \/>\n<meta name=\"twitter:label1\" content=\"Tempo di lettura stimato\" \/>\n\t<meta name=\"twitter:data1\" content=\"10 minuti\" \/>\n<script type=\"application\/ld+json\" class=\"yoast-schema-graph\">{\"@context\":\"https:\/\/schema.org\",\"@graph\":[{\"@type\":\"WebPage\",\"@id\":\"https:\/\/www.tenutasantome.com\/it\/staff\/\",\"url\":\"https:\/\/www.tenutasantome.com\/it\/staff\/\",\"name\":\"Staff | Tenuta Santom\u00e8 - Vini, meeting e resortStaff | Tenuta Santom\u00e8 - Wines, meetings and resortStaff | Tenuta Santom\u00e8 - Weine, meetings und resort\",\"isPartOf\":{\"@id\":\"https:\/\/www.tenutasantome.com\/it\/#website\"},\"primaryImageOfPage\":{\"@id\":\"https:\/\/www.tenutasantome.com\/it\/staff\/#primaryimage\"},\"image\":{\"@id\":\"https:\/\/www.tenutasantome.com\/it\/staff\/#primaryimage\"},\"thumbnailUrl\":\"https:\/\/www.tenutasantome.com\/wp-content\/uploads\/2018\/09\/staff-santome-banner.jpg\",\"datePublished\":\"2018-09-26T10:52:24+00:00\",\"dateModified\":\"2025-11-25T15:29:35+00:00\",\"description\":\"Lo staff della Tenuta Santom\u00e8, perch\u00e8 il successo di ogni azienda \u00e8 dato dall\u2019apporto fondamentale dei propri\u00a0collaboratori.\",\"breadcrumb\":{\"@id\":\"https:\/\/www.tenutasantome.com\/it\/staff\/#breadcrumb\"},\"inLanguage\":\"it-IT\",\"potentialAction\":[{\"@type\":\"ReadAction\",\"target\":[[\"https:\/\/www.tenutasantome.com\/it\/staff\/\"]]}]},{\"@type\":\"ImageObject\",\"inLanguage\":\"it-IT\",\"@id\":\"https:\/\/www.tenutasantome.com\/it\/staff\/#primaryimage\",\"url\":\"https:\/\/www.tenutasantome.com\/wp-content\/uploads\/2018\/09\/staff-santome-banner.jpg\",\"contentUrl\":\"https:\/\/www.tenutasantome.com\/wp-content\/uploads\/2018\/09\/staff-santome-banner.jpg\",\"width\":1920,\"height\":550},{\"@type\":\"BreadcrumbList\",\"@id\":\"https:\/\/www.tenutasantome.com\/it\/staff\/#breadcrumb\",\"itemListElement\":[{\"@type\":\"ListItem\",\"position\":1,\"name\":\"Home\",\"item\":\"https:\/\/www.tenutasantome.com\/it\/\"},{\"@type\":\"ListItem\",\"position\":2,\"name\":\"Staff\"}]},{\"@type\":\"WebSite\",\"@id\":\"https:\/\/www.tenutasantome.com\/it\/#website\",\"url\":\"https:\/\/www.tenutasantome.com\/it\/\",\"name\":\"Tenuta Santom\u00e8\",\"description\":\"Vini, meeting e resort\",\"potentialAction\":[{\"@type\":\"SearchAction\",\"target\":{\"@type\":\"EntryPoint\",\"urlTemplate\":\"https:\/\/www.tenutasantome.com\/it\/?s={search_term_string}\"},\"query-input\":{\"@type\":\"PropertyValueSpecification\",\"valueRequired\":true,\"valueName\":\"search_term_string\"}}],\"inLanguage\":\"it-IT\"}]}<\/script>\n<!-- \/ Yoast SEO plugin. -->","yoast_head_json":{"title":"Staff | Tenuta Santom\u00e8 - Vini, meeting e resortStaff | Tenuta Santom\u00e8 - Wines, meetings and resortStaff | Tenuta Santom\u00e8 - Weine, meetings und resort","description":"Lo staff della Tenuta Santom\u00e8, perch\u00e8 il successo di ogni azienda \u00e8 dato dall\u2019apporto fondamentale dei propri\u00a0collaboratori.","robots":{"index":"index","follow":"follow","max-snippet":"max-snippet:-1","max-image-preview":"max-image-preview:large","max-video-preview":"max-video-preview:-1"},"canonical":"https:\/\/www.tenutasantome.com\/it\/staff\/","og_locale":"it_IT","og_type":"article","og_title":"Staff | Tenuta Santom\u00e8 - Vini, meeting e resortStaff | Tenuta Santom\u00e8 - Wines, meetings and resortStaff | Tenuta Santom\u00e8 - Weine, meetings und resort","og_description":"Lo staff della Tenuta Santom\u00e8, perch\u00e8 il successo di ogni azienda \u00e8 dato dall\u2019apporto fondamentale dei propri\u00a0collaboratori.","og_url":"https:\/\/www.tenutasantome.com\/it\/staff\/","og_site_name":"Tenuta Santom\u00e8","article_modified_time":"2025-11-25T15:29:35+00:00","og_image":[{"width":1920,"height":550,"url":"https:\/\/www.tenutasantome.com\/wp-content\/uploads\/2018\/09\/staff-santome-banner.jpg","type":"image\/jpeg"}],"twitter_card":"summary_large_image","twitter_misc":{"Tempo di lettura stimato":"10 minuti"},"schema":{"@context":"https:\/\/schema.org","@graph":[{"@type":"WebPage","@id":"https:\/\/www.tenutasantome.com\/it\/staff\/","url":"https:\/\/www.tenutasantome.com\/it\/staff\/","name":"Staff | Tenuta Santom\u00e8 - Vini, meeting e resortStaff | Tenuta Santom\u00e8 - Wines, meetings and resortStaff | Tenuta Santom\u00e8 - Weine, meetings und resort","isPartOf":{"@id":"https:\/\/www.tenutasantome.com\/it\/#website"},"primaryImageOfPage":{"@id":"https:\/\/www.tenutasantome.com\/it\/staff\/#primaryimage"},"image":{"@id":"https:\/\/www.tenutasantome.com\/it\/staff\/#primaryimage"},"thumbnailUrl":"https:\/\/www.tenutasantome.com\/wp-content\/uploads\/2018\/09\/staff-santome-banner.jpg","datePublished":"2018-09-26T10:52:24+00:00","dateModified":"2025-11-25T15:29:35+00:00","description":"Lo staff della Tenuta Santom\u00e8, perch\u00e8 il successo di ogni azienda \u00e8 dato dall\u2019apporto fondamentale dei propri\u00a0collaboratori.","breadcrumb":{"@id":"https:\/\/www.tenutasantome.com\/it\/staff\/#breadcrumb"},"inLanguage":"it-IT","potentialAction":[{"@type":"ReadAction","target":[["https:\/\/www.tenutasantome.com\/it\/staff\/"]]}]},{"@type":"ImageObject","inLanguage":"it-IT","@id":"https:\/\/www.tenutasantome.com\/it\/staff\/#primaryimage","url":"https:\/\/www.tenutasantome.com\/wp-content\/uploads\/2018\/09\/staff-santome-banner.jpg","contentUrl":"https:\/\/www.tenutasantome.com\/wp-content\/uploads\/2018\/09\/staff-santome-banner.jpg","width":1920,"height":550},{"@type":"BreadcrumbList","@id":"https:\/\/www.tenutasantome.com\/it\/staff\/#breadcrumb","itemListElement":[{"@type":"ListItem","position":1,"name":"Home","item":"https:\/\/www.tenutasantome.com\/it\/"},{"@type":"ListItem","position":2,"name":"Staff"}]},{"@type":"WebSite","@id":"https:\/\/www.tenutasantome.com\/it\/#website","url":"https:\/\/www.tenutasantome.com\/it\/","name":"Tenuta Santom\u00e8","description":"Vini, meeting e resort","potentialAction":[{"@type":"SearchAction","target":{"@type":"EntryPoint","urlTemplate":"https:\/\/www.tenutasantome.com\/it\/?s={search_term_string}"},"query-input":{"@type":"PropertyValueSpecification","valueRequired":true,"valueName":"search_term_string"}}],"inLanguage":"it-IT"}]}},"_links":{"self":[{"href":"https:\/\/www.tenutasantome.com\/it\/wp-json\/wp\/v2\/pages\/1331","targetHints":{"allow":["GET"]}}],"collection":[{"href":"https:\/\/www.tenutasantome.com\/it\/wp-json\/wp\/v2\/pages"}],"about":[{"href":"https:\/\/www.tenutasantome.com\/it\/wp-json\/wp\/v2\/types\/page"}],"author":[{"embeddable":true,"href":"https:\/\/www.tenutasantome.com\/it\/wp-json\/wp\/v2\/users\/2"}],"replies":[{"embeddable":true,"href":"https:\/\/www.tenutasantome.com\/it\/wp-json\/wp\/v2\/comments?post=1331"}],"version-history":[{"count":1,"href":"https:\/\/www.tenutasantome.com\/it\/wp-json\/wp\/v2\/pages\/1331\/revisions"}],"predecessor-version":[{"id":5622,"href":"https:\/\/www.tenutasantome.com\/it\/wp-json\/wp\/v2\/pages\/1331\/revisions\/5622"}],"wp:featuredmedia":[{"embeddable":true,"href":"https:\/\/www.tenutasantome.com\/it\/wp-json\/wp\/v2\/media\/1355"}],"wp:attachment":[{"href":"https:\/\/www.tenutasantome.com\/it\/wp-json\/wp\/v2\/media?parent=1331"}],"curies":[{"name":"wp","href":"https:\/\/api.w.org\/{rel}","templated":true}]}}