{"id":1292,"date":"2018-09-12T13:18:12","date_gmt":"2018-09-12T11:18:12","guid":{"rendered":"https:\/\/www.tenutasantome.com\/it\/?page_id=1292"},"modified":"2024-11-15T15:32:12","modified_gmt":"2024-11-15T14:32:12","slug":"riconoscimenti-e-premi","status":"publish","type":"page","link":"https:\/\/www.tenutasantome.com\/it\/riconoscimenti-e-premi\/","title":{"rendered":"Riconoscimenti e premi"},"content":{"rendered":"<div class=\"wpb-content-wrapper\"><p>[vc_row el_id=&#8221;row-overlay&#8221;][vc_column width=&#8221;1\/2&#8243;][vc_custom_heading text=&#8221;RICONOSCIMENTI E PREMI&#8221; use_theme_fonts=&#8221;yes&#8221; css=&#8221;&#8221;][vc_empty_space][vc_empty_space][\/vc_column][vc_column width=&#8221;1\/2&#8243;][\/vc_column][\/vc_row][vc_row][vc_column][\/vc_column][\/vc_row][vc_row css_animation=&#8221;fadeInUp&#8221; el_class=&#8221;hand_writing_font&#8221;][vc_column][vc_column_text css=&#8221;&#8221;]<\/p>\n<pre>Come scelta aziendale sin dall\u2019inizio la <em>Santom\u00e8<\/em> ha deciso di <strong>non partecipare<\/strong> a concorsi, guide, riviste e competizioni varie.\r\n\r\nAbbiamo il piacere e il desiderio che il nostro cliente sia <strong>libero da condizionamenti<\/strong> e che possa esprimere il suo giudizio in maniera \r\ntotalmente autonoma seguendo le proprie emozioni e gusti personali.\r\n\r\nSiamo consapevoli che questa scelta pu\u00f2 sembrare controcorrente visto che la pubblicit\u00e0 \u00e8 \u201cl\u2019anima del commercio\u201d, ma <strong>ogni cliente \u00e8 \r\nal centro delle nostre attenzioni<\/strong> e del nostro rispetto, ognuno \u00e8 giudice di se stesso, con le proprie impressioni e convinzioni.\r\n\r\nCi auguriamo che gli amanti del vino possano \u201c<em>toccare con mano<\/em>\u201d i nostri prodotti e che possano apprezzare lo sforzo e l\u2019impegno \r\nquotidiano nel valorizzare i frutti che ogni anno la terra ci dona.\r\n\r\nPossiamo pertanto concludere col nostro motto:\r\n\r\n<i>\u201cNon \u00e8 il nome che fa il prodotto, ma \u00e8 il prodotto che fa il nome\u201d<\/i>\r\n\r\n<i>Alan &amp; William <\/i><\/pre>\n<p>[\/vc_column_text][\/vc_column][\/vc_row]<\/p>\n<\/div>","protected":false},"excerpt":{"rendered":"[vc_row el_id=&#8221;row-overlay&#8221;][vc_column width=&#8221;1\/2&#8243;][vc_custom_heading text=&#8221;RICONOSCIMENTI E PREMI&#8221; use_theme_fonts=&#8221;yes&#8221; css=&#8221;&#8221;][vc_empty_space][vc_empty_space][\/vc_column][vc_column width=&#8221;1\/2&#8243;][\/vc_column][\/vc_row][vc_row][vc_column][\/vc_column][\/vc_row][vc_row css_animation=&#8221;fadeInUp&#8221; el_class=&#8221;hand_writing_font&#8221;][vc_column][vc_column_text css=&#8221;&#8221;] Come scelta aziendale sin dall\u2019inizio la Santom\u00e8 ha deciso di non partecipare a concorsi, guide, riviste e competizioni varie. Abbiamo il piacere e il desiderio che il nostro cliente sia libero da condizionamenti e che possa esprimere il suo giudizio in maniera totalmente [&hellip;]","protected":false},"author":2,"featured_media":1597,"parent":0,"menu_order":0,"comment_status":"closed","ping_status":"closed","template":"","meta":{"_acf_changed":false,"footnotes":""},"class_list":["post-1292","page","type-page","status-publish","hentry"],"acf":[],"yoast_head":"<!-- This site is optimized with the Yoast SEO plugin v25.3.1 - https:\/\/yoast.com\/wordpress\/plugins\/seo\/ -->\n<title>Riconoscimenti e premi | Tenuta Santom\u00e8 - Vini, meeting e resortRiconoscimenti e premi | Tenuta Santom\u00e8 - Wines, meetings and resortRiconoscimenti e premi | Tenuta Santom\u00e8 - Weine, meetings und resort<\/title>\n<meta name=\"description\" content=\"Come scelta aziendale sin dall\u2019inizio la Santom\u00e8 ha deciso di non partecipare a concorsi, guide, riviste e competizioni varie. Scopri perch\u00e8\" \/>\n<meta name=\"robots\" content=\"index, follow, max-snippet:-1, max-image-preview:large, max-video-preview:-1\" \/>\n<link rel=\"canonical\" href=\"https:\/\/www.tenutasantome.com\/it\/riconoscimenti-e-premi\/\" \/>\n<meta property=\"og:locale\" content=\"it_IT\" \/>\n<meta property=\"og:type\" content=\"article\" \/>\n<meta property=\"og:title\" content=\"Riconoscimenti e premi | Tenuta Santom\u00e8 - Vini, meeting e resortRiconoscimenti e premi | Tenuta Santom\u00e8 - Wines, meetings and resortRiconoscimenti e premi | Tenuta Santom\u00e8 - Weine, meetings und resort\" \/>\n<meta property=\"og:description\" content=\"Come scelta aziendale sin dall\u2019inizio la Santom\u00e8 ha deciso di non partecipare a concorsi, guide, riviste e competizioni varie. Scopri perch\u00e8\" \/>\n<meta property=\"og:url\" content=\"https:\/\/www.tenutasantome.com\/it\/riconoscimenti-e-premi\/\" \/>\n<meta property=\"og:site_name\" content=\"Tenuta Santom\u00e8\" \/>\n<meta property=\"article:modified_time\" content=\"2024-11-15T14:32:12+00:00\" \/>\n<meta property=\"og:image\" content=\"https:\/\/www.tenutasantome.com\/wp-content\/uploads\/2018\/10\/banner-riconoscimenti-premi.jpg\" \/>\n\t<meta property=\"og:image:width\" content=\"1378\" \/>\n\t<meta property=\"og:image:height\" content=\"673\" \/>\n\t<meta property=\"og:image:type\" content=\"image\/jpeg\" \/>\n<meta name=\"twitter:card\" content=\"summary_large_image\" \/>\n<meta name=\"twitter:label1\" content=\"Tempo di lettura stimato\" \/>\n\t<meta name=\"twitter:data1\" content=\"1 minuto\" \/>\n<script type=\"application\/ld+json\" class=\"yoast-schema-graph\">{\"@context\":\"https:\/\/schema.org\",\"@graph\":[{\"@type\":\"WebPage\",\"@id\":\"https:\/\/www.tenutasantome.com\/it\/riconoscimenti-e-premi\/\",\"url\":\"https:\/\/www.tenutasantome.com\/it\/riconoscimenti-e-premi\/\",\"name\":\"Riconoscimenti e premi | Tenuta Santom\u00e8 - Vini, meeting e resortRiconoscimenti e premi | Tenuta Santom\u00e8 - Wines, meetings and resortRiconoscimenti e premi | Tenuta Santom\u00e8 - Weine, meetings und resort\",\"isPartOf\":{\"@id\":\"https:\/\/www.tenutasantome.com\/it\/#website\"},\"primaryImageOfPage\":{\"@id\":\"https:\/\/www.tenutasantome.com\/it\/riconoscimenti-e-premi\/#primaryimage\"},\"image\":{\"@id\":\"https:\/\/www.tenutasantome.com\/it\/riconoscimenti-e-premi\/#primaryimage\"},\"thumbnailUrl\":\"https:\/\/www.tenutasantome.com\/wp-content\/uploads\/2018\/10\/banner-riconoscimenti-premi.jpg\",\"datePublished\":\"2018-09-12T11:18:12+00:00\",\"dateModified\":\"2024-11-15T14:32:12+00:00\",\"description\":\"Come scelta aziendale sin dall\u2019inizio la Santom\u00e8 ha deciso di non partecipare a concorsi, guide, riviste e competizioni varie. Scopri perch\u00e8\",\"breadcrumb\":{\"@id\":\"https:\/\/www.tenutasantome.com\/it\/riconoscimenti-e-premi\/#breadcrumb\"},\"inLanguage\":\"it-IT\",\"potentialAction\":[{\"@type\":\"ReadAction\",\"target\":[[\"https:\/\/www.tenutasantome.com\/it\/riconoscimenti-e-premi\/\"]]}]},{\"@type\":\"ImageObject\",\"inLanguage\":\"it-IT\",\"@id\":\"https:\/\/www.tenutasantome.com\/it\/riconoscimenti-e-premi\/#primaryimage\",\"url\":\"https:\/\/www.tenutasantome.com\/wp-content\/uploads\/2018\/10\/banner-riconoscimenti-premi.jpg\",\"contentUrl\":\"https:\/\/www.tenutasantome.com\/wp-content\/uploads\/2018\/10\/banner-riconoscimenti-premi.jpg\",\"width\":1378,\"height\":673},{\"@type\":\"BreadcrumbList\",\"@id\":\"https:\/\/www.tenutasantome.com\/it\/riconoscimenti-e-premi\/#breadcrumb\",\"itemListElement\":[{\"@type\":\"ListItem\",\"position\":1,\"name\":\"Home\",\"item\":\"https:\/\/www.tenutasantome.com\/it\/\"},{\"@type\":\"ListItem\",\"position\":2,\"name\":\"Riconoscimenti e premi\"}]},{\"@type\":\"WebSite\",\"@id\":\"https:\/\/www.tenutasantome.com\/it\/#website\",\"url\":\"https:\/\/www.tenutasantome.com\/it\/\",\"name\":\"Tenuta Santom\u00e8\",\"description\":\"Vini, meeting e resort\",\"potentialAction\":[{\"@type\":\"SearchAction\",\"target\":{\"@type\":\"EntryPoint\",\"urlTemplate\":\"https:\/\/www.tenutasantome.com\/it\/?s={search_term_string}\"},\"query-input\":{\"@type\":\"PropertyValueSpecification\",\"valueRequired\":true,\"valueName\":\"search_term_string\"}}],\"inLanguage\":\"it-IT\"}]}<\/script>\n<!-- \/ Yoast SEO plugin. -->","yoast_head_json":{"title":"Riconoscimenti e premi | Tenuta Santom\u00e8 - Vini, meeting e resortRiconoscimenti e premi | Tenuta Santom\u00e8 - Wines, meetings and resortRiconoscimenti e premi | Tenuta Santom\u00e8 - Weine, meetings und resort","description":"Come scelta aziendale sin dall\u2019inizio la Santom\u00e8 ha deciso di non partecipare a concorsi, guide, riviste e competizioni varie. Scopri perch\u00e8","robots":{"index":"index","follow":"follow","max-snippet":"max-snippet:-1","max-image-preview":"max-image-preview:large","max-video-preview":"max-video-preview:-1"},"canonical":"https:\/\/www.tenutasantome.com\/it\/riconoscimenti-e-premi\/","og_locale":"it_IT","og_type":"article","og_title":"Riconoscimenti e premi | Tenuta Santom\u00e8 - Vini, meeting e resortRiconoscimenti e premi | Tenuta Santom\u00e8 - Wines, meetings and resortRiconoscimenti e premi | Tenuta Santom\u00e8 - Weine, meetings und resort","og_description":"Come scelta aziendale sin dall\u2019inizio la Santom\u00e8 ha deciso di non partecipare a concorsi, guide, riviste e competizioni varie. Scopri perch\u00e8","og_url":"https:\/\/www.tenutasantome.com\/it\/riconoscimenti-e-premi\/","og_site_name":"Tenuta Santom\u00e8","article_modified_time":"2024-11-15T14:32:12+00:00","og_image":[{"width":1378,"height":673,"url":"https:\/\/www.tenutasantome.com\/wp-content\/uploads\/2018\/10\/banner-riconoscimenti-premi.jpg","type":"image\/jpeg"}],"twitter_card":"summary_large_image","twitter_misc":{"Tempo di lettura stimato":"1 minuto"},"schema":{"@context":"https:\/\/schema.org","@graph":[{"@type":"WebPage","@id":"https:\/\/www.tenutasantome.com\/it\/riconoscimenti-e-premi\/","url":"https:\/\/www.tenutasantome.com\/it\/riconoscimenti-e-premi\/","name":"Riconoscimenti e premi | Tenuta Santom\u00e8 - Vini, meeting e resortRiconoscimenti e premi | Tenuta Santom\u00e8 - Wines, meetings and resortRiconoscimenti e premi | Tenuta Santom\u00e8 - Weine, meetings und resort","isPartOf":{"@id":"https:\/\/www.tenutasantome.com\/it\/#website"},"primaryImageOfPage":{"@id":"https:\/\/www.tenutasantome.com\/it\/riconoscimenti-e-premi\/#primaryimage"},"image":{"@id":"https:\/\/www.tenutasantome.com\/it\/riconoscimenti-e-premi\/#primaryimage"},"thumbnailUrl":"https:\/\/www.tenutasantome.com\/wp-content\/uploads\/2018\/10\/banner-riconoscimenti-premi.jpg","datePublished":"2018-09-12T11:18:12+00:00","dateModified":"2024-11-15T14:32:12+00:00","description":"Come scelta aziendale sin dall\u2019inizio la Santom\u00e8 ha deciso di non partecipare a concorsi, guide, riviste e competizioni varie. Scopri perch\u00e8","breadcrumb":{"@id":"https:\/\/www.tenutasantome.com\/it\/riconoscimenti-e-premi\/#breadcrumb"},"inLanguage":"it-IT","potentialAction":[{"@type":"ReadAction","target":[["https:\/\/www.tenutasantome.com\/it\/riconoscimenti-e-premi\/"]]}]},{"@type":"ImageObject","inLanguage":"it-IT","@id":"https:\/\/www.tenutasantome.com\/it\/riconoscimenti-e-premi\/#primaryimage","url":"https:\/\/www.tenutasantome.com\/wp-content\/uploads\/2018\/10\/banner-riconoscimenti-premi.jpg","contentUrl":"https:\/\/www.tenutasantome.com\/wp-content\/uploads\/2018\/10\/banner-riconoscimenti-premi.jpg","width":1378,"height":673},{"@type":"BreadcrumbList","@id":"https:\/\/www.tenutasantome.com\/it\/riconoscimenti-e-premi\/#breadcrumb","itemListElement":[{"@type":"ListItem","position":1,"name":"Home","item":"https:\/\/www.tenutasantome.com\/it\/"},{"@type":"ListItem","position":2,"name":"Riconoscimenti e premi"}]},{"@type":"WebSite","@id":"https:\/\/www.tenutasantome.com\/it\/#website","url":"https:\/\/www.tenutasantome.com\/it\/","name":"Tenuta Santom\u00e8","description":"Vini, meeting e resort","potentialAction":[{"@type":"SearchAction","target":{"@type":"EntryPoint","urlTemplate":"https:\/\/www.tenutasantome.com\/it\/?s={search_term_string}"},"query-input":{"@type":"PropertyValueSpecification","valueRequired":true,"valueName":"search_term_string"}}],"inLanguage":"it-IT"}]}},"_links":{"self":[{"href":"https:\/\/www.tenutasantome.com\/it\/wp-json\/wp\/v2\/pages\/1292","targetHints":{"allow":["GET"]}}],"collection":[{"href":"https:\/\/www.tenutasantome.com\/it\/wp-json\/wp\/v2\/pages"}],"about":[{"href":"https:\/\/www.tenutasantome.com\/it\/wp-json\/wp\/v2\/types\/page"}],"author":[{"embeddable":true,"href":"https:\/\/www.tenutasantome.com\/it\/wp-json\/wp\/v2\/users\/2"}],"replies":[{"embeddable":true,"href":"https:\/\/www.tenutasantome.com\/it\/wp-json\/wp\/v2\/comments?post=1292"}],"version-history":[{"count":10,"href":"https:\/\/www.tenutasantome.com\/it\/wp-json\/wp\/v2\/pages\/1292\/revisions"}],"predecessor-version":[{"id":5026,"href":"https:\/\/www.tenutasantome.com\/it\/wp-json\/wp\/v2\/pages\/1292\/revisions\/5026"}],"wp:featuredmedia":[{"embeddable":true,"href":"https:\/\/www.tenutasantome.com\/it\/wp-json\/wp\/v2\/media\/1597"}],"wp:attachment":[{"href":"https:\/\/www.tenutasantome.com\/it\/wp-json\/wp\/v2\/media?parent=1292"}],"curies":[{"name":"wp","href":"https:\/\/api.w.org\/{rel}","templated":true}]}}