{"id":126,"date":"2018-06-28T16:22:04","date_gmt":"2018-06-28T14:22:04","guid":{"rendered":"https:\/\/www.tenutasantome.com\/it\/?page_id=126"},"modified":"2019-04-04T18:07:40","modified_gmt":"2019-04-04T16:07:40","slug":"origine-del-nome","status":"publish","type":"page","link":"https:\/\/www.tenutasantome.com\/it\/origine-del-nome\/","title":{"rendered":"Origine del nome"},"content":{"rendered":"<div class=\"wpb-content-wrapper\"><p>[vc_row el_id=&#8221;row-overlay&#8221;][vc_column width=&#8221;1\/2&#8243;][vc_custom_heading text=&#8221;ORIGINE DEL NOME&#8221; use_theme_fonts=&#8221;yes&#8221;][vc_column_text]L\u2019origine del nome <strong>Santom\u00e8<\/strong>\u00a0\u00e8 curiosa e storica al tempo stesso.[\/vc_column_text][\/vc_column][vc_column width=&#8221;1\/2&#8243;][\/vc_column][\/vc_row][vc_row css_animation=&#8221;fadeInUp&#8221;][vc_column width=&#8221;1\/2&#8243;][vc_empty_space][vc_column_text]Nel 1999 acquistati i 30 ettari a Roncade e deciso di attrezzarlo ad azienda vinicola alla famiglia Spinazz\u00e8 non resta la scelta del nome. Allora, come si fa spesso per i neonati, si pensa alle origini, ai predecessori, a qualche aneddoto curioso.<\/p>\n<p>Consultati i precedenti proprietari, <strong>dal Brasile<\/strong> il 13 Agosto 1999 arriv\u00f2 un telegramma da chi aveva vissuto la propria infanzia proprio nei locali dove ora sorge il B&amp;B: \u201c<i>La si chiami Azienda Santom\u00e8 (San Tommaso), un apostolo curioso che voleva vedere per credere\u201d<\/i>, firmato \u201c<i><strong>Padre Gino Serafin<\/strong>, nato esattamente 63 anni fa in quella terra del buon vino\u201d.<\/i><\/p>\n<p>La proposta \u00e8 originale, verace, che sorge spontanea da chi, quella terra, la conosce bene nei suoi frutti, nei suoi sudori, nella sua qualit\u00e0.[\/vc_column_text][vc_column_text]<a href=\"#padreginoserafin\">Padre Gino Serafin la sua missione in Brasile &gt;<\/a>[\/vc_column_text][vc_single_image image=&#8221;1197&#8243; img_size=&#8221;full&#8221; alignment=&#8221;center&#8221;][vc_column_text]<\/p>\n<p style=\"text-align: center;\"><span style=\"color: #808080;\"><em>Padre Gino Serafin &#8211; Luglio 2001<\/em><\/span><\/p>\n<p>[\/vc_column_text][\/vc_column][vc_column width=&#8221;1\/2&#8243;][vc_single_image image=&#8221;735&#8243; img_size=&#8221;full&#8221; onclick=&#8221;link_image&#8221;][\/vc_column][\/vc_row][vc_row css_animation=&#8221;fadeInUp&#8221;][vc_column][vc_separator][\/vc_column][\/vc_row][vc_row css_animation=&#8221;fadeInUp&#8221;][vc_column][vc_custom_heading text=&#8221;Il marchio&#8221; use_theme_fonts=&#8221;yes&#8221;][\/vc_column][\/vc_row][vc_row css_animation=&#8221;fadeInUp&#8221;][vc_column width=&#8221;1\/2&#8243;][vc_column_text]Indovinato nello stile e nei colori, il marchio, quasi un sigillo di garanzia, \u00e8 l\u2019elemento che pi\u00f9 risalta e pi\u00f9 da tono all\u2019etichetta. Ritrae l<strong>\u2019apostolo San Tommaso (Santom\u00e8)<\/strong>.<\/p>\n<p>Quel Santo con <strong>le dita a squadra<\/strong>, che sembrano voler essere lo strumento per misurare e verificare qualsiasi cosa, incarna perfettamente lo spirito dei nostri moderni imprenditori: spirito che valorizza ed esalta le <strong>innovazioni tipiche della creativit\u00e0 del Nord-Est<\/strong>, e la qualit\u00e0 genuina di un prodotto che affonda le sue radici nella pi\u00f9 schietta cultura contadina.<\/p>\n<p>Nell&#8217;arte del Medioevo e degli inizi del &#8216;700, San Tommaso viene spesso ritratto con una squadra in mano: si tratta della <strong>squadra di architetto<\/strong>, poich\u00e9 doveva costruire un palazzo per il re Gond\u00f2foro, in India, come narrano alcuni Vangeli apocrifi.[\/vc_column_text][vc_column_text]Con la squadra appare anche nella statua del portale orientale del Duomo di Bamberga (1230) in Baviera (Germania): per questo \u00e8 considerato il <strong>patrono degli architetti e degli ingegneri<\/strong>.<\/p>\n<p>\u00c8 significativo, inoltre, il fatto che l&#8217;immagine riprodotta nel marchio si presti ad una doppia angolatura: la squadra e il naso.<\/p>\n<p><em>&#8220;Sono come San Tommaso: non ci credo se non ci metto il naso&#8221;<\/em> (detto popolare).<\/p>\n<p><strong>Il cliente tocchi pure con mano, tasti i nostri prodotti, e verificher\u00e0 la loro qualit\u00e0, la seriet\u00e0 e precisione con cui sono stati realizzati.<\/strong>[\/vc_column_text][\/vc_column][vc_column width=&#8221;1\/2&#8243;][vc_single_image image=&#8221;1193&#8243; img_size=&#8221;full&#8221;][\/vc_column][\/vc_row][vc_row equal_height=&#8221;yes&#8221; content_placement=&#8221;middle&#8221; css_animation=&#8221;fadeInUp&#8221;][vc_column width=&#8221;1\/2&#8243;][vc_single_image image=&#8221;1190&#8243; img_size=&#8221;full&#8221; alignment=&#8221;center&#8221;][\/vc_column][vc_column width=&#8221;1\/2&#8243;][vc_single_image image=&#8221;1375&#8243; img_size=&#8221;full&#8221;][\/vc_column][\/vc_row][vc_row css_animation=&#8221;fadeInUp&#8221;][vc_column][vc_separator][\/vc_column][\/vc_row][vc_row css_animation=&#8221;fadeInUp&#8221;][vc_column][vc_custom_heading text=&#8221;Payoff: \u201cPassionate winemaking family\u201d&#8221; font_container=&#8221;tag:h3|text_align:left&#8221; use_theme_fonts=&#8221;yes&#8221;][\/vc_column][\/vc_row][vc_row css_animation=&#8221;fadeInUp&#8221;][vc_column][vc_column_text]Volevamo riassumere con 3 semplici parole chi siamo e crediamo che questo payoff esprima al meglio in modo semplice ed immediato il concetto di <strong>una famiglia innamorata del proprio lavoro<\/strong> che sorretta dalla passione cerca di rappresentare al meglio il territorio in cui vive.[\/vc_column_text][vc_single_image image=&#8221;1378&#8243; img_size=&#8221;full&#8221; alignment=&#8221;center&#8221;][\/vc_column][\/vc_row][vc_row css_animation=&#8221;fadeInUp&#8221;][vc_column][vc_separator][\/vc_column][\/vc_row][vc_row css_animation=&#8221;fadeInUp&#8221; el_id=&#8221;padreginoserafin&#8221;][vc_column][vc_custom_heading text=&#8221;Padre Gino Serafin&#8221; use_theme_fonts=&#8221;yes&#8221;][\/vc_column][\/vc_row][vc_row css_animation=&#8221;fadeInUp&#8221;][vc_column width=&#8221;1\/2&#8243;][vc_column_text]Dal 1971 Padre Gino Serafin si occupa del <b>progetto Villaggio Treviso in Rio de Janeiro<\/b>, che ha lo scopo di accogliere i bambini e i ragazzi delle favelas, dare loro un pasto giornaliero e prepararli all\u2019accesso alla scuola pubblica, attraverso una prima alfabetizzazione.<\/p>\n<p>Visita il sito web dedicato al progetto: <b><\/b><a href=\"https:\/\/villaggiotreviso.it\"><b>www.villaggiotreviso.it<\/b><\/a><\/p>\n<p>Il Progetto &#8220;Villaggio Treviso&#8221; \u00e8 stata un&#8217;iniziativa di solidariet\u00e0 durata quasi 20 anni e volta alla prevenzione del fenomeno dei meninos de rua, i bambini di strada di Rio de Janeiro.<\/p>\n<p>Un progetto che ha preso forma negli anni, prima, grazie al suo promotore principale Padre Gino Serafin, missionario in Brasile e dalla collaborazione di molti volontari che hanno messo a servizio del Progetto la propria professionalit\u00e0 e buona volont\u00e0.[\/vc_column_text][\/vc_column][vc_column width=&#8221;1\/2&#8243;][vc_column_text]Villaggio Treviso Onlus sostiene la scuola di elementare Vila Paciencia che, oltre i bambini, accoglie ragazzi di altre et\u00e0 per offrire un percorso educativo.<\/p>\n<p>Si parte quindi da un <strong>centro d&#8217;accoglienza a tempo pieno per la prima infanzia<\/strong> e si passa a un <strong>dopo-scuola per i ragazzi delle elementari e delle medie,<\/strong> fino ai <strong>corsi di formazione professionale<\/strong> (tecnico informatico, elettricista, sarto, estetista, panettiere) per i pi\u00f9 grandi.<\/p>\n<p>La finalit\u00e0 \u00e8 di dare <strong>una concreta possibilit\u00e0 ai giovani di inserirsi nella societ\u00e0<\/strong> in cui sono nati e cresciuti. \u00a0L&#8217;A.Vi.T. &#8211; Associazione Villaggio Treviso, \u00e8 orgogliosa di aver sostenuto negli anni migliaia di bambini e famiglie.[\/vc_column_text][\/vc_column][\/vc_row]<\/p>\n<\/div>","protected":false},"excerpt":{"rendered":"[vc_row el_id=&#8221;row-overlay&#8221;][vc_column width=&#8221;1\/2&#8243;][vc_custom_heading text=&#8221;ORIGINE DEL NOME&#8221; use_theme_fonts=&#8221;yes&#8221;][vc_column_text]L\u2019origine del nome Santom\u00e8\u00a0\u00e8 curiosa e storica al tempo stesso.[\/vc_column_text][\/vc_column][vc_column width=&#8221;1\/2&#8243;][\/vc_column][\/vc_row][vc_row css_animation=&#8221;fadeInUp&#8221;][vc_column width=&#8221;1\/2&#8243;][vc_empty_space][vc_column_text]Nel 1999 acquistati i 30 ettari a Roncade e deciso di attrezzarlo ad azienda vinicola alla famiglia Spinazz\u00e8 non resta la scelta del nome. Allora, come si fa spesso per i neonati, si pensa alle origini, ai [&hellip;]","protected":false},"author":2,"featured_media":129,"parent":0,"menu_order":0,"comment_status":"closed","ping_status":"closed","template":"","meta":{"_acf_changed":false,"footnotes":""},"class_list":["post-126","page","type-page","status-publish","hentry"],"acf":[],"yoast_head":"<!-- This site is optimized with the Yoast SEO plugin v25.3.1 - https:\/\/yoast.com\/wordpress\/plugins\/seo\/ -->\n<title>Origine del nome | Tenuta Santom\u00e8 - Vini, meeting e resortOrigine del nome | Tenuta Santom\u00e8 - Wines, meetings and resortOrigine del nome | Tenuta Santom\u00e8 - Weine, meetings und resort<\/title>\n<meta name=\"description\" content=\"La famiglia Spinazz\u00e8 fece una ricerca sulle sue origini. Consultati i precedenti proprietari, dal Brasile arriv\u00f2 un telegramma firmato \u201cPadre Gino Serafin\u201d.\" \/>\n<meta name=\"robots\" content=\"index, follow, max-snippet:-1, max-image-preview:large, max-video-preview:-1\" \/>\n<link rel=\"canonical\" href=\"https:\/\/www.tenutasantome.com\/it\/origine-del-nome\/\" \/>\n<meta property=\"og:locale\" content=\"it_IT\" \/>\n<meta property=\"og:type\" content=\"article\" \/>\n<meta property=\"og:title\" content=\"Origine del nome | Tenuta Santom\u00e8 - Vini, meeting e resortOrigine del nome | Tenuta Santom\u00e8 - Wines, meetings and resortOrigine del nome | Tenuta Santom\u00e8 - Weine, meetings und resort\" \/>\n<meta property=\"og:description\" content=\"La famiglia Spinazz\u00e8 fece una ricerca sulle sue origini. Consultati i precedenti proprietari, dal Brasile arriv\u00f2 un telegramma firmato \u201cPadre Gino Serafin\u201d.\" \/>\n<meta property=\"og:url\" content=\"https:\/\/www.tenutasantome.com\/it\/origine-del-nome\/\" \/>\n<meta property=\"og:site_name\" content=\"Tenuta Santom\u00e8\" \/>\n<meta property=\"article:modified_time\" content=\"2019-04-04T16:07:40+00:00\" \/>\n<meta property=\"og:image\" content=\"https:\/\/www.tenutasantome.com\/wp-content\/uploads\/2018\/06\/banner-origini-del-nome.jpg\" \/>\n\t<meta property=\"og:image:width\" content=\"1920\" \/>\n\t<meta property=\"og:image:height\" content=\"1168\" \/>\n\t<meta property=\"og:image:type\" content=\"image\/jpeg\" \/>\n<meta name=\"twitter:card\" content=\"summary_large_image\" \/>\n<meta name=\"twitter:label1\" content=\"Tempo di lettura stimato\" \/>\n\t<meta name=\"twitter:data1\" content=\"15 minuti\" \/>\n<script type=\"application\/ld+json\" class=\"yoast-schema-graph\">{\"@context\":\"https:\/\/schema.org\",\"@graph\":[{\"@type\":\"WebPage\",\"@id\":\"https:\/\/www.tenutasantome.com\/it\/origine-del-nome\/\",\"url\":\"https:\/\/www.tenutasantome.com\/it\/origine-del-nome\/\",\"name\":\"Origine del nome | Tenuta Santom\u00e8 - Vini, meeting e resortOrigine del nome | Tenuta Santom\u00e8 - Wines, meetings and resortOrigine del nome | Tenuta Santom\u00e8 - Weine, meetings und resort\",\"isPartOf\":{\"@id\":\"https:\/\/www.tenutasantome.com\/it\/#website\"},\"primaryImageOfPage\":{\"@id\":\"https:\/\/www.tenutasantome.com\/it\/origine-del-nome\/#primaryimage\"},\"image\":{\"@id\":\"https:\/\/www.tenutasantome.com\/origine-del-nome\/#primaryimage\"},\"thumbnailUrl\":\"https:\/\/www.tenutasantome.com\/wp-content\/uploads\/2018\/06\/banner-origini-del-nome.jpg\",\"datePublished\":\"2018-06-28T14:22:04+00:00\",\"dateModified\":\"2019-04-04T16:07:40+00:00\",\"description\":\"La famiglia Spinazz\u00e8 fece una ricerca sulle sue origini. Consultati i precedenti proprietari, dal Brasile arriv\u00f2 un telegramma firmato \u201cPadre Gino Serafin\u201d.\",\"breadcrumb\":{\"@id\":\"https:\/\/www.tenutasantome.com\/it\/origine-del-nome\/#breadcrumb\"},\"inLanguage\":\"it-IT\",\"potentialAction\":[{\"@type\":\"ReadAction\",\"target\":[[\"https:\/\/www.tenutasantome.com\/it\/origine-del-nome\/\"]]}]},{\"@type\":\"ImageObject\",\"inLanguage\":\"it-IT\",\"@id\":\"https:\/\/www.tenutasantome.com\/it\/origine-del-nome\/#primaryimage\",\"url\":\"https:\/\/www.tenutasantome.com\/wp-content\/uploads\/2018\/06\/banner-origini-del-nome.jpg\",\"contentUrl\":\"https:\/\/www.tenutasantome.com\/wp-content\/uploads\/2018\/06\/banner-origini-del-nome.jpg\",\"width\":1920,\"height\":1168},{\"@type\":\"BreadcrumbList\",\"@id\":\"https:\/\/www.tenutasantome.com\/it\/origine-del-nome\/#breadcrumb\",\"itemListElement\":[{\"@type\":\"ListItem\",\"position\":1,\"name\":\"Home\",\"item\":\"https:\/\/www.tenutasantome.com\/it\/\"},{\"@type\":\"ListItem\",\"position\":2,\"name\":\"Origine del nome\"}]},{\"@type\":\"WebSite\",\"@id\":\"https:\/\/www.tenutasantome.com\/it\/#website\",\"url\":\"https:\/\/www.tenutasantome.com\/it\/\",\"name\":\"Tenuta Santom\u00e8\",\"description\":\"Vini, meeting e resort\",\"potentialAction\":[{\"@type\":\"SearchAction\",\"target\":{\"@type\":\"EntryPoint\",\"urlTemplate\":\"https:\/\/www.tenutasantome.com\/it\/?s={search_term_string}\"},\"query-input\":{\"@type\":\"PropertyValueSpecification\",\"valueRequired\":true,\"valueName\":\"search_term_string\"}}],\"inLanguage\":\"it-IT\"}]}<\/script>\n<!-- \/ Yoast SEO plugin. -->","yoast_head_json":{"title":"Origine del nome | Tenuta Santom\u00e8 - Vini, meeting e resortOrigine del nome | Tenuta Santom\u00e8 - Wines, meetings and resortOrigine del nome | Tenuta Santom\u00e8 - Weine, meetings und resort","description":"La famiglia Spinazz\u00e8 fece una ricerca sulle sue origini. Consultati i precedenti proprietari, dal Brasile arriv\u00f2 un telegramma firmato \u201cPadre Gino Serafin\u201d.","robots":{"index":"index","follow":"follow","max-snippet":"max-snippet:-1","max-image-preview":"max-image-preview:large","max-video-preview":"max-video-preview:-1"},"canonical":"https:\/\/www.tenutasantome.com\/it\/origine-del-nome\/","og_locale":"it_IT","og_type":"article","og_title":"Origine del nome | Tenuta Santom\u00e8 - Vini, meeting e resortOrigine del nome | Tenuta Santom\u00e8 - Wines, meetings and resortOrigine del nome | Tenuta Santom\u00e8 - Weine, meetings und resort","og_description":"La famiglia Spinazz\u00e8 fece una ricerca sulle sue origini. Consultati i precedenti proprietari, dal Brasile arriv\u00f2 un telegramma firmato \u201cPadre Gino Serafin\u201d.","og_url":"https:\/\/www.tenutasantome.com\/it\/origine-del-nome\/","og_site_name":"Tenuta Santom\u00e8","article_modified_time":"2019-04-04T16:07:40+00:00","og_image":[{"width":1920,"height":1168,"url":"https:\/\/www.tenutasantome.com\/wp-content\/uploads\/2018\/06\/banner-origini-del-nome.jpg","type":"image\/jpeg"}],"twitter_card":"summary_large_image","twitter_misc":{"Tempo di lettura stimato":"15 minuti"},"schema":{"@context":"https:\/\/schema.org","@graph":[{"@type":"WebPage","@id":"https:\/\/www.tenutasantome.com\/it\/origine-del-nome\/","url":"https:\/\/www.tenutasantome.com\/it\/origine-del-nome\/","name":"Origine del nome | Tenuta Santom\u00e8 - Vini, meeting e resortOrigine del nome | Tenuta Santom\u00e8 - Wines, meetings and resortOrigine del nome | Tenuta Santom\u00e8 - Weine, meetings und resort","isPartOf":{"@id":"https:\/\/www.tenutasantome.com\/it\/#website"},"primaryImageOfPage":{"@id":"https:\/\/www.tenutasantome.com\/it\/origine-del-nome\/#primaryimage"},"image":{"@id":"https:\/\/www.tenutasantome.com\/origine-del-nome\/#primaryimage"},"thumbnailUrl":"https:\/\/www.tenutasantome.com\/wp-content\/uploads\/2018\/06\/banner-origini-del-nome.jpg","datePublished":"2018-06-28T14:22:04+00:00","dateModified":"2019-04-04T16:07:40+00:00","description":"La famiglia Spinazz\u00e8 fece una ricerca sulle sue origini. Consultati i precedenti proprietari, dal Brasile arriv\u00f2 un telegramma firmato \u201cPadre Gino Serafin\u201d.","breadcrumb":{"@id":"https:\/\/www.tenutasantome.com\/it\/origine-del-nome\/#breadcrumb"},"inLanguage":"it-IT","potentialAction":[{"@type":"ReadAction","target":[["https:\/\/www.tenutasantome.com\/it\/origine-del-nome\/"]]}]},{"@type":"ImageObject","inLanguage":"it-IT","@id":"https:\/\/www.tenutasantome.com\/it\/origine-del-nome\/#primaryimage","url":"https:\/\/www.tenutasantome.com\/wp-content\/uploads\/2018\/06\/banner-origini-del-nome.jpg","contentUrl":"https:\/\/www.tenutasantome.com\/wp-content\/uploads\/2018\/06\/banner-origini-del-nome.jpg","width":1920,"height":1168},{"@type":"BreadcrumbList","@id":"https:\/\/www.tenutasantome.com\/it\/origine-del-nome\/#breadcrumb","itemListElement":[{"@type":"ListItem","position":1,"name":"Home","item":"https:\/\/www.tenutasantome.com\/it\/"},{"@type":"ListItem","position":2,"name":"Origine del nome"}]},{"@type":"WebSite","@id":"https:\/\/www.tenutasantome.com\/it\/#website","url":"https:\/\/www.tenutasantome.com\/it\/","name":"Tenuta Santom\u00e8","description":"Vini, meeting e resort","potentialAction":[{"@type":"SearchAction","target":{"@type":"EntryPoint","urlTemplate":"https:\/\/www.tenutasantome.com\/it\/?s={search_term_string}"},"query-input":{"@type":"PropertyValueSpecification","valueRequired":true,"valueName":"search_term_string"}}],"inLanguage":"it-IT"}]}},"_links":{"self":[{"href":"https:\/\/www.tenutasantome.com\/it\/wp-json\/wp\/v2\/pages\/126","targetHints":{"allow":["GET"]}}],"collection":[{"href":"https:\/\/www.tenutasantome.com\/it\/wp-json\/wp\/v2\/pages"}],"about":[{"href":"https:\/\/www.tenutasantome.com\/it\/wp-json\/wp\/v2\/types\/page"}],"author":[{"embeddable":true,"href":"https:\/\/www.tenutasantome.com\/it\/wp-json\/wp\/v2\/users\/2"}],"replies":[{"embeddable":true,"href":"https:\/\/www.tenutasantome.com\/it\/wp-json\/wp\/v2\/comments?post=126"}],"version-history":[{"count":0,"href":"https:\/\/www.tenutasantome.com\/it\/wp-json\/wp\/v2\/pages\/126\/revisions"}],"wp:featuredmedia":[{"embeddable":true,"href":"https:\/\/www.tenutasantome.com\/it\/wp-json\/wp\/v2\/media\/129"}],"wp:attachment":[{"href":"https:\/\/www.tenutasantome.com\/it\/wp-json\/wp\/v2\/media?parent=126"}],"curies":[{"name":"wp","href":"https:\/\/api.w.org\/{rel}","templated":true}]}}