{"id":75,"date":"2018-06-28T14:58:12","date_gmt":"2018-06-28T12:58:12","guid":{"rendered":"https:\/\/www.tenutasantome.com\/it\/?page_id=75"},"modified":"2019-10-22T11:16:52","modified_gmt":"2019-10-22T09:16:52","slug":"famiglia","status":"publish","type":"page","link":"https:\/\/www.tenutasantome.com\/en\/famiglia\/","title":{"rendered":"Family"},"content":{"rendered":"<div class=\"wpb-content-wrapper\"><p>[vc_row el_id=&#8221;row-overlay&#8221;][vc_column width=&#8221;1\/2&#8243;][vc_custom_heading text=&#8221;THIRD GENERATION OF WINEGROWERS AND FIRST GENERATION OF WINEMAKERS&#8221; use_theme_fonts=&#8221;yes&#8221;][\/vc_column][vc_column width=&#8221;1\/2&#8243;][\/vc_column][\/vc_row][vc_row css_animation=&#8221;fadeInUp&#8221;][vc_column width=&#8221;1\/2&#8243;][vc_empty_space height=&#8221;20px&#8221;][vc_column_text]It all began back in 1971, when <strong>grandpa Antonio (aka \u201cToni\u201d)<\/strong>, an expert winegrower who started out as a farmer, purchased 4 hectares in Vazzola, supplying the grapes grown there to the Cantina Sociale di Valdobbiadene.[\/vc_column_text][vc_column_text]In the 1980s, our <strong>dad Armando<\/strong> bought 28 hectares on the <strong>island of Papadopoli<\/strong>, in the process becoming the single largest supplier to the Cantina Sociale di Valdobbiadene (Valdobbiadene Co-operative Winery), with 5,000 quintals of grapes delivered every year.<\/p>\n<p>In 1995, Armando\u2019s son <strong>Alan<\/strong> qualified as an oenologist (from the \u201cC.B. Cerletti\u201d Wine School in Conegliano) and the family then decided to start making its own wine directly. In 1999, <strong>30 hectares were acquired in Roncade, where the two brothers Alan and William decided to build the beautiful Santom\u00e8<\/strong> <strong>winery<\/strong> \u2013\u00a0a project that was at last completed in 2016 with the opening of the new retail outlet and tasting\/conference room.<\/p>\n<p>Subsequently, <strong>3 hectares were purchased in Susegana<\/strong>, in the heart of the Conegliano Valdobbiadene DOCG zone, and in 2018 the company bought another <b>10 hectares in the municipality of Roncade<\/b>, making a <strong>total of 75 hectares under vine<\/strong>.[\/vc_column_text][\/vc_column][vc_column width=&#8221;1\/2&#8243;][vc_single_image image=&#8221;1140&#8243; img_size=&#8221;full&#8221; css_animation=&#8221;fadeInUp&#8221;][vc_column_text]<\/p>\n<p style=\"text-align: center;\"><span style=\"color: #808080;\"><em>May 11, 2016, end of Santom\u00e8 project<\/em><\/span><\/p>\n<p>[\/vc_column_text][\/vc_column][\/vc_row][vc_row css_animation=&#8221;fadeInUp&#8221;][vc_column width=&#8221;1\/2&#8243;][vc_single_image image=&#8221;1570&#8243; img_size=&#8221;full&#8221; alignment=&#8221;center&#8221; css_animation=&#8221;none&#8221; css=&#8221;.vc_custom_1540371002932{margin-bottom: 0px !important;}&#8221;][\/vc_column][vc_column width=&#8221;1\/2&#8243;][vc_empty_space height=&#8221;50px&#8221;][vc_custom_heading text=&#8221;The Spinazz\u00e8 Family&#8221; font_container=&#8221;tag:h3|text_align:left&#8221; use_theme_fonts=&#8221;yes&#8221;][vc_column_text]The ongoing support of <strong>Armando Spinazz\u00e8 (known as Moro)<\/strong> has been a fundamental element in the implementation of the Santom\u00e8 project.[\/vc_column_text][vc_column_text]In 2010, Armando Spinazz\u00e8 was awarded the title of <strong>Cavaliere della Repubblica (Knight of the Italian Republic)<\/strong>.[\/vc_column_text][vc_row_inner][vc_column_inner width=&#8221;1\/3&#8243;][vc_icon icon_fontawesome=&#8221;fa fa-file-pdf-o&#8221; color=&#8221;custom&#8221; size=&#8221;sm&#8221; align=&#8221;center&#8221; css=&#8221;.vc_custom_1536139935244{margin-bottom: 0px !important;border-bottom-width: 0px !important;padding-bottom: 0px !important;}&#8221; custom_color=&#8221;#000000&#8243;][vc_column_text]<\/p>\n<p style=\"text-align: center;\"><a href=\"\/wp-content\/uploads\/2018\/09\/Cavaliere-della-Repubblica.pdf\" target=\"_blank\" rel=\"noopener noreferrer\">Request for the awarding of the title from Governor Luca Zaia, dated 19 February, 2010 &gt;<\/a><\/p>\n<p>[\/vc_column_text][\/vc_column_inner][vc_column_inner width=&#8221;1\/3&#8243;][vc_icon icon_fontawesome=&#8221;fa fa-file-pdf-o&#8221; color=&#8221;custom&#8221; size=&#8221;sm&#8221; align=&#8221;center&#8221; css=&#8221;.vc_custom_1536139935244{margin-bottom: 0px !important;border-bottom-width: 0px !important;padding-bottom: 0px !important;}&#8221; custom_color=&#8221;#000000&#8243;][vc_column_text]<\/p>\n<p style=\"text-align: center;\"><a href=\"\/wp-content\/uploads\/2018\/09\/lettera-Moro-cavaliere.pdf\" target=\"_blank\" rel=\"noopener noreferrer\">Letter awarding the title of Knight of the Italian Republic &gt;<\/a><\/p>\n<p>[\/vc_column_text][\/vc_column_inner][vc_column_inner width=&#8221;1\/3&#8243;][vc_icon icon_fontawesome=&#8221;fa fa-file-pdf-o&#8221; color=&#8221;custom&#8221; size=&#8221;sm&#8221; align=&#8221;center&#8221; css=&#8221;.vc_custom_1536139935244{margin-bottom: 0px !important;border-bottom-width: 0px !important;padding-bottom: 0px !important;}&#8221; custom_color=&#8221;#000000&#8243;][vc_column_text]<\/p>\n<p style=\"text-align: center;\"><a href=\"\/wp-content\/uploads\/2018\/09\/articoli-Moro-Cavaliere.pdf\" target=\"_blank\" rel=\"noopener noreferrer\">Newspaper articles on the awarding of the title &gt;<\/a><\/p>\n<p>[\/vc_column_text][\/vc_column_inner][\/vc_row_inner][\/vc_column][\/vc_row][vc_row][vc_column][vc_empty_space height=&#8221;50px&#8221;][\/vc_column][\/vc_row][vc_row full_width=&#8221;stretch_row&#8221; css_animation=&#8221;fadeInUp&#8221; css=&#8221;.vc_custom_1538722342224{margin-bottom: 0px !important;border-bottom-width: 0px !important;padding-bottom: 0px !important;}&#8221;][vc_column][vc_row_inner][vc_column_inner width=&#8221;1\/2&#8243;][vc_single_image image=&#8221;1343&#8243; img_size=&#8221;large&#8221; alignment=&#8221;center&#8221; css_animation=&#8221;none&#8221;][vc_custom_heading text=&#8221;William Spinazz\u00e8&#8221; font_container=&#8221;tag:h3|text_align:center&#8221; use_theme_fonts=&#8221;yes&#8221; css=&#8221;.vc_custom_1537960994341{margin-bottom: 0px !important;border-bottom-width: 0px !important;padding-bottom: 0px !important;}&#8221;][vc_column_text css=&#8221;.vc_custom_1544441291288{margin-top: 0px !important;}&#8221;]<\/p>\n<p style=\"text-align: center;\">Sales Manager<\/p>\n<p>[\/vc_column_text][\/vc_column_inner][vc_column_inner width=&#8221;1\/2&#8243;][vc_single_image image=&#8221;1342&#8243; img_size=&#8221;large&#8221; alignment=&#8221;center&#8221; css_animation=&#8221;none&#8221;][vc_custom_heading text=&#8221;Alan Spinazz\u00e8&#8221; font_container=&#8221;tag:h3|text_align:center&#8221; use_theme_fonts=&#8221;yes&#8221; css=&#8221;.vc_custom_1540303755975{margin-bottom: 0px !important;border-bottom-width: 0px !important;padding-bottom: 0px !important;}&#8221;][vc_column_text css=&#8221;.vc_custom_1544441308004{margin-top: 0px !important;}&#8221;]<\/p>\n<p style=\"text-align: center;\">Winemaker<\/p>\n<p>[\/vc_column_text][\/vc_column_inner][\/vc_row_inner][\/vc_column][\/vc_row][vc_row css_animation=&#8221;fadeInUp&#8221; css=&#8221;.vc_custom_1537961243851{border-bottom-width: 20px !important;}&#8221;][vc_column][vc_separator color=&#8221;custom&#8221; style=&#8221;dotted&#8221; accent_color=&#8221;#a3a3a3&#8243;][\/vc_column][\/vc_row][vc_row css_animation=&#8221;fadeInUp&#8221;][vc_column width=&#8221;1\/3&#8243;][vc_empty_space height=&#8221;50px&#8221;][vc_custom_heading text=&#8221;Alan and William\u2026the origin of their (not very Italian!) names&#8221; font_container=&#8221;tag:h3|text_align:left&#8221; use_theme_fonts=&#8221;yes&#8221;][vc_column_text]Armando Spinazz\u00e8, a huge fan of Westerns, decided to name his two sons after two of his favourite American actors, <a href=\"https:\/\/en.wikipedia.org\/wiki\/Alan_Ladd\" target=\"_blank\" rel=\"noopener noreferrer\">Alan Ladd<\/a> and <a href=\"https:\/\/en.wikipedia.org\/wiki\/William_Holden\" target=\"_blank\" rel=\"noopener noreferrer\">William Holden<\/a>.[\/vc_column_text][\/vc_column][vc_column width=&#8221;1\/3&#8243;][vc_single_image image=&#8221;1345&#8243; img_size=&#8221;full&#8221;][\/vc_column][vc_column width=&#8221;1\/3&#8243;][vc_single_image image=&#8221;1346&#8243; img_size=&#8221;full&#8221;][\/vc_column][\/vc_row]<\/p>\n<\/div>","protected":false},"excerpt":{"rendered":"[vc_row el_id=&#8221;row-overlay&#8221;][vc_column width=&#8221;1\/2&#8243;][vc_custom_heading text=&#8221;THIRD GENERATION OF WINEGROWERS AND FIRST GENERATION OF WINEMAKERS&#8221; use_theme_fonts=&#8221;yes&#8221;][\/vc_column][vc_column width=&#8221;1\/2&#8243;][\/vc_column][\/vc_row][vc_row css_animation=&#8221;fadeInUp&#8221;][vc_column width=&#8221;1\/2&#8243;][vc_empty_space height=&#8221;20px&#8221;][vc_column_text]It all began back in 1971, when grandpa Antonio (aka \u201cToni\u201d), an expert winegrower who started out as a farmer, purchased 4 hectares in Vazzola, supplying the grapes grown there to the Cantina Sociale di Valdobbiadene.[\/vc_column_text][vc_column_text]In the 1980s, our [&hellip;]","protected":false},"author":2,"featured_media":1138,"parent":0,"menu_order":0,"comment_status":"closed","ping_status":"closed","template":"","meta":{"_acf_changed":false,"footnotes":""},"class_list":["post-75","page","type-page","status-publish","hentry"],"acf":[],"yoast_head":"<!-- This site is optimized with the Yoast SEO plugin v25.3.1 - https:\/\/yoast.com\/wordpress\/plugins\/seo\/ -->\n<title>Family | Santom\u00e8 - Vini, meeting e resortFamily | Santom\u00e8 - Wines, meetings and resortFamily | Santom\u00e8 - Weine, meetings und resort<\/title>\n<meta name=\"description\" content=\"The history of Santom\u00e8 began back in 1971 and since than we have three generation of winegrowers and the first generation of winemakers\" \/>\n<meta name=\"robots\" content=\"index, follow, max-snippet:-1, max-image-preview:large, max-video-preview:-1\" \/>\n<link rel=\"canonical\" href=\"https:\/\/www.tenutasantome.com\/en\/famiglia\/\" \/>\n<meta property=\"og:locale\" content=\"en_US\" \/>\n<meta property=\"og:type\" content=\"article\" \/>\n<meta property=\"og:title\" content=\"Family | Santom\u00e8 - Vini, meeting e resortFamily | Santom\u00e8 - Wines, meetings and resortFamily | Santom\u00e8 - Weine, meetings und resort\" \/>\n<meta property=\"og:description\" content=\"The history of Santom\u00e8 began back in 1971 and since than we have three generation of winegrowers and the first generation of winemakers\" \/>\n<meta property=\"og:url\" content=\"https:\/\/www.tenutasantome.com\/en\/famiglia\/\" \/>\n<meta property=\"og:site_name\" content=\"Santom\u00e8\" \/>\n<meta property=\"article:modified_time\" content=\"2019-10-22T09:16:52+00:00\" \/>\n<meta property=\"og:image\" content=\"https:\/\/www.tenutasantome.com\/wp-content\/uploads\/2018\/09\/banner-famiglia-santome.jpg\" \/>\n\t<meta property=\"og:image:width\" content=\"1920\" \/>\n\t<meta property=\"og:image:height\" content=\"550\" \/>\n\t<meta property=\"og:image:type\" content=\"image\/jpeg\" \/>\n<meta name=\"twitter:card\" content=\"summary_large_image\" \/>\n<meta name=\"twitter:label1\" content=\"Est. reading time\" \/>\n\t<meta name=\"twitter:data1\" content=\"12 minutes\" \/>\n<script type=\"application\/ld+json\" class=\"yoast-schema-graph\">{\"@context\":\"https:\/\/schema.org\",\"@graph\":[{\"@type\":\"WebPage\",\"@id\":\"https:\/\/www.tenutasantome.com\/en\/famiglia\/\",\"url\":\"https:\/\/www.tenutasantome.com\/en\/famiglia\/\",\"name\":\"Family | Santom\u00e8 - Vini, meeting e resortFamily | Santom\u00e8 - Wines, meetings and resortFamily | Santom\u00e8 - Weine, meetings und resort\",\"isPartOf\":{\"@id\":\"https:\/\/www.tenutasantome.com\/en\/#website\"},\"primaryImageOfPage\":{\"@id\":\"https:\/\/www.tenutasantome.com\/en\/famiglia\/#primaryimage\"},\"image\":{\"@id\":\"https:\/\/www.tenutasantome.com\/famiglia\/#primaryimage\"},\"thumbnailUrl\":\"https:\/\/www.tenutasantome.com\/wp-content\/uploads\/2018\/09\/banner-famiglia-santome.jpg\",\"datePublished\":\"2018-06-28T12:58:12+00:00\",\"dateModified\":\"2019-10-22T09:16:52+00:00\",\"description\":\"The history of Santom\u00e8 began back in 1971 and since than we have three generation of winegrowers and the first generation of winemakers\",\"breadcrumb\":{\"@id\":\"https:\/\/www.tenutasantome.com\/en\/famiglia\/#breadcrumb\"},\"inLanguage\":\"en-US\",\"potentialAction\":[{\"@type\":\"ReadAction\",\"target\":[[\"https:\/\/www.tenutasantome.com\/en\/famiglia\/\"]]}]},{\"@type\":\"ImageObject\",\"inLanguage\":\"en-US\",\"@id\":\"https:\/\/www.tenutasantome.com\/en\/famiglia\/#primaryimage\",\"url\":\"https:\/\/www.tenutasantome.com\/wp-content\/uploads\/2018\/09\/banner-famiglia-santome.jpg\",\"contentUrl\":\"https:\/\/www.tenutasantome.com\/wp-content\/uploads\/2018\/09\/banner-famiglia-santome.jpg\",\"width\":1920,\"height\":550},{\"@type\":\"BreadcrumbList\",\"@id\":\"https:\/\/www.tenutasantome.com\/en\/famiglia\/#breadcrumb\",\"itemListElement\":[{\"@type\":\"ListItem\",\"position\":1,\"name\":\"Home\",\"item\":\"https:\/\/www.tenutasantome.com\/en\/\"},{\"@type\":\"ListItem\",\"position\":2,\"name\":\"Famiglia\"}]},{\"@type\":\"WebSite\",\"@id\":\"https:\/\/www.tenutasantome.com\/en\/#website\",\"url\":\"https:\/\/www.tenutasantome.com\/en\/\",\"name\":\"Santom\u00e8\",\"description\":\"Wines, meetings and resort\",\"potentialAction\":[{\"@type\":\"SearchAction\",\"target\":{\"@type\":\"EntryPoint\",\"urlTemplate\":\"https:\/\/www.tenutasantome.com\/en\/?s={search_term_string}\"},\"query-input\":{\"@type\":\"PropertyValueSpecification\",\"valueRequired\":true,\"valueName\":\"search_term_string\"}}],\"inLanguage\":\"en-US\"}]}<\/script>\n<!-- \/ Yoast SEO plugin. -->","yoast_head_json":{"title":"Family | Santom\u00e8 - Vini, meeting e resortFamily | Santom\u00e8 - Wines, meetings and resortFamily | Santom\u00e8 - Weine, meetings und resort","description":"The history of Santom\u00e8 began back in 1971 and since than we have three generation of winegrowers and the first generation of winemakers","robots":{"index":"index","follow":"follow","max-snippet":"max-snippet:-1","max-image-preview":"max-image-preview:large","max-video-preview":"max-video-preview:-1"},"canonical":"https:\/\/www.tenutasantome.com\/en\/famiglia\/","og_locale":"en_US","og_type":"article","og_title":"Family | Santom\u00e8 - Vini, meeting e resortFamily | Santom\u00e8 - Wines, meetings and resortFamily | Santom\u00e8 - Weine, meetings und resort","og_description":"The history of Santom\u00e8 began back in 1971 and since than we have three generation of winegrowers and the first generation of winemakers","og_url":"https:\/\/www.tenutasantome.com\/en\/famiglia\/","og_site_name":"Santom\u00e8","article_modified_time":"2019-10-22T09:16:52+00:00","og_image":[{"width":1920,"height":550,"url":"https:\/\/www.tenutasantome.com\/wp-content\/uploads\/2018\/09\/banner-famiglia-santome.jpg","type":"image\/jpeg"}],"twitter_card":"summary_large_image","twitter_misc":{"Est. reading time":"12 minutes"},"schema":{"@context":"https:\/\/schema.org","@graph":[{"@type":"WebPage","@id":"https:\/\/www.tenutasantome.com\/en\/famiglia\/","url":"https:\/\/www.tenutasantome.com\/en\/famiglia\/","name":"Family | Santom\u00e8 - Vini, meeting e resortFamily | Santom\u00e8 - Wines, meetings and resortFamily | Santom\u00e8 - Weine, meetings und resort","isPartOf":{"@id":"https:\/\/www.tenutasantome.com\/en\/#website"},"primaryImageOfPage":{"@id":"https:\/\/www.tenutasantome.com\/en\/famiglia\/#primaryimage"},"image":{"@id":"https:\/\/www.tenutasantome.com\/famiglia\/#primaryimage"},"thumbnailUrl":"https:\/\/www.tenutasantome.com\/wp-content\/uploads\/2018\/09\/banner-famiglia-santome.jpg","datePublished":"2018-06-28T12:58:12+00:00","dateModified":"2019-10-22T09:16:52+00:00","description":"The history of Santom\u00e8 began back in 1971 and since than we have three generation of winegrowers and the first generation of winemakers","breadcrumb":{"@id":"https:\/\/www.tenutasantome.com\/en\/famiglia\/#breadcrumb"},"inLanguage":"en-US","potentialAction":[{"@type":"ReadAction","target":[["https:\/\/www.tenutasantome.com\/en\/famiglia\/"]]}]},{"@type":"ImageObject","inLanguage":"en-US","@id":"https:\/\/www.tenutasantome.com\/en\/famiglia\/#primaryimage","url":"https:\/\/www.tenutasantome.com\/wp-content\/uploads\/2018\/09\/banner-famiglia-santome.jpg","contentUrl":"https:\/\/www.tenutasantome.com\/wp-content\/uploads\/2018\/09\/banner-famiglia-santome.jpg","width":1920,"height":550},{"@type":"BreadcrumbList","@id":"https:\/\/www.tenutasantome.com\/en\/famiglia\/#breadcrumb","itemListElement":[{"@type":"ListItem","position":1,"name":"Home","item":"https:\/\/www.tenutasantome.com\/en\/"},{"@type":"ListItem","position":2,"name":"Famiglia"}]},{"@type":"WebSite","@id":"https:\/\/www.tenutasantome.com\/en\/#website","url":"https:\/\/www.tenutasantome.com\/en\/","name":"Santom\u00e8","description":"Wines, meetings and resort","potentialAction":[{"@type":"SearchAction","target":{"@type":"EntryPoint","urlTemplate":"https:\/\/www.tenutasantome.com\/en\/?s={search_term_string}"},"query-input":{"@type":"PropertyValueSpecification","valueRequired":true,"valueName":"search_term_string"}}],"inLanguage":"en-US"}]}},"_links":{"self":[{"href":"https:\/\/www.tenutasantome.com\/en\/wp-json\/wp\/v2\/pages\/75","targetHints":{"allow":["GET"]}}],"collection":[{"href":"https:\/\/www.tenutasantome.com\/en\/wp-json\/wp\/v2\/pages"}],"about":[{"href":"https:\/\/www.tenutasantome.com\/en\/wp-json\/wp\/v2\/types\/page"}],"author":[{"embeddable":true,"href":"https:\/\/www.tenutasantome.com\/en\/wp-json\/wp\/v2\/users\/2"}],"replies":[{"embeddable":true,"href":"https:\/\/www.tenutasantome.com\/en\/wp-json\/wp\/v2\/comments?post=75"}],"version-history":[{"count":0,"href":"https:\/\/www.tenutasantome.com\/en\/wp-json\/wp\/v2\/pages\/75\/revisions"}],"wp:featuredmedia":[{"embeddable":true,"href":"https:\/\/www.tenutasantome.com\/en\/wp-json\/wp\/v2\/media\/1138"}],"wp:attachment":[{"href":"https:\/\/www.tenutasantome.com\/en\/wp-json\/wp\/v2\/media?parent=75"}],"curies":[{"name":"wp","href":"https:\/\/api.w.org\/{rel}","templated":true}]}}