{"id":530,"date":"2018-07-03T13:02:27","date_gmt":"2018-07-03T11:02:27","guid":{"rendered":"https:\/\/www.tenutasantome.com\/it\/?page_id=530"},"modified":"2020-10-26T12:12:18","modified_gmt":"2020-10-26T11:12:18","slug":"la-cantina","status":"publish","type":"page","link":"https:\/\/www.tenutasantome.com\/en\/la-cantina\/","title":{"rendered":"The winery"},"content":{"rendered":"<div class=\"wpb-content-wrapper\"><p>[vc_row el_id=&#8221;row-overlay&#8221;][vc_column width=&#8221;1\/2&#8243;][vc_custom_heading text=&#8221;THE WINERY &#8221; use_theme_fonts=&#8221;yes&#8221;][vc_column_text]<strong>Passion and professionalism <\/strong>are the guidelines for this family, whose members are as enamoured of wine as they are of this part of the world. As a customer, you can learn all about every aspect of the winery\u2019s operations.[\/vc_column_text][\/vc_column][vc_column width=&#8221;1\/2&#8243;][\/vc_column][\/vc_row][vc_row css_animation=&#8221;fadeInUp&#8221;][vc_column][vc_column_text]The estate <strong>encompasses the entire production chain<\/strong>, from the vineyards that surround the winery itself to the crushing and pressing areas, as well as the areas given over to vinification, second fermentation, barrel-ageing and modern bottling, all the way to the retail outlet and the tasting room.<\/p>\n<p>In all of the departments, the watchwords are <strong>hygiene, cleanliness, order and professionalism<\/strong> \u2013 all great strengths of Santom\u00e8.[\/vc_column_text][vc_empty_space height=&#8221;40px&#8221;][vc_separator][\/vc_column][\/vc_row][vc_row css_animation=&#8221;fadeInUp&#8221;][vc_column width=&#8221;1\/2&#8243;][vc_custom_heading text=&#8221;Vinification&#8221; use_theme_fonts=&#8221;yes&#8221;][vc_column_text]The winery has a <strong>capacity of 13,000 hectolitres. Temperature-controlled stainless-steel tanks<\/strong> are used as they allow for the most effective management of the vinification and storage of the wines. Indeed, tanks of various capacities allow for <strong>responsive production management<\/strong> with separate, different vinification processes, even for the grapes themselves, based on the harvesting times and the winemaking objectives.[\/vc_column_text][\/vc_column][vc_column width=&#8221;1\/2&#8243;][vc_single_image image=&#8221;1412&#8243; img_size=&#8221;full&#8221; onclick=&#8221;link_image&#8221;][\/vc_column][vc_column][vc_media_grid element_width=&#8221;3&#8243; grid_id=&#8221;vc_gid:1544443007187-94bed669-07b1-0&#8243; include=&#8221;1414,1413,1416,1415&#8243;][\/vc_column][\/vc_row][vc_row][vc_column][vc_separator][\/vc_column][\/vc_row][vc_row css_animation=&#8221;fadeInUp&#8221;][vc_column width=&#8221;1\/2&#8243;][vc_custom_heading text=&#8221;Second fermentation&#8221; use_theme_fonts=&#8221;yes&#8221;][vc_column_text]In this high-tech department, we find all of the <strong>hermetically sealed autoclaves where the second fermentation process is carried out using the Martinotti or Charmat method<\/strong>. This method envisages the secondary fermentation of the wine in pressurised stainless-steel tanks (the aforementioned autoclaves), which enable the so-called \u201c<strong>bottle fermentation<\/strong>\u201d process to take place, <strong>resulting in the formation of delightful bubbles<\/strong>. The Martinotti method is used to produce the famous <strong>Prosecco<\/strong> spumante, since it brings out the fruity notes that are so typical of this sparkling wine, which is now enjoyed around the world.[\/vc_column_text][\/vc_column][vc_column width=&#8221;1\/2&#8243;][vc_single_image image=&#8221;1420&#8243; img_size=&#8221;full&#8221; onclick=&#8221;link_image&#8221;][\/vc_column][vc_column][vc_media_grid element_width=&#8221;3&#8243; grid_id=&#8221;vc_gid:1544443007209-3b404dc8-4ed7-6&#8243; include=&#8221;1421,1418,1417,1419&#8243;][\/vc_column][\/vc_row][vc_row][vc_column][vc_separator][\/vc_column][\/vc_row][vc_row css_animation=&#8221;fadeInUp&#8221;][vc_column width=&#8221;1\/2&#8243;][vc_custom_heading text=&#8221;Bottle Cellar&#8221; use_theme_fonts=&#8221;yes&#8221;][vc_column_text]In this area, the wine becomes \u201cliquid poetry\u201d. This <strong>700 m<sup>2<\/sup> space, located underground<\/strong>, is given over to the ageing of our finest wines. Here you can marvel at the numerous 25-litre oak and chestnut barrels and the 500-litre casks of French oak. <strong>The temperature and humidity here are ideal for the proper maturation of those wines that require prolonged ageing before they are ready to release their complex aromatics.<\/strong>[\/vc_column_text][\/vc_column][vc_column width=&#8221;1\/2&#8243;][vc_single_image image=&#8221;1231&#8243; img_size=&#8221;full&#8221; onclick=&#8221;link_image&#8221;][\/vc_column][vc_column][vc_media_grid element_width=&#8221;3&#8243; grid_id=&#8221;vc_gid:1544443007226-652d91a4-4bb2-4&#8243; include=&#8221;1235,1236,1237,1234&#8243;][\/vc_column][\/vc_row][vc_row][vc_column][vc_separator][\/vc_column][\/vc_row][vc_row css_animation=&#8221;fadeInUp&#8221;][vc_column width=&#8221;1\/2&#8243;][vc_custom_heading text=&#8221;Bottling&#8221; use_theme_fonts=&#8221;yes&#8221;][vc_column_text]To complete the process, there is <strong>a modern bottling line<\/strong> for both still and sparkling wines. In-house bottling allows the company to be highly flexible, making it possible for us to store the wines in the most effective way and to bottle them through the course of the year. This, in turn, means that we can schedule shipments in a rational way, with a view to releasing onto the market products that are always exceptionally fresh \u2013 a fundamental characteristic, especially for Prosecco and spumante (sparkling) wines in general.[\/vc_column_text][\/vc_column][vc_column width=&#8221;1\/2&#8243;][vc_single_image image=&#8221;1241&#8243; img_size=&#8221;full&#8221; onclick=&#8221;link_image&#8221;][\/vc_column][vc_column][vc_media_grid element_width=&#8221;3&#8243; grid_id=&#8221;vc_gid:1544443007246-65f7c6fa-6254-6&#8243; include=&#8221;1424,1423,1426,1425&#8243;][\/vc_column][\/vc_row][vc_row][vc_column][vc_separator][\/vc_column][\/vc_row][vc_row css_animation=&#8221;fadeInUp&#8221;][vc_column width=&#8221;1\/2&#8243;][vc_custom_heading text=&#8221;Refrigerated warehouse&#8221; use_theme_fonts=&#8221;yes&#8221;][vc_column_text]The bottle storage facility \u2013\u00a0which is an indicator of our consummate professionalism and respect for the finished product \u2013\u00a0is located in the<strong> underground, temperature-controlled warehouse<\/strong>, which is geared towards storing all of the wines as efficiently as possible before they are released for sale. This high-tech warehouse is an impressive calling card that is much appreciated by all of our partners.[\/vc_column_text][\/vc_column][vc_column width=&#8221;1\/2&#8243;][vc_single_image image=&#8221;1232&#8243; img_size=&#8221;full&#8221; onclick=&#8221;link_image&#8221;][\/vc_column][\/vc_row]<\/p>\n<\/div>","protected":false},"excerpt":{"rendered":"[vc_row el_id=&#8221;row-overlay&#8221;][vc_column width=&#8221;1\/2&#8243;][vc_custom_heading text=&#8221;THE WINERY &#8221; use_theme_fonts=&#8221;yes&#8221;][vc_column_text]Passion and professionalism are the guidelines for this family, whose members are as enamoured of wine as they are of this part of the world. As a customer, you can learn all about every aspect of the winery\u2019s operations.[\/vc_column_text][\/vc_column][vc_column width=&#8221;1\/2&#8243;][\/vc_column][\/vc_row][vc_row css_animation=&#8221;fadeInUp&#8221;][vc_column][vc_column_text]The estate encompasses the entire production chain, from the [&hellip;]","protected":false},"author":2,"featured_media":3850,"parent":0,"menu_order":0,"comment_status":"closed","ping_status":"closed","template":"","meta":{"_acf_changed":false,"footnotes":""},"class_list":["post-530","page","type-page","status-publish","hentry"],"acf":[],"yoast_head":"<!-- This site is optimized with the Yoast SEO plugin v25.3.1 - https:\/\/yoast.com\/wordpress\/plugins\/seo\/ -->\n<title>The winery | Santom\u00e8 - Vini, meeting e resortThe winery | Santom\u00e8 - Wines, meetings and resortThe winery | Santom\u00e8 - Weine, meetings und resort<\/title>\n<meta name=\"description\" content=\"The Santom\u00e8 encompasses the entire production chain, from the vineyards to the crushing and pressing areas, as well as the areas given over to vinification, second fermentation...\" \/>\n<meta name=\"robots\" content=\"index, follow, max-snippet:-1, max-image-preview:large, max-video-preview:-1\" \/>\n<link rel=\"canonical\" href=\"https:\/\/www.tenutasantome.com\/en\/la-cantina\/\" \/>\n<meta property=\"og:locale\" content=\"en_US\" \/>\n<meta property=\"og:type\" content=\"article\" \/>\n<meta property=\"og:title\" content=\"The winery | Santom\u00e8 - Vini, meeting e resortThe winery | Santom\u00e8 - Wines, meetings and resortThe winery | Santom\u00e8 - Weine, meetings und resort\" \/>\n<meta property=\"og:description\" content=\"The Santom\u00e8 encompasses the entire production chain, from the vineyards to the crushing and pressing areas, as well as the areas given over to vinification, second fermentation...\" \/>\n<meta property=\"og:url\" content=\"https:\/\/www.tenutasantome.com\/en\/la-cantina\/\" \/>\n<meta property=\"og:site_name\" content=\"Santom\u00e8\" \/>\n<meta property=\"article:modified_time\" content=\"2020-10-26T11:12:18+00:00\" \/>\n<meta property=\"og:image\" content=\"https:\/\/www.tenutasantome.com\/wp-content\/uploads\/2020\/10\/Santom\u00e8-Aprile-2019-1-e1603710659228.jpg\" \/>\n\t<meta property=\"og:image:width\" content=\"2049\" \/>\n\t<meta property=\"og:image:height\" content=\"1024\" \/>\n\t<meta property=\"og:image:type\" content=\"image\/jpeg\" \/>\n<meta name=\"twitter:card\" content=\"summary_large_image\" \/>\n<meta name=\"twitter:label1\" content=\"Est. reading time\" \/>\n\t<meta name=\"twitter:data1\" content=\"12 minutes\" \/>\n<script type=\"application\/ld+json\" class=\"yoast-schema-graph\">{\"@context\":\"https:\/\/schema.org\",\"@graph\":[{\"@type\":\"WebPage\",\"@id\":\"https:\/\/www.tenutasantome.com\/en\/la-cantina\/\",\"url\":\"https:\/\/www.tenutasantome.com\/en\/la-cantina\/\",\"name\":\"The winery | Santom\u00e8 - Vini, meeting e resortThe winery | Santom\u00e8 - Wines, meetings and resortThe winery | Santom\u00e8 - Weine, meetings und resort\",\"isPartOf\":{\"@id\":\"https:\/\/www.tenutasantome.com\/en\/#website\"},\"primaryImageOfPage\":{\"@id\":\"https:\/\/www.tenutasantome.com\/en\/la-cantina\/#primaryimage\"},\"image\":{\"@id\":\"https:\/\/www.tenutasantome.com\/la-cantina\/#primaryimage\"},\"thumbnailUrl\":\"https:\/\/www.tenutasantome.com\/wp-content\/uploads\/2020\/10\/Santom\u00e8-Aprile-2019-1-e1603710659228.jpg\",\"datePublished\":\"2018-07-03T11:02:27+00:00\",\"dateModified\":\"2020-10-26T11:12:18+00:00\",\"description\":\"The Santom\u00e8 encompasses the entire production chain, from the vineyards to the crushing and pressing areas, as well as the areas given over to vinification, second fermentation...\",\"breadcrumb\":{\"@id\":\"https:\/\/www.tenutasantome.com\/en\/la-cantina\/#breadcrumb\"},\"inLanguage\":\"en-US\",\"potentialAction\":[{\"@type\":\"ReadAction\",\"target\":[[\"https:\/\/www.tenutasantome.com\/en\/la-cantina\/\"]]}]},{\"@type\":\"ImageObject\",\"inLanguage\":\"en-US\",\"@id\":\"https:\/\/www.tenutasantome.com\/en\/la-cantina\/#primaryimage\",\"url\":\"https:\/\/www.tenutasantome.com\/wp-content\/uploads\/2020\/10\/Santom\u00e8-Aprile-2019-1-e1603710659228.jpg\",\"contentUrl\":\"https:\/\/www.tenutasantome.com\/wp-content\/uploads\/2020\/10\/Santom\u00e8-Aprile-2019-1-e1603710659228.jpg\",\"width\":2049,\"height\":1024,\"caption\":\"created by dji camera\"},{\"@type\":\"BreadcrumbList\",\"@id\":\"https:\/\/www.tenutasantome.com\/en\/la-cantina\/#breadcrumb\",\"itemListElement\":[{\"@type\":\"ListItem\",\"position\":1,\"name\":\"Home\",\"item\":\"https:\/\/www.tenutasantome.com\/en\/\"},{\"@type\":\"ListItem\",\"position\":2,\"name\":\"La Cantina\"}]},{\"@type\":\"WebSite\",\"@id\":\"https:\/\/www.tenutasantome.com\/en\/#website\",\"url\":\"https:\/\/www.tenutasantome.com\/en\/\",\"name\":\"Santom\u00e8\",\"description\":\"Wines, meetings and resort\",\"potentialAction\":[{\"@type\":\"SearchAction\",\"target\":{\"@type\":\"EntryPoint\",\"urlTemplate\":\"https:\/\/www.tenutasantome.com\/en\/?s={search_term_string}\"},\"query-input\":{\"@type\":\"PropertyValueSpecification\",\"valueRequired\":true,\"valueName\":\"search_term_string\"}}],\"inLanguage\":\"en-US\"}]}<\/script>\n<!-- \/ Yoast SEO plugin. -->","yoast_head_json":{"title":"The winery | Santom\u00e8 - Vini, meeting e resortThe winery | Santom\u00e8 - Wines, meetings and resortThe winery | Santom\u00e8 - Weine, meetings und resort","description":"The Santom\u00e8 encompasses the entire production chain, from the vineyards to the crushing and pressing areas, as well as the areas given over to vinification, second fermentation...","robots":{"index":"index","follow":"follow","max-snippet":"max-snippet:-1","max-image-preview":"max-image-preview:large","max-video-preview":"max-video-preview:-1"},"canonical":"https:\/\/www.tenutasantome.com\/en\/la-cantina\/","og_locale":"en_US","og_type":"article","og_title":"The winery | Santom\u00e8 - Vini, meeting e resortThe winery | Santom\u00e8 - Wines, meetings and resortThe winery | Santom\u00e8 - Weine, meetings und resort","og_description":"The Santom\u00e8 encompasses the entire production chain, from the vineyards to the crushing and pressing areas, as well as the areas given over to vinification, second fermentation...","og_url":"https:\/\/www.tenutasantome.com\/en\/la-cantina\/","og_site_name":"Santom\u00e8","article_modified_time":"2020-10-26T11:12:18+00:00","og_image":[{"width":2049,"height":1024,"url":"https:\/\/www.tenutasantome.com\/wp-content\/uploads\/2020\/10\/Santom\u00e8-Aprile-2019-1-e1603710659228.jpg","type":"image\/jpeg"}],"twitter_card":"summary_large_image","twitter_misc":{"Est. reading time":"12 minutes"},"schema":{"@context":"https:\/\/schema.org","@graph":[{"@type":"WebPage","@id":"https:\/\/www.tenutasantome.com\/en\/la-cantina\/","url":"https:\/\/www.tenutasantome.com\/en\/la-cantina\/","name":"The winery | Santom\u00e8 - Vini, meeting e resortThe winery | Santom\u00e8 - Wines, meetings and resortThe winery | Santom\u00e8 - Weine, meetings und resort","isPartOf":{"@id":"https:\/\/www.tenutasantome.com\/en\/#website"},"primaryImageOfPage":{"@id":"https:\/\/www.tenutasantome.com\/en\/la-cantina\/#primaryimage"},"image":{"@id":"https:\/\/www.tenutasantome.com\/la-cantina\/#primaryimage"},"thumbnailUrl":"https:\/\/www.tenutasantome.com\/wp-content\/uploads\/2020\/10\/Santom\u00e8-Aprile-2019-1-e1603710659228.jpg","datePublished":"2018-07-03T11:02:27+00:00","dateModified":"2020-10-26T11:12:18+00:00","description":"The Santom\u00e8 encompasses the entire production chain, from the vineyards to the crushing and pressing areas, as well as the areas given over to vinification, second fermentation...","breadcrumb":{"@id":"https:\/\/www.tenutasantome.com\/en\/la-cantina\/#breadcrumb"},"inLanguage":"en-US","potentialAction":[{"@type":"ReadAction","target":[["https:\/\/www.tenutasantome.com\/en\/la-cantina\/"]]}]},{"@type":"ImageObject","inLanguage":"en-US","@id":"https:\/\/www.tenutasantome.com\/en\/la-cantina\/#primaryimage","url":"https:\/\/www.tenutasantome.com\/wp-content\/uploads\/2020\/10\/Santom\u00e8-Aprile-2019-1-e1603710659228.jpg","contentUrl":"https:\/\/www.tenutasantome.com\/wp-content\/uploads\/2020\/10\/Santom\u00e8-Aprile-2019-1-e1603710659228.jpg","width":2049,"height":1024,"caption":"created by dji camera"},{"@type":"BreadcrumbList","@id":"https:\/\/www.tenutasantome.com\/en\/la-cantina\/#breadcrumb","itemListElement":[{"@type":"ListItem","position":1,"name":"Home","item":"https:\/\/www.tenutasantome.com\/en\/"},{"@type":"ListItem","position":2,"name":"La Cantina"}]},{"@type":"WebSite","@id":"https:\/\/www.tenutasantome.com\/en\/#website","url":"https:\/\/www.tenutasantome.com\/en\/","name":"Santom\u00e8","description":"Wines, meetings and resort","potentialAction":[{"@type":"SearchAction","target":{"@type":"EntryPoint","urlTemplate":"https:\/\/www.tenutasantome.com\/en\/?s={search_term_string}"},"query-input":{"@type":"PropertyValueSpecification","valueRequired":true,"valueName":"search_term_string"}}],"inLanguage":"en-US"}]}},"_links":{"self":[{"href":"https:\/\/www.tenutasantome.com\/en\/wp-json\/wp\/v2\/pages\/530","targetHints":{"allow":["GET"]}}],"collection":[{"href":"https:\/\/www.tenutasantome.com\/en\/wp-json\/wp\/v2\/pages"}],"about":[{"href":"https:\/\/www.tenutasantome.com\/en\/wp-json\/wp\/v2\/types\/page"}],"author":[{"embeddable":true,"href":"https:\/\/www.tenutasantome.com\/en\/wp-json\/wp\/v2\/users\/2"}],"replies":[{"embeddable":true,"href":"https:\/\/www.tenutasantome.com\/en\/wp-json\/wp\/v2\/comments?post=530"}],"version-history":[{"count":0,"href":"https:\/\/www.tenutasantome.com\/en\/wp-json\/wp\/v2\/pages\/530\/revisions"}],"wp:featuredmedia":[{"embeddable":true,"href":"https:\/\/www.tenutasantome.com\/en\/wp-json\/wp\/v2\/media\/3850"}],"wp:attachment":[{"href":"https:\/\/www.tenutasantome.com\/en\/wp-json\/wp\/v2\/media?parent=530"}],"curies":[{"name":"wp","href":"https:\/\/api.w.org\/{rel}","templated":true}]}}