{"id":421,"date":"2018-07-03T09:26:10","date_gmt":"2018-07-03T07:26:10","guid":{"rendered":"https:\/\/www.tenutasantome.com\/it\/?page_id=421"},"modified":"2019-01-15T16:04:41","modified_gmt":"2019-01-15T15:04:41","slug":"colazione","status":"publish","type":"page","link":"https:\/\/www.tenutasantome.com\/en\/colazione\/","title":{"rendered":"Breakfast"},"content":{"rendered":"<div class=\"wpb-content-wrapper\"><p><\/p>\n<p>[vc_row el_id=&#8221;row-overlay&#8221;][vc_column width=&#8221;1\/2&#8243;][vc_custom_heading text=&#8221;BREAKFAST&#8221; use_theme_fonts=&#8221;yes&#8221;][vc_column_text]<strong>Our B&amp;B features a large, welcoming space used as the breakfast room, which is also ideal for for the sampling of one of our wines in an exceptionally peaceful setting<\/strong>. In the morning, you can\u00a0 savour a delicious breakfast that includes a rich variety of fresh, fragrant, expertly baked croissants, cakes and bread, as well as yoghurt, cereals, fresh seasonal fruit and juices, cheeses and sliced meats.[\/vc_column_text][\/vc_column][vc_column width=&#8221;1\/2&#8243;][\/vc_column][\/vc_row][vc_row][vc_column][vc_column_text]We do all this because breakfast is a crucial meal for your wellbeing, allowing you to recharge your proverbial batteries and get prepared for the day ahead.[\/vc_column_text][\/vc_column][\/vc_row][vc_row][vc_column css=&#8221;.vc_custom_1530274258982{background-color: #f8f7f4 !important;}&#8221;][vc_row_inner][vc_column_inner width=&#8221;1\/2&#8243;][vc_column_text]<strong>Breakfast is served<\/strong> from 7.00am to 9.30am from Monday to Friday, whereas on Saturday and Sunday it is served from 8.00am to 10.00am.[\/vc_column_text][\/vc_column_inner][vc_column_inner width=&#8221;1\/2&#8243;][vc_column_text]<strong>Gluten-free breakfast<\/strong>: gluten-free breakfasts can be made available throughout your stay on condition that you let us know your requirements when making your booking.[\/vc_column_text][\/vc_column_inner][\/vc_row_inner][\/vc_column][\/vc_row][vc_row][vc_column][vc_empty_space][\/vc_column][\/vc_row][vc_row][vc_column][vc_media_grid element_width=&#8221;3&#8243; gap=&#8221;3&#8243; grid_id=&#8221;vc_gid:1547564592677-063ace0e-75aa-6&#8243; include=&#8221;396,395,394,393,391,390,2697,2934&#8243;][\/vc_column][\/vc_row]<\/p>\n<p><\/p>\n<\/div>","protected":false},"excerpt":{"rendered":"[vc_row el_id=&#8221;row-overlay&#8221;][vc_column width=&#8221;1\/2&#8243;][vc_custom_heading text=&#8221;BREAKFAST&#8221; use_theme_fonts=&#8221;yes&#8221;][vc_column_text]Our B&amp;B features a large, welcoming space used as the breakfast room, which is also ideal for for the sampling of one of our wines in an exceptionally peaceful setting. In the morning, you can\u00a0 savour a delicious breakfast that includes a rich variety of fresh, fragrant, expertly baked croissants, cakes [&hellip;]","protected":false},"author":2,"featured_media":1824,"parent":0,"menu_order":0,"comment_status":"closed","ping_status":"closed","template":"","meta":{"_acf_changed":false,"footnotes":""},"class_list":["post-421","page","type-page","status-publish","hentry"],"acf":[],"yoast_head":"<!-- This site is optimized with the Yoast SEO plugin v25.3.1 - https:\/\/yoast.com\/wordpress\/plugins\/seo\/ -->\n<title>Breakfast | Santom\u00e8 - Vini, meeting e resortBreakfast | Santom\u00e8 - Wines, meetings and resortBreakfast | Santom\u00e8 - Weine, meetings und resort<\/title>\n<meta name=\"description\" content=\"Our B&amp;B features a large, welcoming space used as the breakfast room, which is also ideal for for the sampling of one of our wines in an exceptionally peaceful setting.\" \/>\n<meta name=\"robots\" content=\"index, follow, max-snippet:-1, max-image-preview:large, max-video-preview:-1\" \/>\n<link rel=\"canonical\" href=\"https:\/\/www.tenutasantome.com\/en\/colazione\/\" \/>\n<meta property=\"og:locale\" content=\"en_US\" \/>\n<meta property=\"og:type\" content=\"article\" \/>\n<meta property=\"og:title\" content=\"Breakfast | Santom\u00e8 - Vini, meeting e resortBreakfast | Santom\u00e8 - Wines, meetings and resortBreakfast | Santom\u00e8 - Weine, meetings und resort\" \/>\n<meta property=\"og:description\" content=\"Our B&amp;B features a large, welcoming space used as the breakfast room, which is also ideal for for the sampling of one of our wines in an exceptionally peaceful setting.\" \/>\n<meta property=\"og:url\" content=\"https:\/\/www.tenutasantome.com\/en\/colazione\/\" \/>\n<meta property=\"og:site_name\" content=\"Santom\u00e8\" \/>\n<meta property=\"article:modified_time\" content=\"2019-01-15T15:04:41+00:00\" \/>\n<meta property=\"og:image\" content=\"https:\/\/www.tenutasantome.com\/wp-content\/uploads\/2018\/11\/santome-wineresort-prenota-ora.jpg\" \/>\n\t<meta property=\"og:image:width\" content=\"1024\" \/>\n\t<meta property=\"og:image:height\" content=\"648\" \/>\n\t<meta property=\"og:image:type\" content=\"image\/jpeg\" \/>\n<meta name=\"twitter:card\" content=\"summary_large_image\" \/>\n<meta name=\"twitter:label1\" content=\"Est. reading time\" \/>\n\t<meta name=\"twitter:data1\" content=\"4 minutes\" \/>\n<script type=\"application\/ld+json\" class=\"yoast-schema-graph\">{\"@context\":\"https:\/\/schema.org\",\"@graph\":[{\"@type\":\"WebPage\",\"@id\":\"https:\/\/www.tenutasantome.com\/en\/colazione\/\",\"url\":\"https:\/\/www.tenutasantome.com\/en\/colazione\/\",\"name\":\"Breakfast | Santom\u00e8 - Vini, meeting e resortBreakfast | Santom\u00e8 - Wines, meetings and resortBreakfast | Santom\u00e8 - Weine, meetings und resort\",\"isPartOf\":{\"@id\":\"https:\/\/www.tenutasantome.com\/en\/#website\"},\"primaryImageOfPage\":{\"@id\":\"https:\/\/www.tenutasantome.com\/en\/colazione\/#primaryimage\"},\"image\":{\"@id\":\"https:\/\/www.tenutasantome.com\/colazione\/#primaryimage\"},\"thumbnailUrl\":\"https:\/\/www.tenutasantome.com\/wp-content\/uploads\/2018\/11\/santome-wineresort-prenota-ora.jpg\",\"datePublished\":\"2018-07-03T07:26:10+00:00\",\"dateModified\":\"2019-01-15T15:04:41+00:00\",\"description\":\"Our B&B features a large, welcoming space used as the breakfast room, which is also ideal for for the sampling of one of our wines in an exceptionally peaceful setting.\",\"breadcrumb\":{\"@id\":\"https:\/\/www.tenutasantome.com\/en\/colazione\/#breadcrumb\"},\"inLanguage\":\"en-US\",\"potentialAction\":[{\"@type\":\"ReadAction\",\"target\":[[\"https:\/\/www.tenutasantome.com\/en\/colazione\/\"]]}]},{\"@type\":\"ImageObject\",\"inLanguage\":\"en-US\",\"@id\":\"https:\/\/www.tenutasantome.com\/en\/colazione\/#primaryimage\",\"url\":\"https:\/\/www.tenutasantome.com\/wp-content\/uploads\/2018\/11\/santome-wineresort-prenota-ora.jpg\",\"contentUrl\":\"https:\/\/www.tenutasantome.com\/wp-content\/uploads\/2018\/11\/santome-wineresort-prenota-ora.jpg\",\"width\":1024,\"height\":648},{\"@type\":\"BreadcrumbList\",\"@id\":\"https:\/\/www.tenutasantome.com\/en\/colazione\/#breadcrumb\",\"itemListElement\":[{\"@type\":\"ListItem\",\"position\":1,\"name\":\"Home\",\"item\":\"https:\/\/www.tenutasantome.com\/en\/\"},{\"@type\":\"ListItem\",\"position\":2,\"name\":\"Colazione\"}]},{\"@type\":\"WebSite\",\"@id\":\"https:\/\/www.tenutasantome.com\/en\/#website\",\"url\":\"https:\/\/www.tenutasantome.com\/en\/\",\"name\":\"Santom\u00e8\",\"description\":\"Wines, meetings and resort\",\"potentialAction\":[{\"@type\":\"SearchAction\",\"target\":{\"@type\":\"EntryPoint\",\"urlTemplate\":\"https:\/\/www.tenutasantome.com\/en\/?s={search_term_string}\"},\"query-input\":{\"@type\":\"PropertyValueSpecification\",\"valueRequired\":true,\"valueName\":\"search_term_string\"}}],\"inLanguage\":\"en-US\"}]}<\/script>\n<!-- \/ Yoast SEO plugin. -->","yoast_head_json":{"title":"Breakfast | Santom\u00e8 - Vini, meeting e resortBreakfast | Santom\u00e8 - Wines, meetings and resortBreakfast | Santom\u00e8 - Weine, meetings und resort","description":"Our B&B features a large, welcoming space used as the breakfast room, which is also ideal for for the sampling of one of our wines in an exceptionally peaceful setting.","robots":{"index":"index","follow":"follow","max-snippet":"max-snippet:-1","max-image-preview":"max-image-preview:large","max-video-preview":"max-video-preview:-1"},"canonical":"https:\/\/www.tenutasantome.com\/en\/colazione\/","og_locale":"en_US","og_type":"article","og_title":"Breakfast | Santom\u00e8 - Vini, meeting e resortBreakfast | Santom\u00e8 - Wines, meetings and resortBreakfast | Santom\u00e8 - Weine, meetings und resort","og_description":"Our B&B features a large, welcoming space used as the breakfast room, which is also ideal for for the sampling of one of our wines in an exceptionally peaceful setting.","og_url":"https:\/\/www.tenutasantome.com\/en\/colazione\/","og_site_name":"Santom\u00e8","article_modified_time":"2019-01-15T15:04:41+00:00","og_image":[{"width":1024,"height":648,"url":"https:\/\/www.tenutasantome.com\/wp-content\/uploads\/2018\/11\/santome-wineresort-prenota-ora.jpg","type":"image\/jpeg"}],"twitter_card":"summary_large_image","twitter_misc":{"Est. reading time":"4 minutes"},"schema":{"@context":"https:\/\/schema.org","@graph":[{"@type":"WebPage","@id":"https:\/\/www.tenutasantome.com\/en\/colazione\/","url":"https:\/\/www.tenutasantome.com\/en\/colazione\/","name":"Breakfast | Santom\u00e8 - Vini, meeting e resortBreakfast | Santom\u00e8 - Wines, meetings and resortBreakfast | Santom\u00e8 - Weine, meetings und resort","isPartOf":{"@id":"https:\/\/www.tenutasantome.com\/en\/#website"},"primaryImageOfPage":{"@id":"https:\/\/www.tenutasantome.com\/en\/colazione\/#primaryimage"},"image":{"@id":"https:\/\/www.tenutasantome.com\/colazione\/#primaryimage"},"thumbnailUrl":"https:\/\/www.tenutasantome.com\/wp-content\/uploads\/2018\/11\/santome-wineresort-prenota-ora.jpg","datePublished":"2018-07-03T07:26:10+00:00","dateModified":"2019-01-15T15:04:41+00:00","description":"Our B&B features a large, welcoming space used as the breakfast room, which is also ideal for for the sampling of one of our wines in an exceptionally peaceful setting.","breadcrumb":{"@id":"https:\/\/www.tenutasantome.com\/en\/colazione\/#breadcrumb"},"inLanguage":"en-US","potentialAction":[{"@type":"ReadAction","target":[["https:\/\/www.tenutasantome.com\/en\/colazione\/"]]}]},{"@type":"ImageObject","inLanguage":"en-US","@id":"https:\/\/www.tenutasantome.com\/en\/colazione\/#primaryimage","url":"https:\/\/www.tenutasantome.com\/wp-content\/uploads\/2018\/11\/santome-wineresort-prenota-ora.jpg","contentUrl":"https:\/\/www.tenutasantome.com\/wp-content\/uploads\/2018\/11\/santome-wineresort-prenota-ora.jpg","width":1024,"height":648},{"@type":"BreadcrumbList","@id":"https:\/\/www.tenutasantome.com\/en\/colazione\/#breadcrumb","itemListElement":[{"@type":"ListItem","position":1,"name":"Home","item":"https:\/\/www.tenutasantome.com\/en\/"},{"@type":"ListItem","position":2,"name":"Colazione"}]},{"@type":"WebSite","@id":"https:\/\/www.tenutasantome.com\/en\/#website","url":"https:\/\/www.tenutasantome.com\/en\/","name":"Santom\u00e8","description":"Wines, meetings and resort","potentialAction":[{"@type":"SearchAction","target":{"@type":"EntryPoint","urlTemplate":"https:\/\/www.tenutasantome.com\/en\/?s={search_term_string}"},"query-input":{"@type":"PropertyValueSpecification","valueRequired":true,"valueName":"search_term_string"}}],"inLanguage":"en-US"}]}},"_links":{"self":[{"href":"https:\/\/www.tenutasantome.com\/en\/wp-json\/wp\/v2\/pages\/421","targetHints":{"allow":["GET"]}}],"collection":[{"href":"https:\/\/www.tenutasantome.com\/en\/wp-json\/wp\/v2\/pages"}],"about":[{"href":"https:\/\/www.tenutasantome.com\/en\/wp-json\/wp\/v2\/types\/page"}],"author":[{"embeddable":true,"href":"https:\/\/www.tenutasantome.com\/en\/wp-json\/wp\/v2\/users\/2"}],"replies":[{"embeddable":true,"href":"https:\/\/www.tenutasantome.com\/en\/wp-json\/wp\/v2\/comments?post=421"}],"version-history":[{"count":0,"href":"https:\/\/www.tenutasantome.com\/en\/wp-json\/wp\/v2\/pages\/421\/revisions"}],"wp:featuredmedia":[{"embeddable":true,"href":"https:\/\/www.tenutasantome.com\/en\/wp-json\/wp\/v2\/media\/1824"}],"wp:attachment":[{"href":"https:\/\/www.tenutasantome.com\/en\/wp-json\/wp\/v2\/media?parent=421"}],"curies":[{"name":"wp","href":"https:\/\/api.w.org\/{rel}","templated":true}]}}