{"id":375,"date":"2018-07-03T12:14:06","date_gmt":"2018-07-03T10:14:06","guid":{"rendered":"https:\/\/www.tenutasantome.com\/it\/?page_id=375"},"modified":"2020-08-17T14:42:48","modified_gmt":"2020-08-17T12:42:48","slug":"prenota-ora","status":"publish","type":"page","link":"https:\/\/www.tenutasantome.com\/en\/prenota-ora\/","title":{"rendered":"Book now"},"content":{"rendered":"<div class=\"wpb-content-wrapper\"><p>[vc_row el_id=&#8221;row-overlay&#8221;][vc_column width=&#8221;1\/2&#8243;][vc_custom_heading text=&#8221;BOOK YOUR ROOM&#8221; font_container=&#8221;tag:h1|text_align:left&#8221; use_theme_fonts=&#8221;yes&#8221; css=&#8221;.vc_custom_1545217306580{padding-bottom: 50px !important;}&#8221;][\/vc_column][vc_column width=&#8221;1\/2&#8243;][\/vc_column][\/vc_row][vc_row][vc_column][vc_empty_space height=&#8221;50px&#8221;][\/vc_column][\/vc_row][vc_row css_animation=&#8221;fadeInUp&#8221;][vc_column width=&#8221;1\/2&#8243;]\n<div class=\"wpcf7 no-js\" id=\"wpcf7-f2216-o1\" lang=\"it-IT\" dir=\"ltr\" data-wpcf7-id=\"2216\">\n<div class=\"screen-reader-response\"><p role=\"status\" aria-live=\"polite\" aria-atomic=\"true\"><\/p> <ul><\/ul><\/div>\n<form action=\"\/en\/wp-json\/wp\/v2\/pages\/375#wpcf7-f2216-o1\" method=\"post\" class=\"wpcf7-form init\" aria-label=\"Modulo di contatto\" novalidate=\"novalidate\" data-status=\"init\">\n<fieldset class=\"hidden-fields-container\"><input type=\"hidden\" name=\"_wpcf7\" value=\"2216\" \/><input type=\"hidden\" name=\"_wpcf7_version\" value=\"6.1\" \/><input type=\"hidden\" name=\"_wpcf7_locale\" value=\"it_IT\" \/><input type=\"hidden\" name=\"_wpcf7_unit_tag\" value=\"wpcf7-f2216-o1\" \/><input type=\"hidden\" name=\"_wpcf7_container_post\" value=\"0\" \/><input type=\"hidden\" name=\"_wpcf7_posted_data_hash\" value=\"\" \/><input type=\"hidden\" name=\"_wpcf7_recaptcha_response\" value=\"\" \/>\n<\/fieldset>\n<div class=\"contact-form\">\n\t<div class=\"row\">\n\t\t<div class=\"col-sm-6 col-xs-12\">\n\t\t\t<p>Arrival date *<br \/>\n<span class=\"wpcf7-form-control-wrap\" data-name=\"arrival-date\"><input class=\"wpcf7-form-control wpcf7-date wpcf7-validates-as-required wpcf7-validates-as-date field-text\" id=\"rf-arrival\" aria-required=\"true\" aria-invalid=\"false\" placeholder=\"Arrival date *\" value=\"\" type=\"date\" name=\"arrival-date\" \/><\/span>\n\t\t\t<\/p>\n\t\t<\/div>\n\t\t<div class=\"col-sm-6 col-xs-12\">\n\t\t\t<p>Departure date *<br \/>\n<span class=\"wpcf7-form-control-wrap\" data-name=\"departure-date\"><input class=\"wpcf7-form-control wpcf7-date wpcf7-validates-as-required wpcf7-validates-as-date field-text\" id=\"rf-departure\" aria-required=\"true\" aria-invalid=\"false\" placeholder=\"Departure date *\" value=\"\" type=\"date\" name=\"departure-date\" \/><\/span>\n\t\t\t<\/p>\n\t\t<\/div>\n\t<\/div>\n\t<div class=\"row\">\n\t\t<div class=\"col-sm-6 col-xs-12\">\n\t\t\t<p><span class=\"wpcf7-form-control-wrap\" data-name=\"your-name\"><input size=\"40\" maxlength=\"400\" class=\"wpcf7-form-control wpcf7-text wpcf7-validates-as-required field-text\" id=\"rf-name\" aria-required=\"true\" aria-invalid=\"false\" placeholder=\"Name *\" value=\"\" type=\"text\" name=\"your-name\" \/><\/span>\n\t\t\t<\/p>\n\t\t<\/div>\n\t\t<div class=\"col-sm-6 col-xs-12\">\n\t\t\t<p><span class=\"wpcf7-form-control-wrap\" data-name=\"your-surname\"><input size=\"40\" maxlength=\"400\" class=\"wpcf7-form-control wpcf7-text wpcf7-validates-as-required field-text\" id=\"rf-surname\" aria-required=\"true\" aria-invalid=\"false\" placeholder=\"Surname *\" value=\"\" type=\"text\" name=\"your-surname\" \/><\/span>\n\t\t\t<\/p>\n\t\t<\/div>\n\t<\/div>\n\t<div class=\"row\">\n\t\t<div class=\"col-sm-6 col-xs-12\">\n\t\t\t<p><span class=\"wpcf7-form-control-wrap\" data-name=\"your-email\"><input size=\"40\" maxlength=\"400\" class=\"wpcf7-form-control wpcf7-email wpcf7-validates-as-required wpcf7-text wpcf7-validates-as-email field-text\" id=\"rf-email-address\" aria-required=\"true\" aria-invalid=\"false\" placeholder=\"Email *\" value=\"\" type=\"email\" name=\"your-email\" \/><\/span>\n\t\t\t<\/p>\n\t\t<\/div>\n\t\t<div class=\"col-sm-6 col-xs-12\">\n\t\t\t<p><span class=\"wpcf7-form-control-wrap\" data-name=\"telephone\"><input size=\"40\" maxlength=\"400\" class=\"wpcf7-form-control wpcf7-tel wpcf7-text wpcf7-validates-as-tel field-text\" id=\"rf-telephone\" aria-invalid=\"false\" placeholder=\"Phone\" value=\"\" type=\"tel\" name=\"telephone\" \/><\/span>\n\t\t\t<\/p>\n\t\t<\/div>\n\t<\/div>\n\t<div class=\"row\">\n\t\t<div class=\"col-sm-6 col-xs-12\">\n\t\t\t<p>Room type:\n\t\t\t<\/p>\n\t\t<\/div>\n\t\t<div class=\"col-sm-6 col-xs-12\">\n\t\t\t<p><span class=\"wpcf7-form-control-wrap\" data-name=\"room-type\"><select class=\"wpcf7-form-control wpcf7-select field-text\" id=\"rf-room-type\" aria-invalid=\"false\" name=\"room-type\"><option value=\"Twin room\">Twin room<\/option><option value=\"Double room\">Double room<\/option><\/select><\/span>\n\t\t\t<\/p>\n\t\t<\/div>\n\t<\/div>\n\t<div class=\"row\">\n\t\t<div class=\"col-sm-12\">\n\t\t\t<p><span class=\"wpcf7-form-control-wrap\" data-name=\"message\"><textarea cols=\"40\" rows=\"10\" maxlength=\"2000\" class=\"wpcf7-form-control wpcf7-textarea wpcf7-validates-as-required field-textarea\" id=\"rf-message\" aria-required=\"true\" aria-invalid=\"false\" placeholder=\"Message *\" name=\"message\"><\/textarea><\/span>\n\t\t\t<\/p>\n\t\t<\/div>\n\t<\/div>\n\t<div class=\"row\">\n\t\t<div class=\"col-sm-12\">\n\t\t\t<p><span class=\"captcha\">This site is protected by reCAPTCHA and the Google <a href=\"\">Privacy Policy<\/a> and <a href=\"\">Terms of Service<\/a> apply.<\/span>\n\t\t\t<\/p>\n\t\t<\/div>\n\t<\/div>\n\t<div class=\"row\">\n\t\t<div class=\"col-sm-12\">\n\t\t\t<p><span class=\"wpcf7-form-control-wrap\" data-name=\"checkbox-terms\"><span class=\"wpcf7-form-control wpcf7-checkbox wpcf7-validates-as-required wpcf7-exclusive-checkbox\" id=\"psinformativa2\"><span class=\"wpcf7-list-item first last\"><input type=\"checkbox\" name=\"checkbox-terms\" value=\"*\" \/><span class=\"wpcf7-list-item-label\">*<\/span><\/span><\/span><\/span>\n\t\t\t<\/p>\n\t\t<\/div>\n\t<\/div>\n\t<div class=\"row\">\n\t\t<div class=\"col-sm-12\">\n\t\t\t<p><input class=\"wpcf7-form-control wpcf7-submit has-spinner ev-cont-it btn-red\" type=\"submit\" value=\"SEND\" \/>\n\t\t\t<\/p>\n\t\t<\/div>\n\t\t<div class=\"col-sm-12\">\n\t\t<div class=\"wpcf7-response-output\" aria-hidden=\"true\"><\/div>\n\t\t<\/div>\n\t<\/div>\n<\/div>\n<\/form>\n<\/div>\n[\/vc_column][vc_column width=&#8221;1\/2&#8243;][vc_custom_heading text=&#8221;FACILITIES OF OUR ROOMS&#8221; use_theme_fonts=&#8221;yes&#8221;][vc_column_text]<\/p>\n<div class=\"services-list\">\n<ul>\n<li class=\"ico-wifi\">Free wi-fi<\/li>\n<li class=\"ico-tv\">Sky tv in your room<\/li>\n<li class=\"ico-bollitore\">Kettle with tea, herbal tea and instant coffee<\/li>\n<li class=\"ico-supermercato\">Mini-bar with water and juices included in the room<\/li>\n<li class=\"ico-pantofole\">Branded slippers<\/li>\n<li class=\"ico-doccia\">Shampoo, bubble bath<\/li>\n<li class=\"ico-kitcortesia\">Cotton buds and oral hygiene kit (toothbrush and toothpaste)<\/li>\n<\/ul>\n<\/div>\n<p>[\/vc_column_text][\/vc_column][\/vc_row][vc_row css_animation=&#8221;fadeInUp&#8221;][vc_column][vc_empty_space height=&#8221;50&#8243;][vc_custom_heading text=&#8221;OUR ROOMS&#8221; font_container=&#8221;tag:h2|text_align:center&#8221; use_theme_fonts=&#8221;yes&#8221;][vc_empty_space height=&#8221;50&#8243;][\/vc_column][\/vc_row][vc_row css_animation=&#8221;fadeInUp&#8221; el_id=&#8221;margherita&#8221;][vc_column width=&#8221;1\/2&#8243;][vc_column_text]<\/p>\n<h3><em>La Margherita<\/em><\/h3>\n<p><strong>Twin room<br \/>\nDimension: 20.30 m\u00b2<\/strong>[\/vc_column_text][vc_gallery interval=&#8221;3&#8243; images=&#8221;443&#8243; img_size=&#8221;full&#8221; css_animation=&#8221;fadeInUp&#8221;][vc_column_text]<\/p>\n<div class=\"services-list\">\n<ul>\n<li class=\"ico-doccia\">Room with shower<\/li>\n<li class=\"ico-vista\">View of courtyard and vineyards, two windows<\/li>\n<li class=\"ico-letto\">A double bed or two single beds<\/li>\n<li class=\"ico-pavimento\">Tiled floor<\/li>\n<li class=\"ico-tv\">32-inch LED TV<\/li>\n<\/ul>\n<\/div>\n<p>[\/vc_column_text][vc_column_text]<a href=\"\/en\/rooms\" class=\"broken_link\">More details<i class=\"fa fa-chevron-right\" aria-hidden=\"true\"><\/i><\/a>[\/vc_column_text][\/vc_column][vc_column width=&#8221;1\/2&#8243;][vc_column_text]<\/p>\n<h3><em>Il Fiordaliso<\/em><\/h3>\n<p><strong>Twin room<br \/>\nDimension: 20.30 m\u00b2<\/strong>[\/vc_column_text][vc_gallery interval=&#8221;3&#8243; images=&#8221;440&#8243; img_size=&#8221;full&#8221; css_animation=&#8221;fadeInUp&#8221;][vc_column_text]<\/p>\n<div class=\"services-list\">\n<ul>\n<li class=\"ico-doccia\">Room with shower<\/li>\n<li class=\"ico-vista\">View of courtyard and vineyards, two windows<\/li>\n<li class=\"ico-letto\">A double bed or two single beds<\/li>\n<li class=\"ico-pavimento\">Tiled floor<\/li>\n<li class=\"ico-tv\">26-inch LED TV<\/li>\n<\/ul>\n<\/div>\n<p>[\/vc_column_text][vc_column_text]<a href=\"\/en\/rooms\" class=\"broken_link\">More details<i class=\"fa fa-chevron-right\" aria-hidden=\"true\"><\/i><\/a>[\/vc_column_text][\/vc_column][\/vc_row][vc_row css_animation=&#8221;fadeInUp&#8221;][vc_column][vc_empty_space height=&#8221;50&#8243;][\/vc_column][\/vc_row][vc_row css_animation=&#8221;fadeInUp&#8221; el_id=&#8221;camelia&#8221;][vc_column width=&#8221;1\/2&#8243;][vc_column_text]<\/p>\n<h3><em>La Camelia<\/em><\/h3>\n<p><strong>Twin room<br \/>\nDimension: 26.04 m\u00b2<\/strong>[\/vc_column_text][vc_gallery interval=&#8221;3&#8243; images=&#8221;456&#8243; img_size=&#8221;full&#8221; css_animation=&#8221;fadeInUp&#8221;][vc_column_text]<\/p>\n<div class=\"services-list\">\n<ul>\n<li class=\"ico-doccia\">Room with shower accessible by those with disabilities<\/li>\n<li class=\"ico-vista\">View of courtyard and vineyards, openable garden-view door, 3 windows<\/li>\n<li class=\"ico-letto\">A double bed or two single beds<\/li>\n<li class=\"ico-pavimento\">Tiled floor<\/li>\n<li class=\"ico-tv\">43-inch LED TV<\/li>\n<\/ul>\n<\/div>\n<p>[\/vc_column_text][vc_column_text]<a href=\"\/en\/rooms\" class=\"broken_link\">More details<i class=\"fa fa-chevron-right\" aria-hidden=\"true\"><\/i><\/a>[\/vc_column_text][\/vc_column][vc_column width=&#8221;1\/2&#8243;][vc_column_text]<\/p>\n<h3><em>L&#8217;Ortensia<\/em><\/h3>\n<p><strong>Double room<br \/>\nDimension: 22.86 m\u00b2<\/strong>[\/vc_column_text][vc_gallery interval=&#8221;3&#8243; images=&#8221;463&#8243; img_size=&#8221;full&#8221; css_animation=&#8221;fadeInUp&#8221;][vc_column_text]<\/p>\n<div class=\"services-list\">\n<ul>\n<li class=\"ico-doccia\">Room with bathtub and window<\/li>\n<li class=\"ico-vista\">View of grounds and vineyards, 4 windows<\/li>\n<li class=\"ico-letto\">Double bed only<\/li>\n<li class=\"ico-pavimento\">Wooden floor<\/li>\n<li class=\"ico-tv\">32-inch LED TV<\/li>\n<\/ul>\n<\/div>\n<p>[\/vc_column_text][vc_column_text]<a href=\"\/en\/rooms\" class=\"broken_link\">More details<i class=\"fa fa-chevron-right\" aria-hidden=\"true\"><\/i><\/a>[\/vc_column_text][\/vc_column][\/vc_row][vc_row css_animation=&#8221;fadeInUp&#8221;][vc_column][vc_empty_space height=&#8221;50&#8243;][\/vc_column][\/vc_row][vc_row css_animation=&#8221;fadeInUp&#8221; el_id=&#8221;iris&#8221;][vc_column width=&#8221;1\/2&#8243;][vc_column_text]<\/p>\n<h3><em>L&#8217;Iris<\/em><\/h3>\n<p><strong>Double room<br \/>\nDimension: 22.80 m\u00b2<\/strong>[\/vc_column_text][vc_gallery interval=&#8221;3&#8243; images=&#8221;467,468&#8243; img_size=&#8221;full&#8221; css_animation=&#8221;fadeInUp&#8221;][vc_column_text]<\/p>\n<div class=\"services-list\">\n<ul>\n<li class=\"ico-doccia\">Room with shower<\/li>\n<li class=\"ico-vista\">View of courtyard and vineyards<\/li>\n<li class=\"ico-letto\">Double bed only (two windows), bunk bed in the adjacent room (1 window)<\/li>\n<li class=\"ico-pavimento\">Tiled floor<\/li>\n<li class=\"ico-tv\">32-inch LED TV<\/li>\n<\/ul>\n<\/div>\n<p>[\/vc_column_text][vc_column_text]<a href=\"\/en\/rooms\" class=\"broken_link\">More details<i class=\"fa fa-chevron-right\" aria-hidden=\"true\"><\/i><\/a>[\/vc_column_text][\/vc_column][vc_column width=&#8221;1\/2&#8243;][vc_column_text]<\/p>\n<h3><em>La Viola<\/em><\/h3>\n<p><strong>Double room<br \/>\nDimension: 18.30 m\u00b2<\/strong>[\/vc_column_text][vc_gallery interval=&#8221;3&#8243; images=&#8221;472&#8243; img_size=&#8221;full&#8221; css_animation=&#8221;fadeInUp&#8221;][vc_column_text]<\/p>\n<div class=\"services-list\">\n<ul>\n<li class=\"ico-doccia\">Room with shower<\/li>\n<li class=\"ico-vista\">View of grounds and vineyards, 2 windows<\/li>\n<li class=\"ico-letto\">Double bed only<\/li>\n<li class=\"ico-pavimento\">wooden floor<\/li>\n<li class=\"ico-tv\">32-inch LED TV<\/li>\n<\/ul>\n<\/div>\n<p>[\/vc_column_text][vc_column_text]<a href=\"\/en\/rooms\" class=\"broken_link\">More details<i class=\"fa fa-chevron-right\" aria-hidden=\"true\"><\/i><\/a>[\/vc_column_text][\/vc_column][\/vc_row][vc_row css_animation=&#8221;fadeInUp&#8221;][vc_column][vc_empty_space height=&#8221;50&#8243;][\/vc_column][\/vc_row][vc_row css_animation=&#8221;fadeInUp&#8221; el_id=&#8221;erica&#8221;][vc_column width=&#8221;1\/2&#8243;][vc_column_text]<\/p>\n<h3><em>L&#8217;Erica<\/em><\/h3>\n<p><strong>Double room<br \/>\nDimension: 18.30 m\u00b2<\/strong>[\/vc_column_text][vc_gallery interval=&#8221;3&#8243; images=&#8221;475&#8243; img_size=&#8221;full&#8221; css_animation=&#8221;fadeInUp&#8221;][vc_column_text]<\/p>\n<div class=\"services-list\">\n<ul>\n<li class=\"ico-doccia\">Room with shower<\/li>\n<li class=\"ico-vista\">View of courtyard and vineyards, two windows<\/li>\n<li class=\"ico-letto\">Double bed only<\/li>\n<li class=\"ico-pavimento\">wooden floor<\/li>\n<li class=\"ico-tv\">32-inch LED TV<\/li>\n<\/ul>\n<\/div>\n<p>[\/vc_column_text][vc_column_text]<a href=\"\/en\/rooms\" class=\"broken_link\">More details<i class=\"fa fa-chevron-right\" aria-hidden=\"true\"><\/i><\/a>[\/vc_column_text][\/vc_column][vc_column width=&#8221;1\/2&#8243;][vc_column_text]<\/p>\n<h3><em>La Veronica<\/em><\/h3>\n<p><strong>Double room<br \/>\nDimension: 18.30 m\u00b2<\/strong>[\/vc_column_text][vc_gallery interval=&#8221;3&#8243; images=&#8221;481&#8243; img_size=&#8221;full&#8221; css_animation=&#8221;fadeInUp&#8221;][vc_column_text]<\/p>\n<div class=\"services-list\">\n<ul>\n<li class=\"ico-doccia\">Room with shower<\/li>\n<li class=\"ico-vista\">View of courtyard and vineyards, two windows<\/li>\n<li class=\"ico-letto\">Double bed only<\/li>\n<li class=\"ico-pavimento\">wooden floor<\/li>\n<li class=\"ico-tv\">32-inch LED TV<\/li>\n<\/ul>\n<\/div>\n<p>[\/vc_column_text][vc_column_text]<a href=\"\/en\/rooms\" class=\"broken_link\">More details<i class=\"fa fa-chevron-right\" aria-hidden=\"true\"><\/i><\/a>[\/vc_column_text][\/vc_column][\/vc_row][vc_row css_animation=&#8221;fadeInUp&#8221;][vc_column][vc_empty_space height=&#8221;50&#8243;][\/vc_column][\/vc_row][vc_row css_animation=&#8221;fadeInUp&#8221; el_id=&#8221;dalia&#8221;][vc_column width=&#8221;1\/2&#8243;][vc_column_text]<\/p>\n<h3><em>La Dalia<\/em><\/h3>\n<p><strong>Double room<br \/>\nDimension: 24.36 m\u00b2<\/strong>[\/vc_column_text][vc_gallery interval=&#8221;3&#8243; images=&#8221;486,488&#8243; img_size=&#8221;full&#8221; css_animation=&#8221;fadeInUp&#8221;][vc_column_text]<\/p>\n<div class=\"services-list\">\n<ul>\n<li class=\"ico-doccia\">Room with shower<\/li>\n<li class=\"ico-vista\">View of courtyard and vineyards, two windows<\/li>\n<li class=\"ico-letto\">Double bed only + single bed<\/li>\n<li class=\"ico-pavimento\">wooden floor<\/li>\n<li class=\"ico-tv\">43-inch LED TV<\/li>\n<\/ul>\n<\/div>\n<p>[\/vc_column_text][vc_column_text]<a href=\"\/en\/rooms\" class=\"broken_link\">More details<i class=\"fa fa-chevron-right\" aria-hidden=\"true\"><\/i><\/a>[\/vc_column_text][\/vc_column][vc_column width=&#8221;1\/2&#8243;][vc_column_text]<\/p>\n<h3><em>La Rosa<\/em><\/h3>\n<p><strong>Double room<br \/>\nDimension: 22.57 m\u00b2<\/strong>[\/vc_column_text][vc_gallery interval=&#8221;3&#8243; images=&#8221;490&#8243; img_size=&#8221;full&#8221; css_animation=&#8221;fadeInUp&#8221;][vc_column_text]<\/p>\n<div class=\"services-list\">\n<ul>\n<li class=\"ico-doccia\">Bathroom with bathtub and window<\/li>\n<li class=\"ico-vista\">View of courtyard and vineyards, two windows<\/li>\n<li class=\"ico-letto\">Double bed only<\/li>\n<li class=\"ico-pavimento\">wooden floor<\/li>\n<li class=\"ico-tv\">43-inch LED TV<\/li>\n<\/ul>\n<\/div>\n<p>[\/vc_column_text][vc_column_text]<a href=\"\/en\/rooms\" class=\"broken_link\">More details<i class=\"fa fa-chevron-right\" aria-hidden=\"true\"><\/i><\/a>[\/vc_column_text][\/vc_column][\/vc_row]<\/p>\n<\/div>","protected":false},"excerpt":{"rendered":"[vc_row el_id=&#8221;row-overlay&#8221;][vc_column width=&#8221;1\/2&#8243;][vc_custom_heading text=&#8221;BOOK YOUR ROOM&#8221; font_container=&#8221;tag:h1|text_align:left&#8221; use_theme_fonts=&#8221;yes&#8221; css=&#8221;.vc_custom_1545217306580{padding-bottom: 50px !important;}&#8221;][\/vc_column][vc_column width=&#8221;1\/2&#8243;][\/vc_column][\/vc_row][vc_row][vc_column][vc_empty_space height=&#8221;50px&#8221;][\/vc_column][\/vc_row][vc_row css_animation=&#8221;fadeInUp&#8221;][vc_column width=&#8221;1\/2&#8243;][\/vc_column][vc_column width=&#8221;1\/2&#8243;][vc_custom_heading text=&#8221;FACILITIES OF OUR ROOMS&#8221; use_theme_fonts=&#8221;yes&#8221;][vc_column_text] Free wi-fi Sky tv in your room Kettle with tea, herbal tea and instant coffee Mini-bar with water and juices included in the room Branded slippers Shampoo, bubble bath Cotton buds and oral hygiene [&hellip;]","protected":false},"author":2,"featured_media":2684,"parent":0,"menu_order":0,"comment_status":"closed","ping_status":"closed","template":"","meta":{"_acf_changed":false,"footnotes":""},"class_list":["post-375","page","type-page","status-publish","hentry"],"acf":[],"yoast_head":"<!-- This site is optimized with the Yoast SEO plugin v25.3.1 - https:\/\/yoast.com\/wordpress\/plugins\/seo\/ -->\n<title>Book now | Santom\u00e8 - Vini, meeting e resortBook now | Santom\u00e8 - Wines, meetings and resortBook now | Santom\u00e8 - Weine, meetings und resort<\/title>\n<meta name=\"description\" content=\"You can request a quote for your stay at the Tenuta Santom\u00e8\" \/>\n<meta name=\"robots\" content=\"index, follow, max-snippet:-1, max-image-preview:large, max-video-preview:-1\" \/>\n<link rel=\"canonical\" href=\"https:\/\/www.tenutasantome.com\/en\/prenota-ora\/\" \/>\n<meta property=\"og:locale\" content=\"en_US\" \/>\n<meta property=\"og:type\" content=\"article\" \/>\n<meta property=\"og:title\" content=\"Book now | Santom\u00e8 - Vini, meeting e resortBook now | Santom\u00e8 - Wines, meetings and resortBook now | Santom\u00e8 - Weine, meetings und resort\" \/>\n<meta property=\"og:description\" content=\"You can request a quote for your stay at the Tenuta Santom\u00e8\" \/>\n<meta property=\"og:url\" content=\"https:\/\/www.tenutasantome.com\/en\/prenota-ora\/\" \/>\n<meta property=\"og:site_name\" content=\"Santom\u00e8\" \/>\n<meta property=\"article:modified_time\" content=\"2020-08-17T12:42:48+00:00\" \/>\n<meta property=\"og:image\" content=\"https:\/\/www.tenutasantome.com\/wp-content\/uploads\/2018\/12\/prenota-ora.jpg\" \/>\n\t<meta property=\"og:image:width\" content=\"1920\" \/>\n\t<meta property=\"og:image:height\" content=\"931\" \/>\n\t<meta property=\"og:image:type\" content=\"image\/jpeg\" \/>\n<meta name=\"twitter:card\" content=\"summary_large_image\" \/>\n<meta name=\"twitter:label1\" content=\"Est. reading time\" \/>\n\t<meta name=\"twitter:data1\" content=\"13 minutes\" \/>\n<script type=\"application\/ld+json\" class=\"yoast-schema-graph\">{\"@context\":\"https:\/\/schema.org\",\"@graph\":[{\"@type\":\"WebPage\",\"@id\":\"https:\/\/www.tenutasantome.com\/en\/prenota-ora\/\",\"url\":\"https:\/\/www.tenutasantome.com\/en\/prenota-ora\/\",\"name\":\"Book now | Santom\u00e8 - Vini, meeting e resortBook now | Santom\u00e8 - Wines, meetings and resortBook now | Santom\u00e8 - Weine, meetings und resort\",\"isPartOf\":{\"@id\":\"https:\/\/www.tenutasantome.com\/en\/#website\"},\"primaryImageOfPage\":{\"@id\":\"https:\/\/www.tenutasantome.com\/en\/prenota-ora\/#primaryimage\"},\"image\":{\"@id\":\"https:\/\/www.tenutasantome.com\/prenota-ora\/#primaryimage\"},\"thumbnailUrl\":\"https:\/\/www.tenutasantome.com\/wp-content\/uploads\/2018\/12\/prenota-ora.jpg\",\"datePublished\":\"2018-07-03T10:14:06+00:00\",\"dateModified\":\"2020-08-17T12:42:48+00:00\",\"description\":\"You can request a quote for your stay at the Tenuta Santom\u00e8\",\"breadcrumb\":{\"@id\":\"https:\/\/www.tenutasantome.com\/en\/prenota-ora\/#breadcrumb\"},\"inLanguage\":\"en-US\",\"potentialAction\":[{\"@type\":\"ReadAction\",\"target\":[[\"https:\/\/www.tenutasantome.com\/en\/prenota-ora\/\"]]}]},{\"@type\":\"ImageObject\",\"inLanguage\":\"en-US\",\"@id\":\"https:\/\/www.tenutasantome.com\/en\/prenota-ora\/#primaryimage\",\"url\":\"https:\/\/www.tenutasantome.com\/wp-content\/uploads\/2018\/12\/prenota-ora.jpg\",\"contentUrl\":\"https:\/\/www.tenutasantome.com\/wp-content\/uploads\/2018\/12\/prenota-ora.jpg\",\"width\":1920,\"height\":931},{\"@type\":\"BreadcrumbList\",\"@id\":\"https:\/\/www.tenutasantome.com\/en\/prenota-ora\/#breadcrumb\",\"itemListElement\":[{\"@type\":\"ListItem\",\"position\":1,\"name\":\"Home\",\"item\":\"https:\/\/www.tenutasantome.com\/en\/\"},{\"@type\":\"ListItem\",\"position\":2,\"name\":\"Prenota ora\"}]},{\"@type\":\"WebSite\",\"@id\":\"https:\/\/www.tenutasantome.com\/en\/#website\",\"url\":\"https:\/\/www.tenutasantome.com\/en\/\",\"name\":\"Santom\u00e8\",\"description\":\"Wines, meetings and resort\",\"potentialAction\":[{\"@type\":\"SearchAction\",\"target\":{\"@type\":\"EntryPoint\",\"urlTemplate\":\"https:\/\/www.tenutasantome.com\/en\/?s={search_term_string}\"},\"query-input\":{\"@type\":\"PropertyValueSpecification\",\"valueRequired\":true,\"valueName\":\"search_term_string\"}}],\"inLanguage\":\"en-US\"}]}<\/script>\n<!-- \/ Yoast SEO plugin. -->","yoast_head_json":{"title":"Book now | Santom\u00e8 - Vini, meeting e resortBook now | Santom\u00e8 - Wines, meetings and resortBook now | Santom\u00e8 - Weine, meetings und resort","description":"You can request a quote for your stay at the Tenuta Santom\u00e8","robots":{"index":"index","follow":"follow","max-snippet":"max-snippet:-1","max-image-preview":"max-image-preview:large","max-video-preview":"max-video-preview:-1"},"canonical":"https:\/\/www.tenutasantome.com\/en\/prenota-ora\/","og_locale":"en_US","og_type":"article","og_title":"Book now | Santom\u00e8 - Vini, meeting e resortBook now | Santom\u00e8 - Wines, meetings and resortBook now | Santom\u00e8 - Weine, meetings und resort","og_description":"You can request a quote for your stay at the Tenuta Santom\u00e8","og_url":"https:\/\/www.tenutasantome.com\/en\/prenota-ora\/","og_site_name":"Santom\u00e8","article_modified_time":"2020-08-17T12:42:48+00:00","og_image":[{"width":1920,"height":931,"url":"https:\/\/www.tenutasantome.com\/wp-content\/uploads\/2018\/12\/prenota-ora.jpg","type":"image\/jpeg"}],"twitter_card":"summary_large_image","twitter_misc":{"Est. reading time":"13 minutes"},"schema":{"@context":"https:\/\/schema.org","@graph":[{"@type":"WebPage","@id":"https:\/\/www.tenutasantome.com\/en\/prenota-ora\/","url":"https:\/\/www.tenutasantome.com\/en\/prenota-ora\/","name":"Book now | Santom\u00e8 - Vini, meeting e resortBook now | Santom\u00e8 - Wines, meetings and resortBook now | Santom\u00e8 - Weine, meetings und resort","isPartOf":{"@id":"https:\/\/www.tenutasantome.com\/en\/#website"},"primaryImageOfPage":{"@id":"https:\/\/www.tenutasantome.com\/en\/prenota-ora\/#primaryimage"},"image":{"@id":"https:\/\/www.tenutasantome.com\/prenota-ora\/#primaryimage"},"thumbnailUrl":"https:\/\/www.tenutasantome.com\/wp-content\/uploads\/2018\/12\/prenota-ora.jpg","datePublished":"2018-07-03T10:14:06+00:00","dateModified":"2020-08-17T12:42:48+00:00","description":"You can request a quote for your stay at the Tenuta Santom\u00e8","breadcrumb":{"@id":"https:\/\/www.tenutasantome.com\/en\/prenota-ora\/#breadcrumb"},"inLanguage":"en-US","potentialAction":[{"@type":"ReadAction","target":[["https:\/\/www.tenutasantome.com\/en\/prenota-ora\/"]]}]},{"@type":"ImageObject","inLanguage":"en-US","@id":"https:\/\/www.tenutasantome.com\/en\/prenota-ora\/#primaryimage","url":"https:\/\/www.tenutasantome.com\/wp-content\/uploads\/2018\/12\/prenota-ora.jpg","contentUrl":"https:\/\/www.tenutasantome.com\/wp-content\/uploads\/2018\/12\/prenota-ora.jpg","width":1920,"height":931},{"@type":"BreadcrumbList","@id":"https:\/\/www.tenutasantome.com\/en\/prenota-ora\/#breadcrumb","itemListElement":[{"@type":"ListItem","position":1,"name":"Home","item":"https:\/\/www.tenutasantome.com\/en\/"},{"@type":"ListItem","position":2,"name":"Prenota ora"}]},{"@type":"WebSite","@id":"https:\/\/www.tenutasantome.com\/en\/#website","url":"https:\/\/www.tenutasantome.com\/en\/","name":"Santom\u00e8","description":"Wines, meetings and resort","potentialAction":[{"@type":"SearchAction","target":{"@type":"EntryPoint","urlTemplate":"https:\/\/www.tenutasantome.com\/en\/?s={search_term_string}"},"query-input":{"@type":"PropertyValueSpecification","valueRequired":true,"valueName":"search_term_string"}}],"inLanguage":"en-US"}]}},"_links":{"self":[{"href":"https:\/\/www.tenutasantome.com\/en\/wp-json\/wp\/v2\/pages\/375","targetHints":{"allow":["GET"]}}],"collection":[{"href":"https:\/\/www.tenutasantome.com\/en\/wp-json\/wp\/v2\/pages"}],"about":[{"href":"https:\/\/www.tenutasantome.com\/en\/wp-json\/wp\/v2\/types\/page"}],"author":[{"embeddable":true,"href":"https:\/\/www.tenutasantome.com\/en\/wp-json\/wp\/v2\/users\/2"}],"replies":[{"embeddable":true,"href":"https:\/\/www.tenutasantome.com\/en\/wp-json\/wp\/v2\/comments?post=375"}],"version-history":[{"count":0,"href":"https:\/\/www.tenutasantome.com\/en\/wp-json\/wp\/v2\/pages\/375\/revisions"}],"wp:featuredmedia":[{"embeddable":true,"href":"https:\/\/www.tenutasantome.com\/en\/wp-json\/wp\/v2\/media\/2684"}],"wp:attachment":[{"href":"https:\/\/www.tenutasantome.com\/en\/wp-json\/wp\/v2\/media?parent=375"}],"curies":[{"name":"wp","href":"https:\/\/api.w.org\/{rel}","templated":true}]}}