{"id":3534,"date":"2020-04-30T15:00:52","date_gmt":"2020-04-30T13:00:52","guid":{"rendered":"https:\/\/www.tenutasantome.com\/it\/?page_id=3534"},"modified":"2021-11-09T17:46:55","modified_gmt":"2021-11-09T16:46:55","slug":"punto-vendita-old","status":"publish","type":"page","link":"https:\/\/www.tenutasantome.com\/en\/punto-vendita-old\/","title":{"rendered":"Shipments"},"content":{"rendered":"<div class=\"wpb-content-wrapper\"><p>[vc_row el_id=&#8221;row-overlay&#8221;][vc_column width=&#8221;1\/2&#8243;][vc_custom_heading text=&#8221;SHIPMENTS&#8221; use_theme_fonts=&#8221;yes&#8221;][vc_column_text]<em>If you can\u2019t come to Italy\u2026we bring a sip of Tenuta Santom\u00e8 to your home!<\/em><\/p>\n<p>All your favourite wines are available for home delivery, directly to your doorstep. EASY, FAST &amp; SAFE DELIVERIES<\/p>\n<p>For informations fill out the form:[\/vc_column_text][vc_row_inner][vc_column_inner]\n<div class=\"wpcf7 no-js\" id=\"wpcf7-f3840-o2\" lang=\"it-IT\" dir=\"ltr\" data-wpcf7-id=\"3840\">\n<div class=\"screen-reader-response\"><p role=\"status\" aria-live=\"polite\" aria-atomic=\"true\"><\/p> <ul><\/ul><\/div>\n<form action=\"\/en\/wp-json\/wp\/v2\/pages\/3534#wpcf7-f3840-o2\" method=\"post\" class=\"wpcf7-form init\" aria-label=\"Modulo di contatto\" novalidate=\"novalidate\" data-status=\"init\">\n<fieldset class=\"hidden-fields-container\"><input type=\"hidden\" name=\"_wpcf7\" value=\"3840\" \/><input type=\"hidden\" name=\"_wpcf7_version\" value=\"6.1\" \/><input type=\"hidden\" name=\"_wpcf7_locale\" value=\"it_IT\" \/><input type=\"hidden\" name=\"_wpcf7_unit_tag\" value=\"wpcf7-f3840-o2\" \/><input type=\"hidden\" name=\"_wpcf7_container_post\" value=\"0\" \/><input type=\"hidden\" name=\"_wpcf7_posted_data_hash\" value=\"\" \/><input type=\"hidden\" name=\"_wpcf7_recaptcha_response\" value=\"\" \/>\n<\/fieldset>\n<div class=\"contact-form\">\n\t<div class=\"row\">\n\t\t<div class=\"col-sm-6 col-xs-12 no-padd\">\n\t\t\t<p><span class=\"wpcf7-form-control-wrap\" data-name=\"your-name\"><input size=\"40\" maxlength=\"400\" class=\"wpcf7-form-control wpcf7-text wpcf7-validates-as-required field-text\" aria-required=\"true\" aria-invalid=\"false\" placeholder=\"Name *\" value=\"\" type=\"text\" name=\"your-name\" \/><\/span>\n\t\t\t<\/p>\n\t\t<\/div>\n\t\t<div class=\"col-sm-6 col-xs-12 no-padd\">\n\t\t\t<p><span class=\"wpcf7-form-control-wrap\" data-name=\"your-surname\"><input size=\"40\" maxlength=\"400\" class=\"wpcf7-form-control wpcf7-text wpcf7-validates-as-required field-text\" aria-required=\"true\" aria-invalid=\"false\" placeholder=\"Surname *\" value=\"\" type=\"text\" name=\"your-surname\" \/><\/span>\n\t\t\t<\/p>\n\t\t<\/div>\n\t<\/div>\n\t<div class=\"row\">\n\t\t<div class=\"col-sm-6 col-xs-12 no-padd\">\n\t\t\t<p><span class=\"wpcf7-form-control-wrap\" data-name=\"your-email\"><input size=\"40\" maxlength=\"400\" class=\"wpcf7-form-control wpcf7-email wpcf7-validates-as-required wpcf7-text wpcf7-validates-as-email field-text\" aria-required=\"true\" aria-invalid=\"false\" placeholder=\"Email *\" value=\"\" type=\"email\" name=\"your-email\" \/><\/span>\n\t\t\t<\/p>\n\t\t<\/div>\n\t\t<div class=\"col-sm-6 col-xs-12 no-padd\">\n\t\t\t<p><span class=\"wpcf7-form-control-wrap\" data-name=\"tel-324\"><input size=\"40\" maxlength=\"400\" class=\"wpcf7-form-control wpcf7-tel wpcf7-text wpcf7-validates-as-tel\" aria-invalid=\"false\" placeholder=\"Telephone\" value=\"\" type=\"tel\" name=\"tel-324\" \/><\/span>\n\t\t\t<\/p>\n\t\t<\/div>\n\t<\/div>\n\t<div class=\"row\">\n\t\t<div class=\"col-sm-6 col-xs-12 no-padd\">\n\t\t\t<p><span class=\"wpcf7-form-control-wrap\" data-name=\"text-695\"><input size=\"40\" maxlength=\"400\" class=\"wpcf7-form-control wpcf7-text wpcf7-validates-as-required\" aria-required=\"true\" aria-invalid=\"false\" placeholder=\"Your city\/state *\" value=\"\" type=\"text\" name=\"text-695\" \/><\/span>\n\t\t\t<\/p>\n\t\t<\/div>\n\t<\/div>\n\t<div class=\"row\">\n\t\t<div class=\"col-sm-12\">\n\t\t\t<p><span class=\"wpcf7-form-control-wrap\" data-name=\"message\"><textarea cols=\"40\" rows=\"10\" maxlength=\"2000\" class=\"wpcf7-form-control wpcf7-textarea wpcf7-validates-as-required field-textarea\" aria-required=\"true\" aria-invalid=\"false\" placeholder=\"Message *\" name=\"message\"><\/textarea><\/span>\n\t\t\t<\/p>\n\t\t<\/div>\n\t<\/div>\n\t<div class=\"row\">\n\t\t<div class=\"col-sm-12\">\n\t\t\t<p><span class=\"captcha\">This site is protected by reCAPTCHA and the Google <a href=\"\">Privacy Policy<\/a> and <a href=\"\">Terms of Service<\/a> apply.<\/span>\n\t\t\t<\/p>\n\t\t<\/div>\n\t<\/div>\n\t<div class=\"row\">\n\t\t<div class=\"col-sm-12\">\n\t\t\t<p><span class=\"wpcf7-form-control-wrap\" data-name=\"checkbox-terms\"><span class=\"wpcf7-form-control wpcf7-checkbox wpcf7-validates-as-required wpcf7-exclusive-checkbox\"><span class=\"wpcf7-list-item first last\"><input type=\"checkbox\" name=\"checkbox-terms\" value=\"*\" \/><span class=\"wpcf7-list-item-label\">*<\/span><\/span><\/span><\/span>\n\t\t\t<\/p>\n\t\t<\/div>\n\t<\/div>\n\t<div class=\"row\">\n\t\t<div class=\"col-sm-12\">\n\t\t\t<p><input class=\"wpcf7-form-control wpcf7-submit has-spinner ev-cont-it btn-red\" type=\"submit\" value=\"SUBMIT\" \/>\n\t\t\t<\/p>\n\t\t<\/div>\n\t\t<div class=\"col-sm-12\">\n\t\t<div class=\"wpcf7-response-output\" aria-hidden=\"true\"><\/div>\n\t\t<\/div>\n\t<\/div>\n<\/div>\n<\/form>\n<\/div>\n[\/vc_column_inner][\/vc_row_inner][\/vc_column][vc_column width=&#8221;1\/2&#8243;][\/vc_column][\/vc_row]<\/p>\n<\/div>","protected":false},"excerpt":{"rendered":"[vc_row el_id=&#8221;row-overlay&#8221;][vc_column width=&#8221;1\/2&#8243;][vc_custom_heading text=&#8221;SHIPMENTS&#8221; use_theme_fonts=&#8221;yes&#8221;][vc_column_text]If you can\u2019t come to Italy\u2026we bring a sip of Tenuta Santom\u00e8 to your home! All your favourite wines are available for home delivery, directly to your doorstep. EASY, FAST &amp; SAFE DELIVERIES For informations fill out the form:[\/vc_column_text][vc_row_inner][vc_column_inner][\/vc_column_inner][\/vc_row_inner][\/vc_column][vc_column width=&#8221;1\/2&#8243;][\/vc_column][\/vc_row]","protected":false},"author":2,"featured_media":2394,"parent":0,"menu_order":0,"comment_status":"closed","ping_status":"closed","template":"","meta":{"_acf_changed":false,"footnotes":""},"class_list":["post-3534","page","type-page","status-publish","hentry"],"acf":[],"yoast_head":"<!-- This site is optimized with the Yoast SEO plugin v25.3.1 - https:\/\/yoast.com\/wordpress\/plugins\/seo\/ -->\n<title>Shipments | Santom\u00e8 - Vini, meeting e resortShipments | Santom\u00e8 - Wines, meetings and resortShipments | Santom\u00e8 - Weine, meetings und resort<\/title>\n<meta name=\"description\" content=\"Santom\u00e8 has its own retail outlet, opened From Monday to Saturday\" \/>\n<meta name=\"robots\" content=\"index, follow, max-snippet:-1, max-image-preview:large, max-video-preview:-1\" \/>\n<link rel=\"canonical\" href=\"https:\/\/www.tenutasantome.com\/en\/punto-vendita-old\/\" \/>\n<meta property=\"og:locale\" content=\"en_US\" \/>\n<meta property=\"og:type\" content=\"article\" \/>\n<meta property=\"og:title\" content=\"Shipments | Santom\u00e8 - Vini, meeting e resortShipments | Santom\u00e8 - Wines, meetings and resortShipments | Santom\u00e8 - Weine, meetings und resort\" \/>\n<meta property=\"og:description\" content=\"Santom\u00e8 has its own retail outlet, opened From Monday to Saturday\" \/>\n<meta property=\"og:url\" content=\"https:\/\/www.tenutasantome.com\/en\/punto-vendita-old\/\" \/>\n<meta property=\"og:site_name\" content=\"Santom\u00e8\" \/>\n<meta property=\"article:modified_time\" content=\"2021-11-09T16:46:55+00:00\" \/>\n<meta property=\"og:image\" content=\"https:\/\/www.tenutasantome.com\/wp-content\/uploads\/2018\/12\/punto-vendita-santome.jpg\" \/>\n\t<meta property=\"og:image:width\" content=\"2000\" \/>\n\t<meta property=\"og:image:height\" content=\"1228\" \/>\n\t<meta property=\"og:image:type\" content=\"image\/jpeg\" \/>\n<meta name=\"twitter:card\" content=\"summary_large_image\" \/>\n<meta name=\"twitter:label1\" content=\"Est. reading time\" \/>\n\t<meta name=\"twitter:data1\" content=\"1 minute\" \/>\n<script type=\"application\/ld+json\" class=\"yoast-schema-graph\">{\"@context\":\"https:\/\/schema.org\",\"@graph\":[{\"@type\":\"WebPage\",\"@id\":\"https:\/\/www.tenutasantome.com\/en\/punto-vendita-old\/\",\"url\":\"https:\/\/www.tenutasantome.com\/en\/punto-vendita-old\/\",\"name\":\"Shipments | Santom\u00e8 - Vini, meeting e resortShipments | Santom\u00e8 - Wines, meetings and resortShipments | Santom\u00e8 - Weine, meetings und resort\",\"isPartOf\":{\"@id\":\"https:\/\/www.tenutasantome.com\/en\/#website\"},\"primaryImageOfPage\":{\"@id\":\"https:\/\/www.tenutasantome.com\/en\/punto-vendita-old\/#primaryimage\"},\"image\":{\"@id\":\"https:\/\/www.tenutasantome.com\/punto-vendita-old\/#primaryimage\"},\"thumbnailUrl\":\"https:\/\/www.tenutasantome.com\/wp-content\/uploads\/2018\/12\/punto-vendita-santome.jpg\",\"datePublished\":\"2020-04-30T13:00:52+00:00\",\"dateModified\":\"2021-11-09T16:46:55+00:00\",\"description\":\"Santom\u00e8 has its own retail outlet, opened From Monday to Saturday\",\"breadcrumb\":{\"@id\":\"https:\/\/www.tenutasantome.com\/en\/punto-vendita-old\/#breadcrumb\"},\"inLanguage\":\"en-US\",\"potentialAction\":[{\"@type\":\"ReadAction\",\"target\":[[\"https:\/\/www.tenutasantome.com\/en\/punto-vendita-old\/\"]]}]},{\"@type\":\"ImageObject\",\"inLanguage\":\"en-US\",\"@id\":\"https:\/\/www.tenutasantome.com\/en\/punto-vendita-old\/#primaryimage\",\"url\":\"https:\/\/www.tenutasantome.com\/wp-content\/uploads\/2018\/12\/punto-vendita-santome.jpg\",\"contentUrl\":\"https:\/\/www.tenutasantome.com\/wp-content\/uploads\/2018\/12\/punto-vendita-santome.jpg\",\"width\":2000,\"height\":1228},{\"@type\":\"BreadcrumbList\",\"@id\":\"https:\/\/www.tenutasantome.com\/en\/punto-vendita-old\/#breadcrumb\",\"itemListElement\":[{\"@type\":\"ListItem\",\"position\":1,\"name\":\"Home\",\"item\":\"https:\/\/www.tenutasantome.com\/en\/\"},{\"@type\":\"ListItem\",\"position\":2,\"name\":\"Spedizioni\"}]},{\"@type\":\"WebSite\",\"@id\":\"https:\/\/www.tenutasantome.com\/en\/#website\",\"url\":\"https:\/\/www.tenutasantome.com\/en\/\",\"name\":\"Santom\u00e8\",\"description\":\"Wines, meetings and resort\",\"potentialAction\":[{\"@type\":\"SearchAction\",\"target\":{\"@type\":\"EntryPoint\",\"urlTemplate\":\"https:\/\/www.tenutasantome.com\/en\/?s={search_term_string}\"},\"query-input\":{\"@type\":\"PropertyValueSpecification\",\"valueRequired\":true,\"valueName\":\"search_term_string\"}}],\"inLanguage\":\"en-US\"}]}<\/script>\n<!-- \/ Yoast SEO plugin. -->","yoast_head_json":{"title":"Shipments | Santom\u00e8 - Vini, meeting e resortShipments | Santom\u00e8 - Wines, meetings and resortShipments | Santom\u00e8 - Weine, meetings und resort","description":"Santom\u00e8 has its own retail outlet, opened From Monday to Saturday","robots":{"index":"index","follow":"follow","max-snippet":"max-snippet:-1","max-image-preview":"max-image-preview:large","max-video-preview":"max-video-preview:-1"},"canonical":"https:\/\/www.tenutasantome.com\/en\/punto-vendita-old\/","og_locale":"en_US","og_type":"article","og_title":"Shipments | Santom\u00e8 - Vini, meeting e resortShipments | Santom\u00e8 - Wines, meetings and resortShipments | Santom\u00e8 - Weine, meetings und resort","og_description":"Santom\u00e8 has its own retail outlet, opened From Monday to Saturday","og_url":"https:\/\/www.tenutasantome.com\/en\/punto-vendita-old\/","og_site_name":"Santom\u00e8","article_modified_time":"2021-11-09T16:46:55+00:00","og_image":[{"width":2000,"height":1228,"url":"https:\/\/www.tenutasantome.com\/wp-content\/uploads\/2018\/12\/punto-vendita-santome.jpg","type":"image\/jpeg"}],"twitter_card":"summary_large_image","twitter_misc":{"Est. reading time":"1 minute"},"schema":{"@context":"https:\/\/schema.org","@graph":[{"@type":"WebPage","@id":"https:\/\/www.tenutasantome.com\/en\/punto-vendita-old\/","url":"https:\/\/www.tenutasantome.com\/en\/punto-vendita-old\/","name":"Shipments | Santom\u00e8 - Vini, meeting e resortShipments | Santom\u00e8 - Wines, meetings and resortShipments | Santom\u00e8 - Weine, meetings und resort","isPartOf":{"@id":"https:\/\/www.tenutasantome.com\/en\/#website"},"primaryImageOfPage":{"@id":"https:\/\/www.tenutasantome.com\/en\/punto-vendita-old\/#primaryimage"},"image":{"@id":"https:\/\/www.tenutasantome.com\/punto-vendita-old\/#primaryimage"},"thumbnailUrl":"https:\/\/www.tenutasantome.com\/wp-content\/uploads\/2018\/12\/punto-vendita-santome.jpg","datePublished":"2020-04-30T13:00:52+00:00","dateModified":"2021-11-09T16:46:55+00:00","description":"Santom\u00e8 has its own retail outlet, opened From Monday to Saturday","breadcrumb":{"@id":"https:\/\/www.tenutasantome.com\/en\/punto-vendita-old\/#breadcrumb"},"inLanguage":"en-US","potentialAction":[{"@type":"ReadAction","target":[["https:\/\/www.tenutasantome.com\/en\/punto-vendita-old\/"]]}]},{"@type":"ImageObject","inLanguage":"en-US","@id":"https:\/\/www.tenutasantome.com\/en\/punto-vendita-old\/#primaryimage","url":"https:\/\/www.tenutasantome.com\/wp-content\/uploads\/2018\/12\/punto-vendita-santome.jpg","contentUrl":"https:\/\/www.tenutasantome.com\/wp-content\/uploads\/2018\/12\/punto-vendita-santome.jpg","width":2000,"height":1228},{"@type":"BreadcrumbList","@id":"https:\/\/www.tenutasantome.com\/en\/punto-vendita-old\/#breadcrumb","itemListElement":[{"@type":"ListItem","position":1,"name":"Home","item":"https:\/\/www.tenutasantome.com\/en\/"},{"@type":"ListItem","position":2,"name":"Spedizioni"}]},{"@type":"WebSite","@id":"https:\/\/www.tenutasantome.com\/en\/#website","url":"https:\/\/www.tenutasantome.com\/en\/","name":"Santom\u00e8","description":"Wines, meetings and resort","potentialAction":[{"@type":"SearchAction","target":{"@type":"EntryPoint","urlTemplate":"https:\/\/www.tenutasantome.com\/en\/?s={search_term_string}"},"query-input":{"@type":"PropertyValueSpecification","valueRequired":true,"valueName":"search_term_string"}}],"inLanguage":"en-US"}]}},"_links":{"self":[{"href":"https:\/\/www.tenutasantome.com\/en\/wp-json\/wp\/v2\/pages\/3534","targetHints":{"allow":["GET"]}}],"collection":[{"href":"https:\/\/www.tenutasantome.com\/en\/wp-json\/wp\/v2\/pages"}],"about":[{"href":"https:\/\/www.tenutasantome.com\/en\/wp-json\/wp\/v2\/types\/page"}],"author":[{"embeddable":true,"href":"https:\/\/www.tenutasantome.com\/en\/wp-json\/wp\/v2\/users\/2"}],"replies":[{"embeddable":true,"href":"https:\/\/www.tenutasantome.com\/en\/wp-json\/wp\/v2\/comments?post=3534"}],"version-history":[{"count":0,"href":"https:\/\/www.tenutasantome.com\/en\/wp-json\/wp\/v2\/pages\/3534\/revisions"}],"wp:featuredmedia":[{"embeddable":true,"href":"https:\/\/www.tenutasantome.com\/en\/wp-json\/wp\/v2\/media\/2394"}],"wp:attachment":[{"href":"https:\/\/www.tenutasantome.com\/en\/wp-json\/wp\/v2\/media?parent=3534"}],"curies":[{"name":"wp","href":"https:\/\/api.w.org\/{rel}","templated":true}]}}