{"id":321,"date":"2018-07-02T15:43:15","date_gmt":"2018-07-02T13:43:15","guid":{"rendered":"https:\/\/www.tenutasantome.com\/it\/?page_id=321"},"modified":"2019-01-17T12:37:36","modified_gmt":"2019-01-17T11:37:36","slug":"vitigni-internazionali","status":"publish","type":"page","link":"https:\/\/www.tenutasantome.com\/en\/vitigni-internazionali\/","title":{"rendered":"International Grapes"},"content":{"rendered":"<div class=\"wpb-content-wrapper\"><p><\/p>\n<p>[vc_row el_id=&#8221;row-overlay&#8221;][vc_column width=&#8221;1\/2&#8243;][vc_custom_heading text=&#8221;INTERNATIONAL GRAPE VARIETIES&#8221; use_theme_fonts=&#8221;yes&#8221;][vc_column_text]International grape varieties are amongst the most widely grown around the world.[\/vc_column_text][\/vc_column][vc_column width=&#8221;1\/2&#8243;][\/vc_column][\/vc_row][vc_row css_animation=&#8221;fadeInUp&#8221;][vc_column][vc_column_text]The wines produced differ on the basis of the various zones due to the diverse properties of the soils in which they are cultivated. It is, therefore, very important to make the most of the local terroir with a view to achieving wines that embody the unique local character and personality. In this regard, <strong>the role played by the winemaker is fundamental.<\/strong>[\/vc_column_text][\/vc_column][\/vc_row][vc_row css_animation=&#8221;fadeInUp&#8221;][vc_column][vc_column_text]<\/p>\n<h4 style=\"text-align: center;\">OUR INTERNATIONAL WINES<\/h4>\n<p>[\/vc_column_text][\/vc_column][\/vc_row][vc_row css_animation=&#8221;fadeInUp&#8221; el_class=&#8221;row-vitigni-internazionali&#8221;][vc_column]\n<div class=\"wines-row-container\">\n\t\t\t\t\t\t\t\n\t\t\t\t\n\t\t\t\t\t\t\t<div class=\"row row-wines\">\n\t\t\t\t\t\t\t\n\t\t\t\t\t\t\t\t\n\t\t\t\t\t\n\t\t\t\t<div class=\"col-md-3 col-sm-6 col-xs-12 col-single-wine-container wpb_content_element wpb_animate_when_almost_visible wpb_fadeInUp fadeInUp animated wpb_start_animation\">\n\t\t\t\t\t<div class=\"col-single-wine\">\n\t\t\t\t\t\t<div class=\"wine-image text-center\">\n\t\t\t\t\t\t\t<a href=\"https:\/\/www.tenutasantome.com\/en\/wines\/rose\/\">\n\t\t\t\t\t\t\t\t\t\t\t\t\t\t\t\t\t<img loading=\"lazy\" decoding=\"async\" width=\"200\" height=\"300\" src=\"https:\/\/www.tenutasantome.com\/wp-content\/uploads\/2019\/01\/santome-rose-200x300.png\" class=\"img-responsive wp-post-image\" alt=\"\" srcset=\"https:\/\/www.tenutasantome.com\/wp-content\/uploads\/2019\/01\/santome-rose-200x300.png 200w, https:\/\/www.tenutasantome.com\/wp-content\/uploads\/2019\/01\/santome-rose-768x1152.png 768w, https:\/\/www.tenutasantome.com\/wp-content\/uploads\/2019\/01\/santome-rose-683x1024.png 683w, https:\/\/www.tenutasantome.com\/wp-content\/uploads\/2019\/01\/santome-rose.png 1050w\" sizes=\"auto, (max-width: 200px) 100vw, 200px\" \/>\t\t\t\t\t\t\t\t\t\t\t\t\t\t\t<\/a>\n\t\t\t\t\t\t<\/div>\n\t\t\t\t\t\t<div class=\"wine-title text-center\">\n\t\t\t\t\t\t\t<a href=\"https:\/\/www.tenutasantome.com\/en\/wines\/rose\/\">Ros\u00e8<\/a>\n\t\t\t\t\t\t<\/div>\n\t\t\t\t\t\t<div class=\"wine-denomination text-center\">\n\t\t\t\t\t\t\tIgt Marca Trevigiana\t\t\t\t\t\t<\/div>\n\t\t\t\t\t\t<div class=\"wine-divider\"><\/div>\n\t\t\t\t\t\t<div class=\"wine-alcol text-center\">\n\t\t\t\t\t\t\t12,50% vol. Alc.\n\t\t\t\t\t\t<\/div>\n\t\t\t\t\t\t<div class=\"wine-link text-center\">\n\t\t\t\t\t\t\t<a href=\"https:\/\/www.tenutasantome.com\/en\/wines\/rose\/\">\n\t\t\t\t\t\t\t\tDiscover <i class=\"fa fa-chevron-right\" aria-hidden=\"true\"><\/i>\n\t\t\t\t\t\t\t<\/a>\n\t\t\t\t\t\t<\/div>\n\t\t\t\t\t<\/div>\n\t\t\t\t<\/div>\n\t\t\t\n\t\t\t\t\n\t\t\t\t\t\n\t\t\t\t\n\t\t\t\n\t\t\t\t\t\t\t\t\n\t\t\t\t\t\n\t\t\t\t<div class=\"col-md-3 col-sm-6 col-xs-12 col-single-wine-container wpb_content_element wpb_animate_when_almost_visible wpb_fadeInUp fadeInUp animated wpb_start_animation\">\n\t\t\t\t\t<div class=\"col-single-wine\">\n\t\t\t\t\t\t<div class=\"wine-image text-center\">\n\t\t\t\t\t\t\t<a href=\"https:\/\/www.tenutasantome.com\/en\/wines\/merlot\/\">\n\t\t\t\t\t\t\t\t\t\t\t\t\t\t\t\t\t<img loading=\"lazy\" decoding=\"async\" width=\"133\" height=\"300\" src=\"https:\/\/www.tenutasantome.com\/wp-content\/uploads\/2018\/07\/13-Merlot-133x300.png\" class=\"img-responsive wp-post-image\" alt=\"\" srcset=\"https:\/\/www.tenutasantome.com\/wp-content\/uploads\/2018\/07\/13-Merlot-133x300.png 133w, https:\/\/www.tenutasantome.com\/wp-content\/uploads\/2018\/07\/13-Merlot.png 444w\" sizes=\"auto, (max-width: 133px) 100vw, 133px\" \/>\t\t\t\t\t\t\t\t\t\t\t\t\t\t\t<\/a>\n\t\t\t\t\t\t<\/div>\n\t\t\t\t\t\t<div class=\"wine-title text-center\">\n\t\t\t\t\t\t\t<a href=\"https:\/\/www.tenutasantome.com\/en\/wines\/merlot\/\">Merlot<\/a>\n\t\t\t\t\t\t<\/div>\n\t\t\t\t\t\t<div class=\"wine-denomination text-center\">\n\t\t\t\t\t\t\tIgt Marca Trevigiana\t\t\t\t\t\t<\/div>\n\t\t\t\t\t\t<div class=\"wine-divider\"><\/div>\n\t\t\t\t\t\t<div class=\"wine-alcol text-center\">\n\t\t\t\t\t\t\t13,50% vol. Alc.\n\t\t\t\t\t\t<\/div>\n\t\t\t\t\t\t<div class=\"wine-link text-center\">\n\t\t\t\t\t\t\t<a href=\"https:\/\/www.tenutasantome.com\/en\/wines\/merlot\/\">\n\t\t\t\t\t\t\t\tDiscover <i class=\"fa fa-chevron-right\" aria-hidden=\"true\"><\/i>\n\t\t\t\t\t\t\t<\/a>\n\t\t\t\t\t\t<\/div>\n\t\t\t\t\t<\/div>\n\t\t\t\t<\/div>\n\t\t\t\n\t\t\t\t\n\t\t\t\t\t\n\t\t\t\t\n\t\t\t\n\t\t\t\t\t\t\t\t\n\t\t\t\t\t\n\t\t\t\t<div class=\"col-md-3 col-sm-6 col-xs-12 col-single-wine-container wpb_content_element wpb_animate_when_almost_visible wpb_fadeInUp fadeInUp animated wpb_start_animation\">\n\t\t\t\t\t<div class=\"col-single-wine\">\n\t\t\t\t\t\t<div class=\"wine-image text-center\">\n\t\t\t\t\t\t\t<a href=\"https:\/\/www.tenutasantome.com\/en\/wines\/cabernet-sauvignon\/\">\n\t\t\t\t\t\t\t\t\t\t\t\t\t\t\t\t\t<img loading=\"lazy\" decoding=\"async\" width=\"133\" height=\"300\" src=\"https:\/\/www.tenutasantome.com\/wp-content\/uploads\/2018\/07\/14-Cab-Sauvignon-133x300.png\" class=\"img-responsive wp-post-image\" alt=\"\" srcset=\"https:\/\/www.tenutasantome.com\/wp-content\/uploads\/2018\/07\/14-Cab-Sauvignon-133x300.png 133w, https:\/\/www.tenutasantome.com\/wp-content\/uploads\/2018\/07\/14-Cab-Sauvignon.png 444w\" sizes=\"auto, (max-width: 133px) 100vw, 133px\" \/>\t\t\t\t\t\t\t\t\t\t\t\t\t\t\t<\/a>\n\t\t\t\t\t\t<\/div>\n\t\t\t\t\t\t<div class=\"wine-title text-center\">\n\t\t\t\t\t\t\t<a href=\"https:\/\/www.tenutasantome.com\/en\/wines\/cabernet-sauvignon\/\">Cabernet Sauvignon<\/a>\n\t\t\t\t\t\t<\/div>\n\t\t\t\t\t\t<div class=\"wine-denomination text-center\">\n\t\t\t\t\t\t\tIgt Marca Trevigiana\t\t\t\t\t\t<\/div>\n\t\t\t\t\t\t<div class=\"wine-divider\"><\/div>\n\t\t\t\t\t\t<div class=\"wine-alcol text-center\">\n\t\t\t\t\t\t\t13,50% vol. Alc.\n\t\t\t\t\t\t<\/div>\n\t\t\t\t\t\t<div class=\"wine-link text-center\">\n\t\t\t\t\t\t\t<a href=\"https:\/\/www.tenutasantome.com\/en\/wines\/cabernet-sauvignon\/\">\n\t\t\t\t\t\t\t\tDiscover <i class=\"fa fa-chevron-right\" aria-hidden=\"true\"><\/i>\n\t\t\t\t\t\t\t<\/a>\n\t\t\t\t\t\t<\/div>\n\t\t\t\t\t<\/div>\n\t\t\t\t<\/div>\n\t\t\t\n\t\t\t\t\n\t\t\t\t\t\n\t\t\t\t\n\t\t\t\n\t\t\t\t\t\t\t\t\n\t\t\t\t\t\n\t\t\t\t<div class=\"col-md-3 col-sm-6 col-xs-12 col-single-wine-container wpb_content_element wpb_animate_when_almost_visible wpb_fadeInUp fadeInUp animated wpb_start_animation\">\n\t\t\t\t\t<div class=\"col-single-wine\">\n\t\t\t\t\t\t<div class=\"wine-image text-center\">\n\t\t\t\t\t\t\t<a href=\"https:\/\/www.tenutasantome.com\/en\/wines\/chardonnay\/\">\n\t\t\t\t\t\t\t\t\t\t\t\t\t\t\t\t\t<img loading=\"lazy\" decoding=\"async\" width=\"133\" height=\"300\" src=\"https:\/\/www.tenutasantome.com\/wp-content\/uploads\/2018\/07\/10-Chardonnay-133x300.png\" class=\"img-responsive wp-post-image\" alt=\"\" srcset=\"https:\/\/www.tenutasantome.com\/wp-content\/uploads\/2018\/07\/10-Chardonnay-133x300.png 133w, https:\/\/www.tenutasantome.com\/wp-content\/uploads\/2018\/07\/10-Chardonnay.png 444w\" sizes=\"auto, (max-width: 133px) 100vw, 133px\" \/>\t\t\t\t\t\t\t\t\t\t\t\t\t\t\t<\/a>\n\t\t\t\t\t\t<\/div>\n\t\t\t\t\t\t<div class=\"wine-title text-center\">\n\t\t\t\t\t\t\t<a href=\"https:\/\/www.tenutasantome.com\/en\/wines\/chardonnay\/\">Chardonnay<\/a>\n\t\t\t\t\t\t<\/div>\n\t\t\t\t\t\t<div class=\"wine-denomination text-center\">\n\t\t\t\t\t\t\tIgt Marca Trevigiana\t\t\t\t\t\t<\/div>\n\t\t\t\t\t\t<div class=\"wine-divider\"><\/div>\n\t\t\t\t\t\t<div class=\"wine-alcol text-center\">\n\t\t\t\t\t\t\t13.00% vol. Alc.\n\t\t\t\t\t\t<\/div>\n\t\t\t\t\t\t<div class=\"wine-link text-center\">\n\t\t\t\t\t\t\t<a href=\"https:\/\/www.tenutasantome.com\/en\/wines\/chardonnay\/\">\n\t\t\t\t\t\t\t\tDiscover <i class=\"fa fa-chevron-right\" aria-hidden=\"true\"><\/i>\n\t\t\t\t\t\t\t<\/a>\n\t\t\t\t\t\t<\/div>\n\t\t\t\t\t<\/div>\n\t\t\t\t<\/div>\n\t\t\t\n\t\t\t\t\t\t\t<\/div>\n\t\t\t\t\t\t\t\t\n\t\t\t\n\t\t\t\t\n\t\t\t<\/div>[\/vc_column][\/vc_row][vc_row css_animation=&#8221;fadeInUp&#8221; disable_element=&#8221;yes&#8221;][vc_column width=&#8221;1\/6&#8243;][vc_column_text css=&#8221;.vc_custom_1544447022789{padding-top: 10px !important;}&#8221;]<\/p>\n<p style=\"text-align: center;\"><strong>WINES:<\/strong><\/p>\n<p>[\/vc_column_text][\/vc_column][vc_column width=&#8221;5\/6&#8243;]<div class=\"row row-wines-rectangles-blocks\"><div class=\"col-wine-block\"><a href=\"\/it\/pinot-grigio\/\"><div class=\"wine-name\">Pinot Grigio<\/div><\/a><\/div><div class=\"col-wine-block\"><a href=\"\/it\/prosecco\/\"><div class=\"active wine-name\">Prosecchi<\/div><\/a><\/div><div class=\"col-wine-block\"><a href=\"\/it\/vini-autoctoni\/\"><div class=\"wine-name\">Autoctoni<\/div><\/a><\/div><div class=\"col-wine-block\"><a href=\"\/it\/blend-unici\/\"><div class=\"wine-name\">Blend unici<\/div><\/a><\/div><div class=\"col-wine-block\"><a href=\"\/it\/vitigni-internazionali\/\"><div class=\"wine-name\">Internazionali<\/div><\/a><\/div><\/div>[\/vc_column][\/vc_row][vc_row][vc_column][vc_empty_space height=&#8221;50px&#8221;][\/vc_column][\/vc_row]<\/p>\n<p><\/p>\n<\/div>","protected":false},"excerpt":{"rendered":"[vc_row el_id=&#8221;row-overlay&#8221;][vc_column width=&#8221;1\/2&#8243;][vc_custom_heading text=&#8221;INTERNATIONAL GRAPE VARIETIES&#8221; use_theme_fonts=&#8221;yes&#8221;][vc_column_text]International grape varieties are amongst the most widely grown around the world.[\/vc_column_text][\/vc_column][vc_column width=&#8221;1\/2&#8243;][\/vc_column][\/vc_row][vc_row css_animation=&#8221;fadeInUp&#8221;][vc_column][vc_column_text]The wines produced differ on the basis of the various zones due to the diverse properties of the soils in which they are cultivated. It is, therefore, very important to make the most of the local [&hellip;]","protected":false},"author":2,"featured_media":1587,"parent":0,"menu_order":0,"comment_status":"closed","ping_status":"closed","template":"","meta":{"_acf_changed":false,"footnotes":""},"class_list":["post-321","page","type-page","status-publish","hentry"],"acf":[],"yoast_head":"<!-- This site is optimized with the Yoast SEO plugin v25.3.1 - https:\/\/yoast.com\/wordpress\/plugins\/seo\/ -->\n<title>International Grapes | Santom\u00e8 - Vini, meeting e resortInternational Grapes | Santom\u00e8 - Wines, meetings and resortInternational Grapes | Santom\u00e8 - Weine, meetings und resort<\/title>\n<meta name=\"description\" content=\"Discover the wines of Santom\u00e8 produced with international grape varieties, which are the most widely grown around the world.\" \/>\n<meta name=\"robots\" content=\"index, follow, max-snippet:-1, max-image-preview:large, max-video-preview:-1\" \/>\n<link rel=\"canonical\" href=\"https:\/\/www.tenutasantome.com\/en\/vitigni-internazionali\/\" \/>\n<meta property=\"og:locale\" content=\"en_US\" \/>\n<meta property=\"og:type\" content=\"article\" \/>\n<meta property=\"og:title\" content=\"International Grapes | Santom\u00e8 - Vini, meeting e resortInternational Grapes | Santom\u00e8 - Wines, meetings and resortInternational Grapes | Santom\u00e8 - Weine, meetings und resort\" \/>\n<meta property=\"og:description\" content=\"Discover the wines of Santom\u00e8 produced with international grape varieties, which are the most widely grown around the world.\" \/>\n<meta property=\"og:url\" content=\"https:\/\/www.tenutasantome.com\/en\/vitigni-internazionali\/\" \/>\n<meta property=\"og:site_name\" content=\"Santom\u00e8\" \/>\n<meta property=\"article:modified_time\" content=\"2019-01-17T11:37:36+00:00\" \/>\n<meta property=\"og:image\" content=\"https:\/\/www.tenutasantome.com\/wp-content\/uploads\/2018\/10\/vitigni-internazionali-principale.jpg\" \/>\n\t<meta property=\"og:image:width\" content=\"1920\" \/>\n\t<meta property=\"og:image:height\" content=\"755\" \/>\n\t<meta property=\"og:image:type\" content=\"image\/jpeg\" \/>\n<meta name=\"twitter:card\" content=\"summary_large_image\" \/>\n<meta name=\"twitter:label1\" content=\"Est. reading time\" \/>\n\t<meta name=\"twitter:data1\" content=\"4 minutes\" \/>\n<script type=\"application\/ld+json\" class=\"yoast-schema-graph\">{\"@context\":\"https:\/\/schema.org\",\"@graph\":[{\"@type\":\"WebPage\",\"@id\":\"https:\/\/www.tenutasantome.com\/en\/vitigni-internazionali\/\",\"url\":\"https:\/\/www.tenutasantome.com\/en\/vitigni-internazionali\/\",\"name\":\"International Grapes | Santom\u00e8 - Vini, meeting e resortInternational Grapes | Santom\u00e8 - Wines, meetings and resortInternational Grapes | Santom\u00e8 - Weine, meetings und resort\",\"isPartOf\":{\"@id\":\"https:\/\/www.tenutasantome.com\/en\/#website\"},\"primaryImageOfPage\":{\"@id\":\"https:\/\/www.tenutasantome.com\/en\/vitigni-internazionali\/#primaryimage\"},\"image\":{\"@id\":\"https:\/\/www.tenutasantome.com\/vitigni-internazionali\/#primaryimage\"},\"thumbnailUrl\":\"https:\/\/www.tenutasantome.com\/wp-content\/uploads\/2018\/10\/vitigni-internazionali-principale.jpg\",\"datePublished\":\"2018-07-02T13:43:15+00:00\",\"dateModified\":\"2019-01-17T11:37:36+00:00\",\"description\":\"Discover the wines of Santom\u00e8 produced with international grape varieties, which are the most widely grown around the world.\",\"breadcrumb\":{\"@id\":\"https:\/\/www.tenutasantome.com\/en\/vitigni-internazionali\/#breadcrumb\"},\"inLanguage\":\"en-US\",\"potentialAction\":[{\"@type\":\"ReadAction\",\"target\":[[\"https:\/\/www.tenutasantome.com\/en\/vitigni-internazionali\/\"]]}]},{\"@type\":\"ImageObject\",\"inLanguage\":\"en-US\",\"@id\":\"https:\/\/www.tenutasantome.com\/en\/vitigni-internazionali\/#primaryimage\",\"url\":\"https:\/\/www.tenutasantome.com\/wp-content\/uploads\/2018\/10\/vitigni-internazionali-principale.jpg\",\"contentUrl\":\"https:\/\/www.tenutasantome.com\/wp-content\/uploads\/2018\/10\/vitigni-internazionali-principale.jpg\",\"width\":1920,\"height\":755},{\"@type\":\"BreadcrumbList\",\"@id\":\"https:\/\/www.tenutasantome.com\/en\/vitigni-internazionali\/#breadcrumb\",\"itemListElement\":[{\"@type\":\"ListItem\",\"position\":1,\"name\":\"Home\",\"item\":\"https:\/\/www.tenutasantome.com\/en\/\"},{\"@type\":\"ListItem\",\"position\":2,\"name\":\"Vitigni internazionali\"}]},{\"@type\":\"WebSite\",\"@id\":\"https:\/\/www.tenutasantome.com\/en\/#website\",\"url\":\"https:\/\/www.tenutasantome.com\/en\/\",\"name\":\"Santom\u00e8\",\"description\":\"Wines, meetings and resort\",\"potentialAction\":[{\"@type\":\"SearchAction\",\"target\":{\"@type\":\"EntryPoint\",\"urlTemplate\":\"https:\/\/www.tenutasantome.com\/en\/?s={search_term_string}\"},\"query-input\":{\"@type\":\"PropertyValueSpecification\",\"valueRequired\":true,\"valueName\":\"search_term_string\"}}],\"inLanguage\":\"en-US\"}]}<\/script>\n<!-- \/ Yoast SEO plugin. -->","yoast_head_json":{"title":"International Grapes | Santom\u00e8 - Vini, meeting e resortInternational Grapes | Santom\u00e8 - Wines, meetings and resortInternational Grapes | Santom\u00e8 - Weine, meetings und resort","description":"Discover the wines of Santom\u00e8 produced with international grape varieties, which are the most widely grown around the world.","robots":{"index":"index","follow":"follow","max-snippet":"max-snippet:-1","max-image-preview":"max-image-preview:large","max-video-preview":"max-video-preview:-1"},"canonical":"https:\/\/www.tenutasantome.com\/en\/vitigni-internazionali\/","og_locale":"en_US","og_type":"article","og_title":"International Grapes | Santom\u00e8 - Vini, meeting e resortInternational Grapes | Santom\u00e8 - Wines, meetings and resortInternational Grapes | Santom\u00e8 - Weine, meetings und resort","og_description":"Discover the wines of Santom\u00e8 produced with international grape varieties, which are the most widely grown around the world.","og_url":"https:\/\/www.tenutasantome.com\/en\/vitigni-internazionali\/","og_site_name":"Santom\u00e8","article_modified_time":"2019-01-17T11:37:36+00:00","og_image":[{"width":1920,"height":755,"url":"https:\/\/www.tenutasantome.com\/wp-content\/uploads\/2018\/10\/vitigni-internazionali-principale.jpg","type":"image\/jpeg"}],"twitter_card":"summary_large_image","twitter_misc":{"Est. reading time":"4 minutes"},"schema":{"@context":"https:\/\/schema.org","@graph":[{"@type":"WebPage","@id":"https:\/\/www.tenutasantome.com\/en\/vitigni-internazionali\/","url":"https:\/\/www.tenutasantome.com\/en\/vitigni-internazionali\/","name":"International Grapes | Santom\u00e8 - Vini, meeting e resortInternational Grapes | Santom\u00e8 - Wines, meetings and resortInternational Grapes | Santom\u00e8 - Weine, meetings und resort","isPartOf":{"@id":"https:\/\/www.tenutasantome.com\/en\/#website"},"primaryImageOfPage":{"@id":"https:\/\/www.tenutasantome.com\/en\/vitigni-internazionali\/#primaryimage"},"image":{"@id":"https:\/\/www.tenutasantome.com\/vitigni-internazionali\/#primaryimage"},"thumbnailUrl":"https:\/\/www.tenutasantome.com\/wp-content\/uploads\/2018\/10\/vitigni-internazionali-principale.jpg","datePublished":"2018-07-02T13:43:15+00:00","dateModified":"2019-01-17T11:37:36+00:00","description":"Discover the wines of Santom\u00e8 produced with international grape varieties, which are the most widely grown around the world.","breadcrumb":{"@id":"https:\/\/www.tenutasantome.com\/en\/vitigni-internazionali\/#breadcrumb"},"inLanguage":"en-US","potentialAction":[{"@type":"ReadAction","target":[["https:\/\/www.tenutasantome.com\/en\/vitigni-internazionali\/"]]}]},{"@type":"ImageObject","inLanguage":"en-US","@id":"https:\/\/www.tenutasantome.com\/en\/vitigni-internazionali\/#primaryimage","url":"https:\/\/www.tenutasantome.com\/wp-content\/uploads\/2018\/10\/vitigni-internazionali-principale.jpg","contentUrl":"https:\/\/www.tenutasantome.com\/wp-content\/uploads\/2018\/10\/vitigni-internazionali-principale.jpg","width":1920,"height":755},{"@type":"BreadcrumbList","@id":"https:\/\/www.tenutasantome.com\/en\/vitigni-internazionali\/#breadcrumb","itemListElement":[{"@type":"ListItem","position":1,"name":"Home","item":"https:\/\/www.tenutasantome.com\/en\/"},{"@type":"ListItem","position":2,"name":"Vitigni internazionali"}]},{"@type":"WebSite","@id":"https:\/\/www.tenutasantome.com\/en\/#website","url":"https:\/\/www.tenutasantome.com\/en\/","name":"Santom\u00e8","description":"Wines, meetings and resort","potentialAction":[{"@type":"SearchAction","target":{"@type":"EntryPoint","urlTemplate":"https:\/\/www.tenutasantome.com\/en\/?s={search_term_string}"},"query-input":{"@type":"PropertyValueSpecification","valueRequired":true,"valueName":"search_term_string"}}],"inLanguage":"en-US"}]}},"_links":{"self":[{"href":"https:\/\/www.tenutasantome.com\/en\/wp-json\/wp\/v2\/pages\/321","targetHints":{"allow":["GET"]}}],"collection":[{"href":"https:\/\/www.tenutasantome.com\/en\/wp-json\/wp\/v2\/pages"}],"about":[{"href":"https:\/\/www.tenutasantome.com\/en\/wp-json\/wp\/v2\/types\/page"}],"author":[{"embeddable":true,"href":"https:\/\/www.tenutasantome.com\/en\/wp-json\/wp\/v2\/users\/2"}],"replies":[{"embeddable":true,"href":"https:\/\/www.tenutasantome.com\/en\/wp-json\/wp\/v2\/comments?post=321"}],"version-history":[{"count":0,"href":"https:\/\/www.tenutasantome.com\/en\/wp-json\/wp\/v2\/pages\/321\/revisions"}],"wp:featuredmedia":[{"embeddable":true,"href":"https:\/\/www.tenutasantome.com\/en\/wp-json\/wp\/v2\/media\/1587"}],"wp:attachment":[{"href":"https:\/\/www.tenutasantome.com\/en\/wp-json\/wp\/v2\/media?parent=321"}],"curies":[{"name":"wp","href":"https:\/\/api.w.org\/{rel}","templated":true}]}}