{"id":29,"date":"2018-06-19T20:14:21","date_gmt":"2018-06-19T18:14:21","guid":{"rendered":"https:\/\/www.tenutasantome.com\/it\/?page_id=29"},"modified":"2025-08-27T13:43:17","modified_gmt":"2025-08-27T11:43:17","slug":"dove-siamo","status":"publish","type":"page","link":"https:\/\/www.tenutasantome.com\/en\/where-we-are\/","title":{"rendered":"Where we are"},"content":{"rendered":"<div class=\"wpb-content-wrapper\"><p>[vc_row el_id=&#8221;row-overlay&#8221;][vc_column width=&#8221;1\/2&#8243;][vc_custom_heading text=&#8221;OUR LOCATION&#8221; use_theme_fonts=&#8221;yes&#8221;][vc_column_text]<strong>The winery<\/strong> (Treviso-Sud motorway exit and parallel to the Treviso-Mare highway) is easy to reach and benefits from its <strong>proximity to two major cultural hotspots \u2013 Treviso and Venice<\/strong>.[\/vc_column_text][\/vc_column][vc_column width=&#8221;1\/2&#8243;][\/vc_column][\/vc_row][vc_row css_animation=&#8221;fadeInUp&#8221;][vc_column][vc_custom_heading text=&#8221;In the heart of Veneto&#8221; font_container=&#8221;tag:h3|text_align:left&#8221; use_theme_fonts=&#8221;yes&#8221; css=&#8221;&#8221;][vc_column_text css=&#8221;&#8221;]Getting to <strong>Tenuta Santom\u00e8<\/strong> is easy and convenient, thanks to its strategic location in the heart of Veneto, just minutes from Treviso and well connected to the region\u2019s main roads and highways. To ensure maximum comfort for our guests, we offer a spacious <strong>free parking area<\/strong> within the property. Moreover, those traveling sustainably can take advantage of our <strong>electric vehicle charging station<\/strong>. Choose Tenuta Santom\u00e8 and enjoy modern hospitality that respects the environment and your mobility needs.[\/vc_column_text][vc_column_text css=&#8221;&#8221;]<a class=\"btn-yellow\" href=\"\/en\/in-the-surrounding-area\/\">Discover the surroundings <i class=\"fa fa-chevron-right\" aria-hidden=\"true\"><\/i><\/a>[\/vc_column_text][vc_gmaps link=&#8221;#E-8_JTNDaWZyYW1lJTIwc3JjJTNEJTIyaHR0cHMlM0ElMkYlMkZ3d3cuZ29vZ2xlLmNvbSUyRm1hcHMlMkZlbWJlZCUzRnBiJTNEJTIxMW0xOCUyMTFtMTIlMjExbTMlMjExZDI4MzY4NDMuOTY5NjA0Nzg0JTIxMmQ5Ljg2NTM5ODMxMjk3MDI4MyUyMTNkNDYuMDI0MDU2MTM3NjExNTElMjEybTMlMjExZjAlMjEyZjAlMjEzZjAlMjEzbTIlMjExaTEwMjQlMjEyaTc2OCUyMTRmMTMuMSUyMTNtMyUyMTFtMiUyMTFzMHg0Nzc5NGVmZDYwYzk5ZTg5JTI1M0EweGFjNmU0YTM0YzliZmM4MGElMjEyc1RlbnV0YSUyQlNhbnRvbSUyNUMzJTI1QTglMjE1ZTAlMjEzbTIlMjExc2l0JTIxMnNpdCUyMTR2MTU0NjQ0NTA2NjEzMyUyMiUyMHdpZHRoJTNEJTIyNjAwJTIyJTIwaGVpZ2h0JTNEJTIyNDUwJTIyJTIwZnJhbWVib3JkZXIlM0QlMjIwJTIyJTIwc3R5bGUlM0QlMjJib3JkZXIlM0EwJTIyJTIwYWxsb3dmdWxsc2NyZWVuJTNFJTNDJTJGaWZyYW1lJTNF&#8221;][\/vc_column][\/vc_row][vc_row css_animation=&#8221;fadeInUp&#8221;][vc_column width=&#8221;1\/3&#8243;][vc_custom_heading text=&#8221;ADDRESS&#8221; font_container=&#8221;tag:h4|text_align:left&#8221; use_theme_fonts=&#8221;yes&#8221;][vc_column_text css=&#8221;&#8221;]<strong>Santom\u00e8<\/strong><\/p>\n<p>Via Carboncine, 71<br \/>\n31056 loc. Biancade &#8211; Roncade (Treviso &#8211; Italy)[\/vc_column_text][\/vc_column][vc_column width=&#8221;1\/3&#8243;][vc_custom_heading text=&#8221;CONTACTS&#8221; font_container=&#8221;tag:h4|text_align:left&#8221; use_theme_fonts=&#8221;yes&#8221;][vc_column_text]Tel <a href=\"tel:+390422848189\">+39 0422 848189<\/a><\/p>\n<p>E-mail <a href=\"mailto:info@tenutasantome.com\">info@tenutasantome.com<\/a>[\/vc_column_text][\/vc_column][vc_column width=&#8221;1\/3&#8243;][vc_column_text]Guided tours of the winery are available, as are tastings of our products.<br \/>\nPrior booking required: <a href=\"mailto:info@tenutasantome.com\">info@tenutasantome.com<\/a>[\/vc_column_text][vc_column_text]<a class=\"btn-yellow\" href=\"\/en\/tours-and-tastings\/\">Santom\u00e8 Tastings <i class=\"fa fa-chevron-right\" aria-hidden=\"true\"><\/i><\/a>[\/vc_column_text][\/vc_column][\/vc_row][vc_row css_animation=&#8221;fadeInUp&#8221;][vc_column][vc_separator][\/vc_column][\/vc_row][vc_row full_width=&#8221;stretch_row&#8221; css_animation=&#8221;fadeInUp&#8221;][vc_column][vc_column_text]<\/p>\n<h4>Excellent transport links<\/h4>\n<p>[\/vc_column_text][vc_column_text]<\/p>\n<ul>\n<li><strong>CLOSEST AIRPORTS<\/strong>\n<ul>\n<li>Venice \u201cMarco Polo\u201d airport \u2013 30 minutes by car<\/li>\n<li>Treviso \u201cCanova\u201d airport \u2013 20 minutes by car<\/li>\n<\/ul>\n<\/li>\n<\/ul>\n<p>[\/vc_column_text][vc_column_text]<\/p>\n<ul>\n<li><strong>CLOSEST MOTORWAY EXITS<\/strong>\n<ul>\n<li>Treviso Sud (A27 Venezia \u2013 Belluno) \u2013 10 minutes by car<\/li>\n<li>Meolo-Roncade (A4 Trieste-Venezia) \u2013 10 minutes by car<\/li>\n<\/ul>\n<\/li>\n<\/ul>\n<p>[\/vc_column_text][vc_column_text]<\/p>\n<ul>\n<li><strong>CLOSEST TRAIN STATIONS<\/strong>\n<ul>\n<li>Treviso \u2013 20 minutes by car<\/li>\n<li>Quarto d\u2019Altino \u2013 15 minutes by car<\/li>\n<li>Mestre \u2013 30 minutes by car<\/li>\n<\/ul>\n<\/li>\n<\/ul>\n<p>[\/vc_column_text][vc_column_text]<\/p>\n<ul>\n<li><strong>CLOSEST CITIES<\/strong>\n<ul>\n<li>Central Treviso \u2013 20 minutes by car<\/li>\n<li>Piazzale Rome\/Marittima in Venice \u2013 30 minutes by car<\/li>\n<\/ul>\n<\/li>\n<\/ul>\n<p>[\/vc_column_text][\/vc_column][\/vc_row]<\/p>\n<\/div>","protected":false},"excerpt":{"rendered":"[vc_row el_id=&#8221;row-overlay&#8221;][vc_column width=&#8221;1\/2&#8243;][vc_custom_heading text=&#8221;OUR LOCATION&#8221; use_theme_fonts=&#8221;yes&#8221;][vc_column_text]The winery (Treviso-Sud motorway exit and parallel to the Treviso-Mare highway) is easy to reach and benefits from its proximity to two major cultural hotspots \u2013 Treviso and Venice.[\/vc_column_text][\/vc_column][vc_column width=&#8221;1\/2&#8243;][\/vc_column][\/vc_row][vc_row css_animation=&#8221;fadeInUp&#8221;][vc_column][vc_custom_heading text=&#8221;In the heart of Veneto&#8221; font_container=&#8221;tag:h3|text_align:left&#8221; use_theme_fonts=&#8221;yes&#8221; css=&#8221;&#8221;][vc_column_text css=&#8221;&#8221;]Getting to Tenuta Santom\u00e8 is easy and convenient, thanks to its [&hellip;]","protected":false},"author":2,"featured_media":1773,"parent":0,"menu_order":0,"comment_status":"closed","ping_status":"closed","template":"","meta":{"_acf_changed":false,"footnotes":""},"class_list":["post-29","page","type-page","status-publish","hentry"],"acf":[],"yoast_head":"<!-- This site is optimized with the Yoast SEO plugin v25.3.1 - https:\/\/yoast.com\/wordpress\/plugins\/seo\/ -->\n<title>Where we are | Santom\u00e8 - Vini, meeting e resortWhere we are | Santom\u00e8 - Wines, meetings and resortWhere we are | Santom\u00e8 - Weine, meetings und resort<\/title>\n<meta name=\"description\" content=\"Santom\u00e8 winery is easy to reach. It is located close to an exit on the motorway connecting Venice and Treviso (Italy).\" \/>\n<meta name=\"robots\" content=\"index, follow, max-snippet:-1, max-image-preview:large, max-video-preview:-1\" \/>\n<link rel=\"canonical\" href=\"https:\/\/www.tenutasantome.com\/en\/dove-siamo\/\" \/>\n<meta property=\"og:locale\" content=\"en_US\" \/>\n<meta property=\"og:type\" content=\"article\" \/>\n<meta property=\"og:title\" content=\"Where we are | Santom\u00e8 - Vini, meeting e resortWhere we are | Santom\u00e8 - Wines, meetings and resortWhere we are | Santom\u00e8 - Weine, meetings und resort\" \/>\n<meta property=\"og:description\" content=\"Santom\u00e8 winery is easy to reach. It is located close to an exit on the motorway connecting Venice and Treviso (Italy).\" \/>\n<meta property=\"og:url\" content=\"https:\/\/www.tenutasantome.com\/en\/dove-siamo\/\" \/>\n<meta property=\"og:site_name\" content=\"Santom\u00e8\" \/>\n<meta property=\"article:modified_time\" content=\"2025-08-27T11:43:17+00:00\" \/>\n<meta property=\"og:image\" content=\"https:\/\/www.tenutasantome.com\/wp-content\/uploads\/2018\/10\/santome-dove-siamo.jpg\" \/>\n\t<meta property=\"og:image:width\" content=\"1920\" \/>\n\t<meta property=\"og:image:height\" content=\"1040\" \/>\n\t<meta property=\"og:image:type\" content=\"image\/jpeg\" \/>\n<meta name=\"twitter:card\" content=\"summary_large_image\" \/>\n<meta name=\"twitter:label1\" content=\"Est. reading time\" \/>\n\t<meta name=\"twitter:data1\" content=\"2 minutes\" \/>\n<script type=\"application\/ld+json\" class=\"yoast-schema-graph\">{\"@context\":\"https:\/\/schema.org\",\"@graph\":[{\"@type\":\"WebPage\",\"@id\":\"https:\/\/www.tenutasantome.com\/en\/dove-siamo\/\",\"url\":\"https:\/\/www.tenutasantome.com\/en\/dove-siamo\/\",\"name\":\"Where we are | Santom\u00e8 - Vini, meeting e resortWhere we are | Santom\u00e8 - Wines, meetings and resortWhere we are | Santom\u00e8 - Weine, meetings und resort\",\"isPartOf\":{\"@id\":\"https:\/\/www.tenutasantome.com\/en\/#website\"},\"primaryImageOfPage\":{\"@id\":\"https:\/\/www.tenutasantome.com\/en\/dove-siamo\/#primaryimage\"},\"image\":{\"@id\":\"https:\/\/www.tenutasantome.com\/it\/dove-siamo\/#primaryimage\"},\"thumbnailUrl\":\"https:\/\/www.tenutasantome.com\/wp-content\/uploads\/2018\/10\/santome-dove-siamo.jpg\",\"datePublished\":\"2018-06-19T18:14:21+00:00\",\"dateModified\":\"2025-08-27T11:43:17+00:00\",\"description\":\"Santom\u00e8 winery is easy to reach. It is located close to an exit on the motorway connecting Venice and Treviso (Italy).\",\"breadcrumb\":{\"@id\":\"https:\/\/www.tenutasantome.com\/en\/dove-siamo\/#breadcrumb\"},\"inLanguage\":\"en-US\",\"potentialAction\":[{\"@type\":\"ReadAction\",\"target\":[[\"https:\/\/www.tenutasantome.com\/en\/dove-siamo\/\"]]}]},{\"@type\":\"ImageObject\",\"inLanguage\":\"en-US\",\"@id\":\"https:\/\/www.tenutasantome.com\/en\/dove-siamo\/#primaryimage\",\"url\":\"https:\/\/www.tenutasantome.com\/wp-content\/uploads\/2018\/10\/santome-dove-siamo.jpg\",\"contentUrl\":\"https:\/\/www.tenutasantome.com\/wp-content\/uploads\/2018\/10\/santome-dove-siamo.jpg\",\"width\":1920,\"height\":1040},{\"@type\":\"BreadcrumbList\",\"@id\":\"https:\/\/www.tenutasantome.com\/en\/dove-siamo\/#breadcrumb\",\"itemListElement\":[{\"@type\":\"ListItem\",\"position\":1,\"name\":\"Home\",\"item\":\"https:\/\/www.tenutasantome.com\/en\/\"},{\"@type\":\"ListItem\",\"position\":2,\"name\":\"Dove siamo\"}]},{\"@type\":\"WebSite\",\"@id\":\"https:\/\/www.tenutasantome.com\/en\/#website\",\"url\":\"https:\/\/www.tenutasantome.com\/en\/\",\"name\":\"Santom\u00e8\",\"description\":\"Wines, meetings and resort\",\"potentialAction\":[{\"@type\":\"SearchAction\",\"target\":{\"@type\":\"EntryPoint\",\"urlTemplate\":\"https:\/\/www.tenutasantome.com\/en\/?s={search_term_string}\"},\"query-input\":{\"@type\":\"PropertyValueSpecification\",\"valueRequired\":true,\"valueName\":\"search_term_string\"}}],\"inLanguage\":\"en-US\"}]}<\/script>\n<!-- \/ Yoast SEO plugin. -->","yoast_head_json":{"title":"Where we are | Santom\u00e8 - Vini, meeting e resortWhere we are | Santom\u00e8 - Wines, meetings and resortWhere we are | Santom\u00e8 - Weine, meetings und resort","description":"Santom\u00e8 winery is easy to reach. It is located close to an exit on the motorway connecting Venice and Treviso (Italy).","robots":{"index":"index","follow":"follow","max-snippet":"max-snippet:-1","max-image-preview":"max-image-preview:large","max-video-preview":"max-video-preview:-1"},"canonical":"https:\/\/www.tenutasantome.com\/en\/dove-siamo\/","og_locale":"en_US","og_type":"article","og_title":"Where we are | Santom\u00e8 - Vini, meeting e resortWhere we are | Santom\u00e8 - Wines, meetings and resortWhere we are | Santom\u00e8 - Weine, meetings und resort","og_description":"Santom\u00e8 winery is easy to reach. It is located close to an exit on the motorway connecting Venice and Treviso (Italy).","og_url":"https:\/\/www.tenutasantome.com\/en\/dove-siamo\/","og_site_name":"Santom\u00e8","article_modified_time":"2025-08-27T11:43:17+00:00","og_image":[{"width":1920,"height":1040,"url":"https:\/\/www.tenutasantome.com\/wp-content\/uploads\/2018\/10\/santome-dove-siamo.jpg","type":"image\/jpeg"}],"twitter_card":"summary_large_image","twitter_misc":{"Est. reading time":"2 minutes"},"schema":{"@context":"https:\/\/schema.org","@graph":[{"@type":"WebPage","@id":"https:\/\/www.tenutasantome.com\/en\/dove-siamo\/","url":"https:\/\/www.tenutasantome.com\/en\/dove-siamo\/","name":"Where we are | Santom\u00e8 - Vini, meeting e resortWhere we are | Santom\u00e8 - Wines, meetings and resortWhere we are | Santom\u00e8 - Weine, meetings und resort","isPartOf":{"@id":"https:\/\/www.tenutasantome.com\/en\/#website"},"primaryImageOfPage":{"@id":"https:\/\/www.tenutasantome.com\/en\/dove-siamo\/#primaryimage"},"image":{"@id":"https:\/\/www.tenutasantome.com\/it\/dove-siamo\/#primaryimage"},"thumbnailUrl":"https:\/\/www.tenutasantome.com\/wp-content\/uploads\/2018\/10\/santome-dove-siamo.jpg","datePublished":"2018-06-19T18:14:21+00:00","dateModified":"2025-08-27T11:43:17+00:00","description":"Santom\u00e8 winery is easy to reach. It is located close to an exit on the motorway connecting Venice and Treviso (Italy).","breadcrumb":{"@id":"https:\/\/www.tenutasantome.com\/en\/dove-siamo\/#breadcrumb"},"inLanguage":"en-US","potentialAction":[{"@type":"ReadAction","target":[["https:\/\/www.tenutasantome.com\/en\/dove-siamo\/"]]}]},{"@type":"ImageObject","inLanguage":"en-US","@id":"https:\/\/www.tenutasantome.com\/en\/dove-siamo\/#primaryimage","url":"https:\/\/www.tenutasantome.com\/wp-content\/uploads\/2018\/10\/santome-dove-siamo.jpg","contentUrl":"https:\/\/www.tenutasantome.com\/wp-content\/uploads\/2018\/10\/santome-dove-siamo.jpg","width":1920,"height":1040},{"@type":"BreadcrumbList","@id":"https:\/\/www.tenutasantome.com\/en\/dove-siamo\/#breadcrumb","itemListElement":[{"@type":"ListItem","position":1,"name":"Home","item":"https:\/\/www.tenutasantome.com\/en\/"},{"@type":"ListItem","position":2,"name":"Dove siamo"}]},{"@type":"WebSite","@id":"https:\/\/www.tenutasantome.com\/en\/#website","url":"https:\/\/www.tenutasantome.com\/en\/","name":"Santom\u00e8","description":"Wines, meetings and resort","potentialAction":[{"@type":"SearchAction","target":{"@type":"EntryPoint","urlTemplate":"https:\/\/www.tenutasantome.com\/en\/?s={search_term_string}"},"query-input":{"@type":"PropertyValueSpecification","valueRequired":true,"valueName":"search_term_string"}}],"inLanguage":"en-US"}]}},"_links":{"self":[{"href":"https:\/\/www.tenutasantome.com\/en\/wp-json\/wp\/v2\/pages\/29","targetHints":{"allow":["GET"]}}],"collection":[{"href":"https:\/\/www.tenutasantome.com\/en\/wp-json\/wp\/v2\/pages"}],"about":[{"href":"https:\/\/www.tenutasantome.com\/en\/wp-json\/wp\/v2\/types\/page"}],"author":[{"embeddable":true,"href":"https:\/\/www.tenutasantome.com\/en\/wp-json\/wp\/v2\/users\/2"}],"replies":[{"embeddable":true,"href":"https:\/\/www.tenutasantome.com\/en\/wp-json\/wp\/v2\/comments?post=29"}],"version-history":[{"count":8,"href":"https:\/\/www.tenutasantome.com\/en\/wp-json\/wp\/v2\/pages\/29\/revisions"}],"predecessor-version":[{"id":5492,"href":"https:\/\/www.tenutasantome.com\/en\/wp-json\/wp\/v2\/pages\/29\/revisions\/5492"}],"wp:featuredmedia":[{"embeddable":true,"href":"https:\/\/www.tenutasantome.com\/en\/wp-json\/wp\/v2\/media\/1773"}],"wp:attachment":[{"href":"https:\/\/www.tenutasantome.com\/en\/wp-json\/wp\/v2\/media?parent=29"}],"curies":[{"name":"wp","href":"https:\/\/api.w.org\/{rel}","templated":true}]}}