{"id":267,"date":"2018-06-29T15:47:46","date_gmt":"2018-06-29T13:47:46","guid":{"rendered":"https:\/\/www.tenutasantome.com\/it\/?page_id=267"},"modified":"2019-01-17T12:35:41","modified_gmt":"2019-01-17T11:35:41","slug":"vini-autoctoni","status":"publish","type":"page","link":"https:\/\/www.tenutasantome.com\/en\/vini-autoctoni\/","title":{"rendered":"Native grape types"},"content":{"rendered":"<div class=\"wpb-content-wrapper\"><p><\/p>\n<p>[vc_row el_id=&#8221;row-overlay&#8221;][vc_column width=&#8221;1\/2&#8243;][vc_custom_heading text=&#8221;NATIVE GRAPE TYPES&#8221; use_theme_fonts=&#8221;yes&#8221;][vc_column_text]Native grape types are those that are <strong>cultivated exclusively within their zone of origin<\/strong>. The typicality of the wines produced derives, therefore, from the type of soil and climatic conditions that characterise their provenance.<\/p>\n<p>These factors generate the specific organoleptic features that make native wines unique and unmistakable. As such, they are wines that are bound to specific areas, which are never very geographically extensive.[\/vc_column_text][\/vc_column][vc_column width=&#8221;1\/2&#8243;][\/vc_column][\/vc_row][vc_row][vc_column][vc_column_text]Italy can boast more than 600 native grape types, of which more than 50 are found in the Veneto region. These include well-known names such as <strong>Glera<\/strong> (used to make Prosecco), <strong>Corvina Veronese<\/strong> and <strong>Rondinella<\/strong> (which are used to make Amarone),\u00a0 and those that are more \u201cniche\u201d in their appeal, such as <strong>Raboso<\/strong>, <strong>Tai<\/strong> <strong>Bianco<\/strong>, <strong>Incrocio<\/strong> <strong>Manzoni<\/strong> and <strong>Verduzzo<\/strong>.[\/vc_column_text][\/vc_column][\/vc_row][vc_row][vc_column][vc_column_text]<\/p>\n<h4 style=\"text-align: center;\">OUR NATIVE WINES<\/h4>\n<p>[\/vc_column_text][vc_column_text]<\/p>\n<p style=\"text-align: center;\">Here at Santom\u00e8, we put a great deal of effort into the production of two wines with which the province of Treviso has long been associated: <strong>Tai Bianco <\/strong>(aka Tocai) and <strong>Raboso Piave<\/strong>. Due to the particular features of the maturation process of the grapes and the specific vinification techniques deployed, the two wines are only made in the best years.<\/p>\n<p>[\/vc_column_text][\/vc_column][\/vc_row][vc_row content_placement=&#8221;middle&#8221; css_animation=&#8221;fadeInUp&#8221; el_class=&#8221;row-vitigni-autoctoni&#8221;][vc_column]\n<div class=\"wines-row-container\">\n\t\t\t\t\t\t\t\n\t\t\t\t\n\t\t\t\t\t\t\t<div class=\"row row-wines\">\n\t\t\t\t\t\t\t\n\t\t\t\t\t\t\t\t\n\t\t\t\t\t\n\t\t\t\t<div class=\"col-md-3 col-sm-6 col-xs-12 col-single-wine-container wpb_content_element wpb_animate_when_almost_visible wpb_fadeInUp fadeInUp animated wpb_start_animation\">\n\t\t\t\t\t<div class=\"col-single-wine\">\n\t\t\t\t\t\t<div class=\"wine-image text-center\">\n\t\t\t\t\t\t\t<a href=\"https:\/\/www.tenutasantome.com\/en\/wines\/tai-biancoparcel-368\/\">\n\t\t\t\t\t\t\t\t\t\t\t\t\t\t\t\t\t<img loading=\"lazy\" decoding=\"async\" width=\"133\" height=\"300\" src=\"https:\/\/www.tenutasantome.com\/wp-content\/uploads\/2018\/07\/11-Tai-Bianco-Parcel-368-133x300.png\" class=\"img-responsive wp-post-image\" alt=\"\" srcset=\"https:\/\/www.tenutasantome.com\/wp-content\/uploads\/2018\/07\/11-Tai-Bianco-Parcel-368-133x300.png 133w, https:\/\/www.tenutasantome.com\/wp-content\/uploads\/2018\/07\/11-Tai-Bianco-Parcel-368.png 444w\" sizes=\"auto, (max-width: 133px) 100vw, 133px\" \/>\t\t\t\t\t\t\t\t\t\t\t\t\t\t\t<\/a>\n\t\t\t\t\t\t<\/div>\n\t\t\t\t\t\t<div class=\"wine-title text-center\">\n\t\t\t\t\t\t\t<a href=\"https:\/\/www.tenutasantome.com\/en\/wines\/tai-biancoparcel-368\/\">Tai Bianco<br>Parcel #368<\/a>\n\t\t\t\t\t\t<\/div>\n\t\t\t\t\t\t<div class=\"wine-denomination text-center\">\n\t\t\t\t\t\t\tIgt Marca Trevigiana\t\t\t\t\t\t<\/div>\n\t\t\t\t\t\t<div class=\"wine-divider\"><\/div>\n\t\t\t\t\t\t<div class=\"wine-alcol text-center\">\n\t\t\t\t\t\t\t13.50% vol. Alc.\n\t\t\t\t\t\t<\/div>\n\t\t\t\t\t\t<div class=\"wine-link text-center\">\n\t\t\t\t\t\t\t<a href=\"https:\/\/www.tenutasantome.com\/en\/wines\/tai-biancoparcel-368\/\">\n\t\t\t\t\t\t\t\tDiscover <i class=\"fa fa-chevron-right\" aria-hidden=\"true\"><\/i>\n\t\t\t\t\t\t\t<\/a>\n\t\t\t\t\t\t<\/div>\n\t\t\t\t\t<\/div>\n\t\t\t\t<\/div>\n\t\t\t\n\t\t\t\t\n\t\t\t\t\t\n\t\t\t\t\n\t\t\t\n\t\t\t\t\t\t\t\t\n\t\t\t\t\t\n\t\t\t\t<div class=\"col-md-3 col-sm-6 col-xs-12 col-single-wine-container wpb_content_element wpb_animate_when_almost_visible wpb_fadeInUp fadeInUp animated wpb_start_animation\">\n\t\t\t\t\t<div class=\"col-single-wine\">\n\t\t\t\t\t\t<div class=\"wine-image text-center\">\n\t\t\t\t\t\t\t<a href=\"https:\/\/www.tenutasantome.com\/en\/wines\/raboso-parcel-912\/\">\n\t\t\t\t\t\t\t\t\t\t\t\t\t\t\t\t\t<img loading=\"lazy\" decoding=\"async\" width=\"133\" height=\"300\" src=\"https:\/\/www.tenutasantome.com\/wp-content\/uploads\/2018\/07\/16-Raboso-Parcel-912-133x300.png\" class=\"img-responsive wp-post-image\" alt=\"\" srcset=\"https:\/\/www.tenutasantome.com\/wp-content\/uploads\/2018\/07\/16-Raboso-Parcel-912-133x300.png 133w, https:\/\/www.tenutasantome.com\/wp-content\/uploads\/2018\/07\/16-Raboso-Parcel-912.png 444w\" sizes=\"auto, (max-width: 133px) 100vw, 133px\" \/>\t\t\t\t\t\t\t\t\t\t\t\t\t\t\t<\/a>\n\t\t\t\t\t\t<\/div>\n\t\t\t\t\t\t<div class=\"wine-title text-center\">\n\t\t\t\t\t\t\t<a href=\"https:\/\/www.tenutasantome.com\/en\/wines\/raboso-parcel-912\/\">Raboso <br>Parcel #912<\/a>\n\t\t\t\t\t\t<\/div>\n\t\t\t\t\t\t<div class=\"wine-denomination text-center\">\n\t\t\t\t\t\t\tDoc Piave\t\t\t\t\t\t<\/div>\n\t\t\t\t\t\t<div class=\"wine-divider\"><\/div>\n\t\t\t\t\t\t<div class=\"wine-alcol text-center\">\n\t\t\t\t\t\t\t14.50% vol. Alc.\n\t\t\t\t\t\t<\/div>\n\t\t\t\t\t\t<div class=\"wine-link text-center\">\n\t\t\t\t\t\t\t<a href=\"https:\/\/www.tenutasantome.com\/en\/wines\/raboso-parcel-912\/\">\n\t\t\t\t\t\t\t\tDiscover <i class=\"fa fa-chevron-right\" aria-hidden=\"true\"><\/i>\n\t\t\t\t\t\t\t<\/a>\n\t\t\t\t\t\t<\/div>\n\t\t\t\t\t<\/div>\n\t\t\t\t<\/div>\n\t\t\t\n\t\t\t\t\n\t\t\t\n\t\t<\/div>\t\t\n\t\t\t<\/div>[\/vc_column][\/vc_row][vc_row][vc_column][vc_column_text]<br \/>\n[\/vc_column_text][\/vc_column][\/vc_row][vc_row css_animation=&#8221;fadeInUp&#8221; disable_element=&#8221;yes&#8221;][vc_column width=&#8221;1\/6&#8243;][vc_column_text css=&#8221;.vc_custom_1544437121316{padding-top: 10px !important;}&#8221;]<\/p>\n<p style=\"text-align: center;\"><strong>WINES:<\/strong><\/p>\n<p>[\/vc_column_text][\/vc_column][vc_column width=&#8221;5\/6&#8243;]<div class=\"row row-wines-rectangles-blocks\"><div class=\"col-wine-block\"><a href=\"\/it\/pinot-grigio\/\"><div class=\"wine-name\">Pinot Grigio<\/div><\/a><\/div><div class=\"col-wine-block\"><a href=\"\/it\/prosecco\/\"><div class=\"wine-name\">Prosecchi<\/div><\/a><\/div><div class=\"col-wine-block\"><a href=\"\/it\/vini-autoctoni\/\"><div class=\"active wine-name\">Autoctoni<\/div><\/a><\/div><div class=\"col-wine-block\"><a href=\"\/it\/blend-unici\/\"><div class=\"wine-name\">Blend unici<\/div><\/a><\/div><div class=\"col-wine-block\"><a href=\"\/it\/vitigni-internazionali\/\"><div class=\"wine-name\">Internazionali<\/div><\/a><\/div><\/div>[\/vc_column][\/vc_row][vc_row][vc_column][vc_empty_space height=&#8221;50px&#8221;][\/vc_column][\/vc_row]<\/p>\n<p><\/p>\n<\/div>","protected":false},"excerpt":{"rendered":"[vc_row el_id=&#8221;row-overlay&#8221;][vc_column width=&#8221;1\/2&#8243;][vc_custom_heading text=&#8221;NATIVE GRAPE TYPES&#8221; use_theme_fonts=&#8221;yes&#8221;][vc_column_text]Native grape types are those that are cultivated exclusively within their zone of origin. The typicality of the wines produced derives, therefore, from the type of soil and climatic conditions that characterise their provenance. These factors generate the specific organoleptic features that make native wines unique and unmistakable. As [&hellip;]","protected":false},"author":2,"featured_media":1628,"parent":0,"menu_order":0,"comment_status":"closed","ping_status":"closed","template":"","meta":{"_acf_changed":false,"footnotes":""},"class_list":["post-267","page","type-page","status-publish","hentry"],"acf":[],"yoast_head":"<!-- This site is optimized with the Yoast SEO plugin v25.3.1 - https:\/\/yoast.com\/wordpress\/plugins\/seo\/ -->\n<title>Native grape types | Santom\u00e8 - Vini, meeting e resortNative grape types | Santom\u00e8 - Wines, meetings and resortNative grape types | Santom\u00e8 - Weine, meetings und resort<\/title>\n<meta name=\"description\" content=\"Santom\u00e8 produces two wines with which the province of Treviso has long been associated: Tai Bianco (aka Tocai) and Raboso Piave.\" \/>\n<meta name=\"robots\" content=\"index, follow, max-snippet:-1, max-image-preview:large, max-video-preview:-1\" \/>\n<link rel=\"canonical\" href=\"https:\/\/www.tenutasantome.com\/en\/vini-autoctoni\/\" \/>\n<meta property=\"og:locale\" content=\"en_US\" \/>\n<meta property=\"og:type\" content=\"article\" \/>\n<meta property=\"og:title\" content=\"Native grape types | Santom\u00e8 - Vini, meeting e resortNative grape types | Santom\u00e8 - Wines, meetings and resortNative grape types | Santom\u00e8 - Weine, meetings und resort\" \/>\n<meta property=\"og:description\" content=\"Santom\u00e8 produces two wines with which the province of Treviso has long been associated: Tai Bianco (aka Tocai) and Raboso Piave.\" \/>\n<meta property=\"og:url\" content=\"https:\/\/www.tenutasantome.com\/en\/vini-autoctoni\/\" \/>\n<meta property=\"og:site_name\" content=\"Santom\u00e8\" \/>\n<meta property=\"article:modified_time\" content=\"2019-01-17T11:35:41+00:00\" \/>\n<meta property=\"og:image\" content=\"https:\/\/www.tenutasantome.com\/wp-content\/uploads\/2018\/10\/banner-principale-autoctoni.jpg\" \/>\n\t<meta property=\"og:image:width\" content=\"1920\" \/>\n\t<meta property=\"og:image:height\" content=\"1046\" \/>\n\t<meta property=\"og:image:type\" content=\"image\/jpeg\" \/>\n<meta name=\"twitter:card\" content=\"summary_large_image\" \/>\n<meta name=\"twitter:label1\" content=\"Est. reading time\" \/>\n\t<meta name=\"twitter:data1\" content=\"6 minutes\" \/>\n<script type=\"application\/ld+json\" class=\"yoast-schema-graph\">{\"@context\":\"https:\/\/schema.org\",\"@graph\":[{\"@type\":\"WebPage\",\"@id\":\"https:\/\/www.tenutasantome.com\/en\/vini-autoctoni\/\",\"url\":\"https:\/\/www.tenutasantome.com\/en\/vini-autoctoni\/\",\"name\":\"Native grape types | Santom\u00e8 - Vini, meeting e resortNative grape types | Santom\u00e8 - Wines, meetings and resortNative grape types | Santom\u00e8 - Weine, meetings und resort\",\"isPartOf\":{\"@id\":\"https:\/\/www.tenutasantome.com\/en\/#website\"},\"primaryImageOfPage\":{\"@id\":\"https:\/\/www.tenutasantome.com\/en\/vini-autoctoni\/#primaryimage\"},\"image\":{\"@id\":\"https:\/\/www.tenutasantome.com\/vini-autoctoni\/#primaryimage\"},\"thumbnailUrl\":\"https:\/\/www.tenutasantome.com\/wp-content\/uploads\/2018\/10\/banner-principale-autoctoni.jpg\",\"datePublished\":\"2018-06-29T13:47:46+00:00\",\"dateModified\":\"2019-01-17T11:35:41+00:00\",\"description\":\"Santom\u00e8 produces two wines with which the province of Treviso has long been associated: Tai Bianco (aka Tocai) and Raboso Piave.\",\"breadcrumb\":{\"@id\":\"https:\/\/www.tenutasantome.com\/en\/vini-autoctoni\/#breadcrumb\"},\"inLanguage\":\"en-US\",\"potentialAction\":[{\"@type\":\"ReadAction\",\"target\":[[\"https:\/\/www.tenutasantome.com\/en\/vini-autoctoni\/\"]]}]},{\"@type\":\"ImageObject\",\"inLanguage\":\"en-US\",\"@id\":\"https:\/\/www.tenutasantome.com\/en\/vini-autoctoni\/#primaryimage\",\"url\":\"https:\/\/www.tenutasantome.com\/wp-content\/uploads\/2018\/10\/banner-principale-autoctoni.jpg\",\"contentUrl\":\"https:\/\/www.tenutasantome.com\/wp-content\/uploads\/2018\/10\/banner-principale-autoctoni.jpg\",\"width\":1920,\"height\":1046},{\"@type\":\"BreadcrumbList\",\"@id\":\"https:\/\/www.tenutasantome.com\/en\/vini-autoctoni\/#breadcrumb\",\"itemListElement\":[{\"@type\":\"ListItem\",\"position\":1,\"name\":\"Home\",\"item\":\"https:\/\/www.tenutasantome.com\/en\/\"},{\"@type\":\"ListItem\",\"position\":2,\"name\":\"Vitigni autoctoni\"}]},{\"@type\":\"WebSite\",\"@id\":\"https:\/\/www.tenutasantome.com\/en\/#website\",\"url\":\"https:\/\/www.tenutasantome.com\/en\/\",\"name\":\"Santom\u00e8\",\"description\":\"Wines, meetings and resort\",\"potentialAction\":[{\"@type\":\"SearchAction\",\"target\":{\"@type\":\"EntryPoint\",\"urlTemplate\":\"https:\/\/www.tenutasantome.com\/en\/?s={search_term_string}\"},\"query-input\":{\"@type\":\"PropertyValueSpecification\",\"valueRequired\":true,\"valueName\":\"search_term_string\"}}],\"inLanguage\":\"en-US\"}]}<\/script>\n<!-- \/ Yoast SEO plugin. -->","yoast_head_json":{"title":"Native grape types | Santom\u00e8 - Vini, meeting e resortNative grape types | Santom\u00e8 - Wines, meetings and resortNative grape types | Santom\u00e8 - Weine, meetings und resort","description":"Santom\u00e8 produces two wines with which the province of Treviso has long been associated: Tai Bianco (aka Tocai) and Raboso Piave.","robots":{"index":"index","follow":"follow","max-snippet":"max-snippet:-1","max-image-preview":"max-image-preview:large","max-video-preview":"max-video-preview:-1"},"canonical":"https:\/\/www.tenutasantome.com\/en\/vini-autoctoni\/","og_locale":"en_US","og_type":"article","og_title":"Native grape types | Santom\u00e8 - Vini, meeting e resortNative grape types | Santom\u00e8 - Wines, meetings and resortNative grape types | Santom\u00e8 - Weine, meetings und resort","og_description":"Santom\u00e8 produces two wines with which the province of Treviso has long been associated: Tai Bianco (aka Tocai) and Raboso Piave.","og_url":"https:\/\/www.tenutasantome.com\/en\/vini-autoctoni\/","og_site_name":"Santom\u00e8","article_modified_time":"2019-01-17T11:35:41+00:00","og_image":[{"width":1920,"height":1046,"url":"https:\/\/www.tenutasantome.com\/wp-content\/uploads\/2018\/10\/banner-principale-autoctoni.jpg","type":"image\/jpeg"}],"twitter_card":"summary_large_image","twitter_misc":{"Est. reading time":"6 minutes"},"schema":{"@context":"https:\/\/schema.org","@graph":[{"@type":"WebPage","@id":"https:\/\/www.tenutasantome.com\/en\/vini-autoctoni\/","url":"https:\/\/www.tenutasantome.com\/en\/vini-autoctoni\/","name":"Native grape types | Santom\u00e8 - Vini, meeting e resortNative grape types | Santom\u00e8 - Wines, meetings and resortNative grape types | Santom\u00e8 - Weine, meetings und resort","isPartOf":{"@id":"https:\/\/www.tenutasantome.com\/en\/#website"},"primaryImageOfPage":{"@id":"https:\/\/www.tenutasantome.com\/en\/vini-autoctoni\/#primaryimage"},"image":{"@id":"https:\/\/www.tenutasantome.com\/vini-autoctoni\/#primaryimage"},"thumbnailUrl":"https:\/\/www.tenutasantome.com\/wp-content\/uploads\/2018\/10\/banner-principale-autoctoni.jpg","datePublished":"2018-06-29T13:47:46+00:00","dateModified":"2019-01-17T11:35:41+00:00","description":"Santom\u00e8 produces two wines with which the province of Treviso has long been associated: Tai Bianco (aka Tocai) and Raboso Piave.","breadcrumb":{"@id":"https:\/\/www.tenutasantome.com\/en\/vini-autoctoni\/#breadcrumb"},"inLanguage":"en-US","potentialAction":[{"@type":"ReadAction","target":[["https:\/\/www.tenutasantome.com\/en\/vini-autoctoni\/"]]}]},{"@type":"ImageObject","inLanguage":"en-US","@id":"https:\/\/www.tenutasantome.com\/en\/vini-autoctoni\/#primaryimage","url":"https:\/\/www.tenutasantome.com\/wp-content\/uploads\/2018\/10\/banner-principale-autoctoni.jpg","contentUrl":"https:\/\/www.tenutasantome.com\/wp-content\/uploads\/2018\/10\/banner-principale-autoctoni.jpg","width":1920,"height":1046},{"@type":"BreadcrumbList","@id":"https:\/\/www.tenutasantome.com\/en\/vini-autoctoni\/#breadcrumb","itemListElement":[{"@type":"ListItem","position":1,"name":"Home","item":"https:\/\/www.tenutasantome.com\/en\/"},{"@type":"ListItem","position":2,"name":"Vitigni autoctoni"}]},{"@type":"WebSite","@id":"https:\/\/www.tenutasantome.com\/en\/#website","url":"https:\/\/www.tenutasantome.com\/en\/","name":"Santom\u00e8","description":"Wines, meetings and resort","potentialAction":[{"@type":"SearchAction","target":{"@type":"EntryPoint","urlTemplate":"https:\/\/www.tenutasantome.com\/en\/?s={search_term_string}"},"query-input":{"@type":"PropertyValueSpecification","valueRequired":true,"valueName":"search_term_string"}}],"inLanguage":"en-US"}]}},"_links":{"self":[{"href":"https:\/\/www.tenutasantome.com\/en\/wp-json\/wp\/v2\/pages\/267","targetHints":{"allow":["GET"]}}],"collection":[{"href":"https:\/\/www.tenutasantome.com\/en\/wp-json\/wp\/v2\/pages"}],"about":[{"href":"https:\/\/www.tenutasantome.com\/en\/wp-json\/wp\/v2\/types\/page"}],"author":[{"embeddable":true,"href":"https:\/\/www.tenutasantome.com\/en\/wp-json\/wp\/v2\/users\/2"}],"replies":[{"embeddable":true,"href":"https:\/\/www.tenutasantome.com\/en\/wp-json\/wp\/v2\/comments?post=267"}],"version-history":[{"count":0,"href":"https:\/\/www.tenutasantome.com\/en\/wp-json\/wp\/v2\/pages\/267\/revisions"}],"wp:featuredmedia":[{"embeddable":true,"href":"https:\/\/www.tenutasantome.com\/en\/wp-json\/wp\/v2\/media\/1628"}],"wp:attachment":[{"href":"https:\/\/www.tenutasantome.com\/en\/wp-json\/wp\/v2\/media?parent=267"}],"curies":[{"name":"wp","href":"https:\/\/api.w.org\/{rel}","templated":true}]}}