{"id":190,"date":"2018-06-29T09:33:13","date_gmt":"2018-06-29T07:33:13","guid":{"rendered":"https:\/\/www.tenutasantome.com\/it\/?page_id=190"},"modified":"2025-08-19T12:24:08","modified_gmt":"2025-08-19T10:24:08","slug":"punto-vendita","status":"publish","type":"page","link":"https:\/\/www.tenutasantome.com\/en\/retail-outlet\/","title":{"rendered":"Retail Outlet"},"content":{"rendered":"<div class=\"wpb-content-wrapper\"><p>[vc_row el_id=&#8221;row-overlay&#8221;][vc_column width=&#8221;1\/2&#8243;][vc_custom_heading text=&#8221;RETAIL OUTLET&#8221; use_theme_fonts=&#8221;yes&#8221;][vc_column_text]The estate has its own retail outlet.<\/p>\n<p>It is the place where guests are welcomed and given the choice, with the help of expert staff, of which <strong>wines<\/strong> and <strong>gift packs<\/strong> to purchase. The first floor plays host to the <strong>tasting room<\/strong> \u2013\u00a0the ideal place where wine appraisers and enthusiasts can compare and contrast a plethora of different wines.[\/vc_column_text][\/vc_column][vc_column width=&#8221;1\/2&#8243;][\/vc_column][\/vc_row][vc_row][vc_column][\/vc_column][\/vc_row][vc_row equal_height=&#8221;yes&#8221; content_placement=&#8221;middle&#8221; css_animation=&#8221;fadeInUp&#8221; css=&#8221;.vc_custom_1538477567634{margin-top: 32px !important;}&#8221;][vc_column width=&#8221;1\/2&#8243; css=&#8221;.vc_custom_1538477448354{padding-top: 20px !important;padding-right: 20px !important;padding-bottom: 20px !important;padding-left: 20px !important;}&#8221;][vc_column_text css=&#8221;&#8221;]<strong>Retail outlet opening times<\/strong><br \/>\nFrom Monday to Friday 8:30am \u2013 12.30pm \/ 2pm \u2013 7pm<br \/>\nSaturday 8:30am \u2013 12.30pm \/ 3:30pm &#8211; 7pm<\/p>\n<p><strong>June, July and August: CLOSED ON SATURDAY AFTERNOONS<\/strong><\/p>\n<p><strong>Closed on Sundays<\/strong>[\/vc_column_text][\/vc_column][vc_column width=&#8221;1\/2&#8243;][vc_single_image image=&#8221;1434&#8243; img_size=&#8221;full&#8221; onclick=&#8221;link_image&#8221;][\/vc_column][vc_column][vc_media_grid element_width=&#8221;3&#8243; item=&#8221;masonryMedia_Default&#8221; grid_id=&#8221;vc_gid:1755594290515-ac23cf5d-6811-7&#8243; include=&#8221;1431,1430,1433,1432&#8243;][\/vc_column][\/vc_row][vc_row disable_element=&#8221;yes&#8221;][vc_column]\n<div class=\"wpcf7 no-js\" id=\"wpcf7-f5-o2\" lang=\"it-IT\" dir=\"ltr\" data-wpcf7-id=\"5\">\n<div class=\"screen-reader-response\"><p role=\"status\" aria-live=\"polite\" aria-atomic=\"true\"><\/p> <ul><\/ul><\/div>\n<form action=\"\/en\/wp-json\/wp\/v2\/pages\/190#wpcf7-f5-o2\" method=\"post\" class=\"wpcf7-form init\" aria-label=\"Modulo di contatto\" novalidate=\"novalidate\" data-status=\"init\">\n<fieldset class=\"hidden-fields-container\"><input type=\"hidden\" name=\"_wpcf7\" value=\"5\" \/><input type=\"hidden\" name=\"_wpcf7_version\" value=\"6.1\" \/><input type=\"hidden\" name=\"_wpcf7_locale\" value=\"it_IT\" \/><input type=\"hidden\" name=\"_wpcf7_unit_tag\" value=\"wpcf7-f5-o2\" \/><input type=\"hidden\" name=\"_wpcf7_container_post\" value=\"0\" \/><input type=\"hidden\" name=\"_wpcf7_posted_data_hash\" value=\"\" \/><input type=\"hidden\" name=\"_wpcf7_recaptcha_response\" value=\"\" \/>\n<\/fieldset>\n<div class=\"contact-form\">\n\t<div class=\"row\">\n\t\t<div class=\"col-sm-6 col-xs-12\">\n\t\t\t<p><span class=\"wpcf7-form-control-wrap\" data-name=\"your-name\"><input size=\"40\" maxlength=\"400\" class=\"wpcf7-form-control wpcf7-text wpcf7-validates-as-required field-text\" aria-required=\"true\" aria-invalid=\"false\" placeholder=\"Nome *\" value=\"\" type=\"text\" name=\"your-name\" \/><\/span>\n\t\t\t<\/p>\n\t\t<\/div>\n\t\t<div class=\"col-sm-6 col-xs-12\">\n\t\t\t<p><span class=\"wpcf7-form-control-wrap\" data-name=\"your-surname\"><input size=\"40\" maxlength=\"400\" class=\"wpcf7-form-control wpcf7-text wpcf7-validates-as-required field-text\" aria-required=\"true\" aria-invalid=\"false\" placeholder=\"Cognome *\" value=\"\" type=\"text\" name=\"your-surname\" \/><\/span>\n\t\t\t<\/p>\n\t\t<\/div>\n\t<\/div>\n\t<div class=\"row\">\n\t\t<div class=\"col-sm-6 col-xs-12\">\n\t\t\t<p><span class=\"wpcf7-form-control-wrap\" data-name=\"your-email\"><input size=\"40\" maxlength=\"400\" class=\"wpcf7-form-control wpcf7-email wpcf7-validates-as-required wpcf7-text wpcf7-validates-as-email field-text\" aria-required=\"true\" aria-invalid=\"false\" placeholder=\"Email *\" value=\"\" type=\"email\" name=\"your-email\" \/><\/span>\n\t\t\t<\/p>\n\t\t<\/div>\n\t\t<div class=\"col-sm-6 col-xs-12\">\n\t\t\t<p><span class=\"wpcf7-form-control-wrap\" data-name=\"telephone\"><input size=\"40\" maxlength=\"400\" class=\"wpcf7-form-control wpcf7-tel wpcf7-text wpcf7-validates-as-tel field-text\" aria-invalid=\"false\" placeholder=\"Telefono\" value=\"\" type=\"tel\" name=\"telephone\" \/><\/span>\n\t\t\t<\/p>\n\t\t<\/div>\n\t<\/div>\n\t<div class=\"row\">\n\t\t<div class=\"col-sm-12\">\n\t\t\t<p><span class=\"wpcf7-form-control-wrap\" data-name=\"message\"><textarea cols=\"40\" rows=\"10\" maxlength=\"2000\" class=\"wpcf7-form-control wpcf7-textarea field-textarea\" aria-invalid=\"false\" placeholder=\"Messaggio\" name=\"message\"><\/textarea><\/span>\n\t\t\t<\/p>\n\t\t<\/div>\n\t<\/div>\n\t<div class=\"row\">\n\t\t<div class=\"col-sm-12\">\n\t\t\t<p><span class=\"wpcf7-form-control-wrap\" data-name=\"checkbox-terms\"><span class=\"wpcf7-form-control wpcf7-checkbox wpcf7-validates-as-required wpcf7-exclusive-checkbox\"><span class=\"wpcf7-list-item first last\"><input type=\"checkbox\" name=\"checkbox-terms\" value=\"*\" \/><span class=\"wpcf7-list-item-label\">*<\/span><\/span><\/span><\/span>\n\t\t\t<\/p>\n\t\t<\/div>\n\t<\/div>\n\t<div class=\"row\">\n\t\t<div class=\"col-sm-12\">\n\t\t\t<p>This site is protected by reCAPTCHA and the Google <a href=\"\">Privacy Policy<\/a> and <a href=\"\">Terms of Service<\/a> apply.\n\t\t\t<\/p>\n\t\t<\/div>\n\t<\/div>\n\t<div class=\"row\">\n\t\t<div class=\"col-sm-12\">\n\t\t\t<p><input class=\"wpcf7-form-control wpcf7-submit has-spinner ev-cont-it btn-red\" type=\"submit\" value=\"INVIA\" \/>\n\t\t\t<\/p>\n\t\t<\/div>\n\t\t<div class=\"col-sm-12\">\n\t\t<div class=\"wpcf7-response-output\" aria-hidden=\"true\"><\/div>\n\t\t<\/div>\n\t<\/div>\n<\/div>\n<\/form>\n<\/div>\n[\/vc_column][\/vc_row]<\/p>\n<\/div>","protected":false},"excerpt":{"rendered":"[vc_row el_id=&#8221;row-overlay&#8221;][vc_column width=&#8221;1\/2&#8243;][vc_custom_heading text=&#8221;RETAIL OUTLET&#8221; use_theme_fonts=&#8221;yes&#8221;][vc_column_text]The estate has its own retail outlet. It is the place where guests are welcomed and given the choice, with the help of expert staff, of which wines and gift packs to purchase. The first floor plays host to the tasting room \u2013\u00a0the ideal place where wine appraisers and enthusiasts [&hellip;]","protected":false},"author":2,"featured_media":2394,"parent":0,"menu_order":0,"comment_status":"closed","ping_status":"closed","template":"","meta":{"_acf_changed":false,"footnotes":""},"class_list":["post-190","page","type-page","status-publish","hentry"],"acf":[],"yoast_head":"<!-- This site is optimized with the Yoast SEO plugin v25.3.1 - https:\/\/yoast.com\/wordpress\/plugins\/seo\/ -->\n<title>Retail Outlet | Santom\u00e8 - Vini, meeting e resortRetail Outlet | Santom\u00e8 - Wines, meetings and resortRetail Outlet | Santom\u00e8 - Weine, meetings und resort<\/title>\n<meta name=\"description\" content=\"Santom\u00e8 has its own retail outlet, opened From Monday to Saturday\" \/>\n<meta name=\"robots\" content=\"index, follow, max-snippet:-1, max-image-preview:large, max-video-preview:-1\" \/>\n<link rel=\"canonical\" href=\"https:\/\/www.tenutasantome.com\/en\/punto-vendita\/\" \/>\n<meta property=\"og:locale\" content=\"en_US\" \/>\n<meta property=\"og:type\" content=\"article\" \/>\n<meta property=\"og:title\" content=\"Retail Outlet | Santom\u00e8 - Vini, meeting e resortRetail Outlet | Santom\u00e8 - Wines, meetings and resortRetail Outlet | Santom\u00e8 - Weine, meetings und resort\" \/>\n<meta property=\"og:description\" content=\"Santom\u00e8 has its own retail outlet, opened From Monday to Saturday\" \/>\n<meta property=\"og:url\" content=\"https:\/\/www.tenutasantome.com\/en\/punto-vendita\/\" \/>\n<meta property=\"og:site_name\" content=\"Santom\u00e8\" \/>\n<meta property=\"article:modified_time\" content=\"2025-08-19T10:24:08+00:00\" \/>\n<meta property=\"og:image\" content=\"https:\/\/www.tenutasantome.com\/wp-content\/uploads\/2018\/12\/punto-vendita-santome.jpg\" \/>\n\t<meta property=\"og:image:width\" content=\"2000\" \/>\n\t<meta property=\"og:image:height\" content=\"1228\" \/>\n\t<meta property=\"og:image:type\" content=\"image\/jpeg\" \/>\n<meta name=\"twitter:card\" content=\"summary_large_image\" \/>\n<meta name=\"twitter:label1\" content=\"Est. reading time\" \/>\n\t<meta name=\"twitter:data1\" content=\"1 minute\" \/>\n<script type=\"application\/ld+json\" class=\"yoast-schema-graph\">{\"@context\":\"https:\/\/schema.org\",\"@graph\":[{\"@type\":\"WebPage\",\"@id\":\"https:\/\/www.tenutasantome.com\/en\/punto-vendita\/\",\"url\":\"https:\/\/www.tenutasantome.com\/en\/punto-vendita\/\",\"name\":\"Retail Outlet | Santom\u00e8 - Vini, meeting e resortRetail Outlet | Santom\u00e8 - Wines, meetings and resortRetail Outlet | Santom\u00e8 - Weine, meetings und resort\",\"isPartOf\":{\"@id\":\"https:\/\/www.tenutasantome.com\/en\/#website\"},\"primaryImageOfPage\":{\"@id\":\"https:\/\/www.tenutasantome.com\/en\/punto-vendita\/#primaryimage\"},\"image\":{\"@id\":\"https:\/\/www.tenutasantome.com\/it\/punto-vendita\/#primaryimage\"},\"thumbnailUrl\":\"https:\/\/www.tenutasantome.com\/wp-content\/uploads\/2018\/12\/punto-vendita-santome.jpg\",\"datePublished\":\"2018-06-29T07:33:13+00:00\",\"dateModified\":\"2025-08-19T10:24:08+00:00\",\"description\":\"Santom\u00e8 has its own retail outlet, opened From Monday to Saturday\",\"breadcrumb\":{\"@id\":\"https:\/\/www.tenutasantome.com\/en\/punto-vendita\/#breadcrumb\"},\"inLanguage\":\"en-US\",\"potentialAction\":[{\"@type\":\"ReadAction\",\"target\":[[\"https:\/\/www.tenutasantome.com\/en\/punto-vendita\/\"]]}]},{\"@type\":\"ImageObject\",\"inLanguage\":\"en-US\",\"@id\":\"https:\/\/www.tenutasantome.com\/en\/punto-vendita\/#primaryimage\",\"url\":\"https:\/\/www.tenutasantome.com\/wp-content\/uploads\/2018\/12\/punto-vendita-santome.jpg\",\"contentUrl\":\"https:\/\/www.tenutasantome.com\/wp-content\/uploads\/2018\/12\/punto-vendita-santome.jpg\",\"width\":2000,\"height\":1228},{\"@type\":\"BreadcrumbList\",\"@id\":\"https:\/\/www.tenutasantome.com\/en\/punto-vendita\/#breadcrumb\",\"itemListElement\":[{\"@type\":\"ListItem\",\"position\":1,\"name\":\"Home\",\"item\":\"https:\/\/www.tenutasantome.com\/en\/\"},{\"@type\":\"ListItem\",\"position\":2,\"name\":\"Punto vendita\"}]},{\"@type\":\"WebSite\",\"@id\":\"https:\/\/www.tenutasantome.com\/en\/#website\",\"url\":\"https:\/\/www.tenutasantome.com\/en\/\",\"name\":\"Santom\u00e8\",\"description\":\"Wines, meetings and resort\",\"potentialAction\":[{\"@type\":\"SearchAction\",\"target\":{\"@type\":\"EntryPoint\",\"urlTemplate\":\"https:\/\/www.tenutasantome.com\/en\/?s={search_term_string}\"},\"query-input\":{\"@type\":\"PropertyValueSpecification\",\"valueRequired\":true,\"valueName\":\"search_term_string\"}}],\"inLanguage\":\"en-US\"}]}<\/script>\n<!-- \/ Yoast SEO plugin. -->","yoast_head_json":{"title":"Retail Outlet | Santom\u00e8 - Vini, meeting e resortRetail Outlet | Santom\u00e8 - Wines, meetings and resortRetail Outlet | Santom\u00e8 - Weine, meetings und resort","description":"Santom\u00e8 has its own retail outlet, opened From Monday to Saturday","robots":{"index":"index","follow":"follow","max-snippet":"max-snippet:-1","max-image-preview":"max-image-preview:large","max-video-preview":"max-video-preview:-1"},"canonical":"https:\/\/www.tenutasantome.com\/en\/punto-vendita\/","og_locale":"en_US","og_type":"article","og_title":"Retail Outlet | Santom\u00e8 - Vini, meeting e resortRetail Outlet | Santom\u00e8 - Wines, meetings and resortRetail Outlet | Santom\u00e8 - Weine, meetings und resort","og_description":"Santom\u00e8 has its own retail outlet, opened From Monday to Saturday","og_url":"https:\/\/www.tenutasantome.com\/en\/punto-vendita\/","og_site_name":"Santom\u00e8","article_modified_time":"2025-08-19T10:24:08+00:00","og_image":[{"width":2000,"height":1228,"url":"https:\/\/www.tenutasantome.com\/wp-content\/uploads\/2018\/12\/punto-vendita-santome.jpg","type":"image\/jpeg"}],"twitter_card":"summary_large_image","twitter_misc":{"Est. reading time":"1 minute"},"schema":{"@context":"https:\/\/schema.org","@graph":[{"@type":"WebPage","@id":"https:\/\/www.tenutasantome.com\/en\/punto-vendita\/","url":"https:\/\/www.tenutasantome.com\/en\/punto-vendita\/","name":"Retail Outlet | Santom\u00e8 - Vini, meeting e resortRetail Outlet | Santom\u00e8 - Wines, meetings and resortRetail Outlet | Santom\u00e8 - Weine, meetings und resort","isPartOf":{"@id":"https:\/\/www.tenutasantome.com\/en\/#website"},"primaryImageOfPage":{"@id":"https:\/\/www.tenutasantome.com\/en\/punto-vendita\/#primaryimage"},"image":{"@id":"https:\/\/www.tenutasantome.com\/it\/punto-vendita\/#primaryimage"},"thumbnailUrl":"https:\/\/www.tenutasantome.com\/wp-content\/uploads\/2018\/12\/punto-vendita-santome.jpg","datePublished":"2018-06-29T07:33:13+00:00","dateModified":"2025-08-19T10:24:08+00:00","description":"Santom\u00e8 has its own retail outlet, opened From Monday to Saturday","breadcrumb":{"@id":"https:\/\/www.tenutasantome.com\/en\/punto-vendita\/#breadcrumb"},"inLanguage":"en-US","potentialAction":[{"@type":"ReadAction","target":[["https:\/\/www.tenutasantome.com\/en\/punto-vendita\/"]]}]},{"@type":"ImageObject","inLanguage":"en-US","@id":"https:\/\/www.tenutasantome.com\/en\/punto-vendita\/#primaryimage","url":"https:\/\/www.tenutasantome.com\/wp-content\/uploads\/2018\/12\/punto-vendita-santome.jpg","contentUrl":"https:\/\/www.tenutasantome.com\/wp-content\/uploads\/2018\/12\/punto-vendita-santome.jpg","width":2000,"height":1228},{"@type":"BreadcrumbList","@id":"https:\/\/www.tenutasantome.com\/en\/punto-vendita\/#breadcrumb","itemListElement":[{"@type":"ListItem","position":1,"name":"Home","item":"https:\/\/www.tenutasantome.com\/en\/"},{"@type":"ListItem","position":2,"name":"Punto vendita"}]},{"@type":"WebSite","@id":"https:\/\/www.tenutasantome.com\/en\/#website","url":"https:\/\/www.tenutasantome.com\/en\/","name":"Santom\u00e8","description":"Wines, meetings and resort","potentialAction":[{"@type":"SearchAction","target":{"@type":"EntryPoint","urlTemplate":"https:\/\/www.tenutasantome.com\/en\/?s={search_term_string}"},"query-input":{"@type":"PropertyValueSpecification","valueRequired":true,"valueName":"search_term_string"}}],"inLanguage":"en-US"}]}},"_links":{"self":[{"href":"https:\/\/www.tenutasantome.com\/en\/wp-json\/wp\/v2\/pages\/190","targetHints":{"allow":["GET"]}}],"collection":[{"href":"https:\/\/www.tenutasantome.com\/en\/wp-json\/wp\/v2\/pages"}],"about":[{"href":"https:\/\/www.tenutasantome.com\/en\/wp-json\/wp\/v2\/types\/page"}],"author":[{"embeddable":true,"href":"https:\/\/www.tenutasantome.com\/en\/wp-json\/wp\/v2\/users\/2"}],"replies":[{"embeddable":true,"href":"https:\/\/www.tenutasantome.com\/en\/wp-json\/wp\/v2\/comments?post=190"}],"version-history":[{"count":16,"href":"https:\/\/www.tenutasantome.com\/en\/wp-json\/wp\/v2\/pages\/190\/revisions"}],"predecessor-version":[{"id":5432,"href":"https:\/\/www.tenutasantome.com\/en\/wp-json\/wp\/v2\/pages\/190\/revisions\/5432"}],"wp:featuredmedia":[{"embeddable":true,"href":"https:\/\/www.tenutasantome.com\/en\/wp-json\/wp\/v2\/media\/2394"}],"wp:attachment":[{"href":"https:\/\/www.tenutasantome.com\/en\/wp-json\/wp\/v2\/media?parent=190"}],"curies":[{"name":"wp","href":"https:\/\/api.w.org\/{rel}","templated":true}]}}