{"id":139,"date":"2018-06-28T16:35:52","date_gmt":"2018-06-28T14:35:52","guid":{"rendered":"https:\/\/www.tenutasantome.com\/it\/?page_id=139"},"modified":"2025-09-17T14:17:43","modified_gmt":"2025-09-17T12:17:43","slug":"i-vigneti","status":"publish","type":"page","link":"https:\/\/www.tenutasantome.com\/en\/the-vineyards-old\/","title":{"rendered":"The vineyards &#8211; old"},"content":{"rendered":"<div class=\"wpb-content-wrapper\"><p>[vc_row el_id=&#8221;row-overlay&#8221;][vc_column width=&#8221;1\/2&#8243;][vc_custom_heading text=&#8221;THE VINEYARDS&#8221; use_theme_fonts=&#8221;yes&#8221;][vc_column_text]Here on the Santom\u00e8 estate, our priority is to produce our own wines <strong>solely from grapes grown on the 75 hectares that belong to us<\/strong>, all located in the province of Treviso, but <strong>in 4 areas with different soils<\/strong>, where the perfect grape types have been chosen to bring to the fore the characteristics of each terroir.[\/vc_column_text][\/vc_column][vc_column width=&#8221;1\/2&#8243;][\/vc_column][\/vc_row][vc_row css_animation=&#8221;fadeInUp&#8221;][vc_column width=&#8221;1\/4&#8243; css=&#8221;.vc_custom_1534145666424{padding-left: 20px !important;}&#8221;][vc_single_image image=&#8221;1388&#8243; img_size=&#8221;70&#215;70&#8243; alignment=&#8221;center&#8221;][vc_column_text]<\/p>\n<p style=\"text-align: center;\">4 hectares in the historic\u00a0<strong>\u201cNonno Toni\u201d<\/strong> vineyard, in Tezze di Vazzola<\/p>\n<p>[\/vc_column_text][vc_column_text]<\/p>\n<p style=\"text-align: center;\"><a href=\"#nonnotoni\">Discover more &gt;<\/a><\/p>\n<p>[\/vc_column_text][\/vc_column][vc_column width=&#8221;1\/4&#8243;][vc_single_image image=&#8221;1389&#8243; img_size=&#8221;70&#215;70&#8243; alignment=&#8221;center&#8221;][vc_column_text]<\/p>\n<p style=\"text-align: center;\">28 hectares in the \u201c<strong>Le Calandrine<\/strong>\u201d vineyard in the Grave di Papadopoli, an island in the River Piave (a 750-hectare nature reserve protected by FAI)<\/p>\n<p>[\/vc_column_text][vc_column_text]<\/p>\n<p style=\"text-align: center;\"><a href=\"#calandrine\">Discover more &gt;<\/a><\/p>\n<p>[\/vc_column_text][\/vc_column][vc_column width=&#8221;1\/4&#8243;][vc_single_image image=&#8221;1390&#8243; img_size=&#8221;70&#215;70&#8243; alignment=&#8221;center&#8221;][vc_column_text css=&#8221;&#8221;]<\/p>\n<p style=\"text-align: center;\">40 hectares in the \u201c<strong>Carboncine<\/strong>\u201d and \u201c<strong>Ca&#8217; Morelli<\/strong>\u201d vineyards in Roncade, home to the winery<\/p>\n<p>[\/vc_column_text][vc_column_text]<\/p>\n<p style=\"text-align: center;\"><a href=\"#carboncine\">Discover more &gt;<\/a><\/p>\n<p>[\/vc_column_text][\/vc_column][vc_column width=&#8221;1\/4&#8243;][vc_single_image image=&#8221;1391&#8243; img_size=&#8221;70&#215;70&#8243; alignment=&#8221;center&#8221;][vc_column_text]<\/p>\n<p style=\"text-align: center;\">3 hectares on a Collalto hill known as \u201c<strong>Bosco Coste<\/strong>\u201d in Susegana, within the Prosecco Superiore DOCG Valdobbiadene-Conegliano zone<\/p>\n<p>[\/vc_column_text][vc_column_text]<\/p>\n<p style=\"text-align: center;\"><a href=\"#boscocoste\">Discover more &gt;<\/a><\/p>\n<p>[\/vc_column_text][\/vc_column][\/vc_row][vc_row css_animation=&#8221;fadeInUp&#8221;][vc_column][vc_single_image image=&#8221;1393&#8243; img_size=&#8221;full&#8221;][\/vc_column][\/vc_row][vc_row css_animation=&#8221;fadeInUp&#8221; el_id=&#8221;nonnotoni&#8221;][vc_column width=&#8221;1\/2&#8243;][vc_column_text]<\/p>\n<h1 style=\"text-align: left;\">&#8220;Nonno Toni&#8221; vineyard<\/h1>\n<p>[\/vc_column_text][vc_column_text]This is where it all began, when our grandfather Antonio (known as \u201cToni\u201d), a farmer and expert winegrower, decided in 1971 to purchase 4 hectares in Vazzola, supplying the grapes grown there to the Cantina Sociale di Valdobbiadene (Valdobbiadene Co-operative Winery).<\/p>\n<p>The vineyard is located <strong>along the left bank of the River Piave<\/strong>, with a mixed soil of silt and clay, which is particularly <strong>suited to the cultivation of Prosecco<\/strong>, imbuing the wine with unique aromatic notes.<\/p>\n<p><strong>It is here that we produce our Prosecco DOC Treviso.<\/strong>[\/vc_column_text][vc_single_image image=&#8221;2576&#8243; img_size=&#8221;full&#8221; onclick=&#8221;link_image&#8221;][\/vc_column][vc_column width=&#8221;1\/2&#8243;][vc_single_image image=&#8221;1200&#8243; img_size=&#8221;full&#8221; onclick=&#8221;link_image&#8221;][vc_media_grid element_width=&#8221;6&#8243; grid_id=&#8221;vc_gid:1756292546937-34d90529-1b54-0&#8243; include=&#8221;1397,1040,1039,1038&#8243;][\/vc_column][\/vc_row][vc_row css_animation=&#8221;fadeInUp&#8221;][vc_column][vc_separator][\/vc_column][\/vc_row][vc_row css_animation=&#8221;fadeInUp&#8221; el_id=&#8221;calandrine&#8221;][vc_column width=&#8221;1\/2&#8243;][vc_column_text]<\/p>\n<h1 style=\"text-align: left;\">&#8220;Le Calandrine&#8221; vineyard<\/h1>\n<p>[\/vc_column_text][vc_column_text]28 hectares, mostly planted with Glera (Prosecco), extend across the prized, untainted<strong> island of Papadopoli<\/strong>, where the soil is rich in silt and sand. The island is a 750-hectare nature reserve on the River Piave, protected by FAI (Fondo Ambiente Italiano). This sacred river is famed for being lined with <strong>numerous vineyards cultivated since Roman times<\/strong>.<\/p>\n<p>The terroir is ideal for the production of light, fruity wines and, indeed, offers the <strong>optimum conditions for making<\/strong>\u00a0<strong>Prosecco<\/strong>. Thanks to the specific features of the terrain here, these 28 hectares are given over entirely to the <strong>production of Prosecco DOC Treviso<\/strong>.[\/vc_column_text][vc_single_image image=&#8221;2577&#8243; img_size=&#8221;full&#8221; onclick=&#8221;link_image&#8221;][\/vc_column][vc_column width=&#8221;1\/2&#8243;][vc_single_image image=&#8221;1398&#8243; img_size=&#8221;full&#8221; onclick=&#8221;link_image&#8221;][vc_media_grid element_width=&#8221;6&#8243; grid_id=&#8221;vc_gid:1756292546938-e4568ecf-5fe0-7&#8243; include=&#8221;2499,1573,1399,148&#8243;][\/vc_column][\/vc_row][vc_row css_animation=&#8221;fadeInUp&#8221;][vc_column][vc_separator][\/vc_column][\/vc_row][vc_row css_animation=&#8221;fadeInUp&#8221; el_id=&#8221;carboncine&#8221;][vc_column width=&#8221;1\/2&#8243;][vc_column_text]<\/p>\n<h1 style=\"text-align: left;\">&#8220;Carboncine&#8221; vineyard<\/h1>\n<p>[\/vc_column_text][vc_column_text]This 40-hectare vineyard is located, like the winery itself, in Roncade, within the area known as the \u201cCarboncine\u201d. This area has always been<strong> renowned for the fertility of the soil<\/strong>, which is rich in clay and \u201ccaranto\u201d, a sand\/marine clay conglomerate mixed with the calcareous cement of the Dolomites \u2013 <strong>the ideal soil for well-structured, full-bodied wines<\/strong>.<\/p>\n<p>Here, alongside <strong>Pinot Grigio<\/strong>, we produce all of our <strong>still wines<\/strong>, including our top-of-the-range wines and our <em>riserve<\/em>, including the native wines <strong>Raboso Piave<\/strong> and <strong>Tai Bianco<\/strong>, as well as <strong>Merlot Parcel #80<\/strong>.[\/vc_column_text][vc_single_image image=&#8221;2578&#8243; img_size=&#8221;full&#8221; onclick=&#8221;link_image&#8221;][\/vc_column][vc_column width=&#8221;1\/2&#8243;][vc_single_image image=&#8221;1572&#8243; img_size=&#8221;full&#8221; onclick=&#8221;link_image&#8221;][vc_media_grid element_width=&#8221;6&#8243; grid_id=&#8221;vc_gid:1756292546938-e06b1180-dd54-2&#8243; include=&#8221;1401,1404,1402,967&#8243;][\/vc_column][\/vc_row][vc_row css_animation=&#8221;fadeInUp&#8221;][vc_column][vc_separator][\/vc_column][\/vc_row][vc_row css_animation=&#8221;fadeInUp&#8221; el_id=&#8221;boscocoste&#8221;][vc_column width=&#8221;1\/2&#8243;][vc_column_text]<\/p>\n<h1 style=\"text-align: left;\">&#8220;Bosco Coste&#8221; vineyard<\/h1>\n<p>[\/vc_column_text][vc_column_text]This 3-hectare hillside vineyard is located in the heart of the Prosecco Superiore DOCG Conegliano Valdobbiadene zone, within the Collalto district of Susegana. The sun-kissed slope called \u201cBosco Coste\u201d has soil that is for the most part rich in clay \u2013 something that helps to bring out the fruity, floral notes that are essential for the production of Prosecco Superiore DOCG.<\/p>\n<p>It is here that we produce our <strong>Prosecco Millesimato Superiore DOCG Valdobbiadene Conegliano<\/strong>, in its Brut and Extra Dry versions.[\/vc_column_text][vc_single_image image=&#8221;2579&#8243; img_size=&#8221;full&#8221; onclick=&#8221;link_image&#8221;][\/vc_column][vc_column width=&#8221;1\/2&#8243;][vc_single_image image=&#8221;163&#8243; img_size=&#8221;full&#8221; onclick=&#8221;link_image&#8221;][vc_media_grid element_width=&#8221;6&#8243; grid_id=&#8221;vc_gid:1756292546938-da493a31-b14d-8&#8243; include=&#8221;164,1405,1407,1406&#8243;][\/vc_column][\/vc_row]<\/p>\n<\/div>","protected":false},"excerpt":{"rendered":"[vc_row el_id=&#8221;row-overlay&#8221;][vc_column width=&#8221;1\/2&#8243;][vc_custom_heading text=&#8221;THE VINEYARDS&#8221; use_theme_fonts=&#8221;yes&#8221;][vc_column_text]Here on the Santom\u00e8 estate, our priority is to produce our own wines solely from grapes grown on the 75 hectares that belong to us, all located in the province of Treviso, but in 4 areas with different soils, where the perfect grape types have been chosen to bring to [&hellip;]","protected":false},"author":2,"featured_media":1382,"parent":0,"menu_order":0,"comment_status":"closed","ping_status":"closed","template":"","meta":{"_acf_changed":false,"footnotes":""},"class_list":["post-139","page","type-page","status-publish","hentry"],"acf":[],"yoast_head":"<!-- This site is optimized with the Yoast SEO plugin v25.3.1 - https:\/\/yoast.com\/wordpress\/plugins\/seo\/ -->\n<title>The vineyards - old | Santom\u00e8 - Vini, meeting e resortThe vineyards - old | Santom\u00e8 - Wines, meetings and resortThe vineyards - old | Santom\u00e8 - Weine, meetings und resort<\/title>\n<meta name=\"description\" content=\"The Santom\u00e8 priority is to produce our own wines solely from grapes grown on the 75 hectares that belong to us, all located in the province of Treviso, but in 4 areas with different soils\" \/>\n<meta name=\"robots\" content=\"index, follow, max-snippet:-1, max-image-preview:large, max-video-preview:-1\" \/>\n<link rel=\"canonical\" href=\"https:\/\/www.tenutasantome.com\/en\/i-vigneti-old\/\" \/>\n<meta property=\"og:locale\" content=\"en_US\" \/>\n<meta property=\"og:type\" content=\"article\" \/>\n<meta property=\"og:title\" content=\"The vineyards - old | Santom\u00e8 - Vini, meeting e resortThe vineyards - old | Santom\u00e8 - Wines, meetings and resortThe vineyards - old | Santom\u00e8 - Weine, meetings und resort\" \/>\n<meta property=\"og:description\" content=\"The Santom\u00e8 priority is to produce our own wines solely from grapes grown on the 75 hectares that belong to us, all located in the province of Treviso, but in 4 areas with different soils\" \/>\n<meta property=\"og:url\" content=\"https:\/\/www.tenutasantome.com\/en\/i-vigneti-old\/\" \/>\n<meta property=\"og:site_name\" content=\"Santom\u00e8\" \/>\n<meta property=\"article:modified_time\" content=\"2025-09-17T12:17:43+00:00\" \/>\n<meta property=\"og:image\" content=\"https:\/\/www.tenutasantome.com\/wp-content\/uploads\/2018\/10\/i-vigneti-banner.jpg\" \/>\n\t<meta property=\"og:image:width\" content=\"1900\" \/>\n\t<meta property=\"og:image:height\" content=\"720\" \/>\n\t<meta property=\"og:image:type\" content=\"image\/jpeg\" \/>\n<meta name=\"twitter:card\" content=\"summary_large_image\" \/>\n<meta name=\"twitter:label1\" content=\"Est. reading time\" \/>\n\t<meta name=\"twitter:data1\" content=\"4 minutes\" \/>\n<script type=\"application\/ld+json\" class=\"yoast-schema-graph\">{\"@context\":\"https:\/\/schema.org\",\"@graph\":[{\"@type\":\"WebPage\",\"@id\":\"https:\/\/www.tenutasantome.com\/en\/i-vigneti-old\/\",\"url\":\"https:\/\/www.tenutasantome.com\/en\/i-vigneti-old\/\",\"name\":\"The vineyards - old | Santom\u00e8 - Vini, meeting e resortThe vineyards - old | Santom\u00e8 - Wines, meetings and resortThe vineyards - old | Santom\u00e8 - Weine, meetings und resort\",\"isPartOf\":{\"@id\":\"https:\/\/www.tenutasantome.com\/en\/#website\"},\"primaryImageOfPage\":{\"@id\":\"https:\/\/www.tenutasantome.com\/en\/i-vigneti-old\/#primaryimage\"},\"image\":{\"@id\":\"https:\/\/www.tenutasantome.com\/it\/i-vigneti-old\/#primaryimage\"},\"thumbnailUrl\":\"https:\/\/www.tenutasantome.com\/wp-content\/uploads\/2018\/10\/i-vigneti-banner.jpg\",\"datePublished\":\"2018-06-28T14:35:52+00:00\",\"dateModified\":\"2025-09-17T12:17:43+00:00\",\"description\":\"The Santom\u00e8 priority is to produce our own wines solely from grapes grown on the 75 hectares that belong to us, all located in the province of Treviso, but in 4 areas with different soils\",\"breadcrumb\":{\"@id\":\"https:\/\/www.tenutasantome.com\/en\/i-vigneti-old\/#breadcrumb\"},\"inLanguage\":\"en-US\",\"potentialAction\":[{\"@type\":\"ReadAction\",\"target\":[[\"https:\/\/www.tenutasantome.com\/en\/i-vigneti-old\/\"]]}]},{\"@type\":\"ImageObject\",\"inLanguage\":\"en-US\",\"@id\":\"https:\/\/www.tenutasantome.com\/en\/i-vigneti-old\/#primaryimage\",\"url\":\"https:\/\/www.tenutasantome.com\/wp-content\/uploads\/2018\/10\/i-vigneti-banner.jpg\",\"contentUrl\":\"https:\/\/www.tenutasantome.com\/wp-content\/uploads\/2018\/10\/i-vigneti-banner.jpg\",\"width\":1900,\"height\":720},{\"@type\":\"BreadcrumbList\",\"@id\":\"https:\/\/www.tenutasantome.com\/en\/i-vigneti-old\/#breadcrumb\",\"itemListElement\":[{\"@type\":\"ListItem\",\"position\":1,\"name\":\"Home\",\"item\":\"https:\/\/www.tenutasantome.com\/en\/\"},{\"@type\":\"ListItem\",\"position\":2,\"name\":\"I vigneti &#8211; old\"}]},{\"@type\":\"WebSite\",\"@id\":\"https:\/\/www.tenutasantome.com\/en\/#website\",\"url\":\"https:\/\/www.tenutasantome.com\/en\/\",\"name\":\"Santom\u00e8\",\"description\":\"Wines, meetings and resort\",\"potentialAction\":[{\"@type\":\"SearchAction\",\"target\":{\"@type\":\"EntryPoint\",\"urlTemplate\":\"https:\/\/www.tenutasantome.com\/en\/?s={search_term_string}\"},\"query-input\":{\"@type\":\"PropertyValueSpecification\",\"valueRequired\":true,\"valueName\":\"search_term_string\"}}],\"inLanguage\":\"en-US\"}]}<\/script>\n<!-- \/ Yoast SEO plugin. -->","yoast_head_json":{"title":"The vineyards - old | Santom\u00e8 - Vini, meeting e resortThe vineyards - old | Santom\u00e8 - Wines, meetings and resortThe vineyards - old | Santom\u00e8 - Weine, meetings und resort","description":"The Santom\u00e8 priority is to produce our own wines solely from grapes grown on the 75 hectares that belong to us, all located in the province of Treviso, but in 4 areas with different soils","robots":{"index":"index","follow":"follow","max-snippet":"max-snippet:-1","max-image-preview":"max-image-preview:large","max-video-preview":"max-video-preview:-1"},"canonical":"https:\/\/www.tenutasantome.com\/en\/i-vigneti-old\/","og_locale":"en_US","og_type":"article","og_title":"The vineyards - old | Santom\u00e8 - Vini, meeting e resortThe vineyards - old | Santom\u00e8 - Wines, meetings and resortThe vineyards - old | Santom\u00e8 - Weine, meetings und resort","og_description":"The Santom\u00e8 priority is to produce our own wines solely from grapes grown on the 75 hectares that belong to us, all located in the province of Treviso, but in 4 areas with different soils","og_url":"https:\/\/www.tenutasantome.com\/en\/i-vigneti-old\/","og_site_name":"Santom\u00e8","article_modified_time":"2025-09-17T12:17:43+00:00","og_image":[{"width":1900,"height":720,"url":"https:\/\/www.tenutasantome.com\/wp-content\/uploads\/2018\/10\/i-vigneti-banner.jpg","type":"image\/jpeg"}],"twitter_card":"summary_large_image","twitter_misc":{"Est. reading time":"4 minutes"},"schema":{"@context":"https:\/\/schema.org","@graph":[{"@type":"WebPage","@id":"https:\/\/www.tenutasantome.com\/en\/i-vigneti-old\/","url":"https:\/\/www.tenutasantome.com\/en\/i-vigneti-old\/","name":"The vineyards - old | Santom\u00e8 - Vini, meeting e resortThe vineyards - old | Santom\u00e8 - Wines, meetings and resortThe vineyards - old | Santom\u00e8 - Weine, meetings und resort","isPartOf":{"@id":"https:\/\/www.tenutasantome.com\/en\/#website"},"primaryImageOfPage":{"@id":"https:\/\/www.tenutasantome.com\/en\/i-vigneti-old\/#primaryimage"},"image":{"@id":"https:\/\/www.tenutasantome.com\/it\/i-vigneti-old\/#primaryimage"},"thumbnailUrl":"https:\/\/www.tenutasantome.com\/wp-content\/uploads\/2018\/10\/i-vigneti-banner.jpg","datePublished":"2018-06-28T14:35:52+00:00","dateModified":"2025-09-17T12:17:43+00:00","description":"The Santom\u00e8 priority is to produce our own wines solely from grapes grown on the 75 hectares that belong to us, all located in the province of Treviso, but in 4 areas with different soils","breadcrumb":{"@id":"https:\/\/www.tenutasantome.com\/en\/i-vigneti-old\/#breadcrumb"},"inLanguage":"en-US","potentialAction":[{"@type":"ReadAction","target":[["https:\/\/www.tenutasantome.com\/en\/i-vigneti-old\/"]]}]},{"@type":"ImageObject","inLanguage":"en-US","@id":"https:\/\/www.tenutasantome.com\/en\/i-vigneti-old\/#primaryimage","url":"https:\/\/www.tenutasantome.com\/wp-content\/uploads\/2018\/10\/i-vigneti-banner.jpg","contentUrl":"https:\/\/www.tenutasantome.com\/wp-content\/uploads\/2018\/10\/i-vigneti-banner.jpg","width":1900,"height":720},{"@type":"BreadcrumbList","@id":"https:\/\/www.tenutasantome.com\/en\/i-vigneti-old\/#breadcrumb","itemListElement":[{"@type":"ListItem","position":1,"name":"Home","item":"https:\/\/www.tenutasantome.com\/en\/"},{"@type":"ListItem","position":2,"name":"I vigneti &#8211; old"}]},{"@type":"WebSite","@id":"https:\/\/www.tenutasantome.com\/en\/#website","url":"https:\/\/www.tenutasantome.com\/en\/","name":"Santom\u00e8","description":"Wines, meetings and resort","potentialAction":[{"@type":"SearchAction","target":{"@type":"EntryPoint","urlTemplate":"https:\/\/www.tenutasantome.com\/en\/?s={search_term_string}"},"query-input":{"@type":"PropertyValueSpecification","valueRequired":true,"valueName":"search_term_string"}}],"inLanguage":"en-US"}]}},"_links":{"self":[{"href":"https:\/\/www.tenutasantome.com\/en\/wp-json\/wp\/v2\/pages\/139","targetHints":{"allow":["GET"]}}],"collection":[{"href":"https:\/\/www.tenutasantome.com\/en\/wp-json\/wp\/v2\/pages"}],"about":[{"href":"https:\/\/www.tenutasantome.com\/en\/wp-json\/wp\/v2\/types\/page"}],"author":[{"embeddable":true,"href":"https:\/\/www.tenutasantome.com\/en\/wp-json\/wp\/v2\/users\/2"}],"replies":[{"embeddable":true,"href":"https:\/\/www.tenutasantome.com\/en\/wp-json\/wp\/v2\/comments?post=139"}],"version-history":[{"count":3,"href":"https:\/\/www.tenutasantome.com\/en\/wp-json\/wp\/v2\/pages\/139\/revisions"}],"predecessor-version":[{"id":5558,"href":"https:\/\/www.tenutasantome.com\/en\/wp-json\/wp\/v2\/pages\/139\/revisions\/5558"}],"wp:featuredmedia":[{"embeddable":true,"href":"https:\/\/www.tenutasantome.com\/en\/wp-json\/wp\/v2\/media\/1382"}],"wp:attachment":[{"href":"https:\/\/www.tenutasantome.com\/en\/wp-json\/wp\/v2\/media?parent=139"}],"curies":[{"name":"wp","href":"https:\/\/api.w.org\/{rel}","templated":true}]}}