{"id":1292,"date":"2018-09-12T13:18:12","date_gmt":"2018-09-12T11:18:12","guid":{"rendered":"https:\/\/www.tenutasantome.com\/it\/?page_id=1292"},"modified":"2024-11-15T15:32:12","modified_gmt":"2024-11-15T14:32:12","slug":"riconoscimenti-e-premi","status":"publish","type":"page","link":"https:\/\/www.tenutasantome.com\/en\/awards-wine-guides\/","title":{"rendered":"Awards &#038; Wine Guides"},"content":{"rendered":"<div class=\"wpb-content-wrapper\"><p>[vc_row el_id=&#8221;row-overlay&#8221;][vc_column width=&#8221;1\/2&#8243;][vc_custom_heading text=&#8221;AWARDS &amp; WINE GUIDES&#8221; use_theme_fonts=&#8221;yes&#8221; css=&#8221;&#8221;][vc_empty_space height=&#8221;50px&#8221;][vc_empty_space height=&#8221;50px&#8221;][\/vc_column][vc_column width=&#8221;1\/2&#8243;][\/vc_column][\/vc_row][vc_row css_animation=&#8221;fadeInUp&#8221; el_class=&#8221;hand_writing_font&#8221;][vc_column][vc_column_text css=&#8221;&#8221;]<\/p>\n<pre>As a deliberate policy that has been in place since we were first established, here at the <em>Santom\u00e8<\/em> winery we have <strong>never \r\ntaken part in competitions<\/strong> nor appeared in wine guides or magazines.\r\n\r\nWe want our customers to <strong>be free of the sort of preconceptions<\/strong> that are the inevitable result of magazine reviews; \r\nwe prefer our customers to react intuitively to our wines, based on their emotional responses and personal tastes.\r\n\r\nWe are aware that this decision may seem to go against the grain, since advertising is the \"<em>lifeblood of commerce<\/em>\", \r\nbut we go to great lengths to put <strong>our customers at the heart of what we do<\/strong>. Our take on it is that each customer has \r\ntheir own feelings and convictions, and is best placed to judge whether or not they may like or dislike a particular wine.\r\n\r\nWe hope that wine lovers will get \u201cup-close and personal\u201d with our products and that they will appreciate the effort and \r\ncommitment that we put in, day in, day out, to make the most of the fruits that the land keeps on giving us, year after year.\r\n\r\nWe would like to conclude this little introduction with our \"motto\":\r\n\r\n<em>\u201cIt is not the name that makes the product, but the product that makes the name\u201d<\/em>\r\n\r\n<em>Alan &amp; William<\/em><\/pre>\n<p>[\/vc_column_text][\/vc_column][\/vc_row]<\/p>\n<\/div>","protected":false},"excerpt":{"rendered":"[vc_row el_id=&#8221;row-overlay&#8221;][vc_column width=&#8221;1\/2&#8243;][vc_custom_heading text=&#8221;AWARDS &amp; WINE GUIDES&#8221; use_theme_fonts=&#8221;yes&#8221; css=&#8221;&#8221;][vc_empty_space height=&#8221;50px&#8221;][vc_empty_space height=&#8221;50px&#8221;][\/vc_column][vc_column width=&#8221;1\/2&#8243;][\/vc_column][\/vc_row][vc_row css_animation=&#8221;fadeInUp&#8221; el_class=&#8221;hand_writing_font&#8221;][vc_column][vc_column_text css=&#8221;&#8221;] As a deliberate policy that has been in place since we were first established, here at the Santom\u00e8 winery we have never taken part in competitions nor appeared in wine guides or magazines. We want our customers to be free [&hellip;]","protected":false},"author":2,"featured_media":1597,"parent":0,"menu_order":0,"comment_status":"closed","ping_status":"closed","template":"","meta":{"_acf_changed":false,"footnotes":""},"class_list":["post-1292","page","type-page","status-publish","hentry"],"acf":[],"yoast_head":"<!-- This site is optimized with the Yoast SEO plugin v25.3.1 - https:\/\/yoast.com\/wordpress\/plugins\/seo\/ -->\n<title>Awards &amp; Wine Guides | Santom\u00e8 - Vini, meeting e resortAwards &amp; Wine Guides | Santom\u00e8 - Wines, meetings and resortAwards &amp; Wine Guides | Santom\u00e8 - Weine, meetings und resort<\/title>\n<meta name=\"description\" content=\"As a deliberate policy that has been in place since we were first established, here at the Santom\u00e8 winery we have never taken part in competitions nor appeared in wine guides or magazines.\" \/>\n<meta name=\"robots\" content=\"index, follow, max-snippet:-1, max-image-preview:large, max-video-preview:-1\" \/>\n<link rel=\"canonical\" href=\"https:\/\/www.tenutasantome.com\/en\/riconoscimenti-e-premi\/\" \/>\n<meta property=\"og:locale\" content=\"en_US\" \/>\n<meta property=\"og:type\" content=\"article\" \/>\n<meta property=\"og:title\" content=\"Awards &amp; Wine Guides | Santom\u00e8 - Vini, meeting e resortAwards &amp; Wine Guides | Santom\u00e8 - Wines, meetings and resortAwards &amp; Wine Guides | Santom\u00e8 - Weine, meetings und resort\" \/>\n<meta property=\"og:description\" content=\"As a deliberate policy that has been in place since we were first established, here at the Santom\u00e8 winery we have never taken part in competitions nor appeared in wine guides or magazines.\" \/>\n<meta property=\"og:url\" content=\"https:\/\/www.tenutasantome.com\/en\/riconoscimenti-e-premi\/\" \/>\n<meta property=\"og:site_name\" content=\"Santom\u00e8\" \/>\n<meta property=\"article:modified_time\" content=\"2024-11-15T14:32:12+00:00\" \/>\n<meta property=\"og:image\" content=\"https:\/\/www.tenutasantome.com\/wp-content\/uploads\/2018\/10\/banner-riconoscimenti-premi.jpg\" \/>\n\t<meta property=\"og:image:width\" content=\"1378\" \/>\n\t<meta property=\"og:image:height\" content=\"673\" \/>\n\t<meta property=\"og:image:type\" content=\"image\/jpeg\" \/>\n<meta name=\"twitter:card\" content=\"summary_large_image\" \/>\n<meta name=\"twitter:label1\" content=\"Est. reading time\" \/>\n\t<meta name=\"twitter:data1\" content=\"1 minute\" \/>\n<script type=\"application\/ld+json\" class=\"yoast-schema-graph\">{\"@context\":\"https:\/\/schema.org\",\"@graph\":[{\"@type\":\"WebPage\",\"@id\":\"https:\/\/www.tenutasantome.com\/en\/riconoscimenti-e-premi\/\",\"url\":\"https:\/\/www.tenutasantome.com\/en\/riconoscimenti-e-premi\/\",\"name\":\"Awards & Wine Guides | Santom\u00e8 - Vini, meeting e resortAwards & Wine Guides | Santom\u00e8 - Wines, meetings and resortAwards & Wine Guides | Santom\u00e8 - Weine, meetings und resort\",\"isPartOf\":{\"@id\":\"https:\/\/www.tenutasantome.com\/en\/#website\"},\"primaryImageOfPage\":{\"@id\":\"https:\/\/www.tenutasantome.com\/en\/riconoscimenti-e-premi\/#primaryimage\"},\"image\":{\"@id\":\"https:\/\/www.tenutasantome.com\/it\/riconoscimenti-e-premi\/#primaryimage\"},\"thumbnailUrl\":\"https:\/\/www.tenutasantome.com\/wp-content\/uploads\/2018\/10\/banner-riconoscimenti-premi.jpg\",\"datePublished\":\"2018-09-12T11:18:12+00:00\",\"dateModified\":\"2024-11-15T14:32:12+00:00\",\"description\":\"As a deliberate policy that has been in place since we were first established, here at the Santom\u00e8 winery we have never taken part in competitions nor appeared in wine guides or magazines.\",\"breadcrumb\":{\"@id\":\"https:\/\/www.tenutasantome.com\/en\/riconoscimenti-e-premi\/#breadcrumb\"},\"inLanguage\":\"en-US\",\"potentialAction\":[{\"@type\":\"ReadAction\",\"target\":[[\"https:\/\/www.tenutasantome.com\/en\/riconoscimenti-e-premi\/\"]]}]},{\"@type\":\"ImageObject\",\"inLanguage\":\"en-US\",\"@id\":\"https:\/\/www.tenutasantome.com\/en\/riconoscimenti-e-premi\/#primaryimage\",\"url\":\"https:\/\/www.tenutasantome.com\/wp-content\/uploads\/2018\/10\/banner-riconoscimenti-premi.jpg\",\"contentUrl\":\"https:\/\/www.tenutasantome.com\/wp-content\/uploads\/2018\/10\/banner-riconoscimenti-premi.jpg\",\"width\":1378,\"height\":673},{\"@type\":\"BreadcrumbList\",\"@id\":\"https:\/\/www.tenutasantome.com\/en\/riconoscimenti-e-premi\/#breadcrumb\",\"itemListElement\":[{\"@type\":\"ListItem\",\"position\":1,\"name\":\"Home\",\"item\":\"https:\/\/www.tenutasantome.com\/en\/\"},{\"@type\":\"ListItem\",\"position\":2,\"name\":\"Riconoscimenti e premi\"}]},{\"@type\":\"WebSite\",\"@id\":\"https:\/\/www.tenutasantome.com\/en\/#website\",\"url\":\"https:\/\/www.tenutasantome.com\/en\/\",\"name\":\"Santom\u00e8\",\"description\":\"Wines, meetings and resort\",\"potentialAction\":[{\"@type\":\"SearchAction\",\"target\":{\"@type\":\"EntryPoint\",\"urlTemplate\":\"https:\/\/www.tenutasantome.com\/en\/?s={search_term_string}\"},\"query-input\":{\"@type\":\"PropertyValueSpecification\",\"valueRequired\":true,\"valueName\":\"search_term_string\"}}],\"inLanguage\":\"en-US\"}]}<\/script>\n<!-- \/ Yoast SEO plugin. -->","yoast_head_json":{"title":"Awards & Wine Guides | Santom\u00e8 - Vini, meeting e resortAwards & Wine Guides | Santom\u00e8 - Wines, meetings and resortAwards & Wine Guides | Santom\u00e8 - Weine, meetings und resort","description":"As a deliberate policy that has been in place since we were first established, here at the Santom\u00e8 winery we have never taken part in competitions nor appeared in wine guides or magazines.","robots":{"index":"index","follow":"follow","max-snippet":"max-snippet:-1","max-image-preview":"max-image-preview:large","max-video-preview":"max-video-preview:-1"},"canonical":"https:\/\/www.tenutasantome.com\/en\/riconoscimenti-e-premi\/","og_locale":"en_US","og_type":"article","og_title":"Awards & Wine Guides | Santom\u00e8 - Vini, meeting e resortAwards & Wine Guides | Santom\u00e8 - Wines, meetings and resortAwards & Wine Guides | Santom\u00e8 - Weine, meetings und resort","og_description":"As a deliberate policy that has been in place since we were first established, here at the Santom\u00e8 winery we have never taken part in competitions nor appeared in wine guides or magazines.","og_url":"https:\/\/www.tenutasantome.com\/en\/riconoscimenti-e-premi\/","og_site_name":"Santom\u00e8","article_modified_time":"2024-11-15T14:32:12+00:00","og_image":[{"width":1378,"height":673,"url":"https:\/\/www.tenutasantome.com\/wp-content\/uploads\/2018\/10\/banner-riconoscimenti-premi.jpg","type":"image\/jpeg"}],"twitter_card":"summary_large_image","twitter_misc":{"Est. reading time":"1 minute"},"schema":{"@context":"https:\/\/schema.org","@graph":[{"@type":"WebPage","@id":"https:\/\/www.tenutasantome.com\/en\/riconoscimenti-e-premi\/","url":"https:\/\/www.tenutasantome.com\/en\/riconoscimenti-e-premi\/","name":"Awards & Wine Guides | Santom\u00e8 - Vini, meeting e resortAwards & Wine Guides | Santom\u00e8 - Wines, meetings and resortAwards & Wine Guides | Santom\u00e8 - Weine, meetings und resort","isPartOf":{"@id":"https:\/\/www.tenutasantome.com\/en\/#website"},"primaryImageOfPage":{"@id":"https:\/\/www.tenutasantome.com\/en\/riconoscimenti-e-premi\/#primaryimage"},"image":{"@id":"https:\/\/www.tenutasantome.com\/it\/riconoscimenti-e-premi\/#primaryimage"},"thumbnailUrl":"https:\/\/www.tenutasantome.com\/wp-content\/uploads\/2018\/10\/banner-riconoscimenti-premi.jpg","datePublished":"2018-09-12T11:18:12+00:00","dateModified":"2024-11-15T14:32:12+00:00","description":"As a deliberate policy that has been in place since we were first established, here at the Santom\u00e8 winery we have never taken part in competitions nor appeared in wine guides or magazines.","breadcrumb":{"@id":"https:\/\/www.tenutasantome.com\/en\/riconoscimenti-e-premi\/#breadcrumb"},"inLanguage":"en-US","potentialAction":[{"@type":"ReadAction","target":[["https:\/\/www.tenutasantome.com\/en\/riconoscimenti-e-premi\/"]]}]},{"@type":"ImageObject","inLanguage":"en-US","@id":"https:\/\/www.tenutasantome.com\/en\/riconoscimenti-e-premi\/#primaryimage","url":"https:\/\/www.tenutasantome.com\/wp-content\/uploads\/2018\/10\/banner-riconoscimenti-premi.jpg","contentUrl":"https:\/\/www.tenutasantome.com\/wp-content\/uploads\/2018\/10\/banner-riconoscimenti-premi.jpg","width":1378,"height":673},{"@type":"BreadcrumbList","@id":"https:\/\/www.tenutasantome.com\/en\/riconoscimenti-e-premi\/#breadcrumb","itemListElement":[{"@type":"ListItem","position":1,"name":"Home","item":"https:\/\/www.tenutasantome.com\/en\/"},{"@type":"ListItem","position":2,"name":"Riconoscimenti e premi"}]},{"@type":"WebSite","@id":"https:\/\/www.tenutasantome.com\/en\/#website","url":"https:\/\/www.tenutasantome.com\/en\/","name":"Santom\u00e8","description":"Wines, meetings and resort","potentialAction":[{"@type":"SearchAction","target":{"@type":"EntryPoint","urlTemplate":"https:\/\/www.tenutasantome.com\/en\/?s={search_term_string}"},"query-input":{"@type":"PropertyValueSpecification","valueRequired":true,"valueName":"search_term_string"}}],"inLanguage":"en-US"}]}},"_links":{"self":[{"href":"https:\/\/www.tenutasantome.com\/en\/wp-json\/wp\/v2\/pages\/1292","targetHints":{"allow":["GET"]}}],"collection":[{"href":"https:\/\/www.tenutasantome.com\/en\/wp-json\/wp\/v2\/pages"}],"about":[{"href":"https:\/\/www.tenutasantome.com\/en\/wp-json\/wp\/v2\/types\/page"}],"author":[{"embeddable":true,"href":"https:\/\/www.tenutasantome.com\/en\/wp-json\/wp\/v2\/users\/2"}],"replies":[{"embeddable":true,"href":"https:\/\/www.tenutasantome.com\/en\/wp-json\/wp\/v2\/comments?post=1292"}],"version-history":[{"count":10,"href":"https:\/\/www.tenutasantome.com\/en\/wp-json\/wp\/v2\/pages\/1292\/revisions"}],"predecessor-version":[{"id":5026,"href":"https:\/\/www.tenutasantome.com\/en\/wp-json\/wp\/v2\/pages\/1292\/revisions\/5026"}],"wp:featuredmedia":[{"embeddable":true,"href":"https:\/\/www.tenutasantome.com\/en\/wp-json\/wp\/v2\/media\/1597"}],"wp:attachment":[{"href":"https:\/\/www.tenutasantome.com\/en\/wp-json\/wp\/v2\/media?parent=1292"}],"curies":[{"name":"wp","href":"https:\/\/api.w.org\/{rel}","templated":true}]}}