{"id":107,"date":"2018-06-28T15:51:02","date_gmt":"2018-06-28T13:51:02","guid":{"rendered":"https:\/\/www.tenutasantome.com\/it\/?page_id=107"},"modified":"2021-02-19T12:06:53","modified_gmt":"2021-02-19T11:06:53","slug":"territorio","status":"publish","type":"page","link":"https:\/\/www.tenutasantome.com\/en\/territorio\/","title":{"rendered":"The estate"},"content":{"rendered":"<div class=\"wpb-content-wrapper\"><p>[vc_row el_id=&#8221;row-overlay&#8221;][vc_column width=&#8221;1\/2&#8243;][vc_custom_heading text=&#8221;THE LOCAL AREA&#8221; use_theme_fonts=&#8221;yes&#8221;][vc_column_text]While Italy is a country overflowing with wonders, there is one unmistakable jewel: <strong>Venice<\/strong>.<br \/>\nWe are located in the <strong>Veneto<\/strong> region: a land of rivers, cultural hotspots, verdant plains, sun-drenched hillsides and widely acclaimed wines.<\/p>\n<p><span style=\"font-weight: 400;\">The Santom\u00e8 is located right here, in the <strong>province of Treviso<\/strong>, in the area known as <strong>\u201cthe Garden of Venice\u201d<\/strong><\/span><strong>.<\/strong> This part of the region is rich in history and, moreover, is the <strong>heartland <\/strong>of a sparkling wine that is now famous around the world \u2013 <strong>Prosecco<\/strong>, which is produced here amid the lush Trevisan plains and the enchanting hillsides of the Conegliano Valdobbiadene e i Colli Asolani DOCG zone.[\/vc_column_text][\/vc_column][vc_column width=&#8221;1\/2&#8243;][\/vc_column][\/vc_row][vc_row css_animation=&#8221;fadeInUp&#8221;][vc_column width=&#8221;1\/2&#8243;][vc_single_image image=&#8221;1325&#8243; img_size=&#8221;full&#8221;][\/vc_column][vc_column width=&#8221;1\/2&#8243;][vc_empty_space height=&#8221;20px&#8221;][vc_column_text]<strong>Italy<\/strong> is <strong>the world\u2019s largest wine producer<\/strong> (55.8 million hectolitres) and the <strong>Veneto Region<\/strong> is the <strong>second largest producer amongst the Italian regions,\u00a0 <\/strong>with 8.4 million hectolitres, equating to 20% of the total annual national output (Source: <em>Il Sole 24 ore<\/em> newspaper). It is also <strong>the largest producer of wines with designation of origin amongst the Italian regions<\/strong>, with a constant increase in the use of native vines over international varieties (28 DOC wines and 14 DOCG wines).<\/p>\n<p>The <strong>Veneto Region<\/strong> is <strong>the homeland of excellent wines that are adored around the world<\/strong>, including Prosecco, Amarone, Pinot Grigio, Valpolicella and Soave. This helps to make the region the fourth largest global exporter of wines, behind only France, Italy (as a whole) and Spain, and ahead of Chile and Australia.[\/vc_column_text][vc_column_text]The Santom\u00e8 forms part of an important geographical context. <strong>We are proud to be a standard-bearer for the wines <b>of Treviso province<\/b><\/strong>, and we believe that our high-quality wines express our great respect for the surrounding area.[\/vc_column_text][\/vc_column][\/vc_row][vc_row full_width=&#8221;stretch_row_content_no_spaces&#8221; css_animation=&#8221;fadeInUp&#8221; css=&#8221;.vc_custom_1540380432391{margin-right: 0px !important;margin-left: 0px !important;border-right-width: 0px !important;border-left-width: 0px !important;padding-right: 0px !important;padding-left: 0px !important;}&#8221; el_class=&#8221;image-width-changer&#8221;][vc_column][vc_single_image image=&#8221;1328&#8243; img_size=&#8221;full&#8221; alignment=&#8221;center&#8221;][\/vc_column][\/vc_row]<\/p>\n<\/div>","protected":false},"excerpt":{"rendered":"[vc_row el_id=&#8221;row-overlay&#8221;][vc_column width=&#8221;1\/2&#8243;][vc_custom_heading text=&#8221;THE LOCAL AREA&#8221; use_theme_fonts=&#8221;yes&#8221;][vc_column_text]While Italy is a country overflowing with wonders, there is one unmistakable jewel: Venice. We are located in the Veneto region: a land of rivers, cultural hotspots, verdant plains, sun-drenched hillsides and widely acclaimed wines. The Santom\u00e8 is located right here, in the province of Treviso, in the area [&hellip;]","protected":false},"author":2,"featured_media":3964,"parent":0,"menu_order":0,"comment_status":"closed","ping_status":"closed","template":"","meta":{"_acf_changed":false,"footnotes":""},"class_list":["post-107","page","type-page","status-publish","hentry"],"acf":[],"yoast_head":"<!-- This site is optimized with the Yoast SEO plugin v25.3.1 - https:\/\/yoast.com\/wordpress\/plugins\/seo\/ -->\n<title>The estate | Santom\u00e8 - Vini, meeting e resortThe estate | Santom\u00e8 - Wines, meetings and resortThe estate | Santom\u00e8 - Weine, meetings und resort<\/title>\n<meta name=\"description\" content=\"The Santom\u00e8 is located in the area known as the \u201cMarca Trevigiana\u201d, the heartland of a sparkling wine that is now famous around the world \u2013 Prosecco\" \/>\n<meta name=\"robots\" content=\"index, follow, max-snippet:-1, max-image-preview:large, max-video-preview:-1\" \/>\n<link rel=\"canonical\" href=\"https:\/\/www.tenutasantome.com\/en\/territorio\/\" \/>\n<meta property=\"og:locale\" content=\"en_US\" \/>\n<meta property=\"og:type\" content=\"article\" \/>\n<meta property=\"og:title\" content=\"The estate | Santom\u00e8 - Vini, meeting e resortThe estate | Santom\u00e8 - Wines, meetings and resortThe estate | Santom\u00e8 - Weine, meetings und resort\" \/>\n<meta property=\"og:description\" content=\"The Santom\u00e8 is located in the area known as the \u201cMarca Trevigiana\u201d, the heartland of a sparkling wine that is now famous around the world \u2013 Prosecco\" \/>\n<meta property=\"og:url\" content=\"https:\/\/www.tenutasantome.com\/en\/territorio\/\" \/>\n<meta property=\"og:site_name\" content=\"Santom\u00e8\" \/>\n<meta property=\"article:modified_time\" content=\"2021-02-19T11:06:53+00:00\" \/>\n<meta property=\"og:image\" content=\"https:\/\/www.tenutasantome.com\/wp-content\/uploads\/2021\/02\/Santom\u00e8-3-scaled.jpg\" \/>\n\t<meta property=\"og:image:width\" content=\"2560\" \/>\n\t<meta property=\"og:image:height\" content=\"1919\" \/>\n\t<meta property=\"og:image:type\" content=\"image\/jpeg\" \/>\n<meta name=\"twitter:card\" content=\"summary_large_image\" \/>\n<meta name=\"twitter:label1\" content=\"Est. reading time\" \/>\n\t<meta name=\"twitter:data1\" content=\"5 minutes\" \/>\n<script type=\"application\/ld+json\" class=\"yoast-schema-graph\">{\"@context\":\"https:\/\/schema.org\",\"@graph\":[{\"@type\":\"WebPage\",\"@id\":\"https:\/\/www.tenutasantome.com\/en\/territorio\/\",\"url\":\"https:\/\/www.tenutasantome.com\/en\/territorio\/\",\"name\":\"The estate | Santom\u00e8 - Vini, meeting e resortThe estate | Santom\u00e8 - Wines, meetings and resortThe estate | Santom\u00e8 - Weine, meetings und resort\",\"isPartOf\":{\"@id\":\"https:\/\/www.tenutasantome.com\/en\/#website\"},\"primaryImageOfPage\":{\"@id\":\"https:\/\/www.tenutasantome.com\/en\/territorio\/#primaryimage\"},\"image\":{\"@id\":\"https:\/\/www.tenutasantome.com\/territorio\/#primaryimage\"},\"thumbnailUrl\":\"https:\/\/www.tenutasantome.com\/wp-content\/uploads\/2021\/02\/Santom\u00e8-3-scaled.jpg\",\"datePublished\":\"2018-06-28T13:51:02+00:00\",\"dateModified\":\"2021-02-19T11:06:53+00:00\",\"description\":\"The Santom\u00e8 is located in the area known as the \u201cMarca Trevigiana\u201d, the heartland of a sparkling wine that is now famous around the world \u2013 Prosecco\",\"breadcrumb\":{\"@id\":\"https:\/\/www.tenutasantome.com\/en\/territorio\/#breadcrumb\"},\"inLanguage\":\"en-US\",\"potentialAction\":[{\"@type\":\"ReadAction\",\"target\":[[\"https:\/\/www.tenutasantome.com\/en\/territorio\/\"]]}]},{\"@type\":\"ImageObject\",\"inLanguage\":\"en-US\",\"@id\":\"https:\/\/www.tenutasantome.com\/en\/territorio\/#primaryimage\",\"url\":\"https:\/\/www.tenutasantome.com\/wp-content\/uploads\/2021\/02\/Santom\u00e8-3-scaled.jpg\",\"contentUrl\":\"https:\/\/www.tenutasantome.com\/wp-content\/uploads\/2021\/02\/Santom\u00e8-3-scaled.jpg\",\"width\":2560,\"height\":1919,\"caption\":\"created by dji camera\"},{\"@type\":\"BreadcrumbList\",\"@id\":\"https:\/\/www.tenutasantome.com\/en\/territorio\/#breadcrumb\",\"itemListElement\":[{\"@type\":\"ListItem\",\"position\":1,\"name\":\"Home\",\"item\":\"https:\/\/www.tenutasantome.com\/en\/\"},{\"@type\":\"ListItem\",\"position\":2,\"name\":\"Territorio\"}]},{\"@type\":\"WebSite\",\"@id\":\"https:\/\/www.tenutasantome.com\/en\/#website\",\"url\":\"https:\/\/www.tenutasantome.com\/en\/\",\"name\":\"Santom\u00e8\",\"description\":\"Wines, meetings and resort\",\"potentialAction\":[{\"@type\":\"SearchAction\",\"target\":{\"@type\":\"EntryPoint\",\"urlTemplate\":\"https:\/\/www.tenutasantome.com\/en\/?s={search_term_string}\"},\"query-input\":{\"@type\":\"PropertyValueSpecification\",\"valueRequired\":true,\"valueName\":\"search_term_string\"}}],\"inLanguage\":\"en-US\"}]}<\/script>\n<!-- \/ Yoast SEO plugin. -->","yoast_head_json":{"title":"The estate | Santom\u00e8 - Vini, meeting e resortThe estate | Santom\u00e8 - Wines, meetings and resortThe estate | Santom\u00e8 - Weine, meetings und resort","description":"The Santom\u00e8 is located in the area known as the \u201cMarca Trevigiana\u201d, the heartland of a sparkling wine that is now famous around the world \u2013 Prosecco","robots":{"index":"index","follow":"follow","max-snippet":"max-snippet:-1","max-image-preview":"max-image-preview:large","max-video-preview":"max-video-preview:-1"},"canonical":"https:\/\/www.tenutasantome.com\/en\/territorio\/","og_locale":"en_US","og_type":"article","og_title":"The estate | Santom\u00e8 - Vini, meeting e resortThe estate | Santom\u00e8 - Wines, meetings and resortThe estate | Santom\u00e8 - Weine, meetings und resort","og_description":"The Santom\u00e8 is located in the area known as the \u201cMarca Trevigiana\u201d, the heartland of a sparkling wine that is now famous around the world \u2013 Prosecco","og_url":"https:\/\/www.tenutasantome.com\/en\/territorio\/","og_site_name":"Santom\u00e8","article_modified_time":"2021-02-19T11:06:53+00:00","og_image":[{"width":2560,"height":1919,"url":"https:\/\/www.tenutasantome.com\/wp-content\/uploads\/2021\/02\/Santom\u00e8-3-scaled.jpg","type":"image\/jpeg"}],"twitter_card":"summary_large_image","twitter_misc":{"Est. reading time":"5 minutes"},"schema":{"@context":"https:\/\/schema.org","@graph":[{"@type":"WebPage","@id":"https:\/\/www.tenutasantome.com\/en\/territorio\/","url":"https:\/\/www.tenutasantome.com\/en\/territorio\/","name":"The estate | Santom\u00e8 - Vini, meeting e resortThe estate | Santom\u00e8 - Wines, meetings and resortThe estate | Santom\u00e8 - Weine, meetings und resort","isPartOf":{"@id":"https:\/\/www.tenutasantome.com\/en\/#website"},"primaryImageOfPage":{"@id":"https:\/\/www.tenutasantome.com\/en\/territorio\/#primaryimage"},"image":{"@id":"https:\/\/www.tenutasantome.com\/territorio\/#primaryimage"},"thumbnailUrl":"https:\/\/www.tenutasantome.com\/wp-content\/uploads\/2021\/02\/Santom\u00e8-3-scaled.jpg","datePublished":"2018-06-28T13:51:02+00:00","dateModified":"2021-02-19T11:06:53+00:00","description":"The Santom\u00e8 is located in the area known as the \u201cMarca Trevigiana\u201d, the heartland of a sparkling wine that is now famous around the world \u2013 Prosecco","breadcrumb":{"@id":"https:\/\/www.tenutasantome.com\/en\/territorio\/#breadcrumb"},"inLanguage":"en-US","potentialAction":[{"@type":"ReadAction","target":[["https:\/\/www.tenutasantome.com\/en\/territorio\/"]]}]},{"@type":"ImageObject","inLanguage":"en-US","@id":"https:\/\/www.tenutasantome.com\/en\/territorio\/#primaryimage","url":"https:\/\/www.tenutasantome.com\/wp-content\/uploads\/2021\/02\/Santom\u00e8-3-scaled.jpg","contentUrl":"https:\/\/www.tenutasantome.com\/wp-content\/uploads\/2021\/02\/Santom\u00e8-3-scaled.jpg","width":2560,"height":1919,"caption":"created by dji camera"},{"@type":"BreadcrumbList","@id":"https:\/\/www.tenutasantome.com\/en\/territorio\/#breadcrumb","itemListElement":[{"@type":"ListItem","position":1,"name":"Home","item":"https:\/\/www.tenutasantome.com\/en\/"},{"@type":"ListItem","position":2,"name":"Territorio"}]},{"@type":"WebSite","@id":"https:\/\/www.tenutasantome.com\/en\/#website","url":"https:\/\/www.tenutasantome.com\/en\/","name":"Santom\u00e8","description":"Wines, meetings and resort","potentialAction":[{"@type":"SearchAction","target":{"@type":"EntryPoint","urlTemplate":"https:\/\/www.tenutasantome.com\/en\/?s={search_term_string}"},"query-input":{"@type":"PropertyValueSpecification","valueRequired":true,"valueName":"search_term_string"}}],"inLanguage":"en-US"}]}},"_links":{"self":[{"href":"https:\/\/www.tenutasantome.com\/en\/wp-json\/wp\/v2\/pages\/107","targetHints":{"allow":["GET"]}}],"collection":[{"href":"https:\/\/www.tenutasantome.com\/en\/wp-json\/wp\/v2\/pages"}],"about":[{"href":"https:\/\/www.tenutasantome.com\/en\/wp-json\/wp\/v2\/types\/page"}],"author":[{"embeddable":true,"href":"https:\/\/www.tenutasantome.com\/en\/wp-json\/wp\/v2\/users\/2"}],"replies":[{"embeddable":true,"href":"https:\/\/www.tenutasantome.com\/en\/wp-json\/wp\/v2\/comments?post=107"}],"version-history":[{"count":0,"href":"https:\/\/www.tenutasantome.com\/en\/wp-json\/wp\/v2\/pages\/107\/revisions"}],"wp:featuredmedia":[{"embeddable":true,"href":"https:\/\/www.tenutasantome.com\/en\/wp-json\/wp\/v2\/media\/3964"}],"wp:attachment":[{"href":"https:\/\/www.tenutasantome.com\/en\/wp-json\/wp\/v2\/media?parent=107"}],"curies":[{"name":"wp","href":"https:\/\/api.w.org\/{rel}","templated":true}]}}