{"id":75,"date":"2018-06-28T14:58:12","date_gmt":"2018-06-28T12:58:12","guid":{"rendered":"https:\/\/www.tenutasantome.com\/it\/?page_id=75"},"modified":"2019-10-22T11:16:52","modified_gmt":"2019-10-22T09:16:52","slug":"famiglia","status":"publish","type":"page","link":"https:\/\/www.tenutasantome.com\/de\/famiglia\/","title":{"rendered":"Familie"},"content":{"rendered":"<div class=\"wpb-content-wrapper\"><p>[vc_row el_id=&#8221;row-overlay&#8221;][vc_column width=&#8221;1\/2&#8243;][vc_custom_heading text=&#8221;TRAUBENLIEFERANT IN DER DRITTEN UND WEINERZEUGER IN DER ERSTEN GENERATION&#8221; use_theme_fonts=&#8221;yes&#8221;][\/vc_column][vc_column width=&#8221;1\/2&#8243;][\/vc_column][\/vc_row][vc_row css_animation=&#8221;fadeInUp&#8221;][vc_column width=&#8221;1\/2&#8243;][vc_empty_space height=&#8221;20px&#8221;][vc_column_text]Angefangen hat alles im Jahr 1971 mit <strong>Gro\u00dfvater<\/strong> <strong>Antonio &#8220;Toni&#8221;<\/strong>, einem erfahrenen Weinbauer und ehemaligen Teilp\u00e4chter, der vier Hektar Land in Vazzola kaufte und begann, die Winzergenossenschaft Valdobbiadene mit seinen Trauben zu beliefern.In den <strong>80er Jahren erwarb Vater Armando<\/strong> <strong>28 Hektar Land in den Auen der renommierten Isola di Papadopoli<\/strong> und wurde dadurch zum gr\u00f6\u00dften Traubenlieferanten der Genossenschaftskellerei Valdobbiadene, der er j\u00e4hrlich 500 Tonnen Trauben lieferte.<\/p>\n<p>Im Jahr 1995, nachdem Armandos <strong>Sohn Alan<\/strong> seinen Abschluss als \u00d6nologe an der Weinfachschule &#8220;C.B. Cerletti&#8221; in Conegliano gemacht hatte, beschloss die Familie, ihren eigenen Wein herzustellen. Im Jahr 1999 erwarb die Familie weitere <strong>30 Hektar Land in Roncade, wo die Br\u00fcder Alan und William beschlossen, das bezaubernde Santom\u00e8 zu gr\u00fcnden<\/strong>. So wurden im Jahr 2016 der neue Verkaufsstandort sowie der Degustations- und Konferenzraum er\u00f6ffnet.<\/p>\n<p>Sp\u00e4ter kaufte die Familie <strong>drei Hektar in Susegana<\/strong> im Herzen der Pr\u00e4dikatsweingegend DOCG Conegliano Valdobbiadene und im Jahr 2018 weitere <b>10 Hektar in der Gemeinde Roncade <\/b>und besa\u00df nun <strong>insgesamt 75 Hektar Weinbaufl\u00e4che<\/strong>.[\/vc_column_text][\/vc_column][vc_column width=&#8221;1\/2&#8243;][vc_single_image image=&#8221;1140&#8243; img_size=&#8221;full&#8221; css_animation=&#8221;fadeInUp&#8221;][vc_column_text]<\/p>\n<p style=\"text-align: center;\"><span style=\"color: #808080;\"><em>11. Mai 2016, Ende des Santom\u00e8-Projekts<\/em><\/span><\/p>\n<p>[\/vc_column_text][\/vc_column][\/vc_row][vc_row css_animation=&#8221;fadeInUp&#8221;][vc_column width=&#8221;1\/2&#8243;][vc_single_image image=&#8221;1570&#8243; img_size=&#8221;full&#8221; alignment=&#8221;center&#8221; css_animation=&#8221;none&#8221; css=&#8221;.vc_custom_1540371002932{margin-bottom: 0px !important;}&#8221;][\/vc_column][vc_column width=&#8221;1\/2&#8243;][vc_empty_space height=&#8221;50px&#8221;][vc_custom_heading text=&#8221;Die Familie Spinazz\u00e8&#8221; font_container=&#8221;tag:h3|text_align:left&#8221; use_theme_fonts=&#8221;yes&#8221;][vc_column_text]Die kontinuierliche Unterst\u00fctzung durch <strong>&#8220;Moro&#8221; Armando Spinazz\u00e8<\/strong> war immer ein bedeutender Faktor bei der Umsetzung des Projekts Santom\u00e8..[\/vc_column_text][vc_column_text]Im Mai 2010 wurde Armando Spinazz\u00e8 mit einem Verdienstorden zum<strong> Cavaliere der Italienischen Republik<\/strong> ernannt.<strong>.<\/strong>[\/vc_column_text][vc_row_inner][vc_column_inner width=&#8221;1\/3&#8243;][vc_icon icon_fontawesome=&#8221;fa fa-file-pdf-o&#8221; color=&#8221;custom&#8221; size=&#8221;sm&#8221; align=&#8221;center&#8221; css=&#8221;.vc_custom_1536139935244{margin-bottom: 0px !important;border-bottom-width: 0px !important;padding-bottom: 0px !important;}&#8221; custom_color=&#8221;#000000&#8243;][vc_column_text]<\/p>\n<p style=\"text-align: center;\"><a href=\"\/wp-content\/uploads\/2018\/09\/Cavaliere-della-Repubblica.pdf\" target=\"_blank\" rel=\"noopener noreferrer\">Antrag zur Ordensverleihung von Gouverneur Luca Zaia vom 19. Februar 2010 &gt;<\/a><\/p>\n<p>[\/vc_column_text][\/vc_column_inner][vc_column_inner width=&#8221;1\/3&#8243;][vc_icon icon_fontawesome=&#8221;fa fa-file-pdf-o&#8221; color=&#8221;custom&#8221; size=&#8221;sm&#8221; align=&#8221;center&#8221; css=&#8221;.vc_custom_1536139935244{margin-bottom: 0px !important;border-bottom-width: 0px !important;padding-bottom: 0px !important;}&#8221; custom_color=&#8221;#000000&#8243;][vc_column_text]<\/p>\n<p style=\"text-align: center;\"><a href=\"\/wp-content\/uploads\/2018\/09\/lettera-Moro-cavaliere.pdf\" target=\"_blank\" rel=\"noopener noreferrer\">Brief zur Titelverleihung &gt;<\/a><\/p>\n<p>[\/vc_column_text][\/vc_column_inner][vc_column_inner width=&#8221;1\/3&#8243;][vc_icon icon_fontawesome=&#8221;fa fa-file-pdf-o&#8221; color=&#8221;custom&#8221; size=&#8221;sm&#8221; align=&#8221;center&#8221; css=&#8221;.vc_custom_1536139935244{margin-bottom: 0px !important;border-bottom-width: 0px !important;padding-bottom: 0px !important;}&#8221; custom_color=&#8221;#000000&#8243;][vc_column_text]<\/p>\n<p style=\"text-align: center;\"><a href=\"\/wp-content\/uploads\/2018\/09\/articoli-Moro-Cavaliere.pdf\" target=\"_blank\" rel=\"noopener noreferrer\">Zeitungsartikel zur Ernennung zum Cavaliere &gt;<\/a><\/p>\n<p>[\/vc_column_text][\/vc_column_inner][\/vc_row_inner][\/vc_column][\/vc_row][vc_row][vc_column][vc_empty_space height=&#8221;50px&#8221;][\/vc_column][\/vc_row][vc_row full_width=&#8221;stretch_row&#8221; css_animation=&#8221;fadeInUp&#8221; css=&#8221;.vc_custom_1538722342224{margin-bottom: 0px !important;border-bottom-width: 0px !important;padding-bottom: 0px !important;}&#8221;][vc_column][vc_row_inner][vc_column_inner width=&#8221;1\/2&#8243;][vc_single_image image=&#8221;1343&#8243; img_size=&#8221;large&#8221; alignment=&#8221;center&#8221; css_animation=&#8221;none&#8221;][vc_custom_heading text=&#8221;William Spinazz\u00e8&#8221; font_container=&#8221;tag:h3|text_align:center&#8221; use_theme_fonts=&#8221;yes&#8221; css=&#8221;.vc_custom_1537960994341{margin-bottom: 0px !important;border-bottom-width: 0px !important;padding-bottom: 0px !important;}&#8221;][vc_column_text css=&#8221;.vc_custom_1536146154585{margin-top: 0px !important;}&#8221;]<\/p>\n<p style=\"text-align: center;\">Kaufm\u00e4nnischer Leiter<\/p>\n<p>[\/vc_column_text][\/vc_column_inner][vc_column_inner width=&#8221;1\/2&#8243;][vc_single_image image=&#8221;1342&#8243; img_size=&#8221;large&#8221; alignment=&#8221;center&#8221; css_animation=&#8221;none&#8221;][vc_custom_heading text=&#8221;Alan Spinazz\u00e8&#8221; font_container=&#8221;tag:h3|text_align:center&#8221; use_theme_fonts=&#8221;yes&#8221; css=&#8221;.vc_custom_1540303755975{margin-bottom: 0px !important;border-bottom-width: 0px !important;padding-bottom: 0px !important;}&#8221;][vc_column_text css=&#8221;.vc_custom_1536146143180{margin-top: 0px !important;}&#8221;]<\/p>\n<p style=\"text-align: center;\">\u00d6nologe<\/p>\n<p>[\/vc_column_text][\/vc_column_inner][\/vc_row_inner][\/vc_column][\/vc_row][vc_row css_animation=&#8221;fadeInUp&#8221; css=&#8221;.vc_custom_1537961243851{border-bottom-width: 20px !important;}&#8221;][vc_column][vc_separator color=&#8221;custom&#8221; style=&#8221;dotted&#8221; accent_color=&#8221;#a3a3a3&#8243;][\/vc_column][\/vc_row][vc_row css_animation=&#8221;fadeInUp&#8221;][vc_column width=&#8221;1\/3&#8243;][vc_empty_space height=&#8221;50px&#8221;][vc_custom_heading text=&#8221;Alan und William\u2026 der Ursprung ihrer Namen&#8221; font_container=&#8221;tag:h3|text_align:left&#8221; use_theme_fonts=&#8221;yes&#8221;][vc_column_text]Als leidenschaftlicher Anh\u00e4nger von Westernfilmen beschloss Armando Spinazz\u00e8, seine S\u00f6hne nach den amerikanischen Schauspielern <a href=\"https:\/\/de.wikipedia.org\/wiki\/Alan_Ladd\" target=\"_blank\" rel=\"noopener noreferrer\">Alan Ladd<\/a> und <a href=\"https:\/\/de.wikipedia.org\/wiki\/William_Holden\" target=\"_blank\" rel=\"noopener noreferrer\">William Holden<\/a> zu nennen.[\/vc_column_text][\/vc_column][vc_column width=&#8221;1\/3&#8243;][vc_single_image image=&#8221;1345&#8243; img_size=&#8221;full&#8221;][\/vc_column][vc_column width=&#8221;1\/3&#8243;][vc_single_image image=&#8221;1346&#8243; img_size=&#8221;full&#8221;][\/vc_column][\/vc_row]<\/p>\n<\/div>","protected":false},"excerpt":{"rendered":"[vc_row el_id=&#8221;row-overlay&#8221;][vc_column width=&#8221;1\/2&#8243;][vc_custom_heading text=&#8221;TRAUBENLIEFERANT IN DER DRITTEN UND WEINERZEUGER IN DER ERSTEN GENERATION&#8221; use_theme_fonts=&#8221;yes&#8221;][\/vc_column][vc_column width=&#8221;1\/2&#8243;][\/vc_column][\/vc_row][vc_row css_animation=&#8221;fadeInUp&#8221;][vc_column width=&#8221;1\/2&#8243;][vc_empty_space height=&#8221;20px&#8221;][vc_column_text]Angefangen hat alles im Jahr 1971 mit Gro\u00dfvater Antonio &#8220;Toni&#8221;, einem erfahrenen Weinbauer und ehemaligen Teilp\u00e4chter, der vier Hektar Land in Vazzola kaufte und begann, die Winzergenossenschaft Valdobbiadene mit seinen Trauben zu beliefern.In den 80er Jahren erwarb Vater [&hellip;]","protected":false},"author":2,"featured_media":1138,"parent":0,"menu_order":0,"comment_status":"closed","ping_status":"closed","template":"","meta":{"_acf_changed":false,"footnotes":""},"class_list":["post-75","page","type-page","status-publish","hentry"],"acf":[],"yoast_head":"<!-- This site is optimized with the Yoast SEO plugin v25.3.1 - https:\/\/yoast.com\/wordpress\/plugins\/seo\/ -->\n<title>Familie | Santom\u00e8 - Vini, meeting e resortFamilie | Santom\u00e8 - Wines, meetings and resortFamilie | Santom\u00e8 - Weine, meetings und resort<\/title>\n<meta name=\"description\" content=\"Im Santom\u00e8 arbeiten wird als Traubenlieferant in der dritten und als Weinerzeuger in der ersten Generation.\" \/>\n<meta name=\"robots\" content=\"index, follow, max-snippet:-1, max-image-preview:large, max-video-preview:-1\" \/>\n<link rel=\"canonical\" href=\"https:\/\/www.tenutasantome.com\/de\/famiglia\/\" \/>\n<meta property=\"og:locale\" content=\"de_DE\" \/>\n<meta property=\"og:type\" content=\"article\" \/>\n<meta property=\"og:title\" content=\"Familie | Santom\u00e8 - Vini, meeting e resortFamilie | Santom\u00e8 - Wines, meetings and resortFamilie | Santom\u00e8 - Weine, meetings und resort\" \/>\n<meta property=\"og:description\" content=\"Im Santom\u00e8 arbeiten wird als Traubenlieferant in der dritten und als Weinerzeuger in der ersten Generation.\" \/>\n<meta property=\"og:url\" content=\"https:\/\/www.tenutasantome.com\/de\/famiglia\/\" \/>\n<meta property=\"og:site_name\" content=\"Santom\u00e8\" \/>\n<meta property=\"article:modified_time\" content=\"2019-10-22T09:16:52+00:00\" \/>\n<meta property=\"og:image\" content=\"https:\/\/www.tenutasantome.com\/wp-content\/uploads\/2018\/09\/banner-famiglia-santome.jpg\" \/>\n\t<meta property=\"og:image:width\" content=\"1920\" \/>\n\t<meta property=\"og:image:height\" content=\"550\" \/>\n\t<meta property=\"og:image:type\" content=\"image\/jpeg\" \/>\n<meta name=\"twitter:card\" content=\"summary_large_image\" \/>\n<meta name=\"twitter:label1\" content=\"Gesch\u00e4tzte Lesezeit\" \/>\n\t<meta name=\"twitter:data1\" content=\"12\u00a0Minuten\" \/>\n<script type=\"application\/ld+json\" class=\"yoast-schema-graph\">{\"@context\":\"https:\/\/schema.org\",\"@graph\":[{\"@type\":\"WebPage\",\"@id\":\"https:\/\/www.tenutasantome.com\/de\/famiglia\/\",\"url\":\"https:\/\/www.tenutasantome.com\/de\/famiglia\/\",\"name\":\"Familie | Santom\u00e8 - Vini, meeting e resortFamilie | Santom\u00e8 - Wines, meetings and resortFamilie | Santom\u00e8 - Weine, meetings und resort\",\"isPartOf\":{\"@id\":\"https:\/\/www.tenutasantome.com\/de\/#website\"},\"primaryImageOfPage\":{\"@id\":\"https:\/\/www.tenutasantome.com\/de\/famiglia\/#primaryimage\"},\"image\":{\"@id\":\"https:\/\/www.tenutasantome.com\/famiglia\/#primaryimage\"},\"thumbnailUrl\":\"https:\/\/www.tenutasantome.com\/wp-content\/uploads\/2018\/09\/banner-famiglia-santome.jpg\",\"datePublished\":\"2018-06-28T12:58:12+00:00\",\"dateModified\":\"2019-10-22T09:16:52+00:00\",\"description\":\"Im Santom\u00e8 arbeiten wird als Traubenlieferant in der dritten und als Weinerzeuger in der ersten Generation.\",\"breadcrumb\":{\"@id\":\"https:\/\/www.tenutasantome.com\/de\/famiglia\/#breadcrumb\"},\"inLanguage\":\"de\",\"potentialAction\":[{\"@type\":\"ReadAction\",\"target\":[[\"https:\/\/www.tenutasantome.com\/de\/famiglia\/\"]]}]},{\"@type\":\"ImageObject\",\"inLanguage\":\"de\",\"@id\":\"https:\/\/www.tenutasantome.com\/de\/famiglia\/#primaryimage\",\"url\":\"https:\/\/www.tenutasantome.com\/wp-content\/uploads\/2018\/09\/banner-famiglia-santome.jpg\",\"contentUrl\":\"https:\/\/www.tenutasantome.com\/wp-content\/uploads\/2018\/09\/banner-famiglia-santome.jpg\",\"width\":1920,\"height\":550},{\"@type\":\"BreadcrumbList\",\"@id\":\"https:\/\/www.tenutasantome.com\/de\/famiglia\/#breadcrumb\",\"itemListElement\":[{\"@type\":\"ListItem\",\"position\":1,\"name\":\"Home\",\"item\":\"https:\/\/www.tenutasantome.com\/de\/\"},{\"@type\":\"ListItem\",\"position\":2,\"name\":\"Famiglia\"}]},{\"@type\":\"WebSite\",\"@id\":\"https:\/\/www.tenutasantome.com\/de\/#website\",\"url\":\"https:\/\/www.tenutasantome.com\/de\/\",\"name\":\"Santom\u00e8\",\"description\":\"Weine, meetings und resort\",\"potentialAction\":[{\"@type\":\"SearchAction\",\"target\":{\"@type\":\"EntryPoint\",\"urlTemplate\":\"https:\/\/www.tenutasantome.com\/de\/?s={search_term_string}\"},\"query-input\":{\"@type\":\"PropertyValueSpecification\",\"valueRequired\":true,\"valueName\":\"search_term_string\"}}],\"inLanguage\":\"de\"}]}<\/script>\n<!-- \/ Yoast SEO plugin. -->","yoast_head_json":{"title":"Familie | Santom\u00e8 - Vini, meeting e resortFamilie | Santom\u00e8 - Wines, meetings and resortFamilie | Santom\u00e8 - Weine, meetings und resort","description":"Im Santom\u00e8 arbeiten wird als Traubenlieferant in der dritten und als Weinerzeuger in der ersten Generation.","robots":{"index":"index","follow":"follow","max-snippet":"max-snippet:-1","max-image-preview":"max-image-preview:large","max-video-preview":"max-video-preview:-1"},"canonical":"https:\/\/www.tenutasantome.com\/de\/famiglia\/","og_locale":"de_DE","og_type":"article","og_title":"Familie | Santom\u00e8 - Vini, meeting e resortFamilie | Santom\u00e8 - Wines, meetings and resortFamilie | Santom\u00e8 - Weine, meetings und resort","og_description":"Im Santom\u00e8 arbeiten wird als Traubenlieferant in der dritten und als Weinerzeuger in der ersten Generation.","og_url":"https:\/\/www.tenutasantome.com\/de\/famiglia\/","og_site_name":"Santom\u00e8","article_modified_time":"2019-10-22T09:16:52+00:00","og_image":[{"width":1920,"height":550,"url":"https:\/\/www.tenutasantome.com\/wp-content\/uploads\/2018\/09\/banner-famiglia-santome.jpg","type":"image\/jpeg"}],"twitter_card":"summary_large_image","twitter_misc":{"Gesch\u00e4tzte Lesezeit":"12\u00a0Minuten"},"schema":{"@context":"https:\/\/schema.org","@graph":[{"@type":"WebPage","@id":"https:\/\/www.tenutasantome.com\/de\/famiglia\/","url":"https:\/\/www.tenutasantome.com\/de\/famiglia\/","name":"Familie | Santom\u00e8 - Vini, meeting e resortFamilie | Santom\u00e8 - Wines, meetings and resortFamilie | Santom\u00e8 - Weine, meetings und resort","isPartOf":{"@id":"https:\/\/www.tenutasantome.com\/de\/#website"},"primaryImageOfPage":{"@id":"https:\/\/www.tenutasantome.com\/de\/famiglia\/#primaryimage"},"image":{"@id":"https:\/\/www.tenutasantome.com\/famiglia\/#primaryimage"},"thumbnailUrl":"https:\/\/www.tenutasantome.com\/wp-content\/uploads\/2018\/09\/banner-famiglia-santome.jpg","datePublished":"2018-06-28T12:58:12+00:00","dateModified":"2019-10-22T09:16:52+00:00","description":"Im Santom\u00e8 arbeiten wird als Traubenlieferant in der dritten und als Weinerzeuger in der ersten Generation.","breadcrumb":{"@id":"https:\/\/www.tenutasantome.com\/de\/famiglia\/#breadcrumb"},"inLanguage":"de","potentialAction":[{"@type":"ReadAction","target":[["https:\/\/www.tenutasantome.com\/de\/famiglia\/"]]}]},{"@type":"ImageObject","inLanguage":"de","@id":"https:\/\/www.tenutasantome.com\/de\/famiglia\/#primaryimage","url":"https:\/\/www.tenutasantome.com\/wp-content\/uploads\/2018\/09\/banner-famiglia-santome.jpg","contentUrl":"https:\/\/www.tenutasantome.com\/wp-content\/uploads\/2018\/09\/banner-famiglia-santome.jpg","width":1920,"height":550},{"@type":"BreadcrumbList","@id":"https:\/\/www.tenutasantome.com\/de\/famiglia\/#breadcrumb","itemListElement":[{"@type":"ListItem","position":1,"name":"Home","item":"https:\/\/www.tenutasantome.com\/de\/"},{"@type":"ListItem","position":2,"name":"Famiglia"}]},{"@type":"WebSite","@id":"https:\/\/www.tenutasantome.com\/de\/#website","url":"https:\/\/www.tenutasantome.com\/de\/","name":"Santom\u00e8","description":"Weine, meetings und resort","potentialAction":[{"@type":"SearchAction","target":{"@type":"EntryPoint","urlTemplate":"https:\/\/www.tenutasantome.com\/de\/?s={search_term_string}"},"query-input":{"@type":"PropertyValueSpecification","valueRequired":true,"valueName":"search_term_string"}}],"inLanguage":"de"}]}},"_links":{"self":[{"href":"https:\/\/www.tenutasantome.com\/de\/wp-json\/wp\/v2\/pages\/75","targetHints":{"allow":["GET"]}}],"collection":[{"href":"https:\/\/www.tenutasantome.com\/de\/wp-json\/wp\/v2\/pages"}],"about":[{"href":"https:\/\/www.tenutasantome.com\/de\/wp-json\/wp\/v2\/types\/page"}],"author":[{"embeddable":true,"href":"https:\/\/www.tenutasantome.com\/de\/wp-json\/wp\/v2\/users\/2"}],"replies":[{"embeddable":true,"href":"https:\/\/www.tenutasantome.com\/de\/wp-json\/wp\/v2\/comments?post=75"}],"version-history":[{"count":0,"href":"https:\/\/www.tenutasantome.com\/de\/wp-json\/wp\/v2\/pages\/75\/revisions"}],"wp:featuredmedia":[{"embeddable":true,"href":"https:\/\/www.tenutasantome.com\/de\/wp-json\/wp\/v2\/media\/1138"}],"wp:attachment":[{"href":"https:\/\/www.tenutasantome.com\/de\/wp-json\/wp\/v2\/media?parent=75"}],"curies":[{"name":"wp","href":"https:\/\/api.w.org\/{rel}","templated":true}]}}