{"id":5381,"date":"2025-08-25T11:51:18","date_gmt":"2025-08-25T09:51:18","guid":{"rendered":"https:\/\/www.tenutasantome.com\/it\/?page_id=5381"},"modified":"2025-08-27T13:43:37","modified_gmt":"2025-08-27T11:43:37","slug":"nei-dintorni-2","status":"publish","type":"page","link":"https:\/\/www.tenutasantome.com\/de\/in-der-umgebung\/","title":{"rendered":"In der Umgebung"},"content":{"rendered":"<div class=\"wpb-content-wrapper\"><p>[vc_row el_id=&#8221;row-overlay&#8221;][vc_column width=&#8221;1\/2&#8243;][vc_custom_heading text=&#8221;IN DER UMGEBUNG&#8221; use_theme_fonts=&#8221;yes&#8221; css=&#8221;&#8221;][vc_column_text css=&#8221;&#8221;]<strong>Entdecken Sie die Umgebung der Tenuta Santom\u00e8:<\/strong> von den sanften H\u00fcgeln der Marca Trevigiana bis hin zu malerischen D\u00f6rfern und Orten von kulturellem und nat\u00fcrlichem Interesse. Genie\u00dfen Sie ein authentisches Erlebnis, umgeben von Wein, Kunst, Natur und gutem Essen.[\/vc_column_text][\/vc_column][vc_column width=&#8221;1\/2&#8243;][\/vc_column][\/vc_row][vc_row css_animation=&#8221;fadeInUp&#8221; css=&#8221;.vc_custom_1754056757253{margin-top: 30px !important;}&#8221;][vc_column][vc_column_text css=&#8221;&#8221;]<div id=\"mapsvg-7\" data-id=\"7\" class=\"mapsvg\" data-autoload=\"true\" data-load-db=\"true\" data-loading-text=\"Loading map...\" style=\"width: 100%; height: 0; padding-bottom: 56.25%\"><\/div>[\/vc_column_text][\/vc_column][\/vc_row][vc_row css_animation=&#8221;fadeInUp&#8221;][vc_column width=&#8221;1\/3&#8243;][vc_custom_heading text=&#8221;ADRESSE&#8221; font_container=&#8221;tag:h4|text_align:left&#8221; use_theme_fonts=&#8221;yes&#8221; css=&#8221;&#8221;][vc_column_text css=&#8221;&#8221;]<strong>Tenuta Santom\u00e8<\/strong><\/p>\n<p>Via Carboncine, 71<br \/>\n31056 loc. Biancade-Roncade (TV)[\/vc_column_text][\/vc_column][vc_column width=&#8221;1\/3&#8243;][vc_custom_heading text=&#8221;CONTACTS&#8221; font_container=&#8221;tag:h4|text_align:left&#8221; use_theme_fonts=&#8221;yes&#8221; css=&#8221;&#8221;][vc_column_text]Tel <a href=\"tel:+390422848189\">+39 0422 848189<\/a><\/p>\n<p>Whatsapp <a href=\"https:\/\/api.whatsapp.com\/send?phone=393440805905\">+39 344 0805905<\/a><\/p>\n<p>Email <a href=\"mailto:info@tenutasantome.com\">info@tenutasantome.com<\/a>[\/vc_column_text][\/vc_column][vc_column width=&#8221;1\/3&#8243;][vc_column_text css=&#8221;&#8221;]Es werden F\u00fchrungen durch das Weingut sowie Verkostungen unserer Produkte angeboten.<br \/>\nVorherige Anmeldung erforderlich: <a href=\"mailto:info@tenutasantome.com\">info@tenutasantome.com<\/a>[\/vc_column_text][vc_column_text css=&#8221;&#8221;]<a class=\"btn-yellow\" href=\"\/de\/fuhrungen-und-verkostungen\/\">Santom\u00e8-Verkostungen <i class=\"fa fa-chevron-right\" aria-hidden=\"true\"><\/i><\/a>[\/vc_column_text][\/vc_column][\/vc_row]<\/p>\n<\/div>","protected":false},"excerpt":{"rendered":"[vc_row el_id=&#8221;row-overlay&#8221;][vc_column width=&#8221;1\/2&#8243;][vc_custom_heading text=&#8221;IN DER UMGEBUNG&#8221; use_theme_fonts=&#8221;yes&#8221; css=&#8221;&#8221;][vc_column_text css=&#8221;&#8221;]Entdecken Sie die Umgebung der Tenuta Santom\u00e8: von den sanften H\u00fcgeln der Marca Trevigiana bis hin zu malerischen D\u00f6rfern und Orten von kulturellem und nat\u00fcrlichem Interesse. Genie\u00dfen Sie ein authentisches Erlebnis, umgeben von Wein, Kunst, Natur und gutem Essen.[\/vc_column_text][\/vc_column][vc_column width=&#8221;1\/2&#8243;][\/vc_column][\/vc_row][vc_row css_animation=&#8221;fadeInUp&#8221; css=&#8221;.vc_custom_1754056757253{margin-top: 30px !important;}&#8221;][vc_column][vc_column_text css=&#8221;&#8221;][\/vc_column_text][\/vc_column][\/vc_row][vc_row css_animation=&#8221;fadeInUp&#8221;][vc_column width=&#8221;1\/3&#8243;][vc_custom_heading [&hellip;]","protected":false},"author":9,"featured_media":0,"parent":0,"menu_order":0,"comment_status":"closed","ping_status":"closed","template":"","meta":{"_acf_changed":false,"footnotes":""},"class_list":["post-5381","page","type-page","status-publish","hentry"],"acf":[],"yoast_head":"<!-- This site is optimized with the Yoast SEO plugin v25.3.1 - https:\/\/yoast.com\/wordpress\/plugins\/seo\/ -->\n<title>In der Umgebung | Santom\u00e8<\/title>\n<meta name=\"robots\" content=\"index, follow, max-snippet:-1, max-image-preview:large, max-video-preview:-1\" \/>\n<link rel=\"canonical\" href=\"https:\/\/www.tenutasantome.com\/de\/nei-dintorni\/\" \/>\n<meta property=\"og:locale\" content=\"de_DE\" \/>\n<meta property=\"og:type\" content=\"article\" \/>\n<meta property=\"og:title\" content=\"In der Umgebung | Santom\u00e8\" \/>\n<meta property=\"og:description\" content=\"[vc_row el_id=&#8221;row-overlay&#8221;][vc_column width=&#8221;1\/2&#8243;][vc_custom_heading text=&#8221;IN DER UMGEBUNG&#8221; use_theme_fonts=&#8221;yes&#8221; css=&#8221;&#8221;][vc_column_text css=&#8221;&#8221;]Entdecken Sie die Umgebung der Tenuta Santom\u00e8: von den sanften H\u00fcgeln der Marca Trevigiana bis hin zu malerischen D\u00f6rfern und Orten von kulturellem und nat\u00fcrlichem Interesse. Genie\u00dfen Sie ein authentisches Erlebnis, umgeben von Wein, Kunst, Natur und gutem Essen.[\/vc_column_text][\/vc_column][vc_column width=&#8221;1\/2&#8243;][\/vc_column][\/vc_row][vc_row css_animation=&#8221;fadeInUp&#8221; css=&#8221;.vc_custom_1754056757253{margin-top: 30px !important;}&#8221;][vc_column][vc_column_text css=&#8221;&#8221;][\/vc_column_text][\/vc_column][\/vc_row][vc_row css_animation=&#8221;fadeInUp&#8221;][vc_column width=&#8221;1\/3&#8243;][vc_custom_heading [&hellip;]\" \/>\n<meta property=\"og:url\" content=\"https:\/\/www.tenutasantome.com\/de\/nei-dintorni\/\" \/>\n<meta property=\"og:site_name\" content=\"Santom\u00e8\" \/>\n<meta property=\"article:modified_time\" content=\"2025-08-27T11:43:37+00:00\" \/>\n<meta name=\"twitter:card\" content=\"summary_large_image\" \/>\n<meta name=\"twitter:label1\" content=\"Gesch\u00e4tzte Lesezeit\" \/>\n\t<meta name=\"twitter:data1\" content=\"1\u00a0Minute\" \/>\n<script type=\"application\/ld+json\" class=\"yoast-schema-graph\">{\"@context\":\"https:\/\/schema.org\",\"@graph\":[{\"@type\":\"WebPage\",\"@id\":\"https:\/\/www.tenutasantome.com\/de\/nei-dintorni\/\",\"url\":\"https:\/\/www.tenutasantome.com\/de\/nei-dintorni\/\",\"name\":\"In der Umgebung | Santom\u00e8\",\"isPartOf\":{\"@id\":\"https:\/\/www.tenutasantome.com\/de\/#website\"},\"datePublished\":\"2025-08-25T09:51:18+00:00\",\"dateModified\":\"2025-08-27T11:43:37+00:00\",\"breadcrumb\":{\"@id\":\"https:\/\/www.tenutasantome.com\/de\/nei-dintorni\/#breadcrumb\"},\"inLanguage\":\"de\",\"potentialAction\":[{\"@type\":\"ReadAction\",\"target\":[[\"https:\/\/www.tenutasantome.com\/de\/nei-dintorni\/\"]]}]},{\"@type\":\"BreadcrumbList\",\"@id\":\"https:\/\/www.tenutasantome.com\/de\/nei-dintorni\/#breadcrumb\",\"itemListElement\":[{\"@type\":\"ListItem\",\"position\":1,\"name\":\"Home\",\"item\":\"https:\/\/www.tenutasantome.com\/de\/\"},{\"@type\":\"ListItem\",\"position\":2,\"name\":\"Nei dintorni\"}]},{\"@type\":\"WebSite\",\"@id\":\"https:\/\/www.tenutasantome.com\/de\/#website\",\"url\":\"https:\/\/www.tenutasantome.com\/de\/\",\"name\":\"Santom\u00e8\",\"description\":\"Weine, meetings und resort\",\"potentialAction\":[{\"@type\":\"SearchAction\",\"target\":{\"@type\":\"EntryPoint\",\"urlTemplate\":\"https:\/\/www.tenutasantome.com\/de\/?s={search_term_string}\"},\"query-input\":{\"@type\":\"PropertyValueSpecification\",\"valueRequired\":true,\"valueName\":\"search_term_string\"}}],\"inLanguage\":\"de\"}]}<\/script>\n<!-- \/ Yoast SEO plugin. -->","yoast_head_json":{"title":"In der Umgebung | Santom\u00e8","robots":{"index":"index","follow":"follow","max-snippet":"max-snippet:-1","max-image-preview":"max-image-preview:large","max-video-preview":"max-video-preview:-1"},"canonical":"https:\/\/www.tenutasantome.com\/de\/nei-dintorni\/","og_locale":"de_DE","og_type":"article","og_title":"In der Umgebung | Santom\u00e8","og_description":"[vc_row el_id=&#8221;row-overlay&#8221;][vc_column width=&#8221;1\/2&#8243;][vc_custom_heading text=&#8221;IN DER UMGEBUNG&#8221; use_theme_fonts=&#8221;yes&#8221; css=&#8221;&#8221;][vc_column_text css=&#8221;&#8221;]Entdecken Sie die Umgebung der Tenuta Santom\u00e8: von den sanften H\u00fcgeln der Marca Trevigiana bis hin zu malerischen D\u00f6rfern und Orten von kulturellem und nat\u00fcrlichem Interesse. Genie\u00dfen Sie ein authentisches Erlebnis, umgeben von Wein, Kunst, Natur und gutem Essen.[\/vc_column_text][\/vc_column][vc_column width=&#8221;1\/2&#8243;][\/vc_column][\/vc_row][vc_row css_animation=&#8221;fadeInUp&#8221; css=&#8221;.vc_custom_1754056757253{margin-top: 30px !important;}&#8221;][vc_column][vc_column_text css=&#8221;&#8221;][\/vc_column_text][\/vc_column][\/vc_row][vc_row css_animation=&#8221;fadeInUp&#8221;][vc_column width=&#8221;1\/3&#8243;][vc_custom_heading [&hellip;]","og_url":"https:\/\/www.tenutasantome.com\/de\/nei-dintorni\/","og_site_name":"Santom\u00e8","article_modified_time":"2025-08-27T11:43:37+00:00","twitter_card":"summary_large_image","twitter_misc":{"Gesch\u00e4tzte Lesezeit":"1\u00a0Minute"},"schema":{"@context":"https:\/\/schema.org","@graph":[{"@type":"WebPage","@id":"https:\/\/www.tenutasantome.com\/de\/nei-dintorni\/","url":"https:\/\/www.tenutasantome.com\/de\/nei-dintorni\/","name":"In der Umgebung | Santom\u00e8","isPartOf":{"@id":"https:\/\/www.tenutasantome.com\/de\/#website"},"datePublished":"2025-08-25T09:51:18+00:00","dateModified":"2025-08-27T11:43:37+00:00","breadcrumb":{"@id":"https:\/\/www.tenutasantome.com\/de\/nei-dintorni\/#breadcrumb"},"inLanguage":"de","potentialAction":[{"@type":"ReadAction","target":[["https:\/\/www.tenutasantome.com\/de\/nei-dintorni\/"]]}]},{"@type":"BreadcrumbList","@id":"https:\/\/www.tenutasantome.com\/de\/nei-dintorni\/#breadcrumb","itemListElement":[{"@type":"ListItem","position":1,"name":"Home","item":"https:\/\/www.tenutasantome.com\/de\/"},{"@type":"ListItem","position":2,"name":"Nei dintorni"}]},{"@type":"WebSite","@id":"https:\/\/www.tenutasantome.com\/de\/#website","url":"https:\/\/www.tenutasantome.com\/de\/","name":"Santom\u00e8","description":"Weine, meetings und resort","potentialAction":[{"@type":"SearchAction","target":{"@type":"EntryPoint","urlTemplate":"https:\/\/www.tenutasantome.com\/de\/?s={search_term_string}"},"query-input":{"@type":"PropertyValueSpecification","valueRequired":true,"valueName":"search_term_string"}}],"inLanguage":"de"}]}},"_links":{"self":[{"href":"https:\/\/www.tenutasantome.com\/de\/wp-json\/wp\/v2\/pages\/5381","targetHints":{"allow":["GET"]}}],"collection":[{"href":"https:\/\/www.tenutasantome.com\/de\/wp-json\/wp\/v2\/pages"}],"about":[{"href":"https:\/\/www.tenutasantome.com\/de\/wp-json\/wp\/v2\/types\/page"}],"author":[{"embeddable":true,"href":"https:\/\/www.tenutasantome.com\/de\/wp-json\/wp\/v2\/users\/9"}],"replies":[{"embeddable":true,"href":"https:\/\/www.tenutasantome.com\/de\/wp-json\/wp\/v2\/comments?post=5381"}],"version-history":[{"count":3,"href":"https:\/\/www.tenutasantome.com\/de\/wp-json\/wp\/v2\/pages\/5381\/revisions"}],"predecessor-version":[{"id":5491,"href":"https:\/\/www.tenutasantome.com\/de\/wp-json\/wp\/v2\/pages\/5381\/revisions\/5491"}],"wp:attachment":[{"href":"https:\/\/www.tenutasantome.com\/de\/wp-json\/wp\/v2\/media?parent=5381"}],"curies":[{"name":"wp","href":"https:\/\/api.w.org\/{rel}","templated":true}]}}