{"id":5370,"date":"2025-08-06T13:02:33","date_gmt":"2025-08-06T11:02:33","guid":{"rendered":"https:\/\/www.tenutasantome.com\/it\/?page_id=5370"},"modified":"2025-09-17T14:19:03","modified_gmt":"2025-09-17T12:19:03","slug":"i-vigneti-2","status":"publish","type":"page","link":"https:\/\/www.tenutasantome.com\/de\/das-weingarten\/","title":{"rendered":"Das Weingarten"},"content":{"rendered":"<div class=\"wpb-content-wrapper\"><p>[vc_row el_id=&#8221;row-overlay&#8221;][vc_column width=&#8221;1\/2&#8243;][vc_custom_heading text=&#8221;DIE WEING\u00c4RTEN&#8221; use_theme_fonts=&#8221;yes&#8221;][vc_column_text]<\/p>\n<p>Bei Santom\u00e8 stellen wir unsere Weine <strong>ausschlie\u00dflich aus eigenen Trauben her, die auf unseren 75 Hektar Land in vier verschiedenen Gegenden<\/strong> der Provinz Treviso wachsen. In jeder dieser Gegenden werden die Rebsorten angebaut, die durch die jeweiligen \u00f6rtlichen Bedingungen am besten gedeihen.<\/p>\n<p>[\/vc_column_text][\/vc_column][vc_column width=&#8221;1\/2&#8243;][\/vc_column][\/vc_row][vc_row css_animation=&#8221;fadeInUp&#8221;][vc_column width=&#8221;1\/4&#8243; css=&#8221;.vc_custom_1534145666424{padding-left: 20px !important;}&#8221;][vc_single_image image=&#8221;1388&#8243; img_size=&#8221;70&#215;70&#8243; alignment=&#8221;center&#8221;][vc_column_text]<\/p>\n<p style=\"text-align: center;\">4 Hektar im historischen Weingarten \u201e<strong>Nonno Toni<\/strong>\u201c in Tezze di Vazzola<\/p>\n<p>[\/vc_column_text][vc_column_text]<\/p>\n<p style=\"text-align: center;\"><a href=\"#nonnotoni\">Entdecken Sie mehr &gt;<\/a><\/p>\n<p>[\/vc_column_text][\/vc_column][vc_column width=&#8221;1\/4&#8243;][vc_single_image image=&#8221;1389&#8243; img_size=&#8221;70&#215;70&#8243; alignment=&#8221;center&#8221;][vc_column_text]<\/p>\n<p style=\"text-align: center;\">28 Hektar Weingarten \u201e<strong>Le Calandrine<\/strong>\u201c\u00a0im Auland der \u201eGrave di Papadopoli\u201c, einer Insel im Fluss Piave (mit 750 Hektar Naturschutzgebiet)<\/p>\n<p>[\/vc_column_text][vc_column_text]<\/p>\n<p style=\"text-align: center;\"><a href=\"#calandrine\">Entdecken Sie mehr &gt;<\/a><\/p>\n<p>[\/vc_column_text][\/vc_column][vc_column width=&#8221;1\/4&#8243;][vc_single_image image=&#8221;1390&#8243; img_size=&#8221;70&#215;70&#8243; alignment=&#8221;center&#8221;][vc_column_text css=&#8221;&#8221;]<\/p>\n<p style=\"text-align: center;\">40 Hektar in den Weinbergen <strong>\u201eCarboncine\u201d<\/strong> und <strong>\u201eCa&#8217; Morelli\u201d<\/strong> in Roncade, dem Sitz des Weinguts<\/p>\n<p>[\/vc_column_text][vc_column_text]<\/p>\n<p style=\"text-align: center;\"><a href=\"#carboncine\">Entdecken Sie mehr &gt;<\/a><\/p>\n<p>[\/vc_column_text][\/vc_column][vc_column width=&#8221;1\/4&#8243;][vc_single_image image=&#8221;1391&#8243; img_size=&#8221;70&#215;70&#8243; alignment=&#8221;center&#8221;][vc_column_text]<\/p>\n<p style=\"text-align: center;\">3 Hektar in Collalto, auf dem \u201e<strong>Bosco Coste<\/strong>\u201c\u00a0genannten H\u00fcgel in Susegana in der Heimat des Prosecco Superiore DOCG Valdobbiadene-Conegliano<\/p>\n<p>[\/vc_column_text][vc_column_text]<\/p>\n<p style=\"text-align: center;\"><a href=\"#boscocoste\">Entdecken Sie mehr &gt;<\/a><\/p>\n<p>[\/vc_column_text][\/vc_column][\/vc_row][vc_row css_animation=&#8221;fadeInUp&#8221;][vc_column][vc_single_image image=&#8221;1393&#8243; img_size=&#8221;full&#8221;][\/vc_column][\/vc_row][vc_row css_animation=&#8221;fadeInUp&#8221; el_id=&#8221;nonnotoni&#8221;][vc_column width=&#8221;1\/2&#8243;][vc_column_text]<\/p>\n<h1 style=\"text-align: left;\">Weingarten &#8220;Nonno Toni&#8221;<\/h1>\n<p>[\/vc_column_text][vc_column_text]Hier hat alles begonnen, mit Gro\u00dfvater Antonio, auch \u201eToni\u201c genannt, einem erfahrenen Weinbauer und ehemaligen Teilp\u00e4chter, der im Jahr 1971 vier Hektar Land in Tezze di Vazzola kaufte und begann, die Winzergenossenschaft Valdobbiadene mit seinen Trauben zu beliefern.<\/p>\n<p>Der Weingarten befindet sich <strong>am linken Ufer des Flusses Piave<\/strong>, wo der Boden aus einer Mischung aus Schlick und Lehm besteht und reich an Mineralstoffen ist. Dadurch eignet er sich <strong>besonders gut f\u00fcr den Anbau von Prosecco<\/strong>, dem er seine einzigartigen Geschmacksnoten verleiht.<\/p>\n<p><strong>Hier wird Prosecco mit der kontrollierten Ursprungsbezeichnung Prosecco DOC Treviso hergestellt.<\/strong>[\/vc_column_text][vc_column_text css=&#8221;&#8221;]<div id=\"mapsvg-10\" data-id=\"10\" class=\"mapsvg\" data-autoload=\"true\" data-load-db=\"true\" data-loading-text=\"Loading map...\" style=\"width: 100%; height: 0; padding-bottom: 72.6%\"><\/div>\n<p>&nbsp;<\/p>\n<p><strong>Standort:<\/strong> Tezze<br \/>\n<strong>Gemeinde:<\/strong> Vazzola<br \/>\n<strong>Gesamtfl\u00e4che:<\/strong> 4.00ha[\/vc_column_text][\/vc_column][vc_column width=&#8221;1\/2&#8243;][vc_single_image image=&#8221;1200&#8243; img_size=&#8221;full&#8221; onclick=&#8221;link_image&#8221;][vc_media_grid element_width=&#8221;6&#8243; grid_id=&#8221;vc_gid:1758017590617-73dd8bef-6887-9&#8243; include=&#8221;1397,1040,1039,1038&#8243;][\/vc_column][\/vc_row][vc_row css_animation=&#8221;fadeInUp&#8221;][vc_column][vc_separator][\/vc_column][\/vc_row][vc_row css_animation=&#8221;fadeInUp&#8221; el_id=&#8221;calandrine&#8221;][vc_column width=&#8221;1\/2&#8243;][vc_column_text]<\/p>\n<h1 style=\"text-align: left;\">Weingarten &#8220;Le Calandrine&#8221;<\/h1>\n<p>[\/vc_column_text][vc_column_text]<\/p>\n<p>Dieser 28 Hektar gro\u00dfe, haupts\u00e4chlich mit Glera (Prosecco) bebaute Weingarten erstreckt sich auf dem schlick- und sandhaltigen Boden der prestigetr\u00e4chtigen und naturbelassenen <strong>Isola di Papadopoli<\/strong>, einer Insel auf dem Fluss Piave, die 750 Hektar unter Naturschutz stehendes Land umfasst. Diese geschichtstr\u00e4chtige Insel ist daf\u00fcr ber\u00fchmt, dass sich auf ihr <strong>zahlreiche schon seit der R\u00f6merzeit existierende Weinberge<\/strong> befinden.<\/p>\n<p>Die Gegend eignet sich hervorragend f\u00fcr die Herstellung leichter, fruchtiger Weine und bietet die <strong>perfekten Gegebenheiten f\u00fcr Prosecco<\/strong>. Durch diese besonderen Eigenschaften werden die 28 Hektar fast ausschlie\u00dflich f\u00fcr den <strong>Anbau von Prosecco DOC Treviso<\/strong> genutzt.<\/p>\n<p>[\/vc_column_text][vc_column_text css=&#8221;&#8221;]<div id=\"mapsvg-11\" data-id=\"11\" class=\"mapsvg\" data-autoload=\"true\" data-load-db=\"true\" data-loading-text=\"Loading map...\" style=\"width: 100%; height: 0; padding-bottom: 72.6%\"><\/div>\n<p>&nbsp;<\/p>\n<p><strong>Standort:<\/strong> Isola Grave di Papadopoli<br \/>\n<strong>Gemeinde:<\/strong> Cimadolmo<br \/>\n<strong>Gesamtfl\u00e4che:<\/strong> 28.00ha[\/vc_column_text][\/vc_column][vc_column width=&#8221;1\/2&#8243;][vc_single_image image=&#8221;1398&#8243; img_size=&#8221;full&#8221; onclick=&#8221;link_image&#8221;][vc_media_grid element_width=&#8221;6&#8243; grid_id=&#8221;vc_gid:1758017590618-3de13282-079f-7&#8243; include=&#8221;2499,1573,1399,148&#8243;][\/vc_column][\/vc_row][vc_row css_animation=&#8221;fadeInUp&#8221;][vc_column][vc_separator][\/vc_column][\/vc_row][vc_row css_animation=&#8221;fadeInUp&#8221; el_id=&#8221;carboncine&#8221;][vc_column][vc_column_text css=&#8221;&#8221;]<\/p>\n<h1 style=\"text-align: left;\">Weinberge \u201eCarboncine\u201d und \u201eCa&#8217; Morelli\u201d<\/h1>\n<p>[\/vc_column_text][vc_column_text]<\/p>\n<p>Weitere 40 Hektar befinden sich beim Firmensitz in Roncade, in der &#8220;Carboncine\u201c genannten Gegend, die seit jeher <strong>f\u00fcr ihren besonders fruchtbaren Boden bekannt ist<\/strong>. Dieser ist reich an Lehm und Caranto (einem f\u00fcr Venetien typischen, kompakten sand- und lehmhaltigen Konglomerat aus dem Meeresboden mit Kalkzement aus den Dolomiten), und daher <strong>ideal f\u00fcr den Anbau charaktervoller und k\u00f6rperreicher Weine<\/strong>.<\/p>\n<p>Neben Pinot Grigio werden hier alle <strong>stillen Weine<\/strong> von Santom\u00e8 hergestellt, einschlie\u00dflich der kostbarsten Sorten und Jahrgangsweine. Unter ihnen stechen besonders die autochthonen Weine <strong>Raboso Piave<\/strong>, <strong>Tai Bianco<\/strong> und der <strong>Merlot Parcel #80<\/strong> hervor.<\/p>\n<p>[\/vc_column_text][\/vc_column][\/vc_row][vc_row css_animation=&#8221;fadeInUp&#8221; el_id=&#8221;camorelli&#8221;][vc_column width=&#8221;1\/2&#8243;][vc_column_text css=&#8221;&#8221;]<\/p>\n<h4 style=\"text-align: left;\">Weingarten &#8220;Le Carboncine&#8221;<\/h4>\n<p>[\/vc_column_text][vc_column_text css=&#8221;&#8221;]<div id=\"mapsvg-13\" data-id=\"13\" class=\"mapsvg\" data-autoload=\"true\" data-load-db=\"true\" data-loading-text=\"Loading map...\" style=\"width: 100%; height: 0; padding-bottom: 71.68%\"><\/div>\n<p>&nbsp;<\/p>\n<p><strong>Standort:<\/strong> Biancade<br \/>\n<strong>Gemeinde:<\/strong> Roncade<br \/>\n<strong>Gesamtfl\u00e4che:<\/strong> 30.00ha[\/vc_column_text][vc_single_image image=&#8221;163&#8243; img_size=&#8221;full&#8221; onclick=&#8221;link_image&#8221;][vc_media_grid element_width=&#8221;6&#8243; grid_id=&#8221;vc_gid:1758017590618-b02c4000-f507-2&#8243; include=&#8221;164,1405,1407,1406&#8243;][\/vc_column][vc_column width=&#8221;1\/2&#8243;][vc_column_text css=&#8221;&#8221;]<\/p>\n<h4 style=\"text-align: left;\">Weingarten &#8220;Ca&#8217; Morelli&#8221;<\/h4>\n<p>[\/vc_column_text][vc_column_text css=&#8221;&#8221;]<div id=\"mapsvg-12\" data-id=\"12\" class=\"mapsvg\" data-autoload=\"true\" data-load-db=\"true\" data-loading-text=\"Loading map...\" style=\"width: 100%; height: 0; padding-bottom: 72.6%\"><\/div>\n<p>&nbsp;<\/p>\n<p><strong>Standort:<\/strong> Biancade<br \/>\n<strong>Gemeinde:<\/strong> Roncade<br \/>\n<strong>Gesamtfl\u00e4che:<\/strong> 10.00ha[\/vc_column_text][vc_single_image image=&#8221;5544&#8243; img_size=&#8221;full&#8221; onclick=&#8221;link_image&#8221; css=&#8221;&#8221;][vc_single_image image=&#8221;5543&#8243; img_size=&#8221;full&#8221; onclick=&#8221;link_image&#8221; css=&#8221;&#8221;][\/vc_column][\/vc_row][vc_row css_animation=&#8221;fadeInUp&#8221;][vc_column][vc_separator][\/vc_column][\/vc_row][vc_row css_animation=&#8221;fadeInUp&#8221; el_id=&#8221;boscocoste&#8221;][vc_column width=&#8221;1\/2&#8243;][vc_column_text]<\/p>\n<h1 style=\"text-align: left;\">Weingarten &#8220;Bosco Coste&#8221;<\/h1>\n<p>[\/vc_column_text][vc_column_text]Diese 3 Hektar befinden sich auf einem H\u00fcgel im Herzen des Prosecco Superiore DOCG-Gebietes Conegliano Valdobbiadene in Collalto, einem Ortsteil von Susegana. Der Boden des sonnigen, auch \u201eBosco Coste\u201c genannten Hangs besteht vorwiegend aus <strong>lockerem Lehm<\/strong>, was zu den bei der Herstellung von Prosecco Superiore DOCG grundlegenden blumigen, fruchtigen Noten beitr\u00e4gt.<\/p>\n<p>Hier produzieren wir den <strong>Prosecco Millesimato Superiore DOCG Valdobbiadene Conegliano<\/strong> in den Versionen Brut und Extra Dry.[\/vc_column_text][vc_column_text css=&#8221;&#8221;]<div id=\"mapsvg-14\" data-id=\"14\" class=\"mapsvg\" data-autoload=\"true\" data-load-db=\"true\" data-loading-text=\"Loading map...\" style=\"width: 100%; height: 0; padding-bottom: 72.6%\"><\/div>\n<p>&nbsp;<\/p>\n<p><strong>Standort:<\/strong> Collalto<br \/>\n<strong>Gemeinde:<\/strong> Susegana<br \/>\n<strong>Gesamtfl\u00e4che:<\/strong> 3.00ha[\/vc_column_text][\/vc_column][vc_column width=&#8221;1\/2&#8243;][vc_single_image image=&#8221;163&#8243; img_size=&#8221;full&#8221; onclick=&#8221;link_image&#8221;][vc_media_grid element_width=&#8221;6&#8243; grid_id=&#8221;vc_gid:1758017590619-9a108bd9-93f2-10&#8243; include=&#8221;164,1405,1407,1406&#8243;][\/vc_column][\/vc_row]<\/p>\n<\/div>","protected":false},"excerpt":{"rendered":"[vc_row el_id=&#8221;row-overlay&#8221;][vc_column width=&#8221;1\/2&#8243;][vc_custom_heading text=&#8221;DIE WEING\u00c4RTEN&#8221; use_theme_fonts=&#8221;yes&#8221;][vc_column_text] Bei Santom\u00e8 stellen wir unsere Weine ausschlie\u00dflich aus eigenen Trauben her, die auf unseren 75 Hektar Land in vier verschiedenen Gegenden der Provinz Treviso wachsen. In jeder dieser Gegenden werden die Rebsorten angebaut, die durch die jeweiligen \u00f6rtlichen Bedingungen am besten gedeihen. [\/vc_column_text][\/vc_column][vc_column width=&#8221;1\/2&#8243;][\/vc_column][\/vc_row][vc_row css_animation=&#8221;fadeInUp&#8221;][vc_column width=&#8221;1\/4&#8243; css=&#8221;.vc_custom_1534145666424{padding-left: 20px !important;}&#8221;][vc_single_image [&hellip;]","protected":false},"author":9,"featured_media":1382,"parent":0,"menu_order":0,"comment_status":"closed","ping_status":"closed","template":"","meta":{"_acf_changed":false,"footnotes":""},"class_list":["post-5370","page","type-page","status-publish","hentry"],"acf":[],"yoast_head":"<!-- This site is optimized with the Yoast SEO plugin v25.3.1 - https:\/\/yoast.com\/wordpress\/plugins\/seo\/ -->\n<title>Das Weingarten | Santom\u00e8 - Vini, meeting e resortDas Weingarten | Santom\u00e8 - Wines, meetings and resortDas Weingarten | Santom\u00e8 - Weine, meetings und resort<\/title>\n<meta name=\"description\" content=\"Bei Santom\u00e8 stellen wir unsere Weine ausschlie\u00dflich aus eigenen Trauben her, die auf unseren 75 Hektar Land in vier verschiedenen Gegenden der Provinz Treviso wachsen.\" \/>\n<meta name=\"robots\" content=\"noindex, nofollow\" \/>\n<meta property=\"og:locale\" content=\"de_DE\" \/>\n<meta property=\"og:type\" content=\"article\" \/>\n<meta property=\"og:title\" content=\"Das Weingarten | Santom\u00e8 - Vini, meeting e resortDas Weingarten | Santom\u00e8 - Wines, meetings and resortDas Weingarten | Santom\u00e8 - Weine, meetings und resort\" \/>\n<meta property=\"og:description\" content=\"Bei Santom\u00e8 stellen wir unsere Weine ausschlie\u00dflich aus eigenen Trauben her, die auf unseren 75 Hektar Land in vier verschiedenen Gegenden der Provinz Treviso wachsen.\" \/>\n<meta property=\"og:url\" content=\"https:\/\/www.tenutasantome.com\/de\/i-vigneti\/\" \/>\n<meta property=\"og:site_name\" content=\"Santom\u00e8\" \/>\n<meta property=\"article:modified_time\" content=\"2025-09-17T12:19:03+00:00\" \/>\n<meta property=\"og:image\" content=\"https:\/\/www.tenutasantome.com\/wp-content\/uploads\/2018\/10\/i-vigneti-banner.jpg\" \/>\n\t<meta property=\"og:image:width\" content=\"1900\" \/>\n\t<meta property=\"og:image:height\" content=\"720\" \/>\n\t<meta property=\"og:image:type\" content=\"image\/jpeg\" \/>\n<meta name=\"twitter:card\" content=\"summary_large_image\" \/>\n<meta name=\"twitter:label1\" content=\"Gesch\u00e4tzte Lesezeit\" \/>\n\t<meta name=\"twitter:data1\" content=\"4\u00a0Minuten\" \/>\n<script type=\"application\/ld+json\" class=\"yoast-schema-graph\">{\"@context\":\"https:\/\/schema.org\",\"@graph\":[{\"@type\":\"WebPage\",\"@id\":\"https:\/\/www.tenutasantome.com\/de\/i-vigneti\/\",\"url\":\"https:\/\/www.tenutasantome.com\/de\/i-vigneti\/\",\"name\":\"Das Weingarten | Santom\u00e8 - Vini, meeting e resortDas Weingarten | Santom\u00e8 - Wines, meetings and resortDas Weingarten | Santom\u00e8 - Weine, meetings und resort\",\"isPartOf\":{\"@id\":\"https:\/\/www.tenutasantome.com\/de\/#website\"},\"primaryImageOfPage\":{\"@id\":\"https:\/\/www.tenutasantome.com\/de\/i-vigneti\/#primaryimage\"},\"image\":{\"@id\":\"https:\/\/www.tenutasantome.com\/it\/i-vigneti\/#primaryimage\"},\"thumbnailUrl\":\"https:\/\/www.tenutasantome.com\/wp-content\/uploads\/2018\/10\/i-vigneti-banner.jpg\",\"datePublished\":\"2025-08-06T11:02:33+00:00\",\"dateModified\":\"2025-09-17T12:19:03+00:00\",\"description\":\"Bei Santom\u00e8 stellen wir unsere Weine ausschlie\u00dflich aus eigenen Trauben her, die auf unseren 75 Hektar Land in vier verschiedenen Gegenden der Provinz Treviso wachsen.\",\"breadcrumb\":{\"@id\":\"https:\/\/www.tenutasantome.com\/de\/i-vigneti\/#breadcrumb\"},\"inLanguage\":\"de\",\"potentialAction\":[{\"@type\":\"ReadAction\",\"target\":[[\"https:\/\/www.tenutasantome.com\/de\/i-vigneti\/\"]]}]},{\"@type\":\"ImageObject\",\"inLanguage\":\"de\",\"@id\":\"https:\/\/www.tenutasantome.com\/de\/i-vigneti\/#primaryimage\",\"url\":\"https:\/\/www.tenutasantome.com\/wp-content\/uploads\/2018\/10\/i-vigneti-banner.jpg\",\"contentUrl\":\"https:\/\/www.tenutasantome.com\/wp-content\/uploads\/2018\/10\/i-vigneti-banner.jpg\",\"width\":1900,\"height\":720},{\"@type\":\"BreadcrumbList\",\"@id\":\"https:\/\/www.tenutasantome.com\/de\/i-vigneti\/#breadcrumb\",\"itemListElement\":[{\"@type\":\"ListItem\",\"position\":1,\"name\":\"Home\",\"item\":\"https:\/\/www.tenutasantome.com\/de\/\"},{\"@type\":\"ListItem\",\"position\":2,\"name\":\"I vigneti\"}]},{\"@type\":\"WebSite\",\"@id\":\"https:\/\/www.tenutasantome.com\/de\/#website\",\"url\":\"https:\/\/www.tenutasantome.com\/de\/\",\"name\":\"Santom\u00e8\",\"description\":\"Weine, meetings und resort\",\"potentialAction\":[{\"@type\":\"SearchAction\",\"target\":{\"@type\":\"EntryPoint\",\"urlTemplate\":\"https:\/\/www.tenutasantome.com\/de\/?s={search_term_string}\"},\"query-input\":{\"@type\":\"PropertyValueSpecification\",\"valueRequired\":true,\"valueName\":\"search_term_string\"}}],\"inLanguage\":\"de\"}]}<\/script>\n<!-- \/ Yoast SEO plugin. -->","yoast_head_json":{"title":"Das Weingarten | Santom\u00e8 - Vini, meeting e resortDas Weingarten | Santom\u00e8 - Wines, meetings and resortDas Weingarten | Santom\u00e8 - Weine, meetings und resort","description":"Bei Santom\u00e8 stellen wir unsere Weine ausschlie\u00dflich aus eigenen Trauben her, die auf unseren 75 Hektar Land in vier verschiedenen Gegenden der Provinz Treviso wachsen.","robots":{"index":"noindex","follow":"nofollow"},"og_locale":"de_DE","og_type":"article","og_title":"Das Weingarten | Santom\u00e8 - Vini, meeting e resortDas Weingarten | Santom\u00e8 - Wines, meetings and resortDas Weingarten | Santom\u00e8 - Weine, meetings und resort","og_description":"Bei Santom\u00e8 stellen wir unsere Weine ausschlie\u00dflich aus eigenen Trauben her, die auf unseren 75 Hektar Land in vier verschiedenen Gegenden der Provinz Treviso wachsen.","og_url":"https:\/\/www.tenutasantome.com\/de\/i-vigneti\/","og_site_name":"Santom\u00e8","article_modified_time":"2025-09-17T12:19:03+00:00","og_image":[{"width":1900,"height":720,"url":"https:\/\/www.tenutasantome.com\/wp-content\/uploads\/2018\/10\/i-vigneti-banner.jpg","type":"image\/jpeg"}],"twitter_card":"summary_large_image","twitter_misc":{"Gesch\u00e4tzte Lesezeit":"4\u00a0Minuten"},"schema":{"@context":"https:\/\/schema.org","@graph":[{"@type":"WebPage","@id":"https:\/\/www.tenutasantome.com\/de\/i-vigneti\/","url":"https:\/\/www.tenutasantome.com\/de\/i-vigneti\/","name":"Das Weingarten | Santom\u00e8 - Vini, meeting e resortDas Weingarten | Santom\u00e8 - Wines, meetings and resortDas Weingarten | Santom\u00e8 - Weine, meetings und resort","isPartOf":{"@id":"https:\/\/www.tenutasantome.com\/de\/#website"},"primaryImageOfPage":{"@id":"https:\/\/www.tenutasantome.com\/de\/i-vigneti\/#primaryimage"},"image":{"@id":"https:\/\/www.tenutasantome.com\/it\/i-vigneti\/#primaryimage"},"thumbnailUrl":"https:\/\/www.tenutasantome.com\/wp-content\/uploads\/2018\/10\/i-vigneti-banner.jpg","datePublished":"2025-08-06T11:02:33+00:00","dateModified":"2025-09-17T12:19:03+00:00","description":"Bei Santom\u00e8 stellen wir unsere Weine ausschlie\u00dflich aus eigenen Trauben her, die auf unseren 75 Hektar Land in vier verschiedenen Gegenden der Provinz Treviso wachsen.","breadcrumb":{"@id":"https:\/\/www.tenutasantome.com\/de\/i-vigneti\/#breadcrumb"},"inLanguage":"de","potentialAction":[{"@type":"ReadAction","target":[["https:\/\/www.tenutasantome.com\/de\/i-vigneti\/"]]}]},{"@type":"ImageObject","inLanguage":"de","@id":"https:\/\/www.tenutasantome.com\/de\/i-vigneti\/#primaryimage","url":"https:\/\/www.tenutasantome.com\/wp-content\/uploads\/2018\/10\/i-vigneti-banner.jpg","contentUrl":"https:\/\/www.tenutasantome.com\/wp-content\/uploads\/2018\/10\/i-vigneti-banner.jpg","width":1900,"height":720},{"@type":"BreadcrumbList","@id":"https:\/\/www.tenutasantome.com\/de\/i-vigneti\/#breadcrumb","itemListElement":[{"@type":"ListItem","position":1,"name":"Home","item":"https:\/\/www.tenutasantome.com\/de\/"},{"@type":"ListItem","position":2,"name":"I vigneti"}]},{"@type":"WebSite","@id":"https:\/\/www.tenutasantome.com\/de\/#website","url":"https:\/\/www.tenutasantome.com\/de\/","name":"Santom\u00e8","description":"Weine, meetings und resort","potentialAction":[{"@type":"SearchAction","target":{"@type":"EntryPoint","urlTemplate":"https:\/\/www.tenutasantome.com\/de\/?s={search_term_string}"},"query-input":{"@type":"PropertyValueSpecification","valueRequired":true,"valueName":"search_term_string"}}],"inLanguage":"de"}]}},"_links":{"self":[{"href":"https:\/\/www.tenutasantome.com\/de\/wp-json\/wp\/v2\/pages\/5370","targetHints":{"allow":["GET"]}}],"collection":[{"href":"https:\/\/www.tenutasantome.com\/de\/wp-json\/wp\/v2\/pages"}],"about":[{"href":"https:\/\/www.tenutasantome.com\/de\/wp-json\/wp\/v2\/types\/page"}],"author":[{"embeddable":true,"href":"https:\/\/www.tenutasantome.com\/de\/wp-json\/wp\/v2\/users\/9"}],"replies":[{"embeddable":true,"href":"https:\/\/www.tenutasantome.com\/de\/wp-json\/wp\/v2\/comments?post=5370"}],"version-history":[{"count":32,"href":"https:\/\/www.tenutasantome.com\/de\/wp-json\/wp\/v2\/pages\/5370\/revisions"}],"predecessor-version":[{"id":5559,"href":"https:\/\/www.tenutasantome.com\/de\/wp-json\/wp\/v2\/pages\/5370\/revisions\/5559"}],"wp:featuredmedia":[{"embeddable":true,"href":"https:\/\/www.tenutasantome.com\/de\/wp-json\/wp\/v2\/media\/1382"}],"wp:attachment":[{"href":"https:\/\/www.tenutasantome.com\/de\/wp-json\/wp\/v2\/media?parent=5370"}],"curies":[{"name":"wp","href":"https:\/\/api.w.org\/{rel}","templated":true}]}}