{"id":530,"date":"2018-07-03T13:02:27","date_gmt":"2018-07-03T11:02:27","guid":{"rendered":"https:\/\/www.tenutasantome.com\/it\/?page_id=530"},"modified":"2020-10-26T12:12:18","modified_gmt":"2020-10-26T11:12:18","slug":"la-cantina","status":"publish","type":"page","link":"https:\/\/www.tenutasantome.com\/de\/la-cantina\/","title":{"rendered":"Die Kellerei"},"content":{"rendered":"<div class=\"wpb-content-wrapper\"><p>[vc_row el_id=&#8221;row-overlay&#8221;][vc_column width=&#8221;1\/2&#8243;][vc_custom_heading text=&#8221;DIE KELLEREI&#8221; use_theme_fonts=&#8221;yes&#8221;][vc_column_text]<strong>Leidenschaft und Professionalit\u00e4t<\/strong> sind der Leitfaden einer Familie, die die Reben und diese Region liebt. Uns ist es wichtig, dass unsere G\u00e4ste jeden Aspekt unserer Kellerei &#8220;anfassen&#8221; k\u00f6nnen.[\/vc_column_text][\/vc_column][vc_column width=&#8221;1\/2&#8243;][\/vc_column][\/vc_row][vc_row css_animation=&#8221;fadeInUp&#8221;][vc_column][vc_column_text]Unser Weingut umfasst <strong>alle Schritte der Weinherstellung<\/strong>, von der Bestellung der umliegenden Weing\u00e4rten bis zum Auspressen und Keltern der Trauben, von der Weinbereitung bis zur Sektherstellung und vom Ausbau in den Holzf\u00e4ssern \u00fcber die moderne Abf\u00fcllanlage bis hin zum Laden und Degustationsraum.<br \/>\nAlle Abteilungen zeichnen sich durch <strong>Hygiene<\/strong>, <strong>Sauberkeit<\/strong>, <strong>Ordnung<\/strong> und <strong>Professionalit\u00e4t<\/strong> aus \u2013 die St\u00e4rken des Weinguts Santom\u00e8.[\/vc_column_text][vc_empty_space height=&#8221;40px&#8221;][vc_separator][\/vc_column][\/vc_row][vc_row css_animation=&#8221;fadeInUp&#8221;][vc_column width=&#8221;1\/2&#8243;][vc_custom_heading text=&#8221;Weinbereitung&#8221; use_theme_fonts=&#8221;yes&#8221;][vc_column_text]Unsere Kellerei fasst insgesamt <strong>13.000 Hektoliter in temperaturgeregelten Edelstahltanks<\/strong>, die f\u00fcr optimale Bedingungen bei der Vinifikation und Aufbewahrung der Weine sorgen. Unterschiedlich gro\u00dfe Tanks erm\u00f6glichen uns ein hohes Ma\u00df an <strong>Flexibilit\u00e4t bei der Herstellung<\/strong> von Weinen mit getrennten und verschiedenen Vinifikationsprozessen, auch wenn es sich um dieselben Rebsorten, aber andere Erntezeiten und\/oder Endprodukte handelt.[\/vc_column_text][\/vc_column][vc_column width=&#8221;1\/2&#8243;][vc_single_image image=&#8221;1412&#8243; img_size=&#8221;full&#8221; onclick=&#8221;link_image&#8221;][\/vc_column][vc_column][vc_media_grid element_width=&#8221;3&#8243; grid_id=&#8221;vc_gid:1544795440024-53c20502-5c6a-1&#8243; include=&#8221;1414,1413,1416,1415&#8243;][\/vc_column][\/vc_row][vc_row][vc_column][vc_separator][\/vc_column][\/vc_row][vc_row css_animation=&#8221;fadeInUp&#8221;][vc_column width=&#8221;1\/2&#8243;][vc_custom_heading text=&#8221;Schaumweinherstellung&#8221; use_theme_fonts=&#8221;yes&#8221;][vc_column_text]In unserer besonders modern <strong>ausgestatteten Abteilung f\u00fcr Schaumweine<\/strong> befinden sich unsere Drucktanks f\u00fcr die Schaumweinherstellung nach der <strong>M\u00e8thode Charmat<\/strong>. Hierbei durchlaufen die Weine einen zweiten G\u00e4rungsprozess in Drucktanks aus Edelstahl, in denen die \u201e<strong>Schaumentwicklung<\/strong>\u201c stattfindet und der Wein seine ber\u00fchmten <strong>Bl\u00e4schen<\/strong> erh\u00e4lt. Diese Methode wird f\u00fcr die Herstellung von <strong>Prosecco<\/strong> angewandt und verleiht dem weltber\u00fchmten Schaumwein seine typischen fruchtigen Noten.[\/vc_column_text][\/vc_column][vc_column width=&#8221;1\/2&#8243;][vc_single_image image=&#8221;1420&#8243; img_size=&#8221;full&#8221; onclick=&#8221;link_image&#8221;][\/vc_column][vc_column][vc_media_grid element_width=&#8221;3&#8243; grid_id=&#8221;vc_gid:1544795440030-6ffb4afb-b215-4&#8243; include=&#8221;1421,1418,1417,1419&#8243;][\/vc_column][\/vc_row][vc_row][vc_column][vc_separator][\/vc_column][\/vc_row][vc_row css_animation=&#8221;fadeInUp&#8221;][vc_column width=&#8221;1\/2&#8243;][vc_custom_heading text=&#8221;Fasskeller&#8221; use_theme_fonts=&#8221;yes&#8221;][vc_column_text]Hier wird aus Wein Poesie: der <strong>700 m\u00b2 gro\u00dfe Keller<\/strong> ist ganz dem Ausbau unserer besten Weine gewidmet. Hier k\u00f6nnen unsere G\u00e4ste die zahlreichen 25 Hektoliter Eichen- und Kastanienholzf\u00e4sser sowie unsere franz\u00f6sischen Tonneaus aus Eichenholz, die jeweils 500 Liter fassen, besichtigen. <strong>Die Temperatur und Luftfeuchtigkeit sind in unserem Keller perfekt f\u00fcr die Reifung von Weinen, die f\u00fcr die Entfaltung st\u00e4rkerer und komplexerer Aromen eine lange Ruhezeit erfordern<\/strong>.[\/vc_column_text][\/vc_column][vc_column width=&#8221;1\/2&#8243;][vc_single_image image=&#8221;1231&#8243; img_size=&#8221;full&#8221; onclick=&#8221;link_image&#8221;][\/vc_column][vc_column][vc_media_grid element_width=&#8221;3&#8243; grid_id=&#8221;vc_gid:1544795440043-ac52185c-5551-7&#8243; include=&#8221;1235,1236,1237,1234&#8243;][\/vc_column][\/vc_row][vc_row][vc_column][vc_separator][\/vc_column][\/vc_row][vc_row css_animation=&#8221;fadeInUp&#8221;][vc_column width=&#8221;1\/2&#8243;][vc_custom_heading text=&#8221;Flaschenabf\u00fcllung&#8221; use_theme_fonts=&#8221;yes&#8221;][vc_column_text]Am Ende des Herstellungsprozesses steht unsere <strong>moderne Abf\u00fcllanlage f\u00fcr Still- und Schaumweine<\/strong>. Sie erlaubt uns ein hohes Ma\u00df an Flexibilit\u00e4t, die optimale Aufbewahrung und Abf\u00fcllung unserer Weine im Lauf des Jahres, die Planung der Auslieferung sowie die kontinuierliche Versorgung des Marktes mit frischen Produkten, was insbesondere f\u00fcr Prosecco und allgemein f\u00fcr Schaumweine von gro\u00dfer Bedeutung ist.[\/vc_column_text][\/vc_column][vc_column width=&#8221;1\/2&#8243;][vc_single_image image=&#8221;1241&#8243; img_size=&#8221;full&#8221; onclick=&#8221;link_image&#8221;][\/vc_column][vc_column][vc_media_grid element_width=&#8221;3&#8243; grid_id=&#8221;vc_gid:1544795440059-f92ce58a-0001-5&#8243; include=&#8221;1424,1423,1426,1425&#8243;][\/vc_column][\/vc_row][vc_row][vc_column][vc_separator][\/vc_column][\/vc_row][vc_row css_animation=&#8221;fadeInUp&#8221;][vc_column width=&#8221;1\/2&#8243;][vc_custom_heading text=&#8221;K\u00fchllager&#8221; use_theme_fonts=&#8221;yes&#8221;][vc_column_text]Als professionelle Weinbauer, die extrem gro\u00dfen Wert auf die Qualit\u00e4t der Endprodukte legen, werden unsere Flaschen nat\u00fcrlich in einem <strong>klimatisierten Lager im Kellergeschoss<\/strong> gelagert. Hier werden alle unsere Weine aufbewahrt, bis sie in den Handel kommen, was unsere Mitarbeiter und Handelspartner zu sch\u00e4tzen wissen.[\/vc_column_text][\/vc_column][vc_column width=&#8221;1\/2&#8243;][vc_single_image image=&#8221;1232&#8243; img_size=&#8221;full&#8221; onclick=&#8221;link_image&#8221;][\/vc_column][\/vc_row]<\/p>\n<\/div>","protected":false},"excerpt":{"rendered":"[vc_row el_id=&#8221;row-overlay&#8221;][vc_column width=&#8221;1\/2&#8243;][vc_custom_heading text=&#8221;DIE KELLEREI&#8221; use_theme_fonts=&#8221;yes&#8221;][vc_column_text]Leidenschaft und Professionalit\u00e4t sind der Leitfaden einer Familie, die die Reben und diese Region liebt. Uns ist es wichtig, dass unsere G\u00e4ste jeden Aspekt unserer Kellerei &#8220;anfassen&#8221; k\u00f6nnen.[\/vc_column_text][\/vc_column][vc_column width=&#8221;1\/2&#8243;][\/vc_column][\/vc_row][vc_row css_animation=&#8221;fadeInUp&#8221;][vc_column][vc_column_text]Unser Weingut umfasst alle Schritte der Weinherstellung, von der Bestellung der umliegenden Weing\u00e4rten bis zum Auspressen und Keltern der Trauben, von [&hellip;]","protected":false},"author":2,"featured_media":3850,"parent":0,"menu_order":0,"comment_status":"closed","ping_status":"closed","template":"","meta":{"_acf_changed":false,"footnotes":""},"class_list":["post-530","page","type-page","status-publish","hentry"],"acf":[],"yoast_head":"<!-- This site is optimized with the Yoast SEO plugin v25.3.1 - https:\/\/yoast.com\/wordpress\/plugins\/seo\/ -->\n<title>Die Kellerei | Santom\u00e8 - Vini, meeting e resortDie Kellerei | Santom\u00e8 - Wines, meetings and resortDie Kellerei | Santom\u00e8 - Weine, meetings und resort<\/title>\n<meta name=\"description\" content=\"Unser Weingut umfasst alle Schritte der Weinherstellung, von der Bestellung der umliegenden Weing\u00e4rten bis zum Auspressen und Keltern der Trauben, von der Weinbereitung bis...\" \/>\n<meta name=\"robots\" content=\"index, follow, max-snippet:-1, max-image-preview:large, max-video-preview:-1\" \/>\n<link rel=\"canonical\" href=\"https:\/\/www.tenutasantome.com\/de\/la-cantina\/\" \/>\n<meta property=\"og:locale\" content=\"de_DE\" \/>\n<meta property=\"og:type\" content=\"article\" \/>\n<meta property=\"og:title\" content=\"Die Kellerei | Santom\u00e8 - Vini, meeting e resortDie Kellerei | Santom\u00e8 - Wines, meetings and resortDie Kellerei | Santom\u00e8 - Weine, meetings und resort\" \/>\n<meta property=\"og:description\" content=\"Unser Weingut umfasst alle Schritte der Weinherstellung, von der Bestellung der umliegenden Weing\u00e4rten bis zum Auspressen und Keltern der Trauben, von der Weinbereitung bis...\" \/>\n<meta property=\"og:url\" content=\"https:\/\/www.tenutasantome.com\/de\/la-cantina\/\" \/>\n<meta property=\"og:site_name\" content=\"Santom\u00e8\" \/>\n<meta property=\"article:modified_time\" content=\"2020-10-26T11:12:18+00:00\" \/>\n<meta property=\"og:image\" content=\"https:\/\/www.tenutasantome.com\/wp-content\/uploads\/2020\/10\/Santom\u00e8-Aprile-2019-1-e1603710659228.jpg\" \/>\n\t<meta property=\"og:image:width\" content=\"2049\" \/>\n\t<meta property=\"og:image:height\" content=\"1024\" \/>\n\t<meta property=\"og:image:type\" content=\"image\/jpeg\" \/>\n<meta name=\"twitter:card\" content=\"summary_large_image\" \/>\n<meta name=\"twitter:label1\" content=\"Gesch\u00e4tzte Lesezeit\" \/>\n\t<meta name=\"twitter:data1\" content=\"12\u00a0Minuten\" \/>\n<script type=\"application\/ld+json\" class=\"yoast-schema-graph\">{\"@context\":\"https:\/\/schema.org\",\"@graph\":[{\"@type\":\"WebPage\",\"@id\":\"https:\/\/www.tenutasantome.com\/de\/la-cantina\/\",\"url\":\"https:\/\/www.tenutasantome.com\/de\/la-cantina\/\",\"name\":\"Die Kellerei | Santom\u00e8 - Vini, meeting e resortDie Kellerei | Santom\u00e8 - Wines, meetings and resortDie Kellerei | Santom\u00e8 - Weine, meetings und resort\",\"isPartOf\":{\"@id\":\"https:\/\/www.tenutasantome.com\/de\/#website\"},\"primaryImageOfPage\":{\"@id\":\"https:\/\/www.tenutasantome.com\/de\/la-cantina\/#primaryimage\"},\"image\":{\"@id\":\"https:\/\/www.tenutasantome.com\/la-cantina\/#primaryimage\"},\"thumbnailUrl\":\"https:\/\/www.tenutasantome.com\/wp-content\/uploads\/2020\/10\/Santom\u00e8-Aprile-2019-1-e1603710659228.jpg\",\"datePublished\":\"2018-07-03T11:02:27+00:00\",\"dateModified\":\"2020-10-26T11:12:18+00:00\",\"description\":\"Unser Weingut umfasst alle Schritte der Weinherstellung, von der Bestellung der umliegenden Weing\u00e4rten bis zum Auspressen und Keltern der Trauben, von der Weinbereitung bis...\",\"breadcrumb\":{\"@id\":\"https:\/\/www.tenutasantome.com\/de\/la-cantina\/#breadcrumb\"},\"inLanguage\":\"de\",\"potentialAction\":[{\"@type\":\"ReadAction\",\"target\":[[\"https:\/\/www.tenutasantome.com\/de\/la-cantina\/\"]]}]},{\"@type\":\"ImageObject\",\"inLanguage\":\"de\",\"@id\":\"https:\/\/www.tenutasantome.com\/de\/la-cantina\/#primaryimage\",\"url\":\"https:\/\/www.tenutasantome.com\/wp-content\/uploads\/2020\/10\/Santom\u00e8-Aprile-2019-1-e1603710659228.jpg\",\"contentUrl\":\"https:\/\/www.tenutasantome.com\/wp-content\/uploads\/2020\/10\/Santom\u00e8-Aprile-2019-1-e1603710659228.jpg\",\"width\":2049,\"height\":1024,\"caption\":\"created by dji camera\"},{\"@type\":\"BreadcrumbList\",\"@id\":\"https:\/\/www.tenutasantome.com\/de\/la-cantina\/#breadcrumb\",\"itemListElement\":[{\"@type\":\"ListItem\",\"position\":1,\"name\":\"Home\",\"item\":\"https:\/\/www.tenutasantome.com\/de\/\"},{\"@type\":\"ListItem\",\"position\":2,\"name\":\"La Cantina\"}]},{\"@type\":\"WebSite\",\"@id\":\"https:\/\/www.tenutasantome.com\/de\/#website\",\"url\":\"https:\/\/www.tenutasantome.com\/de\/\",\"name\":\"Santom\u00e8\",\"description\":\"Weine, meetings und resort\",\"potentialAction\":[{\"@type\":\"SearchAction\",\"target\":{\"@type\":\"EntryPoint\",\"urlTemplate\":\"https:\/\/www.tenutasantome.com\/de\/?s={search_term_string}\"},\"query-input\":{\"@type\":\"PropertyValueSpecification\",\"valueRequired\":true,\"valueName\":\"search_term_string\"}}],\"inLanguage\":\"de\"}]}<\/script>\n<!-- \/ Yoast SEO plugin. -->","yoast_head_json":{"title":"Die Kellerei | Santom\u00e8 - Vini, meeting e resortDie Kellerei | Santom\u00e8 - Wines, meetings and resortDie Kellerei | Santom\u00e8 - Weine, meetings und resort","description":"Unser Weingut umfasst alle Schritte der Weinherstellung, von der Bestellung der umliegenden Weing\u00e4rten bis zum Auspressen und Keltern der Trauben, von der Weinbereitung bis...","robots":{"index":"index","follow":"follow","max-snippet":"max-snippet:-1","max-image-preview":"max-image-preview:large","max-video-preview":"max-video-preview:-1"},"canonical":"https:\/\/www.tenutasantome.com\/de\/la-cantina\/","og_locale":"de_DE","og_type":"article","og_title":"Die Kellerei | Santom\u00e8 - Vini, meeting e resortDie Kellerei | Santom\u00e8 - Wines, meetings and resortDie Kellerei | Santom\u00e8 - Weine, meetings und resort","og_description":"Unser Weingut umfasst alle Schritte der Weinherstellung, von der Bestellung der umliegenden Weing\u00e4rten bis zum Auspressen und Keltern der Trauben, von der Weinbereitung bis...","og_url":"https:\/\/www.tenutasantome.com\/de\/la-cantina\/","og_site_name":"Santom\u00e8","article_modified_time":"2020-10-26T11:12:18+00:00","og_image":[{"width":2049,"height":1024,"url":"https:\/\/www.tenutasantome.com\/wp-content\/uploads\/2020\/10\/Santom\u00e8-Aprile-2019-1-e1603710659228.jpg","type":"image\/jpeg"}],"twitter_card":"summary_large_image","twitter_misc":{"Gesch\u00e4tzte Lesezeit":"12\u00a0Minuten"},"schema":{"@context":"https:\/\/schema.org","@graph":[{"@type":"WebPage","@id":"https:\/\/www.tenutasantome.com\/de\/la-cantina\/","url":"https:\/\/www.tenutasantome.com\/de\/la-cantina\/","name":"Die Kellerei | Santom\u00e8 - Vini, meeting e resortDie Kellerei | Santom\u00e8 - Wines, meetings and resortDie Kellerei | Santom\u00e8 - Weine, meetings und resort","isPartOf":{"@id":"https:\/\/www.tenutasantome.com\/de\/#website"},"primaryImageOfPage":{"@id":"https:\/\/www.tenutasantome.com\/de\/la-cantina\/#primaryimage"},"image":{"@id":"https:\/\/www.tenutasantome.com\/la-cantina\/#primaryimage"},"thumbnailUrl":"https:\/\/www.tenutasantome.com\/wp-content\/uploads\/2020\/10\/Santom\u00e8-Aprile-2019-1-e1603710659228.jpg","datePublished":"2018-07-03T11:02:27+00:00","dateModified":"2020-10-26T11:12:18+00:00","description":"Unser Weingut umfasst alle Schritte der Weinherstellung, von der Bestellung der umliegenden Weing\u00e4rten bis zum Auspressen und Keltern der Trauben, von der Weinbereitung bis...","breadcrumb":{"@id":"https:\/\/www.tenutasantome.com\/de\/la-cantina\/#breadcrumb"},"inLanguage":"de","potentialAction":[{"@type":"ReadAction","target":[["https:\/\/www.tenutasantome.com\/de\/la-cantina\/"]]}]},{"@type":"ImageObject","inLanguage":"de","@id":"https:\/\/www.tenutasantome.com\/de\/la-cantina\/#primaryimage","url":"https:\/\/www.tenutasantome.com\/wp-content\/uploads\/2020\/10\/Santom\u00e8-Aprile-2019-1-e1603710659228.jpg","contentUrl":"https:\/\/www.tenutasantome.com\/wp-content\/uploads\/2020\/10\/Santom\u00e8-Aprile-2019-1-e1603710659228.jpg","width":2049,"height":1024,"caption":"created by dji camera"},{"@type":"BreadcrumbList","@id":"https:\/\/www.tenutasantome.com\/de\/la-cantina\/#breadcrumb","itemListElement":[{"@type":"ListItem","position":1,"name":"Home","item":"https:\/\/www.tenutasantome.com\/de\/"},{"@type":"ListItem","position":2,"name":"La Cantina"}]},{"@type":"WebSite","@id":"https:\/\/www.tenutasantome.com\/de\/#website","url":"https:\/\/www.tenutasantome.com\/de\/","name":"Santom\u00e8","description":"Weine, meetings und resort","potentialAction":[{"@type":"SearchAction","target":{"@type":"EntryPoint","urlTemplate":"https:\/\/www.tenutasantome.com\/de\/?s={search_term_string}"},"query-input":{"@type":"PropertyValueSpecification","valueRequired":true,"valueName":"search_term_string"}}],"inLanguage":"de"}]}},"_links":{"self":[{"href":"https:\/\/www.tenutasantome.com\/de\/wp-json\/wp\/v2\/pages\/530","targetHints":{"allow":["GET"]}}],"collection":[{"href":"https:\/\/www.tenutasantome.com\/de\/wp-json\/wp\/v2\/pages"}],"about":[{"href":"https:\/\/www.tenutasantome.com\/de\/wp-json\/wp\/v2\/types\/page"}],"author":[{"embeddable":true,"href":"https:\/\/www.tenutasantome.com\/de\/wp-json\/wp\/v2\/users\/2"}],"replies":[{"embeddable":true,"href":"https:\/\/www.tenutasantome.com\/de\/wp-json\/wp\/v2\/comments?post=530"}],"version-history":[{"count":0,"href":"https:\/\/www.tenutasantome.com\/de\/wp-json\/wp\/v2\/pages\/530\/revisions"}],"wp:featuredmedia":[{"embeddable":true,"href":"https:\/\/www.tenutasantome.com\/de\/wp-json\/wp\/v2\/media\/3850"}],"wp:attachment":[{"href":"https:\/\/www.tenutasantome.com\/de\/wp-json\/wp\/v2\/media?parent=530"}],"curies":[{"name":"wp","href":"https:\/\/api.w.org\/{rel}","templated":true}]}}