{"id":421,"date":"2018-07-03T09:26:10","date_gmt":"2018-07-03T07:26:10","guid":{"rendered":"https:\/\/www.tenutasantome.com\/it\/?page_id=421"},"modified":"2019-01-15T16:04:41","modified_gmt":"2019-01-15T15:04:41","slug":"colazione","status":"publish","type":"page","link":"https:\/\/www.tenutasantome.com\/de\/colazione\/","title":{"rendered":"Fr\u00fchst\u00fcck"},"content":{"rendered":"<div class=\"wpb-content-wrapper\"><p><\/p>\n<p>[vc_row el_id=&#8221;row-overlay&#8221;][vc_column width=&#8221;1\/2&#8243;][vc_custom_heading text=&#8221;FR\u00dcHST\u00dcCK&#8221; use_theme_fonts=&#8221;yes&#8221;][vc_column_text]<strong>In unserem B&amp;B erwartet Sie ein gro\u00dfer, gem\u00fctlicher Fr\u00fchst\u00fccksraum, in dem Sie auch in ganz entspanntem Ambiente einen unserer Weine probieren k\u00f6nnen.<\/strong> Morgens erwartet Sie hier ein Fr\u00fchst\u00fcck mit einer umfangreichen Auswahl hochwertiger, frischer Produkte, hausgemachten Backwaren wie duftenden Torten und Croissants, Brot, Joghurt und Zerealien, frischem Obst der Saison, S\u00e4ften, K\u00e4se und Aufschnitt.[\/vc_column_text][\/vc_column][vc_column width=&#8221;1\/2&#8243;][\/vc_column][\/vc_row][vc_row css_animation=&#8221;fadeInUp&#8221;][vc_column][vc_column_text]Denn wir wissen, dass das Fr\u00fchst\u00fcck eine wichtige Mahlzeit f\u00fcr unser Wohlbefinden ist und uns neue Kraft verleiht, um gest\u00e4rkt in den Tag zu starten.[\/vc_column_text][\/vc_column][\/vc_row][vc_row css_animation=&#8221;fadeInUp&#8221;][vc_column css=&#8221;.vc_custom_1530274258982{background-color: #f8f7f4 !important;}&#8221;][vc_row_inner][vc_column_inner width=&#8221;1\/2&#8243;][vc_column_text]<strong>Wir servieren das Fr\u00fchst\u00fcck <\/strong>von Montag bis Freitag von 07:00 bis 09:30 Uhr, samstags und sonntags hingegen von 08:00 bis 10:00 Uhr.[\/vc_column_text][\/vc_column_inner][vc_column_inner width=&#8221;1\/2&#8243;][vc_column_text]<strong>Fr\u00fchst\u00fcck mit glutenfreien Erzeugnissen:<\/strong> wenn Sie uns schon bei der Buchung darauf hinweisen, servieren wir Ihnen w\u00e4hrend Ihres Aufenthalts auch gerne ein glutenfreies Fr\u00fchst\u00fcck.[\/vc_column_text][\/vc_column_inner][\/vc_row_inner][\/vc_column][\/vc_row][vc_row][vc_column][vc_empty_space][\/vc_column][\/vc_row][vc_row css_animation=&#8221;fadeInUp&#8221;][vc_column][vc_media_grid element_width=&#8221;3&#8243; gap=&#8221;3&#8243; grid_id=&#8221;vc_gid:1547564659143-1180921b-a8c3-8&#8243; include=&#8221;396,395,394,393,391,390,2697,2934&#8243;][\/vc_column][\/vc_row]<\/p>\n<p><\/p>\n<\/div>","protected":false},"excerpt":{"rendered":"[vc_row el_id=&#8221;row-overlay&#8221;][vc_column width=&#8221;1\/2&#8243;][vc_custom_heading text=&#8221;FR\u00dcHST\u00dcCK&#8221; use_theme_fonts=&#8221;yes&#8221;][vc_column_text]In unserem B&amp;B erwartet Sie ein gro\u00dfer, gem\u00fctlicher Fr\u00fchst\u00fccksraum, in dem Sie auch in ganz entspanntem Ambiente einen unserer Weine probieren k\u00f6nnen. Morgens erwartet Sie hier ein Fr\u00fchst\u00fcck mit einer umfangreichen Auswahl hochwertiger, frischer Produkte, hausgemachten Backwaren wie duftenden Torten und Croissants, Brot, Joghurt und Zerealien, frischem Obst der Saison, S\u00e4ften, [&hellip;]","protected":false},"author":2,"featured_media":1824,"parent":0,"menu_order":0,"comment_status":"closed","ping_status":"closed","template":"","meta":{"_acf_changed":false,"footnotes":""},"class_list":["post-421","page","type-page","status-publish","hentry"],"acf":[],"yoast_head":"<!-- This site is optimized with the Yoast SEO plugin v25.3.1 - https:\/\/yoast.com\/wordpress\/plugins\/seo\/ -->\n<title>Fr\u00fchst\u00fcck | Santom\u00e8 - Vini, meeting e resortFr\u00fchst\u00fcck | Santom\u00e8 - Wines, meetings and resortFr\u00fchst\u00fcck | Santom\u00e8 - Weine, meetings und resort<\/title>\n<meta name=\"description\" content=\"In unserem B&amp;B erwartet Sie ein gro\u00dfer, gem\u00fctlicher Fr\u00fchst\u00fccksraum, in dem Sie auch in ganz entspanntem Ambiente einen unserer Weine probieren k\u00f6nnen\" \/>\n<meta name=\"robots\" content=\"index, follow, max-snippet:-1, max-image-preview:large, max-video-preview:-1\" \/>\n<link rel=\"canonical\" href=\"https:\/\/www.tenutasantome.com\/de\/colazione\/\" \/>\n<meta property=\"og:locale\" content=\"de_DE\" \/>\n<meta property=\"og:type\" content=\"article\" \/>\n<meta property=\"og:title\" content=\"Fr\u00fchst\u00fcck | Santom\u00e8 - Vini, meeting e resortFr\u00fchst\u00fcck | Santom\u00e8 - Wines, meetings and resortFr\u00fchst\u00fcck | Santom\u00e8 - Weine, meetings und resort\" \/>\n<meta property=\"og:description\" content=\"In unserem B&amp;B erwartet Sie ein gro\u00dfer, gem\u00fctlicher Fr\u00fchst\u00fccksraum, in dem Sie auch in ganz entspanntem Ambiente einen unserer Weine probieren k\u00f6nnen\" \/>\n<meta property=\"og:url\" content=\"https:\/\/www.tenutasantome.com\/de\/colazione\/\" \/>\n<meta property=\"og:site_name\" content=\"Santom\u00e8\" \/>\n<meta property=\"article:modified_time\" content=\"2019-01-15T15:04:41+00:00\" \/>\n<meta property=\"og:image\" content=\"https:\/\/www.tenutasantome.com\/wp-content\/uploads\/2018\/11\/santome-wineresort-prenota-ora.jpg\" \/>\n\t<meta property=\"og:image:width\" content=\"1024\" \/>\n\t<meta property=\"og:image:height\" content=\"648\" \/>\n\t<meta property=\"og:image:type\" content=\"image\/jpeg\" \/>\n<meta name=\"twitter:card\" content=\"summary_large_image\" \/>\n<meta name=\"twitter:label1\" content=\"Gesch\u00e4tzte Lesezeit\" \/>\n\t<meta name=\"twitter:data1\" content=\"4\u00a0Minuten\" \/>\n<script type=\"application\/ld+json\" class=\"yoast-schema-graph\">{\"@context\":\"https:\/\/schema.org\",\"@graph\":[{\"@type\":\"WebPage\",\"@id\":\"https:\/\/www.tenutasantome.com\/de\/colazione\/\",\"url\":\"https:\/\/www.tenutasantome.com\/de\/colazione\/\",\"name\":\"Fr\u00fchst\u00fcck | Santom\u00e8 - Vini, meeting e resortFr\u00fchst\u00fcck | Santom\u00e8 - Wines, meetings and resortFr\u00fchst\u00fcck | Santom\u00e8 - Weine, meetings und resort\",\"isPartOf\":{\"@id\":\"https:\/\/www.tenutasantome.com\/de\/#website\"},\"primaryImageOfPage\":{\"@id\":\"https:\/\/www.tenutasantome.com\/de\/colazione\/#primaryimage\"},\"image\":{\"@id\":\"https:\/\/www.tenutasantome.com\/colazione\/#primaryimage\"},\"thumbnailUrl\":\"https:\/\/www.tenutasantome.com\/wp-content\/uploads\/2018\/11\/santome-wineresort-prenota-ora.jpg\",\"datePublished\":\"2018-07-03T07:26:10+00:00\",\"dateModified\":\"2019-01-15T15:04:41+00:00\",\"description\":\"In unserem B&B erwartet Sie ein gro\u00dfer, gem\u00fctlicher Fr\u00fchst\u00fccksraum, in dem Sie auch in ganz entspanntem Ambiente einen unserer Weine probieren k\u00f6nnen\",\"breadcrumb\":{\"@id\":\"https:\/\/www.tenutasantome.com\/de\/colazione\/#breadcrumb\"},\"inLanguage\":\"de\",\"potentialAction\":[{\"@type\":\"ReadAction\",\"target\":[[\"https:\/\/www.tenutasantome.com\/de\/colazione\/\"]]}]},{\"@type\":\"ImageObject\",\"inLanguage\":\"de\",\"@id\":\"https:\/\/www.tenutasantome.com\/de\/colazione\/#primaryimage\",\"url\":\"https:\/\/www.tenutasantome.com\/wp-content\/uploads\/2018\/11\/santome-wineresort-prenota-ora.jpg\",\"contentUrl\":\"https:\/\/www.tenutasantome.com\/wp-content\/uploads\/2018\/11\/santome-wineresort-prenota-ora.jpg\",\"width\":1024,\"height\":648},{\"@type\":\"BreadcrumbList\",\"@id\":\"https:\/\/www.tenutasantome.com\/de\/colazione\/#breadcrumb\",\"itemListElement\":[{\"@type\":\"ListItem\",\"position\":1,\"name\":\"Home\",\"item\":\"https:\/\/www.tenutasantome.com\/de\/\"},{\"@type\":\"ListItem\",\"position\":2,\"name\":\"Colazione\"}]},{\"@type\":\"WebSite\",\"@id\":\"https:\/\/www.tenutasantome.com\/de\/#website\",\"url\":\"https:\/\/www.tenutasantome.com\/de\/\",\"name\":\"Santom\u00e8\",\"description\":\"Weine, meetings und resort\",\"potentialAction\":[{\"@type\":\"SearchAction\",\"target\":{\"@type\":\"EntryPoint\",\"urlTemplate\":\"https:\/\/www.tenutasantome.com\/de\/?s={search_term_string}\"},\"query-input\":{\"@type\":\"PropertyValueSpecification\",\"valueRequired\":true,\"valueName\":\"search_term_string\"}}],\"inLanguage\":\"de\"}]}<\/script>\n<!-- \/ Yoast SEO plugin. -->","yoast_head_json":{"title":"Fr\u00fchst\u00fcck | Santom\u00e8 - Vini, meeting e resortFr\u00fchst\u00fcck | Santom\u00e8 - Wines, meetings and resortFr\u00fchst\u00fcck | Santom\u00e8 - Weine, meetings und resort","description":"In unserem B&B erwartet Sie ein gro\u00dfer, gem\u00fctlicher Fr\u00fchst\u00fccksraum, in dem Sie auch in ganz entspanntem Ambiente einen unserer Weine probieren k\u00f6nnen","robots":{"index":"index","follow":"follow","max-snippet":"max-snippet:-1","max-image-preview":"max-image-preview:large","max-video-preview":"max-video-preview:-1"},"canonical":"https:\/\/www.tenutasantome.com\/de\/colazione\/","og_locale":"de_DE","og_type":"article","og_title":"Fr\u00fchst\u00fcck | Santom\u00e8 - Vini, meeting e resortFr\u00fchst\u00fcck | Santom\u00e8 - Wines, meetings and resortFr\u00fchst\u00fcck | Santom\u00e8 - Weine, meetings und resort","og_description":"In unserem B&B erwartet Sie ein gro\u00dfer, gem\u00fctlicher Fr\u00fchst\u00fccksraum, in dem Sie auch in ganz entspanntem Ambiente einen unserer Weine probieren k\u00f6nnen","og_url":"https:\/\/www.tenutasantome.com\/de\/colazione\/","og_site_name":"Santom\u00e8","article_modified_time":"2019-01-15T15:04:41+00:00","og_image":[{"width":1024,"height":648,"url":"https:\/\/www.tenutasantome.com\/wp-content\/uploads\/2018\/11\/santome-wineresort-prenota-ora.jpg","type":"image\/jpeg"}],"twitter_card":"summary_large_image","twitter_misc":{"Gesch\u00e4tzte Lesezeit":"4\u00a0Minuten"},"schema":{"@context":"https:\/\/schema.org","@graph":[{"@type":"WebPage","@id":"https:\/\/www.tenutasantome.com\/de\/colazione\/","url":"https:\/\/www.tenutasantome.com\/de\/colazione\/","name":"Fr\u00fchst\u00fcck | Santom\u00e8 - Vini, meeting e resortFr\u00fchst\u00fcck | Santom\u00e8 - Wines, meetings and resortFr\u00fchst\u00fcck | Santom\u00e8 - Weine, meetings und resort","isPartOf":{"@id":"https:\/\/www.tenutasantome.com\/de\/#website"},"primaryImageOfPage":{"@id":"https:\/\/www.tenutasantome.com\/de\/colazione\/#primaryimage"},"image":{"@id":"https:\/\/www.tenutasantome.com\/colazione\/#primaryimage"},"thumbnailUrl":"https:\/\/www.tenutasantome.com\/wp-content\/uploads\/2018\/11\/santome-wineresort-prenota-ora.jpg","datePublished":"2018-07-03T07:26:10+00:00","dateModified":"2019-01-15T15:04:41+00:00","description":"In unserem B&B erwartet Sie ein gro\u00dfer, gem\u00fctlicher Fr\u00fchst\u00fccksraum, in dem Sie auch in ganz entspanntem Ambiente einen unserer Weine probieren k\u00f6nnen","breadcrumb":{"@id":"https:\/\/www.tenutasantome.com\/de\/colazione\/#breadcrumb"},"inLanguage":"de","potentialAction":[{"@type":"ReadAction","target":[["https:\/\/www.tenutasantome.com\/de\/colazione\/"]]}]},{"@type":"ImageObject","inLanguage":"de","@id":"https:\/\/www.tenutasantome.com\/de\/colazione\/#primaryimage","url":"https:\/\/www.tenutasantome.com\/wp-content\/uploads\/2018\/11\/santome-wineresort-prenota-ora.jpg","contentUrl":"https:\/\/www.tenutasantome.com\/wp-content\/uploads\/2018\/11\/santome-wineresort-prenota-ora.jpg","width":1024,"height":648},{"@type":"BreadcrumbList","@id":"https:\/\/www.tenutasantome.com\/de\/colazione\/#breadcrumb","itemListElement":[{"@type":"ListItem","position":1,"name":"Home","item":"https:\/\/www.tenutasantome.com\/de\/"},{"@type":"ListItem","position":2,"name":"Colazione"}]},{"@type":"WebSite","@id":"https:\/\/www.tenutasantome.com\/de\/#website","url":"https:\/\/www.tenutasantome.com\/de\/","name":"Santom\u00e8","description":"Weine, meetings und resort","potentialAction":[{"@type":"SearchAction","target":{"@type":"EntryPoint","urlTemplate":"https:\/\/www.tenutasantome.com\/de\/?s={search_term_string}"},"query-input":{"@type":"PropertyValueSpecification","valueRequired":true,"valueName":"search_term_string"}}],"inLanguage":"de"}]}},"_links":{"self":[{"href":"https:\/\/www.tenutasantome.com\/de\/wp-json\/wp\/v2\/pages\/421","targetHints":{"allow":["GET"]}}],"collection":[{"href":"https:\/\/www.tenutasantome.com\/de\/wp-json\/wp\/v2\/pages"}],"about":[{"href":"https:\/\/www.tenutasantome.com\/de\/wp-json\/wp\/v2\/types\/page"}],"author":[{"embeddable":true,"href":"https:\/\/www.tenutasantome.com\/de\/wp-json\/wp\/v2\/users\/2"}],"replies":[{"embeddable":true,"href":"https:\/\/www.tenutasantome.com\/de\/wp-json\/wp\/v2\/comments?post=421"}],"version-history":[{"count":0,"href":"https:\/\/www.tenutasantome.com\/de\/wp-json\/wp\/v2\/pages\/421\/revisions"}],"wp:featuredmedia":[{"embeddable":true,"href":"https:\/\/www.tenutasantome.com\/de\/wp-json\/wp\/v2\/media\/1824"}],"wp:attachment":[{"href":"https:\/\/www.tenutasantome.com\/de\/wp-json\/wp\/v2\/media?parent=421"}],"curies":[{"name":"wp","href":"https:\/\/api.w.org\/{rel}","templated":true}]}}