{"id":3745,"date":"2020-07-17T17:32:55","date_gmt":"2020-07-17T15:32:55","guid":{"rendered":"https:\/\/www.tenutasantome.com\/it\/?page_id=3745"},"modified":"2021-02-24T16:54:38","modified_gmt":"2021-02-24T15:54:38","slug":"raboso-piave","status":"publish","type":"page","link":"https:\/\/www.tenutasantome.com\/de\/raboso-piave\/","title":{"rendered":"Raboso Piave"},"content":{"rendered":"<div class=\"wpb-content-wrapper\"><p>[vc_row el_id=&#8221;row-overlay&#8221;][vc_column width=&#8221;1\/2&#8243;][vc_custom_heading text=&#8221;RABOSO PIAVE \u2013 EINHEIMISCHE REBSORTE AUS TREVISO&#8221; use_theme_fonts=&#8221;yes&#8221;][vc_column_text]Hier in Santom\u00e8 engagieren wir uns mit gro\u00dfem Einsatz f\u00fcr die Produktion einer historischen einheimischen Traube, mit der die Provinz Treviso seit langem verbunden ist: <strong>Raboso Piave<\/strong>.<\/p>\n<p><strong>Einheimische Rebsorten<\/strong> sind solche, die ausschlie\u00dflich in ihrem Ursprungsgebiet angebaut werden. Die Besonderheit der angebauten Weine entsteht also durch die Bodenbeschaffenheit und die klimatischen Bedingungen, die ihre Herkunft kennzeichnen. Diese Faktoren erzeugen die spezifischen organoleptischen Eigenschaften, die die einheimischen Weine einzigartig und unverwechselbar machen. Daher sind diese Weine an bestimmte Gebiete gebunden, die geographisch nicht sehr ausgedehnt sind.<\/p>\n<p>Italien kann mehr als 600 einheimische Rebsorten z\u00e4hlen, von denen mehr als 50 in der Region Venetien zu finden sind. Dazu geh\u00f6ren bekannte Namen wie <strong>Glera<\/strong> (f\u00fcr die Herstellung von Prosecco), Corvina Veronese und Rondinella (f\u00fcr die Herstellung von Amarone) und solche, die eher &#8220;Nischen&#8221; in ihrer Anziehungskraft sind, wie <strong>Raboso<\/strong>, Incrocio Manzoni und Verduzzo.[\/vc_column_text][\/vc_column][vc_column width=&#8221;1\/2&#8243;][vc_row_inner][vc_column_inner][\/vc_column_inner][\/vc_row_inner][\/vc_column][\/vc_row][vc_row css_animation=&#8221;fadeInUp&#8221;][vc_column width=&#8221;1\/2&#8243; css=&#8221;.vc_custom_1534145666424{padding-left: 20px !important;}&#8221;][vc_single_image image=&#8221;3770&#8243; img_size=&#8221;full&#8221; onclick=&#8221;link_image&#8221; css=&#8221;.vc_custom_1596090987220{padding-left: 20px !important;}&#8221;][\/vc_column][vc_column width=&#8221;1\/2&#8243;][vc_column_text]<strong>Raboso Piave<\/strong> ist die einzige einheimische rote Rebsorte, die in der Provinz Treviso angebaut wird.<\/p>\n<p>Seine Urspr\u00fcnge scheinen vor der R\u00f6merzeit zu liegen. Dank seiner nat\u00fcrlichen F\u00e4higkeit, Krankheiten wie Peronospora und Reblaus zu widerstehen, wurde Raboso jahrhundertelang die am h\u00e4ufigsten angebaute Rebsorte in Treviso.<\/p>\n<p><strong>Raboso Piave<\/strong> ist eine robuste, sp\u00e4t reifende Rebe. Die Weinlese &#8211; die vollst\u00e4ndig von Hand erfolgt ist &#8211; findet zwischen Ende Oktober und Anfang November statt.<\/p>\n<p>Um einen scharfen, vollmundigen Raboso (insbesondere tanninhaltigen Wein) zu erhalten, ist eine optimale und sorgf\u00e4ltige Weinbereitung erforderlich. Es ist ein Wein, der perfekt an die langsame Reifung in Holzf\u00e4ssern angepasst ist: Ein Alterungsprozess, der seine S\u00e4ure unterdr\u00fcckt und sein typisches Bouquet hervorhebt.<\/p>\n<p>Sein Hauptmerkmal ist die unverkennbare S\u00e4ure.<\/p>\n<p>Tats\u00e4chlich war der Raboso dank dieser ausgepr\u00e4gten S\u00e4ure in der Vergangenheit der einzige Wein, der von der ber\u00fchmten und m\u00e4chtigen Republik Venedig (Serenissima 697-1797), die 500 Jahre lang den Handel im Mittelmeerraum beherrschte, auf ihren Reisen nach Osten verwendet wurde. Daher nannten ihn die venezianischen Seefahrer \u201evin de viajo\u201c (= reisef\u00e4higer Wein), weil er am widerstandsf\u00e4higsten gegen Alterung und lange Reisen war.[\/vc_column_text][\/vc_column][\/vc_row][vc_row css_animation=&#8221;fadeInUp&#8221; el_class=&#8221;row-raboso-piave&#8221;][vc_column]\n<div class=\"wines-row-container\">\n\t\t\t\t\t\t\t\n\t\t\t\t\n\t\t\t\t\t\t\t<div class=\"row row-wines\">\n\t\t\t\t\t\t\t\n\t\t\t\t\t\t\t\t\n\t\t\t\t\t\n\t\t\t\t<div class=\"col-md-3 col-sm-6 col-xs-12 col-single-wine-container wpb_content_element wpb_animate_when_almost_visible wpb_fadeInUp fadeInUp animated wpb_start_animation\">\n\t\t\t\t\t<div class=\"col-single-wine\">\n\t\t\t\t\t\t<div class=\"wine-image text-center\">\n\t\t\t\t\t\t\t<a href=\"https:\/\/www.tenutasantome.com\/de\/wines\/raboso-parcel-912\/\">\n\t\t\t\t\t\t\t\t\t\t\t\t\t\t\t\t\t<img loading=\"lazy\" decoding=\"async\" width=\"133\" height=\"300\" src=\"https:\/\/www.tenutasantome.com\/wp-content\/uploads\/2018\/07\/16-Raboso-Parcel-912-133x300.png\" class=\"img-responsive wp-post-image\" alt=\"\" srcset=\"https:\/\/www.tenutasantome.com\/wp-content\/uploads\/2018\/07\/16-Raboso-Parcel-912-133x300.png 133w, https:\/\/www.tenutasantome.com\/wp-content\/uploads\/2018\/07\/16-Raboso-Parcel-912.png 444w\" sizes=\"auto, (max-width: 133px) 100vw, 133px\" \/>\t\t\t\t\t\t\t\t\t\t\t\t\t\t\t<\/a>\n\t\t\t\t\t\t<\/div>\n\t\t\t\t\t\t<div class=\"wine-title text-center\">\n\t\t\t\t\t\t\t<a href=\"https:\/\/www.tenutasantome.com\/de\/wines\/raboso-parcel-912\/\">Raboso <br>Parcel #912<\/a>\n\t\t\t\t\t\t<\/div>\n\t\t\t\t\t\t<div class=\"wine-denomination text-center\">\n\t\t\t\t\t\t\tDoc Piave\t\t\t\t\t\t<\/div>\n\t\t\t\t\t\t<div class=\"wine-divider\"><\/div>\n\t\t\t\t\t\t<div class=\"wine-alcol text-center\">\n\t\t\t\t\t\t\t14.50% vol. Alc.\n\t\t\t\t\t\t<\/div>\n\t\t\t\t\t\t<div class=\"wine-link text-center\">\n\t\t\t\t\t\t\t<a href=\"https:\/\/www.tenutasantome.com\/de\/wines\/raboso-parcel-912\/\">\n\t\t\t\t\t\t\t\tEntdecken <i class=\"fa fa-chevron-right\" aria-hidden=\"true\"><\/i>\n\t\t\t\t\t\t\t<\/a>\n\t\t\t\t\t\t<\/div>\n\t\t\t\t\t<\/div>\n\t\t\t\t<\/div>\n\t\t\t\n\t\t\t\t\n\t\t\t\n\t\t<\/div>\t\t\n\t\t\t<\/div>[\/vc_column][\/vc_row][vc_row css_animation=&#8221;fadeInUp&#8221;][vc_column][vc_empty_space height=&#8221;50px&#8221;][\/vc_column][\/vc_row][vc_row css_animation=&#8221;fadeInUp&#8221;][vc_column][vc_column_text el_class=&#8221;h4-h5-block-interline&#8221;]<\/p>\n<h5 style=\"text-align: center;\">RABOSO DOC PIAVE<\/h5>\n<h4 style=\"text-align: center;\">CARBONCINE WEINGARTEN<\/h4>\n<p>[\/vc_column_text][vc_column_text]Santom\u00e8 hat entschieden, dieser Rebe 2,50 Hektar zu reservieren, nachdem ein sehr geeigneter Boden in Roncade identifiziert wurde: Parzelle 912 (65% Lehm und Caranto &#8211; einem f\u00fcr Venetien typischen, kompakten sand- und lehmhaltigen Konglomerat aus dem Meeresboden mit Kalkzement aus den Dolomiten). Die Weing\u00e4rten sind dicht mit 5000 Reben pro Hektar bepflanzt, die durchschnittlich 100 Doppelzentner pro Hektar produzieren (mehr oder weniger 2 kg pro Pflanze).[\/vc_column_text][\/vc_column][\/vc_row][vc_row css_animation=&#8221;fadeInUp&#8221;][vc_column][vc_media_grid element_width=&#8221;3&#8243; gap=&#8221;3&#8243; grid_id=&#8221;vc_gid:1614182049955-2b21b704-5a02-6&#8243; include=&#8221;3747,3748,3749,3750&#8243;][\/vc_column][\/vc_row][vc_row css_animation=&#8221;fadeInUp&#8221;][vc_column][vc_empty_space height=&#8221;50px&#8221;][\/vc_column][\/vc_row]<\/p>\n<\/div>","protected":false},"excerpt":{"rendered":"[vc_row el_id=&#8221;row-overlay&#8221;][vc_column width=&#8221;1\/2&#8243;][vc_custom_heading text=&#8221;RABOSO PIAVE \u2013 EINHEIMISCHE REBSORTE AUS TREVISO&#8221; use_theme_fonts=&#8221;yes&#8221;][vc_column_text]Hier in Santom\u00e8 engagieren wir uns mit gro\u00dfem Einsatz f\u00fcr die Produktion einer historischen einheimischen Traube, mit der die Provinz Treviso seit langem verbunden ist: Raboso Piave. Einheimische Rebsorten sind solche, die ausschlie\u00dflich in ihrem Ursprungsgebiet angebaut werden. Die Besonderheit der angebauten Weine entsteht also [&hellip;]","protected":false},"author":2,"featured_media":1629,"parent":0,"menu_order":0,"comment_status":"closed","ping_status":"closed","template":"","meta":{"_acf_changed":false,"footnotes":""},"class_list":["post-3745","page","type-page","status-publish","hentry"],"acf":[],"yoast_head":"<!-- This site is optimized with the Yoast SEO plugin v25.3.1 - https:\/\/yoast.com\/wordpress\/plugins\/seo\/ -->\n<title>Raboso Piave | Santom\u00e8 - Weine, meetings und resort<\/title>\n<meta name=\"description\" content=\"Das Weingut Tenuta Santom\u00e8 erzeugt auf 27 Hektar Weing\u00e4rten erstklassigen Prosecco DOCG und Doc Treviso, sowohl als Brut als auch als Extra Dry.\" \/>\n<meta name=\"robots\" content=\"index, follow, max-snippet:-1, max-image-preview:large, max-video-preview:-1\" \/>\n<link rel=\"canonical\" href=\"https:\/\/www.tenutasantome.com\/de\/raboso-piave\/\" \/>\n<meta property=\"og:locale\" content=\"de_DE\" \/>\n<meta property=\"og:type\" content=\"article\" \/>\n<meta property=\"og:title\" content=\"Raboso Piave | Santom\u00e8 - Weine, meetings und resort\" \/>\n<meta property=\"og:description\" content=\"Das Weingut Tenuta Santom\u00e8 erzeugt auf 27 Hektar Weing\u00e4rten erstklassigen Prosecco DOCG und Doc Treviso, sowohl als Brut als auch als Extra Dry.\" \/>\n<meta property=\"og:url\" content=\"https:\/\/www.tenutasantome.com\/de\/raboso-piave\/\" \/>\n<meta property=\"og:site_name\" content=\"Santom\u00e8\" \/>\n<meta property=\"article:modified_time\" content=\"2021-02-24T15:54:38+00:00\" \/>\n<meta property=\"og:image\" content=\"https:\/\/www.tenutasantome.com\/wp-content\/uploads\/2018\/07\/banner-Raboso.jpg\" \/>\n\t<meta property=\"og:image:width\" content=\"1920\" \/>\n\t<meta property=\"og:image:height\" content=\"1046\" \/>\n\t<meta property=\"og:image:type\" content=\"image\/jpeg\" \/>\n<meta name=\"twitter:card\" content=\"summary_large_image\" \/>\n<meta name=\"twitter:label1\" content=\"Gesch\u00e4tzte Lesezeit\" \/>\n\t<meta name=\"twitter:data1\" content=\"10\u00a0Minuten\" \/>\n<script type=\"application\/ld+json\" class=\"yoast-schema-graph\">{\"@context\":\"https:\/\/schema.org\",\"@graph\":[{\"@type\":\"WebPage\",\"@id\":\"https:\/\/www.tenutasantome.com\/de\/raboso-piave\/\",\"url\":\"https:\/\/www.tenutasantome.com\/de\/raboso-piave\/\",\"name\":\"Raboso Piave | Santom\u00e8 - Weine, meetings und resort\",\"isPartOf\":{\"@id\":\"https:\/\/www.tenutasantome.com\/de\/#website\"},\"primaryImageOfPage\":{\"@id\":\"https:\/\/www.tenutasantome.com\/de\/raboso-piave\/#primaryimage\"},\"image\":{\"@id\":\"https:\/\/www.tenutasantome.com\/raboso-piave\/#primaryimage\"},\"thumbnailUrl\":\"https:\/\/www.tenutasantome.com\/wp-content\/uploads\/2018\/07\/banner-Raboso.jpg\",\"datePublished\":\"2020-07-17T15:32:55+00:00\",\"dateModified\":\"2021-02-24T15:54:38+00:00\",\"description\":\"Das Weingut Tenuta Santom\u00e8 erzeugt auf 27 Hektar Weing\u00e4rten erstklassigen Prosecco DOCG und Doc Treviso, sowohl als Brut als auch als Extra Dry.\",\"breadcrumb\":{\"@id\":\"https:\/\/www.tenutasantome.com\/de\/raboso-piave\/#breadcrumb\"},\"inLanguage\":\"de\",\"potentialAction\":[{\"@type\":\"ReadAction\",\"target\":[[\"https:\/\/www.tenutasantome.com\/de\/raboso-piave\/\"]]}]},{\"@type\":\"ImageObject\",\"inLanguage\":\"de\",\"@id\":\"https:\/\/www.tenutasantome.com\/de\/raboso-piave\/#primaryimage\",\"url\":\"https:\/\/www.tenutasantome.com\/wp-content\/uploads\/2018\/07\/banner-Raboso.jpg\",\"contentUrl\":\"https:\/\/www.tenutasantome.com\/wp-content\/uploads\/2018\/07\/banner-Raboso.jpg\",\"width\":1920,\"height\":1046},{\"@type\":\"BreadcrumbList\",\"@id\":\"https:\/\/www.tenutasantome.com\/de\/raboso-piave\/#breadcrumb\",\"itemListElement\":[{\"@type\":\"ListItem\",\"position\":1,\"name\":\"Home\",\"item\":\"https:\/\/www.tenutasantome.com\/de\/\"},{\"@type\":\"ListItem\",\"position\":2,\"name\":\"Raboso Piave\"}]},{\"@type\":\"WebSite\",\"@id\":\"https:\/\/www.tenutasantome.com\/de\/#website\",\"url\":\"https:\/\/www.tenutasantome.com\/de\/\",\"name\":\"Santom\u00e8\",\"description\":\"Weine, meetings und resort\",\"potentialAction\":[{\"@type\":\"SearchAction\",\"target\":{\"@type\":\"EntryPoint\",\"urlTemplate\":\"https:\/\/www.tenutasantome.com\/de\/?s={search_term_string}\"},\"query-input\":{\"@type\":\"PropertyValueSpecification\",\"valueRequired\":true,\"valueName\":\"search_term_string\"}}],\"inLanguage\":\"de\"}]}<\/script>\n<!-- \/ Yoast SEO plugin. -->","yoast_head_json":{"title":"Raboso Piave | Santom\u00e8 - Weine, meetings und resort","description":"Das Weingut Tenuta Santom\u00e8 erzeugt auf 27 Hektar Weing\u00e4rten erstklassigen Prosecco DOCG und Doc Treviso, sowohl als Brut als auch als Extra Dry.","robots":{"index":"index","follow":"follow","max-snippet":"max-snippet:-1","max-image-preview":"max-image-preview:large","max-video-preview":"max-video-preview:-1"},"canonical":"https:\/\/www.tenutasantome.com\/de\/raboso-piave\/","og_locale":"de_DE","og_type":"article","og_title":"Raboso Piave | Santom\u00e8 - Weine, meetings und resort","og_description":"Das Weingut Tenuta Santom\u00e8 erzeugt auf 27 Hektar Weing\u00e4rten erstklassigen Prosecco DOCG und Doc Treviso, sowohl als Brut als auch als Extra Dry.","og_url":"https:\/\/www.tenutasantome.com\/de\/raboso-piave\/","og_site_name":"Santom\u00e8","article_modified_time":"2021-02-24T15:54:38+00:00","og_image":[{"width":1920,"height":1046,"url":"https:\/\/www.tenutasantome.com\/wp-content\/uploads\/2018\/07\/banner-Raboso.jpg","type":"image\/jpeg"}],"twitter_card":"summary_large_image","twitter_misc":{"Gesch\u00e4tzte Lesezeit":"10\u00a0Minuten"},"schema":{"@context":"https:\/\/schema.org","@graph":[{"@type":"WebPage","@id":"https:\/\/www.tenutasantome.com\/de\/raboso-piave\/","url":"https:\/\/www.tenutasantome.com\/de\/raboso-piave\/","name":"Raboso Piave | Santom\u00e8 - Weine, meetings und resort","isPartOf":{"@id":"https:\/\/www.tenutasantome.com\/de\/#website"},"primaryImageOfPage":{"@id":"https:\/\/www.tenutasantome.com\/de\/raboso-piave\/#primaryimage"},"image":{"@id":"https:\/\/www.tenutasantome.com\/raboso-piave\/#primaryimage"},"thumbnailUrl":"https:\/\/www.tenutasantome.com\/wp-content\/uploads\/2018\/07\/banner-Raboso.jpg","datePublished":"2020-07-17T15:32:55+00:00","dateModified":"2021-02-24T15:54:38+00:00","description":"Das Weingut Tenuta Santom\u00e8 erzeugt auf 27 Hektar Weing\u00e4rten erstklassigen Prosecco DOCG und Doc Treviso, sowohl als Brut als auch als Extra Dry.","breadcrumb":{"@id":"https:\/\/www.tenutasantome.com\/de\/raboso-piave\/#breadcrumb"},"inLanguage":"de","potentialAction":[{"@type":"ReadAction","target":[["https:\/\/www.tenutasantome.com\/de\/raboso-piave\/"]]}]},{"@type":"ImageObject","inLanguage":"de","@id":"https:\/\/www.tenutasantome.com\/de\/raboso-piave\/#primaryimage","url":"https:\/\/www.tenutasantome.com\/wp-content\/uploads\/2018\/07\/banner-Raboso.jpg","contentUrl":"https:\/\/www.tenutasantome.com\/wp-content\/uploads\/2018\/07\/banner-Raboso.jpg","width":1920,"height":1046},{"@type":"BreadcrumbList","@id":"https:\/\/www.tenutasantome.com\/de\/raboso-piave\/#breadcrumb","itemListElement":[{"@type":"ListItem","position":1,"name":"Home","item":"https:\/\/www.tenutasantome.com\/de\/"},{"@type":"ListItem","position":2,"name":"Raboso Piave"}]},{"@type":"WebSite","@id":"https:\/\/www.tenutasantome.com\/de\/#website","url":"https:\/\/www.tenutasantome.com\/de\/","name":"Santom\u00e8","description":"Weine, meetings und resort","potentialAction":[{"@type":"SearchAction","target":{"@type":"EntryPoint","urlTemplate":"https:\/\/www.tenutasantome.com\/de\/?s={search_term_string}"},"query-input":{"@type":"PropertyValueSpecification","valueRequired":true,"valueName":"search_term_string"}}],"inLanguage":"de"}]}},"_links":{"self":[{"href":"https:\/\/www.tenutasantome.com\/de\/wp-json\/wp\/v2\/pages\/3745","targetHints":{"allow":["GET"]}}],"collection":[{"href":"https:\/\/www.tenutasantome.com\/de\/wp-json\/wp\/v2\/pages"}],"about":[{"href":"https:\/\/www.tenutasantome.com\/de\/wp-json\/wp\/v2\/types\/page"}],"author":[{"embeddable":true,"href":"https:\/\/www.tenutasantome.com\/de\/wp-json\/wp\/v2\/users\/2"}],"replies":[{"embeddable":true,"href":"https:\/\/www.tenutasantome.com\/de\/wp-json\/wp\/v2\/comments?post=3745"}],"version-history":[{"count":0,"href":"https:\/\/www.tenutasantome.com\/de\/wp-json\/wp\/v2\/pages\/3745\/revisions"}],"wp:featuredmedia":[{"embeddable":true,"href":"https:\/\/www.tenutasantome.com\/de\/wp-json\/wp\/v2\/media\/1629"}],"wp:attachment":[{"href":"https:\/\/www.tenutasantome.com\/de\/wp-json\/wp\/v2\/media?parent=3745"}],"curies":[{"name":"wp","href":"https:\/\/api.w.org\/{rel}","templated":true}]}}