{"id":3660,"date":"2020-07-09T10:28:53","date_gmt":"2020-07-09T08:28:53","guid":{"rendered":"https:\/\/www.tenutasantome.com\/it\/?page_id=3660"},"modified":"2020-07-29T16:41:03","modified_gmt":"2020-07-29T14:41:03","slug":"tesla","status":"publish","type":"page","link":"https:\/\/www.tenutasantome.com\/de\/tesla\/","title":{"rendered":"Destination Charging"},"content":{"rendered":"<div class=\"wpb-content-wrapper\"><p>[vc_row el_id=&#8221;row-overlay&#8221;][vc_column width=&#8221;1\/2&#8243;][vc_custom_heading text=&#8221;Laden Sie Ihre Tesla auf!&#8221; use_theme_fonts=&#8221;yes&#8221;][vc_column_text]<span style=\"font-weight: 400;\">Tesla &#8220;Destination Charging&#8221;-Standorte bieten das Aufladen von Tesla-Autos und anderen Elektrofahrzeugen in den wichtigsten Touristenorten weltweit.<br \/>\n<\/span><span style=\"font-weight: 400;\">Deshalb freut es uns, Sie dar\u00fcber zu informieren, dass Tenuta Santom\u00e8 offizieller &#8220;<strong><a href=\"https:\/\/www.tesla.com\/en_GB\/findus\/location\/charger\/dc19375?redirect=no\" target=\"_blank\" rel=\"noopener noreferrer\" class=\"broken_link\">Charging Destination<\/a> <\/strong>&#8221; Partner von Tesla geworden ist.\u00a0<\/span>[\/vc_column_text][vc_row_inner][vc_column_inner width=&#8221;1\/2&#8243;][vc_single_image image=&#8221;3671&#8243; img_size=&#8221;full&#8221;][\/vc_column_inner][vc_column_inner width=&#8221;1\/2&#8243;][\/vc_column_inner][\/vc_row_inner][\/vc_column][vc_column width=&#8221;1\/2&#8243;][\/vc_column][\/vc_row][vc_row css_animation=&#8221;fadeInUp&#8221;][vc_column][vc_column_text]<span style=\"font-weight: 400;\">Dank unserer Mitgliedschaft im Tesla Destination Charge-Netzwerk ist es f\u00fcr Tesla-Besitzer noch einfacher, unser Weingut zu besuchen und ihre Freizeit in unserem Wine Resort zu genie\u00dfen.<\/span><\/p>\n<p><span style=\"font-weight: 400;\">Wir verf\u00fcgen \u00fcber 2 Tesla-Ladestationen und eine Universal-Ladestation, die f\u00fcr unsere G\u00e4ste kostenlos zur Verf\u00fcgung stehen.\u00a0<\/span><\/p>\n<p><span style=\"font-weight: 400;\">Wir sind stolz darauf, mit Tesla zusammenzuarbeiten und zum Schutz der Umwelt beizutragen.<\/span>[\/vc_column_text][vc_empty_space height=&#8221;40px&#8221;][\/vc_column][\/vc_row][vc_row css_animation=&#8221;fadeInUp&#8221;][vc_column][vc_media_grid grid_id=&#8221;vc_gid:1596033630549-5dc7243b-a5f7-10&#8243; include=&#8221;3661,3662,3663&#8243;][\/vc_column][\/vc_row]<\/p>\n<\/div>","protected":false},"excerpt":{"rendered":"[vc_row el_id=&#8221;row-overlay&#8221;][vc_column width=&#8221;1\/2&#8243;][vc_custom_heading text=&#8221;Laden Sie Ihre Tesla auf!&#8221; use_theme_fonts=&#8221;yes&#8221;][vc_column_text]Tesla &#8220;Destination Charging&#8221;-Standorte bieten das Aufladen von Tesla-Autos und anderen Elektrofahrzeugen in den wichtigsten Touristenorten weltweit. Deshalb freut es uns, Sie dar\u00fcber zu informieren, dass Tenuta Santom\u00e8 offizieller &#8220;Charging Destination &#8221; Partner von Tesla geworden ist.\u00a0[\/vc_column_text][vc_row_inner][vc_column_inner width=&#8221;1\/2&#8243;][vc_single_image image=&#8221;3671&#8243; img_size=&#8221;full&#8221;][\/vc_column_inner][vc_column_inner width=&#8221;1\/2&#8243;][\/vc_column_inner][\/vc_row_inner][\/vc_column][vc_column width=&#8221;1\/2&#8243;][\/vc_column][\/vc_row][vc_row css_animation=&#8221;fadeInUp&#8221;][vc_column][vc_column_text]Dank unserer Mitgliedschaft im Tesla Destination [&hellip;]","protected":false},"author":2,"featured_media":3669,"parent":0,"menu_order":0,"comment_status":"closed","ping_status":"closed","template":"","meta":{"_acf_changed":false,"footnotes":""},"class_list":["post-3660","page","type-page","status-publish","hentry"],"acf":[],"yoast_head":"<!-- This site is optimized with the Yoast SEO plugin v25.3.1 - https:\/\/yoast.com\/wordpress\/plugins\/seo\/ -->\n<title>Destination Charging | Santom\u00e8 - Weine, meetings und resort<\/title>\n<meta name=\"description\" content=\"Unser Weingut umfasst alle Schritte der Weinherstellung, von der Bestellung der umliegenden Weing\u00e4rten bis zum Auspressen und Keltern der Trauben, von der Weinbereitung bis...\" \/>\n<meta name=\"robots\" content=\"index, follow, max-snippet:-1, max-image-preview:large, max-video-preview:-1\" \/>\n<link rel=\"canonical\" href=\"https:\/\/www.tenutasantome.com\/de\/tesla\/\" \/>\n<meta property=\"og:locale\" content=\"de_DE\" \/>\n<meta property=\"og:type\" content=\"article\" \/>\n<meta property=\"og:title\" content=\"Destination Charging | Santom\u00e8 - Weine, meetings und resort\" \/>\n<meta property=\"og:description\" content=\"Unser Weingut umfasst alle Schritte der Weinherstellung, von der Bestellung der umliegenden Weing\u00e4rten bis zum Auspressen und Keltern der Trauben, von der Weinbereitung bis...\" \/>\n<meta property=\"og:url\" content=\"https:\/\/www.tenutasantome.com\/de\/tesla\/\" \/>\n<meta property=\"og:site_name\" content=\"Santom\u00e8\" \/>\n<meta property=\"article:modified_time\" content=\"2020-07-29T14:41:03+00:00\" \/>\n<meta property=\"og:image\" content=\"https:\/\/www.tenutasantome.com\/wp-content\/uploads\/2020\/07\/banner_tesla.jpg\" \/>\n\t<meta property=\"og:image:width\" content=\"2000\" \/>\n\t<meta property=\"og:image:height\" content=\"714\" \/>\n\t<meta property=\"og:image:type\" content=\"image\/jpeg\" \/>\n<meta name=\"twitter:card\" content=\"summary_large_image\" \/>\n<meta name=\"twitter:label1\" content=\"Gesch\u00e4tzte Lesezeit\" \/>\n\t<meta name=\"twitter:data1\" content=\"3\u00a0Minuten\" \/>\n<script type=\"application\/ld+json\" class=\"yoast-schema-graph\">{\"@context\":\"https:\/\/schema.org\",\"@graph\":[{\"@type\":\"WebPage\",\"@id\":\"https:\/\/www.tenutasantome.com\/de\/tesla\/\",\"url\":\"https:\/\/www.tenutasantome.com\/de\/tesla\/\",\"name\":\"Destination Charging | Santom\u00e8 - Weine, meetings und resort\",\"isPartOf\":{\"@id\":\"https:\/\/www.tenutasantome.com\/de\/#website\"},\"primaryImageOfPage\":{\"@id\":\"https:\/\/www.tenutasantome.com\/de\/tesla\/#primaryimage\"},\"image\":{\"@id\":\"https:\/\/www.tenutasantome.com\/tesla\/#primaryimage\"},\"thumbnailUrl\":\"https:\/\/www.tenutasantome.com\/wp-content\/uploads\/2020\/07\/banner_tesla.jpg\",\"datePublished\":\"2020-07-09T08:28:53+00:00\",\"dateModified\":\"2020-07-29T14:41:03+00:00\",\"description\":\"Unser Weingut umfasst alle Schritte der Weinherstellung, von der Bestellung der umliegenden Weing\u00e4rten bis zum Auspressen und Keltern der Trauben, von der Weinbereitung bis...\",\"breadcrumb\":{\"@id\":\"https:\/\/www.tenutasantome.com\/de\/tesla\/#breadcrumb\"},\"inLanguage\":\"de\",\"potentialAction\":[{\"@type\":\"ReadAction\",\"target\":[[\"https:\/\/www.tenutasantome.com\/de\/tesla\/\"]]}]},{\"@type\":\"ImageObject\",\"inLanguage\":\"de\",\"@id\":\"https:\/\/www.tenutasantome.com\/de\/tesla\/#primaryimage\",\"url\":\"https:\/\/www.tenutasantome.com\/wp-content\/uploads\/2020\/07\/banner_tesla.jpg\",\"contentUrl\":\"https:\/\/www.tenutasantome.com\/wp-content\/uploads\/2020\/07\/banner_tesla.jpg\",\"width\":2000,\"height\":714},{\"@type\":\"BreadcrumbList\",\"@id\":\"https:\/\/www.tenutasantome.com\/de\/tesla\/#breadcrumb\",\"itemListElement\":[{\"@type\":\"ListItem\",\"position\":1,\"name\":\"Home\",\"item\":\"https:\/\/www.tenutasantome.com\/de\/\"},{\"@type\":\"ListItem\",\"position\":2,\"name\":\"Destination Charging\"}]},{\"@type\":\"WebSite\",\"@id\":\"https:\/\/www.tenutasantome.com\/de\/#website\",\"url\":\"https:\/\/www.tenutasantome.com\/de\/\",\"name\":\"Santom\u00e8\",\"description\":\"Weine, meetings und resort\",\"potentialAction\":[{\"@type\":\"SearchAction\",\"target\":{\"@type\":\"EntryPoint\",\"urlTemplate\":\"https:\/\/www.tenutasantome.com\/de\/?s={search_term_string}\"},\"query-input\":{\"@type\":\"PropertyValueSpecification\",\"valueRequired\":true,\"valueName\":\"search_term_string\"}}],\"inLanguage\":\"de\"}]}<\/script>\n<!-- \/ Yoast SEO plugin. -->","yoast_head_json":{"title":"Destination Charging | Santom\u00e8 - Weine, meetings und resort","description":"Unser Weingut umfasst alle Schritte der Weinherstellung, von der Bestellung der umliegenden Weing\u00e4rten bis zum Auspressen und Keltern der Trauben, von der Weinbereitung bis...","robots":{"index":"index","follow":"follow","max-snippet":"max-snippet:-1","max-image-preview":"max-image-preview:large","max-video-preview":"max-video-preview:-1"},"canonical":"https:\/\/www.tenutasantome.com\/de\/tesla\/","og_locale":"de_DE","og_type":"article","og_title":"Destination Charging | Santom\u00e8 - Weine, meetings und resort","og_description":"Unser Weingut umfasst alle Schritte der Weinherstellung, von der Bestellung der umliegenden Weing\u00e4rten bis zum Auspressen und Keltern der Trauben, von der Weinbereitung bis...","og_url":"https:\/\/www.tenutasantome.com\/de\/tesla\/","og_site_name":"Santom\u00e8","article_modified_time":"2020-07-29T14:41:03+00:00","og_image":[{"width":2000,"height":714,"url":"https:\/\/www.tenutasantome.com\/wp-content\/uploads\/2020\/07\/banner_tesla.jpg","type":"image\/jpeg"}],"twitter_card":"summary_large_image","twitter_misc":{"Gesch\u00e4tzte Lesezeit":"3\u00a0Minuten"},"schema":{"@context":"https:\/\/schema.org","@graph":[{"@type":"WebPage","@id":"https:\/\/www.tenutasantome.com\/de\/tesla\/","url":"https:\/\/www.tenutasantome.com\/de\/tesla\/","name":"Destination Charging | Santom\u00e8 - Weine, meetings und resort","isPartOf":{"@id":"https:\/\/www.tenutasantome.com\/de\/#website"},"primaryImageOfPage":{"@id":"https:\/\/www.tenutasantome.com\/de\/tesla\/#primaryimage"},"image":{"@id":"https:\/\/www.tenutasantome.com\/tesla\/#primaryimage"},"thumbnailUrl":"https:\/\/www.tenutasantome.com\/wp-content\/uploads\/2020\/07\/banner_tesla.jpg","datePublished":"2020-07-09T08:28:53+00:00","dateModified":"2020-07-29T14:41:03+00:00","description":"Unser Weingut umfasst alle Schritte der Weinherstellung, von der Bestellung der umliegenden Weing\u00e4rten bis zum Auspressen und Keltern der Trauben, von der Weinbereitung bis...","breadcrumb":{"@id":"https:\/\/www.tenutasantome.com\/de\/tesla\/#breadcrumb"},"inLanguage":"de","potentialAction":[{"@type":"ReadAction","target":[["https:\/\/www.tenutasantome.com\/de\/tesla\/"]]}]},{"@type":"ImageObject","inLanguage":"de","@id":"https:\/\/www.tenutasantome.com\/de\/tesla\/#primaryimage","url":"https:\/\/www.tenutasantome.com\/wp-content\/uploads\/2020\/07\/banner_tesla.jpg","contentUrl":"https:\/\/www.tenutasantome.com\/wp-content\/uploads\/2020\/07\/banner_tesla.jpg","width":2000,"height":714},{"@type":"BreadcrumbList","@id":"https:\/\/www.tenutasantome.com\/de\/tesla\/#breadcrumb","itemListElement":[{"@type":"ListItem","position":1,"name":"Home","item":"https:\/\/www.tenutasantome.com\/de\/"},{"@type":"ListItem","position":2,"name":"Destination Charging"}]},{"@type":"WebSite","@id":"https:\/\/www.tenutasantome.com\/de\/#website","url":"https:\/\/www.tenutasantome.com\/de\/","name":"Santom\u00e8","description":"Weine, meetings und resort","potentialAction":[{"@type":"SearchAction","target":{"@type":"EntryPoint","urlTemplate":"https:\/\/www.tenutasantome.com\/de\/?s={search_term_string}"},"query-input":{"@type":"PropertyValueSpecification","valueRequired":true,"valueName":"search_term_string"}}],"inLanguage":"de"}]}},"_links":{"self":[{"href":"https:\/\/www.tenutasantome.com\/de\/wp-json\/wp\/v2\/pages\/3660","targetHints":{"allow":["GET"]}}],"collection":[{"href":"https:\/\/www.tenutasantome.com\/de\/wp-json\/wp\/v2\/pages"}],"about":[{"href":"https:\/\/www.tenutasantome.com\/de\/wp-json\/wp\/v2\/types\/page"}],"author":[{"embeddable":true,"href":"https:\/\/www.tenutasantome.com\/de\/wp-json\/wp\/v2\/users\/2"}],"replies":[{"embeddable":true,"href":"https:\/\/www.tenutasantome.com\/de\/wp-json\/wp\/v2\/comments?post=3660"}],"version-history":[{"count":0,"href":"https:\/\/www.tenutasantome.com\/de\/wp-json\/wp\/v2\/pages\/3660\/revisions"}],"wp:featuredmedia":[{"embeddable":true,"href":"https:\/\/www.tenutasantome.com\/de\/wp-json\/wp\/v2\/media\/3669"}],"wp:attachment":[{"href":"https:\/\/www.tenutasantome.com\/de\/wp-json\/wp\/v2\/media?parent=3660"}],"curies":[{"name":"wp","href":"https:\/\/api.w.org\/{rel}","templated":true}]}}