{"id":3647,"date":"2020-07-09T10:24:51","date_gmt":"2020-07-09T08:24:51","guid":{"rendered":"https:\/\/www.tenutasantome.com\/it\/?page_id=3647"},"modified":"2020-07-29T16:13:57","modified_gmt":"2020-07-29T14:13:57","slug":"unesco","status":"publish","type":"page","link":"https:\/\/www.tenutasantome.com\/de\/unesco\/","title":{"rendered":"UNESCO"},"content":{"rendered":"<div class=\"wpb-content-wrapper\"><p>[vc_row el_id=&#8221;row-overlay&#8221;][vc_column width=&#8221;1\/2&#8243;][vc_custom_heading text=&#8221;UNESCO&#8221; use_theme_fonts=&#8221;yes&#8221;][vc_column_text]<span style=\"font-weight: 400;\">Tenuta Santom\u00e8 f\u00fchlt sich sehr zufrieden mit der offiziellen Proklamation der Prosecco-H\u00fcgel von Conegliano und Valdobbiadene als &#8220;Weltkulturerbe&#8221;, die am 7. Juli 2019 von der UNESCO-Versammlung in Baku, Aserbaidschan, beschlossen wurde.<\/span>[\/vc_column_text][\/vc_column][vc_column width=&#8221;1\/2&#8243;][\/vc_column][\/vc_row][vc_row css_animation=&#8221;fadeInUp&#8221;][vc_column][vc_empty_space height=&#8221;40px&#8221;][\/vc_column][\/vc_row][vc_row css_animation=&#8221;fadeInUp&#8221;][vc_column width=&#8221;1\/2&#8243;][vc_single_image image=&#8221;3675&#8243; img_size=&#8221;800&#215;600&#8243;][\/vc_column][vc_column width=&#8221;1\/2&#8243;][vc_empty_space height=&#8221;20px&#8221;][vc_column_text]<\/p>\n<p class=\"p1\">Ein Gebiet mit einem Weltkulturerbe von au\u00dfergew\u00f6hnlichem universellem Wert, das zu sch\u00fctzen, zu bewahren und an k\u00fcnftige Generationen weiterzugeben ist.<\/p>\n<p class=\"p1\">Die UNESCO hat ein Gebiet nominiert, das vom Menschen geformt wurde, der im Laufe der Jahrhunderte eine verzauberte Landschaft gezeichnet hat, in der Geschichte, Kultur, Traditionen, Klima und Land miteinander verschmelzen und dem Gebiet seine volle Bedeutung verleihen.<\/p>\n<p class=\"p1\">Das nominierte Gebiet umfasst den h\u00fcgeligen Landstreifen, der sich von der Gemeinde Valdobbiadene bis zur Gemeinde Vittorio Veneto erstreckt, einen bedeutenden Teil der Landschaft, wo der Prosecco Superiore DOCG hergestellt wird.<\/p>\n<p>[\/vc_column_text][\/vc_column][\/vc_row][vc_row css_animation=&#8221;fadeInUp&#8221;][vc_column][vc_empty_space height=&#8221;40px&#8221;][\/vc_column][\/vc_row][vc_row css_animation=&#8221;fadeInUp&#8221;][vc_column width=&#8221;1\/2&#8243;][vc_empty_space height=&#8221;20px&#8221;][vc_column_text]<\/p>\n<p class=\"p1\">Es gibt drei von der UNESCO anerkannte Bereiche: die Kernzone, die Pufferzone und die Verpflichtungszone.<\/p>\n<ol>\n<li><strong><span class=\"s1\">Kernzone<br \/>\n<\/span><\/strong><span class=\"s1\">Die<\/span><strong><span class=\"s1\"><i><span style=\"font-weight: 400;\">Kernzone<\/span><\/i><span style=\"font-weight: 400;\"> (auf Englisch, Core Zone) erstreckt sich \u00fcber 9.197,45 ha, d.h. das Gebiet, das als Weltkulturerbe anerkannt ist und dem Schutz und der Bewahrung unterliegt.<\/span><\/span><\/strong><strong><span class=\"s1\"><br \/>\n<\/span><\/strong><\/li>\n<li><strong><span class=\"s1\">Pufferzone<br \/>\n<span style=\"font-weight: 400;\">Die <\/span><i><span style=\"font-weight: 400;\">Pufferzone<\/span><\/i><span style=\"font-weight: 400;\"> (auf Englisch, Buffer Zone) erstreckt sich \u00fcber eine Fl\u00e4che von 9.769,80 ha. Sie umfasst die h\u00fcgeligen Gebiete, die nicht nur zu allen anderen Gemeinden der Kernzone geh\u00f6ren, sondern auch zu den Gemeinden Conegliano, Susegana und San Vendemiano; ihr Zweck ist es, den Schutz und die Erhaltung der St\u00e4tte zu garantieren. <\/span><b>Hier befinden sich unsere 3 Hektar Weinberg &#8220;Bosco Coste&#8221;.<\/b><\/span><\/strong><strong><span class=\"s1\"><br \/>\n<\/span><\/strong><\/li>\n<li><strong><strong><span class=\"s1\">Verpflichtungszone<br \/>\n<\/span><\/strong><\/strong><span class=\"s1\">Die<\/span><strong><strong><span class=\"s1\"><i><span style=\"font-weight: 400;\">Verpflichtungszone<\/span><\/i><span style=\"font-weight: 400;\"> (auf Englisch, Commitment Zone) ist ein Raum au\u00dferhalb des Interessengebietes und umfasst die Gemeinden, die einem mit der Region vereinbarten Protokoll beigetreten sind, das den weiteren Schutz der St\u00e4tte zum Ziel hat.<\/span><br \/>\n<\/span><\/strong><\/strong><\/li>\n<\/ol>\n<p>[\/vc_column_text][\/vc_column][vc_column width=&#8221;1\/2&#8243;][vc_empty_space height=&#8221;20px&#8221;][vc_empty_space height=&#8221;20px&#8221;][vc_single_image image=&#8221;3649&#8243; img_size=&#8221;full&#8221;][\/vc_column][\/vc_row][vc_row css_animation=&#8221;fadeInUp&#8221;][vc_column][vc_empty_space height=&#8221;40px&#8221;][vc_column_text]<\/p>\n<p style=\"text-align: center;\"><em><span style=\"font-weight: 400;\">Wir von Tenuta Santom\u00e8 sind sehr stolz darauf, Teil dieses Territoriums zu sein und diesen historischen Moment feiern zu k\u00f6nnen!<\/span><\/em><\/p>\n<p>[\/vc_column_text][\/vc_column][\/vc_row]<\/p>\n<\/div>","protected":false},"excerpt":{"rendered":"[vc_row el_id=&#8221;row-overlay&#8221;][vc_column width=&#8221;1\/2&#8243;][vc_custom_heading text=&#8221;UNESCO&#8221; use_theme_fonts=&#8221;yes&#8221;][vc_column_text]Tenuta Santom\u00e8 f\u00fchlt sich sehr zufrieden mit der offiziellen Proklamation der Prosecco-H\u00fcgel von Conegliano und Valdobbiadene als &#8220;Weltkulturerbe&#8221;, die am 7. Juli 2019 von der UNESCO-Versammlung in Baku, Aserbaidschan, beschlossen wurde.[\/vc_column_text][\/vc_column][vc_column width=&#8221;1\/2&#8243;][\/vc_column][\/vc_row][vc_row css_animation=&#8221;fadeInUp&#8221;][vc_column][vc_empty_space height=&#8221;40px&#8221;][\/vc_column][\/vc_row][vc_row css_animation=&#8221;fadeInUp&#8221;][vc_column width=&#8221;1\/2&#8243;][vc_single_image image=&#8221;3675&#8243; img_size=&#8221;800&#215;600&#8243;][\/vc_column][vc_column width=&#8221;1\/2&#8243;][vc_empty_space height=&#8221;20px&#8221;][vc_column_text] Ein Gebiet mit einem Weltkulturerbe von au\u00dfergew\u00f6hnlichem universellem Wert, das zu [&hellip;]","protected":false},"author":2,"featured_media":3658,"parent":0,"menu_order":0,"comment_status":"closed","ping_status":"closed","template":"","meta":{"_acf_changed":false,"footnotes":""},"class_list":["post-3647","page","type-page","status-publish","hentry"],"acf":[],"yoast_head":"<!-- This site is optimized with the Yoast SEO plugin v25.3.1 - https:\/\/yoast.com\/wordpress\/plugins\/seo\/ -->\n<title>UNESCO | Santom\u00e8 - Weine, meetings und resort<\/title>\n<meta name=\"description\" content=\"Das Weingut Santom\u00e8 ist stolz darauf, die Weine der \u201eMarca Trevigiana\u201c als Ausdruck h\u00f6chster Qualit\u00e4t und Liebe zu seiner Region zu vertreten.\" \/>\n<meta name=\"robots\" content=\"index, follow, max-snippet:-1, max-image-preview:large, max-video-preview:-1\" \/>\n<link rel=\"canonical\" href=\"https:\/\/www.tenutasantome.com\/de\/unesco\/\" \/>\n<meta property=\"og:locale\" content=\"de_DE\" \/>\n<meta property=\"og:type\" content=\"article\" \/>\n<meta property=\"og:title\" content=\"UNESCO | Santom\u00e8 - Weine, meetings und resort\" \/>\n<meta property=\"og:description\" content=\"Das Weingut Santom\u00e8 ist stolz darauf, die Weine der \u201eMarca Trevigiana\u201c als Ausdruck h\u00f6chster Qualit\u00e4t und Liebe zu seiner Region zu vertreten.\" \/>\n<meta property=\"og:url\" content=\"https:\/\/www.tenutasantome.com\/de\/unesco\/\" \/>\n<meta property=\"og:site_name\" content=\"Santom\u00e8\" \/>\n<meta property=\"article:modified_time\" content=\"2020-07-29T14:13:57+00:00\" \/>\n<meta property=\"og:image\" content=\"https:\/\/www.tenutasantome.com\/wp-content\/uploads\/2020\/07\/unesco-santome-banner.jpg\" \/>\n\t<meta property=\"og:image:width\" content=\"1920\" \/>\n\t<meta property=\"og:image:height\" content=\"500\" \/>\n\t<meta property=\"og:image:type\" content=\"image\/jpeg\" \/>\n<meta name=\"twitter:card\" content=\"summary_large_image\" \/>\n<meta name=\"twitter:label1\" content=\"Gesch\u00e4tzte Lesezeit\" \/>\n\t<meta name=\"twitter:data1\" content=\"7\u00a0Minuten\" \/>\n<script type=\"application\/ld+json\" class=\"yoast-schema-graph\">{\"@context\":\"https:\/\/schema.org\",\"@graph\":[{\"@type\":\"WebPage\",\"@id\":\"https:\/\/www.tenutasantome.com\/de\/unesco\/\",\"url\":\"https:\/\/www.tenutasantome.com\/de\/unesco\/\",\"name\":\"UNESCO | Santom\u00e8 - Weine, meetings und resort\",\"isPartOf\":{\"@id\":\"https:\/\/www.tenutasantome.com\/de\/#website\"},\"primaryImageOfPage\":{\"@id\":\"https:\/\/www.tenutasantome.com\/de\/unesco\/#primaryimage\"},\"image\":{\"@id\":\"https:\/\/www.tenutasantome.com\/unesco\/#primaryimage\"},\"thumbnailUrl\":\"https:\/\/www.tenutasantome.com\/wp-content\/uploads\/2020\/07\/unesco-santome-banner.jpg\",\"datePublished\":\"2020-07-09T08:24:51+00:00\",\"dateModified\":\"2020-07-29T14:13:57+00:00\",\"description\":\"Das Weingut Santom\u00e8 ist stolz darauf, die Weine der \u201eMarca Trevigiana\u201c als Ausdruck h\u00f6chster Qualit\u00e4t und Liebe zu seiner Region zu vertreten.\",\"breadcrumb\":{\"@id\":\"https:\/\/www.tenutasantome.com\/de\/unesco\/#breadcrumb\"},\"inLanguage\":\"de\",\"potentialAction\":[{\"@type\":\"ReadAction\",\"target\":[[\"https:\/\/www.tenutasantome.com\/de\/unesco\/\"]]}]},{\"@type\":\"ImageObject\",\"inLanguage\":\"de\",\"@id\":\"https:\/\/www.tenutasantome.com\/de\/unesco\/#primaryimage\",\"url\":\"https:\/\/www.tenutasantome.com\/wp-content\/uploads\/2020\/07\/unesco-santome-banner.jpg\",\"contentUrl\":\"https:\/\/www.tenutasantome.com\/wp-content\/uploads\/2020\/07\/unesco-santome-banner.jpg\",\"width\":1920,\"height\":500},{\"@type\":\"BreadcrumbList\",\"@id\":\"https:\/\/www.tenutasantome.com\/de\/unesco\/#breadcrumb\",\"itemListElement\":[{\"@type\":\"ListItem\",\"position\":1,\"name\":\"Home\",\"item\":\"https:\/\/www.tenutasantome.com\/de\/\"},{\"@type\":\"ListItem\",\"position\":2,\"name\":\"UNESCO\"}]},{\"@type\":\"WebSite\",\"@id\":\"https:\/\/www.tenutasantome.com\/de\/#website\",\"url\":\"https:\/\/www.tenutasantome.com\/de\/\",\"name\":\"Santom\u00e8\",\"description\":\"Weine, meetings und resort\",\"potentialAction\":[{\"@type\":\"SearchAction\",\"target\":{\"@type\":\"EntryPoint\",\"urlTemplate\":\"https:\/\/www.tenutasantome.com\/de\/?s={search_term_string}\"},\"query-input\":{\"@type\":\"PropertyValueSpecification\",\"valueRequired\":true,\"valueName\":\"search_term_string\"}}],\"inLanguage\":\"de\"}]}<\/script>\n<!-- \/ Yoast SEO plugin. -->","yoast_head_json":{"title":"UNESCO | Santom\u00e8 - Weine, meetings und resort","description":"Das Weingut Santom\u00e8 ist stolz darauf, die Weine der \u201eMarca Trevigiana\u201c als Ausdruck h\u00f6chster Qualit\u00e4t und Liebe zu seiner Region zu vertreten.","robots":{"index":"index","follow":"follow","max-snippet":"max-snippet:-1","max-image-preview":"max-image-preview:large","max-video-preview":"max-video-preview:-1"},"canonical":"https:\/\/www.tenutasantome.com\/de\/unesco\/","og_locale":"de_DE","og_type":"article","og_title":"UNESCO | Santom\u00e8 - Weine, meetings und resort","og_description":"Das Weingut Santom\u00e8 ist stolz darauf, die Weine der \u201eMarca Trevigiana\u201c als Ausdruck h\u00f6chster Qualit\u00e4t und Liebe zu seiner Region zu vertreten.","og_url":"https:\/\/www.tenutasantome.com\/de\/unesco\/","og_site_name":"Santom\u00e8","article_modified_time":"2020-07-29T14:13:57+00:00","og_image":[{"width":1920,"height":500,"url":"https:\/\/www.tenutasantome.com\/wp-content\/uploads\/2020\/07\/unesco-santome-banner.jpg","type":"image\/jpeg"}],"twitter_card":"summary_large_image","twitter_misc":{"Gesch\u00e4tzte Lesezeit":"7\u00a0Minuten"},"schema":{"@context":"https:\/\/schema.org","@graph":[{"@type":"WebPage","@id":"https:\/\/www.tenutasantome.com\/de\/unesco\/","url":"https:\/\/www.tenutasantome.com\/de\/unesco\/","name":"UNESCO | Santom\u00e8 - Weine, meetings und resort","isPartOf":{"@id":"https:\/\/www.tenutasantome.com\/de\/#website"},"primaryImageOfPage":{"@id":"https:\/\/www.tenutasantome.com\/de\/unesco\/#primaryimage"},"image":{"@id":"https:\/\/www.tenutasantome.com\/unesco\/#primaryimage"},"thumbnailUrl":"https:\/\/www.tenutasantome.com\/wp-content\/uploads\/2020\/07\/unesco-santome-banner.jpg","datePublished":"2020-07-09T08:24:51+00:00","dateModified":"2020-07-29T14:13:57+00:00","description":"Das Weingut Santom\u00e8 ist stolz darauf, die Weine der \u201eMarca Trevigiana\u201c als Ausdruck h\u00f6chster Qualit\u00e4t und Liebe zu seiner Region zu vertreten.","breadcrumb":{"@id":"https:\/\/www.tenutasantome.com\/de\/unesco\/#breadcrumb"},"inLanguage":"de","potentialAction":[{"@type":"ReadAction","target":[["https:\/\/www.tenutasantome.com\/de\/unesco\/"]]}]},{"@type":"ImageObject","inLanguage":"de","@id":"https:\/\/www.tenutasantome.com\/de\/unesco\/#primaryimage","url":"https:\/\/www.tenutasantome.com\/wp-content\/uploads\/2020\/07\/unesco-santome-banner.jpg","contentUrl":"https:\/\/www.tenutasantome.com\/wp-content\/uploads\/2020\/07\/unesco-santome-banner.jpg","width":1920,"height":500},{"@type":"BreadcrumbList","@id":"https:\/\/www.tenutasantome.com\/de\/unesco\/#breadcrumb","itemListElement":[{"@type":"ListItem","position":1,"name":"Home","item":"https:\/\/www.tenutasantome.com\/de\/"},{"@type":"ListItem","position":2,"name":"UNESCO"}]},{"@type":"WebSite","@id":"https:\/\/www.tenutasantome.com\/de\/#website","url":"https:\/\/www.tenutasantome.com\/de\/","name":"Santom\u00e8","description":"Weine, meetings und resort","potentialAction":[{"@type":"SearchAction","target":{"@type":"EntryPoint","urlTemplate":"https:\/\/www.tenutasantome.com\/de\/?s={search_term_string}"},"query-input":{"@type":"PropertyValueSpecification","valueRequired":true,"valueName":"search_term_string"}}],"inLanguage":"de"}]}},"_links":{"self":[{"href":"https:\/\/www.tenutasantome.com\/de\/wp-json\/wp\/v2\/pages\/3647","targetHints":{"allow":["GET"]}}],"collection":[{"href":"https:\/\/www.tenutasantome.com\/de\/wp-json\/wp\/v2\/pages"}],"about":[{"href":"https:\/\/www.tenutasantome.com\/de\/wp-json\/wp\/v2\/types\/page"}],"author":[{"embeddable":true,"href":"https:\/\/www.tenutasantome.com\/de\/wp-json\/wp\/v2\/users\/2"}],"replies":[{"embeddable":true,"href":"https:\/\/www.tenutasantome.com\/de\/wp-json\/wp\/v2\/comments?post=3647"}],"version-history":[{"count":0,"href":"https:\/\/www.tenutasantome.com\/de\/wp-json\/wp\/v2\/pages\/3647\/revisions"}],"wp:featuredmedia":[{"embeddable":true,"href":"https:\/\/www.tenutasantome.com\/de\/wp-json\/wp\/v2\/media\/3658"}],"wp:attachment":[{"href":"https:\/\/www.tenutasantome.com\/de\/wp-json\/wp\/v2\/media?parent=3647"}],"curies":[{"name":"wp","href":"https:\/\/api.w.org\/{rel}","templated":true}]}}