{"id":321,"date":"2018-07-02T15:43:15","date_gmt":"2018-07-02T13:43:15","guid":{"rendered":"https:\/\/www.tenutasantome.com\/it\/?page_id=321"},"modified":"2019-01-17T12:37:36","modified_gmt":"2019-01-17T11:37:36","slug":"vitigni-internazionali","status":"publish","type":"page","link":"https:\/\/www.tenutasantome.com\/de\/vitigni-internazionali\/","title":{"rendered":"Internationale Rebsorten"},"content":{"rendered":"<div class=\"wpb-content-wrapper\"><p><\/p>\n<p>[vc_row el_id=&#8221;row-overlay&#8221;][vc_column width=&#8221;1\/2&#8243;][vc_custom_heading text=&#8221;INTERNATIONALE REBSORTEN&#8221; use_theme_fonts=&#8221;yes&#8221;][vc_column_text]Internationale Rebsorten sind am weitesten verbreitet und werden \u00fcberall auf der Welt angebaut.[\/vc_column_text][\/vc_column][vc_column width=&#8221;1\/2&#8243;][\/vc_column][\/vc_row][vc_row css_animation=&#8221;fadeInUp&#8221;][vc_column][vc_column_text]Die aus ihnen hergestellten Weine unterscheiden sich durch die \u00f6rtlichen Begebenheiten in den verschiedenen Anbaugebieten voneinander. Die Auswahl und Wertsch\u00e4tzung der eigenen Region ist somit von gro\u00dfer Bedeutung, um den Weinen ihren einzigartigen Charakter zu verleihen. <strong>Die Rolle des Weinbauers ist dabei grundlegend<\/strong>.[\/vc_column_text][\/vc_column][\/vc_row][vc_row css_animation=&#8221;fadeInUp&#8221;][vc_column][vc_column_text]<\/p>\n<h4 style=\"text-align: center;\">INTERNATIONALE REBSORTEN<\/h4>\n<p>[\/vc_column_text][\/vc_column][\/vc_row][vc_row css_animation=&#8221;fadeInUp&#8221; el_class=&#8221;row-vitigni-internazionali&#8221;][vc_column]\n<div class=\"wines-row-container\">\n\t\t\t\t\t\t\t\n\t\t\t\t\n\t\t\t\t\t\t\t<div class=\"row row-wines\">\n\t\t\t\t\t\t\t\n\t\t\t\t\t\t\t\t\n\t\t\t\t\t\n\t\t\t\t<div class=\"col-md-3 col-sm-6 col-xs-12 col-single-wine-container wpb_content_element wpb_animate_when_almost_visible wpb_fadeInUp fadeInUp animated wpb_start_animation\">\n\t\t\t\t\t<div class=\"col-single-wine\">\n\t\t\t\t\t\t<div class=\"wine-image text-center\">\n\t\t\t\t\t\t\t<a href=\"https:\/\/www.tenutasantome.com\/de\/wines\/rose\/\">\n\t\t\t\t\t\t\t\t\t\t\t\t\t\t\t\t\t<img loading=\"lazy\" decoding=\"async\" width=\"200\" height=\"300\" src=\"https:\/\/www.tenutasantome.com\/wp-content\/uploads\/2019\/01\/santome-rose-200x300.png\" class=\"img-responsive wp-post-image\" alt=\"\" srcset=\"https:\/\/www.tenutasantome.com\/wp-content\/uploads\/2019\/01\/santome-rose-200x300.png 200w, https:\/\/www.tenutasantome.com\/wp-content\/uploads\/2019\/01\/santome-rose-768x1152.png 768w, https:\/\/www.tenutasantome.com\/wp-content\/uploads\/2019\/01\/santome-rose-683x1024.png 683w, https:\/\/www.tenutasantome.com\/wp-content\/uploads\/2019\/01\/santome-rose.png 1050w\" sizes=\"auto, (max-width: 200px) 100vw, 200px\" \/>\t\t\t\t\t\t\t\t\t\t\t\t\t\t\t<\/a>\n\t\t\t\t\t\t<\/div>\n\t\t\t\t\t\t<div class=\"wine-title text-center\">\n\t\t\t\t\t\t\t<a href=\"https:\/\/www.tenutasantome.com\/de\/wines\/rose\/\">Ros\u00e8<\/a>\n\t\t\t\t\t\t<\/div>\n\t\t\t\t\t\t<div class=\"wine-denomination text-center\">\n\t\t\t\t\t\t\tIgt Marca Trevigiana\t\t\t\t\t\t<\/div>\n\t\t\t\t\t\t<div class=\"wine-divider\"><\/div>\n\t\t\t\t\t\t<div class=\"wine-alcol text-center\">\n\t\t\t\t\t\t\t12,50% vol. Alc.\n\t\t\t\t\t\t<\/div>\n\t\t\t\t\t\t<div class=\"wine-link text-center\">\n\t\t\t\t\t\t\t<a href=\"https:\/\/www.tenutasantome.com\/de\/wines\/rose\/\">\n\t\t\t\t\t\t\t\tEntdecken <i class=\"fa fa-chevron-right\" aria-hidden=\"true\"><\/i>\n\t\t\t\t\t\t\t<\/a>\n\t\t\t\t\t\t<\/div>\n\t\t\t\t\t<\/div>\n\t\t\t\t<\/div>\n\t\t\t\n\t\t\t\t\n\t\t\t\t\t\n\t\t\t\t\n\t\t\t\n\t\t\t\t\t\t\t\t\n\t\t\t\t\t\n\t\t\t\t<div class=\"col-md-3 col-sm-6 col-xs-12 col-single-wine-container wpb_content_element wpb_animate_when_almost_visible wpb_fadeInUp fadeInUp animated wpb_start_animation\">\n\t\t\t\t\t<div class=\"col-single-wine\">\n\t\t\t\t\t\t<div class=\"wine-image text-center\">\n\t\t\t\t\t\t\t<a href=\"https:\/\/www.tenutasantome.com\/de\/wines\/merlot\/\">\n\t\t\t\t\t\t\t\t\t\t\t\t\t\t\t\t\t<img loading=\"lazy\" decoding=\"async\" width=\"133\" height=\"300\" src=\"https:\/\/www.tenutasantome.com\/wp-content\/uploads\/2018\/07\/13-Merlot-133x300.png\" class=\"img-responsive wp-post-image\" alt=\"\" srcset=\"https:\/\/www.tenutasantome.com\/wp-content\/uploads\/2018\/07\/13-Merlot-133x300.png 133w, https:\/\/www.tenutasantome.com\/wp-content\/uploads\/2018\/07\/13-Merlot.png 444w\" sizes=\"auto, (max-width: 133px) 100vw, 133px\" \/>\t\t\t\t\t\t\t\t\t\t\t\t\t\t\t<\/a>\n\t\t\t\t\t\t<\/div>\n\t\t\t\t\t\t<div class=\"wine-title text-center\">\n\t\t\t\t\t\t\t<a href=\"https:\/\/www.tenutasantome.com\/de\/wines\/merlot\/\">Merlot<\/a>\n\t\t\t\t\t\t<\/div>\n\t\t\t\t\t\t<div class=\"wine-denomination text-center\">\n\t\t\t\t\t\t\tIgt Marca Trevigiana\t\t\t\t\t\t<\/div>\n\t\t\t\t\t\t<div class=\"wine-divider\"><\/div>\n\t\t\t\t\t\t<div class=\"wine-alcol text-center\">\n\t\t\t\t\t\t\t13,50% vol. Alc.\n\t\t\t\t\t\t<\/div>\n\t\t\t\t\t\t<div class=\"wine-link text-center\">\n\t\t\t\t\t\t\t<a href=\"https:\/\/www.tenutasantome.com\/de\/wines\/merlot\/\">\n\t\t\t\t\t\t\t\tEntdecken <i class=\"fa fa-chevron-right\" aria-hidden=\"true\"><\/i>\n\t\t\t\t\t\t\t<\/a>\n\t\t\t\t\t\t<\/div>\n\t\t\t\t\t<\/div>\n\t\t\t\t<\/div>\n\t\t\t\n\t\t\t\t\n\t\t\t\t\t\n\t\t\t\t\n\t\t\t\n\t\t\t\t\t\t\t\t\n\t\t\t\t\t\n\t\t\t\t<div class=\"col-md-3 col-sm-6 col-xs-12 col-single-wine-container wpb_content_element wpb_animate_when_almost_visible wpb_fadeInUp fadeInUp animated wpb_start_animation\">\n\t\t\t\t\t<div class=\"col-single-wine\">\n\t\t\t\t\t\t<div class=\"wine-image text-center\">\n\t\t\t\t\t\t\t<a href=\"https:\/\/www.tenutasantome.com\/de\/wines\/cabernet-sauvignon\/\">\n\t\t\t\t\t\t\t\t\t\t\t\t\t\t\t\t\t<img loading=\"lazy\" decoding=\"async\" width=\"133\" height=\"300\" src=\"https:\/\/www.tenutasantome.com\/wp-content\/uploads\/2018\/07\/14-Cab-Sauvignon-133x300.png\" class=\"img-responsive wp-post-image\" alt=\"\" srcset=\"https:\/\/www.tenutasantome.com\/wp-content\/uploads\/2018\/07\/14-Cab-Sauvignon-133x300.png 133w, https:\/\/www.tenutasantome.com\/wp-content\/uploads\/2018\/07\/14-Cab-Sauvignon.png 444w\" sizes=\"auto, (max-width: 133px) 100vw, 133px\" \/>\t\t\t\t\t\t\t\t\t\t\t\t\t\t\t<\/a>\n\t\t\t\t\t\t<\/div>\n\t\t\t\t\t\t<div class=\"wine-title text-center\">\n\t\t\t\t\t\t\t<a href=\"https:\/\/www.tenutasantome.com\/de\/wines\/cabernet-sauvignon\/\">Cabernet Sauvignon<\/a>\n\t\t\t\t\t\t<\/div>\n\t\t\t\t\t\t<div class=\"wine-denomination text-center\">\n\t\t\t\t\t\t\tIgt Marca Trevigiana\t\t\t\t\t\t<\/div>\n\t\t\t\t\t\t<div class=\"wine-divider\"><\/div>\n\t\t\t\t\t\t<div class=\"wine-alcol text-center\">\n\t\t\t\t\t\t\t13,50% vol. Alc.\n\t\t\t\t\t\t<\/div>\n\t\t\t\t\t\t<div class=\"wine-link text-center\">\n\t\t\t\t\t\t\t<a href=\"https:\/\/www.tenutasantome.com\/de\/wines\/cabernet-sauvignon\/\">\n\t\t\t\t\t\t\t\tEntdecken <i class=\"fa fa-chevron-right\" aria-hidden=\"true\"><\/i>\n\t\t\t\t\t\t\t<\/a>\n\t\t\t\t\t\t<\/div>\n\t\t\t\t\t<\/div>\n\t\t\t\t<\/div>\n\t\t\t\n\t\t\t\t\n\t\t\t\t\t\n\t\t\t\t\n\t\t\t\n\t\t\t\t\t\t\t\t\n\t\t\t\t\t\n\t\t\t\t<div class=\"col-md-3 col-sm-6 col-xs-12 col-single-wine-container wpb_content_element wpb_animate_when_almost_visible wpb_fadeInUp fadeInUp animated wpb_start_animation\">\n\t\t\t\t\t<div class=\"col-single-wine\">\n\t\t\t\t\t\t<div class=\"wine-image text-center\">\n\t\t\t\t\t\t\t<a href=\"https:\/\/www.tenutasantome.com\/de\/wines\/chardonnay\/\">\n\t\t\t\t\t\t\t\t\t\t\t\t\t\t\t\t\t<img loading=\"lazy\" decoding=\"async\" width=\"133\" height=\"300\" src=\"https:\/\/www.tenutasantome.com\/wp-content\/uploads\/2018\/07\/10-Chardonnay-133x300.png\" class=\"img-responsive wp-post-image\" alt=\"\" srcset=\"https:\/\/www.tenutasantome.com\/wp-content\/uploads\/2018\/07\/10-Chardonnay-133x300.png 133w, https:\/\/www.tenutasantome.com\/wp-content\/uploads\/2018\/07\/10-Chardonnay.png 444w\" sizes=\"auto, (max-width: 133px) 100vw, 133px\" \/>\t\t\t\t\t\t\t\t\t\t\t\t\t\t\t<\/a>\n\t\t\t\t\t\t<\/div>\n\t\t\t\t\t\t<div class=\"wine-title text-center\">\n\t\t\t\t\t\t\t<a href=\"https:\/\/www.tenutasantome.com\/de\/wines\/chardonnay\/\">Chardonnay<\/a>\n\t\t\t\t\t\t<\/div>\n\t\t\t\t\t\t<div class=\"wine-denomination text-center\">\n\t\t\t\t\t\t\tIgt Marca Trevigiana\t\t\t\t\t\t<\/div>\n\t\t\t\t\t\t<div class=\"wine-divider\"><\/div>\n\t\t\t\t\t\t<div class=\"wine-alcol text-center\">\n\t\t\t\t\t\t\t13% vol. Alc.\n\t\t\t\t\t\t<\/div>\n\t\t\t\t\t\t<div class=\"wine-link text-center\">\n\t\t\t\t\t\t\t<a href=\"https:\/\/www.tenutasantome.com\/de\/wines\/chardonnay\/\">\n\t\t\t\t\t\t\t\tEntdecken <i class=\"fa fa-chevron-right\" aria-hidden=\"true\"><\/i>\n\t\t\t\t\t\t\t<\/a>\n\t\t\t\t\t\t<\/div>\n\t\t\t\t\t<\/div>\n\t\t\t\t<\/div>\n\t\t\t\n\t\t\t\t\t\t\t<\/div>\n\t\t\t\t\t\t\t\t\n\t\t\t\n\t\t\t\t\n\t\t\t<\/div>[\/vc_column][\/vc_row][vc_row css_animation=&#8221;fadeInUp&#8221; disable_element=&#8221;yes&#8221;][vc_column width=&#8221;1\/6&#8243;][vc_column_text css=&#8221;.vc_custom_1544447022789{padding-top: 10px !important;}&#8221;]<\/p>\n<p style=\"text-align: center;\"><strong>DIE WEINE:<\/strong><\/p>\n<p>[\/vc_column_text][\/vc_column][vc_column width=&#8221;5\/6&#8243;]<div class=\"row row-wines-rectangles-blocks\"><div class=\"col-wine-block\"><a href=\"\/it\/pinot-grigio\/\"><div class=\"wine-name\">Pinot Grigio<\/div><\/a><\/div><div class=\"col-wine-block\"><a href=\"\/it\/prosecco\/\"><div class=\"active wine-name\">Prosecchi<\/div><\/a><\/div><div class=\"col-wine-block\"><a href=\"\/it\/vini-autoctoni\/\"><div class=\"wine-name\">Autoctoni<\/div><\/a><\/div><div class=\"col-wine-block\"><a href=\"\/it\/blend-unici\/\"><div class=\"wine-name\">Blend unici<\/div><\/a><\/div><div class=\"col-wine-block\"><a href=\"\/it\/vitigni-internazionali\/\"><div class=\"wine-name\">Internazionali<\/div><\/a><\/div><\/div>[\/vc_column][\/vc_row][vc_row][vc_column][vc_empty_space height=&#8221;50px&#8221;][\/vc_column][\/vc_row]<\/p>\n<p><\/p>\n<\/div>","protected":false},"excerpt":{"rendered":"[vc_row el_id=&#8221;row-overlay&#8221;][vc_column width=&#8221;1\/2&#8243;][vc_custom_heading text=&#8221;INTERNATIONALE REBSORTEN&#8221; use_theme_fonts=&#8221;yes&#8221;][vc_column_text]Internationale Rebsorten sind am weitesten verbreitet und werden \u00fcberall auf der Welt angebaut.[\/vc_column_text][\/vc_column][vc_column width=&#8221;1\/2&#8243;][\/vc_column][\/vc_row][vc_row css_animation=&#8221;fadeInUp&#8221;][vc_column][vc_column_text]Die aus ihnen hergestellten Weine unterscheiden sich durch die \u00f6rtlichen Begebenheiten in den verschiedenen Anbaugebieten voneinander. Die Auswahl und Wertsch\u00e4tzung der eigenen Region ist somit von gro\u00dfer Bedeutung, um den Weinen ihren einzigartigen Charakter zu verleihen. [&hellip;]","protected":false},"author":2,"featured_media":1587,"parent":0,"menu_order":0,"comment_status":"closed","ping_status":"closed","template":"","meta":{"_acf_changed":false,"footnotes":""},"class_list":["post-321","page","type-page","status-publish","hentry"],"acf":[],"yoast_head":"<!-- This site is optimized with the Yoast SEO plugin v25.3.1 - https:\/\/yoast.com\/wordpress\/plugins\/seo\/ -->\n<title>Internationale Rebsorten | Santom\u00e8 - Vini, meeting e resortInternationale Rebsorten | Santom\u00e8 - Wines, meetings and resortInternationale Rebsorten | Santom\u00e8 - Weine, meetings und resort<\/title>\n<meta name=\"description\" content=\"Die Weine des Santom\u00e8 aus internationalen Rebsorten, die am weitesten verbreitet sind und \u00fcberall auf der Welt angebaut werden.\" \/>\n<meta name=\"robots\" content=\"index, follow, max-snippet:-1, max-image-preview:large, max-video-preview:-1\" \/>\n<link rel=\"canonical\" href=\"https:\/\/www.tenutasantome.com\/de\/vitigni-internazionali\/\" \/>\n<meta property=\"og:locale\" content=\"de_DE\" \/>\n<meta property=\"og:type\" content=\"article\" \/>\n<meta property=\"og:title\" content=\"Internationale Rebsorten | Santom\u00e8 - Vini, meeting e resortInternationale Rebsorten | Santom\u00e8 - Wines, meetings and resortInternationale Rebsorten | Santom\u00e8 - Weine, meetings und resort\" \/>\n<meta property=\"og:description\" content=\"Die Weine des Santom\u00e8 aus internationalen Rebsorten, die am weitesten verbreitet sind und \u00fcberall auf der Welt angebaut werden.\" \/>\n<meta property=\"og:url\" content=\"https:\/\/www.tenutasantome.com\/de\/vitigni-internazionali\/\" \/>\n<meta property=\"og:site_name\" content=\"Santom\u00e8\" \/>\n<meta property=\"article:modified_time\" content=\"2019-01-17T11:37:36+00:00\" \/>\n<meta property=\"og:image\" content=\"https:\/\/www.tenutasantome.com\/wp-content\/uploads\/2018\/10\/vitigni-internazionali-principale.jpg\" \/>\n\t<meta property=\"og:image:width\" content=\"1920\" \/>\n\t<meta property=\"og:image:height\" content=\"755\" \/>\n\t<meta property=\"og:image:type\" content=\"image\/jpeg\" \/>\n<meta name=\"twitter:card\" content=\"summary_large_image\" \/>\n<meta name=\"twitter:label1\" content=\"Gesch\u00e4tzte Lesezeit\" \/>\n\t<meta name=\"twitter:data1\" content=\"4\u00a0Minuten\" \/>\n<script type=\"application\/ld+json\" class=\"yoast-schema-graph\">{\"@context\":\"https:\/\/schema.org\",\"@graph\":[{\"@type\":\"WebPage\",\"@id\":\"https:\/\/www.tenutasantome.com\/de\/vitigni-internazionali\/\",\"url\":\"https:\/\/www.tenutasantome.com\/de\/vitigni-internazionali\/\",\"name\":\"Internationale Rebsorten | Santom\u00e8 - Vini, meeting e resortInternationale Rebsorten | Santom\u00e8 - Wines, meetings and resortInternationale Rebsorten | Santom\u00e8 - Weine, meetings und resort\",\"isPartOf\":{\"@id\":\"https:\/\/www.tenutasantome.com\/de\/#website\"},\"primaryImageOfPage\":{\"@id\":\"https:\/\/www.tenutasantome.com\/de\/vitigni-internazionali\/#primaryimage\"},\"image\":{\"@id\":\"https:\/\/www.tenutasantome.com\/vitigni-internazionali\/#primaryimage\"},\"thumbnailUrl\":\"https:\/\/www.tenutasantome.com\/wp-content\/uploads\/2018\/10\/vitigni-internazionali-principale.jpg\",\"datePublished\":\"2018-07-02T13:43:15+00:00\",\"dateModified\":\"2019-01-17T11:37:36+00:00\",\"description\":\"Die Weine des Santom\u00e8 aus internationalen Rebsorten, die am weitesten verbreitet sind und \u00fcberall auf der Welt angebaut werden.\",\"breadcrumb\":{\"@id\":\"https:\/\/www.tenutasantome.com\/de\/vitigni-internazionali\/#breadcrumb\"},\"inLanguage\":\"de\",\"potentialAction\":[{\"@type\":\"ReadAction\",\"target\":[[\"https:\/\/www.tenutasantome.com\/de\/vitigni-internazionali\/\"]]}]},{\"@type\":\"ImageObject\",\"inLanguage\":\"de\",\"@id\":\"https:\/\/www.tenutasantome.com\/de\/vitigni-internazionali\/#primaryimage\",\"url\":\"https:\/\/www.tenutasantome.com\/wp-content\/uploads\/2018\/10\/vitigni-internazionali-principale.jpg\",\"contentUrl\":\"https:\/\/www.tenutasantome.com\/wp-content\/uploads\/2018\/10\/vitigni-internazionali-principale.jpg\",\"width\":1920,\"height\":755},{\"@type\":\"BreadcrumbList\",\"@id\":\"https:\/\/www.tenutasantome.com\/de\/vitigni-internazionali\/#breadcrumb\",\"itemListElement\":[{\"@type\":\"ListItem\",\"position\":1,\"name\":\"Home\",\"item\":\"https:\/\/www.tenutasantome.com\/de\/\"},{\"@type\":\"ListItem\",\"position\":2,\"name\":\"Vitigni internazionali\"}]},{\"@type\":\"WebSite\",\"@id\":\"https:\/\/www.tenutasantome.com\/de\/#website\",\"url\":\"https:\/\/www.tenutasantome.com\/de\/\",\"name\":\"Santom\u00e8\",\"description\":\"Weine, meetings und resort\",\"potentialAction\":[{\"@type\":\"SearchAction\",\"target\":{\"@type\":\"EntryPoint\",\"urlTemplate\":\"https:\/\/www.tenutasantome.com\/de\/?s={search_term_string}\"},\"query-input\":{\"@type\":\"PropertyValueSpecification\",\"valueRequired\":true,\"valueName\":\"search_term_string\"}}],\"inLanguage\":\"de\"}]}<\/script>\n<!-- \/ Yoast SEO plugin. -->","yoast_head_json":{"title":"Internationale Rebsorten | Santom\u00e8 - Vini, meeting e resortInternationale Rebsorten | Santom\u00e8 - Wines, meetings and resortInternationale Rebsorten | Santom\u00e8 - Weine, meetings und resort","description":"Die Weine des Santom\u00e8 aus internationalen Rebsorten, die am weitesten verbreitet sind und \u00fcberall auf der Welt angebaut werden.","robots":{"index":"index","follow":"follow","max-snippet":"max-snippet:-1","max-image-preview":"max-image-preview:large","max-video-preview":"max-video-preview:-1"},"canonical":"https:\/\/www.tenutasantome.com\/de\/vitigni-internazionali\/","og_locale":"de_DE","og_type":"article","og_title":"Internationale Rebsorten | Santom\u00e8 - Vini, meeting e resortInternationale Rebsorten | Santom\u00e8 - Wines, meetings and resortInternationale Rebsorten | Santom\u00e8 - Weine, meetings und resort","og_description":"Die Weine des Santom\u00e8 aus internationalen Rebsorten, die am weitesten verbreitet sind und \u00fcberall auf der Welt angebaut werden.","og_url":"https:\/\/www.tenutasantome.com\/de\/vitigni-internazionali\/","og_site_name":"Santom\u00e8","article_modified_time":"2019-01-17T11:37:36+00:00","og_image":[{"width":1920,"height":755,"url":"https:\/\/www.tenutasantome.com\/wp-content\/uploads\/2018\/10\/vitigni-internazionali-principale.jpg","type":"image\/jpeg"}],"twitter_card":"summary_large_image","twitter_misc":{"Gesch\u00e4tzte Lesezeit":"4\u00a0Minuten"},"schema":{"@context":"https:\/\/schema.org","@graph":[{"@type":"WebPage","@id":"https:\/\/www.tenutasantome.com\/de\/vitigni-internazionali\/","url":"https:\/\/www.tenutasantome.com\/de\/vitigni-internazionali\/","name":"Internationale Rebsorten | Santom\u00e8 - Vini, meeting e resortInternationale Rebsorten | Santom\u00e8 - Wines, meetings and resortInternationale Rebsorten | Santom\u00e8 - Weine, meetings und resort","isPartOf":{"@id":"https:\/\/www.tenutasantome.com\/de\/#website"},"primaryImageOfPage":{"@id":"https:\/\/www.tenutasantome.com\/de\/vitigni-internazionali\/#primaryimage"},"image":{"@id":"https:\/\/www.tenutasantome.com\/vitigni-internazionali\/#primaryimage"},"thumbnailUrl":"https:\/\/www.tenutasantome.com\/wp-content\/uploads\/2018\/10\/vitigni-internazionali-principale.jpg","datePublished":"2018-07-02T13:43:15+00:00","dateModified":"2019-01-17T11:37:36+00:00","description":"Die Weine des Santom\u00e8 aus internationalen Rebsorten, die am weitesten verbreitet sind und \u00fcberall auf der Welt angebaut werden.","breadcrumb":{"@id":"https:\/\/www.tenutasantome.com\/de\/vitigni-internazionali\/#breadcrumb"},"inLanguage":"de","potentialAction":[{"@type":"ReadAction","target":[["https:\/\/www.tenutasantome.com\/de\/vitigni-internazionali\/"]]}]},{"@type":"ImageObject","inLanguage":"de","@id":"https:\/\/www.tenutasantome.com\/de\/vitigni-internazionali\/#primaryimage","url":"https:\/\/www.tenutasantome.com\/wp-content\/uploads\/2018\/10\/vitigni-internazionali-principale.jpg","contentUrl":"https:\/\/www.tenutasantome.com\/wp-content\/uploads\/2018\/10\/vitigni-internazionali-principale.jpg","width":1920,"height":755},{"@type":"BreadcrumbList","@id":"https:\/\/www.tenutasantome.com\/de\/vitigni-internazionali\/#breadcrumb","itemListElement":[{"@type":"ListItem","position":1,"name":"Home","item":"https:\/\/www.tenutasantome.com\/de\/"},{"@type":"ListItem","position":2,"name":"Vitigni internazionali"}]},{"@type":"WebSite","@id":"https:\/\/www.tenutasantome.com\/de\/#website","url":"https:\/\/www.tenutasantome.com\/de\/","name":"Santom\u00e8","description":"Weine, meetings und resort","potentialAction":[{"@type":"SearchAction","target":{"@type":"EntryPoint","urlTemplate":"https:\/\/www.tenutasantome.com\/de\/?s={search_term_string}"},"query-input":{"@type":"PropertyValueSpecification","valueRequired":true,"valueName":"search_term_string"}}],"inLanguage":"de"}]}},"_links":{"self":[{"href":"https:\/\/www.tenutasantome.com\/de\/wp-json\/wp\/v2\/pages\/321","targetHints":{"allow":["GET"]}}],"collection":[{"href":"https:\/\/www.tenutasantome.com\/de\/wp-json\/wp\/v2\/pages"}],"about":[{"href":"https:\/\/www.tenutasantome.com\/de\/wp-json\/wp\/v2\/types\/page"}],"author":[{"embeddable":true,"href":"https:\/\/www.tenutasantome.com\/de\/wp-json\/wp\/v2\/users\/2"}],"replies":[{"embeddable":true,"href":"https:\/\/www.tenutasantome.com\/de\/wp-json\/wp\/v2\/comments?post=321"}],"version-history":[{"count":0,"href":"https:\/\/www.tenutasantome.com\/de\/wp-json\/wp\/v2\/pages\/321\/revisions"}],"wp:featuredmedia":[{"embeddable":true,"href":"https:\/\/www.tenutasantome.com\/de\/wp-json\/wp\/v2\/media\/1587"}],"wp:attachment":[{"href":"https:\/\/www.tenutasantome.com\/de\/wp-json\/wp\/v2\/media?parent=321"}],"curies":[{"name":"wp","href":"https:\/\/api.w.org\/{rel}","templated":true}]}}