{"id":29,"date":"2018-06-19T20:14:21","date_gmt":"2018-06-19T18:14:21","guid":{"rendered":"https:\/\/www.tenutasantome.com\/it\/?page_id=29"},"modified":"2025-08-27T13:43:17","modified_gmt":"2025-08-27T11:43:17","slug":"dove-siamo","status":"publish","type":"page","link":"https:\/\/www.tenutasantome.com\/de\/standort\/","title":{"rendered":"Standort"},"content":{"rendered":"<div class=\"wpb-content-wrapper\"><p>[vc_row el_id=&#8221;row-overlay&#8221;][vc_column width=&#8221;1\/2&#8243;][vc_custom_heading text=&#8221;STANDORT&#8221; use_theme_fonts=&#8221;yes&#8221;][vc_column_text]<strong>Unser Betrieb <\/strong>liegt in der N\u00e4he der Autobahnausfahrt Treviso-Sud und parallel zur Staatsstra\u00dfe, die von Treviso zum Meer f\u00fchrt und ist somit sehr einfach zu erreichen. <strong>Die Kunstst\u00e4dte Treviso und Venedig sind nur wenige Kilometer entfernt.<\/strong>[\/vc_column_text][\/vc_column][vc_column width=&#8221;1\/2&#8243;][\/vc_column][\/vc_row][vc_row css_animation=&#8221;fadeInUp&#8221;][vc_column][vc_custom_heading text=&#8221;Im Herzen Venetiens&#8221; font_container=&#8221;tag:h3|text_align:left&#8221; use_theme_fonts=&#8221;yes&#8221; css=&#8221;&#8221;][vc_column_text css=&#8221;&#8221;]Die Anreise zur <strong>Tenuta Santom\u00e8<\/strong> ist einfach und bequem \u2013 dank ihrer strategischen Lage im Herzen Venetiens, nur wenige Minuten von Treviso entfernt und gut an die wichtigsten Stra\u00dfen und Autobahnen der Region angebunden. F\u00fcr maximalen Komfort unserer G\u00e4ste steht ein gro\u00dfz\u00fcgiger <strong>kostenloser Parkplatz<\/strong> auf dem Gel\u00e4nde zur Verf\u00fcgung. Au\u00dferdem k\u00f6nnen umweltbewusste Reisende unsere <strong>Ladestation f\u00fcr Elektroautos<\/strong> nutzen. Entscheiden Sie sich f\u00fcr die Tenuta Santom\u00e8 und genie\u00dfen Sie modernen, umweltfreundlichen Komfort ganz nach Ihren Mobilit\u00e4tsbed\u00fcrfnissen.[\/vc_column_text][vc_column_text css=&#8221;&#8221;]<a class=\"btn-yellow\" href=\"\/de\/in-der-umgebung\/\">Entdecken Sie die Umgebung <i class=\"fa fa-chevron-right\" aria-hidden=\"true\"><\/i><\/a>[\/vc_column_text][vc_gmaps link=&#8221;#E-8_JTNDaWZyYW1lJTIwc3JjJTNEJTIyaHR0cHMlM0ElMkYlMkZ3d3cuZ29vZ2xlLmNvbSUyRm1hcHMlMkZlbWJlZCUzRnBiJTNEJTIxMW0xOCUyMTFtMTIlMjExbTMlMjExZDI4MzY4NDMuOTY5NjA0Nzg0JTIxMmQ5Ljg2NTM5ODMxMjk3MDI4MyUyMTNkNDYuMDI0MDU2MTM3NjExNTElMjEybTMlMjExZjAlMjEyZjAlMjEzZjAlMjEzbTIlMjExaTEwMjQlMjEyaTc2OCUyMTRmMTMuMSUyMTNtMyUyMTFtMiUyMTFzMHg0Nzc5NGVmZDYwYzk5ZTg5JTI1M0EweGFjNmU0YTM0YzliZmM4MGElMjEyc1RlbnV0YSUyQlNhbnRvbSUyNUMzJTI1QTglMjE1ZTAlMjEzbTIlMjExc2l0JTIxMnNpdCUyMTR2MTU0NjQ0NTA2NjEzMyUyMiUyMHdpZHRoJTNEJTIyNjAwJTIyJTIwaGVpZ2h0JTNEJTIyNDUwJTIyJTIwZnJhbWVib3JkZXIlM0QlMjIwJTIyJTIwc3R5bGUlM0QlMjJib3JkZXIlM0EwJTIyJTIwYWxsb3dmdWxsc2NyZWVuJTNFJTNDJTJGaWZyYW1lJTNF&#8221;][\/vc_column][\/vc_row][vc_row css_animation=&#8221;fadeInUp&#8221;][vc_column width=&#8221;1\/3&#8243;][vc_custom_heading text=&#8221;ADRESSE&#8221; font_container=&#8221;tag:h4|text_align:left&#8221; use_theme_fonts=&#8221;yes&#8221;][vc_column_text]<strong>Santom\u00e8<\/strong><\/p>\n<p>Via Carboncine, 71<br \/>\n31056 loc. Biancade &#8211; Roncade (Treviso &#8211; Italien)[\/vc_column_text][\/vc_column][vc_column width=&#8221;1\/3&#8243;][vc_custom_heading text=&#8221;KONTAKTE&#8221; font_container=&#8221;tag:h4|text_align:left&#8221; use_theme_fonts=&#8221;yes&#8221;][vc_column_text]Tel <a href=\"tel:+390422848189\">+39 0422 848189<\/a><\/p>\n<p>Email <a href=\"mailto:info@tenutasantome.com\">info@tenutasantome.com<\/a>[\/vc_column_text][\/vc_column][vc_column width=&#8221;1\/3&#8243;][vc_column_text]Gerne bieten wir Ihnen auch <strong>F\u00fchrungen und Verkostungen<\/strong> unserer Erzeugnisse an.<br \/>\nAnmeldungen unter\u00a0<a href=\"mailto:info@tenutasantome.com\">info@tenutasantome.com<\/a>[\/vc_column_text][vc_column_text]<a class=\"btn-yellow\" href=\"\/de\/fuhrungen-und-verkostungen\/\">Verkostungen Santom\u00e8 <i class=\"fa fa-chevron-right\" aria-hidden=\"true\"><\/i><\/a>[\/vc_column_text][\/vc_column][\/vc_row][vc_row css_animation=&#8221;fadeInUp&#8221;][vc_column][vc_separator][\/vc_column][\/vc_row][vc_row full_width=&#8221;stretch_row&#8221; css_animation=&#8221;fadeInUp&#8221;][vc_column][vc_column_text]<\/p>\n<h4>Sie finden uns in Biancade, einem Ortsteil der Gemeinde Roncade in der Mark Treviso, wo wir erstklassige Verkehrsanbindungen haben.<\/h4>\n<p>[\/vc_column_text][vc_column_text]<\/p>\n<ul>\n<li><strong>N\u00c4CHSTGELEGENE FLUGH\u00c4FEN<\/strong>\n<ul>\n<li>Flughafen \u00abMarco Polo\u00bb Venedig \u2013 30 Minuten Autofahrt<\/li>\n<li>Flughafen \u00abCanova\u00bb Treviso \u2013 20 Minuten Autofahrt<\/li>\n<\/ul>\n<\/li>\n<\/ul>\n<p>[\/vc_column_text][vc_column_text]<\/p>\n<ul>\n<li><strong>N\u00c4CHSTGELEGENE AUTOBAHNAUSFAHRTEN<\/strong>\n<ul>\n<li>Treviso S\u00fcd (A27 Venezia \u2013 Belluno) \u2013 10 Minuten Autofahrt<\/li>\n<li>Meolo-Roncade (A4 Trieste-Venezia) \u2013 10 Minuten Autofahrt<\/li>\n<\/ul>\n<\/li>\n<\/ul>\n<p>[\/vc_column_text][vc_column_text]<\/p>\n<ul>\n<li><strong>N\u00c4CHSTGELEGENE BAHNH\u00d6FE<\/strong>\n<ul>\n<li>Treviso \u2013 20 Minuten Autofahrt<\/li>\n<li>Quarto d\u2019Altino \u2013 15 Minuten Autofahrt<\/li>\n<li>Mestre \u2013 30 Minuten Autofahrt<\/li>\n<\/ul>\n<\/li>\n<\/ul>\n<p>[\/vc_column_text][vc_column_text]<\/p>\n<ul>\n<li><strong>N\u00c4CHSTGELEGENE ST\u00c4DTE<\/strong>\n<ul>\n<li>Treviso \u2013 20 Minuten Autofahrt<\/li>\n<li>Venedig Piazzale Roma \u2013 30 Minuten Autofahrt<\/li>\n<\/ul>\n<\/li>\n<\/ul>\n<p>[\/vc_column_text][\/vc_column][\/vc_row]<\/p>\n<\/div>","protected":false},"excerpt":{"rendered":"[vc_row el_id=&#8221;row-overlay&#8221;][vc_column width=&#8221;1\/2&#8243;][vc_custom_heading text=&#8221;STANDORT&#8221; use_theme_fonts=&#8221;yes&#8221;][vc_column_text]Unser Betrieb liegt in der N\u00e4he der Autobahnausfahrt Treviso-Sud und parallel zur Staatsstra\u00dfe, die von Treviso zum Meer f\u00fchrt und ist somit sehr einfach zu erreichen. Die Kunstst\u00e4dte Treviso und Venedig sind nur wenige Kilometer entfernt.[\/vc_column_text][\/vc_column][vc_column width=&#8221;1\/2&#8243;][\/vc_column][\/vc_row][vc_row css_animation=&#8221;fadeInUp&#8221;][vc_column][vc_custom_heading text=&#8221;Im Herzen Venetiens&#8221; font_container=&#8221;tag:h3|text_align:left&#8221; use_theme_fonts=&#8221;yes&#8221; css=&#8221;&#8221;][vc_column_text css=&#8221;&#8221;]Die Anreise zur Tenuta Santom\u00e8 ist einfach [&hellip;]","protected":false},"author":2,"featured_media":1773,"parent":0,"menu_order":0,"comment_status":"closed","ping_status":"closed","template":"","meta":{"_acf_changed":false,"footnotes":""},"class_list":["post-29","page","type-page","status-publish","hentry"],"acf":[],"yoast_head":"<!-- This site is optimized with the Yoast SEO plugin v25.3.1 - https:\/\/yoast.com\/wordpress\/plugins\/seo\/ -->\n<title>Standort | Santom\u00e8 - Vini, meeting e resortStandort | Santom\u00e8 - Wines, meetings and resortStandort | Santom\u00e8 - Weine, meetings und resort<\/title>\n<meta name=\"description\" content=\"Der Weinbaubetrieb Santom\u00e8 ist durch die Lage in der N\u00e4he der Autobahnausfahrt zwischen Venedig und Treviso leicht erreichbar.\" \/>\n<meta name=\"robots\" content=\"index, follow, max-snippet:-1, max-image-preview:large, max-video-preview:-1\" \/>\n<link rel=\"canonical\" href=\"https:\/\/www.tenutasantome.com\/de\/dove-siamo\/\" \/>\n<meta property=\"og:locale\" content=\"de_DE\" \/>\n<meta property=\"og:type\" content=\"article\" \/>\n<meta property=\"og:title\" content=\"Standort | Santom\u00e8 - Vini, meeting e resortStandort | Santom\u00e8 - Wines, meetings and resortStandort | Santom\u00e8 - Weine, meetings und resort\" \/>\n<meta property=\"og:description\" content=\"Der Weinbaubetrieb Santom\u00e8 ist durch die Lage in der N\u00e4he der Autobahnausfahrt zwischen Venedig und Treviso leicht erreichbar.\" \/>\n<meta property=\"og:url\" content=\"https:\/\/www.tenutasantome.com\/de\/dove-siamo\/\" \/>\n<meta property=\"og:site_name\" content=\"Santom\u00e8\" \/>\n<meta property=\"article:modified_time\" content=\"2025-08-27T11:43:17+00:00\" \/>\n<meta property=\"og:image\" content=\"https:\/\/www.tenutasantome.com\/wp-content\/uploads\/2018\/10\/santome-dove-siamo.jpg\" \/>\n\t<meta property=\"og:image:width\" content=\"1920\" \/>\n\t<meta property=\"og:image:height\" content=\"1040\" \/>\n\t<meta property=\"og:image:type\" content=\"image\/jpeg\" \/>\n<meta name=\"twitter:card\" content=\"summary_large_image\" \/>\n<meta name=\"twitter:label1\" content=\"Gesch\u00e4tzte Lesezeit\" \/>\n\t<meta name=\"twitter:data1\" content=\"2\u00a0Minuten\" \/>\n<script type=\"application\/ld+json\" class=\"yoast-schema-graph\">{\"@context\":\"https:\/\/schema.org\",\"@graph\":[{\"@type\":\"WebPage\",\"@id\":\"https:\/\/www.tenutasantome.com\/de\/dove-siamo\/\",\"url\":\"https:\/\/www.tenutasantome.com\/de\/dove-siamo\/\",\"name\":\"Standort | Santom\u00e8 - Vini, meeting e resortStandort | Santom\u00e8 - Wines, meetings and resortStandort | Santom\u00e8 - Weine, meetings und resort\",\"isPartOf\":{\"@id\":\"https:\/\/www.tenutasantome.com\/de\/#website\"},\"primaryImageOfPage\":{\"@id\":\"https:\/\/www.tenutasantome.com\/de\/dove-siamo\/#primaryimage\"},\"image\":{\"@id\":\"https:\/\/www.tenutasantome.com\/it\/dove-siamo\/#primaryimage\"},\"thumbnailUrl\":\"https:\/\/www.tenutasantome.com\/wp-content\/uploads\/2018\/10\/santome-dove-siamo.jpg\",\"datePublished\":\"2018-06-19T18:14:21+00:00\",\"dateModified\":\"2025-08-27T11:43:17+00:00\",\"description\":\"Der Weinbaubetrieb Santom\u00e8 ist durch die Lage in der N\u00e4he der Autobahnausfahrt zwischen Venedig und Treviso leicht erreichbar.\",\"breadcrumb\":{\"@id\":\"https:\/\/www.tenutasantome.com\/de\/dove-siamo\/#breadcrumb\"},\"inLanguage\":\"de\",\"potentialAction\":[{\"@type\":\"ReadAction\",\"target\":[[\"https:\/\/www.tenutasantome.com\/de\/dove-siamo\/\"]]}]},{\"@type\":\"ImageObject\",\"inLanguage\":\"de\",\"@id\":\"https:\/\/www.tenutasantome.com\/de\/dove-siamo\/#primaryimage\",\"url\":\"https:\/\/www.tenutasantome.com\/wp-content\/uploads\/2018\/10\/santome-dove-siamo.jpg\",\"contentUrl\":\"https:\/\/www.tenutasantome.com\/wp-content\/uploads\/2018\/10\/santome-dove-siamo.jpg\",\"width\":1920,\"height\":1040},{\"@type\":\"BreadcrumbList\",\"@id\":\"https:\/\/www.tenutasantome.com\/de\/dove-siamo\/#breadcrumb\",\"itemListElement\":[{\"@type\":\"ListItem\",\"position\":1,\"name\":\"Home\",\"item\":\"https:\/\/www.tenutasantome.com\/de\/\"},{\"@type\":\"ListItem\",\"position\":2,\"name\":\"Dove siamo\"}]},{\"@type\":\"WebSite\",\"@id\":\"https:\/\/www.tenutasantome.com\/de\/#website\",\"url\":\"https:\/\/www.tenutasantome.com\/de\/\",\"name\":\"Santom\u00e8\",\"description\":\"Weine, meetings und resort\",\"potentialAction\":[{\"@type\":\"SearchAction\",\"target\":{\"@type\":\"EntryPoint\",\"urlTemplate\":\"https:\/\/www.tenutasantome.com\/de\/?s={search_term_string}\"},\"query-input\":{\"@type\":\"PropertyValueSpecification\",\"valueRequired\":true,\"valueName\":\"search_term_string\"}}],\"inLanguage\":\"de\"}]}<\/script>\n<!-- \/ Yoast SEO plugin. -->","yoast_head_json":{"title":"Standort | Santom\u00e8 - Vini, meeting e resortStandort | Santom\u00e8 - Wines, meetings and resortStandort | Santom\u00e8 - Weine, meetings und resort","description":"Der Weinbaubetrieb Santom\u00e8 ist durch die Lage in der N\u00e4he der Autobahnausfahrt zwischen Venedig und Treviso leicht erreichbar.","robots":{"index":"index","follow":"follow","max-snippet":"max-snippet:-1","max-image-preview":"max-image-preview:large","max-video-preview":"max-video-preview:-1"},"canonical":"https:\/\/www.tenutasantome.com\/de\/dove-siamo\/","og_locale":"de_DE","og_type":"article","og_title":"Standort | Santom\u00e8 - Vini, meeting e resortStandort | Santom\u00e8 - Wines, meetings and resortStandort | Santom\u00e8 - Weine, meetings und resort","og_description":"Der Weinbaubetrieb Santom\u00e8 ist durch die Lage in der N\u00e4he der Autobahnausfahrt zwischen Venedig und Treviso leicht erreichbar.","og_url":"https:\/\/www.tenutasantome.com\/de\/dove-siamo\/","og_site_name":"Santom\u00e8","article_modified_time":"2025-08-27T11:43:17+00:00","og_image":[{"width":1920,"height":1040,"url":"https:\/\/www.tenutasantome.com\/wp-content\/uploads\/2018\/10\/santome-dove-siamo.jpg","type":"image\/jpeg"}],"twitter_card":"summary_large_image","twitter_misc":{"Gesch\u00e4tzte Lesezeit":"2\u00a0Minuten"},"schema":{"@context":"https:\/\/schema.org","@graph":[{"@type":"WebPage","@id":"https:\/\/www.tenutasantome.com\/de\/dove-siamo\/","url":"https:\/\/www.tenutasantome.com\/de\/dove-siamo\/","name":"Standort | Santom\u00e8 - Vini, meeting e resortStandort | Santom\u00e8 - Wines, meetings and resortStandort | Santom\u00e8 - Weine, meetings und resort","isPartOf":{"@id":"https:\/\/www.tenutasantome.com\/de\/#website"},"primaryImageOfPage":{"@id":"https:\/\/www.tenutasantome.com\/de\/dove-siamo\/#primaryimage"},"image":{"@id":"https:\/\/www.tenutasantome.com\/it\/dove-siamo\/#primaryimage"},"thumbnailUrl":"https:\/\/www.tenutasantome.com\/wp-content\/uploads\/2018\/10\/santome-dove-siamo.jpg","datePublished":"2018-06-19T18:14:21+00:00","dateModified":"2025-08-27T11:43:17+00:00","description":"Der Weinbaubetrieb Santom\u00e8 ist durch die Lage in der N\u00e4he der Autobahnausfahrt zwischen Venedig und Treviso leicht erreichbar.","breadcrumb":{"@id":"https:\/\/www.tenutasantome.com\/de\/dove-siamo\/#breadcrumb"},"inLanguage":"de","potentialAction":[{"@type":"ReadAction","target":[["https:\/\/www.tenutasantome.com\/de\/dove-siamo\/"]]}]},{"@type":"ImageObject","inLanguage":"de","@id":"https:\/\/www.tenutasantome.com\/de\/dove-siamo\/#primaryimage","url":"https:\/\/www.tenutasantome.com\/wp-content\/uploads\/2018\/10\/santome-dove-siamo.jpg","contentUrl":"https:\/\/www.tenutasantome.com\/wp-content\/uploads\/2018\/10\/santome-dove-siamo.jpg","width":1920,"height":1040},{"@type":"BreadcrumbList","@id":"https:\/\/www.tenutasantome.com\/de\/dove-siamo\/#breadcrumb","itemListElement":[{"@type":"ListItem","position":1,"name":"Home","item":"https:\/\/www.tenutasantome.com\/de\/"},{"@type":"ListItem","position":2,"name":"Dove siamo"}]},{"@type":"WebSite","@id":"https:\/\/www.tenutasantome.com\/de\/#website","url":"https:\/\/www.tenutasantome.com\/de\/","name":"Santom\u00e8","description":"Weine, meetings und resort","potentialAction":[{"@type":"SearchAction","target":{"@type":"EntryPoint","urlTemplate":"https:\/\/www.tenutasantome.com\/de\/?s={search_term_string}"},"query-input":{"@type":"PropertyValueSpecification","valueRequired":true,"valueName":"search_term_string"}}],"inLanguage":"de"}]}},"_links":{"self":[{"href":"https:\/\/www.tenutasantome.com\/de\/wp-json\/wp\/v2\/pages\/29","targetHints":{"allow":["GET"]}}],"collection":[{"href":"https:\/\/www.tenutasantome.com\/de\/wp-json\/wp\/v2\/pages"}],"about":[{"href":"https:\/\/www.tenutasantome.com\/de\/wp-json\/wp\/v2\/types\/page"}],"author":[{"embeddable":true,"href":"https:\/\/www.tenutasantome.com\/de\/wp-json\/wp\/v2\/users\/2"}],"replies":[{"embeddable":true,"href":"https:\/\/www.tenutasantome.com\/de\/wp-json\/wp\/v2\/comments?post=29"}],"version-history":[{"count":8,"href":"https:\/\/www.tenutasantome.com\/de\/wp-json\/wp\/v2\/pages\/29\/revisions"}],"predecessor-version":[{"id":5492,"href":"https:\/\/www.tenutasantome.com\/de\/wp-json\/wp\/v2\/pages\/29\/revisions\/5492"}],"wp:featuredmedia":[{"embeddable":true,"href":"https:\/\/www.tenutasantome.com\/de\/wp-json\/wp\/v2\/media\/1773"}],"wp:attachment":[{"href":"https:\/\/www.tenutasantome.com\/de\/wp-json\/wp\/v2\/media?parent=29"}],"curies":[{"name":"wp","href":"https:\/\/api.w.org\/{rel}","templated":true}]}}