{"id":267,"date":"2018-06-29T15:47:46","date_gmt":"2018-06-29T13:47:46","guid":{"rendered":"https:\/\/www.tenutasantome.com\/it\/?page_id=267"},"modified":"2019-01-17T12:35:41","modified_gmt":"2019-01-17T11:35:41","slug":"vini-autoctoni","status":"publish","type":"page","link":"https:\/\/www.tenutasantome.com\/de\/vini-autoctoni\/","title":{"rendered":"Autochtone Resorbten"},"content":{"rendered":"<div class=\"wpb-content-wrapper\"><p><\/p>\n<p>[vc_row el_id=&#8221;row-overlay&#8221;][vc_column width=&#8221;1\/2&#8243;][vc_custom_heading text=&#8221;AUTOCHTHONE REBSORTEN&#8221; use_theme_fonts=&#8221;yes&#8221;][vc_column_text]Autochthone Rebsorten werden nur in der <strong>Gegend<\/strong> angebaut, <strong>aus der sie stammen und sind auch nur dort verbreitet<\/strong>. Die typischen Eigenschaften eines Weines sind also auf die Beschaffenheit des Bodens, auf dem er w\u00e4chst und die Klimabedingungen der Gegend, aus der er urspr\u00fcnglich kommt, zur\u00fcckzuf\u00fchren.[\/vc_column_text][\/vc_column][vc_column width=&#8221;1\/2&#8243;][\/vc_column][\/vc_row][vc_row css_animation=&#8221;fadeInUp&#8221;][vc_column][vc_column_text]Diese Faktoren verleihen ihm seine ganz <strong>speziellen organoleptischen Eigenschaften und machen autochthone Weine so einzigartig<\/strong> und unverwechselbar. Genau deswegen sind diese Weine auf ganz pr\u00e4zise und meist relativ kleine Gegenden begrenzt.<\/p>\n<p>In Italien gibt es \u00fcber 600 autochthone Rebsorten, von denen 50 in der Region Venetien wachsen. Dazu z\u00e4hlen sehr ber\u00fchmte wie <strong>Glera<\/strong> (aus der der ber\u00fchmte Prosecco gekeltert wird), <strong>Corvina Veronese<\/strong> und <strong>Rondinella<\/strong> (aus denen der Amarone entsteht), aber auch weniger bekannte \u201eNischensorten\u201c wie <strong>Raboso<\/strong>, <strong>Tai Bianco<\/strong>,<strong> Incrocio Manzoni<\/strong> und <strong>Verduzzo<\/strong>.[\/vc_column_text][\/vc_column][\/vc_row][vc_row css_animation=&#8221;fadeInUp&#8221;][vc_column][vc_column_text]<\/p>\n<h4 style=\"text-align: center;\">UNSERE AUTOCHTHONEN WEINE<\/h4>\n<p>[\/vc_column_text][vc_column_text]<\/p>\n<p style=\"text-align: center;\">Wir bei Santom\u00e8 konzentrieren all unsere Energie auf die Erzeugung der beiden historisch ber\u00fchmtesten Weine der Provinz Treviso: <strong>Tai Bianco<\/strong> (Tocai) und <strong>Raboso Piave<\/strong>. Durch ihre Besonderheiten hinsichtlich der Reifung der Trauben und spezieller Weinbereitungstechniken werden die beiden Weine ausschlie\u00dflich in den besten Jahrg\u00e4ngen hergestellt.<\/p>\n<p>[\/vc_column_text][\/vc_column][\/vc_row][vc_row content_placement=&#8221;middle&#8221; css_animation=&#8221;fadeInUp&#8221; el_class=&#8221;row-vitigni-autoctoni&#8221;][vc_column]\n<div class=\"wines-row-container\">\n\t\t\t\t\t\t\t\n\t\t\t\t\n\t\t\t\t\t\t\t<div class=\"row row-wines\">\n\t\t\t\t\t\t\t\n\t\t\t\t\t\t\t\t\n\t\t\t\t\t\n\t\t\t\t<div class=\"col-md-3 col-sm-6 col-xs-12 col-single-wine-container wpb_content_element wpb_animate_when_almost_visible wpb_fadeInUp fadeInUp animated wpb_start_animation\">\n\t\t\t\t\t<div class=\"col-single-wine\">\n\t\t\t\t\t\t<div class=\"wine-image text-center\">\n\t\t\t\t\t\t\t<a href=\"https:\/\/www.tenutasantome.com\/de\/wines\/tai-biancoparcel-368\/\">\n\t\t\t\t\t\t\t\t\t\t\t\t\t\t\t\t\t<img loading=\"lazy\" decoding=\"async\" width=\"133\" height=\"300\" src=\"https:\/\/www.tenutasantome.com\/wp-content\/uploads\/2018\/07\/11-Tai-Bianco-Parcel-368-133x300.png\" class=\"img-responsive wp-post-image\" alt=\"\" srcset=\"https:\/\/www.tenutasantome.com\/wp-content\/uploads\/2018\/07\/11-Tai-Bianco-Parcel-368-133x300.png 133w, https:\/\/www.tenutasantome.com\/wp-content\/uploads\/2018\/07\/11-Tai-Bianco-Parcel-368.png 444w\" sizes=\"auto, (max-width: 133px) 100vw, 133px\" \/>\t\t\t\t\t\t\t\t\t\t\t\t\t\t\t<\/a>\n\t\t\t\t\t\t<\/div>\n\t\t\t\t\t\t<div class=\"wine-title text-center\">\n\t\t\t\t\t\t\t<a href=\"https:\/\/www.tenutasantome.com\/de\/wines\/tai-biancoparcel-368\/\">Tai Bianco<br>Parcel #368<\/a>\n\t\t\t\t\t\t<\/div>\n\t\t\t\t\t\t<div class=\"wine-denomination text-center\">\n\t\t\t\t\t\t\tIgt Marca Trevigiana\t\t\t\t\t\t<\/div>\n\t\t\t\t\t\t<div class=\"wine-divider\"><\/div>\n\t\t\t\t\t\t<div class=\"wine-alcol text-center\">\n\t\t\t\t\t\t\t13.50% vol. Alc.\n\t\t\t\t\t\t<\/div>\n\t\t\t\t\t\t<div class=\"wine-link text-center\">\n\t\t\t\t\t\t\t<a href=\"https:\/\/www.tenutasantome.com\/de\/wines\/tai-biancoparcel-368\/\">\n\t\t\t\t\t\t\t\tEntdecken <i class=\"fa fa-chevron-right\" aria-hidden=\"true\"><\/i>\n\t\t\t\t\t\t\t<\/a>\n\t\t\t\t\t\t<\/div>\n\t\t\t\t\t<\/div>\n\t\t\t\t<\/div>\n\t\t\t\n\t\t\t\t\n\t\t\t\t\t\n\t\t\t\t\n\t\t\t\n\t\t\t\t\t\t\t\t\n\t\t\t\t\t\n\t\t\t\t<div class=\"col-md-3 col-sm-6 col-xs-12 col-single-wine-container wpb_content_element wpb_animate_when_almost_visible wpb_fadeInUp fadeInUp animated wpb_start_animation\">\n\t\t\t\t\t<div class=\"col-single-wine\">\n\t\t\t\t\t\t<div class=\"wine-image text-center\">\n\t\t\t\t\t\t\t<a href=\"https:\/\/www.tenutasantome.com\/de\/wines\/raboso-parcel-912\/\">\n\t\t\t\t\t\t\t\t\t\t\t\t\t\t\t\t\t<img loading=\"lazy\" decoding=\"async\" width=\"133\" height=\"300\" src=\"https:\/\/www.tenutasantome.com\/wp-content\/uploads\/2018\/07\/16-Raboso-Parcel-912-133x300.png\" class=\"img-responsive wp-post-image\" alt=\"\" srcset=\"https:\/\/www.tenutasantome.com\/wp-content\/uploads\/2018\/07\/16-Raboso-Parcel-912-133x300.png 133w, https:\/\/www.tenutasantome.com\/wp-content\/uploads\/2018\/07\/16-Raboso-Parcel-912.png 444w\" sizes=\"auto, (max-width: 133px) 100vw, 133px\" \/>\t\t\t\t\t\t\t\t\t\t\t\t\t\t\t<\/a>\n\t\t\t\t\t\t<\/div>\n\t\t\t\t\t\t<div class=\"wine-title text-center\">\n\t\t\t\t\t\t\t<a href=\"https:\/\/www.tenutasantome.com\/de\/wines\/raboso-parcel-912\/\">Raboso <br>Parcel #912<\/a>\n\t\t\t\t\t\t<\/div>\n\t\t\t\t\t\t<div class=\"wine-denomination text-center\">\n\t\t\t\t\t\t\tDoc Piave\t\t\t\t\t\t<\/div>\n\t\t\t\t\t\t<div class=\"wine-divider\"><\/div>\n\t\t\t\t\t\t<div class=\"wine-alcol text-center\">\n\t\t\t\t\t\t\t14.50% vol. Alc.\n\t\t\t\t\t\t<\/div>\n\t\t\t\t\t\t<div class=\"wine-link text-center\">\n\t\t\t\t\t\t\t<a href=\"https:\/\/www.tenutasantome.com\/de\/wines\/raboso-parcel-912\/\">\n\t\t\t\t\t\t\t\tEntdecken <i class=\"fa fa-chevron-right\" aria-hidden=\"true\"><\/i>\n\t\t\t\t\t\t\t<\/a>\n\t\t\t\t\t\t<\/div>\n\t\t\t\t\t<\/div>\n\t\t\t\t<\/div>\n\t\t\t\n\t\t\t\t\n\t\t\t\n\t\t<\/div>\t\t\n\t\t\t<\/div>[\/vc_column][\/vc_row][vc_row][vc_column][vc_column_text]<br \/>\n[\/vc_column_text][\/vc_column][\/vc_row][vc_row css_animation=&#8221;fadeInUp&#8221; disable_element=&#8221;yes&#8221;][vc_column width=&#8221;1\/6&#8243;][vc_column_text css=&#8221;.vc_custom_1545035164070{padding-top: 10px !important;}&#8221;]<\/p>\n<p style=\"text-align: center;\"><strong>DIE WEINE:<\/strong><\/p>\n<p>[\/vc_column_text][\/vc_column][vc_column width=&#8221;5\/6&#8243;]<div class=\"row row-wines-rectangles-blocks\"><div class=\"col-wine-block\"><a href=\"\/it\/pinot-grigio\/\"><div class=\"wine-name\">Pinot Grigio<\/div><\/a><\/div><div class=\"col-wine-block\"><a href=\"\/it\/prosecco\/\"><div class=\"wine-name\">Prosecchi<\/div><\/a><\/div><div class=\"col-wine-block\"><a href=\"\/it\/vini-autoctoni\/\"><div class=\"active wine-name\">Autoctoni<\/div><\/a><\/div><div class=\"col-wine-block\"><a href=\"\/it\/blend-unici\/\"><div class=\"wine-name\">Blend unici<\/div><\/a><\/div><div class=\"col-wine-block\"><a href=\"\/it\/vitigni-internazionali\/\"><div class=\"wine-name\">Internazionali<\/div><\/a><\/div><\/div>[\/vc_column][\/vc_row][vc_row][vc_column][vc_empty_space height=&#8221;50px&#8221;][\/vc_column][\/vc_row]<\/p>\n<p><\/p>\n<\/div>","protected":false},"excerpt":{"rendered":"[vc_row el_id=&#8221;row-overlay&#8221;][vc_column width=&#8221;1\/2&#8243;][vc_custom_heading text=&#8221;AUTOCHTHONE REBSORTEN&#8221; use_theme_fonts=&#8221;yes&#8221;][vc_column_text]Autochthone Rebsorten werden nur in der Gegend angebaut, aus der sie stammen und sind auch nur dort verbreitet. Die typischen Eigenschaften eines Weines sind also auf die Beschaffenheit des Bodens, auf dem er w\u00e4chst und die Klimabedingungen der Gegend, aus der er urspr\u00fcnglich kommt, zur\u00fcckzuf\u00fchren.[\/vc_column_text][\/vc_column][vc_column width=&#8221;1\/2&#8243;][\/vc_column][\/vc_row][vc_row css_animation=&#8221;fadeInUp&#8221;][vc_column][vc_column_text]Diese Faktoren verleihen ihm [&hellip;]","protected":false},"author":2,"featured_media":1628,"parent":0,"menu_order":0,"comment_status":"closed","ping_status":"closed","template":"","meta":{"_acf_changed":false,"footnotes":""},"class_list":["post-267","page","type-page","status-publish","hentry"],"acf":[],"yoast_head":"<!-- This site is optimized with the Yoast SEO plugin v25.3.1 - https:\/\/yoast.com\/wordpress\/plugins\/seo\/ -->\n<title>Autochtone Resorbten | Santom\u00e8 - Vini, meeting e resortAutochtone Resorbten | Santom\u00e8 - Wines, meetings and resortAutochtone Resorbten | Santom\u00e8 - Weine, meetings und resort<\/title>\n<meta name=\"description\" content=\"Wir bei Santom\u00e8 konzentrieren all unsere Energie auf die Erzeugung der beiden historisch ber\u00fchmtesten Weine der Provinz Treviso: Tai Bianco (Tocai) und Raboso Piave.\" \/>\n<meta name=\"robots\" content=\"index, follow, max-snippet:-1, max-image-preview:large, max-video-preview:-1\" \/>\n<link rel=\"canonical\" href=\"https:\/\/www.tenutasantome.com\/de\/vini-autoctoni\/\" \/>\n<meta property=\"og:locale\" content=\"de_DE\" \/>\n<meta property=\"og:type\" content=\"article\" \/>\n<meta property=\"og:title\" content=\"Autochtone Resorbten | Santom\u00e8 - Vini, meeting e resortAutochtone Resorbten | Santom\u00e8 - Wines, meetings and resortAutochtone Resorbten | Santom\u00e8 - Weine, meetings und resort\" \/>\n<meta property=\"og:description\" content=\"Wir bei Santom\u00e8 konzentrieren all unsere Energie auf die Erzeugung der beiden historisch ber\u00fchmtesten Weine der Provinz Treviso: Tai Bianco (Tocai) und Raboso Piave.\" \/>\n<meta property=\"og:url\" content=\"https:\/\/www.tenutasantome.com\/de\/vini-autoctoni\/\" \/>\n<meta property=\"og:site_name\" content=\"Santom\u00e8\" \/>\n<meta property=\"article:modified_time\" content=\"2019-01-17T11:35:41+00:00\" \/>\n<meta property=\"og:image\" content=\"https:\/\/www.tenutasantome.com\/wp-content\/uploads\/2018\/10\/banner-principale-autoctoni.jpg\" \/>\n\t<meta property=\"og:image:width\" content=\"1920\" \/>\n\t<meta property=\"og:image:height\" content=\"1046\" \/>\n\t<meta property=\"og:image:type\" content=\"image\/jpeg\" \/>\n<meta name=\"twitter:card\" content=\"summary_large_image\" \/>\n<meta name=\"twitter:label1\" content=\"Gesch\u00e4tzte Lesezeit\" \/>\n\t<meta name=\"twitter:data1\" content=\"6\u00a0Minuten\" \/>\n<script type=\"application\/ld+json\" class=\"yoast-schema-graph\">{\"@context\":\"https:\/\/schema.org\",\"@graph\":[{\"@type\":\"WebPage\",\"@id\":\"https:\/\/www.tenutasantome.com\/de\/vini-autoctoni\/\",\"url\":\"https:\/\/www.tenutasantome.com\/de\/vini-autoctoni\/\",\"name\":\"Autochtone Resorbten | Santom\u00e8 - Vini, meeting e resortAutochtone Resorbten | Santom\u00e8 - Wines, meetings and resortAutochtone Resorbten | Santom\u00e8 - Weine, meetings und resort\",\"isPartOf\":{\"@id\":\"https:\/\/www.tenutasantome.com\/de\/#website\"},\"primaryImageOfPage\":{\"@id\":\"https:\/\/www.tenutasantome.com\/de\/vini-autoctoni\/#primaryimage\"},\"image\":{\"@id\":\"https:\/\/www.tenutasantome.com\/vini-autoctoni\/#primaryimage\"},\"thumbnailUrl\":\"https:\/\/www.tenutasantome.com\/wp-content\/uploads\/2018\/10\/banner-principale-autoctoni.jpg\",\"datePublished\":\"2018-06-29T13:47:46+00:00\",\"dateModified\":\"2019-01-17T11:35:41+00:00\",\"description\":\"Wir bei Santom\u00e8 konzentrieren all unsere Energie auf die Erzeugung der beiden historisch ber\u00fchmtesten Weine der Provinz Treviso: Tai Bianco (Tocai) und Raboso Piave.\",\"breadcrumb\":{\"@id\":\"https:\/\/www.tenutasantome.com\/de\/vini-autoctoni\/#breadcrumb\"},\"inLanguage\":\"de\",\"potentialAction\":[{\"@type\":\"ReadAction\",\"target\":[[\"https:\/\/www.tenutasantome.com\/de\/vini-autoctoni\/\"]]}]},{\"@type\":\"ImageObject\",\"inLanguage\":\"de\",\"@id\":\"https:\/\/www.tenutasantome.com\/de\/vini-autoctoni\/#primaryimage\",\"url\":\"https:\/\/www.tenutasantome.com\/wp-content\/uploads\/2018\/10\/banner-principale-autoctoni.jpg\",\"contentUrl\":\"https:\/\/www.tenutasantome.com\/wp-content\/uploads\/2018\/10\/banner-principale-autoctoni.jpg\",\"width\":1920,\"height\":1046},{\"@type\":\"BreadcrumbList\",\"@id\":\"https:\/\/www.tenutasantome.com\/de\/vini-autoctoni\/#breadcrumb\",\"itemListElement\":[{\"@type\":\"ListItem\",\"position\":1,\"name\":\"Home\",\"item\":\"https:\/\/www.tenutasantome.com\/de\/\"},{\"@type\":\"ListItem\",\"position\":2,\"name\":\"Vitigni autoctoni\"}]},{\"@type\":\"WebSite\",\"@id\":\"https:\/\/www.tenutasantome.com\/de\/#website\",\"url\":\"https:\/\/www.tenutasantome.com\/de\/\",\"name\":\"Santom\u00e8\",\"description\":\"Weine, meetings und resort\",\"potentialAction\":[{\"@type\":\"SearchAction\",\"target\":{\"@type\":\"EntryPoint\",\"urlTemplate\":\"https:\/\/www.tenutasantome.com\/de\/?s={search_term_string}\"},\"query-input\":{\"@type\":\"PropertyValueSpecification\",\"valueRequired\":true,\"valueName\":\"search_term_string\"}}],\"inLanguage\":\"de\"}]}<\/script>\n<!-- \/ Yoast SEO plugin. -->","yoast_head_json":{"title":"Autochtone Resorbten | Santom\u00e8 - Vini, meeting e resortAutochtone Resorbten | Santom\u00e8 - Wines, meetings and resortAutochtone Resorbten | Santom\u00e8 - Weine, meetings und resort","description":"Wir bei Santom\u00e8 konzentrieren all unsere Energie auf die Erzeugung der beiden historisch ber\u00fchmtesten Weine der Provinz Treviso: Tai Bianco (Tocai) und Raboso Piave.","robots":{"index":"index","follow":"follow","max-snippet":"max-snippet:-1","max-image-preview":"max-image-preview:large","max-video-preview":"max-video-preview:-1"},"canonical":"https:\/\/www.tenutasantome.com\/de\/vini-autoctoni\/","og_locale":"de_DE","og_type":"article","og_title":"Autochtone Resorbten | Santom\u00e8 - Vini, meeting e resortAutochtone Resorbten | Santom\u00e8 - Wines, meetings and resortAutochtone Resorbten | Santom\u00e8 - Weine, meetings und resort","og_description":"Wir bei Santom\u00e8 konzentrieren all unsere Energie auf die Erzeugung der beiden historisch ber\u00fchmtesten Weine der Provinz Treviso: Tai Bianco (Tocai) und Raboso Piave.","og_url":"https:\/\/www.tenutasantome.com\/de\/vini-autoctoni\/","og_site_name":"Santom\u00e8","article_modified_time":"2019-01-17T11:35:41+00:00","og_image":[{"width":1920,"height":1046,"url":"https:\/\/www.tenutasantome.com\/wp-content\/uploads\/2018\/10\/banner-principale-autoctoni.jpg","type":"image\/jpeg"}],"twitter_card":"summary_large_image","twitter_misc":{"Gesch\u00e4tzte Lesezeit":"6\u00a0Minuten"},"schema":{"@context":"https:\/\/schema.org","@graph":[{"@type":"WebPage","@id":"https:\/\/www.tenutasantome.com\/de\/vini-autoctoni\/","url":"https:\/\/www.tenutasantome.com\/de\/vini-autoctoni\/","name":"Autochtone Resorbten | Santom\u00e8 - Vini, meeting e resortAutochtone Resorbten | Santom\u00e8 - Wines, meetings and resortAutochtone Resorbten | Santom\u00e8 - Weine, meetings und resort","isPartOf":{"@id":"https:\/\/www.tenutasantome.com\/de\/#website"},"primaryImageOfPage":{"@id":"https:\/\/www.tenutasantome.com\/de\/vini-autoctoni\/#primaryimage"},"image":{"@id":"https:\/\/www.tenutasantome.com\/vini-autoctoni\/#primaryimage"},"thumbnailUrl":"https:\/\/www.tenutasantome.com\/wp-content\/uploads\/2018\/10\/banner-principale-autoctoni.jpg","datePublished":"2018-06-29T13:47:46+00:00","dateModified":"2019-01-17T11:35:41+00:00","description":"Wir bei Santom\u00e8 konzentrieren all unsere Energie auf die Erzeugung der beiden historisch ber\u00fchmtesten Weine der Provinz Treviso: Tai Bianco (Tocai) und Raboso Piave.","breadcrumb":{"@id":"https:\/\/www.tenutasantome.com\/de\/vini-autoctoni\/#breadcrumb"},"inLanguage":"de","potentialAction":[{"@type":"ReadAction","target":[["https:\/\/www.tenutasantome.com\/de\/vini-autoctoni\/"]]}]},{"@type":"ImageObject","inLanguage":"de","@id":"https:\/\/www.tenutasantome.com\/de\/vini-autoctoni\/#primaryimage","url":"https:\/\/www.tenutasantome.com\/wp-content\/uploads\/2018\/10\/banner-principale-autoctoni.jpg","contentUrl":"https:\/\/www.tenutasantome.com\/wp-content\/uploads\/2018\/10\/banner-principale-autoctoni.jpg","width":1920,"height":1046},{"@type":"BreadcrumbList","@id":"https:\/\/www.tenutasantome.com\/de\/vini-autoctoni\/#breadcrumb","itemListElement":[{"@type":"ListItem","position":1,"name":"Home","item":"https:\/\/www.tenutasantome.com\/de\/"},{"@type":"ListItem","position":2,"name":"Vitigni autoctoni"}]},{"@type":"WebSite","@id":"https:\/\/www.tenutasantome.com\/de\/#website","url":"https:\/\/www.tenutasantome.com\/de\/","name":"Santom\u00e8","description":"Weine, meetings und resort","potentialAction":[{"@type":"SearchAction","target":{"@type":"EntryPoint","urlTemplate":"https:\/\/www.tenutasantome.com\/de\/?s={search_term_string}"},"query-input":{"@type":"PropertyValueSpecification","valueRequired":true,"valueName":"search_term_string"}}],"inLanguage":"de"}]}},"_links":{"self":[{"href":"https:\/\/www.tenutasantome.com\/de\/wp-json\/wp\/v2\/pages\/267","targetHints":{"allow":["GET"]}}],"collection":[{"href":"https:\/\/www.tenutasantome.com\/de\/wp-json\/wp\/v2\/pages"}],"about":[{"href":"https:\/\/www.tenutasantome.com\/de\/wp-json\/wp\/v2\/types\/page"}],"author":[{"embeddable":true,"href":"https:\/\/www.tenutasantome.com\/de\/wp-json\/wp\/v2\/users\/2"}],"replies":[{"embeddable":true,"href":"https:\/\/www.tenutasantome.com\/de\/wp-json\/wp\/v2\/comments?post=267"}],"version-history":[{"count":0,"href":"https:\/\/www.tenutasantome.com\/de\/wp-json\/wp\/v2\/pages\/267\/revisions"}],"wp:featuredmedia":[{"embeddable":true,"href":"https:\/\/www.tenutasantome.com\/de\/wp-json\/wp\/v2\/media\/1628"}],"wp:attachment":[{"href":"https:\/\/www.tenutasantome.com\/de\/wp-json\/wp\/v2\/media?parent=267"}],"curies":[{"name":"wp","href":"https:\/\/api.w.org\/{rel}","templated":true}]}}