{"id":230,"date":"2018-06-29T13:21:00","date_gmt":"2018-06-29T11:21:00","guid":{"rendered":"https:\/\/www.tenutasantome.com\/it\/?page_id=230"},"modified":"2021-01-27T17:44:43","modified_gmt":"2021-01-27T16:44:43","slug":"il-pinot-grigio","status":"publish","type":"page","link":"https:\/\/www.tenutasantome.com\/de\/il-pinot-grigio\/","title":{"rendered":"Pinot Grigio"},"content":{"rendered":"<div class=\"wpb-content-wrapper\"><p>[vc_row el_id=&#8221;row-overlay&#8221;][vc_column width=&#8221;1\/2&#8243;][vc_custom_heading text=&#8221;PINOT GRIGIO&#8221; use_theme_fonts=&#8221;yes&#8221;][vc_column_text]<\/p>\n<p class=\"Bodytext20\" style=\"margin-top: 0cm; background: transparent;\">Dieser historische Wein wird im Gebiet um Venedig bereits seit den Zeiten der Republik Venedig (1400-1800) gekeltert. Im Laufe der Jahre hat er sich auf den Gro\u00dfteil des Nordostens Italiens verbreitet und geh\u00f6rt zu den meistangebauten Rebsorten.<\/p>\n<p class=\"Bodytext20\" style=\"margin-top: 0cm; background: transparent;\">Die Beliebtheit des italienischen Grauburgunders ist so weit herangewachsen, dass er heute international gesehen <strong>zu den ber\u00fchmtesten Weinen<\/strong> z\u00e4hlt.<\/p>\n<p>[\/vc_column_text][\/vc_column][vc_column width=&#8221;1\/2&#8243;][\/vc_column][\/vc_row][vc_row css_animation=&#8221;fadeInUp&#8221;][vc_column width=&#8221;1\/2&#8243; css=&#8221;.vc_custom_1534148759694{padding-left: 20px !important;}&#8221;][vc_column_text css=&#8221;.vc_custom_1547740549668{padding-left: 20px !important;}&#8221;]<strong>PINOT GRIGIO<\/strong>: Das Anbaugebiet[\/vc_column_text][vc_single_image image=&#8221;1116&#8243; img_size=&#8221;full&#8221; onclick=&#8221;link_image&#8221; css=&#8221;.vc_custom_1545389038610{padding-left: 20px !important;}&#8221;][\/vc_column][vc_column width=&#8221;1\/2&#8243;][vc_column_text]Derzeit stammen 85 % der italienischen Produktion \u2013 mengenm\u00e4\u00dfig die gr\u00f6\u00dfte Produktion weltweit \u2013 aus dem Gebiet der Drei Venetien (die Regionen Veneto, Friaul und Trentino). Eben aus diesem Grund wurde im September 2017 die neue kontrollierte Ursprungsbezeichnung <strong>DOC delle Venezie<\/strong> ins Leben gerufen, was den Kellereien aus dem Nordosten Italiens zu verdanken ist, die die Herkunft des \u201ePinot Grigio\u201c sch\u00fctzen wollten, um den Liebhabern dieser italienischen Exzellenz eine entsprechende Produktgarantie zu gew\u00e4hrleisten.<br \/>\nDer Grauburgunder von Santom\u00e8 wird auf den <strong>4 Hektar Weing\u00e4rten in Roncade<\/strong>, in der Ortschaft Carboncine angebaut. Hier ist der Boden reich an Ton und Caranto, was dem Wein einen gewissen <strong>Gehalt<\/strong> und seine <strong>Pers\u00f6nlichkeit<\/strong> verleiht.[\/vc_column_text][\/vc_column][\/vc_row][vc_row css_animation=&#8221;fadeInUp&#8221;][vc_column][vc_empty_space height=&#8221;50&#8243;][\/vc_column][\/vc_row][vc_row content_placement=&#8221;middle&#8221; css_animation=&#8221;fadeInUp&#8221; el_class=&#8221;row-pinot-grigio&#8221;][vc_column][vc_column_text]<\/p>\n<h4 style=\"text-align: center;\">Unser Pinot Grigio<\/h4>\n<p>[\/vc_column_text]\n<div class=\"wines-row-container\">\n\t\t\t\t\t\t\t\n\t\t\t\t\n\t\t\t\t\t\t\t<div class=\"row row-wines\">\n\t\t\t\t\t\t\t\n\t\t\t\t\t\t\t\t\n\t\t\t\t\t\n\t\t\t\t<div class=\"col-md-3 col-sm-6 col-xs-12 col-single-wine-container wpb_content_element wpb_animate_when_almost_visible wpb_fadeInUp fadeInUp animated wpb_start_animation\">\n\t\t\t\t\t<div class=\"col-single-wine\">\n\t\t\t\t\t\t<div class=\"wine-image text-center\">\n\t\t\t\t\t\t\t<a href=\"https:\/\/www.tenutasantome.com\/de\/wines\/pinot-grigio\/\">\n\t\t\t\t\t\t\t\t\t\t\t\t\t\t\t\t\t<img loading=\"lazy\" decoding=\"async\" width=\"133\" height=\"300\" src=\"https:\/\/www.tenutasantome.com\/wp-content\/uploads\/2018\/07\/09-Pinot-Grigio-1-133x300.png\" class=\"img-responsive wp-post-image\" alt=\"\" srcset=\"https:\/\/www.tenutasantome.com\/wp-content\/uploads\/2018\/07\/09-Pinot-Grigio-1-133x300.png 133w, https:\/\/www.tenutasantome.com\/wp-content\/uploads\/2018\/07\/09-Pinot-Grigio-1.png 444w\" sizes=\"auto, (max-width: 133px) 100vw, 133px\" \/>\t\t\t\t\t\t\t\t\t\t\t\t\t\t\t<\/a>\n\t\t\t\t\t\t<\/div>\n\t\t\t\t\t\t<div class=\"wine-title text-center\">\n\t\t\t\t\t\t\t<a href=\"https:\/\/www.tenutasantome.com\/de\/wines\/pinot-grigio\/\">Pinot Grigio<\/a>\n\t\t\t\t\t\t<\/div>\n\t\t\t\t\t\t<div class=\"wine-denomination text-center\">\n\t\t\t\t\t\t\tDOC delle Venezie\t\t\t\t\t\t<\/div>\n\t\t\t\t\t\t<div class=\"wine-divider\"><\/div>\n\t\t\t\t\t\t<div class=\"wine-alcol text-center\">\n\t\t\t\t\t\t\t13,00% vol. Alc.\n\t\t\t\t\t\t<\/div>\n\t\t\t\t\t\t<div class=\"wine-link text-center\">\n\t\t\t\t\t\t\t<a href=\"https:\/\/www.tenutasantome.com\/de\/wines\/pinot-grigio\/\">\n\t\t\t\t\t\t\t\tEntdecken <i class=\"fa fa-chevron-right\" aria-hidden=\"true\"><\/i>\n\t\t\t\t\t\t\t<\/a>\n\t\t\t\t\t\t<\/div>\n\t\t\t\t\t<\/div>\n\t\t\t\t<\/div>\n\t\t\t\n\t\t\t\t\n\t\t\t\n\t\t<\/div>\t\t\n\t\t\t<\/div>[\/vc_column][\/vc_row][vc_row css_animation=&#8221;fadeInUp&#8221;][vc_column][vc_column_text el_class=&#8221;h4-h5-block-interline&#8221;]<\/p>\n<h5 style=\"text-align: center;\">PINOT GRIGIO DOC DELLE VENEZIE<\/h5>\n<h4 style=\"text-align: center;\">WEINBERG CARBONCINE<\/h4>\n<p>[\/vc_column_text][vc_column_text]<\/p>\n<div class=\"wpb_text_column wpb_content_element \">\n<div class=\"wpb_wrapper\">\n<p>In Roncade, dem Unternehmenssitz der Tenuta Santom\u00e8, wurden im Weingarten Carboncine \u2013 dort, wo der Boden besonders reich an Ton und Caranto ist \u2013 4 Hektar mit Pinot Grigio bestockt.<br \/>\nDer Grauburgunder von Santom\u00e8 wird auf den 4 Hektar Weing\u00e4rten in Roncade, in der Ortschaft Carboncine angebaut. Hier ist der Boden reich an Ton und Caranto, was dem Wein einen gewissen Gehalt und seine Pers\u00f6nlichkeit verleiht.<\/p>\n<\/div>\n<\/div>\n<p>[\/vc_column_text][vc_media_grid element_width=&#8221;3&#8243; grid_id=&#8221;vc_gid:1611765859738-7b35a03f-3799-3&#8243; include=&#8221;112,1400,1402,967&#8243;][\/vc_column][\/vc_row][vc_row css_animation=&#8221;fadeInUp&#8221;][vc_column][vc_empty_space height=&#8221;50&#8243;][\/vc_column][\/vc_row][vc_row css_animation=&#8221;fadeInUp&#8221; disable_element=&#8221;yes&#8221;][vc_column width=&#8221;1\/6&#8243;][vc_column_text css=&#8221;.vc_custom_1546871478371{padding-top: 10px !important;}&#8221;]<\/p>\n<p style=\"text-align: center;\"><strong>DIE WEINE:<\/strong><\/p>\n<p>[\/vc_column_text][\/vc_column][vc_column width=&#8221;5\/6&#8243;]<div class=\"row row-wines-rectangles-blocks\"><div class=\"col-wine-block\"><a href=\"\/it\/pinot-grigio\/\"><div class=\"active wine-name\">Pinot Grigio<\/div><\/a><\/div><div class=\"col-wine-block\"><a href=\"\/it\/prosecco\/\"><div class=\"wine-name\">Prosecchi<\/div><\/a><\/div><div class=\"col-wine-block\"><a href=\"\/it\/vini-autoctoni\/\"><div class=\"wine-name\">Autoctoni<\/div><\/a><\/div><div class=\"col-wine-block\"><a href=\"\/it\/blend-unici\/\"><div class=\"wine-name\">Blend unici<\/div><\/a><\/div><div class=\"col-wine-block\"><a href=\"\/it\/vitigni-internazionali\/\"><div class=\"wine-name\">Internazionali<\/div><\/a><\/div><\/div>[\/vc_column][\/vc_row]<\/p>\n<\/div>","protected":false},"excerpt":{"rendered":"[vc_row el_id=&#8221;row-overlay&#8221;][vc_column width=&#8221;1\/2&#8243;][vc_custom_heading text=&#8221;PINOT GRIGIO&#8221; use_theme_fonts=&#8221;yes&#8221;][vc_column_text] Dieser historische Wein wird im Gebiet um Venedig bereits seit den Zeiten der Republik Venedig (1400-1800) gekeltert. Im Laufe der Jahre hat er sich auf den Gro\u00dfteil des Nordostens Italiens verbreitet und geh\u00f6rt zu den meistangebauten Rebsorten. Die Beliebtheit des italienischen Grauburgunders ist so weit herangewachsen, dass er heute [&hellip;]","protected":false},"author":2,"featured_media":231,"parent":0,"menu_order":0,"comment_status":"closed","ping_status":"closed","template":"","meta":{"_acf_changed":false,"footnotes":""},"class_list":["post-230","page","type-page","status-publish","hentry"],"acf":[],"yoast_head":"<!-- This site is optimized with the Yoast SEO plugin v25.3.1 - https:\/\/yoast.com\/wordpress\/plugins\/seo\/ -->\n<title>Das Pinot Grigio | Tenute Santom\u00e8<\/title>\n<meta name=\"description\" content=\"Die Beliebtheit des italienischen Grauburgunders ist so weit herangewachsen, dass er heute international gesehen zu den ber\u00fchmtesten Weinen z\u00e4hlt.\" \/>\n<meta name=\"robots\" content=\"index, follow, max-snippet:-1, max-image-preview:large, max-video-preview:-1\" \/>\n<link rel=\"canonical\" href=\"https:\/\/www.tenutasantome.com\/de\/il-pinot-grigio\/\" \/>\n<meta property=\"og:locale\" content=\"de_DE\" \/>\n<meta property=\"og:type\" content=\"article\" \/>\n<meta property=\"og:title\" content=\"Das Pinot Grigio | Tenute Santom\u00e8\" \/>\n<meta property=\"og:description\" content=\"Die Beliebtheit des italienischen Grauburgunders ist so weit herangewachsen, dass er heute international gesehen zu den ber\u00fchmtesten Weinen z\u00e4hlt.\" \/>\n<meta property=\"og:url\" content=\"https:\/\/www.tenutasantome.com\/de\/il-pinot-grigio\/\" \/>\n<meta property=\"og:site_name\" content=\"Santom\u00e8\" \/>\n<meta property=\"article:modified_time\" content=\"2021-01-27T16:44:43+00:00\" \/>\n<meta property=\"og:image\" content=\"https:\/\/www.tenutasantome.com\/wp-content\/uploads\/2018\/06\/banner-pinot-grigio.jpg\" \/>\n\t<meta property=\"og:image:width\" content=\"1920\" \/>\n\t<meta property=\"og:image:height\" content=\"1073\" \/>\n\t<meta property=\"og:image:type\" content=\"image\/jpeg\" \/>\n<meta name=\"twitter:card\" content=\"summary_large_image\" \/>\n<meta name=\"twitter:label1\" content=\"Gesch\u00e4tzte Lesezeit\" \/>\n\t<meta name=\"twitter:data1\" content=\"7\u00a0Minuten\" \/>\n<script type=\"application\/ld+json\" class=\"yoast-schema-graph\">{\"@context\":\"https:\/\/schema.org\",\"@graph\":[{\"@type\":\"WebPage\",\"@id\":\"https:\/\/www.tenutasantome.com\/de\/il-pinot-grigio\/\",\"url\":\"https:\/\/www.tenutasantome.com\/de\/il-pinot-grigio\/\",\"name\":\"Das Pinot Grigio | Tenute Santom\u00e8\",\"isPartOf\":{\"@id\":\"https:\/\/www.tenutasantome.com\/de\/#website\"},\"primaryImageOfPage\":{\"@id\":\"https:\/\/www.tenutasantome.com\/de\/il-pinot-grigio\/#primaryimage\"},\"image\":{\"@id\":\"https:\/\/www.tenutasantome.com\/il-pinot-grigio\/#primaryimage\"},\"thumbnailUrl\":\"https:\/\/www.tenutasantome.com\/wp-content\/uploads\/2018\/06\/banner-pinot-grigio.jpg\",\"datePublished\":\"2018-06-29T11:21:00+00:00\",\"dateModified\":\"2021-01-27T16:44:43+00:00\",\"description\":\"Die Beliebtheit des italienischen Grauburgunders ist so weit herangewachsen, dass er heute international gesehen zu den ber\u00fchmtesten Weinen z\u00e4hlt.\",\"breadcrumb\":{\"@id\":\"https:\/\/www.tenutasantome.com\/de\/il-pinot-grigio\/#breadcrumb\"},\"inLanguage\":\"de\",\"potentialAction\":[{\"@type\":\"ReadAction\",\"target\":[[\"https:\/\/www.tenutasantome.com\/de\/il-pinot-grigio\/\"]]}]},{\"@type\":\"ImageObject\",\"inLanguage\":\"de\",\"@id\":\"https:\/\/www.tenutasantome.com\/de\/il-pinot-grigio\/#primaryimage\",\"url\":\"https:\/\/www.tenutasantome.com\/wp-content\/uploads\/2018\/06\/banner-pinot-grigio.jpg\",\"contentUrl\":\"https:\/\/www.tenutasantome.com\/wp-content\/uploads\/2018\/06\/banner-pinot-grigio.jpg\",\"width\":1920,\"height\":1073},{\"@type\":\"BreadcrumbList\",\"@id\":\"https:\/\/www.tenutasantome.com\/de\/il-pinot-grigio\/#breadcrumb\",\"itemListElement\":[{\"@type\":\"ListItem\",\"position\":1,\"name\":\"Home\",\"item\":\"https:\/\/www.tenutasantome.com\/de\/\"},{\"@type\":\"ListItem\",\"position\":2,\"name\":\"Pinot Grigio\"}]},{\"@type\":\"WebSite\",\"@id\":\"https:\/\/www.tenutasantome.com\/de\/#website\",\"url\":\"https:\/\/www.tenutasantome.com\/de\/\",\"name\":\"Santom\u00e8\",\"description\":\"Weine, meetings und resort\",\"potentialAction\":[{\"@type\":\"SearchAction\",\"target\":{\"@type\":\"EntryPoint\",\"urlTemplate\":\"https:\/\/www.tenutasantome.com\/de\/?s={search_term_string}\"},\"query-input\":{\"@type\":\"PropertyValueSpecification\",\"valueRequired\":true,\"valueName\":\"search_term_string\"}}],\"inLanguage\":\"de\"}]}<\/script>\n<!-- \/ Yoast SEO plugin. -->","yoast_head_json":{"title":"Das Pinot Grigio | Tenute Santom\u00e8","description":"Die Beliebtheit des italienischen Grauburgunders ist so weit herangewachsen, dass er heute international gesehen zu den ber\u00fchmtesten Weinen z\u00e4hlt.","robots":{"index":"index","follow":"follow","max-snippet":"max-snippet:-1","max-image-preview":"max-image-preview:large","max-video-preview":"max-video-preview:-1"},"canonical":"https:\/\/www.tenutasantome.com\/de\/il-pinot-grigio\/","og_locale":"de_DE","og_type":"article","og_title":"Das Pinot Grigio | Tenute Santom\u00e8","og_description":"Die Beliebtheit des italienischen Grauburgunders ist so weit herangewachsen, dass er heute international gesehen zu den ber\u00fchmtesten Weinen z\u00e4hlt.","og_url":"https:\/\/www.tenutasantome.com\/de\/il-pinot-grigio\/","og_site_name":"Santom\u00e8","article_modified_time":"2021-01-27T16:44:43+00:00","og_image":[{"width":1920,"height":1073,"url":"https:\/\/www.tenutasantome.com\/wp-content\/uploads\/2018\/06\/banner-pinot-grigio.jpg","type":"image\/jpeg"}],"twitter_card":"summary_large_image","twitter_misc":{"Gesch\u00e4tzte Lesezeit":"7\u00a0Minuten"},"schema":{"@context":"https:\/\/schema.org","@graph":[{"@type":"WebPage","@id":"https:\/\/www.tenutasantome.com\/de\/il-pinot-grigio\/","url":"https:\/\/www.tenutasantome.com\/de\/il-pinot-grigio\/","name":"Das Pinot Grigio | Tenute Santom\u00e8","isPartOf":{"@id":"https:\/\/www.tenutasantome.com\/de\/#website"},"primaryImageOfPage":{"@id":"https:\/\/www.tenutasantome.com\/de\/il-pinot-grigio\/#primaryimage"},"image":{"@id":"https:\/\/www.tenutasantome.com\/il-pinot-grigio\/#primaryimage"},"thumbnailUrl":"https:\/\/www.tenutasantome.com\/wp-content\/uploads\/2018\/06\/banner-pinot-grigio.jpg","datePublished":"2018-06-29T11:21:00+00:00","dateModified":"2021-01-27T16:44:43+00:00","description":"Die Beliebtheit des italienischen Grauburgunders ist so weit herangewachsen, dass er heute international gesehen zu den ber\u00fchmtesten Weinen z\u00e4hlt.","breadcrumb":{"@id":"https:\/\/www.tenutasantome.com\/de\/il-pinot-grigio\/#breadcrumb"},"inLanguage":"de","potentialAction":[{"@type":"ReadAction","target":[["https:\/\/www.tenutasantome.com\/de\/il-pinot-grigio\/"]]}]},{"@type":"ImageObject","inLanguage":"de","@id":"https:\/\/www.tenutasantome.com\/de\/il-pinot-grigio\/#primaryimage","url":"https:\/\/www.tenutasantome.com\/wp-content\/uploads\/2018\/06\/banner-pinot-grigio.jpg","contentUrl":"https:\/\/www.tenutasantome.com\/wp-content\/uploads\/2018\/06\/banner-pinot-grigio.jpg","width":1920,"height":1073},{"@type":"BreadcrumbList","@id":"https:\/\/www.tenutasantome.com\/de\/il-pinot-grigio\/#breadcrumb","itemListElement":[{"@type":"ListItem","position":1,"name":"Home","item":"https:\/\/www.tenutasantome.com\/de\/"},{"@type":"ListItem","position":2,"name":"Pinot Grigio"}]},{"@type":"WebSite","@id":"https:\/\/www.tenutasantome.com\/de\/#website","url":"https:\/\/www.tenutasantome.com\/de\/","name":"Santom\u00e8","description":"Weine, meetings und resort","potentialAction":[{"@type":"SearchAction","target":{"@type":"EntryPoint","urlTemplate":"https:\/\/www.tenutasantome.com\/de\/?s={search_term_string}"},"query-input":{"@type":"PropertyValueSpecification","valueRequired":true,"valueName":"search_term_string"}}],"inLanguage":"de"}]}},"_links":{"self":[{"href":"https:\/\/www.tenutasantome.com\/de\/wp-json\/wp\/v2\/pages\/230","targetHints":{"allow":["GET"]}}],"collection":[{"href":"https:\/\/www.tenutasantome.com\/de\/wp-json\/wp\/v2\/pages"}],"about":[{"href":"https:\/\/www.tenutasantome.com\/de\/wp-json\/wp\/v2\/types\/page"}],"author":[{"embeddable":true,"href":"https:\/\/www.tenutasantome.com\/de\/wp-json\/wp\/v2\/users\/2"}],"replies":[{"embeddable":true,"href":"https:\/\/www.tenutasantome.com\/de\/wp-json\/wp\/v2\/comments?post=230"}],"version-history":[{"count":0,"href":"https:\/\/www.tenutasantome.com\/de\/wp-json\/wp\/v2\/pages\/230\/revisions"}],"wp:featuredmedia":[{"embeddable":true,"href":"https:\/\/www.tenutasantome.com\/de\/wp-json\/wp\/v2\/media\/231"}],"wp:attachment":[{"href":"https:\/\/www.tenutasantome.com\/de\/wp-json\/wp\/v2\/media?parent=230"}],"curies":[{"name":"wp","href":"https:\/\/api.w.org\/{rel}","templated":true}]}}