{"id":20,"date":"2018-06-19T20:12:57","date_gmt":"2018-06-19T18:12:57","guid":{"rendered":"https:\/\/www.tenutasantome.com\/it\/?page_id=20"},"modified":"2025-08-27T17:49:17","modified_gmt":"2025-08-27T15:49:17","slug":"meeting","status":"publish","type":"page","link":"https:\/\/www.tenutasantome.com\/de\/meeting\/","title":{"rendered":"Meeting"},"content":{"rendered":"<div class=\"wpb-content-wrapper\"><p>[vc_row el_id=&#8221;row-overlay&#8221;][vc_column width=&#8221;1\/2&#8243;][vc_custom_heading text=&#8221;KONFERENZEN UND MEETINGS&#8221; use_theme_fonts=&#8221;yes&#8221;][vc_column_text]<span style=\"font-weight: 400;\">Unsere Konferenzr\u00e4ume sind mit <strong>moderner Projektions-, Audio- und Kommunikationstechnik<\/strong> ausgestattet und eignen sich perfekt f\u00fcr Tagungen, Teambuilding Events und gesch\u00e4ftliche Meetings. Innovative Technologie und die Ruhe inmitten der Weinberge erg\u00e4nzen sich hier perfekt.<\/span>[\/vc_column_text][\/vc_column][vc_column width=&#8221;1\/2&#8243;][\/vc_column][\/vc_row][vc_row css_animation=&#8221;fadeInUp&#8221;][vc_column width=&#8221;1\/2&#8243;][vc_column_text]<\/p>\n<h3 style=\"text-align: left;\">Audio- und Videoraum<\/h3>\n<p>[\/vc_column_text][vc_column_text css=&#8221;&#8221;]<\/p>\n<ul>\n<li>90 m\u00b2 gro\u00dfer Raum mit 63 St\u00fchlen mit Tisch, Stromanschluss und USB<\/li>\n<li>Verst\u00e4rkung mit \u201eBose Professional\u201c dolby surround 9.2<\/li>\n<li>\u201eControl4\u201c f\u00fcr eine einfache und selbstst\u00e4ndige Steuerung der Anlage<\/li>\n<li>WLAN-Internetverbindung<\/li>\n<li>Panorama-Bildschirm 16\/9 (420 x 236 cm)<\/li>\n<li>Rednerpult mit allen notwendigen Anschl\u00fcssen (VGA, HDMI)<\/li>\n<li>Video: digital, analog, kabellos<\/li>\n<li>Audio: Mikrofone \u201eGooseneck\u201c und kabellos (Headset und dynamisches Mikro)<\/li>\n<\/ul>\n<p>[\/vc_column_text][\/vc_column][vc_column width=&#8221;1\/2&#8243;][vc_single_image image=&#8221;1466&#8243; img_size=&#8221;full&#8221; alignment=&#8221;center&#8221; onclick=&#8221;link_image&#8221;][\/vc_column][\/vc_row][vc_row css_animation=&#8221;fadeInUp&#8221;][vc_column][vc_media_grid element_width=&#8221;3&#8243; grid_id=&#8221;vc_gid:1756309745385-a67d6b94-1f20-8&#8243; include=&#8221;1469,1468,1467,1470&#8243;][vc_empty_space][vc_separator][vc_empty_space][\/vc_column][\/vc_row][vc_row css_animation=&#8221;fadeInUp&#8221;][vc_column width=&#8221;1\/2&#8243;][vc_column_text]<\/p>\n<h3>Vor und nach den Meetings<\/h3>\n<ul>\n<li style=\"font-weight: 400;\"><span style=\"font-weight: 400;\">Heller, 210 m\u00b2 gro\u00dfer Raum mit Ausblick auf die Weing\u00e4rten des Weinguts \u00a0<\/span><\/li>\n<li style=\"font-weight: 400;\"><span style=\"font-weight: 400;\">F\u00fcr maximal 60 Personen (Stehpl\u00e4tze) \u00a0<\/span><\/li>\n<li style=\"font-weight: 400;\"><span style=\"font-weight: 400;\">Tische und St\u00fchle f\u00fcr 30 Personen <\/span><\/li>\n<li style=\"font-weight: 400;\"><span style=\"font-weight: 400;\">Zwei 55-Zoll-Bildschirme f\u00fcr PC-Anschluss (VGA \u2013 HDMI und AirPlay)<\/span><\/li>\n<li style=\"font-weight: 400;\"><span style=\"font-weight: 400;\">Verst\u00e4rkungsanlage mit Musik und dynamischem Mikro <\/span><\/li>\n<li style=\"font-weight: 400;\"><span style=\"font-weight: 400;\">Entspannungsbereich mit Billardtisch und Tischfu\u00dfball <\/span><\/li>\n<li style=\"font-weight: 400;\"><span style=\"font-weight: 400;\">Zugang auf die Panoramaterrasse mit Ausblick auf die Weing\u00e4rten <\/span><\/li>\n<\/ul>\n<p>[\/vc_column_text][\/vc_column][vc_column width=&#8221;1\/2&#8243;][vc_single_image image=&#8221;1458&#8243; img_size=&#8221;full&#8221; onclick=&#8221;link_image&#8221;][\/vc_column][\/vc_row][vc_row css_animation=&#8221;fadeInUp&#8221;][vc_column][vc_media_grid element_width=&#8221;3&#8243; grid_id=&#8221;vc_gid:1756309745386-5b08ca6b-18ab-0&#8243; include=&#8221;1460,1459,1462,1461&#8243;][\/vc_column][\/vc_row][vc_row css_animation=&#8221;fadeInUp&#8221;][vc_column][vc_empty_space][vc_separator][vc_custom_heading text=&#8221;SERVICELEISTUNGEN F\u00dcR MEETINGS&#8221; font_container=&#8221;tag:h4|text_align:left&#8221; use_theme_fonts=&#8221;yes&#8221;][\/vc_column][\/vc_row][vc_row css_animation=&#8221;fadeInUp&#8221; disable_element=&#8221;yes&#8221;][vc_column width=&#8221;1\/2&#8243;][vc_column_text]<\/p>\n<ul>\n<li><strong>Coffe break 1:<\/strong> caff\u00e8, acqua, succhi di frutta, biscotti secchi artigianali, mini-brioches dolci o mignon alla crema.<br \/>\n<strong>Tariffa:<\/strong> \u20ac 5,00 + Iva 10% a persona<\/li>\n<\/ul>\n<ul>\n<li><strong>Coffe break 2:<\/strong> caff\u00e8, acqua, succhi di frutta, selezione di t\u00e8.<br \/>\n<strong>Tariffa:<\/strong> \u20ac 3,00 + Iva 10% a persona<\/li>\n<\/ul>\n<p>[\/vc_column_text][\/vc_column][vc_column width=&#8221;1\/2&#8243;][vc_column_text]<\/p>\n<ul>\n<li><strong>Aperitivo finale 1:<\/strong> Prosecco Extra Dry Doc Treviso e Moro\u201941 (Merlot &#8211; Raboso), acqua, selezione di stuzzichini da pasticceria (pizzette, salatini e mini-sandwich). Tariffa: \u20ac 10,00 + Iva 10% a persona<\/li>\n<\/ul>\n<ul>\n<li><strong>Aperitivo finale 2:<\/strong> Prosecco Extra Dry Doc Treviso e Moro\u201941 (Merlot &#8211; Raboso), acqua, selezione di stuzzichini da pasticceria (pizzette, salatini, bocconcini di tramezzini e mini-sandwich). Tariffa: \u20ac 15,00 + Iva 10% a persona<\/li>\n<\/ul>\n<p>[\/vc_column_text][\/vc_column][\/vc_row][vc_row css_animation=&#8221;fadeInUp&#8221;][vc_column][vc_column_text]<span style=\"font-weight: 400;\">Gerne geben wir Ihnen n\u00e4here Auskunft \u00fcber unsere Leistungen rund um Ihre Meetings und erstellen Ihren ganz pers\u00f6nlichen Kostenvoranschlag. Rufen Sie uns einfach an <a href=\"tel:+390422848189\">+39.0422.848189<\/a> oder Schreiben Sie uns an die Adresse\u00a0<a href=\"mailto:info@tenutasantome.com\">info@tenutasantome.com<\/a><\/span>[\/vc_column_text][\/vc_column][\/vc_row][vc_row disable_element=&#8221;yes&#8221;][vc_column][vc_media_grid element_width=&#8221;3&#8243; gap=&#8221;3&#8243; grid_id=&#8221;vc_gid:1756309745387-40bc57f3-e847-10&#8243; include=&#8221;352,344,363,365,367,369,370,354&#8243;][\/vc_column][\/vc_row]<\/p>\n<\/div>","protected":false},"excerpt":{"rendered":"[vc_row el_id=&#8221;row-overlay&#8221;][vc_column width=&#8221;1\/2&#8243;][vc_custom_heading text=&#8221;KONFERENZEN UND MEETINGS&#8221; use_theme_fonts=&#8221;yes&#8221;][vc_column_text]Unsere Konferenzr\u00e4ume sind mit moderner Projektions-, Audio- und Kommunikationstechnik ausgestattet und eignen sich perfekt f\u00fcr Tagungen, Teambuilding Events und gesch\u00e4ftliche Meetings. Innovative Technologie und die Ruhe inmitten der Weinberge erg\u00e4nzen sich hier perfekt.[\/vc_column_text][\/vc_column][vc_column width=&#8221;1\/2&#8243;][\/vc_column][\/vc_row][vc_row css_animation=&#8221;fadeInUp&#8221;][vc_column width=&#8221;1\/2&#8243;][vc_column_text] Audio- und Videoraum [\/vc_column_text][vc_column_text css=&#8221;&#8221;] 90 m\u00b2 gro\u00dfer Raum mit 63 St\u00fchlen mit [&hellip;]","protected":false},"author":2,"featured_media":1478,"parent":0,"menu_order":0,"comment_status":"closed","ping_status":"closed","template":"","meta":{"_acf_changed":false,"footnotes":""},"class_list":["post-20","page","type-page","status-publish","hentry"],"acf":[],"yoast_head":"<!-- This site is optimized with the Yoast SEO plugin v25.3.1 - https:\/\/yoast.com\/wordpress\/plugins\/seo\/ -->\n<title>Meeting | Santom\u00e8 - Weine, meetings und resort<\/title>\n<meta name=\"description\" content=\"Unsere Konferenzr\u00e4ume sind mit moderner Projektions-, Audio- und Kommunikationstechnik ausgestattet und eignen sich perfekt f\u00fcr gesch\u00e4ftliche Meetings.\" \/>\n<meta name=\"robots\" content=\"index, follow, max-snippet:-1, max-image-preview:large, max-video-preview:-1\" \/>\n<link rel=\"canonical\" href=\"https:\/\/www.tenutasantome.com\/de\/meeting\/\" \/>\n<meta property=\"og:locale\" content=\"de_DE\" \/>\n<meta property=\"og:type\" content=\"article\" \/>\n<meta property=\"og:title\" content=\"Meeting | Santom\u00e8 - Weine, meetings und resort\" \/>\n<meta property=\"og:description\" content=\"Unsere Konferenzr\u00e4ume sind mit moderner Projektions-, Audio- und Kommunikationstechnik ausgestattet und eignen sich perfekt f\u00fcr gesch\u00e4ftliche Meetings.\" \/>\n<meta property=\"og:url\" content=\"https:\/\/www.tenutasantome.com\/de\/meeting\/\" \/>\n<meta property=\"og:site_name\" content=\"Santom\u00e8\" \/>\n<meta property=\"article:modified_time\" content=\"2025-08-27T15:49:17+00:00\" \/>\n<meta property=\"og:image\" content=\"https:\/\/www.tenutasantome.com\/wp-content\/uploads\/2018\/10\/sala-meeting-foto-iniziale.jpg\" \/>\n\t<meta property=\"og:image:width\" content=\"1609\" \/>\n\t<meta property=\"og:image:height\" content=\"1104\" \/>\n\t<meta property=\"og:image:type\" content=\"image\/jpeg\" \/>\n<meta name=\"twitter:card\" content=\"summary_large_image\" \/>\n<meta name=\"twitter:label1\" content=\"Gesch\u00e4tzte Lesezeit\" \/>\n\t<meta name=\"twitter:data1\" content=\"13\u00a0Minuten\" \/>\n<script type=\"application\/ld+json\" class=\"yoast-schema-graph\">{\"@context\":\"https:\/\/schema.org\",\"@graph\":[{\"@type\":\"WebPage\",\"@id\":\"https:\/\/www.tenutasantome.com\/de\/meeting\/\",\"url\":\"https:\/\/www.tenutasantome.com\/de\/meeting\/\",\"name\":\"Meeting | Santom\u00e8 - Weine, meetings und resort\",\"isPartOf\":{\"@id\":\"https:\/\/www.tenutasantome.com\/de\/#website\"},\"primaryImageOfPage\":{\"@id\":\"https:\/\/www.tenutasantome.com\/de\/meeting\/#primaryimage\"},\"image\":{\"@id\":\"https:\/\/www.tenutasantome.com\/it\/meeting\/#primaryimage\"},\"thumbnailUrl\":\"https:\/\/www.tenutasantome.com\/wp-content\/uploads\/2018\/10\/sala-meeting-foto-iniziale.jpg\",\"datePublished\":\"2018-06-19T18:12:57+00:00\",\"dateModified\":\"2025-08-27T15:49:17+00:00\",\"description\":\"Unsere Konferenzr\u00e4ume sind mit moderner Projektions-, Audio- und Kommunikationstechnik ausgestattet und eignen sich perfekt f\u00fcr gesch\u00e4ftliche Meetings.\",\"breadcrumb\":{\"@id\":\"https:\/\/www.tenutasantome.com\/de\/meeting\/#breadcrumb\"},\"inLanguage\":\"de\",\"potentialAction\":[{\"@type\":\"ReadAction\",\"target\":[[\"https:\/\/www.tenutasantome.com\/de\/meeting\/\"]]}]},{\"@type\":\"ImageObject\",\"inLanguage\":\"de\",\"@id\":\"https:\/\/www.tenutasantome.com\/de\/meeting\/#primaryimage\",\"url\":\"https:\/\/www.tenutasantome.com\/wp-content\/uploads\/2018\/10\/sala-meeting-foto-iniziale.jpg\",\"contentUrl\":\"https:\/\/www.tenutasantome.com\/wp-content\/uploads\/2018\/10\/sala-meeting-foto-iniziale.jpg\",\"width\":1609,\"height\":1104},{\"@type\":\"BreadcrumbList\",\"@id\":\"https:\/\/www.tenutasantome.com\/de\/meeting\/#breadcrumb\",\"itemListElement\":[{\"@type\":\"ListItem\",\"position\":1,\"name\":\"Home\",\"item\":\"https:\/\/www.tenutasantome.com\/de\/\"},{\"@type\":\"ListItem\",\"position\":2,\"name\":\"Meeting\"}]},{\"@type\":\"WebSite\",\"@id\":\"https:\/\/www.tenutasantome.com\/de\/#website\",\"url\":\"https:\/\/www.tenutasantome.com\/de\/\",\"name\":\"Santom\u00e8\",\"description\":\"Weine, meetings und resort\",\"potentialAction\":[{\"@type\":\"SearchAction\",\"target\":{\"@type\":\"EntryPoint\",\"urlTemplate\":\"https:\/\/www.tenutasantome.com\/de\/?s={search_term_string}\"},\"query-input\":{\"@type\":\"PropertyValueSpecification\",\"valueRequired\":true,\"valueName\":\"search_term_string\"}}],\"inLanguage\":\"de\"}]}<\/script>\n<!-- \/ Yoast SEO plugin. -->","yoast_head_json":{"title":"Meeting | Santom\u00e8 - Weine, meetings und resort","description":"Unsere Konferenzr\u00e4ume sind mit moderner Projektions-, Audio- und Kommunikationstechnik ausgestattet und eignen sich perfekt f\u00fcr gesch\u00e4ftliche Meetings.","robots":{"index":"index","follow":"follow","max-snippet":"max-snippet:-1","max-image-preview":"max-image-preview:large","max-video-preview":"max-video-preview:-1"},"canonical":"https:\/\/www.tenutasantome.com\/de\/meeting\/","og_locale":"de_DE","og_type":"article","og_title":"Meeting | Santom\u00e8 - Weine, meetings und resort","og_description":"Unsere Konferenzr\u00e4ume sind mit moderner Projektions-, Audio- und Kommunikationstechnik ausgestattet und eignen sich perfekt f\u00fcr gesch\u00e4ftliche Meetings.","og_url":"https:\/\/www.tenutasantome.com\/de\/meeting\/","og_site_name":"Santom\u00e8","article_modified_time":"2025-08-27T15:49:17+00:00","og_image":[{"width":1609,"height":1104,"url":"https:\/\/www.tenutasantome.com\/wp-content\/uploads\/2018\/10\/sala-meeting-foto-iniziale.jpg","type":"image\/jpeg"}],"twitter_card":"summary_large_image","twitter_misc":{"Gesch\u00e4tzte Lesezeit":"13\u00a0Minuten"},"schema":{"@context":"https:\/\/schema.org","@graph":[{"@type":"WebPage","@id":"https:\/\/www.tenutasantome.com\/de\/meeting\/","url":"https:\/\/www.tenutasantome.com\/de\/meeting\/","name":"Meeting | Santom\u00e8 - Weine, meetings und resort","isPartOf":{"@id":"https:\/\/www.tenutasantome.com\/de\/#website"},"primaryImageOfPage":{"@id":"https:\/\/www.tenutasantome.com\/de\/meeting\/#primaryimage"},"image":{"@id":"https:\/\/www.tenutasantome.com\/it\/meeting\/#primaryimage"},"thumbnailUrl":"https:\/\/www.tenutasantome.com\/wp-content\/uploads\/2018\/10\/sala-meeting-foto-iniziale.jpg","datePublished":"2018-06-19T18:12:57+00:00","dateModified":"2025-08-27T15:49:17+00:00","description":"Unsere Konferenzr\u00e4ume sind mit moderner Projektions-, Audio- und Kommunikationstechnik ausgestattet und eignen sich perfekt f\u00fcr gesch\u00e4ftliche Meetings.","breadcrumb":{"@id":"https:\/\/www.tenutasantome.com\/de\/meeting\/#breadcrumb"},"inLanguage":"de","potentialAction":[{"@type":"ReadAction","target":[["https:\/\/www.tenutasantome.com\/de\/meeting\/"]]}]},{"@type":"ImageObject","inLanguage":"de","@id":"https:\/\/www.tenutasantome.com\/de\/meeting\/#primaryimage","url":"https:\/\/www.tenutasantome.com\/wp-content\/uploads\/2018\/10\/sala-meeting-foto-iniziale.jpg","contentUrl":"https:\/\/www.tenutasantome.com\/wp-content\/uploads\/2018\/10\/sala-meeting-foto-iniziale.jpg","width":1609,"height":1104},{"@type":"BreadcrumbList","@id":"https:\/\/www.tenutasantome.com\/de\/meeting\/#breadcrumb","itemListElement":[{"@type":"ListItem","position":1,"name":"Home","item":"https:\/\/www.tenutasantome.com\/de\/"},{"@type":"ListItem","position":2,"name":"Meeting"}]},{"@type":"WebSite","@id":"https:\/\/www.tenutasantome.com\/de\/#website","url":"https:\/\/www.tenutasantome.com\/de\/","name":"Santom\u00e8","description":"Weine, meetings und resort","potentialAction":[{"@type":"SearchAction","target":{"@type":"EntryPoint","urlTemplate":"https:\/\/www.tenutasantome.com\/de\/?s={search_term_string}"},"query-input":{"@type":"PropertyValueSpecification","valueRequired":true,"valueName":"search_term_string"}}],"inLanguage":"de"}]}},"_links":{"self":[{"href":"https:\/\/www.tenutasantome.com\/de\/wp-json\/wp\/v2\/pages\/20","targetHints":{"allow":["GET"]}}],"collection":[{"href":"https:\/\/www.tenutasantome.com\/de\/wp-json\/wp\/v2\/pages"}],"about":[{"href":"https:\/\/www.tenutasantome.com\/de\/wp-json\/wp\/v2\/types\/page"}],"author":[{"embeddable":true,"href":"https:\/\/www.tenutasantome.com\/de\/wp-json\/wp\/v2\/users\/2"}],"replies":[{"embeddable":true,"href":"https:\/\/www.tenutasantome.com\/de\/wp-json\/wp\/v2\/comments?post=20"}],"version-history":[{"count":1,"href":"https:\/\/www.tenutasantome.com\/de\/wp-json\/wp\/v2\/pages\/20\/revisions"}],"predecessor-version":[{"id":5493,"href":"https:\/\/www.tenutasantome.com\/de\/wp-json\/wp\/v2\/pages\/20\/revisions\/5493"}],"wp:featuredmedia":[{"embeddable":true,"href":"https:\/\/www.tenutasantome.com\/de\/wp-json\/wp\/v2\/media\/1478"}],"wp:attachment":[{"href":"https:\/\/www.tenutasantome.com\/de\/wp-json\/wp\/v2\/media?parent=20"}],"curies":[{"name":"wp","href":"https:\/\/api.w.org\/{rel}","templated":true}]}}