{"id":1331,"date":"2018-09-26T12:52:24","date_gmt":"2018-09-26T10:52:24","guid":{"rendered":"https:\/\/www.tenutasantome.com\/it\/?page_id=1331"},"modified":"2025-11-25T16:29:35","modified_gmt":"2025-11-25T15:29:35","slug":"staff","status":"publish","type":"page","link":"https:\/\/www.tenutasantome.com\/de\/team\/","title":{"rendered":"Team"},"content":{"rendered":"<div class=\"wpb-content-wrapper\"><p>[vc_row el_id=&#8221;row-overlay&#8221;][vc_column width=&#8221;1\/2&#8243;][vc_custom_heading text=&#8221;UNSER TEAM&#8221; use_theme_fonts=&#8221;yes&#8221;][vc_column_text]<span style=\"font-weight: 400;\">Ein wichtiger Grundpfeiler f\u00fcr den Erfolg eines Unternehmens ist die Unterst\u00fctzung durch seine Mitarbeiter.<\/span><\/p>\n<p><span style=\"font-weight: 400;\">Unsere Mitarbeiter sind ein wichtiger Bestandteil von Santom\u00e8 und ihnen gilt an dieser Stelle besonderer Dank f\u00fcr ihre Hilfsbereitschaft, Kompetenz und Liebe zur ihrer Arbeit.<\/span>[\/vc_column_text][\/vc_column][vc_column width=&#8221;1\/2&#8243;][\/vc_column][\/vc_row][vc_row][vc_column][vc_empty_space height=&#8221;50px&#8221;][\/vc_column][\/vc_row][vc_row css_animation=&#8221;fadeInUp&#8221;][vc_column width=&#8221;1\/4&#8243;][vc_single_image image=&#8221;1367&#8243; img_size=&#8221;full&#8221; alignment=&#8221;center&#8221;][vc_custom_heading text=&#8221;Silvia&#8221; font_container=&#8221;tag:h4|text_align:center&#8221; use_theme_fonts=&#8221;yes&#8221;][vc_column_text css=&#8221;.vc_custom_1569395612859{margin-top: 0px !important;}&#8221;]<\/p>\n<p style=\"text-align: center;\">Verantwortlich f\u00fcr Buchhaltung und Verwaltung<\/p>\n<p>[\/vc_column_text][\/vc_column][vc_column width=&#8221;1\/4&#8243;][vc_single_image image=&#8221;1360&#8243; img_size=&#8221;full&#8221; alignment=&#8221;center&#8221;][vc_custom_heading text=&#8221;Jlenia&#8221; font_container=&#8221;tag:h4|text_align:center&#8221; use_theme_fonts=&#8221;yes&#8221;][vc_column_text css=&#8221;.vc_custom_1536146498588{margin-top: 0px !important;}&#8221;]<\/p>\n<p style=\"text-align: center;\">Verantwortlich f\u00fcr die Spedition und den Au\u00dfenhandel<\/p>\n<p>[\/vc_column_text][\/vc_column][vc_column width=&#8221;1\/4&#8243;][vc_single_image image=&#8221;3290&#8243; img_size=&#8221;full&#8221; alignment=&#8221;center&#8221;][vc_custom_heading text=&#8221;Ni&#8221; font_container=&#8221;tag:h4|text_align:center&#8221; use_theme_fonts=&#8221;yes&#8221; css=&#8221;&#8221;][vc_column_text css=&#8221;.vc_custom_1569395625896{margin-top: 0px !important;}&#8221;]<\/p>\n<p style=\"text-align: center;\">Verantwortlich f\u00fcr Bed &amp; Breakfast und Gastfreundschaft<\/p>\n<p>[\/vc_column_text][\/vc_column][vc_column width=&#8221;1\/4&#8243;][vc_single_image image=&#8221;3799&#8243; img_size=&#8221;full&#8221; alignment=&#8221;center&#8221;][vc_custom_heading text=&#8221;Ornella&#8221; font_container=&#8221;tag:h4|text_align:center&#8221; use_theme_fonts=&#8221;yes&#8221;][vc_column_text css=&#8221;.vc_custom_1536146835982{margin-top: 0px !important;}&#8221;]<\/p>\n<p style=\"text-align: center;\">Verantwortlich f\u00fcr das Fr\u00fchst\u00fcck und die Raumpflege<\/p>\n<p>[\/vc_column_text][\/vc_column][\/vc_row][vc_row css_animation=&#8221;fadeInUp&#8221;][vc_column width=&#8221;1\/4&#8243;][vc_single_image image=&#8221;1357&#8243; img_size=&#8221;full&#8221; alignment=&#8221;center&#8221;][vc_custom_heading text=&#8221;Ezio&#8221; font_container=&#8221;tag:h4|text_align:center&#8221; use_theme_fonts=&#8221;yes&#8221;][vc_column_text css=&#8221;.vc_custom_1537961499356{margin-top: 0px !important;}&#8221;]<\/p>\n<p style=\"text-align: center;\">Verantwortlich f\u00fcr die Flaschenabf\u00fcllung, Spedition und verschiedene Wartungsarbeiten<\/p>\n<p>[\/vc_column_text][\/vc_column][vc_column width=&#8221;1\/4&#8243;][vc_single_image image=&#8221;1362&#8243; img_size=&#8221;full&#8221; alignment=&#8221;center&#8221;][vc_custom_heading text=&#8221;Marco&#8221; font_container=&#8221;tag:h4|text_align:center&#8221; use_theme_fonts=&#8221;yes&#8221;][vc_column_text css=&#8221;.vc_custom_1536146557260{margin-top: 0px !important;}&#8221;]<\/p>\n<p style=\"text-align: center;\">Kellermeister und Leiter der Kellerei<\/p>\n<p>[\/vc_column_text][\/vc_column][vc_column width=&#8221;1\/4&#8243;][vc_single_image image=&#8221;1364&#8243; img_size=&#8221;full&#8221; alignment=&#8221;center&#8221;][vc_custom_heading text=&#8221;Massimo&#8221; font_container=&#8221;tag:h4|text_align:center&#8221; use_theme_fonts=&#8221;yes&#8221;][vc_column_text css=&#8221;.vc_custom_1536146598742{margin-top: 0px !important;}&#8221;]<\/p>\n<p style=\"text-align: center;\">Verantwortlich f\u00fcr die Weing\u00e4rten Calandrine, Bosco Coste und Nonno Toni<\/p>\n<p>[\/vc_column_text][\/vc_column][vc_column width=&#8221;1\/4&#8243;][vc_single_image image=&#8221;1356&#8243; img_size=&#8221;full&#8221; alignment=&#8221;center&#8221;][vc_custom_heading text=&#8221;Amandeep&#8221; font_container=&#8221;tag:h4|text_align:center&#8221; use_theme_fonts=&#8221;yes&#8221;][vc_column_text css=&#8221;.vc_custom_1627661707799{margin-top: 0px !important;}&#8221;][\/vc_column_text][\/vc_column][\/vc_row][vc_row css_animation=&#8221;fadeInUp&#8221;][vc_column width=&#8221;1\/4&#8243;][vc_single_image image=&#8221;1358&#8243; img_size=&#8221;full&#8221; alignment=&#8221;center&#8221;][vc_custom_heading text=&#8221;Giacomo&#8221; font_container=&#8221;tag:h4|text_align:center&#8221; use_theme_fonts=&#8221;yes&#8221;][vc_column_text css=&#8221;.vc_custom_1536146613646{margin-top: 0px !important;}&#8221;]<\/p>\n<p style=\"text-align: center;\">Verantwortlich f\u00fcr die Weing\u00e4rten Carboncine<\/p>\n<p>[\/vc_column_text][\/vc_column][vc_column width=&#8221;1\/4&#8243;][vc_single_image image=&#8221;1359&#8243; img_size=&#8221;full&#8221; alignment=&#8221;center&#8221;][vc_custom_heading text=&#8221;Harpreet &#8211; &#8220;Happy&#8220;&#8221; font_container=&#8221;tag:h4|text_align:center&#8221; use_theme_fonts=&#8221;yes&#8221;][vc_column_text css=&#8221;.vc_custom_1627661793382{margin-top: 0px !important;}&#8221;][\/vc_column_text][\/vc_column][vc_column width=&#8221;1\/4&#8243;][vc_single_image image=&#8221;1361&#8243; img_size=&#8221;full&#8221; alignment=&#8221;center&#8221;][vc_custom_heading text=&#8221;Vinod &#8211; &#8220;Johnny&#8220;&#8221; font_container=&#8221;tag:h4|text_align:center&#8221; use_theme_fonts=&#8221;yes&#8221;][vc_column_text css=&#8221;.vc_custom_1627661835236{margin-top: 0px !important;}&#8221;][\/vc_column_text][\/vc_column][\/vc_row][vc_row css_animation=&#8221;fadeInUp&#8221;][vc_column width=&#8221;1\/4&#8243;][vc_single_image image=&#8221;1525&#8243; img_size=&#8221;full&#8221; alignment=&#8221;center&#8221;][vc_custom_heading text=&#8221;Marzio Pol&#8221; font_container=&#8221;tag:h4|text_align:center&#8221; use_theme_fonts=&#8221;yes&#8221;][vc_column_text css=&#8221;.vc_custom_1536146656654{margin-top: 0px !important;}&#8221;]<\/p>\n<p style=\"text-align: center;\">Beratender \u00d6nologe<\/p>\n<p>[\/vc_column_text][\/vc_column][vc_column width=&#8221;1\/4&#8243;][vc_single_image image=&#8221;1529&#8243; img_size=&#8221;full&#8221; alignment=&#8221;center&#8221;][vc_custom_heading text=&#8221;Flores Modolo&#8221; font_container=&#8221;tag:h4|text_align:center&#8221; use_theme_fonts=&#8221;yes&#8221;][vc_column_text css=&#8221;.vc_custom_1536146696389{margin-top: 0px !important;}&#8221;]<\/p>\n<p style=\"text-align: center;\">Beratender Agronom<\/p>\n<p>[\/vc_column_text][\/vc_column][vc_column width=&#8221;1\/4&#8243;][\/vc_column][\/vc_row]<\/p>\n<\/div>","protected":false},"excerpt":{"rendered":"[vc_row el_id=&#8221;row-overlay&#8221;][vc_column width=&#8221;1\/2&#8243;][vc_custom_heading text=&#8221;UNSER TEAM&#8221; use_theme_fonts=&#8221;yes&#8221;][vc_column_text]Ein wichtiger Grundpfeiler f\u00fcr den Erfolg eines Unternehmens ist die Unterst\u00fctzung durch seine Mitarbeiter. Unsere Mitarbeiter sind ein wichtiger Bestandteil von Santom\u00e8 und ihnen gilt an dieser Stelle besonderer Dank f\u00fcr ihre Hilfsbereitschaft, Kompetenz und Liebe zur ihrer Arbeit.[\/vc_column_text][\/vc_column][vc_column width=&#8221;1\/2&#8243;][\/vc_column][\/vc_row][vc_row][vc_column][vc_empty_space height=&#8221;50px&#8221;][\/vc_column][\/vc_row][vc_row css_animation=&#8221;fadeInUp&#8221;][vc_column width=&#8221;1\/4&#8243;][vc_single_image image=&#8221;1367&#8243; img_size=&#8221;full&#8221; alignment=&#8221;center&#8221;][vc_custom_heading text=&#8221;Silvia&#8221; font_container=&#8221;tag:h4|text_align:center&#8221; use_theme_fonts=&#8221;yes&#8221;][vc_column_text css=&#8221;.vc_custom_1569395612859{margin-top: [&hellip;]","protected":false},"author":2,"featured_media":1355,"parent":0,"menu_order":0,"comment_status":"closed","ping_status":"closed","template":"","meta":{"_acf_changed":false,"footnotes":""},"class_list":["post-1331","page","type-page","status-publish","hentry"],"acf":[],"yoast_head":"<!-- This site is optimized with the Yoast SEO plugin v25.3.1 - https:\/\/yoast.com\/wordpress\/plugins\/seo\/ -->\n<title>Team | Santom\u00e8 - Vini, meeting e resortTeam | Santom\u00e8 - Wines, meetings and resortTeam | Santom\u00e8 - Weine, meetings und resort<\/title>\n<meta name=\"description\" content=\"Ein wichtiger Grundpfeiler f\u00fcr den Erfolg eines Unternehmens ist die Unterst\u00fctzung durch seine Mitarbeiter.\" \/>\n<meta name=\"robots\" content=\"index, follow, max-snippet:-1, max-image-preview:large, max-video-preview:-1\" \/>\n<link rel=\"canonical\" href=\"https:\/\/www.tenutasantome.com\/de\/staff\/\" \/>\n<meta property=\"og:locale\" content=\"de_DE\" \/>\n<meta property=\"og:type\" content=\"article\" \/>\n<meta property=\"og:title\" content=\"Team | Santom\u00e8 - Vini, meeting e resortTeam | Santom\u00e8 - Wines, meetings and resortTeam | Santom\u00e8 - Weine, meetings und resort\" \/>\n<meta property=\"og:description\" content=\"Ein wichtiger Grundpfeiler f\u00fcr den Erfolg eines Unternehmens ist die Unterst\u00fctzung durch seine Mitarbeiter.\" \/>\n<meta property=\"og:url\" content=\"https:\/\/www.tenutasantome.com\/de\/staff\/\" \/>\n<meta property=\"og:site_name\" content=\"Santom\u00e8\" \/>\n<meta property=\"article:modified_time\" content=\"2025-11-25T15:29:35+00:00\" \/>\n<meta property=\"og:image\" content=\"https:\/\/www.tenutasantome.com\/wp-content\/uploads\/2018\/09\/staff-santome-banner.jpg\" \/>\n\t<meta property=\"og:image:width\" content=\"1920\" \/>\n\t<meta property=\"og:image:height\" content=\"550\" \/>\n\t<meta property=\"og:image:type\" content=\"image\/jpeg\" \/>\n<meta name=\"twitter:card\" content=\"summary_large_image\" \/>\n<meta name=\"twitter:label1\" content=\"Gesch\u00e4tzte Lesezeit\" \/>\n\t<meta name=\"twitter:data1\" content=\"10\u00a0Minuten\" \/>\n<script type=\"application\/ld+json\" class=\"yoast-schema-graph\">{\"@context\":\"https:\/\/schema.org\",\"@graph\":[{\"@type\":\"WebPage\",\"@id\":\"https:\/\/www.tenutasantome.com\/de\/staff\/\",\"url\":\"https:\/\/www.tenutasantome.com\/de\/staff\/\",\"name\":\"Team | Santom\u00e8 - Vini, meeting e resortTeam | Santom\u00e8 - Wines, meetings and resortTeam | Santom\u00e8 - Weine, meetings und resort\",\"isPartOf\":{\"@id\":\"https:\/\/www.tenutasantome.com\/de\/#website\"},\"primaryImageOfPage\":{\"@id\":\"https:\/\/www.tenutasantome.com\/de\/staff\/#primaryimage\"},\"image\":{\"@id\":\"https:\/\/www.tenutasantome.com\/it\/staff\/#primaryimage\"},\"thumbnailUrl\":\"https:\/\/www.tenutasantome.com\/wp-content\/uploads\/2018\/09\/staff-santome-banner.jpg\",\"datePublished\":\"2018-09-26T10:52:24+00:00\",\"dateModified\":\"2025-11-25T15:29:35+00:00\",\"description\":\"Ein wichtiger Grundpfeiler f\u00fcr den Erfolg eines Unternehmens ist die Unterst\u00fctzung durch seine Mitarbeiter.\",\"breadcrumb\":{\"@id\":\"https:\/\/www.tenutasantome.com\/de\/staff\/#breadcrumb\"},\"inLanguage\":\"de\",\"potentialAction\":[{\"@type\":\"ReadAction\",\"target\":[[\"https:\/\/www.tenutasantome.com\/de\/staff\/\"]]}]},{\"@type\":\"ImageObject\",\"inLanguage\":\"de\",\"@id\":\"https:\/\/www.tenutasantome.com\/de\/staff\/#primaryimage\",\"url\":\"https:\/\/www.tenutasantome.com\/wp-content\/uploads\/2018\/09\/staff-santome-banner.jpg\",\"contentUrl\":\"https:\/\/www.tenutasantome.com\/wp-content\/uploads\/2018\/09\/staff-santome-banner.jpg\",\"width\":1920,\"height\":550},{\"@type\":\"BreadcrumbList\",\"@id\":\"https:\/\/www.tenutasantome.com\/de\/staff\/#breadcrumb\",\"itemListElement\":[{\"@type\":\"ListItem\",\"position\":1,\"name\":\"Home\",\"item\":\"https:\/\/www.tenutasantome.com\/de\/\"},{\"@type\":\"ListItem\",\"position\":2,\"name\":\"Staff\"}]},{\"@type\":\"WebSite\",\"@id\":\"https:\/\/www.tenutasantome.com\/de\/#website\",\"url\":\"https:\/\/www.tenutasantome.com\/de\/\",\"name\":\"Santom\u00e8\",\"description\":\"Weine, meetings und resort\",\"potentialAction\":[{\"@type\":\"SearchAction\",\"target\":{\"@type\":\"EntryPoint\",\"urlTemplate\":\"https:\/\/www.tenutasantome.com\/de\/?s={search_term_string}\"},\"query-input\":{\"@type\":\"PropertyValueSpecification\",\"valueRequired\":true,\"valueName\":\"search_term_string\"}}],\"inLanguage\":\"de\"}]}<\/script>\n<!-- \/ Yoast SEO plugin. -->","yoast_head_json":{"title":"Team | Santom\u00e8 - Vini, meeting e resortTeam | Santom\u00e8 - Wines, meetings and resortTeam | Santom\u00e8 - Weine, meetings und resort","description":"Ein wichtiger Grundpfeiler f\u00fcr den Erfolg eines Unternehmens ist die Unterst\u00fctzung durch seine Mitarbeiter.","robots":{"index":"index","follow":"follow","max-snippet":"max-snippet:-1","max-image-preview":"max-image-preview:large","max-video-preview":"max-video-preview:-1"},"canonical":"https:\/\/www.tenutasantome.com\/de\/staff\/","og_locale":"de_DE","og_type":"article","og_title":"Team | Santom\u00e8 - Vini, meeting e resortTeam | Santom\u00e8 - Wines, meetings and resortTeam | Santom\u00e8 - Weine, meetings und resort","og_description":"Ein wichtiger Grundpfeiler f\u00fcr den Erfolg eines Unternehmens ist die Unterst\u00fctzung durch seine Mitarbeiter.","og_url":"https:\/\/www.tenutasantome.com\/de\/staff\/","og_site_name":"Santom\u00e8","article_modified_time":"2025-11-25T15:29:35+00:00","og_image":[{"width":1920,"height":550,"url":"https:\/\/www.tenutasantome.com\/wp-content\/uploads\/2018\/09\/staff-santome-banner.jpg","type":"image\/jpeg"}],"twitter_card":"summary_large_image","twitter_misc":{"Gesch\u00e4tzte Lesezeit":"10\u00a0Minuten"},"schema":{"@context":"https:\/\/schema.org","@graph":[{"@type":"WebPage","@id":"https:\/\/www.tenutasantome.com\/de\/staff\/","url":"https:\/\/www.tenutasantome.com\/de\/staff\/","name":"Team | Santom\u00e8 - Vini, meeting e resortTeam | Santom\u00e8 - Wines, meetings and resortTeam | Santom\u00e8 - Weine, meetings und resort","isPartOf":{"@id":"https:\/\/www.tenutasantome.com\/de\/#website"},"primaryImageOfPage":{"@id":"https:\/\/www.tenutasantome.com\/de\/staff\/#primaryimage"},"image":{"@id":"https:\/\/www.tenutasantome.com\/it\/staff\/#primaryimage"},"thumbnailUrl":"https:\/\/www.tenutasantome.com\/wp-content\/uploads\/2018\/09\/staff-santome-banner.jpg","datePublished":"2018-09-26T10:52:24+00:00","dateModified":"2025-11-25T15:29:35+00:00","description":"Ein wichtiger Grundpfeiler f\u00fcr den Erfolg eines Unternehmens ist die Unterst\u00fctzung durch seine Mitarbeiter.","breadcrumb":{"@id":"https:\/\/www.tenutasantome.com\/de\/staff\/#breadcrumb"},"inLanguage":"de","potentialAction":[{"@type":"ReadAction","target":[["https:\/\/www.tenutasantome.com\/de\/staff\/"]]}]},{"@type":"ImageObject","inLanguage":"de","@id":"https:\/\/www.tenutasantome.com\/de\/staff\/#primaryimage","url":"https:\/\/www.tenutasantome.com\/wp-content\/uploads\/2018\/09\/staff-santome-banner.jpg","contentUrl":"https:\/\/www.tenutasantome.com\/wp-content\/uploads\/2018\/09\/staff-santome-banner.jpg","width":1920,"height":550},{"@type":"BreadcrumbList","@id":"https:\/\/www.tenutasantome.com\/de\/staff\/#breadcrumb","itemListElement":[{"@type":"ListItem","position":1,"name":"Home","item":"https:\/\/www.tenutasantome.com\/de\/"},{"@type":"ListItem","position":2,"name":"Staff"}]},{"@type":"WebSite","@id":"https:\/\/www.tenutasantome.com\/de\/#website","url":"https:\/\/www.tenutasantome.com\/de\/","name":"Santom\u00e8","description":"Weine, meetings und resort","potentialAction":[{"@type":"SearchAction","target":{"@type":"EntryPoint","urlTemplate":"https:\/\/www.tenutasantome.com\/de\/?s={search_term_string}"},"query-input":{"@type":"PropertyValueSpecification","valueRequired":true,"valueName":"search_term_string"}}],"inLanguage":"de"}]}},"_links":{"self":[{"href":"https:\/\/www.tenutasantome.com\/de\/wp-json\/wp\/v2\/pages\/1331","targetHints":{"allow":["GET"]}}],"collection":[{"href":"https:\/\/www.tenutasantome.com\/de\/wp-json\/wp\/v2\/pages"}],"about":[{"href":"https:\/\/www.tenutasantome.com\/de\/wp-json\/wp\/v2\/types\/page"}],"author":[{"embeddable":true,"href":"https:\/\/www.tenutasantome.com\/de\/wp-json\/wp\/v2\/users\/2"}],"replies":[{"embeddable":true,"href":"https:\/\/www.tenutasantome.com\/de\/wp-json\/wp\/v2\/comments?post=1331"}],"version-history":[{"count":1,"href":"https:\/\/www.tenutasantome.com\/de\/wp-json\/wp\/v2\/pages\/1331\/revisions"}],"predecessor-version":[{"id":5622,"href":"https:\/\/www.tenutasantome.com\/de\/wp-json\/wp\/v2\/pages\/1331\/revisions\/5622"}],"wp:featuredmedia":[{"embeddable":true,"href":"https:\/\/www.tenutasantome.com\/de\/wp-json\/wp\/v2\/media\/1355"}],"wp:attachment":[{"href":"https:\/\/www.tenutasantome.com\/de\/wp-json\/wp\/v2\/media?parent=1331"}],"curies":[{"name":"wp","href":"https:\/\/api.w.org\/{rel}","templated":true}]}}