{"id":1292,"date":"2018-09-12T13:18:12","date_gmt":"2018-09-12T11:18:12","guid":{"rendered":"https:\/\/www.tenutasantome.com\/it\/?page_id=1292"},"modified":"2024-11-15T15:32:12","modified_gmt":"2024-11-15T14:32:12","slug":"riconoscimenti-e-premi","status":"publish","type":"page","link":"https:\/\/www.tenutasantome.com\/de\/auszeichnungen-und-preise\/","title":{"rendered":"Auszeichnungen und Preise"},"content":{"rendered":"<div class=\"wpb-content-wrapper\"><p>[vc_row el_id=&#8221;row-overlay&#8221;][vc_column width=&#8221;1\/2&#8243;][vc_custom_heading text=&#8221;AUSZEICHNUNGEN UND PREISE&#8221; use_theme_fonts=&#8221;yes&#8221; css=&#8221;&#8221;][vc_empty_space height=&#8221;50px&#8221;][vc_empty_space height=&#8221;50px&#8221;][\/vc_column][vc_column width=&#8221;1\/2&#8243;][\/vc_column][\/vc_row][vc_row css_animation=&#8221;fadeInUp&#8221; el_class=&#8221;hand_writing_font&#8221;][vc_column][vc_column_text css=&#8221;&#8221;]<\/p>\n<pre>Schon seit der Firmengr\u00fcndung von <em>Santom\u00e8<\/em> haben wir uns als Betrieb bewusst <strong>gegen Auftritte in \r\nWeinf\u00fchrern<\/strong>, Zeitschriften und Wettbewerben aller Art entschieden.\r\n\r\nWir w\u00fcnschen uns und sind stolz darauf, dass <strong>unsere Kunden sich ganz frei<\/strong>, unabh\u00e4ngig und unbeeinflusst \r\nauf der Grundlage ihrer eigenen Empfindungen und Vorlieben eine Meinung \u00fcber unsere Produkte bilden k\u00f6nnen.\r\n\r\nUns ist durchaus bewusst, dass diese Entscheidung unkonventionell ist, vor allem angesichts der Tatsache, \r\ndass Werbung oftmals als grundlegender Bestandteil des Handels angesehen wird. Trotzdem steht f\u00fcr uns \r\n<strong>der Kunde im Mittelpunkt<\/strong> und wir respektieren ihn als zu eigenen Gef\u00fchlen und Ansichten f\u00e4higen Menschen.\r\n\r\nWir w\u00fcnschen uns, dass Weinliebhaber unsere Produkte selbst \u201eerf\u00fchlen\u201c k\u00f6nnen, weil sie sich der harten \r\nArbeit, des t\u00e4glichen Einsatzes und der Kostbarkeit der Fr\u00fcchte, die uns die Erde jedes Jahr von neuem \r\nschenkt, bewusst sind.\r\n\r\nAn dieser Stelle m\u00f6chten wir mit unserem \"<strong>Motto<\/strong>\" schlie\u00dfen:\r\n\r\n<i>\u201cNicht der Name macht das Produkt, das Produkt macht sich einen Namen\u201d<\/i>\r\n\r\n<i>Alan &amp; William<\/i><\/pre>\n<p>[\/vc_column_text][\/vc_column][\/vc_row]<\/p>\n<\/div>","protected":false},"excerpt":{"rendered":"[vc_row el_id=&#8221;row-overlay&#8221;][vc_column width=&#8221;1\/2&#8243;][vc_custom_heading text=&#8221;AUSZEICHNUNGEN UND PREISE&#8221; use_theme_fonts=&#8221;yes&#8221; css=&#8221;&#8221;][vc_empty_space height=&#8221;50px&#8221;][vc_empty_space height=&#8221;50px&#8221;][\/vc_column][vc_column width=&#8221;1\/2&#8243;][\/vc_column][\/vc_row][vc_row css_animation=&#8221;fadeInUp&#8221; el_class=&#8221;hand_writing_font&#8221;][vc_column][vc_column_text css=&#8221;&#8221;] Schon seit der Firmengr\u00fcndung von Santom\u00e8 haben wir uns als Betrieb bewusst gegen Auftritte in Weinf\u00fchrern, Zeitschriften und Wettbewerben aller Art entschieden. Wir w\u00fcnschen uns und sind stolz darauf, dass unsere Kunden sich ganz frei, unabh\u00e4ngig und unbeeinflusst auf der Grundlage [&hellip;]","protected":false},"author":2,"featured_media":1597,"parent":0,"menu_order":0,"comment_status":"closed","ping_status":"closed","template":"","meta":{"_acf_changed":false,"footnotes":""},"class_list":["post-1292","page","type-page","status-publish","hentry"],"acf":[],"yoast_head":"<!-- This site is optimized with the Yoast SEO plugin v25.3.1 - https:\/\/yoast.com\/wordpress\/plugins\/seo\/ -->\n<title>Auszeichnungen und Preise | Santom\u00e8 - Vini, meeting e resortAuszeichnungen und Preise | Santom\u00e8 - Wines, meetings and resortAuszeichnungen und Preise | Santom\u00e8 - Weine, meetings und resort<\/title>\n<meta name=\"description\" content=\"Schon seit der Firmengr\u00fcndung von Santom\u00e8 haben wir uns als Betrieb bewusst gegen Auftritte in Weinf\u00fchrern, Zeitschriften und Wettbewerben aller Art entschieden.\" \/>\n<meta name=\"robots\" content=\"index, follow, max-snippet:-1, max-image-preview:large, max-video-preview:-1\" \/>\n<link rel=\"canonical\" href=\"https:\/\/www.tenutasantome.com\/de\/riconoscimenti-e-premi\/\" \/>\n<meta property=\"og:locale\" content=\"de_DE\" \/>\n<meta property=\"og:type\" content=\"article\" \/>\n<meta property=\"og:title\" content=\"Auszeichnungen und Preise | Santom\u00e8 - Vini, meeting e resortAuszeichnungen und Preise | Santom\u00e8 - Wines, meetings and resortAuszeichnungen und Preise | Santom\u00e8 - Weine, meetings und resort\" \/>\n<meta property=\"og:description\" content=\"Schon seit der Firmengr\u00fcndung von Santom\u00e8 haben wir uns als Betrieb bewusst gegen Auftritte in Weinf\u00fchrern, Zeitschriften und Wettbewerben aller Art entschieden.\" \/>\n<meta property=\"og:url\" content=\"https:\/\/www.tenutasantome.com\/de\/riconoscimenti-e-premi\/\" \/>\n<meta property=\"og:site_name\" content=\"Santom\u00e8\" \/>\n<meta property=\"article:modified_time\" content=\"2024-11-15T14:32:12+00:00\" \/>\n<meta property=\"og:image\" content=\"https:\/\/www.tenutasantome.com\/wp-content\/uploads\/2018\/10\/banner-riconoscimenti-premi.jpg\" \/>\n\t<meta property=\"og:image:width\" content=\"1378\" \/>\n\t<meta property=\"og:image:height\" content=\"673\" \/>\n\t<meta property=\"og:image:type\" content=\"image\/jpeg\" \/>\n<meta name=\"twitter:card\" content=\"summary_large_image\" \/>\n<meta name=\"twitter:label1\" content=\"Gesch\u00e4tzte Lesezeit\" \/>\n\t<meta name=\"twitter:data1\" content=\"1\u00a0Minute\" \/>\n<script type=\"application\/ld+json\" class=\"yoast-schema-graph\">{\"@context\":\"https:\/\/schema.org\",\"@graph\":[{\"@type\":\"WebPage\",\"@id\":\"https:\/\/www.tenutasantome.com\/de\/riconoscimenti-e-premi\/\",\"url\":\"https:\/\/www.tenutasantome.com\/de\/riconoscimenti-e-premi\/\",\"name\":\"Auszeichnungen und Preise | Santom\u00e8 - Vini, meeting e resortAuszeichnungen und Preise | Santom\u00e8 - Wines, meetings and resortAuszeichnungen und Preise | Santom\u00e8 - Weine, meetings und resort\",\"isPartOf\":{\"@id\":\"https:\/\/www.tenutasantome.com\/de\/#website\"},\"primaryImageOfPage\":{\"@id\":\"https:\/\/www.tenutasantome.com\/de\/riconoscimenti-e-premi\/#primaryimage\"},\"image\":{\"@id\":\"https:\/\/www.tenutasantome.com\/it\/riconoscimenti-e-premi\/#primaryimage\"},\"thumbnailUrl\":\"https:\/\/www.tenutasantome.com\/wp-content\/uploads\/2018\/10\/banner-riconoscimenti-premi.jpg\",\"datePublished\":\"2018-09-12T11:18:12+00:00\",\"dateModified\":\"2024-11-15T14:32:12+00:00\",\"description\":\"Schon seit der Firmengr\u00fcndung von Santom\u00e8 haben wir uns als Betrieb bewusst gegen Auftritte in Weinf\u00fchrern, Zeitschriften und Wettbewerben aller Art entschieden.\",\"breadcrumb\":{\"@id\":\"https:\/\/www.tenutasantome.com\/de\/riconoscimenti-e-premi\/#breadcrumb\"},\"inLanguage\":\"de\",\"potentialAction\":[{\"@type\":\"ReadAction\",\"target\":[[\"https:\/\/www.tenutasantome.com\/de\/riconoscimenti-e-premi\/\"]]}]},{\"@type\":\"ImageObject\",\"inLanguage\":\"de\",\"@id\":\"https:\/\/www.tenutasantome.com\/de\/riconoscimenti-e-premi\/#primaryimage\",\"url\":\"https:\/\/www.tenutasantome.com\/wp-content\/uploads\/2018\/10\/banner-riconoscimenti-premi.jpg\",\"contentUrl\":\"https:\/\/www.tenutasantome.com\/wp-content\/uploads\/2018\/10\/banner-riconoscimenti-premi.jpg\",\"width\":1378,\"height\":673},{\"@type\":\"BreadcrumbList\",\"@id\":\"https:\/\/www.tenutasantome.com\/de\/riconoscimenti-e-premi\/#breadcrumb\",\"itemListElement\":[{\"@type\":\"ListItem\",\"position\":1,\"name\":\"Home\",\"item\":\"https:\/\/www.tenutasantome.com\/de\/\"},{\"@type\":\"ListItem\",\"position\":2,\"name\":\"Riconoscimenti e premi\"}]},{\"@type\":\"WebSite\",\"@id\":\"https:\/\/www.tenutasantome.com\/de\/#website\",\"url\":\"https:\/\/www.tenutasantome.com\/de\/\",\"name\":\"Santom\u00e8\",\"description\":\"Weine, meetings und resort\",\"potentialAction\":[{\"@type\":\"SearchAction\",\"target\":{\"@type\":\"EntryPoint\",\"urlTemplate\":\"https:\/\/www.tenutasantome.com\/de\/?s={search_term_string}\"},\"query-input\":{\"@type\":\"PropertyValueSpecification\",\"valueRequired\":true,\"valueName\":\"search_term_string\"}}],\"inLanguage\":\"de\"}]}<\/script>\n<!-- \/ Yoast SEO plugin. -->","yoast_head_json":{"title":"Auszeichnungen und Preise | Santom\u00e8 - Vini, meeting e resortAuszeichnungen und Preise | Santom\u00e8 - Wines, meetings and resortAuszeichnungen und Preise | Santom\u00e8 - Weine, meetings und resort","description":"Schon seit der Firmengr\u00fcndung von Santom\u00e8 haben wir uns als Betrieb bewusst gegen Auftritte in Weinf\u00fchrern, Zeitschriften und Wettbewerben aller Art entschieden.","robots":{"index":"index","follow":"follow","max-snippet":"max-snippet:-1","max-image-preview":"max-image-preview:large","max-video-preview":"max-video-preview:-1"},"canonical":"https:\/\/www.tenutasantome.com\/de\/riconoscimenti-e-premi\/","og_locale":"de_DE","og_type":"article","og_title":"Auszeichnungen und Preise | Santom\u00e8 - Vini, meeting e resortAuszeichnungen und Preise | Santom\u00e8 - Wines, meetings and resortAuszeichnungen und Preise | Santom\u00e8 - Weine, meetings und resort","og_description":"Schon seit der Firmengr\u00fcndung von Santom\u00e8 haben wir uns als Betrieb bewusst gegen Auftritte in Weinf\u00fchrern, Zeitschriften und Wettbewerben aller Art entschieden.","og_url":"https:\/\/www.tenutasantome.com\/de\/riconoscimenti-e-premi\/","og_site_name":"Santom\u00e8","article_modified_time":"2024-11-15T14:32:12+00:00","og_image":[{"width":1378,"height":673,"url":"https:\/\/www.tenutasantome.com\/wp-content\/uploads\/2018\/10\/banner-riconoscimenti-premi.jpg","type":"image\/jpeg"}],"twitter_card":"summary_large_image","twitter_misc":{"Gesch\u00e4tzte Lesezeit":"1\u00a0Minute"},"schema":{"@context":"https:\/\/schema.org","@graph":[{"@type":"WebPage","@id":"https:\/\/www.tenutasantome.com\/de\/riconoscimenti-e-premi\/","url":"https:\/\/www.tenutasantome.com\/de\/riconoscimenti-e-premi\/","name":"Auszeichnungen und Preise | Santom\u00e8 - Vini, meeting e resortAuszeichnungen und Preise | Santom\u00e8 - Wines, meetings and resortAuszeichnungen und Preise | Santom\u00e8 - Weine, meetings und resort","isPartOf":{"@id":"https:\/\/www.tenutasantome.com\/de\/#website"},"primaryImageOfPage":{"@id":"https:\/\/www.tenutasantome.com\/de\/riconoscimenti-e-premi\/#primaryimage"},"image":{"@id":"https:\/\/www.tenutasantome.com\/it\/riconoscimenti-e-premi\/#primaryimage"},"thumbnailUrl":"https:\/\/www.tenutasantome.com\/wp-content\/uploads\/2018\/10\/banner-riconoscimenti-premi.jpg","datePublished":"2018-09-12T11:18:12+00:00","dateModified":"2024-11-15T14:32:12+00:00","description":"Schon seit der Firmengr\u00fcndung von Santom\u00e8 haben wir uns als Betrieb bewusst gegen Auftritte in Weinf\u00fchrern, Zeitschriften und Wettbewerben aller Art entschieden.","breadcrumb":{"@id":"https:\/\/www.tenutasantome.com\/de\/riconoscimenti-e-premi\/#breadcrumb"},"inLanguage":"de","potentialAction":[{"@type":"ReadAction","target":[["https:\/\/www.tenutasantome.com\/de\/riconoscimenti-e-premi\/"]]}]},{"@type":"ImageObject","inLanguage":"de","@id":"https:\/\/www.tenutasantome.com\/de\/riconoscimenti-e-premi\/#primaryimage","url":"https:\/\/www.tenutasantome.com\/wp-content\/uploads\/2018\/10\/banner-riconoscimenti-premi.jpg","contentUrl":"https:\/\/www.tenutasantome.com\/wp-content\/uploads\/2018\/10\/banner-riconoscimenti-premi.jpg","width":1378,"height":673},{"@type":"BreadcrumbList","@id":"https:\/\/www.tenutasantome.com\/de\/riconoscimenti-e-premi\/#breadcrumb","itemListElement":[{"@type":"ListItem","position":1,"name":"Home","item":"https:\/\/www.tenutasantome.com\/de\/"},{"@type":"ListItem","position":2,"name":"Riconoscimenti e premi"}]},{"@type":"WebSite","@id":"https:\/\/www.tenutasantome.com\/de\/#website","url":"https:\/\/www.tenutasantome.com\/de\/","name":"Santom\u00e8","description":"Weine, meetings und resort","potentialAction":[{"@type":"SearchAction","target":{"@type":"EntryPoint","urlTemplate":"https:\/\/www.tenutasantome.com\/de\/?s={search_term_string}"},"query-input":{"@type":"PropertyValueSpecification","valueRequired":true,"valueName":"search_term_string"}}],"inLanguage":"de"}]}},"_links":{"self":[{"href":"https:\/\/www.tenutasantome.com\/de\/wp-json\/wp\/v2\/pages\/1292","targetHints":{"allow":["GET"]}}],"collection":[{"href":"https:\/\/www.tenutasantome.com\/de\/wp-json\/wp\/v2\/pages"}],"about":[{"href":"https:\/\/www.tenutasantome.com\/de\/wp-json\/wp\/v2\/types\/page"}],"author":[{"embeddable":true,"href":"https:\/\/www.tenutasantome.com\/de\/wp-json\/wp\/v2\/users\/2"}],"replies":[{"embeddable":true,"href":"https:\/\/www.tenutasantome.com\/de\/wp-json\/wp\/v2\/comments?post=1292"}],"version-history":[{"count":10,"href":"https:\/\/www.tenutasantome.com\/de\/wp-json\/wp\/v2\/pages\/1292\/revisions"}],"predecessor-version":[{"id":5026,"href":"https:\/\/www.tenutasantome.com\/de\/wp-json\/wp\/v2\/pages\/1292\/revisions\/5026"}],"wp:featuredmedia":[{"embeddable":true,"href":"https:\/\/www.tenutasantome.com\/de\/wp-json\/wp\/v2\/media\/1597"}],"wp:attachment":[{"href":"https:\/\/www.tenutasantome.com\/de\/wp-json\/wp\/v2\/media?parent=1292"}],"curies":[{"name":"wp","href":"https:\/\/api.w.org\/{rel}","templated":true}]}}