{"id":126,"date":"2018-06-28T16:22:04","date_gmt":"2018-06-28T14:22:04","guid":{"rendered":"https:\/\/www.tenutasantome.com\/it\/?page_id=126"},"modified":"2019-04-04T18:07:40","modified_gmt":"2019-04-04T16:07:40","slug":"origine-del-nome","status":"publish","type":"page","link":"https:\/\/www.tenutasantome.com\/de\/origine-del-nome\/","title":{"rendered":"Herkunft des Namens"},"content":{"rendered":"<div class=\"wpb-content-wrapper\"><p>[vc_row el_id=&#8221;row-overlay&#8221;][vc_column width=&#8221;1\/2&#8243;][vc_custom_heading text=&#8221;HERKUNFT DES NAMENS&#8221; use_theme_fonts=&#8221;yes&#8221;][vc_column_text]Der Name <strong>Santom\u00e8<\/strong> hat einen gleicherma\u00dfen interessanten und geschichtlichen Hintergrund.[\/vc_column_text][\/vc_column][vc_column width=&#8221;1\/2&#8243;][\/vc_column][\/vc_row][vc_row css_animation=&#8221;fadeInUp&#8221;][vc_column width=&#8221;1\/2&#8243;][vc_empty_space][vc_column_text]Nachdem die Familie Spinazz\u00e8 im Jahr 1999 das 30-Hektar Land in Roncade erworben hatte und beschloss, es als Weingut auszubauen, blieb nur noch die Wahl eines Namens. Und wie das viele bei einem neuen &#8220;Familienmitglied&#8221; machen, bezog man hierbei die Herkunft, Vorfahren und die ein oder andere interessante Anekdote mit ein.<\/p>\n<p>Nachdem die Familie die Vorbesitzer zu Rate gezogen hatte, erreichte sie am 13. August 1999 ein Telegramm <strong>aus Brasilien<\/strong> von jemandem, der seine Kindheit in eben jenen R\u00e4umen verbracht hatte, in denen sich das heutige B&amp;B befindet: &#8220;Der Name sollte Santom\u00e8 lauten, nach dem wissbegierigen Apostel Thomas, der sehen wollte, um zu glauben&#8221;. Unterschrieben war das Telegramm von einem gewissen <strong>Pater Gino Serafin<\/strong>, der genau 63 Jahre zuvor an jenem Ort in dieser Gegend geboren worden war, die er als die Heimat des guten Weines bezeichnete.<\/p>\n<p>Die Familie Spinazz\u00e8 fand den Vorschlag originell und gut nachvollziehbar f\u00fcr alle, die die Gegend und ihre Fr\u00fcchte, ihre D\u00fcfte und die Qualit\u00e4t ihrer Produkte gut kennen.[\/vc_column_text][vc_column_text]<a href=\"#padreginoserafin\">Pater Gino Serafin und seine Mission in Brasilien &gt;<\/a>[\/vc_column_text][vc_single_image image=&#8221;1197&#8243; img_size=&#8221;full&#8221; alignment=&#8221;center&#8221;][vc_column_text]<\/p>\n<p style=\"text-align: center;\"><span style=\"color: #808080;\"><em>Pater Gino Serafin &#8211; Juli 2001<\/em><\/span><\/p>\n<p>[\/vc_column_text][\/vc_column][vc_column width=&#8221;1\/2&#8243;][vc_single_image image=&#8221;735&#8243; img_size=&#8221;full&#8221; onclick=&#8221;link_image&#8221;][\/vc_column][\/vc_row][vc_row css_animation=&#8221;fadeInUp&#8221;][vc_column][vc_separator][\/vc_column][\/vc_row][vc_row css_animation=&#8221;fadeInUp&#8221;][vc_column][vc_custom_heading text=&#8221;Das Logo&#8221; use_theme_fonts=&#8221;yes&#8221;][\/vc_column][\/vc_row][vc_row css_animation=&#8221;fadeInUp&#8221;][vc_column width=&#8221;1\/2&#8243;][vc_column_text]Unser farblich und stilistisch treffendes Firmenlogo, das man als Garantiesiegel f\u00fcr Qualit\u00e4t bezeichnen k\u00f6nnte, ist der auff\u00e4lligste und charakteristischste Teil unserer Etiketten. <strong>Es zeigt den Apostel Thomas<\/strong> (San Tommaso\/Santom\u00e8).<\/p>\n<p>Mit seiner Geste scheint der Apostel etwas abmessen oder \u00fcberpr\u00fcfen zu wollen, was das perfekte Symbol f\u00fcr den modernen Geist unseres Unternehmens ist: wir sch\u00e4tzen die <strong>typischen Erfindungen des kreativen italienischen Nordostens<\/strong> und die authentische Qualit\u00e4t eines Produktes, dessen Wurzeln in der einfachen Bauernkultur liegen.<\/p>\n<p>In der Kunst des Mittelalters und aus dem fr\u00fchen 18. Jahrhundert wird der Apostel Thomas oft mit einem Winkelma\u00df in der Hand dargestellt. Hierbei handelt es sich um ein Messger\u00e4t f\u00fcr Architekten, was sich auf die Tatsache bezieht, dass er laut einiger apokrypher Evangelien mit dem Bau eines Palastes f\u00fcr den K\u00f6nig Gundisar in Indien beauftragt worden war.<br \/>\nAuch seine Statue im F\u00fcrstenportal des Bamberger Doms (1230) in Bayern tr\u00e4gt ein Winkelma\u00df, weshalb er auch <strong>Patron der Architekten und Ingenieure<\/strong> ist.<\/p>\n<p>Neben der zum Winkelma\u00df erhobenen Hand umfasst das Bild auf unseren Etiketten eine weitere symbolische Ebene: die Nase.<\/p>\n<p>Im Italienischen gibt es ein Sprichwort, das sinngem\u00e4\u00df besagt, \u201e<em>Ich bin wie der Apostel Thomas, ich glaube nichts, bevor ich es nicht mit eigenen Augen gesehen habe<\/em>.\u201c Im Italienischen sieht er die Dinge jedoch nicht mit eigenen Augen, sondern steckt sprichw\u00f6rtlich seine Nase hinein.<\/p>\n<p><strong>Unsere Kunden sollen unsere Produkte mit ihren H\u00e4nden ber\u00fchren und ertasten k\u00f6nnen, damit sie die Qualit\u00e4t, die Professionalit\u00e4t und die Pr\u00e4zision, mit denen sie hergestellt werden, selbst erf\u00fchlen k\u00f6nnen.<\/strong>[\/vc_column_text][\/vc_column][vc_column width=&#8221;1\/2&#8243;][vc_single_image image=&#8221;1193&#8243; img_size=&#8221;full&#8221;][\/vc_column][\/vc_row][vc_row equal_height=&#8221;yes&#8221; content_placement=&#8221;middle&#8221; css_animation=&#8221;fadeInUp&#8221;][vc_column width=&#8221;1\/2&#8243;][vc_single_image image=&#8221;1190&#8243; img_size=&#8221;full&#8221; alignment=&#8221;center&#8221;][\/vc_column][vc_column width=&#8221;1\/2&#8243;][vc_single_image image=&#8221;1375&#8243; img_size=&#8221;full&#8221;][\/vc_column][\/vc_row][vc_row css_animation=&#8221;fadeInUp&#8221;][vc_column][vc_separator][\/vc_column][\/vc_row][vc_row css_animation=&#8221;fadeInUp&#8221;][vc_column][vc_custom_heading text=&#8221;Payoff: \u201ePassionate winemaking family\u201c&#8221; font_container=&#8221;tag:h3|text_align:left&#8221; use_theme_fonts=&#8221;yes&#8221;][\/vc_column][\/vc_row][vc_row css_animation=&#8221;fadeInUp&#8221;][vc_column][vc_column_text]Diese drei einfachen Worte sollen zusammenfassen, wof\u00fcr wir stehen. Wir glauben, dass dieser Payoff der treffendste Ausdruck <strong>unserer Familie<\/strong> ist, <strong>die aus Liebe zu ihrer Arbeit<\/strong> und aus Leidenschaft f\u00fcr ihre Heimat nur deren Bestes zu verk\u00f6rpern sucht.[\/vc_column_text][vc_single_image image=&#8221;1378&#8243; img_size=&#8221;full&#8221; alignment=&#8221;center&#8221;][\/vc_column][\/vc_row][vc_row css_animation=&#8221;fadeInUp&#8221;][vc_column][vc_separator][\/vc_column][\/vc_row][vc_row css_animation=&#8221;fadeInUp&#8221; el_id=&#8221;padreginoserafin&#8221;][vc_column][vc_custom_heading text=&#8221;Pater Gino Serafin&#8221; use_theme_fonts=&#8221;yes&#8221;][\/vc_column][\/vc_row][vc_row css_animation=&#8221;fadeInUp&#8221;][vc_column width=&#8221;1\/2&#8243;][vc_column_text]Seit 1971 arbeitet Pater Gino Serafin f\u00fcr <strong>das Projekt \u201eVillaggio Treviso\u201c in Rio de Janeiro<\/strong>, das Kinder und Jugendliche aus den Favelas mit einer t\u00e4glichen Mahlzeit versorgt und sie durch grundlegende Alphabetisierung auf den Besuch \u00f6ffentlicher Schulen vorbereitet.<\/p>\n<p>Auf seiner Website <a href=\"https:\/\/villaggiotreviso.it\/\">www.villaggiotreviso.it<\/a> erfahren Sie mehr \u00fcber das Projekt.<\/p>\n<p>Das Projekt \u201eVillaggio Treviso\u201c ist eine auf Solidarit\u00e4t beruhende Initiative, die es sich seit fast 20 Jahren zum Ziel gesetzt hat, dem Ph\u00e4nomen der \u201emeninos de rua\u201c, der Stra\u00dfenkinder in Rio de Janeiro, vorzubeugen.<\/p>\n<p>Das Projekt wurde anf\u00e4nglich ma\u00dfgeblich durch seinen Hauptinitiator Pater Gino Serafin gepr\u00e4gt, der als Missionar in Brasilien t\u00e4tig war, sowie durch die Mithilfe zahlreicher Freiwilliger, die ihre Kompetenzen und ihre Hilfsbereitschaft in den Dienst des Projektes gestellt haben.<\/p>\n<p>Die gemeinn\u00fctzige Organisation unterst\u00fctzt die Grundschule &#8220;Vila Paciencia&#8221;, die neben Kindern auch Jugendliche aufnimmt, um ihnen eine schulische Ausbildung zu erm\u00f6glichen.<\/p>\n<p>Neben einer Vollzeit-Betreuungseinrichtung f\u00fcr Kleinkinder umfasst das Projekt die <strong>Nachmittagsbetreuung f\u00fcr Sch\u00fcler<\/strong> der <strong>Grundschule<\/strong> und <strong>Mittelschule<\/strong> sowie <strong>berufsbildende Kurse<\/strong> (IT-Techniker, Elektriker, Schneider, Kosmetiker, B\u00e4cker) f\u00fcr Jugendliche.<\/p>\n<p>Ziel ist es, den Jugendlichen eine <strong>echte Chance auf Integration<\/strong> in die Gesellschaft, in der sie geboren und aufgewachsen sind, zu geben. Die Organisation \u201eA.Vi.T\u201c (Associazione Villaggio Treviso) hat seit ihrer Gr\u00fcndung tausenden Kindern und Familien geholfen.[\/vc_column_text][\/vc_column][\/vc_row]<\/p>\n<\/div>","protected":false},"excerpt":{"rendered":"[vc_row el_id=&#8221;row-overlay&#8221;][vc_column width=&#8221;1\/2&#8243;][vc_custom_heading text=&#8221;HERKUNFT DES NAMENS&#8221; use_theme_fonts=&#8221;yes&#8221;][vc_column_text]Der Name Santom\u00e8 hat einen gleicherma\u00dfen interessanten und geschichtlichen Hintergrund.[\/vc_column_text][\/vc_column][vc_column width=&#8221;1\/2&#8243;][\/vc_column][\/vc_row][vc_row css_animation=&#8221;fadeInUp&#8221;][vc_column width=&#8221;1\/2&#8243;][vc_empty_space][vc_column_text]Nachdem die Familie Spinazz\u00e8 im Jahr 1999 das 30-Hektar Land in Roncade erworben hatte und beschloss, es als Weingut auszubauen, blieb nur noch die Wahl eines Namens. Und wie das viele bei einem neuen &#8220;Familienmitglied&#8221; machen, bezog [&hellip;]","protected":false},"author":2,"featured_media":129,"parent":0,"menu_order":0,"comment_status":"closed","ping_status":"closed","template":"","meta":{"_acf_changed":false,"footnotes":""},"class_list":["post-126","page","type-page","status-publish","hentry"],"acf":[],"yoast_head":"<!-- This site is optimized with the Yoast SEO plugin v25.3.1 - https:\/\/yoast.com\/wordpress\/plugins\/seo\/ -->\n<title>Herkunft des Namens | Santom\u00e8 - Vini, meeting e resortHerkunft des Namens | Santom\u00e8 - Wines, meetings and resortHerkunft des Namens | Santom\u00e8 - Weine, meetings und resort<\/title>\n<meta name=\"description\" content=\"Die Familie Spinazz\u00e8 veranstalte eine Suche nach den Urspr\u00fcngen. Nachdem sie die Vorbesitzer kontaktiert hatte, erhielt sie ein Telegramm von Pater Gino Serafin.\" \/>\n<meta name=\"robots\" content=\"index, follow, max-snippet:-1, max-image-preview:large, max-video-preview:-1\" \/>\n<link rel=\"canonical\" href=\"https:\/\/www.tenutasantome.com\/de\/origine-del-nome\/\" \/>\n<meta property=\"og:locale\" content=\"de_DE\" \/>\n<meta property=\"og:type\" content=\"article\" \/>\n<meta property=\"og:title\" content=\"Herkunft des Namens | Santom\u00e8 - Vini, meeting e resortHerkunft des Namens | Santom\u00e8 - Wines, meetings and resortHerkunft des Namens | Santom\u00e8 - Weine, meetings und resort\" \/>\n<meta property=\"og:description\" content=\"Die Familie Spinazz\u00e8 veranstalte eine Suche nach den Urspr\u00fcngen. Nachdem sie die Vorbesitzer kontaktiert hatte, erhielt sie ein Telegramm von Pater Gino Serafin.\" \/>\n<meta property=\"og:url\" content=\"https:\/\/www.tenutasantome.com\/de\/origine-del-nome\/\" \/>\n<meta property=\"og:site_name\" content=\"Santom\u00e8\" \/>\n<meta property=\"article:modified_time\" content=\"2019-04-04T16:07:40+00:00\" \/>\n<meta property=\"og:image\" content=\"https:\/\/www.tenutasantome.com\/wp-content\/uploads\/2018\/06\/banner-origini-del-nome.jpg\" \/>\n\t<meta property=\"og:image:width\" content=\"1920\" \/>\n\t<meta property=\"og:image:height\" content=\"1168\" \/>\n\t<meta property=\"og:image:type\" content=\"image\/jpeg\" \/>\n<meta name=\"twitter:card\" content=\"summary_large_image\" \/>\n<meta name=\"twitter:label1\" content=\"Gesch\u00e4tzte Lesezeit\" \/>\n\t<meta name=\"twitter:data1\" content=\"15\u00a0Minuten\" \/>\n<script type=\"application\/ld+json\" class=\"yoast-schema-graph\">{\"@context\":\"https:\/\/schema.org\",\"@graph\":[{\"@type\":\"WebPage\",\"@id\":\"https:\/\/www.tenutasantome.com\/de\/origine-del-nome\/\",\"url\":\"https:\/\/www.tenutasantome.com\/de\/origine-del-nome\/\",\"name\":\"Herkunft des Namens | Santom\u00e8 - Vini, meeting e resortHerkunft des Namens | Santom\u00e8 - Wines, meetings and resortHerkunft des Namens | Santom\u00e8 - Weine, meetings und resort\",\"isPartOf\":{\"@id\":\"https:\/\/www.tenutasantome.com\/de\/#website\"},\"primaryImageOfPage\":{\"@id\":\"https:\/\/www.tenutasantome.com\/de\/origine-del-nome\/#primaryimage\"},\"image\":{\"@id\":\"https:\/\/www.tenutasantome.com\/origine-del-nome\/#primaryimage\"},\"thumbnailUrl\":\"https:\/\/www.tenutasantome.com\/wp-content\/uploads\/2018\/06\/banner-origini-del-nome.jpg\",\"datePublished\":\"2018-06-28T14:22:04+00:00\",\"dateModified\":\"2019-04-04T16:07:40+00:00\",\"description\":\"Die Familie Spinazz\u00e8 veranstalte eine Suche nach den Urspr\u00fcngen. Nachdem sie die Vorbesitzer kontaktiert hatte, erhielt sie ein Telegramm von Pater Gino Serafin.\",\"breadcrumb\":{\"@id\":\"https:\/\/www.tenutasantome.com\/de\/origine-del-nome\/#breadcrumb\"},\"inLanguage\":\"de\",\"potentialAction\":[{\"@type\":\"ReadAction\",\"target\":[[\"https:\/\/www.tenutasantome.com\/de\/origine-del-nome\/\"]]}]},{\"@type\":\"ImageObject\",\"inLanguage\":\"de\",\"@id\":\"https:\/\/www.tenutasantome.com\/de\/origine-del-nome\/#primaryimage\",\"url\":\"https:\/\/www.tenutasantome.com\/wp-content\/uploads\/2018\/06\/banner-origini-del-nome.jpg\",\"contentUrl\":\"https:\/\/www.tenutasantome.com\/wp-content\/uploads\/2018\/06\/banner-origini-del-nome.jpg\",\"width\":1920,\"height\":1168},{\"@type\":\"BreadcrumbList\",\"@id\":\"https:\/\/www.tenutasantome.com\/de\/origine-del-nome\/#breadcrumb\",\"itemListElement\":[{\"@type\":\"ListItem\",\"position\":1,\"name\":\"Home\",\"item\":\"https:\/\/www.tenutasantome.com\/de\/\"},{\"@type\":\"ListItem\",\"position\":2,\"name\":\"Origine del nome\"}]},{\"@type\":\"WebSite\",\"@id\":\"https:\/\/www.tenutasantome.com\/de\/#website\",\"url\":\"https:\/\/www.tenutasantome.com\/de\/\",\"name\":\"Santom\u00e8\",\"description\":\"Weine, meetings und resort\",\"potentialAction\":[{\"@type\":\"SearchAction\",\"target\":{\"@type\":\"EntryPoint\",\"urlTemplate\":\"https:\/\/www.tenutasantome.com\/de\/?s={search_term_string}\"},\"query-input\":{\"@type\":\"PropertyValueSpecification\",\"valueRequired\":true,\"valueName\":\"search_term_string\"}}],\"inLanguage\":\"de\"}]}<\/script>\n<!-- \/ Yoast SEO plugin. -->","yoast_head_json":{"title":"Herkunft des Namens | Santom\u00e8 - Vini, meeting e resortHerkunft des Namens | Santom\u00e8 - Wines, meetings and resortHerkunft des Namens | Santom\u00e8 - Weine, meetings und resort","description":"Die Familie Spinazz\u00e8 veranstalte eine Suche nach den Urspr\u00fcngen. Nachdem sie die Vorbesitzer kontaktiert hatte, erhielt sie ein Telegramm von Pater Gino Serafin.","robots":{"index":"index","follow":"follow","max-snippet":"max-snippet:-1","max-image-preview":"max-image-preview:large","max-video-preview":"max-video-preview:-1"},"canonical":"https:\/\/www.tenutasantome.com\/de\/origine-del-nome\/","og_locale":"de_DE","og_type":"article","og_title":"Herkunft des Namens | Santom\u00e8 - Vini, meeting e resortHerkunft des Namens | Santom\u00e8 - Wines, meetings and resortHerkunft des Namens | Santom\u00e8 - Weine, meetings und resort","og_description":"Die Familie Spinazz\u00e8 veranstalte eine Suche nach den Urspr\u00fcngen. Nachdem sie die Vorbesitzer kontaktiert hatte, erhielt sie ein Telegramm von Pater Gino Serafin.","og_url":"https:\/\/www.tenutasantome.com\/de\/origine-del-nome\/","og_site_name":"Santom\u00e8","article_modified_time":"2019-04-04T16:07:40+00:00","og_image":[{"width":1920,"height":1168,"url":"https:\/\/www.tenutasantome.com\/wp-content\/uploads\/2018\/06\/banner-origini-del-nome.jpg","type":"image\/jpeg"}],"twitter_card":"summary_large_image","twitter_misc":{"Gesch\u00e4tzte Lesezeit":"15\u00a0Minuten"},"schema":{"@context":"https:\/\/schema.org","@graph":[{"@type":"WebPage","@id":"https:\/\/www.tenutasantome.com\/de\/origine-del-nome\/","url":"https:\/\/www.tenutasantome.com\/de\/origine-del-nome\/","name":"Herkunft des Namens | Santom\u00e8 - Vini, meeting e resortHerkunft des Namens | Santom\u00e8 - Wines, meetings and resortHerkunft des Namens | Santom\u00e8 - Weine, meetings und resort","isPartOf":{"@id":"https:\/\/www.tenutasantome.com\/de\/#website"},"primaryImageOfPage":{"@id":"https:\/\/www.tenutasantome.com\/de\/origine-del-nome\/#primaryimage"},"image":{"@id":"https:\/\/www.tenutasantome.com\/origine-del-nome\/#primaryimage"},"thumbnailUrl":"https:\/\/www.tenutasantome.com\/wp-content\/uploads\/2018\/06\/banner-origini-del-nome.jpg","datePublished":"2018-06-28T14:22:04+00:00","dateModified":"2019-04-04T16:07:40+00:00","description":"Die Familie Spinazz\u00e8 veranstalte eine Suche nach den Urspr\u00fcngen. Nachdem sie die Vorbesitzer kontaktiert hatte, erhielt sie ein Telegramm von Pater Gino Serafin.","breadcrumb":{"@id":"https:\/\/www.tenutasantome.com\/de\/origine-del-nome\/#breadcrumb"},"inLanguage":"de","potentialAction":[{"@type":"ReadAction","target":[["https:\/\/www.tenutasantome.com\/de\/origine-del-nome\/"]]}]},{"@type":"ImageObject","inLanguage":"de","@id":"https:\/\/www.tenutasantome.com\/de\/origine-del-nome\/#primaryimage","url":"https:\/\/www.tenutasantome.com\/wp-content\/uploads\/2018\/06\/banner-origini-del-nome.jpg","contentUrl":"https:\/\/www.tenutasantome.com\/wp-content\/uploads\/2018\/06\/banner-origini-del-nome.jpg","width":1920,"height":1168},{"@type":"BreadcrumbList","@id":"https:\/\/www.tenutasantome.com\/de\/origine-del-nome\/#breadcrumb","itemListElement":[{"@type":"ListItem","position":1,"name":"Home","item":"https:\/\/www.tenutasantome.com\/de\/"},{"@type":"ListItem","position":2,"name":"Origine del nome"}]},{"@type":"WebSite","@id":"https:\/\/www.tenutasantome.com\/de\/#website","url":"https:\/\/www.tenutasantome.com\/de\/","name":"Santom\u00e8","description":"Weine, meetings und resort","potentialAction":[{"@type":"SearchAction","target":{"@type":"EntryPoint","urlTemplate":"https:\/\/www.tenutasantome.com\/de\/?s={search_term_string}"},"query-input":{"@type":"PropertyValueSpecification","valueRequired":true,"valueName":"search_term_string"}}],"inLanguage":"de"}]}},"_links":{"self":[{"href":"https:\/\/www.tenutasantome.com\/de\/wp-json\/wp\/v2\/pages\/126","targetHints":{"allow":["GET"]}}],"collection":[{"href":"https:\/\/www.tenutasantome.com\/de\/wp-json\/wp\/v2\/pages"}],"about":[{"href":"https:\/\/www.tenutasantome.com\/de\/wp-json\/wp\/v2\/types\/page"}],"author":[{"embeddable":true,"href":"https:\/\/www.tenutasantome.com\/de\/wp-json\/wp\/v2\/users\/2"}],"replies":[{"embeddable":true,"href":"https:\/\/www.tenutasantome.com\/de\/wp-json\/wp\/v2\/comments?post=126"}],"version-history":[{"count":0,"href":"https:\/\/www.tenutasantome.com\/de\/wp-json\/wp\/v2\/pages\/126\/revisions"}],"wp:featuredmedia":[{"embeddable":true,"href":"https:\/\/www.tenutasantome.com\/de\/wp-json\/wp\/v2\/media\/129"}],"wp:attachment":[{"href":"https:\/\/www.tenutasantome.com\/de\/wp-json\/wp\/v2\/media?parent=126"}],"curies":[{"name":"wp","href":"https:\/\/api.w.org\/{rel}","templated":true}]}}