{"id":107,"date":"2018-06-28T15:51:02","date_gmt":"2018-06-28T13:51:02","guid":{"rendered":"https:\/\/www.tenutasantome.com\/it\/?page_id=107"},"modified":"2021-02-19T12:06:53","modified_gmt":"2021-02-19T11:06:53","slug":"territorio","status":"publish","type":"page","link":"https:\/\/www.tenutasantome.com\/de\/territorio\/","title":{"rendered":"Die Region"},"content":{"rendered":"<div class=\"wpb-content-wrapper\"><p>[vc_row el_id=&#8221;row-overlay&#8221;][vc_column width=&#8221;1\/2&#8243;][vc_custom_heading text=&#8221;DIE REGION&#8221; use_theme_fonts=&#8221;yes&#8221;][vc_column_text]In der gro\u00dfen Sammlung der atemberaubenden Sch\u00f6nheiten Italiens sticht eine Perle besonders hervor: <strong>Venedig.<\/strong><br \/>\nWir befinden uns in der Region <strong>Venetien<\/strong>, dem Land der Fl\u00fcsse, der Kunstst\u00e4dte, gr\u00fcnen Ebenen, sonnigen H\u00fcgeln und ber\u00fchmten Weine.<\/p>\n<p>Genau hier, inmitten der<strong> &#8220;Marca Trevigiana&#8221;<\/strong>, wie die Gegend um Treviso auch genannt wird, liegt das Weingut Santom\u00e8. Die geschichtstr\u00e4chtige Gegend ist die <strong>Heimat des ber\u00fchmten Prosecco<\/strong>, der hier zwischen den \u00fcppigen Ebenen der Provinz Treviso, den bezaubernden H\u00fcgeln der Qualit\u00e4tsweingegend DOCG Conegliano Valdobbiadene und den Colli Asolani angebaut wird.[\/vc_column_text][\/vc_column][vc_column width=&#8221;1\/2&#8243;][\/vc_column][\/vc_row][vc_row css_animation=&#8221;fadeInUp&#8221;][vc_column width=&#8221;1\/2&#8243;][vc_single_image image=&#8221;1325&#8243; img_size=&#8221;full&#8221;][\/vc_column][vc_column width=&#8221;1\/2&#8243;][vc_empty_space height=&#8221;20px&#8221;][vc_column_text]<strong>Italien<\/strong> ist weltweit f\u00fchrendes Land in der Weinherstellung (55,8 Millionen Hektoliter), und Venetien ist mit 8,4 Millionen Hektolitern, was 20% der italienischen Gesamtproduktion (laut der italienischen Wirtschaftstageszeitung &#8220;Il Sole 24 ore&#8221;) ausmacht, die <strong>zweitst\u00e4rkste Region Italiens<\/strong>. Sie ist au\u00dferdem italienischer <strong>Marktf\u00fchrer bei der Herstellung von Weinen mit gesch\u00fctzter Herkunftsbezeichnung<\/strong>, wobei zunehmend autochthone Rebsorten anstelle von internationalen verwendet werden (28 DOC und 14 DOCG Weine).<br \/>\n<strong>Venetien ist die Heimat international bekannter Weine<\/strong> (Prosecco, Amarone, Pinot Grigio, Valpolicella, Soave), was die Region zur weltweit viertst\u00e4rksten Kraft beim Export von Weinen macht \u2013 hinter Frankreich, Italien und Spanien und noch vor Chile und Australien.[\/vc_column_text][vc_column_text]Das Weingut Santom\u00e8 befindet sich in einer bedeutenden Umgebung und wir sind stolz darauf, die <strong>Weine der &#8220;Marca Trevigiana&#8221; w\u00fcrdig <\/strong>und als Ausdruck h\u00f6chster Qualit\u00e4t und Liebe zu unserer Region zu vertreten.[\/vc_column_text][\/vc_column][\/vc_row][vc_row full_width=&#8221;stretch_row_content_no_spaces&#8221; css_animation=&#8221;fadeInUp&#8221; css=&#8221;.vc_custom_1540380432391{margin-right: 0px !important;margin-left: 0px !important;border-right-width: 0px !important;border-left-width: 0px !important;padding-right: 0px !important;padding-left: 0px !important;}&#8221; el_class=&#8221;image-width-changer&#8221;][vc_column][vc_single_image image=&#8221;1328&#8243; img_size=&#8221;full&#8221; alignment=&#8221;center&#8221;][\/vc_column][\/vc_row]<\/p>\n<\/div>","protected":false},"excerpt":{"rendered":"[vc_row el_id=&#8221;row-overlay&#8221;][vc_column width=&#8221;1\/2&#8243;][vc_custom_heading text=&#8221;DIE REGION&#8221; use_theme_fonts=&#8221;yes&#8221;][vc_column_text]In der gro\u00dfen Sammlung der atemberaubenden Sch\u00f6nheiten Italiens sticht eine Perle besonders hervor: Venedig. Wir befinden uns in der Region Venetien, dem Land der Fl\u00fcsse, der Kunstst\u00e4dte, gr\u00fcnen Ebenen, sonnigen H\u00fcgeln und ber\u00fchmten Weine. Genau hier, inmitten der &#8220;Marca Trevigiana&#8221;, wie die Gegend um Treviso auch genannt wird, liegt das [&hellip;]","protected":false},"author":2,"featured_media":3964,"parent":0,"menu_order":0,"comment_status":"closed","ping_status":"closed","template":"","meta":{"_acf_changed":false,"footnotes":""},"class_list":["post-107","page","type-page","status-publish","hentry"],"acf":[],"yoast_head":"<!-- This site is optimized with the Yoast SEO plugin v25.3.1 - https:\/\/yoast.com\/wordpress\/plugins\/seo\/ -->\n<title>Die Region | Santom\u00e8 - Vini, meeting e resortDie Region | Santom\u00e8 - Wines, meetings and resortDie Region | Santom\u00e8 - Weine, meetings und resort<\/title>\n<meta name=\"description\" content=\"Das Weingut Santom\u00e8 ist stolz darauf, die Weine der \u201eMarca Trevigiana\u201c als Ausdruck h\u00f6chster Qualit\u00e4t und Liebe zu seiner Region zu vertreten.\" \/>\n<meta name=\"robots\" content=\"index, follow, max-snippet:-1, max-image-preview:large, max-video-preview:-1\" \/>\n<link rel=\"canonical\" href=\"https:\/\/www.tenutasantome.com\/de\/territorio\/\" \/>\n<meta property=\"og:locale\" content=\"de_DE\" \/>\n<meta property=\"og:type\" content=\"article\" \/>\n<meta property=\"og:title\" content=\"Die Region | Santom\u00e8 - Vini, meeting e resortDie Region | Santom\u00e8 - Wines, meetings and resortDie Region | Santom\u00e8 - Weine, meetings und resort\" \/>\n<meta property=\"og:description\" content=\"Das Weingut Santom\u00e8 ist stolz darauf, die Weine der \u201eMarca Trevigiana\u201c als Ausdruck h\u00f6chster Qualit\u00e4t und Liebe zu seiner Region zu vertreten.\" \/>\n<meta property=\"og:url\" content=\"https:\/\/www.tenutasantome.com\/de\/territorio\/\" \/>\n<meta property=\"og:site_name\" content=\"Santom\u00e8\" \/>\n<meta property=\"article:modified_time\" content=\"2021-02-19T11:06:53+00:00\" \/>\n<meta property=\"og:image\" content=\"https:\/\/www.tenutasantome.com\/wp-content\/uploads\/2021\/02\/Santom\u00e8-3-scaled.jpg\" \/>\n\t<meta property=\"og:image:width\" content=\"2560\" \/>\n\t<meta property=\"og:image:height\" content=\"1919\" \/>\n\t<meta property=\"og:image:type\" content=\"image\/jpeg\" \/>\n<meta name=\"twitter:card\" content=\"summary_large_image\" \/>\n<meta name=\"twitter:label1\" content=\"Gesch\u00e4tzte Lesezeit\" \/>\n\t<meta name=\"twitter:data1\" content=\"5\u00a0Minuten\" \/>\n<script type=\"application\/ld+json\" class=\"yoast-schema-graph\">{\"@context\":\"https:\/\/schema.org\",\"@graph\":[{\"@type\":\"WebPage\",\"@id\":\"https:\/\/www.tenutasantome.com\/de\/territorio\/\",\"url\":\"https:\/\/www.tenutasantome.com\/de\/territorio\/\",\"name\":\"Die Region | Santom\u00e8 - Vini, meeting e resortDie Region | Santom\u00e8 - Wines, meetings and resortDie Region | Santom\u00e8 - Weine, meetings und resort\",\"isPartOf\":{\"@id\":\"https:\/\/www.tenutasantome.com\/de\/#website\"},\"primaryImageOfPage\":{\"@id\":\"https:\/\/www.tenutasantome.com\/de\/territorio\/#primaryimage\"},\"image\":{\"@id\":\"https:\/\/www.tenutasantome.com\/territorio\/#primaryimage\"},\"thumbnailUrl\":\"https:\/\/www.tenutasantome.com\/wp-content\/uploads\/2021\/02\/Santom\u00e8-3-scaled.jpg\",\"datePublished\":\"2018-06-28T13:51:02+00:00\",\"dateModified\":\"2021-02-19T11:06:53+00:00\",\"description\":\"Das Weingut Santom\u00e8 ist stolz darauf, die Weine der \u201eMarca Trevigiana\u201c als Ausdruck h\u00f6chster Qualit\u00e4t und Liebe zu seiner Region zu vertreten.\",\"breadcrumb\":{\"@id\":\"https:\/\/www.tenutasantome.com\/de\/territorio\/#breadcrumb\"},\"inLanguage\":\"de\",\"potentialAction\":[{\"@type\":\"ReadAction\",\"target\":[[\"https:\/\/www.tenutasantome.com\/de\/territorio\/\"]]}]},{\"@type\":\"ImageObject\",\"inLanguage\":\"de\",\"@id\":\"https:\/\/www.tenutasantome.com\/de\/territorio\/#primaryimage\",\"url\":\"https:\/\/www.tenutasantome.com\/wp-content\/uploads\/2021\/02\/Santom\u00e8-3-scaled.jpg\",\"contentUrl\":\"https:\/\/www.tenutasantome.com\/wp-content\/uploads\/2021\/02\/Santom\u00e8-3-scaled.jpg\",\"width\":2560,\"height\":1919,\"caption\":\"created by dji camera\"},{\"@type\":\"BreadcrumbList\",\"@id\":\"https:\/\/www.tenutasantome.com\/de\/territorio\/#breadcrumb\",\"itemListElement\":[{\"@type\":\"ListItem\",\"position\":1,\"name\":\"Home\",\"item\":\"https:\/\/www.tenutasantome.com\/de\/\"},{\"@type\":\"ListItem\",\"position\":2,\"name\":\"Territorio\"}]},{\"@type\":\"WebSite\",\"@id\":\"https:\/\/www.tenutasantome.com\/de\/#website\",\"url\":\"https:\/\/www.tenutasantome.com\/de\/\",\"name\":\"Santom\u00e8\",\"description\":\"Weine, meetings und resort\",\"potentialAction\":[{\"@type\":\"SearchAction\",\"target\":{\"@type\":\"EntryPoint\",\"urlTemplate\":\"https:\/\/www.tenutasantome.com\/de\/?s={search_term_string}\"},\"query-input\":{\"@type\":\"PropertyValueSpecification\",\"valueRequired\":true,\"valueName\":\"search_term_string\"}}],\"inLanguage\":\"de\"}]}<\/script>\n<!-- \/ Yoast SEO plugin. -->","yoast_head_json":{"title":"Die Region | Santom\u00e8 - Vini, meeting e resortDie Region | Santom\u00e8 - Wines, meetings and resortDie Region | Santom\u00e8 - Weine, meetings und resort","description":"Das Weingut Santom\u00e8 ist stolz darauf, die Weine der \u201eMarca Trevigiana\u201c als Ausdruck h\u00f6chster Qualit\u00e4t und Liebe zu seiner Region zu vertreten.","robots":{"index":"index","follow":"follow","max-snippet":"max-snippet:-1","max-image-preview":"max-image-preview:large","max-video-preview":"max-video-preview:-1"},"canonical":"https:\/\/www.tenutasantome.com\/de\/territorio\/","og_locale":"de_DE","og_type":"article","og_title":"Die Region | Santom\u00e8 - Vini, meeting e resortDie Region | Santom\u00e8 - Wines, meetings and resortDie Region | Santom\u00e8 - Weine, meetings und resort","og_description":"Das Weingut Santom\u00e8 ist stolz darauf, die Weine der \u201eMarca Trevigiana\u201c als Ausdruck h\u00f6chster Qualit\u00e4t und Liebe zu seiner Region zu vertreten.","og_url":"https:\/\/www.tenutasantome.com\/de\/territorio\/","og_site_name":"Santom\u00e8","article_modified_time":"2021-02-19T11:06:53+00:00","og_image":[{"width":2560,"height":1919,"url":"https:\/\/www.tenutasantome.com\/wp-content\/uploads\/2021\/02\/Santom\u00e8-3-scaled.jpg","type":"image\/jpeg"}],"twitter_card":"summary_large_image","twitter_misc":{"Gesch\u00e4tzte Lesezeit":"5\u00a0Minuten"},"schema":{"@context":"https:\/\/schema.org","@graph":[{"@type":"WebPage","@id":"https:\/\/www.tenutasantome.com\/de\/territorio\/","url":"https:\/\/www.tenutasantome.com\/de\/territorio\/","name":"Die Region | Santom\u00e8 - Vini, meeting e resortDie Region | Santom\u00e8 - Wines, meetings and resortDie Region | Santom\u00e8 - Weine, meetings und resort","isPartOf":{"@id":"https:\/\/www.tenutasantome.com\/de\/#website"},"primaryImageOfPage":{"@id":"https:\/\/www.tenutasantome.com\/de\/territorio\/#primaryimage"},"image":{"@id":"https:\/\/www.tenutasantome.com\/territorio\/#primaryimage"},"thumbnailUrl":"https:\/\/www.tenutasantome.com\/wp-content\/uploads\/2021\/02\/Santom\u00e8-3-scaled.jpg","datePublished":"2018-06-28T13:51:02+00:00","dateModified":"2021-02-19T11:06:53+00:00","description":"Das Weingut Santom\u00e8 ist stolz darauf, die Weine der \u201eMarca Trevigiana\u201c als Ausdruck h\u00f6chster Qualit\u00e4t und Liebe zu seiner Region zu vertreten.","breadcrumb":{"@id":"https:\/\/www.tenutasantome.com\/de\/territorio\/#breadcrumb"},"inLanguage":"de","potentialAction":[{"@type":"ReadAction","target":[["https:\/\/www.tenutasantome.com\/de\/territorio\/"]]}]},{"@type":"ImageObject","inLanguage":"de","@id":"https:\/\/www.tenutasantome.com\/de\/territorio\/#primaryimage","url":"https:\/\/www.tenutasantome.com\/wp-content\/uploads\/2021\/02\/Santom\u00e8-3-scaled.jpg","contentUrl":"https:\/\/www.tenutasantome.com\/wp-content\/uploads\/2021\/02\/Santom\u00e8-3-scaled.jpg","width":2560,"height":1919,"caption":"created by dji camera"},{"@type":"BreadcrumbList","@id":"https:\/\/www.tenutasantome.com\/de\/territorio\/#breadcrumb","itemListElement":[{"@type":"ListItem","position":1,"name":"Home","item":"https:\/\/www.tenutasantome.com\/de\/"},{"@type":"ListItem","position":2,"name":"Territorio"}]},{"@type":"WebSite","@id":"https:\/\/www.tenutasantome.com\/de\/#website","url":"https:\/\/www.tenutasantome.com\/de\/","name":"Santom\u00e8","description":"Weine, meetings und resort","potentialAction":[{"@type":"SearchAction","target":{"@type":"EntryPoint","urlTemplate":"https:\/\/www.tenutasantome.com\/de\/?s={search_term_string}"},"query-input":{"@type":"PropertyValueSpecification","valueRequired":true,"valueName":"search_term_string"}}],"inLanguage":"de"}]}},"_links":{"self":[{"href":"https:\/\/www.tenutasantome.com\/de\/wp-json\/wp\/v2\/pages\/107","targetHints":{"allow":["GET"]}}],"collection":[{"href":"https:\/\/www.tenutasantome.com\/de\/wp-json\/wp\/v2\/pages"}],"about":[{"href":"https:\/\/www.tenutasantome.com\/de\/wp-json\/wp\/v2\/types\/page"}],"author":[{"embeddable":true,"href":"https:\/\/www.tenutasantome.com\/de\/wp-json\/wp\/v2\/users\/2"}],"replies":[{"embeddable":true,"href":"https:\/\/www.tenutasantome.com\/de\/wp-json\/wp\/v2\/comments?post=107"}],"version-history":[{"count":0,"href":"https:\/\/www.tenutasantome.com\/de\/wp-json\/wp\/v2\/pages\/107\/revisions"}],"wp:featuredmedia":[{"embeddable":true,"href":"https:\/\/www.tenutasantome.com\/de\/wp-json\/wp\/v2\/media\/3964"}],"wp:attachment":[{"href":"https:\/\/www.tenutasantome.com\/de\/wp-json\/wp\/v2\/media?parent=107"}],"curies":[{"name":"wp","href":"https:\/\/api.w.org\/{rel}","templated":true}]}}